{"id":43664,"date":"2024-11-13T11:25:33","date_gmt":"2024-11-13T10:25:33","guid":{"rendered":"https:\/\/fairway2hotel.at\/golfclubs\/ungarn\/gc-hencse-national-golf-country-club-copy\/"},"modified":"2024-11-17T11:17:55","modified_gmt":"2024-11-17T10:17:55","slug":"gc-balaton-golf-club","status":"publish","type":"page","link":"https:\/\/fairway2hotel.at\/en\/golfclubs\/ungarn\/gc-balaton-golf-club\/","title":{"rendered":"GC Balaton Golf Club"},"content":{"rendered":"<h2>Balaton Golf erwartet Sie<\/h2>\n<p>Der erste 18-Loch-Golfplatz am Balaton, mit mediterranem Flair, das f\u00fcr internationale Wettk\u00e4mpfe geeignet ist, erwartet Golfbegeisterte in einer wundersch\u00f6nen Umgebung.<\/p>\n<p>Dieser wundersch\u00f6ne und hochwertige Championship-Kurs liegt in einer einzigartigen Naturlandschaft neben der Halbinsel Tihany, zwischen Balatonudvari und \u00d6rv\u00e9nyes, und bietet einen herrlichen Panoramablick auf den gr\u00f6\u00dften See Mitteleuropas, den Balaton. Die Landschaft zeichnet sich durch 4 \u00fcppige Fairways mit abwechslungsreichen Greens, Teichen und Weinbergen mit majest\u00e4tischen Kiefern aus. Der Platz grenzt an den Nationalpark Balaton-Oberland und umfasst die alte \u00d6rv\u00e9nyes-Mine, die als Naturschutzgebiet dient und von Golfbegeisterten bespielt werden kann. Wir hei\u00dfen nicht nur Golfer herzlich willkommen, sondern auch Anf\u00e4nger, Fortgeschrittene und all jene, die das echte Clubleben erleben m\u00f6chten.<\/p>\n<h2>Balaton Golf awaits for you<\/h2>\n<p>The first 18-hole golf course on Lake Balaton, with a Mediterranean atmosphere suitable for international competitions, awaits golf lovers in a wonderful environment.<\/p>\n<p>This beautiful and high-quality championship-course lies in a unique natural environment next to the peninsula Tihany, between Balatonudvari and \u00d6rv\u00e9nyes, offering a splendid panorama over the largest Central European lake, Lake Balaton. The landscape features 4 lush fairways with versatile green, ponds, and vine-lands with majestic pines. The course is adjacent to Balaton-Uplands National Park and includes old \u00d6rv\u00e9nyes mine that serves as a nature preserve, which can be played around by golf lovers. We warmly welcome not only those interested in golf, but also beginners and advanced players all those who would like to experience a real club life.<\/p>\n","protected":false},"excerpt":{"rendered":"<p>Balaton Golf erwartet Sie Der erste 18-Loch-Golfplatz am Balaton, mit mediterranem Flair, das f\u00fcr internationale Wettk\u00e4mpfe geeignet ist, erwartet Golfbegeisterte in einer wundersch\u00f6nen Umgebung. Dieser wundersch\u00f6ne und hochwertige Championship-Kurs liegt in einer einzigartigen Naturlandschaft neben der Halbinsel Tihany, zwischen Balatonudvari und \u00d6rv\u00e9nyes, und bietet einen herrlichen Panoramablick auf den gr\u00f6\u00dften See Mitteleuropas, den Balaton. Die [&hellip;]<\/p>\n","protected":false},"author":24,"featured_media":0,"parent":1725,"menu_order":15,"comment_status":"closed","ping_status":"closed","template":"page-partner.php","meta":{"_acf_changed":false,"footnotes":""},"class_list":["post-43664","page","type-page","status-publish","hentry"],"acf":{"partner_infobox":"<strong>Adresse:\u00a0<\/strong>Mariav\u00f6lgy ZRT, 8087 Alcsutdoboz, Mariav\u00f6lgy\r\n\r\n<strong>Tel:\u00a0<\/strong>+36 22 594 200\r\n\r\n<strong>Fax:\u00a0<\/strong>+36 70 978 5687\r\n\r\n<strong>Web: <\/strong><a href=\"http:\/\/www.golfpannonia.hu\" target=\"_blank\" rel=\"nofollow noopener\">www.golfpannonia.hu<\/a>\r\n\r\n<strong>E-Mail:<\/strong> <a href=\"mailto:info@golfpannonia.hu\">info@golfpannonia.hu<\/a>\r\n\r\n<strong>Spielbahnen\/Par: <\/strong>18 - 72\/73\r\n\r\n<strong>La\u0308nge: <\/strong>gelb: 5.969m \/\u00a0rot: 5.406m\r\n\r\n<em><strong>Bedingungen: <\/strong>Mo-So 18-Loch-Greenfee<\/em>\r\n\r\n<strong>Anfahrt:\r\n<\/strong>Autobahn M1 Wien-Budapest bis Ausfahrt Bicske (bei km 39). Nach der Ausfahrt rechts\u00a0\u2192 Tatab\u00e1nya\u00a0\u2192 ca. 3 km links\u00a0\u2192 Sz\u00e9kesfeh\u00e9rv\u00e1r und Felcs\u00fat abbiegen. Durch Felcs\u00fat\u00a0\u2192 Alcs\u00fatdoboz. In Alcs\u00fatdoboz links \u2192 Etyek abbiegen\u00a0\u2192 Platanenallee, f\u00fchrt direkt zum Clubhaus.","partner_logo":43684,"partner_gallery":[43669,43671,43673,43675,43677,43679,43681],"partner_lat":46.91069918601204,"partner_long":17.802642552865702,"partner_type":"golfclub","partner_openings":["1","2","3","4","5","6","7"],"montag_von_bis":"00:00 - 24:00","dienstag_von_bis":"00:00 - 24:00","mittwoch_von_bis":"00:00 - 24:00","donnerstag_von_bis":"00:00 - 24:00","freitag_von_bis":"00:00 - 24:00","samstag_von_bis":"00:00 - 24:00","sonntag_von_bis":"00:00 - 24:00","partner_adresse":"V\u00e1szolyi \u00fat, H-8242 Balatonudvari","partner_land_bundesland":"Ungarn","partner_tel_1":"+36 70 504 2692","partner_tel_2":"","partner_web":"https:\/\/www.balatongolf.hu\/home","partner_mail":"recepcio@balatongolf.hu","partner_spielbahnen_par":"18\/72","partner_laenge":"gelb: 5.969m \/\u00a0rot: 5.406m","partner_bedingungen":"","partner_anfahrt":"Autobahn M1 Wien-Budapest bis Ausfahrt Bicske (bei km 39). Nach der Ausfahrt rechts\u00a0\u2192 Tatab\u00e1nya\u00a0\u2192 ca. 3 km links\u00a0\u2192 Sz\u00e9kesfeh\u00e9rv\u00e1r und Felcs\u00fat abbiegen. Durch Felcs\u00fat\u00a0\u2192 Alcs\u00fatdoboz. In Alcs\u00fatdoboz links \u2192 Etyek abbiegen\u00a0\u2192 Platanenallee, f\u00fchrt direkt zum Clubhaus.","partner_misc":null,"additional_css_classes":""},"yoast_head":"<!-- This site is optimized with the Yoast SEO plugin v26.8 - https:\/\/yoast.com\/product\/yoast-seo-wordpress\/ -->\n<title>GC Balaton Golf Club - Fairway 2 Hotel<\/title>\n<meta name=\"robots\" content=\"index, follow, max-snippet:-1, max-image-preview:large, max-video-preview:-1\" \/>\n<link rel=\"canonical\" href=\"https:\/\/fairway2hotel.at\/en\/golfclubs\/ungarn\/gc-balaton-golf-club\/\" \/>\n<meta property=\"og:locale\" content=\"en_US\" \/>\n<meta property=\"og:type\" content=\"article\" \/>\n<meta property=\"og:title\" content=\"GC Balaton Golf Club - Fairway 2 Hotel\" \/>\n<meta property=\"og:description\" content=\"Balaton Golf erwartet Sie Der erste 18-Loch-Golfplatz am Balaton, mit mediterranem Flair, das f\u00fcr internationale Wettk\u00e4mpfe geeignet ist, erwartet Golfbegeisterte in einer wundersch\u00f6nen Umgebung. Dieser wundersch\u00f6ne und hochwertige Championship-Kurs liegt in einer einzigartigen Naturlandschaft neben der Halbinsel Tihany, zwischen Balatonudvari und \u00d6rv\u00e9nyes, und bietet einen herrlichen Panoramablick auf den gr\u00f6\u00dften See Mitteleuropas, den Balaton. Die [&hellip;]\" \/>\n<meta property=\"og:url\" content=\"https:\/\/fairway2hotel.at\/en\/golfclubs\/ungarn\/gc-balaton-golf-club\/\" \/>\n<meta property=\"og:site_name\" content=\"Fairway 2 Hotel\" \/>\n<meta property=\"article:modified_time\" content=\"2024-11-17T10:17:55+00:00\" \/>\n<meta name=\"twitter:card\" content=\"summary_large_image\" \/>\n<meta name=\"twitter:label1\" content=\"Est. reading time\" \/>\n\t<meta name=\"twitter:data1\" content=\"2 minutes\" \/>\n<script type=\"application\/ld+json\" class=\"yoast-schema-graph\">{\"@context\":\"https:\/\/schema.org\",\"@graph\":[{\"@type\":\"WebPage\",\"@id\":\"https:\/\/fairway2hotel.at\/en\/golfclubs\/ungarn\/gc-balaton-golf-club\/\",\"url\":\"https:\/\/fairway2hotel.at\/en\/golfclubs\/ungarn\/gc-balaton-golf-club\/\",\"name\":\"GC Balaton Golf Club - Fairway 2 Hotel\",\"isPartOf\":{\"@id\":\"https:\/\/fairway2hotel.at\/en\/#website\"},\"datePublished\":\"2024-11-13T10:25:33+00:00\",\"dateModified\":\"2024-11-17T10:17:55+00:00\",\"breadcrumb\":{\"@id\":\"https:\/\/fairway2hotel.at\/en\/golfclubs\/ungarn\/gc-balaton-golf-club\/#breadcrumb\"},\"inLanguage\":\"en-US\",\"potentialAction\":[{\"@type\":\"ReadAction\",\"target\":[\"https:\/\/fairway2hotel.at\/en\/golfclubs\/ungarn\/gc-balaton-golf-club\/\"]}]},{\"@type\":\"BreadcrumbList\",\"@id\":\"https:\/\/fairway2hotel.at\/en\/golfclubs\/ungarn\/gc-balaton-golf-club\/#breadcrumb\",\"itemListElement\":[{\"@type\":\"ListItem\",\"position\":1,\"name\":\"Home\",\"item\":\"https:\/\/fairway2hotel.at\/en\/\"},{\"@type\":\"ListItem\",\"position\":2,\"name\":\"Golfclubs\",\"item\":\"https:\/\/fairway2hotel.at\/en\/golfclubs\/\"},{\"@type\":\"ListItem\",\"position\":3,\"name\":\"Golfclubs Ungarn\",\"item\":\"https:\/\/fairway2hotel.at\/en\/golfclubs\/ungarn\/\"},{\"@type\":\"ListItem\",\"position\":4,\"name\":\"GC Balaton Golf Club\"}]},{\"@type\":\"WebSite\",\"@id\":\"https:\/\/fairway2hotel.at\/en\/#website\",\"url\":\"https:\/\/fairway2hotel.at\/en\/\",\"name\":\"Fairway 2 Hotel\",\"description\":\"Golf at half price! 2 play - 1 pays\",\"potentialAction\":[{\"@type\":\"SearchAction\",\"target\":{\"@type\":\"EntryPoint\",\"urlTemplate\":\"https:\/\/fairway2hotel.at\/en\/?s={search_term_string}\"},\"query-input\":{\"@type\":\"PropertyValueSpecification\",\"valueRequired\":true,\"valueName\":\"search_term_string\"}}],\"inLanguage\":\"en-US\"}]}<\/script>\n<!-- \/ Yoast SEO plugin. -->","yoast_head_json":{"title":"GC Balaton Golf Club - Fairway 2 Hotel","robots":{"index":"index","follow":"follow","max-snippet":"max-snippet:-1","max-image-preview":"max-image-preview:large","max-video-preview":"max-video-preview:-1"},"canonical":"https:\/\/fairway2hotel.at\/en\/golfclubs\/ungarn\/gc-balaton-golf-club\/","og_locale":"en_US","og_type":"article","og_title":"GC Balaton Golf Club - Fairway 2 Hotel","og_description":"Balaton Golf erwartet Sie Der erste 18-Loch-Golfplatz am Balaton, mit mediterranem Flair, das f\u00fcr internationale Wettk\u00e4mpfe geeignet ist, erwartet Golfbegeisterte in einer wundersch\u00f6nen Umgebung. Dieser wundersch\u00f6ne und hochwertige Championship-Kurs liegt in einer einzigartigen Naturlandschaft neben der Halbinsel Tihany, zwischen Balatonudvari und \u00d6rv\u00e9nyes, und bietet einen herrlichen Panoramablick auf den gr\u00f6\u00dften See Mitteleuropas, den Balaton. Die [&hellip;]","og_url":"https:\/\/fairway2hotel.at\/en\/golfclubs\/ungarn\/gc-balaton-golf-club\/","og_site_name":"Fairway 2 Hotel","article_modified_time":"2024-11-17T10:17:55+00:00","twitter_card":"summary_large_image","twitter_misc":{"Est. reading time":"2 minutes"},"schema":{"@context":"https:\/\/schema.org","@graph":[{"@type":"WebPage","@id":"https:\/\/fairway2hotel.at\/en\/golfclubs\/ungarn\/gc-balaton-golf-club\/","url":"https:\/\/fairway2hotel.at\/en\/golfclubs\/ungarn\/gc-balaton-golf-club\/","name":"GC Balaton Golf Club - Fairway 2 Hotel","isPartOf":{"@id":"https:\/\/fairway2hotel.at\/en\/#website"},"datePublished":"2024-11-13T10:25:33+00:00","dateModified":"2024-11-17T10:17:55+00:00","breadcrumb":{"@id":"https:\/\/fairway2hotel.at\/en\/golfclubs\/ungarn\/gc-balaton-golf-club\/#breadcrumb"},"inLanguage":"en-US","potentialAction":[{"@type":"ReadAction","target":["https:\/\/fairway2hotel.at\/en\/golfclubs\/ungarn\/gc-balaton-golf-club\/"]}]},{"@type":"BreadcrumbList","@id":"https:\/\/fairway2hotel.at\/en\/golfclubs\/ungarn\/gc-balaton-golf-club\/#breadcrumb","itemListElement":[{"@type":"ListItem","position":1,"name":"Home","item":"https:\/\/fairway2hotel.at\/en\/"},{"@type":"ListItem","position":2,"name":"Golfclubs","item":"https:\/\/fairway2hotel.at\/en\/golfclubs\/"},{"@type":"ListItem","position":3,"name":"Golfclubs Ungarn","item":"https:\/\/fairway2hotel.at\/en\/golfclubs\/ungarn\/"},{"@type":"ListItem","position":4,"name":"GC Balaton Golf Club"}]},{"@type":"WebSite","@id":"https:\/\/fairway2hotel.at\/en\/#website","url":"https:\/\/fairway2hotel.at\/en\/","name":"Fairway 2 Hotel","description":"Golf at half price! 2 play - 1 pays","potentialAction":[{"@type":"SearchAction","target":{"@type":"EntryPoint","urlTemplate":"https:\/\/fairway2hotel.at\/en\/?s={search_term_string}"},"query-input":{"@type":"PropertyValueSpecification","valueRequired":true,"valueName":"search_term_string"}}],"inLanguage":"en-US"}]}},"_links":{"self":[{"href":"https:\/\/fairway2hotel.at\/en\/wp-json\/wp\/v2\/pages\/43664","targetHints":{"allow":["GET"]}}],"collection":[{"href":"https:\/\/fairway2hotel.at\/en\/wp-json\/wp\/v2\/pages"}],"about":[{"href":"https:\/\/fairway2hotel.at\/en\/wp-json\/wp\/v2\/types\/page"}],"author":[{"embeddable":true,"href":"https:\/\/fairway2hotel.at\/en\/wp-json\/wp\/v2\/users\/24"}],"replies":[{"embeddable":true,"href":"https:\/\/fairway2hotel.at\/en\/wp-json\/wp\/v2\/comments?post=43664"}],"version-history":[{"count":4,"href":"https:\/\/fairway2hotel.at\/en\/wp-json\/wp\/v2\/pages\/43664\/revisions"}],"predecessor-version":[{"id":43733,"href":"https:\/\/fairway2hotel.at\/en\/wp-json\/wp\/v2\/pages\/43664\/revisions\/43733"}],"up":[{"embeddable":true,"href":"https:\/\/fairway2hotel.at\/en\/wp-json\/wp\/v2\/pages\/1725"}],"acf:attachment":[{"embeddable":true,"href":"https:\/\/fairway2hotel.at\/en\/wp-json\/wp\/v2\/media\/43681"},{"embeddable":true,"href":"https:\/\/fairway2hotel.at\/en\/wp-json\/wp\/v2\/media\/43679"},{"embeddable":true,"href":"https:\/\/fairway2hotel.at\/en\/wp-json\/wp\/v2\/media\/43677"},{"embeddable":true,"href":"https:\/\/fairway2hotel.at\/en\/wp-json\/wp\/v2\/media\/43675"},{"embeddable":true,"href":"https:\/\/fairway2hotel.at\/en\/wp-json\/wp\/v2\/media\/43673"},{"embeddable":true,"href":"https:\/\/fairway2hotel.at\/en\/wp-json\/wp\/v2\/media\/43671"},{"embeddable":true,"href":"https:\/\/fairway2hotel.at\/en\/wp-json\/wp\/v2\/media\/43669"}],"wp:attachment":[{"href":"https:\/\/fairway2hotel.at\/en\/wp-json\/wp\/v2\/media?parent=43664"}],"curies":[{"name":"wp","href":"https:\/\/api.w.org\/{rel}","templated":true}]}}