{"id":43694,"date":"2024-11-13T17:17:54","date_gmt":"2024-11-13T16:17:54","guid":{"rendered":"https:\/\/fairway2hotel.at\/golfclubs\/italien\/golf-club-padova-copy\/"},"modified":"2024-11-13T17:37:40","modified_gmt":"2024-11-13T16:37:40","slug":"gc-san-valentino","status":"publish","type":"page","link":"https:\/\/fairway2hotel.at\/en\/golfclubs\/italien\/gc-san-valentino\/","title":{"rendered":"GC San Valentino"},"content":{"rendered":"<h2>Willkommen im Paradies<\/h2>\n<p>Nur 20 km von der Via Emilia und nicht mehr als zwanzig Autominuten von Modena und Reggio Emilia entfernt, ist der San Valentino Golf Club viel mehr als nur ein gut ausgestatteter, moderner Golfplatz. Dies wird durch die vom Verein angebotenen Dienstleistungen und Einrichtungen best\u00e4tigt: Umgeben von \u00fcber 130 Hektar Wald und gr\u00fcnen Wiesen mit 4 attraktiven Seen stehen Spielern und Besuchern au\u00dferdem ein Hotel, ein Restaurant, ein Schwimmbad, ein Fitnessstudio und Naturpfade zur Verf\u00fcgung Einrichtungen zur Vogelbeobachtung, Freizeitfischerei und \u00dcberlebenskursen. Im Golfsport hat San Valentino einen entscheidenden Qualit\u00e4tssprung gemacht (&#8230;) Der San Valentino Golf Club ist eine au\u00dfergew\u00f6hnlich sch\u00f6ne Oase f\u00fcr Freizeitaktivit\u00e4ten, die den Charme seiner geografischen Lage mit einem reichhaltigen gesellschaftlichen Kalender voller kultureller Veranstaltungen verbindet , Sport, Musik und Unterhaltung.<\/p>\n<p>Vor der bezaubernden Kulisse des San Valentino-Sees verf\u00fcgt das Golf Hotel \u00fcber 12 Zimmer (10 Doppelzimmer und 2 Suiten), die alle elegant eingerichtet und mit allem modernen Komfort ausgestattet sind: Direktwahltelefon, Farbfernseher, Minibar, private Terrasse, Safe. Box, Badezimmer mit Dusche und privater Parkplatz.<\/p>\n<p>Das Fr\u00fchst\u00fcck kann auf dem Zimmer serviert werden. G\u00e4ste haben au\u00dferdem Zugang zu den Freizeiteinrichtungen, darunter Fitnessstudio, Sauna, Schwimmbad, Restaurant, Konferenzsaal, Billardraum, Lese- und Fernsehraum sowie kostenloses WLAN.<\/p>\n<p>Zus\u00e4tzlich zu Sonderrabatten auf die Golfdienstleistungen des Clubs \u2013 dank einer Vereinbarung mit dem Restaurant \u201eIL GOLFINO\u201c, das von demselben Unternehmen betrieben wird \u2013 k\u00f6nnen die G\u00e4ste des Hotels Mittag- und Abendessen \u00e0 la carte genie\u00dfen oder spezielle Halb- oder Vollpension buchen.<\/p>\n<p>&nbsp;<\/p>\n<h2><strong>Welcome to paradise<\/strong><\/h2>\n<p>&nbsp;<\/p>\n<p>Just 20 km from the Via Emilia, and no more than twenty minutes by car from Modena and Reggio Emilia, the San Valentino Golf Club is much more than just a well-equipped, modern golf course. This is confirmed by the services and facilities offered by the club: surrounded by over 130 hectares of woodland and green meadows, with 4 attractive lakes, players and visitors also have at their disposal a hotel, restaurant, swimming pool, gym and nature trails with facilities for bird watching, recreational fishing and survival courses. In golfing terms, San Valentino has made a definitive leap of quality (&#8230;) the San Valentino Golf Club is an extraordinarily beautiful oasis dedicated to leisure activities, blending the charm of its geographical location with a rich social calendar, packed with cultural events, sports, music and entertainment.<\/p>\n<p>Set against the enchanting scenario of the San Valentino Lake, the Golf Hotel has 12 rooms (10 doubles and 2 suites), all elegantly furnished and equipped with every modern comfort: direct landline, colour TV, minibar, private terrace, safe-deposit-box, bathroom with shower and private parking.<\/p>\n<p>Breakfast may be served in the room. Guests also have access to the leisure facilities, including the gym, sauna, swimming pool, restaurant, conference hall, pool room, reading and TV room, and free WI-FI.<\/p>\n<p>In addition to special discounts on the Club\u2019s golf services &#8211; <em>thanks to an agreement with the \u201cIL GOLFINO\u201d Restaurant, run by the same company<\/em>&#8211; guests of the Hotel may take lunch and dinner \u00e0 la carte or request special half-board or full-board packages.<\/p>\n","protected":false},"excerpt":{"rendered":"<p>Willkommen im Paradies Nur 20 km von der Via Emilia und nicht mehr als zwanzig Autominuten von Modena und Reggio Emilia entfernt, ist der San Valentino Golf Club viel mehr als nur ein gut ausgestatteter, moderner Golfplatz. Dies wird durch die vom Verein angebotenen Dienstleistungen und Einrichtungen best\u00e4tigt: Umgeben von \u00fcber 130 Hektar Wald und [&hellip;]<\/p>\n","protected":false},"author":24,"featured_media":0,"parent":1657,"menu_order":101,"comment_status":"closed","ping_status":"closed","template":"page-partner.php","meta":{"_acf_changed":false,"footnotes":""},"class_list":["post-43694","page","type-page","status-publish","hentry"],"acf":{"partner_infobox":"<strong>Adresse:<\/strong> Via Noiera 57 \u2013 35030 Galzignano Terme (PD)\r\n\r\n<strong>Tel.:<\/strong> 049 9130078\r\n\r\n<strong>Homepage: <\/strong><a href=\"http:\/\/www.golfclubpadova.it\">www.golfclubpadova.it<\/a>\r\n\r\n<strong>E-Mail:<\/strong> <a href=\"mailto:info@golfpadova.it\">info@golfpadova.it<\/a>\r\n\r\n<strong>Spielbahnen\/Par:<\/strong> 27\/72 + 36\r\n\r\n<strong>L\u00e4nge:<\/strong> gelb: 5.767 m\/rot: 5.079 m\r\n\r\n<strong>Bedingungen:<\/strong> GS gelten von MO bis FR, ausgenommen Feiertage.\r\n\r\n<strong>Anfahrt:<\/strong> zwischen Padua und Galzignano Therme.","partner_logo":43696,"partner_gallery":[43698,43700,43702,43704,43706,43708,43710,43712,43714],"partner_lat":44.53110359514487,"partner_long":10.686204210433502,"partner_type":"golfclub","partner_openings":["1","2","3","4","5","6","7"],"montag_von_bis":"00:00 - 24:00","dienstag_von_bis":"00:00 - 24:00","mittwoch_von_bis":"00:00 - 24:00","donnerstag_von_bis":"00:00 - 24:00","freitag_von_bis":"00:00 - 24:00","samstag_von_bis":"00:00 - 24:00","sonntag_von_bis":"00:00 - 24:00","partner_adresse":"Via Telarolo, 12, 42014 Castellarano ","partner_land_bundesland":"Italien","partner_tel_1":"+39 0536 85 40 33","partner_tel_2":"","partner_web":"https:\/\/www.sanvalentino.it\/en","partner_mail":"info@sanvalentino.it","partner_spielbahnen_par":"27\/72 + 36","partner_laenge":"gelb: 5.767 m\/rot: 5.079 m","partner_bedingungen":"genie\u00dfen Sie unsere Appartements direkt am Golfplatz\r\nenjoy also our appartements located in the resort","partner_anfahrt":"zwischen Padua und Galzignano Therme.","partner_misc":null,"additional_css_classes":""},"yoast_head":"<!-- This site is optimized with the Yoast SEO plugin v26.8 - https:\/\/yoast.com\/product\/yoast-seo-wordpress\/ -->\n<title>GC San Valentino - Fairway 2 Hotel<\/title>\n<meta name=\"robots\" content=\"index, follow, max-snippet:-1, max-image-preview:large, max-video-preview:-1\" \/>\n<link rel=\"canonical\" href=\"https:\/\/fairway2hotel.at\/en\/golfclubs\/italien\/gc-san-valentino\/\" \/>\n<meta property=\"og:locale\" content=\"en_US\" \/>\n<meta property=\"og:type\" content=\"article\" \/>\n<meta property=\"og:title\" content=\"GC San Valentino - Fairway 2 Hotel\" \/>\n<meta property=\"og:description\" content=\"Willkommen im Paradies Nur 20 km von der Via Emilia und nicht mehr als zwanzig Autominuten von Modena und Reggio Emilia entfernt, ist der San Valentino Golf Club viel mehr als nur ein gut ausgestatteter, moderner Golfplatz. Dies wird durch die vom Verein angebotenen Dienstleistungen und Einrichtungen best\u00e4tigt: Umgeben von \u00fcber 130 Hektar Wald und [&hellip;]\" \/>\n<meta property=\"og:url\" content=\"https:\/\/fairway2hotel.at\/en\/golfclubs\/italien\/gc-san-valentino\/\" \/>\n<meta property=\"og:site_name\" content=\"Fairway 2 Hotel\" \/>\n<meta property=\"article:modified_time\" content=\"2024-11-13T16:37:40+00:00\" \/>\n<meta name=\"twitter:card\" content=\"summary_large_image\" \/>\n<meta name=\"twitter:label1\" content=\"Est. reading time\" \/>\n\t<meta name=\"twitter:data1\" content=\"3 minutes\" \/>\n<script type=\"application\/ld+json\" class=\"yoast-schema-graph\">{\"@context\":\"https:\/\/schema.org\",\"@graph\":[{\"@type\":\"WebPage\",\"@id\":\"https:\/\/fairway2hotel.at\/en\/golfclubs\/italien\/gc-san-valentino\/\",\"url\":\"https:\/\/fairway2hotel.at\/en\/golfclubs\/italien\/gc-san-valentino\/\",\"name\":\"GC San Valentino - Fairway 2 Hotel\",\"isPartOf\":{\"@id\":\"https:\/\/fairway2hotel.at\/en\/#website\"},\"datePublished\":\"2024-11-13T16:17:54+00:00\",\"dateModified\":\"2024-11-13T16:37:40+00:00\",\"breadcrumb\":{\"@id\":\"https:\/\/fairway2hotel.at\/en\/golfclubs\/italien\/gc-san-valentino\/#breadcrumb\"},\"inLanguage\":\"en-US\",\"potentialAction\":[{\"@type\":\"ReadAction\",\"target\":[\"https:\/\/fairway2hotel.at\/en\/golfclubs\/italien\/gc-san-valentino\/\"]}]},{\"@type\":\"BreadcrumbList\",\"@id\":\"https:\/\/fairway2hotel.at\/en\/golfclubs\/italien\/gc-san-valentino\/#breadcrumb\",\"itemListElement\":[{\"@type\":\"ListItem\",\"position\":1,\"name\":\"Home\",\"item\":\"https:\/\/fairway2hotel.at\/en\/\"},{\"@type\":\"ListItem\",\"position\":2,\"name\":\"Golfclubs\",\"item\":\"https:\/\/fairway2hotel.at\/en\/golfclubs\/\"},{\"@type\":\"ListItem\",\"position\":3,\"name\":\"Golfclubs Italien\",\"item\":\"https:\/\/fairway2hotel.at\/en\/golfclubs\/italien\/\"},{\"@type\":\"ListItem\",\"position\":4,\"name\":\"GC San Valentino\"}]},{\"@type\":\"WebSite\",\"@id\":\"https:\/\/fairway2hotel.at\/en\/#website\",\"url\":\"https:\/\/fairway2hotel.at\/en\/\",\"name\":\"Fairway 2 Hotel\",\"description\":\"Golf at half price! 2 play - 1 pays\",\"potentialAction\":[{\"@type\":\"SearchAction\",\"target\":{\"@type\":\"EntryPoint\",\"urlTemplate\":\"https:\/\/fairway2hotel.at\/en\/?s={search_term_string}\"},\"query-input\":{\"@type\":\"PropertyValueSpecification\",\"valueRequired\":true,\"valueName\":\"search_term_string\"}}],\"inLanguage\":\"en-US\"}]}<\/script>\n<!-- \/ Yoast SEO plugin. -->","yoast_head_json":{"title":"GC San Valentino - Fairway 2 Hotel","robots":{"index":"index","follow":"follow","max-snippet":"max-snippet:-1","max-image-preview":"max-image-preview:large","max-video-preview":"max-video-preview:-1"},"canonical":"https:\/\/fairway2hotel.at\/en\/golfclubs\/italien\/gc-san-valentino\/","og_locale":"en_US","og_type":"article","og_title":"GC San Valentino - Fairway 2 Hotel","og_description":"Willkommen im Paradies Nur 20 km von der Via Emilia und nicht mehr als zwanzig Autominuten von Modena und Reggio Emilia entfernt, ist der San Valentino Golf Club viel mehr als nur ein gut ausgestatteter, moderner Golfplatz. Dies wird durch die vom Verein angebotenen Dienstleistungen und Einrichtungen best\u00e4tigt: Umgeben von \u00fcber 130 Hektar Wald und [&hellip;]","og_url":"https:\/\/fairway2hotel.at\/en\/golfclubs\/italien\/gc-san-valentino\/","og_site_name":"Fairway 2 Hotel","article_modified_time":"2024-11-13T16:37:40+00:00","twitter_card":"summary_large_image","twitter_misc":{"Est. reading time":"3 minutes"},"schema":{"@context":"https:\/\/schema.org","@graph":[{"@type":"WebPage","@id":"https:\/\/fairway2hotel.at\/en\/golfclubs\/italien\/gc-san-valentino\/","url":"https:\/\/fairway2hotel.at\/en\/golfclubs\/italien\/gc-san-valentino\/","name":"GC San Valentino - Fairway 2 Hotel","isPartOf":{"@id":"https:\/\/fairway2hotel.at\/en\/#website"},"datePublished":"2024-11-13T16:17:54+00:00","dateModified":"2024-11-13T16:37:40+00:00","breadcrumb":{"@id":"https:\/\/fairway2hotel.at\/en\/golfclubs\/italien\/gc-san-valentino\/#breadcrumb"},"inLanguage":"en-US","potentialAction":[{"@type":"ReadAction","target":["https:\/\/fairway2hotel.at\/en\/golfclubs\/italien\/gc-san-valentino\/"]}]},{"@type":"BreadcrumbList","@id":"https:\/\/fairway2hotel.at\/en\/golfclubs\/italien\/gc-san-valentino\/#breadcrumb","itemListElement":[{"@type":"ListItem","position":1,"name":"Home","item":"https:\/\/fairway2hotel.at\/en\/"},{"@type":"ListItem","position":2,"name":"Golfclubs","item":"https:\/\/fairway2hotel.at\/en\/golfclubs\/"},{"@type":"ListItem","position":3,"name":"Golfclubs Italien","item":"https:\/\/fairway2hotel.at\/en\/golfclubs\/italien\/"},{"@type":"ListItem","position":4,"name":"GC San Valentino"}]},{"@type":"WebSite","@id":"https:\/\/fairway2hotel.at\/en\/#website","url":"https:\/\/fairway2hotel.at\/en\/","name":"Fairway 2 Hotel","description":"Golf at half price! 2 play - 1 pays","potentialAction":[{"@type":"SearchAction","target":{"@type":"EntryPoint","urlTemplate":"https:\/\/fairway2hotel.at\/en\/?s={search_term_string}"},"query-input":{"@type":"PropertyValueSpecification","valueRequired":true,"valueName":"search_term_string"}}],"inLanguage":"en-US"}]}},"_links":{"self":[{"href":"https:\/\/fairway2hotel.at\/en\/wp-json\/wp\/v2\/pages\/43694","targetHints":{"allow":["GET"]}}],"collection":[{"href":"https:\/\/fairway2hotel.at\/en\/wp-json\/wp\/v2\/pages"}],"about":[{"href":"https:\/\/fairway2hotel.at\/en\/wp-json\/wp\/v2\/types\/page"}],"author":[{"embeddable":true,"href":"https:\/\/fairway2hotel.at\/en\/wp-json\/wp\/v2\/users\/24"}],"replies":[{"embeddable":true,"href":"https:\/\/fairway2hotel.at\/en\/wp-json\/wp\/v2\/comments?post=43694"}],"version-history":[{"count":2,"href":"https:\/\/fairway2hotel.at\/en\/wp-json\/wp\/v2\/pages\/43694\/revisions"}],"predecessor-version":[{"id":43716,"href":"https:\/\/fairway2hotel.at\/en\/wp-json\/wp\/v2\/pages\/43694\/revisions\/43716"}],"up":[{"embeddable":true,"href":"https:\/\/fairway2hotel.at\/en\/wp-json\/wp\/v2\/pages\/1657"}],"acf:attachment":[{"embeddable":true,"href":"https:\/\/fairway2hotel.at\/en\/wp-json\/wp\/v2\/media\/43714"},{"embeddable":true,"href":"https:\/\/fairway2hotel.at\/en\/wp-json\/wp\/v2\/media\/43712"},{"embeddable":true,"href":"https:\/\/fairway2hotel.at\/en\/wp-json\/wp\/v2\/media\/43710"},{"embeddable":true,"href":"https:\/\/fairway2hotel.at\/en\/wp-json\/wp\/v2\/media\/43708"},{"embeddable":true,"href":"https:\/\/fairway2hotel.at\/en\/wp-json\/wp\/v2\/media\/43706"},{"embeddable":true,"href":"https:\/\/fairway2hotel.at\/en\/wp-json\/wp\/v2\/media\/43704"},{"embeddable":true,"href":"https:\/\/fairway2hotel.at\/en\/wp-json\/wp\/v2\/media\/43702"},{"embeddable":true,"href":"https:\/\/fairway2hotel.at\/en\/wp-json\/wp\/v2\/media\/43700"},{"embeddable":true,"href":"https:\/\/fairway2hotel.at\/en\/wp-json\/wp\/v2\/media\/43698"}],"wp:attachment":[{"href":"https:\/\/fairway2hotel.at\/en\/wp-json\/wp\/v2\/media?parent=43694"}],"curies":[{"name":"wp","href":"https:\/\/api.w.org\/{rel}","templated":true}]}}