{"id":44583,"date":"2024-11-28T11:46:17","date_gmt":"2024-11-28T10:46:17","guid":{"rendered":"https:\/\/fairway2hotel.at\/golfclubs\/tschechien\/gc-alfredov-golf-wellness-resort-copy\/"},"modified":"2024-12-07T15:26:51","modified_gmt":"2024-12-07T14:26:51","slug":"gc-black-river-golf-resort","status":"publish","type":"page","link":"https:\/\/fairway2hotel.at\/en\/golfclubs\/slowakei\/gc-black-river-golf-resort\/","title":{"rendered":"GC Black River Golf Resort"},"content":{"rendered":"<h2>Der Black River Champioship Golfplatz erwartet Sie<\/h2>\n<p>Das Black River Golf Resort und der White Eurovalley Golf Park Club sind die n\u00e4chstgelegenen Golfpl\u00e4tze zur slowakischen Hauptstadt Bratislava. Black River Golf Resort, nur 20 Minuten vom Stadtzentrum von Bratislava entfernt. Direkt von der Autobahn D1 oder D4 nach Bernolakovo.\u00a0 Der Black River Championship Course ist ein einzigartiger, anspruchsvoller Golfplatz mit einem Slope-Rating von 155, einer der schwierigsten Golfpl\u00e4tze in Europa! Kommen Sie und versuchen Sie, die Herausforderung anzunehmen. Die ersten 6 L\u00f6cher liegen im historischen Park, vom Garten bis zum historischen barocken Theresia-Schloss aus dem Jahr 1722. L\u00f6cher ab Loch Nr. 7 bis Nr. 18 sind besonders anspruchsvoll. Empfohlen f\u00fcr erfahrene Golfer!<\/p>\n<p>Es besteht die M\u00f6glichkeit, auch nur den Park Course (2&#215;9-Loch) im historischen Park-Flachgebiet zu spielen.<\/p>\n<p>Die Unterbringung ist im historischen Barockschloss Theresia oder in Golf-Apartments im historischen Park am Loch Nr. 4 BR m\u00f6glich. Begrenzte Anzahl an Zimmern, Reservierung im Voraus erforderlich. Bitte wenden Sie sich an die Golfrezeption.<\/p>\n<p>Kontakt: club.bernolakovo@golf.sk<\/p>\n<h2>Black River Champioship Golfcourse awaits for you<\/h2>\n<p>Black River Golf Resort and White Eurovalley Golf Park Club are the closest golf courses to the Slovak capital city of Bratislava. Black River Golf Resort only 20min from Bratislava City center. Directly from highway D1 or D4 to Bernolakovo. \u00a0Black River Championship Course is unique challenging golf course with its Slope rating 155, one of the most difficult golf course in Europe! Come and try to accept the challenge. First 6holes are spread out in historic Park, as garden to historic baroque Theresia Chateau from 1722. Holes from hole no. 7 to no. 18 are extra challenging. Recommended to skilled golfers!<\/p>\n<p>Possibility to play also only Park Course (2x9holes) in the historic Park flat area.<\/p>\n<p>Accommodation is possible in historic baroque Theresia Chateau or at Golf apartments in historic Park at hole no.4 BR. Limited No.of rooms, reservation in advance needed. Please contact the golf reception.<\/p>\n<p>contact: club.bernolakovo@golf.sk<\/p>\n","protected":false},"excerpt":{"rendered":"<p>Der Black River Champioship Golfplatz erwartet Sie Das Black River Golf Resort und der White Eurovalley Golf Park Club sind die n\u00e4chstgelegenen Golfpl\u00e4tze zur slowakischen Hauptstadt Bratislava. Black River Golf Resort, nur 20 Minuten vom Stadtzentrum von Bratislava entfernt. Direkt von der Autobahn D1 oder D4 nach Bernolakovo.\u00a0 Der Black River Championship Course ist ein [&hellip;]<\/p>\n","protected":false},"author":24,"featured_media":0,"parent":1733,"menu_order":5,"comment_status":"closed","ping_status":"closed","template":"page-partner.php","meta":{"_acf_changed":false,"footnotes":""},"class_list":["post-44583","page","type-page","status-publish","hentry"],"acf":{"partner_infobox":"<strong>Adresse:\u00a0<\/strong>Alenina Lhota 7, 391 33 Jistebnice\r\n\r\n<strong>Tel:\r\n<\/strong>420\u00a0775 913\u00a0338\r\n\r\n<strong>Web: <\/strong><a href=\"http:\/\/www.cebr.cz\" target=\"_blank\" rel=\"nofollow noopener noreferrer\">www.cebr.cz<\/a>\r\n\r\n<strong>E-Mail:<\/strong> <a href=\"mailto:cebr@cebr.cz\">info@cebr.cz<\/a>\r\n\r\n<strong>Spielbahnen\/Par: <\/strong>18\/70\r\n\r\n<strong>La\u0308nge: <\/strong>wei\u00df: 5.304 m \/gelb: 5.001 m \/rot: 4.702 m\r\n\r\n<em><strong>Bedingungen:\r\n<\/strong>Gutscheine von MO-DO, ausgenommen Feiertage, einl\u00f6sbar.<\/em>\r\n\r\n<strong>Anfahrt:\r\n<\/strong>80 km s\u00fcdlich von Prag, 70 km n\u00f6rdlich von \u010cesk\u00e9 Bud\u011bjovice","partner_logo":44588,"partner_gallery":[44590,44592,44594,44596,44598],"partner_lat":48.21946692476167,"partner_long":17.285271882330502,"partner_type":"golfclub","partner_openings":["1","2","3","4","5","6","7"],"montag_von_bis":"00:00 - 24:00","dienstag_von_bis":"00:00 - 24:00","mittwoch_von_bis":"00:00 - 24:00","donnerstag_von_bis":"00:00 - 24:00","freitag_von_bis":"00:00 - 24:00","samstag_von_bis":"00:00 - 24:00","sonntag_von_bis":"00:00 - 24:00","partner_adresse":"Ka\u0161tie\u013e 1, 900 27 Bernol\u00e1kovo","partner_land_bundesland":"Slowakei","partner_tel_1":"+421 910 899 877","partner_tel_2":"","partner_web":"https:\/\/www.golf.sk\/eng","partner_mail":"club.bernolakovo@golf.sk","partner_spielbahnen_par":"18+9\/73+62","partner_laenge":"wei\u00df: 5.304 m \/gelb: 5.001 m \/rot: 4.702 m","partner_bedingungen":"","partner_anfahrt":"80 km s\u00fcdlich von Prag, 70 km n\u00f6rdlich von \u010cesk\u00e9 Bud\u011bjovice","partner_misc":null,"additional_css_classes":""},"yoast_head":"<!-- This site is optimized with the Yoast SEO plugin v26.8 - https:\/\/yoast.com\/product\/yoast-seo-wordpress\/ -->\n<title>GC Black River Golf Resort - Fairway 2 Hotel<\/title>\n<meta name=\"robots\" content=\"index, follow, max-snippet:-1, max-image-preview:large, max-video-preview:-1\" \/>\n<link rel=\"canonical\" href=\"https:\/\/fairway2hotel.at\/en\/golfclubs\/slowakei\/gc-black-river-golf-resort\/\" \/>\n<meta property=\"og:locale\" content=\"en_US\" \/>\n<meta property=\"og:type\" content=\"article\" \/>\n<meta property=\"og:title\" content=\"GC Black River Golf Resort - Fairway 2 Hotel\" \/>\n<meta property=\"og:description\" content=\"Der Black River Champioship Golfplatz erwartet Sie Das Black River Golf Resort und der White Eurovalley Golf Park Club sind die n\u00e4chstgelegenen Golfpl\u00e4tze zur slowakischen Hauptstadt Bratislava. Black River Golf Resort, nur 20 Minuten vom Stadtzentrum von Bratislava entfernt. Direkt von der Autobahn D1 oder D4 nach Bernolakovo.\u00a0 Der Black River Championship Course ist ein [&hellip;]\" \/>\n<meta property=\"og:url\" content=\"https:\/\/fairway2hotel.at\/en\/golfclubs\/slowakei\/gc-black-river-golf-resort\/\" \/>\n<meta property=\"og:site_name\" content=\"Fairway 2 Hotel\" \/>\n<meta property=\"article:modified_time\" content=\"2024-12-07T14:26:51+00:00\" \/>\n<meta name=\"twitter:card\" content=\"summary_large_image\" \/>\n<meta name=\"twitter:label1\" content=\"Est. reading time\" \/>\n\t<meta name=\"twitter:data1\" content=\"2 minutes\" \/>\n<script type=\"application\/ld+json\" class=\"yoast-schema-graph\">{\"@context\":\"https:\/\/schema.org\",\"@graph\":[{\"@type\":\"WebPage\",\"@id\":\"https:\/\/fairway2hotel.at\/en\/golfclubs\/slowakei\/gc-black-river-golf-resort\/\",\"url\":\"https:\/\/fairway2hotel.at\/en\/golfclubs\/slowakei\/gc-black-river-golf-resort\/\",\"name\":\"GC Black River Golf Resort - Fairway 2 Hotel\",\"isPartOf\":{\"@id\":\"https:\/\/fairway2hotel.at\/en\/#website\"},\"datePublished\":\"2024-11-28T10:46:17+00:00\",\"dateModified\":\"2024-12-07T14:26:51+00:00\",\"breadcrumb\":{\"@id\":\"https:\/\/fairway2hotel.at\/en\/golfclubs\/slowakei\/gc-black-river-golf-resort\/#breadcrumb\"},\"inLanguage\":\"en-US\",\"potentialAction\":[{\"@type\":\"ReadAction\",\"target\":[\"https:\/\/fairway2hotel.at\/en\/golfclubs\/slowakei\/gc-black-river-golf-resort\/\"]}]},{\"@type\":\"BreadcrumbList\",\"@id\":\"https:\/\/fairway2hotel.at\/en\/golfclubs\/slowakei\/gc-black-river-golf-resort\/#breadcrumb\",\"itemListElement\":[{\"@type\":\"ListItem\",\"position\":1,\"name\":\"Home\",\"item\":\"https:\/\/fairway2hotel.at\/en\/\"},{\"@type\":\"ListItem\",\"position\":2,\"name\":\"Golfclubs\",\"item\":\"https:\/\/fairway2hotel.at\/en\/golfclubs\/\"},{\"@type\":\"ListItem\",\"position\":3,\"name\":\"Golfclubs Slowakei\",\"item\":\"https:\/\/fairway2hotel.at\/en\/golfclubs\/slowakei\/\"},{\"@type\":\"ListItem\",\"position\":4,\"name\":\"GC Black River Golf Resort\"}]},{\"@type\":\"WebSite\",\"@id\":\"https:\/\/fairway2hotel.at\/en\/#website\",\"url\":\"https:\/\/fairway2hotel.at\/en\/\",\"name\":\"Fairway 2 Hotel\",\"description\":\"Golf at half price! 2 play - 1 pays\",\"potentialAction\":[{\"@type\":\"SearchAction\",\"target\":{\"@type\":\"EntryPoint\",\"urlTemplate\":\"https:\/\/fairway2hotel.at\/en\/?s={search_term_string}\"},\"query-input\":{\"@type\":\"PropertyValueSpecification\",\"valueRequired\":true,\"valueName\":\"search_term_string\"}}],\"inLanguage\":\"en-US\"}]}<\/script>\n<!-- \/ Yoast SEO plugin. -->","yoast_head_json":{"title":"GC Black River Golf Resort - Fairway 2 Hotel","robots":{"index":"index","follow":"follow","max-snippet":"max-snippet:-1","max-image-preview":"max-image-preview:large","max-video-preview":"max-video-preview:-1"},"canonical":"https:\/\/fairway2hotel.at\/en\/golfclubs\/slowakei\/gc-black-river-golf-resort\/","og_locale":"en_US","og_type":"article","og_title":"GC Black River Golf Resort - Fairway 2 Hotel","og_description":"Der Black River Champioship Golfplatz erwartet Sie Das Black River Golf Resort und der White Eurovalley Golf Park Club sind die n\u00e4chstgelegenen Golfpl\u00e4tze zur slowakischen Hauptstadt Bratislava. Black River Golf Resort, nur 20 Minuten vom Stadtzentrum von Bratislava entfernt. Direkt von der Autobahn D1 oder D4 nach Bernolakovo.\u00a0 Der Black River Championship Course ist ein [&hellip;]","og_url":"https:\/\/fairway2hotel.at\/en\/golfclubs\/slowakei\/gc-black-river-golf-resort\/","og_site_name":"Fairway 2 Hotel","article_modified_time":"2024-12-07T14:26:51+00:00","twitter_card":"summary_large_image","twitter_misc":{"Est. reading time":"2 minutes"},"schema":{"@context":"https:\/\/schema.org","@graph":[{"@type":"WebPage","@id":"https:\/\/fairway2hotel.at\/en\/golfclubs\/slowakei\/gc-black-river-golf-resort\/","url":"https:\/\/fairway2hotel.at\/en\/golfclubs\/slowakei\/gc-black-river-golf-resort\/","name":"GC Black River Golf Resort - Fairway 2 Hotel","isPartOf":{"@id":"https:\/\/fairway2hotel.at\/en\/#website"},"datePublished":"2024-11-28T10:46:17+00:00","dateModified":"2024-12-07T14:26:51+00:00","breadcrumb":{"@id":"https:\/\/fairway2hotel.at\/en\/golfclubs\/slowakei\/gc-black-river-golf-resort\/#breadcrumb"},"inLanguage":"en-US","potentialAction":[{"@type":"ReadAction","target":["https:\/\/fairway2hotel.at\/en\/golfclubs\/slowakei\/gc-black-river-golf-resort\/"]}]},{"@type":"BreadcrumbList","@id":"https:\/\/fairway2hotel.at\/en\/golfclubs\/slowakei\/gc-black-river-golf-resort\/#breadcrumb","itemListElement":[{"@type":"ListItem","position":1,"name":"Home","item":"https:\/\/fairway2hotel.at\/en\/"},{"@type":"ListItem","position":2,"name":"Golfclubs","item":"https:\/\/fairway2hotel.at\/en\/golfclubs\/"},{"@type":"ListItem","position":3,"name":"Golfclubs Slowakei","item":"https:\/\/fairway2hotel.at\/en\/golfclubs\/slowakei\/"},{"@type":"ListItem","position":4,"name":"GC Black River Golf Resort"}]},{"@type":"WebSite","@id":"https:\/\/fairway2hotel.at\/en\/#website","url":"https:\/\/fairway2hotel.at\/en\/","name":"Fairway 2 Hotel","description":"Golf at half price! 2 play - 1 pays","potentialAction":[{"@type":"SearchAction","target":{"@type":"EntryPoint","urlTemplate":"https:\/\/fairway2hotel.at\/en\/?s={search_term_string}"},"query-input":{"@type":"PropertyValueSpecification","valueRequired":true,"valueName":"search_term_string"}}],"inLanguage":"en-US"}]}},"_links":{"self":[{"href":"https:\/\/fairway2hotel.at\/en\/wp-json\/wp\/v2\/pages\/44583","targetHints":{"allow":["GET"]}}],"collection":[{"href":"https:\/\/fairway2hotel.at\/en\/wp-json\/wp\/v2\/pages"}],"about":[{"href":"https:\/\/fairway2hotel.at\/en\/wp-json\/wp\/v2\/types\/page"}],"author":[{"embeddable":true,"href":"https:\/\/fairway2hotel.at\/en\/wp-json\/wp\/v2\/users\/24"}],"replies":[{"embeddable":true,"href":"https:\/\/fairway2hotel.at\/en\/wp-json\/wp\/v2\/comments?post=44583"}],"version-history":[{"count":6,"href":"https:\/\/fairway2hotel.at\/en\/wp-json\/wp\/v2\/pages\/44583\/revisions"}],"predecessor-version":[{"id":45034,"href":"https:\/\/fairway2hotel.at\/en\/wp-json\/wp\/v2\/pages\/44583\/revisions\/45034"}],"up":[{"embeddable":true,"href":"https:\/\/fairway2hotel.at\/en\/wp-json\/wp\/v2\/pages\/1733"}],"acf:attachment":[{"embeddable":true,"href":"https:\/\/fairway2hotel.at\/en\/wp-json\/wp\/v2\/media\/44598"},{"embeddable":true,"href":"https:\/\/fairway2hotel.at\/en\/wp-json\/wp\/v2\/media\/44596"},{"embeddable":true,"href":"https:\/\/fairway2hotel.at\/en\/wp-json\/wp\/v2\/media\/44594"},{"embeddable":true,"href":"https:\/\/fairway2hotel.at\/en\/wp-json\/wp\/v2\/media\/44592"},{"embeddable":true,"href":"https:\/\/fairway2hotel.at\/en\/wp-json\/wp\/v2\/media\/44590"}],"wp:attachment":[{"href":"https:\/\/fairway2hotel.at\/en\/wp-json\/wp\/v2\/media?parent=44583"}],"curies":[{"name":"wp","href":"https:\/\/api.w.org\/{rel}","templated":true}]}}