{"id":44601,"date":"2024-11-28T12:19:42","date_gmt":"2024-11-28T11:19:42","guid":{"rendered":"https:\/\/fairway2hotel.at\/?page_id=44601"},"modified":"2025-02-11T15:53:06","modified_gmt":"2025-02-11T14:53:06","slug":"gc-white-eurovalley-golf-resort","status":"publish","type":"page","link":"https:\/\/fairway2hotel.at\/en\/golfclubs\/slowakei\/gc-white-eurovalley-golf-resort\/","title":{"rendered":"GC White Eurovalley Golf Resort"},"content":{"rendered":"<h2>Der White Eurovalley Golfplatz erwartet Sie<\/h2>\n<p>Der White Eurovalley Golf Park Club und das Black River Golf Resort sind die n\u00e4chstgelegenen Golfpl\u00e4tze zur slowakischen Hauptstadt Bratislava. Der White Eurovalley Golf Park Club liegt nur 20 Minuten von Bratislava entfernt, Richtung Autobahn D2, vor der Stadt Malacky. Wundersch\u00f6ne Umgebung mit hohen Pinien und wei\u00dfem Sand. Der 9-Loch-Platz namens SAND und der 9-Loch-Platz namens PINE ergeben zusammen den \u00a018-Loch-Platz White Eurovalley Golfplatz.<\/p>\n<p>Die Unterbringung ist auch m\u00f6glich im BLACK RIVER GOLF RESORT (ca. 40 Minuten mit dem Auto vom White Eurovalley Golf Park Club entfernt) im historischen Barockschloss Theresia oder in Golf-Apartments im historischen Park am Loch Nr. 4 BR m\u00f6glich. Begrenzte Anzahl an Zimmern, Reservierung im Voraus erforderlich. Bitte wenden Sie sich an die Golfrezeption.<\/p>\n<p>Kontakt: club.malacky@golf.sk<\/p>\n<h2>White Eurovalley Golfcourse awaits for you<\/h2>\n<p>White Eurovalley Golf Park Club and Black River Golf Resort are the closest golf courses to the Slovak capital city of Bratislava. White Eurovalley Golf Park Club is only 20min from Bratislava direction highway D2 in front of City Malacky. Beautiful surrounding of high pine trees and white sand area. 9holes named SAND and 9holes named PINE are playing together as 18holes WHITE Course.<\/p>\n<p>Accommodation is possible at BLACK RIVER GOLF RESORT (ca. 40 minutesby car fromWhite Eurovalley Golf Park Club) in historic baroque Theresia Chateau or at Golf apartments in historic Park at hole no.4 BR. Limited No.of rooms, reservation in advance needed. Please contact the golf reception.<\/p>\n<p>contact: club.malacky@golf.sk<\/p>\n","protected":false},"excerpt":{"rendered":"<p>Der White Eurovalley Golfplatz erwartet Sie Der White Eurovalley Golf Park Club und das Black River Golf Resort sind die n\u00e4chstgelegenen Golfpl\u00e4tze zur slowakischen Hauptstadt Bratislava. Der White Eurovalley Golf Park Club liegt nur 20 Minuten von Bratislava entfernt, Richtung Autobahn D2, vor der Stadt Malacky. Wundersch\u00f6ne Umgebung mit hohen Pinien und wei\u00dfem Sand. Der [&hellip;]<\/p>\n","protected":false},"author":24,"featured_media":0,"parent":1733,"menu_order":5,"comment_status":"closed","ping_status":"closed","template":"page-partner.php","meta":{"_acf_changed":false,"footnotes":""},"class_list":["post-44601","page","type-page","status-publish","hentry"],"acf":{"partner_infobox":"<strong>Adresse:\u00a0<\/strong>Alenina Lhota 7, 391 33 Jistebnice\r\n\r\n<strong>Tel:\r\n<\/strong>420\u00a0775 913\u00a0338\r\n\r\n<strong>Web: <\/strong><a href=\"http:\/\/www.cebr.cz\" target=\"_blank\" rel=\"nofollow noopener noreferrer\">www.cebr.cz<\/a>\r\n\r\n<strong>E-Mail:<\/strong> <a href=\"mailto:cebr@cebr.cz\">info@cebr.cz<\/a>\r\n\r\n<strong>Spielbahnen\/Par: <\/strong>18\/70\r\n\r\n<strong>La\u0308nge: <\/strong>wei\u00df: 5.304 m \/gelb: 5.001 m \/rot: 4.702 m\r\n\r\n<em><strong>Bedingungen:\r\n<\/strong>Gutscheine von MO-DO, ausgenommen Feiertage, einl\u00f6sbar.<\/em>\r\n\r\n<strong>Anfahrt:\r\n<\/strong>80 km s\u00fcdlich von Prag, 70 km n\u00f6rdlich von \u010cesk\u00e9 Bud\u011bjovice","partner_logo":44588,"partner_gallery":[44602,44604,44606,44598,44592],"partner_lat":48.40571658570158,"partner_long":17.02760542730721,"partner_type":"golfclub","partner_openings":["1","2","3","4","5","6","7"],"montag_von_bis":"00:00 - 24:00","dienstag_von_bis":"00:00 - 24:00","mittwoch_von_bis":"00:00 - 24:00","donnerstag_von_bis":"00:00 - 24:00","freitag_von_bis":"00:00 - 24:00","samstag_von_bis":"00:00 - 24:00","sonntag_von_bis":"00:00 - 24:00","partner_adresse":"Tov\u00e1rensk\u00e1 28, 901 01 Malacky, Slowakei","partner_land_bundesland":"Slowakei","partner_tel_1":"+421 911 243 101","partner_tel_2":"","partner_web":"https:\/\/www.golf.sk\/eng","partner_mail":"club.malacky@golf.sk","partner_spielbahnen_par":"18+9\/75+72","partner_laenge":"wei\u00df: 5.304 m \/gelb: 5.001 m \/rot: 4.702 m","partner_bedingungen":"","partner_anfahrt":"80 km s\u00fcdlich von Prag, 70 km n\u00f6rdlich von \u010cesk\u00e9 Bud\u011bjovice","partner_misc":null,"additional_css_classes":""},"yoast_head":"<!-- This site is optimized with the Yoast SEO plugin v26.8 - https:\/\/yoast.com\/product\/yoast-seo-wordpress\/ -->\n<title>GC White Eurovalley Golf Resort - Fairway 2 Hotel<\/title>\n<meta name=\"robots\" content=\"index, follow, max-snippet:-1, max-image-preview:large, max-video-preview:-1\" \/>\n<link rel=\"canonical\" href=\"https:\/\/fairway2hotel.at\/en\/golfclubs\/slowakei\/gc-white-eurovalley-golf-resort\/\" \/>\n<meta property=\"og:locale\" content=\"en_US\" \/>\n<meta property=\"og:type\" content=\"article\" \/>\n<meta property=\"og:title\" content=\"GC White Eurovalley Golf Resort - Fairway 2 Hotel\" \/>\n<meta property=\"og:description\" content=\"Der White Eurovalley Golfplatz erwartet Sie Der White Eurovalley Golf Park Club und das Black River Golf Resort sind die n\u00e4chstgelegenen Golfpl\u00e4tze zur slowakischen Hauptstadt Bratislava. Der White Eurovalley Golf Park Club liegt nur 20 Minuten von Bratislava entfernt, Richtung Autobahn D2, vor der Stadt Malacky. Wundersch\u00f6ne Umgebung mit hohen Pinien und wei\u00dfem Sand. Der [&hellip;]\" \/>\n<meta property=\"og:url\" content=\"https:\/\/fairway2hotel.at\/en\/golfclubs\/slowakei\/gc-white-eurovalley-golf-resort\/\" \/>\n<meta property=\"og:site_name\" content=\"Fairway 2 Hotel\" \/>\n<meta property=\"article:modified_time\" content=\"2025-02-11T14:53:06+00:00\" \/>\n<meta name=\"twitter:card\" content=\"summary_large_image\" \/>\n<meta name=\"twitter:label1\" content=\"Est. reading time\" \/>\n\t<meta name=\"twitter:data1\" content=\"2 minutes\" \/>\n<script type=\"application\/ld+json\" class=\"yoast-schema-graph\">{\"@context\":\"https:\/\/schema.org\",\"@graph\":[{\"@type\":\"WebPage\",\"@id\":\"https:\/\/fairway2hotel.at\/en\/golfclubs\/slowakei\/gc-white-eurovalley-golf-resort\/\",\"url\":\"https:\/\/fairway2hotel.at\/en\/golfclubs\/slowakei\/gc-white-eurovalley-golf-resort\/\",\"name\":\"GC White Eurovalley Golf Resort - Fairway 2 Hotel\",\"isPartOf\":{\"@id\":\"https:\/\/fairway2hotel.at\/en\/#website\"},\"datePublished\":\"2024-11-28T11:19:42+00:00\",\"dateModified\":\"2025-02-11T14:53:06+00:00\",\"breadcrumb\":{\"@id\":\"https:\/\/fairway2hotel.at\/en\/golfclubs\/slowakei\/gc-white-eurovalley-golf-resort\/#breadcrumb\"},\"inLanguage\":\"en-US\",\"potentialAction\":[{\"@type\":\"ReadAction\",\"target\":[\"https:\/\/fairway2hotel.at\/en\/golfclubs\/slowakei\/gc-white-eurovalley-golf-resort\/\"]}]},{\"@type\":\"BreadcrumbList\",\"@id\":\"https:\/\/fairway2hotel.at\/en\/golfclubs\/slowakei\/gc-white-eurovalley-golf-resort\/#breadcrumb\",\"itemListElement\":[{\"@type\":\"ListItem\",\"position\":1,\"name\":\"Home\",\"item\":\"https:\/\/fairway2hotel.at\/en\/\"},{\"@type\":\"ListItem\",\"position\":2,\"name\":\"Golfclubs\",\"item\":\"https:\/\/fairway2hotel.at\/en\/golfclubs\/\"},{\"@type\":\"ListItem\",\"position\":3,\"name\":\"Golfclubs Slowakei\",\"item\":\"https:\/\/fairway2hotel.at\/en\/golfclubs\/slowakei\/\"},{\"@type\":\"ListItem\",\"position\":4,\"name\":\"GC White Eurovalley Golf Resort\"}]},{\"@type\":\"WebSite\",\"@id\":\"https:\/\/fairway2hotel.at\/en\/#website\",\"url\":\"https:\/\/fairway2hotel.at\/en\/\",\"name\":\"Fairway 2 Hotel\",\"description\":\"Golf at half price! 2 play - 1 pays\",\"potentialAction\":[{\"@type\":\"SearchAction\",\"target\":{\"@type\":\"EntryPoint\",\"urlTemplate\":\"https:\/\/fairway2hotel.at\/en\/?s={search_term_string}\"},\"query-input\":{\"@type\":\"PropertyValueSpecification\",\"valueRequired\":true,\"valueName\":\"search_term_string\"}}],\"inLanguage\":\"en-US\"}]}<\/script>\n<!-- \/ Yoast SEO plugin. -->","yoast_head_json":{"title":"GC White Eurovalley Golf Resort - Fairway 2 Hotel","robots":{"index":"index","follow":"follow","max-snippet":"max-snippet:-1","max-image-preview":"max-image-preview:large","max-video-preview":"max-video-preview:-1"},"canonical":"https:\/\/fairway2hotel.at\/en\/golfclubs\/slowakei\/gc-white-eurovalley-golf-resort\/","og_locale":"en_US","og_type":"article","og_title":"GC White Eurovalley Golf Resort - Fairway 2 Hotel","og_description":"Der White Eurovalley Golfplatz erwartet Sie Der White Eurovalley Golf Park Club und das Black River Golf Resort sind die n\u00e4chstgelegenen Golfpl\u00e4tze zur slowakischen Hauptstadt Bratislava. Der White Eurovalley Golf Park Club liegt nur 20 Minuten von Bratislava entfernt, Richtung Autobahn D2, vor der Stadt Malacky. Wundersch\u00f6ne Umgebung mit hohen Pinien und wei\u00dfem Sand. Der [&hellip;]","og_url":"https:\/\/fairway2hotel.at\/en\/golfclubs\/slowakei\/gc-white-eurovalley-golf-resort\/","og_site_name":"Fairway 2 Hotel","article_modified_time":"2025-02-11T14:53:06+00:00","twitter_card":"summary_large_image","twitter_misc":{"Est. reading time":"2 minutes"},"schema":{"@context":"https:\/\/schema.org","@graph":[{"@type":"WebPage","@id":"https:\/\/fairway2hotel.at\/en\/golfclubs\/slowakei\/gc-white-eurovalley-golf-resort\/","url":"https:\/\/fairway2hotel.at\/en\/golfclubs\/slowakei\/gc-white-eurovalley-golf-resort\/","name":"GC White Eurovalley Golf Resort - Fairway 2 Hotel","isPartOf":{"@id":"https:\/\/fairway2hotel.at\/en\/#website"},"datePublished":"2024-11-28T11:19:42+00:00","dateModified":"2025-02-11T14:53:06+00:00","breadcrumb":{"@id":"https:\/\/fairway2hotel.at\/en\/golfclubs\/slowakei\/gc-white-eurovalley-golf-resort\/#breadcrumb"},"inLanguage":"en-US","potentialAction":[{"@type":"ReadAction","target":["https:\/\/fairway2hotel.at\/en\/golfclubs\/slowakei\/gc-white-eurovalley-golf-resort\/"]}]},{"@type":"BreadcrumbList","@id":"https:\/\/fairway2hotel.at\/en\/golfclubs\/slowakei\/gc-white-eurovalley-golf-resort\/#breadcrumb","itemListElement":[{"@type":"ListItem","position":1,"name":"Home","item":"https:\/\/fairway2hotel.at\/en\/"},{"@type":"ListItem","position":2,"name":"Golfclubs","item":"https:\/\/fairway2hotel.at\/en\/golfclubs\/"},{"@type":"ListItem","position":3,"name":"Golfclubs Slowakei","item":"https:\/\/fairway2hotel.at\/en\/golfclubs\/slowakei\/"},{"@type":"ListItem","position":4,"name":"GC White Eurovalley Golf Resort"}]},{"@type":"WebSite","@id":"https:\/\/fairway2hotel.at\/en\/#website","url":"https:\/\/fairway2hotel.at\/en\/","name":"Fairway 2 Hotel","description":"Golf at half price! 2 play - 1 pays","potentialAction":[{"@type":"SearchAction","target":{"@type":"EntryPoint","urlTemplate":"https:\/\/fairway2hotel.at\/en\/?s={search_term_string}"},"query-input":{"@type":"PropertyValueSpecification","valueRequired":true,"valueName":"search_term_string"}}],"inLanguage":"en-US"}]}},"_links":{"self":[{"href":"https:\/\/fairway2hotel.at\/en\/wp-json\/wp\/v2\/pages\/44601","targetHints":{"allow":["GET"]}}],"collection":[{"href":"https:\/\/fairway2hotel.at\/en\/wp-json\/wp\/v2\/pages"}],"about":[{"href":"https:\/\/fairway2hotel.at\/en\/wp-json\/wp\/v2\/types\/page"}],"author":[{"embeddable":true,"href":"https:\/\/fairway2hotel.at\/en\/wp-json\/wp\/v2\/users\/24"}],"replies":[{"embeddable":true,"href":"https:\/\/fairway2hotel.at\/en\/wp-json\/wp\/v2\/comments?post=44601"}],"version-history":[{"count":3,"href":"https:\/\/fairway2hotel.at\/en\/wp-json\/wp\/v2\/pages\/44601\/revisions"}],"predecessor-version":[{"id":46085,"href":"https:\/\/fairway2hotel.at\/en\/wp-json\/wp\/v2\/pages\/44601\/revisions\/46085"}],"up":[{"embeddable":true,"href":"https:\/\/fairway2hotel.at\/en\/wp-json\/wp\/v2\/pages\/1733"}],"acf:attachment":[{"embeddable":true,"href":"https:\/\/fairway2hotel.at\/en\/wp-json\/wp\/v2\/media\/44592"},{"embeddable":true,"href":"https:\/\/fairway2hotel.at\/en\/wp-json\/wp\/v2\/media\/44598"},{"embeddable":true,"href":"https:\/\/fairway2hotel.at\/en\/wp-json\/wp\/v2\/media\/44606"},{"embeddable":true,"href":"https:\/\/fairway2hotel.at\/en\/wp-json\/wp\/v2\/media\/44604"},{"embeddable":true,"href":"https:\/\/fairway2hotel.at\/en\/wp-json\/wp\/v2\/media\/44602"}],"wp:attachment":[{"href":"https:\/\/fairway2hotel.at\/en\/wp-json\/wp\/v2\/media?parent=44601"}],"curies":[{"name":"wp","href":"https:\/\/api.w.org\/{rel}","templated":true}]}}