{"id":46127,"date":"2025-02-18T11:45:30","date_gmt":"2025-02-18T10:45:30","guid":{"rendered":"https:\/\/fairway2hotel.at\/golfclubs\/deutschland\/auf-der-gsteig-copy\/"},"modified":"2025-03-30T17:04:12","modified_gmt":"2025-03-30T15:04:12","slug":"gc-chieming-e-v","status":"publish","type":"page","link":"https:\/\/fairway2hotel.at\/en\/golfclubs\/deutschland\/gc-chieming-e-v\/","title":{"rendered":"GC Chieming e.V."},"content":{"rendered":"<h2>Golfclub Chieming-Freizeit und Sport genie\u00dfen!<\/h2>\n<p>Sie planen einen Ausflug in die sch\u00f6nste Gegend Deutschlands? Bei uns in Oberbayern finden Sie Ihr Ziel! Der Golf-Club Chieming steht seit \u00fcber 40 Jahren f\u00fcr Zusammenhalt, Gastfreundlichkeit, Spiel, Sport und Spa\u00df auf h\u00f6chstem Niveau in der sch\u00f6nsten Golfregion Deutschlands und verbindet sportlichen Anspruch, Erholung sowie ein geselliges Miteinander in vorbildlicher Weise. Egal, ob ambitionierter Golfer, Newcomer oder Familienmensch &#8211; bei uns trifft jeder auf die perfekten Bedingungen f\u00fcr anspruchsvolle, lustige und entspannte Stunden. Die ruhige Lage unseres 18 Loch-Meisterschaftsplatzes, eingebettet in einer intakten Natur und mit einem herrlichen Blick auf die Chiemgauer Alpen, wird Sie ebenso begeistern wie seine sportlichen Fairways und stets top gepflegten Gr\u00fcns. Besonders stolz sind wir auf unsere Auszeichnungen mit dem Gold-Zertifikat \u201eGolf &amp; Natur\u201c sowie \u201eBl\u00fchpakt Bayern\u201c. Daneben bieten wir unseren G\u00e4sten, egal ob jung oder alt, den \u00f6ffentlichen Public Course \u201eSuper7Seven\u201c.\u00a0 Hier kann jeder das Golfspielen als Laie testen oder in der Orientierungsphase seine Leidenschaft f\u00fcr unseren wunderbaren Sport entwickeln. Unser gem\u00fctliches Golf-Restaurant mit seiner w\u00f6chentlich wechselnden Men\u00fckarte rundet Ihren Golf-Tag ideal ab und l\u00e4dt Sie auf der einladend Sonnenterrasse zum Verweilen ein.<\/p>\n<h2>Chieming Golf Club &#8211; enjoy leisure and sport!<\/h2>\n<p>Are you planning a trip to the most beautiful region in Germany? You&#8217;ll find your destination here in Upper Bavaria! For over 40 years, the Chieming Golf Club has stood for solidarity, hospitality, play, sport and fun at the highest level in the most beautiful golf region in Germany and combines sporting aspirations, relaxation and social interaction in an exemplary manner. Whether you are an ambitious golfer, a newcomer or a family golfer &#8211; we offer the perfect conditions for challenging, fun and relaxing hours. The peaceful location of our 18-hole championship course, nestled in unspoilt nature and with a magnificent view of the Chiemgau Alps, will inspire you just as much as its sporty fairways and well-maintained greens. We are particularly proud of our \u2018Golf &amp; Nature\u2019 gold certificate and \u2018Bl\u00fchpakt Bayern\u2019 awards. We also offer our guests, young and old alike, the \u2018Super7Seven\u2019 public course. Here, anyone can try out golf as an amateur or develop a passion for our wonderful sport during the orientation phase. Our cosy golf restaurant with its weekly changing menu rounds off your golf day perfectly and invites you to linger on the inviting sun terrace.<\/p>\n","protected":false},"excerpt":{"rendered":"<p>Golfclub Chieming-Freizeit und Sport genie\u00dfen! Sie planen einen Ausflug in die sch\u00f6nste Gegend Deutschlands? Bei uns in Oberbayern finden Sie Ihr Ziel! Der Golf-Club Chieming steht seit \u00fcber 40 Jahren f\u00fcr Zusammenhalt, Gastfreundlichkeit, Spiel, Sport und Spa\u00df auf h\u00f6chstem Niveau in der sch\u00f6nsten Golfregion Deutschlands und verbindet sportlichen Anspruch, Erholung sowie ein geselliges Miteinander in [&hellip;]<\/p>\n","protected":false},"author":24,"featured_media":0,"parent":1607,"menu_order":25,"comment_status":"closed","ping_status":"closed","template":"page-partner.php","meta":{"_acf_changed":false,"footnotes":""},"class_list":["post-46127","page","type-page","status-publish","hentry"],"acf":{"partner_infobox":"<strong>Adresse:<\/strong>Gsteig 1, 86983 Lechbruck am See\r\n\r\n<strong>Tel:\u00a0<\/strong>+49 (0)8862-987750\r\n\r\n<strong>Fax:\u00a0<\/strong>+49 (0)8862-987759\r\n\r\n<strong>Web: <\/strong><a href=\"https:\/\/www.aufdergsteig.de\/\" target=\"_blank\" rel=\"nofollow noopener noreferrer\">www.aufdergsteig.de<\/a>\r\n\r\n<strong>E-Mail:<\/strong> <a href=\"mailto:golf@aufdergsteig.de\">golf@aufdergsteig.de<\/a>\r\n\r\n<strong>Spielbahnen\/Par: <\/strong>18\/3 \/ 71\r\n\r\n<strong>La\u0308nge: <\/strong>gelb: 5.589 m\/rot: 4.902 m\r\n\r\n<em><strong>Bedingungen: <\/strong>Voucher gelten Mo\u2013Fr ab 12:00 Uhr.<\/em>\r\n\r\n<strong>Anfahrt:\r\n<\/strong>A95 Mu\u0308nchen- Garmisch \u2192 Ausfahrt Murnau \u2192 Bad Kohlgrub \u2013 Echelsbacher- bru\u0308cke \u2192 auf Staatsstra\u00dfe \u2192 Steingaden \u2192 Lechbruck.\r\nOder: A96 \u2192 Lindau \u2192 Abfahrt Landsberg\/Lech West \u2192 Schon- gau \u2192 Bernbeuren \u2192 Lechbruck.","partner_logo":46145,"partner_gallery":[46129,46135,46133,46131],"partner_lat":47.93590480542592,"partner_long":12.553041827764531,"partner_type":"golfclub","partner_openings":["1","2","3","4","5","6","7"],"montag_von_bis":"00:00 - 24:00","dienstag_von_bis":"00:00 - 24:00","mittwoch_von_bis":"00:00 - 24:00","donnerstag_von_bis":"00:00 - 24:00","freitag_von_bis":"00:00 - 24:00","samstag_von_bis":"00:00 - 24:00","sonntag_von_bis":"00:00 - 24:00","partner_adresse":"K\u00f6tzing 1, 83339 Chieming","partner_land_bundesland":"Deutschland","partner_tel_1":"+49 8669 \/ 87 33 0","partner_tel_2":"","partner_web":"http:\/\/www.golfchieming.de","partner_mail":"info@golfchieming.de","partner_spielbahnen_par":"18\/3 \/ 72","partner_laenge":"gelb: 5.589 m\/rot: 4.902 m","partner_bedingungen":"","partner_anfahrt":"A95 Mu\u0308nchen- Garmisch \u2192 Ausfahrt Murnau \u2192 Bad Kohlgrub \u2013 Echelsbacher- bru\u0308cke \u2192 auf Staatsstra\u00dfe \u2192 Steingaden \u2192 Lechbruck. Oder: A96 \u2192 Lindau \u2192 Abfahrt Landsberg\/Lech West \u2192 Schon- gau \u2192 Bernbeuren \u2192 Lechbruck.","partner_misc":null,"additional_css_classes":""},"yoast_head":"<!-- This site is optimized with the Yoast SEO plugin v26.8 - https:\/\/yoast.com\/product\/yoast-seo-wordpress\/ -->\n<title>GC Chieming e.V. - Fairway 2 Hotel<\/title>\n<meta name=\"robots\" content=\"index, follow, max-snippet:-1, max-image-preview:large, max-video-preview:-1\" \/>\n<link rel=\"canonical\" href=\"https:\/\/fairway2hotel.at\/en\/golfclubs\/deutschland\/gc-chieming-e-v\/\" \/>\n<meta property=\"og:locale\" content=\"en_US\" \/>\n<meta property=\"og:type\" content=\"article\" \/>\n<meta property=\"og:title\" content=\"GC Chieming e.V. - Fairway 2 Hotel\" \/>\n<meta property=\"og:description\" content=\"Golfclub Chieming-Freizeit und Sport genie\u00dfen! Sie planen einen Ausflug in die sch\u00f6nste Gegend Deutschlands? Bei uns in Oberbayern finden Sie Ihr Ziel! Der Golf-Club Chieming steht seit \u00fcber 40 Jahren f\u00fcr Zusammenhalt, Gastfreundlichkeit, Spiel, Sport und Spa\u00df auf h\u00f6chstem Niveau in der sch\u00f6nsten Golfregion Deutschlands und verbindet sportlichen Anspruch, Erholung sowie ein geselliges Miteinander in [&hellip;]\" \/>\n<meta property=\"og:url\" content=\"https:\/\/fairway2hotel.at\/en\/golfclubs\/deutschland\/gc-chieming-e-v\/\" \/>\n<meta property=\"og:site_name\" content=\"Fairway 2 Hotel\" \/>\n<meta property=\"article:modified_time\" content=\"2025-03-30T15:04:12+00:00\" \/>\n<meta name=\"twitter:card\" content=\"summary_large_image\" \/>\n<meta name=\"twitter:label1\" content=\"Est. reading time\" \/>\n\t<meta name=\"twitter:data1\" content=\"3 minutes\" \/>\n<script type=\"application\/ld+json\" class=\"yoast-schema-graph\">{\"@context\":\"https:\/\/schema.org\",\"@graph\":[{\"@type\":\"WebPage\",\"@id\":\"https:\/\/fairway2hotel.at\/en\/golfclubs\/deutschland\/gc-chieming-e-v\/\",\"url\":\"https:\/\/fairway2hotel.at\/en\/golfclubs\/deutschland\/gc-chieming-e-v\/\",\"name\":\"GC Chieming e.V. - Fairway 2 Hotel\",\"isPartOf\":{\"@id\":\"https:\/\/fairway2hotel.at\/en\/#website\"},\"datePublished\":\"2025-02-18T10:45:30+00:00\",\"dateModified\":\"2025-03-30T15:04:12+00:00\",\"breadcrumb\":{\"@id\":\"https:\/\/fairway2hotel.at\/en\/golfclubs\/deutschland\/gc-chieming-e-v\/#breadcrumb\"},\"inLanguage\":\"en-US\",\"potentialAction\":[{\"@type\":\"ReadAction\",\"target\":[\"https:\/\/fairway2hotel.at\/en\/golfclubs\/deutschland\/gc-chieming-e-v\/\"]}]},{\"@type\":\"BreadcrumbList\",\"@id\":\"https:\/\/fairway2hotel.at\/en\/golfclubs\/deutschland\/gc-chieming-e-v\/#breadcrumb\",\"itemListElement\":[{\"@type\":\"ListItem\",\"position\":1,\"name\":\"Home\",\"item\":\"https:\/\/fairway2hotel.at\/en\/\"},{\"@type\":\"ListItem\",\"position\":2,\"name\":\"Golfclubs\",\"item\":\"https:\/\/fairway2hotel.at\/en\/golfclubs\/\"},{\"@type\":\"ListItem\",\"position\":3,\"name\":\"Golfclubs Deutschland\",\"item\":\"https:\/\/fairway2hotel.at\/en\/golfclubs\/deutschland\/\"},{\"@type\":\"ListItem\",\"position\":4,\"name\":\"GC Chieming e.V.\"}]},{\"@type\":\"WebSite\",\"@id\":\"https:\/\/fairway2hotel.at\/en\/#website\",\"url\":\"https:\/\/fairway2hotel.at\/en\/\",\"name\":\"Fairway 2 Hotel\",\"description\":\"Golf at half price! 2 play - 1 pays\",\"potentialAction\":[{\"@type\":\"SearchAction\",\"target\":{\"@type\":\"EntryPoint\",\"urlTemplate\":\"https:\/\/fairway2hotel.at\/en\/?s={search_term_string}\"},\"query-input\":{\"@type\":\"PropertyValueSpecification\",\"valueRequired\":true,\"valueName\":\"search_term_string\"}}],\"inLanguage\":\"en-US\"}]}<\/script>\n<!-- \/ Yoast SEO plugin. -->","yoast_head_json":{"title":"GC Chieming e.V. - Fairway 2 Hotel","robots":{"index":"index","follow":"follow","max-snippet":"max-snippet:-1","max-image-preview":"max-image-preview:large","max-video-preview":"max-video-preview:-1"},"canonical":"https:\/\/fairway2hotel.at\/en\/golfclubs\/deutschland\/gc-chieming-e-v\/","og_locale":"en_US","og_type":"article","og_title":"GC Chieming e.V. - Fairway 2 Hotel","og_description":"Golfclub Chieming-Freizeit und Sport genie\u00dfen! Sie planen einen Ausflug in die sch\u00f6nste Gegend Deutschlands? Bei uns in Oberbayern finden Sie Ihr Ziel! Der Golf-Club Chieming steht seit \u00fcber 40 Jahren f\u00fcr Zusammenhalt, Gastfreundlichkeit, Spiel, Sport und Spa\u00df auf h\u00f6chstem Niveau in der sch\u00f6nsten Golfregion Deutschlands und verbindet sportlichen Anspruch, Erholung sowie ein geselliges Miteinander in [&hellip;]","og_url":"https:\/\/fairway2hotel.at\/en\/golfclubs\/deutschland\/gc-chieming-e-v\/","og_site_name":"Fairway 2 Hotel","article_modified_time":"2025-03-30T15:04:12+00:00","twitter_card":"summary_large_image","twitter_misc":{"Est. reading time":"3 minutes"},"schema":{"@context":"https:\/\/schema.org","@graph":[{"@type":"WebPage","@id":"https:\/\/fairway2hotel.at\/en\/golfclubs\/deutschland\/gc-chieming-e-v\/","url":"https:\/\/fairway2hotel.at\/en\/golfclubs\/deutschland\/gc-chieming-e-v\/","name":"GC Chieming e.V. - Fairway 2 Hotel","isPartOf":{"@id":"https:\/\/fairway2hotel.at\/en\/#website"},"datePublished":"2025-02-18T10:45:30+00:00","dateModified":"2025-03-30T15:04:12+00:00","breadcrumb":{"@id":"https:\/\/fairway2hotel.at\/en\/golfclubs\/deutschland\/gc-chieming-e-v\/#breadcrumb"},"inLanguage":"en-US","potentialAction":[{"@type":"ReadAction","target":["https:\/\/fairway2hotel.at\/en\/golfclubs\/deutschland\/gc-chieming-e-v\/"]}]},{"@type":"BreadcrumbList","@id":"https:\/\/fairway2hotel.at\/en\/golfclubs\/deutschland\/gc-chieming-e-v\/#breadcrumb","itemListElement":[{"@type":"ListItem","position":1,"name":"Home","item":"https:\/\/fairway2hotel.at\/en\/"},{"@type":"ListItem","position":2,"name":"Golfclubs","item":"https:\/\/fairway2hotel.at\/en\/golfclubs\/"},{"@type":"ListItem","position":3,"name":"Golfclubs Deutschland","item":"https:\/\/fairway2hotel.at\/en\/golfclubs\/deutschland\/"},{"@type":"ListItem","position":4,"name":"GC Chieming e.V."}]},{"@type":"WebSite","@id":"https:\/\/fairway2hotel.at\/en\/#website","url":"https:\/\/fairway2hotel.at\/en\/","name":"Fairway 2 Hotel","description":"Golf at half price! 2 play - 1 pays","potentialAction":[{"@type":"SearchAction","target":{"@type":"EntryPoint","urlTemplate":"https:\/\/fairway2hotel.at\/en\/?s={search_term_string}"},"query-input":{"@type":"PropertyValueSpecification","valueRequired":true,"valueName":"search_term_string"}}],"inLanguage":"en-US"}]}},"_links":{"self":[{"href":"https:\/\/fairway2hotel.at\/en\/wp-json\/wp\/v2\/pages\/46127","targetHints":{"allow":["GET"]}}],"collection":[{"href":"https:\/\/fairway2hotel.at\/en\/wp-json\/wp\/v2\/pages"}],"about":[{"href":"https:\/\/fairway2hotel.at\/en\/wp-json\/wp\/v2\/types\/page"}],"author":[{"embeddable":true,"href":"https:\/\/fairway2hotel.at\/en\/wp-json\/wp\/v2\/users\/24"}],"replies":[{"embeddable":true,"href":"https:\/\/fairway2hotel.at\/en\/wp-json\/wp\/v2\/comments?post=46127"}],"version-history":[{"count":5,"href":"https:\/\/fairway2hotel.at\/en\/wp-json\/wp\/v2\/pages\/46127\/revisions"}],"predecessor-version":[{"id":47285,"href":"https:\/\/fairway2hotel.at\/en\/wp-json\/wp\/v2\/pages\/46127\/revisions\/47285"}],"up":[{"embeddable":true,"href":"https:\/\/fairway2hotel.at\/en\/wp-json\/wp\/v2\/pages\/1607"}],"acf:attachment":[{"embeddable":true,"href":"https:\/\/fairway2hotel.at\/en\/wp-json\/wp\/v2\/media\/46131"},{"embeddable":true,"href":"https:\/\/fairway2hotel.at\/en\/wp-json\/wp\/v2\/media\/46133"},{"embeddable":true,"href":"https:\/\/fairway2hotel.at\/en\/wp-json\/wp\/v2\/media\/46135"},{"embeddable":true,"href":"https:\/\/fairway2hotel.at\/en\/wp-json\/wp\/v2\/media\/46129"}],"wp:attachment":[{"href":"https:\/\/fairway2hotel.at\/en\/wp-json\/wp\/v2\/media?parent=46127"}],"curies":[{"name":"wp","href":"https:\/\/api.w.org\/{rel}","templated":true}]}}