{"id":46174,"date":"2025-02-25T12:21:28","date_gmt":"2025-02-25T11:21:28","guid":{"rendered":"https:\/\/fairway2hotel.at\/golfclubs\/ungarn\/gc-hencse-national-golf-country-club-copy\/"},"modified":"2025-02-25T14:52:52","modified_gmt":"2025-02-25T13:52:52","slug":"gc-magyar","status":"publish","type":"page","link":"https:\/\/fairway2hotel.at\/en\/golfclubs\/ungarn\/gc-magyar\/","title":{"rendered":"GC Magyar"},"content":{"rendered":"<h2>Der Magyar Golfclub erwartet Sie<\/h2>\n<p>Der \u00e4lteste 18-Loch-Golfplatz Ungarns mit Par 72 liegt der Magyar Golf Club Kisoroszi Golf Course. Nur 30 Autominuten von Budapest entfernt an der Nordspitze der Insel Szentendre gelegen, erobern die malerische Sch\u00f6nheit der 18 Bahnen auf 66 Hektar und die N\u00e4he zum Donauknie seit Anfang der 1980er Jahre die Herzen der Natur- und Sportliebhaber. Die von der Natur geformten D\u00fcnen und h\u00fcgeligen Fairways des historischen ungarischen Old Course erinnern an die ber\u00fchmten englischen Links Courses, die durch das \u00fcppige Gr\u00fcn und die park\u00e4hnliche Umgebung noch abwechslungsreicher werden.<\/p>\n<p>&nbsp;<\/p>\n<p>Unser zus\u00e4tzliches Angebot f\u00fcr die User von fairway2hotel\u00a0 ist:<\/p>\n<p>Unterkunft im Clubhaus (Doppelzimmer insgesamt 8 auf Vorbestellung) : 10 Euro \/ Person &#8211; 50 % erm\u00e4\u00dfigter Preis<\/p>\n<p>Fr\u00fchst\u00fcck : 8 Euro<\/p>\n<p>Getr\u00e4nke : a la carte von unserer Snack Bar<\/p>\n<p>E-Auto 18 L\u00f6cher: 40 Euro<\/p>\n<p>Trolley : 5 Euro<\/p>\n<p>&nbsp;<\/p>\n<h2>The Magyar Golf Club awaits for you<\/h2>\n<p>Hungary&#8217;s oldest 18-hole par 72 golf course, the Magyar Golf Club Kisoroszi Golf Course. Located just 30 minutes by car from Budapest on the northern tip of Szentendre Island, the picturesque beauty of the 18 courses spread over 66 hectares and the proximity to the Danube Bend have been captivating the hearts of nature and sports lovers since the early 1980s. The dunes and hilly fairways of the historic Hungarian Old Course, shaped by nature, are reminiscent of the famous English Links Courses, which is made even more diverse by the lush greenery and park environment.<\/p>\n<p>Our extra offer for the users of fairway2hotel is:<\/p>\n<p>accommodation\u00a0at the clubhouse (double rooms all together\u00a08 available on pre booking\u00a0 ) : 10 Euro \/ persone &#8211; its 50 % discounted prize<\/p>\n<p>Breakfast\u00a0: 8 euro<\/p>\n<p>Drinks\u00a0: a la carte from our Snack Bar<\/p>\n<p>E car 18 holes: 40 Euro<\/p>\n<p>Trolley : 5 Euro<\/p>\n","protected":false},"excerpt":{"rendered":"<p>Der Magyar Golfclub erwartet Sie Der \u00e4lteste 18-Loch-Golfplatz Ungarns mit Par 72 liegt der Magyar Golf Club Kisoroszi Golf Course. Nur 30 Autominuten von Budapest entfernt an der Nordspitze der Insel Szentendre gelegen, erobern die malerische Sch\u00f6nheit der 18 Bahnen auf 66 Hektar und die N\u00e4he zum Donauknie seit Anfang der 1980er Jahre die Herzen [&hellip;]<\/p>\n","protected":false},"author":24,"featured_media":0,"parent":1725,"menu_order":15,"comment_status":"closed","ping_status":"closed","template":"page-partner.php","meta":{"_acf_changed":false,"footnotes":""},"class_list":["post-46174","page","type-page","status-publish","hentry"],"acf":{"partner_infobox":"<strong>Adresse:\u00a0<\/strong>Mariav\u00f6lgy ZRT, 8087 Alcsutdoboz, Mariav\u00f6lgy\r\n\r\n<strong>Tel:\u00a0<\/strong>+36 22 594 200\r\n\r\n<strong>Fax:\u00a0<\/strong>+36 70 978 5687\r\n\r\n<strong>Web: <\/strong><a href=\"http:\/\/www.golfpannonia.hu\" target=\"_blank\" rel=\"nofollow noopener\">www.golfpannonia.hu<\/a>\r\n\r\n<strong>E-Mail:<\/strong> <a href=\"mailto:info@golfpannonia.hu\">info@golfpannonia.hu<\/a>\r\n\r\n<strong>Spielbahnen\/Par: <\/strong>18 - 72\/73\r\n\r\n<strong>La\u0308nge: <\/strong>gelb: 5.969m \/\u00a0rot: 5.406m\r\n\r\n<em><strong>Bedingungen: <\/strong>Mo-So 18-Loch-Greenfee<\/em>\r\n\r\n<strong>Anfahrt:\r\n<\/strong>Autobahn M1 Wien-Budapest bis Ausfahrt Bicske (bei km 39). Nach der Ausfahrt rechts\u00a0\u2192 Tatab\u00e1nya\u00a0\u2192 ca. 3 km links\u00a0\u2192 Sz\u00e9kesfeh\u00e9rv\u00e1r und Felcs\u00fat abbiegen. Durch Felcs\u00fat\u00a0\u2192 Alcs\u00fatdoboz. In Alcs\u00fatdoboz links \u2192 Etyek abbiegen\u00a0\u2192 Platanenallee, f\u00fchrt direkt zum Clubhaus.","partner_logo":46176,"partner_gallery":[46182,46178,46180,46184,46186],"partner_lat":47.80931078668679,"partner_long":19.031708177465664,"partner_type":"golfclub","partner_openings":["1","2","3","4","5","6","7"],"montag_von_bis":"00:00 - 24:00","dienstag_von_bis":"00:00 - 24:00","mittwoch_von_bis":"00:00 - 24:00","donnerstag_von_bis":"00:00 - 24:00","freitag_von_bis":"00:00 - 24:00","samstag_von_bis":"00:00 - 24:00","sonntag_von_bis":"00:00 - 24:00","partner_adresse":"Golf \u00fat 1, 2024 Kisoroszi","partner_land_bundesland":"Ungarn","partner_tel_1":"+36 30 431 53 39","partner_tel_2":"","partner_web":"https:\/\/www.magyargolfclub.hu\/enhome.html","partner_mail":"recepcio@magyargolfclub.hu","partner_spielbahnen_par":"18\/72","partner_laenge":"gelb: 5.969m \/\u00a0rot: 5.406m","partner_bedingungen":"","partner_anfahrt":"Autobahn M1 Wien-Budapest bis Ausfahrt Bicske (bei km 39). Nach der Ausfahrt rechts\u00a0\u2192 Tatab\u00e1nya\u00a0\u2192 ca. 3 km links\u00a0\u2192 Sz\u00e9kesfeh\u00e9rv\u00e1r und Felcs\u00fat abbiegen. Durch Felcs\u00fat\u00a0\u2192 Alcs\u00fatdoboz. In Alcs\u00fatdoboz links \u2192 Etyek abbiegen\u00a0\u2192 Platanenallee, f\u00fchrt direkt zum Clubhaus.","partner_misc":null,"additional_css_classes":""},"yoast_head":"<!-- This site is optimized with the Yoast SEO plugin v26.8 - https:\/\/yoast.com\/product\/yoast-seo-wordpress\/ -->\n<title>GC Magyar - Fairway 2 Hotel<\/title>\n<meta name=\"robots\" content=\"index, follow, max-snippet:-1, max-image-preview:large, max-video-preview:-1\" \/>\n<link rel=\"canonical\" href=\"https:\/\/fairway2hotel.at\/en\/golfclubs\/ungarn\/gc-magyar\/\" \/>\n<meta property=\"og:locale\" content=\"en_US\" \/>\n<meta property=\"og:type\" content=\"article\" \/>\n<meta property=\"og:title\" content=\"GC Magyar - Fairway 2 Hotel\" \/>\n<meta property=\"og:description\" content=\"Der Magyar Golfclub erwartet Sie Der \u00e4lteste 18-Loch-Golfplatz Ungarns mit Par 72 liegt der Magyar Golf Club Kisoroszi Golf Course. Nur 30 Autominuten von Budapest entfernt an der Nordspitze der Insel Szentendre gelegen, erobern die malerische Sch\u00f6nheit der 18 Bahnen auf 66 Hektar und die N\u00e4he zum Donauknie seit Anfang der 1980er Jahre die Herzen [&hellip;]\" \/>\n<meta property=\"og:url\" content=\"https:\/\/fairway2hotel.at\/en\/golfclubs\/ungarn\/gc-magyar\/\" \/>\n<meta property=\"og:site_name\" content=\"Fairway 2 Hotel\" \/>\n<meta property=\"article:modified_time\" content=\"2025-02-25T13:52:52+00:00\" \/>\n<meta name=\"twitter:card\" content=\"summary_large_image\" \/>\n<meta name=\"twitter:label1\" content=\"Est. reading time\" \/>\n\t<meta name=\"twitter:data1\" content=\"2 minutes\" \/>\n<script type=\"application\/ld+json\" class=\"yoast-schema-graph\">{\"@context\":\"https:\/\/schema.org\",\"@graph\":[{\"@type\":\"WebPage\",\"@id\":\"https:\/\/fairway2hotel.at\/en\/golfclubs\/ungarn\/gc-magyar\/\",\"url\":\"https:\/\/fairway2hotel.at\/en\/golfclubs\/ungarn\/gc-magyar\/\",\"name\":\"GC Magyar - Fairway 2 Hotel\",\"isPartOf\":{\"@id\":\"https:\/\/fairway2hotel.at\/en\/#website\"},\"datePublished\":\"2025-02-25T11:21:28+00:00\",\"dateModified\":\"2025-02-25T13:52:52+00:00\",\"breadcrumb\":{\"@id\":\"https:\/\/fairway2hotel.at\/en\/golfclubs\/ungarn\/gc-magyar\/#breadcrumb\"},\"inLanguage\":\"en-US\",\"potentialAction\":[{\"@type\":\"ReadAction\",\"target\":[\"https:\/\/fairway2hotel.at\/en\/golfclubs\/ungarn\/gc-magyar\/\"]}]},{\"@type\":\"BreadcrumbList\",\"@id\":\"https:\/\/fairway2hotel.at\/en\/golfclubs\/ungarn\/gc-magyar\/#breadcrumb\",\"itemListElement\":[{\"@type\":\"ListItem\",\"position\":1,\"name\":\"Home\",\"item\":\"https:\/\/fairway2hotel.at\/en\/\"},{\"@type\":\"ListItem\",\"position\":2,\"name\":\"Golfclubs\",\"item\":\"https:\/\/fairway2hotel.at\/en\/golfclubs\/\"},{\"@type\":\"ListItem\",\"position\":3,\"name\":\"Golfclubs Ungarn\",\"item\":\"https:\/\/fairway2hotel.at\/en\/golfclubs\/ungarn\/\"},{\"@type\":\"ListItem\",\"position\":4,\"name\":\"GC Magyar\"}]},{\"@type\":\"WebSite\",\"@id\":\"https:\/\/fairway2hotel.at\/en\/#website\",\"url\":\"https:\/\/fairway2hotel.at\/en\/\",\"name\":\"Fairway 2 Hotel\",\"description\":\"Golf at half price! 2 play - 1 pays\",\"potentialAction\":[{\"@type\":\"SearchAction\",\"target\":{\"@type\":\"EntryPoint\",\"urlTemplate\":\"https:\/\/fairway2hotel.at\/en\/?s={search_term_string}\"},\"query-input\":{\"@type\":\"PropertyValueSpecification\",\"valueRequired\":true,\"valueName\":\"search_term_string\"}}],\"inLanguage\":\"en-US\"}]}<\/script>\n<!-- \/ Yoast SEO plugin. -->","yoast_head_json":{"title":"GC Magyar - Fairway 2 Hotel","robots":{"index":"index","follow":"follow","max-snippet":"max-snippet:-1","max-image-preview":"max-image-preview:large","max-video-preview":"max-video-preview:-1"},"canonical":"https:\/\/fairway2hotel.at\/en\/golfclubs\/ungarn\/gc-magyar\/","og_locale":"en_US","og_type":"article","og_title":"GC Magyar - Fairway 2 Hotel","og_description":"Der Magyar Golfclub erwartet Sie Der \u00e4lteste 18-Loch-Golfplatz Ungarns mit Par 72 liegt der Magyar Golf Club Kisoroszi Golf Course. Nur 30 Autominuten von Budapest entfernt an der Nordspitze der Insel Szentendre gelegen, erobern die malerische Sch\u00f6nheit der 18 Bahnen auf 66 Hektar und die N\u00e4he zum Donauknie seit Anfang der 1980er Jahre die Herzen [&hellip;]","og_url":"https:\/\/fairway2hotel.at\/en\/golfclubs\/ungarn\/gc-magyar\/","og_site_name":"Fairway 2 Hotel","article_modified_time":"2025-02-25T13:52:52+00:00","twitter_card":"summary_large_image","twitter_misc":{"Est. reading time":"2 minutes"},"schema":{"@context":"https:\/\/schema.org","@graph":[{"@type":"WebPage","@id":"https:\/\/fairway2hotel.at\/en\/golfclubs\/ungarn\/gc-magyar\/","url":"https:\/\/fairway2hotel.at\/en\/golfclubs\/ungarn\/gc-magyar\/","name":"GC Magyar - Fairway 2 Hotel","isPartOf":{"@id":"https:\/\/fairway2hotel.at\/en\/#website"},"datePublished":"2025-02-25T11:21:28+00:00","dateModified":"2025-02-25T13:52:52+00:00","breadcrumb":{"@id":"https:\/\/fairway2hotel.at\/en\/golfclubs\/ungarn\/gc-magyar\/#breadcrumb"},"inLanguage":"en-US","potentialAction":[{"@type":"ReadAction","target":["https:\/\/fairway2hotel.at\/en\/golfclubs\/ungarn\/gc-magyar\/"]}]},{"@type":"BreadcrumbList","@id":"https:\/\/fairway2hotel.at\/en\/golfclubs\/ungarn\/gc-magyar\/#breadcrumb","itemListElement":[{"@type":"ListItem","position":1,"name":"Home","item":"https:\/\/fairway2hotel.at\/en\/"},{"@type":"ListItem","position":2,"name":"Golfclubs","item":"https:\/\/fairway2hotel.at\/en\/golfclubs\/"},{"@type":"ListItem","position":3,"name":"Golfclubs Ungarn","item":"https:\/\/fairway2hotel.at\/en\/golfclubs\/ungarn\/"},{"@type":"ListItem","position":4,"name":"GC Magyar"}]},{"@type":"WebSite","@id":"https:\/\/fairway2hotel.at\/en\/#website","url":"https:\/\/fairway2hotel.at\/en\/","name":"Fairway 2 Hotel","description":"Golf at half price! 2 play - 1 pays","potentialAction":[{"@type":"SearchAction","target":{"@type":"EntryPoint","urlTemplate":"https:\/\/fairway2hotel.at\/en\/?s={search_term_string}"},"query-input":{"@type":"PropertyValueSpecification","valueRequired":true,"valueName":"search_term_string"}}],"inLanguage":"en-US"}]}},"_links":{"self":[{"href":"https:\/\/fairway2hotel.at\/en\/wp-json\/wp\/v2\/pages\/46174","targetHints":{"allow":["GET"]}}],"collection":[{"href":"https:\/\/fairway2hotel.at\/en\/wp-json\/wp\/v2\/pages"}],"about":[{"href":"https:\/\/fairway2hotel.at\/en\/wp-json\/wp\/v2\/types\/page"}],"author":[{"embeddable":true,"href":"https:\/\/fairway2hotel.at\/en\/wp-json\/wp\/v2\/users\/24"}],"replies":[{"embeddable":true,"href":"https:\/\/fairway2hotel.at\/en\/wp-json\/wp\/v2\/comments?post=46174"}],"version-history":[{"count":4,"href":"https:\/\/fairway2hotel.at\/en\/wp-json\/wp\/v2\/pages\/46174\/revisions"}],"predecessor-version":[{"id":46191,"href":"https:\/\/fairway2hotel.at\/en\/wp-json\/wp\/v2\/pages\/46174\/revisions\/46191"}],"up":[{"embeddable":true,"href":"https:\/\/fairway2hotel.at\/en\/wp-json\/wp\/v2\/pages\/1725"}],"acf:attachment":[{"embeddable":true,"href":"https:\/\/fairway2hotel.at\/en\/wp-json\/wp\/v2\/media\/46186"},{"embeddable":true,"href":"https:\/\/fairway2hotel.at\/en\/wp-json\/wp\/v2\/media\/46184"},{"embeddable":true,"href":"https:\/\/fairway2hotel.at\/en\/wp-json\/wp\/v2\/media\/46180"},{"embeddable":true,"href":"https:\/\/fairway2hotel.at\/en\/wp-json\/wp\/v2\/media\/46178"},{"embeddable":true,"href":"https:\/\/fairway2hotel.at\/en\/wp-json\/wp\/v2\/media\/46182"}],"wp:attachment":[{"href":"https:\/\/fairway2hotel.at\/en\/wp-json\/wp\/v2\/media?parent=46174"}],"curies":[{"name":"wp","href":"https:\/\/api.w.org\/{rel}","templated":true}]}}