{"id":466,"date":"2009-07-06T22:12:01","date_gmt":"2009-07-06T20:12:01","guid":{"rendered":"https:\/\/f2h.app\/golfclub-laab-im-walde\/"},"modified":"2026-01-05T10:40:17","modified_gmt":"2026-01-05T09:40:17","slug":"golfclub-laab-im-walde","status":"publish","type":"page","link":"https:\/\/fairway2hotel.at\/en\/golfclubs\/niederoesterreich\/golfclub-laab-im-walde\/","title":{"rendered":"GC Laab im Walde"},"content":{"rendered":"<h2 data-canvas-width=\"111.02506911655213\">Kurs Challenge 9 \u2013 anspruchsvoller Turnierplatz, Kurs Compact 18 \u2013 \u00dcbungsplatz f\u00fcr jedermann<\/h2>\n<div data-canvas-width=\"232.89437208378286\">Mitten im Wienerwaldes gelegen, ist der Golfclub Laab mit seinen neu gestalteten Pl\u00e4tzen nur 10 Autominuten von Wien entfernt. Schon am ersten Loch entfaltet der Platz seine ganze Sch\u00f6nheit und Ruhe. Malerische Ausblicke auf die liebliche Landschaft des Wienerwaldes, das nahe Kloster, den Ortskern mit Kirche treffen auf anspruchsvolle, angenehm zu spielende L\u00f6cher. Wochenweise wechseln Kurs Challenge 9 und Kurs Compact 18, die Platz\u00f6ffnungszeiten siehe Homepage. Die gro\u00dfe Drivingrange bietet \u00fcberdachte Abschlagpl\u00e4tze samt Flutlichtanlage und\u00a030 Rasenabschlagpl\u00e4tze, mehrere Puttinggreens sowie Chipping- und Pitchingareas\u00a0mit \u00dcbungsbunkern. Wir bieten von gepr\u00fcften\u00a0PGA-Pros geleitete \u00d6GV-Platzreifekurse sowie\u00a0Einzelstunden mit flexiblen Unterrichtszeiten.<\/div>\n<h2 data-canvas-width=\"232.89437208378286\">Course Challenge 9 &#8211; demanding tournament, Course Compact 18 &#8211; practice course for everyone<\/h2>\n<p>Situated in the middle of the Vienna Woods, the Laab Golf Club with its newly designed courses is only a 10-minute drive from Vienna. The course reveals its beauty and tranquillity from the very first hole. Picturesque views of the lovely landscape of the Vienna Woods, the nearby monastery and the village centre with its church meet challenging holes that are pleasant to play. The Challenge 9 and Compact 18 courses alternate on a weekly basis, see homepage for opening times. The large driving range offers covered teeing grounds with floodlights and 30 grass teeing grounds, several putting greens as well as chipping and pitching areas with practice bunkers. We offer \u00d6GV course improvement courses led by certified PGA pros as well as individual lessons with flexible lesson times.<\/p>\n","protected":false},"excerpt":{"rendered":"<p>Kurs Challenge 9 \u2013 anspruchsvoller Turnierplatz, Kurs Compact 18 \u2013 \u00dcbungsplatz f\u00fcr jedermann Mitten im Wienerwaldes gelegen, ist der Golfclub Laab mit seinen neu gestalteten Pl\u00e4tzen nur 10 Autominuten von Wien entfernt. Schon am ersten Loch entfaltet der Platz seine ganze Sch\u00f6nheit und Ruhe. Malerische Ausblicke auf die liebliche Landschaft des Wienerwaldes, das nahe Kloster, [&hellip;]<\/p>\n","protected":false},"author":1,"featured_media":0,"parent":1448,"menu_order":8,"comment_status":"closed","ping_status":"closed","template":"page-partner.php","meta":{"_acf_changed":false,"footnotes":""},"class_list":["post-466","page","type-page","status-publish","hentry"],"acf":{"partner_infobox":"<strong>Adresse:\u00a0<\/strong>Hoffeldstra\u00dfe 1a, 2381 Laab im Walde\r\n\r\n<strong>Tel:\u00a0<\/strong>02239\/4392\r\n\r\n<strong>Web: <\/strong><a href=\"http:\/\/www.golflaab.at\" target=\"_blank\" rel=\"nofollow noopener noreferrer\">www.golflaab.at<\/a>\r\n\r\n<strong>E-Mail:<\/strong> <a href=\"mailto:office@golflaab.at\">office@golflaab.at<\/a>\r\n\r\n<strong>Spielbahn\/Par: <\/strong>18\/54 oder 9\/56 alternierend\r\n\r\n<strong>L\u00e4nge:\r\n<\/strong>Par 56: 2.792 m H\/D\r\nPar 55: 1.573 m H\/D\r\n\r\n<strong>Bedingungen:\u00a0<\/strong>Startzeitenreservierung notwendig.\u00a0GS gilt f\u00fcr aktuell gesteckten\u00a0Kurs, Info auf Homepage.\r\n\r\n<strong>Anfahrt:\u00a0<\/strong>Von Wien kommend\u00a0\u2192\u00a0Breitenfurter Str. bis Breitenfurt\u00a0folgend \u2013 am Laaber Spitz rechts\u00a0\u2192\u00a0Laab\u00a0\u2192\u00a0durch Laab\u00a0\u2192\u00a0ca. 100 m\u00a0nach der Ortstafel Laab Ende\u00a0finden Sie links unsere Golfanlage.","partner_logo":465,"partner_gallery":[464,46708],"partner_lat":48.152312,"partner_long":16.17093,"partner_type":"golfclub","partner_openings":["1","2","3","4","5","6","7"],"montag_von_bis":"00:00 - 24:00","dienstag_von_bis":"00:00 - 24:00","mittwoch_von_bis":"00:00 - 24:00","donnerstag_von_bis":"00:00 - 24:00","freitag_von_bis":"00:00 - 24:00","samstag_von_bis":"00:00 - 24:00","sonntag_von_bis":"00:00 - 24:00","partner_adresse":"Hoffeldstra\u00dfe 1a, 2381 Laab im Walde","partner_land_bundesland":"Nieder\u00f6sterreich","partner_tel_1":"","partner_tel_2":"0043 2239 4392","partner_web":"http:\/\/www.golflaab.at","partner_mail":"office@golflaab.at","partner_spielbahnen_par":"18\/54 oder 9\/56 alternierend","partner_laenge":"Par 56: 2.792 m H\/D Par 55: 1.573 m H\/D","partner_bedingungen":"Startzeitenreservierung notwendig.\u00a0GS gilt f\u00fcr aktuell gesteckten\u00a0Kurs, Info auf Homepage.\r\nStart time reservation necessary. voucher applies to current course, information on homepage.","partner_anfahrt":"Von Wien kommend\u00a0\u2192\u00a0Breitenfurter Str. bis Breitenfurt\u00a0folgend \u2013 am Laaber Spitz rechts\u00a0\u2192\u00a0Laab\u00a0\u2192\u00a0durch Laab\u00a0\u2192\u00a0ca. 100 m\u00a0nach der Ortstafel Laab Ende\u00a0finden Sie links unsere Golfanlage.","partner_misc":null,"additional_css_classes":""},"yoast_head":"<!-- This site is optimized with the Yoast SEO plugin v26.8 - https:\/\/yoast.com\/product\/yoast-seo-wordpress\/ -->\n<title>GC Laab im Walde - Fairway 2 Hotel<\/title>\n<meta name=\"robots\" content=\"index, follow, max-snippet:-1, max-image-preview:large, max-video-preview:-1\" \/>\n<link rel=\"canonical\" href=\"https:\/\/fairway2hotel.at\/en\/golfclubs\/niederoesterreich\/golfclub-laab-im-walde\/\" \/>\n<meta property=\"og:locale\" content=\"en_US\" \/>\n<meta property=\"og:type\" content=\"article\" \/>\n<meta property=\"og:title\" content=\"GC Laab im Walde - Fairway 2 Hotel\" \/>\n<meta property=\"og:description\" content=\"Kurs Challenge 9 \u2013 anspruchsvoller Turnierplatz, Kurs Compact 18 \u2013 \u00dcbungsplatz f\u00fcr jedermann Mitten im Wienerwaldes gelegen, ist der Golfclub Laab mit seinen neu gestalteten Pl\u00e4tzen nur 10 Autominuten von Wien entfernt. Schon am ersten Loch entfaltet der Platz seine ganze Sch\u00f6nheit und Ruhe. Malerische Ausblicke auf die liebliche Landschaft des Wienerwaldes, das nahe Kloster, [&hellip;]\" \/>\n<meta property=\"og:url\" content=\"https:\/\/fairway2hotel.at\/en\/golfclubs\/niederoesterreich\/golfclub-laab-im-walde\/\" \/>\n<meta property=\"og:site_name\" content=\"Fairway 2 Hotel\" \/>\n<meta property=\"article:modified_time\" content=\"2026-01-05T09:40:17+00:00\" \/>\n<meta name=\"twitter:card\" content=\"summary_large_image\" \/>\n<meta name=\"twitter:label1\" content=\"Est. reading time\" \/>\n\t<meta name=\"twitter:data1\" content=\"2 minutes\" \/>\n<script type=\"application\/ld+json\" class=\"yoast-schema-graph\">{\"@context\":\"https:\/\/schema.org\",\"@graph\":[{\"@type\":\"WebPage\",\"@id\":\"https:\/\/fairway2hotel.at\/en\/golfclubs\/niederoesterreich\/golfclub-laab-im-walde\/\",\"url\":\"https:\/\/fairway2hotel.at\/en\/golfclubs\/niederoesterreich\/golfclub-laab-im-walde\/\",\"name\":\"GC Laab im Walde - Fairway 2 Hotel\",\"isPartOf\":{\"@id\":\"https:\/\/fairway2hotel.at\/en\/#website\"},\"datePublished\":\"2009-07-06T20:12:01+00:00\",\"dateModified\":\"2026-01-05T09:40:17+00:00\",\"breadcrumb\":{\"@id\":\"https:\/\/fairway2hotel.at\/en\/golfclubs\/niederoesterreich\/golfclub-laab-im-walde\/#breadcrumb\"},\"inLanguage\":\"en-US\",\"potentialAction\":[{\"@type\":\"ReadAction\",\"target\":[\"https:\/\/fairway2hotel.at\/en\/golfclubs\/niederoesterreich\/golfclub-laab-im-walde\/\"]}]},{\"@type\":\"BreadcrumbList\",\"@id\":\"https:\/\/fairway2hotel.at\/en\/golfclubs\/niederoesterreich\/golfclub-laab-im-walde\/#breadcrumb\",\"itemListElement\":[{\"@type\":\"ListItem\",\"position\":1,\"name\":\"Home\",\"item\":\"https:\/\/fairway2hotel.at\/en\/\"},{\"@type\":\"ListItem\",\"position\":2,\"name\":\"Golfclubs\",\"item\":\"https:\/\/fairway2hotel.at\/en\/golfclubs\/\"},{\"@type\":\"ListItem\",\"position\":3,\"name\":\"Golfclubs Nieder\u00f6sterreich\",\"item\":\"https:\/\/fairway2hotel.at\/en\/golfclubs\/niederoesterreich\/\"},{\"@type\":\"ListItem\",\"position\":4,\"name\":\"GC Laab im Walde\"}]},{\"@type\":\"WebSite\",\"@id\":\"https:\/\/fairway2hotel.at\/en\/#website\",\"url\":\"https:\/\/fairway2hotel.at\/en\/\",\"name\":\"Fairway 2 Hotel\",\"description\":\"Golf at half price! 2 play - 1 pays\",\"potentialAction\":[{\"@type\":\"SearchAction\",\"target\":{\"@type\":\"EntryPoint\",\"urlTemplate\":\"https:\/\/fairway2hotel.at\/en\/?s={search_term_string}\"},\"query-input\":{\"@type\":\"PropertyValueSpecification\",\"valueRequired\":true,\"valueName\":\"search_term_string\"}}],\"inLanguage\":\"en-US\"}]}<\/script>\n<!-- \/ Yoast SEO plugin. -->","yoast_head_json":{"title":"GC Laab im Walde - Fairway 2 Hotel","robots":{"index":"index","follow":"follow","max-snippet":"max-snippet:-1","max-image-preview":"max-image-preview:large","max-video-preview":"max-video-preview:-1"},"canonical":"https:\/\/fairway2hotel.at\/en\/golfclubs\/niederoesterreich\/golfclub-laab-im-walde\/","og_locale":"en_US","og_type":"article","og_title":"GC Laab im Walde - Fairway 2 Hotel","og_description":"Kurs Challenge 9 \u2013 anspruchsvoller Turnierplatz, Kurs Compact 18 \u2013 \u00dcbungsplatz f\u00fcr jedermann Mitten im Wienerwaldes gelegen, ist der Golfclub Laab mit seinen neu gestalteten Pl\u00e4tzen nur 10 Autominuten von Wien entfernt. Schon am ersten Loch entfaltet der Platz seine ganze Sch\u00f6nheit und Ruhe. Malerische Ausblicke auf die liebliche Landschaft des Wienerwaldes, das nahe Kloster, [&hellip;]","og_url":"https:\/\/fairway2hotel.at\/en\/golfclubs\/niederoesterreich\/golfclub-laab-im-walde\/","og_site_name":"Fairway 2 Hotel","article_modified_time":"2026-01-05T09:40:17+00:00","twitter_card":"summary_large_image","twitter_misc":{"Est. reading time":"2 minutes"},"schema":{"@context":"https:\/\/schema.org","@graph":[{"@type":"WebPage","@id":"https:\/\/fairway2hotel.at\/en\/golfclubs\/niederoesterreich\/golfclub-laab-im-walde\/","url":"https:\/\/fairway2hotel.at\/en\/golfclubs\/niederoesterreich\/golfclub-laab-im-walde\/","name":"GC Laab im Walde - Fairway 2 Hotel","isPartOf":{"@id":"https:\/\/fairway2hotel.at\/en\/#website"},"datePublished":"2009-07-06T20:12:01+00:00","dateModified":"2026-01-05T09:40:17+00:00","breadcrumb":{"@id":"https:\/\/fairway2hotel.at\/en\/golfclubs\/niederoesterreich\/golfclub-laab-im-walde\/#breadcrumb"},"inLanguage":"en-US","potentialAction":[{"@type":"ReadAction","target":["https:\/\/fairway2hotel.at\/en\/golfclubs\/niederoesterreich\/golfclub-laab-im-walde\/"]}]},{"@type":"BreadcrumbList","@id":"https:\/\/fairway2hotel.at\/en\/golfclubs\/niederoesterreich\/golfclub-laab-im-walde\/#breadcrumb","itemListElement":[{"@type":"ListItem","position":1,"name":"Home","item":"https:\/\/fairway2hotel.at\/en\/"},{"@type":"ListItem","position":2,"name":"Golfclubs","item":"https:\/\/fairway2hotel.at\/en\/golfclubs\/"},{"@type":"ListItem","position":3,"name":"Golfclubs Nieder\u00f6sterreich","item":"https:\/\/fairway2hotel.at\/en\/golfclubs\/niederoesterreich\/"},{"@type":"ListItem","position":4,"name":"GC Laab im Walde"}]},{"@type":"WebSite","@id":"https:\/\/fairway2hotel.at\/en\/#website","url":"https:\/\/fairway2hotel.at\/en\/","name":"Fairway 2 Hotel","description":"Golf at half price! 2 play - 1 pays","potentialAction":[{"@type":"SearchAction","target":{"@type":"EntryPoint","urlTemplate":"https:\/\/fairway2hotel.at\/en\/?s={search_term_string}"},"query-input":{"@type":"PropertyValueSpecification","valueRequired":true,"valueName":"search_term_string"}}],"inLanguage":"en-US"}]}},"_links":{"self":[{"href":"https:\/\/fairway2hotel.at\/en\/wp-json\/wp\/v2\/pages\/466","targetHints":{"allow":["GET"]}}],"collection":[{"href":"https:\/\/fairway2hotel.at\/en\/wp-json\/wp\/v2\/pages"}],"about":[{"href":"https:\/\/fairway2hotel.at\/en\/wp-json\/wp\/v2\/types\/page"}],"author":[{"embeddable":true,"href":"https:\/\/fairway2hotel.at\/en\/wp-json\/wp\/v2\/users\/1"}],"replies":[{"embeddable":true,"href":"https:\/\/fairway2hotel.at\/en\/wp-json\/wp\/v2\/comments?post=466"}],"version-history":[{"count":17,"href":"https:\/\/fairway2hotel.at\/en\/wp-json\/wp\/v2\/pages\/466\/revisions"}],"predecessor-version":[{"id":52249,"href":"https:\/\/fairway2hotel.at\/en\/wp-json\/wp\/v2\/pages\/466\/revisions\/52249"}],"up":[{"embeddable":true,"href":"https:\/\/fairway2hotel.at\/en\/wp-json\/wp\/v2\/pages\/1448"}],"acf:attachment":[{"embeddable":true,"href":"https:\/\/fairway2hotel.at\/en\/wp-json\/wp\/v2\/media\/46708"},{"embeddable":true,"href":"https:\/\/fairway2hotel.at\/en\/wp-json\/wp\/v2\/media\/464"}],"wp:attachment":[{"href":"https:\/\/fairway2hotel.at\/en\/wp-json\/wp\/v2\/media?parent=466"}],"curies":[{"name":"wp","href":"https:\/\/api.w.org\/{rel}","templated":true}]}}