{"id":47087,"date":"2025-03-29T15:07:17","date_gmt":"2025-03-29T14:07:17","guid":{"rendered":"https:\/\/fairway2hotel.at\/golfclubs\/spanien-festland\/gc-fairplay-golf-spa-resort-copy\/"},"modified":"2026-01-13T13:07:10","modified_gmt":"2026-01-13T12:07:10","slug":"gc-arcos-golf-club-garden-estate","status":"publish","type":"page","link":"https:\/\/fairway2hotel.at\/en\/golfclubs\/spanien-festland\/gc-arcos-golf-club-garden-estate\/","title":{"rendered":"GC Arcos Golf Club &#038; Garden Estate"},"content":{"rendered":"<h2>Arcos Golf \u2013 ein Juwel in Andalusien<\/h2>\n<p>Landmark, die Architekten von PGA West, Palm Beach Polo und dem Ocean Course auf Kiawah Island haben auch diesen herrlichen Golfplatz entworfen. Der in Andalusien gelegene Kurs bietet gleichzeitig Profis eine Herausforderung und bietet auch ein unvergessliches Erlebnis f\u00fcr Amateure.<\/p>\n<p>Strategisch platzierte Bunker und Seen, breite, fehlerverzeihende Fairways kennzeichnen den Platz, dennoch ben\u00f6tigt man enorme Genauigkeit bei der Ann\u00e4herung an die Gr\u00fcns. Der Blick auf die umliegenden Seen und die Klippenstadt Arcos de la Frontera, ist alleine eine Reise wert!<\/p>\n<p>&nbsp;<\/p>\n<p>&nbsp;<\/p>\n<h2>Arcos Golf-a jewel in Andalucia<\/h2>\n<p>Landmark, the architects of PGA West, Palm Beach Polo and the Ocean Course on Kiawah Island have also designed this marvellous golf course. Located in Andalusia, the course offers both a challenge for professionals and an unforgettable experience for amateurs.<\/p>\n<p>Strategically placed bunkers and lakes, wide, forgiving fairways characterise the course, yet enormous accuracy is required when approaching the greens. The view of the surrounding lakes and the cliff-top town of Arcos de la Frontera is worth the journey alone!<\/p>\n<p>&nbsp;<\/p>\n<p>&nbsp;<\/p>\n","protected":false},"excerpt":{"rendered":"<p>Arcos Golf \u2013 ein Juwel in Andalusien Landmark, die Architekten von PGA West, Palm Beach Polo und dem Ocean Course auf Kiawah Island haben auch diesen herrlichen Golfplatz entworfen. Der in Andalusien gelegene Kurs bietet gleichzeitig Profis eine Herausforderung und bietet auch ein unvergessliches Erlebnis f\u00fcr Amateure. Strategisch platzierte Bunker und Seen, breite, fehlerverzeihende Fairways [&hellip;]<\/p>\n","protected":false},"author":24,"featured_media":0,"parent":37552,"menu_order":0,"comment_status":"closed","ping_status":"closed","template":"page-partner.php","meta":{"_acf_changed":false,"footnotes":""},"class_list":["post-47087","page","type-page","status-publish","hentry"],"acf":{"partner_infobox":"","partner_logo":null,"partner_gallery":[47095,47099,47089,47091,47093,47097,47101],"partner_lat":36.72625056170431,"partner_long":-5.762491259187373,"partner_type":"golfclub","partner_openings":["1","2","3","4","5","6","7"],"montag_von_bis":"00:00 - 24:00","dienstag_von_bis":"00:00 - 24:00","mittwoch_von_bis":"00:00 - 24:00","donnerstag_von_bis":"00:00 - 24:00","freitag_von_bis":"00:00 - 24:00","samstag_von_bis":"00:00 - 24:00","sonntag_von_bis":"00:00 - 24:00","partner_adresse":"Carretera Arcos-Algar Km 3,  E-11630 Arcos de la Frontera, C\u00e1diz, Spanien","partner_land_bundesland":"Spanien\/Andalusien","partner_tel_1":" +34 956 70 41 31","partner_tel_2":"","partner_web":"https:\/\/arcosgardensgolf.com\/","partner_mail":"golf@arcosgolf.com","partner_spielbahnen_par":"18\/72","partner_laenge":"","partner_bedingungen":"","partner_anfahrt":"","partner_misc":null,"additional_css_classes":""},"yoast_head":"<!-- This site is optimized with the Yoast SEO plugin v26.8 - https:\/\/yoast.com\/product\/yoast-seo-wordpress\/ -->\n<title>GC Arcos Golf Club &amp; Garden Estate - Fairway 2 Hotel<\/title>\n<meta name=\"robots\" content=\"index, follow, max-snippet:-1, max-image-preview:large, max-video-preview:-1\" \/>\n<link rel=\"canonical\" href=\"https:\/\/fairway2hotel.at\/en\/golfclubs\/spanien-festland\/gc-arcos-golf-club-garden-estate\/\" \/>\n<meta property=\"og:locale\" content=\"en_US\" \/>\n<meta property=\"og:type\" content=\"article\" \/>\n<meta property=\"og:title\" content=\"GC Arcos Golf Club &amp; Garden Estate - Fairway 2 Hotel\" \/>\n<meta property=\"og:description\" content=\"Arcos Golf \u2013 ein Juwel in Andalusien Landmark, die Architekten von PGA West, Palm Beach Polo und dem Ocean Course auf Kiawah Island haben auch diesen herrlichen Golfplatz entworfen. Der in Andalusien gelegene Kurs bietet gleichzeitig Profis eine Herausforderung und bietet auch ein unvergessliches Erlebnis f\u00fcr Amateure. Strategisch platzierte Bunker und Seen, breite, fehlerverzeihende Fairways [&hellip;]\" \/>\n<meta property=\"og:url\" content=\"https:\/\/fairway2hotel.at\/en\/golfclubs\/spanien-festland\/gc-arcos-golf-club-garden-estate\/\" \/>\n<meta property=\"og:site_name\" content=\"Fairway 2 Hotel\" \/>\n<meta property=\"article:modified_time\" content=\"2026-01-13T12:07:10+00:00\" \/>\n<meta name=\"twitter:card\" content=\"summary_large_image\" \/>\n<meta name=\"twitter:label1\" content=\"Est. reading time\" \/>\n\t<meta name=\"twitter:data1\" content=\"1 minute\" \/>\n<script type=\"application\/ld+json\" class=\"yoast-schema-graph\">{\"@context\":\"https:\/\/schema.org\",\"@graph\":[{\"@type\":\"WebPage\",\"@id\":\"https:\/\/fairway2hotel.at\/en\/golfclubs\/spanien-festland\/gc-arcos-golf-club-garden-estate\/\",\"url\":\"https:\/\/fairway2hotel.at\/en\/golfclubs\/spanien-festland\/gc-arcos-golf-club-garden-estate\/\",\"name\":\"GC Arcos Golf Club & Garden Estate - Fairway 2 Hotel\",\"isPartOf\":{\"@id\":\"https:\/\/fairway2hotel.at\/en\/#website\"},\"datePublished\":\"2025-03-29T14:07:17+00:00\",\"dateModified\":\"2026-01-13T12:07:10+00:00\",\"breadcrumb\":{\"@id\":\"https:\/\/fairway2hotel.at\/en\/golfclubs\/spanien-festland\/gc-arcos-golf-club-garden-estate\/#breadcrumb\"},\"inLanguage\":\"en-US\",\"potentialAction\":[{\"@type\":\"ReadAction\",\"target\":[\"https:\/\/fairway2hotel.at\/en\/golfclubs\/spanien-festland\/gc-arcos-golf-club-garden-estate\/\"]}]},{\"@type\":\"BreadcrumbList\",\"@id\":\"https:\/\/fairway2hotel.at\/en\/golfclubs\/spanien-festland\/gc-arcos-golf-club-garden-estate\/#breadcrumb\",\"itemListElement\":[{\"@type\":\"ListItem\",\"position\":1,\"name\":\"Home\",\"item\":\"https:\/\/fairway2hotel.at\/en\/\"},{\"@type\":\"ListItem\",\"position\":2,\"name\":\"Golfclubs\",\"item\":\"https:\/\/fairway2hotel.at\/en\/golfclubs\/\"},{\"@type\":\"ListItem\",\"position\":3,\"name\":\"Golfclubs Festland\",\"item\":\"https:\/\/fairway2hotel.at\/en\/golfclubs\/spanien-festland\/\"},{\"@type\":\"ListItem\",\"position\":4,\"name\":\"GC Arcos Golf Club &#038; Garden Estate\"}]},{\"@type\":\"WebSite\",\"@id\":\"https:\/\/fairway2hotel.at\/en\/#website\",\"url\":\"https:\/\/fairway2hotel.at\/en\/\",\"name\":\"Fairway 2 Hotel\",\"description\":\"Golf at half price! 2 play - 1 pays\",\"potentialAction\":[{\"@type\":\"SearchAction\",\"target\":{\"@type\":\"EntryPoint\",\"urlTemplate\":\"https:\/\/fairway2hotel.at\/en\/?s={search_term_string}\"},\"query-input\":{\"@type\":\"PropertyValueSpecification\",\"valueRequired\":true,\"valueName\":\"search_term_string\"}}],\"inLanguage\":\"en-US\"}]}<\/script>\n<!-- \/ Yoast SEO plugin. -->","yoast_head_json":{"title":"GC Arcos Golf Club & Garden Estate - Fairway 2 Hotel","robots":{"index":"index","follow":"follow","max-snippet":"max-snippet:-1","max-image-preview":"max-image-preview:large","max-video-preview":"max-video-preview:-1"},"canonical":"https:\/\/fairway2hotel.at\/en\/golfclubs\/spanien-festland\/gc-arcos-golf-club-garden-estate\/","og_locale":"en_US","og_type":"article","og_title":"GC Arcos Golf Club & Garden Estate - Fairway 2 Hotel","og_description":"Arcos Golf \u2013 ein Juwel in Andalusien Landmark, die Architekten von PGA West, Palm Beach Polo und dem Ocean Course auf Kiawah Island haben auch diesen herrlichen Golfplatz entworfen. Der in Andalusien gelegene Kurs bietet gleichzeitig Profis eine Herausforderung und bietet auch ein unvergessliches Erlebnis f\u00fcr Amateure. Strategisch platzierte Bunker und Seen, breite, fehlerverzeihende Fairways [&hellip;]","og_url":"https:\/\/fairway2hotel.at\/en\/golfclubs\/spanien-festland\/gc-arcos-golf-club-garden-estate\/","og_site_name":"Fairway 2 Hotel","article_modified_time":"2026-01-13T12:07:10+00:00","twitter_card":"summary_large_image","twitter_misc":{"Est. reading time":"1 minute"},"schema":{"@context":"https:\/\/schema.org","@graph":[{"@type":"WebPage","@id":"https:\/\/fairway2hotel.at\/en\/golfclubs\/spanien-festland\/gc-arcos-golf-club-garden-estate\/","url":"https:\/\/fairway2hotel.at\/en\/golfclubs\/spanien-festland\/gc-arcos-golf-club-garden-estate\/","name":"GC Arcos Golf Club & Garden Estate - Fairway 2 Hotel","isPartOf":{"@id":"https:\/\/fairway2hotel.at\/en\/#website"},"datePublished":"2025-03-29T14:07:17+00:00","dateModified":"2026-01-13T12:07:10+00:00","breadcrumb":{"@id":"https:\/\/fairway2hotel.at\/en\/golfclubs\/spanien-festland\/gc-arcos-golf-club-garden-estate\/#breadcrumb"},"inLanguage":"en-US","potentialAction":[{"@type":"ReadAction","target":["https:\/\/fairway2hotel.at\/en\/golfclubs\/spanien-festland\/gc-arcos-golf-club-garden-estate\/"]}]},{"@type":"BreadcrumbList","@id":"https:\/\/fairway2hotel.at\/en\/golfclubs\/spanien-festland\/gc-arcos-golf-club-garden-estate\/#breadcrumb","itemListElement":[{"@type":"ListItem","position":1,"name":"Home","item":"https:\/\/fairway2hotel.at\/en\/"},{"@type":"ListItem","position":2,"name":"Golfclubs","item":"https:\/\/fairway2hotel.at\/en\/golfclubs\/"},{"@type":"ListItem","position":3,"name":"Golfclubs Festland","item":"https:\/\/fairway2hotel.at\/en\/golfclubs\/spanien-festland\/"},{"@type":"ListItem","position":4,"name":"GC Arcos Golf Club &#038; Garden Estate"}]},{"@type":"WebSite","@id":"https:\/\/fairway2hotel.at\/en\/#website","url":"https:\/\/fairway2hotel.at\/en\/","name":"Fairway 2 Hotel","description":"Golf at half price! 2 play - 1 pays","potentialAction":[{"@type":"SearchAction","target":{"@type":"EntryPoint","urlTemplate":"https:\/\/fairway2hotel.at\/en\/?s={search_term_string}"},"query-input":{"@type":"PropertyValueSpecification","valueRequired":true,"valueName":"search_term_string"}}],"inLanguage":"en-US"}]}},"_links":{"self":[{"href":"https:\/\/fairway2hotel.at\/en\/wp-json\/wp\/v2\/pages\/47087","targetHints":{"allow":["GET"]}}],"collection":[{"href":"https:\/\/fairway2hotel.at\/en\/wp-json\/wp\/v2\/pages"}],"about":[{"href":"https:\/\/fairway2hotel.at\/en\/wp-json\/wp\/v2\/types\/page"}],"author":[{"embeddable":true,"href":"https:\/\/fairway2hotel.at\/en\/wp-json\/wp\/v2\/users\/24"}],"replies":[{"embeddable":true,"href":"https:\/\/fairway2hotel.at\/en\/wp-json\/wp\/v2\/comments?post=47087"}],"version-history":[{"count":5,"href":"https:\/\/fairway2hotel.at\/en\/wp-json\/wp\/v2\/pages\/47087\/revisions"}],"predecessor-version":[{"id":52358,"href":"https:\/\/fairway2hotel.at\/en\/wp-json\/wp\/v2\/pages\/47087\/revisions\/52358"}],"up":[{"embeddable":true,"href":"https:\/\/fairway2hotel.at\/en\/wp-json\/wp\/v2\/pages\/37552"}],"acf:attachment":[{"embeddable":true,"href":"https:\/\/fairway2hotel.at\/en\/wp-json\/wp\/v2\/media\/47101"},{"embeddable":true,"href":"https:\/\/fairway2hotel.at\/en\/wp-json\/wp\/v2\/media\/47097"},{"embeddable":true,"href":"https:\/\/fairway2hotel.at\/en\/wp-json\/wp\/v2\/media\/47093"},{"embeddable":true,"href":"https:\/\/fairway2hotel.at\/en\/wp-json\/wp\/v2\/media\/47091"},{"embeddable":true,"href":"https:\/\/fairway2hotel.at\/en\/wp-json\/wp\/v2\/media\/47089"},{"embeddable":true,"href":"https:\/\/fairway2hotel.at\/en\/wp-json\/wp\/v2\/media\/47099"},{"embeddable":true,"href":"https:\/\/fairway2hotel.at\/en\/wp-json\/wp\/v2\/media\/47095"}],"wp:attachment":[{"href":"https:\/\/fairway2hotel.at\/en\/wp-json\/wp\/v2\/media?parent=47087"}],"curies":[{"name":"wp","href":"https:\/\/api.w.org\/{rel}","templated":true}]}}