{"id":47579,"date":"2025-04-04T11:51:16","date_gmt":"2025-04-04T09:51:16","guid":{"rendered":"https:\/\/fairway2hotel.at\/?page_id=47579"},"modified":"2025-11-20T16:34:11","modified_gmt":"2025-11-20T15:34:11","slug":"gc-montecastillo-barcelo-golf-club","status":"publish","type":"page","link":"https:\/\/fairway2hotel.at\/en\/golfclubs\/spanien-festland\/gc-montecastillo-barcelo-golf-club\/","title":{"rendered":"GC Montecastillo Barcelo Golf Club"},"content":{"rendered":"<h2>Eine Oase der Ruhe und Exklusivit\u00e4t in unmittelbarer N\u00e4he des sch\u00f6nen Jerez<\/h2>\n<p>Dieser, von <strong>Jack Nicklaus<\/strong> entworfener 18-Loch-Golfplatz auf 160 Hektar mit 18 spektakul\u00e4ren L\u00f6chern ist umgeben von einer fantastischen nat\u00fcrlichen Umgebung und einer Burg aus dem 19. Jahrhundert am Stadtrand von Jerez de la Frontera. Dieses Resort hat eine privilegierte Lage neben dem ber\u00fchmten Speed Circuit, eine halbe Stunde vom Strand entfernt und nur 10 min. vom Flughafen der Stadt. Sowohl Anf\u00e4nger als auch fortgeschrittenen Golfern wird hier alles abverlangt. Die \u00e4u\u00dferst gepflegten Gr\u00fcns sind sehr gut mit Bunkern gesch\u00fctzt, pr\u00e4zises Spiel ist hier Voraussetzung um einen guten score ins Ziel zu bringen.<\/p>\n<p>Anschlie\u00dfend k\u00f6nnen Sie auf der herrlichen Terrasse des 5-Sterne-Resort Barcel\u00f3 Montecastillo Golf &amp; Sport\u00a0Hotels den Tag bei einem Glas gepflegten Weines und internationalen und regionalen Spezialit\u00e4ten ausklingen lassen.<\/p>\n<h2>An oasis of peace and exclusivity in the immediate vicinity of beautiful Jerez<\/h2>\n<p>This 18-hole golf course, designed by <strong>Jack Nicklaus<\/strong>, covers 160 hectares with 18 spectacular holes and is surrounded by a fantastic natural environment and a 19th century castle on the outskirts of Jerez de la Frontera. This resort has a privileged location next to the famous Speed Circuit, half an hour from the beach and only 10 minutes from the city&#8217;s airport. Both beginners and advanced golfers will be challenged here. The extremely well-kept greens are very well protected with bunkers, so a precise game is essential to achieve a good score<\/p>\n<p>Afterwards, you can round off the day with a glass of fine wine and international and regional specialities on the magnificent terrace of the 5-star Barcel\u00f3 Montecastillo Golf &amp; Sport Hotel.<\/p>\n<p>&nbsp;<\/p>\n","protected":false},"excerpt":{"rendered":"<p>Eine Oase der Ruhe und Exklusivit\u00e4t in unmittelbarer N\u00e4he des sch\u00f6nen Jerez Dieser, von Jack Nicklaus entworfener 18-Loch-Golfplatz auf 160 Hektar mit 18 spektakul\u00e4ren L\u00f6chern ist umgeben von einer fantastischen nat\u00fcrlichen Umgebung und einer Burg aus dem 19. Jahrhundert am Stadtrand von Jerez de la Frontera. Dieses Resort hat eine privilegierte Lage neben dem ber\u00fchmten [&hellip;]<\/p>\n","protected":false},"author":24,"featured_media":0,"parent":37552,"menu_order":0,"comment_status":"closed","ping_status":"closed","template":"page-partner.php","meta":{"_acf_changed":false,"footnotes":""},"class_list":["post-47579","page","type-page","status-publish","hentry"],"acf":{"partner_infobox":"","partner_logo":null,"partner_gallery":[47586,47580],"partner_lat":36.70248888703693,"partner_long":-6.038296389867279,"partner_type":"golfclub","partner_openings":["1","2","3","4","5","6","7"],"montag_von_bis":"00:00 - 24:00","dienstag_von_bis":"00:00 - 24:00","mittwoch_von_bis":"00:00 - 24:00","donnerstag_von_bis":"00:00 - 24:00","freitag_von_bis":"00:00 - 24:00","samstag_von_bis":"00:00 - 24:00","sonntag_von_bis":"00:00 - 24:00","partner_adresse":"Ctra. de Arcos, Km 6, E-11406 Jerez de la Frontera, C\u00e1diz, Spanien","partner_land_bundesland":"Spanien\/Andalusien","partner_tel_1":"+34 956 15 12 00","partner_tel_2":"","partner_web":"https:\/\/www.barcelo.com\/de-de\/barcelo-montecastillo-golf\/","partner_mail":"montecastillo.golf@barcelo.com","partner_spielbahnen_par":"18\/72","partner_laenge":"","partner_bedingungen":"Greenfee Nebensaison: \u20ac70,--Greenfee Mittelsaison: \u20ac80,--, Greenfee Hochsaison: \u20ac90,--\r\nGreenfee low season: \u20ac70,-- Greenfee mid season: \u20ac80,--Greenfee high season: \u20ac90,--","partner_anfahrt":"","partner_misc":null,"additional_css_classes":""},"yoast_head":"<!-- This site is optimized with the Yoast SEO plugin v26.8 - https:\/\/yoast.com\/product\/yoast-seo-wordpress\/ -->\n<title>GC Montecastillo Barcelo Golf Club - Fairway 2 Hotel<\/title>\n<meta name=\"robots\" content=\"index, follow, max-snippet:-1, max-image-preview:large, max-video-preview:-1\" \/>\n<link rel=\"canonical\" href=\"https:\/\/fairway2hotel.at\/en\/golfclubs\/spanien-festland\/gc-montecastillo-barcelo-golf-club\/\" \/>\n<meta property=\"og:locale\" content=\"en_US\" \/>\n<meta property=\"og:type\" content=\"article\" \/>\n<meta property=\"og:title\" content=\"GC Montecastillo Barcelo Golf Club - Fairway 2 Hotel\" \/>\n<meta property=\"og:description\" content=\"Eine Oase der Ruhe und Exklusivit\u00e4t in unmittelbarer N\u00e4he des sch\u00f6nen Jerez Dieser, von Jack Nicklaus entworfener 18-Loch-Golfplatz auf 160 Hektar mit 18 spektakul\u00e4ren L\u00f6chern ist umgeben von einer fantastischen nat\u00fcrlichen Umgebung und einer Burg aus dem 19. Jahrhundert am Stadtrand von Jerez de la Frontera. Dieses Resort hat eine privilegierte Lage neben dem ber\u00fchmten [&hellip;]\" \/>\n<meta property=\"og:url\" content=\"https:\/\/fairway2hotel.at\/en\/golfclubs\/spanien-festland\/gc-montecastillo-barcelo-golf-club\/\" \/>\n<meta property=\"og:site_name\" content=\"Fairway 2 Hotel\" \/>\n<meta property=\"article:modified_time\" content=\"2025-11-20T15:34:11+00:00\" \/>\n<meta name=\"twitter:card\" content=\"summary_large_image\" \/>\n<meta name=\"twitter:label1\" content=\"Est. reading time\" \/>\n\t<meta name=\"twitter:data1\" content=\"2 minutes\" \/>\n<script type=\"application\/ld+json\" class=\"yoast-schema-graph\">{\"@context\":\"https:\/\/schema.org\",\"@graph\":[{\"@type\":\"WebPage\",\"@id\":\"https:\/\/fairway2hotel.at\/en\/golfclubs\/spanien-festland\/gc-montecastillo-barcelo-golf-club\/\",\"url\":\"https:\/\/fairway2hotel.at\/en\/golfclubs\/spanien-festland\/gc-montecastillo-barcelo-golf-club\/\",\"name\":\"GC Montecastillo Barcelo Golf Club - Fairway 2 Hotel\",\"isPartOf\":{\"@id\":\"https:\/\/fairway2hotel.at\/en\/#website\"},\"datePublished\":\"2025-04-04T09:51:16+00:00\",\"dateModified\":\"2025-11-20T15:34:11+00:00\",\"breadcrumb\":{\"@id\":\"https:\/\/fairway2hotel.at\/en\/golfclubs\/spanien-festland\/gc-montecastillo-barcelo-golf-club\/#breadcrumb\"},\"inLanguage\":\"en-US\",\"potentialAction\":[{\"@type\":\"ReadAction\",\"target\":[\"https:\/\/fairway2hotel.at\/en\/golfclubs\/spanien-festland\/gc-montecastillo-barcelo-golf-club\/\"]}]},{\"@type\":\"BreadcrumbList\",\"@id\":\"https:\/\/fairway2hotel.at\/en\/golfclubs\/spanien-festland\/gc-montecastillo-barcelo-golf-club\/#breadcrumb\",\"itemListElement\":[{\"@type\":\"ListItem\",\"position\":1,\"name\":\"Home\",\"item\":\"https:\/\/fairway2hotel.at\/en\/\"},{\"@type\":\"ListItem\",\"position\":2,\"name\":\"Golfclubs\",\"item\":\"https:\/\/fairway2hotel.at\/en\/golfclubs\/\"},{\"@type\":\"ListItem\",\"position\":3,\"name\":\"Golfclubs Festland\",\"item\":\"https:\/\/fairway2hotel.at\/en\/golfclubs\/spanien-festland\/\"},{\"@type\":\"ListItem\",\"position\":4,\"name\":\"GC Montecastillo Barcelo Golf Club\"}]},{\"@type\":\"WebSite\",\"@id\":\"https:\/\/fairway2hotel.at\/en\/#website\",\"url\":\"https:\/\/fairway2hotel.at\/en\/\",\"name\":\"Fairway 2 Hotel\",\"description\":\"Golf at half price! 2 play - 1 pays\",\"potentialAction\":[{\"@type\":\"SearchAction\",\"target\":{\"@type\":\"EntryPoint\",\"urlTemplate\":\"https:\/\/fairway2hotel.at\/en\/?s={search_term_string}\"},\"query-input\":{\"@type\":\"PropertyValueSpecification\",\"valueRequired\":true,\"valueName\":\"search_term_string\"}}],\"inLanguage\":\"en-US\"}]}<\/script>\n<!-- \/ Yoast SEO plugin. -->","yoast_head_json":{"title":"GC Montecastillo Barcelo Golf Club - Fairway 2 Hotel","robots":{"index":"index","follow":"follow","max-snippet":"max-snippet:-1","max-image-preview":"max-image-preview:large","max-video-preview":"max-video-preview:-1"},"canonical":"https:\/\/fairway2hotel.at\/en\/golfclubs\/spanien-festland\/gc-montecastillo-barcelo-golf-club\/","og_locale":"en_US","og_type":"article","og_title":"GC Montecastillo Barcelo Golf Club - Fairway 2 Hotel","og_description":"Eine Oase der Ruhe und Exklusivit\u00e4t in unmittelbarer N\u00e4he des sch\u00f6nen Jerez Dieser, von Jack Nicklaus entworfener 18-Loch-Golfplatz auf 160 Hektar mit 18 spektakul\u00e4ren L\u00f6chern ist umgeben von einer fantastischen nat\u00fcrlichen Umgebung und einer Burg aus dem 19. Jahrhundert am Stadtrand von Jerez de la Frontera. Dieses Resort hat eine privilegierte Lage neben dem ber\u00fchmten [&hellip;]","og_url":"https:\/\/fairway2hotel.at\/en\/golfclubs\/spanien-festland\/gc-montecastillo-barcelo-golf-club\/","og_site_name":"Fairway 2 Hotel","article_modified_time":"2025-11-20T15:34:11+00:00","twitter_card":"summary_large_image","twitter_misc":{"Est. reading time":"2 minutes"},"schema":{"@context":"https:\/\/schema.org","@graph":[{"@type":"WebPage","@id":"https:\/\/fairway2hotel.at\/en\/golfclubs\/spanien-festland\/gc-montecastillo-barcelo-golf-club\/","url":"https:\/\/fairway2hotel.at\/en\/golfclubs\/spanien-festland\/gc-montecastillo-barcelo-golf-club\/","name":"GC Montecastillo Barcelo Golf Club - Fairway 2 Hotel","isPartOf":{"@id":"https:\/\/fairway2hotel.at\/en\/#website"},"datePublished":"2025-04-04T09:51:16+00:00","dateModified":"2025-11-20T15:34:11+00:00","breadcrumb":{"@id":"https:\/\/fairway2hotel.at\/en\/golfclubs\/spanien-festland\/gc-montecastillo-barcelo-golf-club\/#breadcrumb"},"inLanguage":"en-US","potentialAction":[{"@type":"ReadAction","target":["https:\/\/fairway2hotel.at\/en\/golfclubs\/spanien-festland\/gc-montecastillo-barcelo-golf-club\/"]}]},{"@type":"BreadcrumbList","@id":"https:\/\/fairway2hotel.at\/en\/golfclubs\/spanien-festland\/gc-montecastillo-barcelo-golf-club\/#breadcrumb","itemListElement":[{"@type":"ListItem","position":1,"name":"Home","item":"https:\/\/fairway2hotel.at\/en\/"},{"@type":"ListItem","position":2,"name":"Golfclubs","item":"https:\/\/fairway2hotel.at\/en\/golfclubs\/"},{"@type":"ListItem","position":3,"name":"Golfclubs Festland","item":"https:\/\/fairway2hotel.at\/en\/golfclubs\/spanien-festland\/"},{"@type":"ListItem","position":4,"name":"GC Montecastillo Barcelo Golf Club"}]},{"@type":"WebSite","@id":"https:\/\/fairway2hotel.at\/en\/#website","url":"https:\/\/fairway2hotel.at\/en\/","name":"Fairway 2 Hotel","description":"Golf at half price! 2 play - 1 pays","potentialAction":[{"@type":"SearchAction","target":{"@type":"EntryPoint","urlTemplate":"https:\/\/fairway2hotel.at\/en\/?s={search_term_string}"},"query-input":{"@type":"PropertyValueSpecification","valueRequired":true,"valueName":"search_term_string"}}],"inLanguage":"en-US"}]}},"_links":{"self":[{"href":"https:\/\/fairway2hotel.at\/en\/wp-json\/wp\/v2\/pages\/47579","targetHints":{"allow":["GET"]}}],"collection":[{"href":"https:\/\/fairway2hotel.at\/en\/wp-json\/wp\/v2\/pages"}],"about":[{"href":"https:\/\/fairway2hotel.at\/en\/wp-json\/wp\/v2\/types\/page"}],"author":[{"embeddable":true,"href":"https:\/\/fairway2hotel.at\/en\/wp-json\/wp\/v2\/users\/24"}],"replies":[{"embeddable":true,"href":"https:\/\/fairway2hotel.at\/en\/wp-json\/wp\/v2\/comments?post=47579"}],"version-history":[{"count":6,"href":"https:\/\/fairway2hotel.at\/en\/wp-json\/wp\/v2\/pages\/47579\/revisions"}],"predecessor-version":[{"id":50270,"href":"https:\/\/fairway2hotel.at\/en\/wp-json\/wp\/v2\/pages\/47579\/revisions\/50270"}],"up":[{"embeddable":true,"href":"https:\/\/fairway2hotel.at\/en\/wp-json\/wp\/v2\/pages\/37552"}],"acf:attachment":[{"embeddable":true,"href":"https:\/\/fairway2hotel.at\/en\/wp-json\/wp\/v2\/media\/47580"},{"embeddable":true,"href":"https:\/\/fairway2hotel.at\/en\/wp-json\/wp\/v2\/media\/47586"}],"wp:attachment":[{"href":"https:\/\/fairway2hotel.at\/en\/wp-json\/wp\/v2\/media?parent=47579"}],"curies":[{"name":"wp","href":"https:\/\/api.w.org\/{rel}","templated":true}]}}