{"id":478,"date":"2009-07-07T00:23:52","date_gmt":"2009-07-06T22:23:52","guid":{"rendered":"https:\/\/f2h.app\/attersee-golfclub-weyregg\/"},"modified":"2025-03-24T17:25:52","modified_gmt":"2025-03-24T16:25:52","slug":"attersee-golfclub-weyregg","status":"publish","type":"page","link":"https:\/\/fairway2hotel.at\/en\/golfclubs\/oberoesterreich\/attersee-golfclub-weyregg\/","title":{"rendered":"GC Attersee Weyregg"},"content":{"rendered":"<h2>\u201eGENUSS\u201c-GOLFEN am Attersee<\/h2>\n<p>Spielen Sie den hervorragend gepflegten Platz mit atemberaubenden Ausblicken auf den Attersee von jedem einzelnen Loch. Die Anlage ist sowohl f\u00fcr Anf\u00e4nger wie auch Single-Handicaper ein einzigartiges Erlebnis. Absolute Ruhelage, harmonisch der Natur angepasste Fairways und gro\u00dfz\u00fcgige Greens entsprechen dem aktuellen Trend im Golfplatzbau. Entspannen Sie nach dem Spiel auf der Clubterrasse unseres Restaurants AVOCADO und lassen Sie den Tag bei romantischem Sonnenuntergang \u00fcber dem Attersee ausklingen. Das milde Mikroklima des Attersees garantiert einen fr\u00fchen Saisonstart und lange Spielzeit bis tief in den Sp\u00e4therbst.<\/p>\n<h2>\u2018ENJOY\u2019 GOLFING on Lake Attersee<\/h2>\n<p>Play the excellently maintained course with breathtaking views of Lake Attersee from every single hole. The course is a unique experience for beginners and single handicappers alike. Absolute tranquillity, fairways harmoniously adapted to nature and generous greens reflect the current trend in golf course construction. Relax after the game on the club terrace of our AVOCADO restaurant and round off the day with a romantic sunset over Lake Attersee. The mild microclimate of Lake Attersee guarantees an early start to the season and a long playing time until well into late autumn.<\/p>\n<p>&nbsp;<\/p>\n","protected":false},"excerpt":{"rendered":"<p>\u201eGENUSS\u201c-GOLFEN am Attersee Spielen Sie den hervorragend gepflegten Platz mit atemberaubenden Ausblicken auf den Attersee von jedem einzelnen Loch. Die Anlage ist sowohl f\u00fcr Anf\u00e4nger wie auch Single-Handicaper ein einzigartiges Erlebnis. Absolute Ruhelage, harmonisch der Natur angepasste Fairways und gro\u00dfz\u00fcgige Greens entsprechen dem aktuellen Trend im Golfplatzbau. Entspannen Sie nach dem Spiel auf der Clubterrasse [&hellip;]<\/p>\n","protected":false},"author":1,"featured_media":0,"parent":1473,"menu_order":0,"comment_status":"closed","ping_status":"closed","template":"page-partner.php","meta":{"_acf_changed":false,"footnotes":""},"class_list":["post-478","page","type-page","status-publish","hentry"],"acf":{"partner_infobox":"<strong>Adresse:\u00a0<\/strong>Wachtbergstra\u00dfe 30, 4852 Weyregg\r\n\r\n<strong>Tel:\r\n<\/strong>+43 7664\/20 712\r\n+43 699\/136 56 350\r\n\r\n<strong>Fax:<\/strong>+43 7664\/20 712-20\r\n\r\n<strong>Web: <\/strong><a href=\"http:\/\/www.gcweyregg.at\" target=\"_blank\" rel=\"nofollow noopener noreferrer\">www.gcweyregg.at<\/a>\r\n\r\n<strong>E-Mail:<\/strong> <a href=\"mailto:office@gcweyregg.at\">office@gcweyregg.at<\/a>\r\n\r\n<strong>Spielbahnen\/Par: <\/strong>9\/68\r\n\r\n<strong>La\u0308nge: <\/strong>gelb: 4.788 m\/rot: 4.330 m\r\n\r\n<em><strong>Bedingungen:\r\n<\/strong>Gutscheine nur f\u00fcr 18-Loch-Runden einl\u00f6sbar.<\/em>\r\n\r\n<strong>Anfahrt:\r\n<\/strong>von Wien\/Linz: A1 \u2192 Abf. Sch\u00f6rfling \u2192 Atterseeufer \u2192 Schild Weyregg \u2192 Schild Golfplatz folgen \/ von Salzburg: A1 \u2192 Abf. See-walchen \u2192 Atterseeufer \u2192 Weyregg \u2192 Golfplatz","partner_logo":477,"partner_gallery":[476,46845,46847,46849,46851],"partner_lat":47.90289,"partner_long":13.5724,"partner_type":"golfclub","partner_openings":["1","2","3","4","5","6","7"],"montag_von_bis":"00:00 - 24:00","dienstag_von_bis":"00:00 - 24:00","mittwoch_von_bis":"00:00 - 24:00","donnerstag_von_bis":"00:00 - 24:00","freitag_von_bis":"00:00 - 24:00","samstag_von_bis":"00:00 - 24:00","sonntag_von_bis":"00:00 - 24:00","partner_adresse":"Wachtbergstra\u00dfe 30, 4852 Weyregg am Attersee","partner_land_bundesland":"Ober\u00f6sterreich","partner_tel_1":"0043 766420 71220","partner_tel_2":"0043 7664-20712","partner_web":"http:\/\/www.gcweyregg.at","partner_mail":"office@gcweyregg.at","partner_spielbahnen_par":"9\/68","partner_laenge":"gelb: 4.788 m\/rot: 4.330 m","partner_bedingungen":"Gutscheine nur \u00fcber 18-Lochrunden einl\u00f6sbar.\r\nVouchers can only be redeemed for 18-hole rounds.\r\n\r\n\r\n","partner_anfahrt":"von Wien\/Linz: A1 \u2192 Abf. Sch\u00f6rfling \u2192 Atterseeufer \u2192 Schild Weyregg \u2192 Schild Golfplatz folgen \/ von Salzburg: A1 \u2192 Abf. See-walchen \u2192 Atterseeufer \u2192 Weyregg \u2192 Golfplatz","partner_misc":null,"additional_css_classes":""},"yoast_head":"<!-- This site is optimized with the Yoast SEO plugin v26.8 - https:\/\/yoast.com\/product\/yoast-seo-wordpress\/ -->\n<title>GC Attersee Weyregg - Fairway 2 Hotel<\/title>\n<meta name=\"robots\" content=\"index, follow, max-snippet:-1, max-image-preview:large, max-video-preview:-1\" \/>\n<link rel=\"canonical\" href=\"https:\/\/fairway2hotel.at\/en\/golfclubs\/oberoesterreich\/attersee-golfclub-weyregg\/\" \/>\n<meta property=\"og:locale\" content=\"en_US\" \/>\n<meta property=\"og:type\" content=\"article\" \/>\n<meta property=\"og:title\" content=\"GC Attersee Weyregg - Fairway 2 Hotel\" \/>\n<meta property=\"og:description\" content=\"\u201eGENUSS\u201c-GOLFEN am Attersee Spielen Sie den hervorragend gepflegten Platz mit atemberaubenden Ausblicken auf den Attersee von jedem einzelnen Loch. Die Anlage ist sowohl f\u00fcr Anf\u00e4nger wie auch Single-Handicaper ein einzigartiges Erlebnis. Absolute Ruhelage, harmonisch der Natur angepasste Fairways und gro\u00dfz\u00fcgige Greens entsprechen dem aktuellen Trend im Golfplatzbau. Entspannen Sie nach dem Spiel auf der Clubterrasse [&hellip;]\" \/>\n<meta property=\"og:url\" content=\"https:\/\/fairway2hotel.at\/en\/golfclubs\/oberoesterreich\/attersee-golfclub-weyregg\/\" \/>\n<meta property=\"og:site_name\" content=\"Fairway 2 Hotel\" \/>\n<meta property=\"article:modified_time\" content=\"2025-03-24T16:25:52+00:00\" \/>\n<meta name=\"twitter:card\" content=\"summary_large_image\" \/>\n<meta name=\"twitter:label1\" content=\"Est. reading time\" \/>\n\t<meta name=\"twitter:data1\" content=\"2 minutes\" \/>\n<script type=\"application\/ld+json\" class=\"yoast-schema-graph\">{\"@context\":\"https:\/\/schema.org\",\"@graph\":[{\"@type\":\"WebPage\",\"@id\":\"https:\/\/fairway2hotel.at\/en\/golfclubs\/oberoesterreich\/attersee-golfclub-weyregg\/\",\"url\":\"https:\/\/fairway2hotel.at\/en\/golfclubs\/oberoesterreich\/attersee-golfclub-weyregg\/\",\"name\":\"GC Attersee Weyregg - Fairway 2 Hotel\",\"isPartOf\":{\"@id\":\"https:\/\/fairway2hotel.at\/en\/#website\"},\"datePublished\":\"2009-07-06T22:23:52+00:00\",\"dateModified\":\"2025-03-24T16:25:52+00:00\",\"breadcrumb\":{\"@id\":\"https:\/\/fairway2hotel.at\/en\/golfclubs\/oberoesterreich\/attersee-golfclub-weyregg\/#breadcrumb\"},\"inLanguage\":\"en-US\",\"potentialAction\":[{\"@type\":\"ReadAction\",\"target\":[\"https:\/\/fairway2hotel.at\/en\/golfclubs\/oberoesterreich\/attersee-golfclub-weyregg\/\"]}]},{\"@type\":\"BreadcrumbList\",\"@id\":\"https:\/\/fairway2hotel.at\/en\/golfclubs\/oberoesterreich\/attersee-golfclub-weyregg\/#breadcrumb\",\"itemListElement\":[{\"@type\":\"ListItem\",\"position\":1,\"name\":\"Home\",\"item\":\"https:\/\/fairway2hotel.at\/en\/\"},{\"@type\":\"ListItem\",\"position\":2,\"name\":\"Golfclubs\",\"item\":\"https:\/\/fairway2hotel.at\/en\/golfclubs\/\"},{\"@type\":\"ListItem\",\"position\":3,\"name\":\"Golfclubs Ober\u00f6sterreich\",\"item\":\"https:\/\/fairway2hotel.at\/en\/golfclubs\/oberoesterreich\/\"},{\"@type\":\"ListItem\",\"position\":4,\"name\":\"GC Attersee Weyregg\"}]},{\"@type\":\"WebSite\",\"@id\":\"https:\/\/fairway2hotel.at\/en\/#website\",\"url\":\"https:\/\/fairway2hotel.at\/en\/\",\"name\":\"Fairway 2 Hotel\",\"description\":\"Golf at half price! 2 play - 1 pays\",\"potentialAction\":[{\"@type\":\"SearchAction\",\"target\":{\"@type\":\"EntryPoint\",\"urlTemplate\":\"https:\/\/fairway2hotel.at\/en\/?s={search_term_string}\"},\"query-input\":{\"@type\":\"PropertyValueSpecification\",\"valueRequired\":true,\"valueName\":\"search_term_string\"}}],\"inLanguage\":\"en-US\"}]}<\/script>\n<!-- \/ Yoast SEO plugin. -->","yoast_head_json":{"title":"GC Attersee Weyregg - Fairway 2 Hotel","robots":{"index":"index","follow":"follow","max-snippet":"max-snippet:-1","max-image-preview":"max-image-preview:large","max-video-preview":"max-video-preview:-1"},"canonical":"https:\/\/fairway2hotel.at\/en\/golfclubs\/oberoesterreich\/attersee-golfclub-weyregg\/","og_locale":"en_US","og_type":"article","og_title":"GC Attersee Weyregg - Fairway 2 Hotel","og_description":"\u201eGENUSS\u201c-GOLFEN am Attersee Spielen Sie den hervorragend gepflegten Platz mit atemberaubenden Ausblicken auf den Attersee von jedem einzelnen Loch. Die Anlage ist sowohl f\u00fcr Anf\u00e4nger wie auch Single-Handicaper ein einzigartiges Erlebnis. Absolute Ruhelage, harmonisch der Natur angepasste Fairways und gro\u00dfz\u00fcgige Greens entsprechen dem aktuellen Trend im Golfplatzbau. Entspannen Sie nach dem Spiel auf der Clubterrasse [&hellip;]","og_url":"https:\/\/fairway2hotel.at\/en\/golfclubs\/oberoesterreich\/attersee-golfclub-weyregg\/","og_site_name":"Fairway 2 Hotel","article_modified_time":"2025-03-24T16:25:52+00:00","twitter_card":"summary_large_image","twitter_misc":{"Est. reading time":"2 minutes"},"schema":{"@context":"https:\/\/schema.org","@graph":[{"@type":"WebPage","@id":"https:\/\/fairway2hotel.at\/en\/golfclubs\/oberoesterreich\/attersee-golfclub-weyregg\/","url":"https:\/\/fairway2hotel.at\/en\/golfclubs\/oberoesterreich\/attersee-golfclub-weyregg\/","name":"GC Attersee Weyregg - Fairway 2 Hotel","isPartOf":{"@id":"https:\/\/fairway2hotel.at\/en\/#website"},"datePublished":"2009-07-06T22:23:52+00:00","dateModified":"2025-03-24T16:25:52+00:00","breadcrumb":{"@id":"https:\/\/fairway2hotel.at\/en\/golfclubs\/oberoesterreich\/attersee-golfclub-weyregg\/#breadcrumb"},"inLanguage":"en-US","potentialAction":[{"@type":"ReadAction","target":["https:\/\/fairway2hotel.at\/en\/golfclubs\/oberoesterreich\/attersee-golfclub-weyregg\/"]}]},{"@type":"BreadcrumbList","@id":"https:\/\/fairway2hotel.at\/en\/golfclubs\/oberoesterreich\/attersee-golfclub-weyregg\/#breadcrumb","itemListElement":[{"@type":"ListItem","position":1,"name":"Home","item":"https:\/\/fairway2hotel.at\/en\/"},{"@type":"ListItem","position":2,"name":"Golfclubs","item":"https:\/\/fairway2hotel.at\/en\/golfclubs\/"},{"@type":"ListItem","position":3,"name":"Golfclubs Ober\u00f6sterreich","item":"https:\/\/fairway2hotel.at\/en\/golfclubs\/oberoesterreich\/"},{"@type":"ListItem","position":4,"name":"GC Attersee Weyregg"}]},{"@type":"WebSite","@id":"https:\/\/fairway2hotel.at\/en\/#website","url":"https:\/\/fairway2hotel.at\/en\/","name":"Fairway 2 Hotel","description":"Golf at half price! 2 play - 1 pays","potentialAction":[{"@type":"SearchAction","target":{"@type":"EntryPoint","urlTemplate":"https:\/\/fairway2hotel.at\/en\/?s={search_term_string}"},"query-input":{"@type":"PropertyValueSpecification","valueRequired":true,"valueName":"search_term_string"}}],"inLanguage":"en-US"}]}},"_links":{"self":[{"href":"https:\/\/fairway2hotel.at\/en\/wp-json\/wp\/v2\/pages\/478","targetHints":{"allow":["GET"]}}],"collection":[{"href":"https:\/\/fairway2hotel.at\/en\/wp-json\/wp\/v2\/pages"}],"about":[{"href":"https:\/\/fairway2hotel.at\/en\/wp-json\/wp\/v2\/types\/page"}],"author":[{"embeddable":true,"href":"https:\/\/fairway2hotel.at\/en\/wp-json\/wp\/v2\/users\/1"}],"replies":[{"embeddable":true,"href":"https:\/\/fairway2hotel.at\/en\/wp-json\/wp\/v2\/comments?post=478"}],"version-history":[{"count":11,"href":"https:\/\/fairway2hotel.at\/en\/wp-json\/wp\/v2\/pages\/478\/revisions"}],"predecessor-version":[{"id":46853,"href":"https:\/\/fairway2hotel.at\/en\/wp-json\/wp\/v2\/pages\/478\/revisions\/46853"}],"up":[{"embeddable":true,"href":"https:\/\/fairway2hotel.at\/en\/wp-json\/wp\/v2\/pages\/1473"}],"acf:attachment":[{"embeddable":true,"href":"https:\/\/fairway2hotel.at\/en\/wp-json\/wp\/v2\/media\/46851"},{"embeddable":true,"href":"https:\/\/fairway2hotel.at\/en\/wp-json\/wp\/v2\/media\/46849"},{"embeddable":true,"href":"https:\/\/fairway2hotel.at\/en\/wp-json\/wp\/v2\/media\/46847"},{"embeddable":true,"href":"https:\/\/fairway2hotel.at\/en\/wp-json\/wp\/v2\/media\/46845"},{"embeddable":true,"href":"https:\/\/fairway2hotel.at\/en\/wp-json\/wp\/v2\/media\/476"}],"wp:attachment":[{"href":"https:\/\/fairway2hotel.at\/en\/wp-json\/wp\/v2\/media?parent=478"}],"curies":[{"name":"wp","href":"https:\/\/api.w.org\/{rel}","templated":true}]}}