{"id":47814,"date":"2025-04-08T12:56:31","date_gmt":"2025-04-08T10:56:31","guid":{"rendered":"https:\/\/fairway2hotel.at\/?page_id=47814"},"modified":"2026-01-15T10:52:58","modified_gmt":"2026-01-15T09:52:58","slug":"gc-antequera-golf","status":"publish","type":"page","link":"https:\/\/fairway2hotel.at\/en\/golfclubs\/spanien-festland\/gc-antequera-golf\/","title":{"rendered":"GC Antequera Golf"},"content":{"rendered":"<h2>Der perfekte Platz um die Magie von Golf zu f\u00fchlen<\/h2>\n<p>Im Jahr 2003 wurde die Anlage von Antequera Golf gegr\u00fcndet. Entworfen von dem Golfer Jos\u00e9 Mar\u00eda Ca\u00f1izares (Spieler des Ryder Cup) und in einer privilegierten Lage gelegen, sind bis jetzt tausende von Golfer aus allen Spielklassen gekommen.<\/p>\n<p>Mit seinen achtzehn L\u00f6chern, die sich \u00fcber eine Gr\u00fcnfl\u00e4che von 50 Hektar verteilen, ist der erste Eindruck jedes neuen Besuchers, der das frische Gras betritt, eine \u00dcberraschung. Die einheimische Flora und Fauna der Gegend steht im Gleichgewicht mit der Verteilung dieses \u00f6kologischen Golfplatzes im Herzen von Andalusien.<\/p>\n<p>Das Clubhaus: Der ideale Ort zum Entspannen nach einem Spieltag. Attraktiv, im andalusischen Stil und in beneidenswerter Lage, k\u00f6nnen Sie hier einen herrlichen Blick auf die Landschaft, Antequera und die Berge des Naturparks El Torcal und Pe\u00f1a de los Enamorados genie\u00dfen, die heute zum Weltnaturerbe geh\u00f6ren.<\/p>\n<p>Unser bestgeh\u00fctetes gastronomisches Geheimnis: Der Besuch des Golfplatz-Restaurants ist f\u00fcr unsere Besucher zu einem Muss geworden. Das reichhaltige gastronomische Angebot, die entspannte Atmosph\u00e4re und die beeindruckende Aussicht auf Antequera und den Golfplatz machen es zu einem obligatorischen Halt bei jedem Besuch. Wir freuen uns darauf, Sie hier begr\u00fc\u00dfen zu d\u00fcrfen. Sie werden bald sehen, warum ein Tag auf unserem Golfplatz erst dann vollst\u00e4ndig ist, wenn Sie auch das Golfplatz-Restaurant besucht haben.<\/p>\n<h2>The perfect course to feel the magic of golf<\/h2>\n<p>The Antequera Golf course was founded in 2003. Designed by the golfer Jos\u00e9 Mar\u00eda Ca\u00f1izares (Ryder Cup player) and situated in a privileged location, it has attracted thousands of golfers from all levels.<\/p>\n<p>With its eighteen holes spread over 50 hectares of green, the first impression of every new visitor who steps onto the fresh grass is one of surprise. The native flora and fauna of the area is in balance with the distribution of this ecological golf course in the heart of Andalusia.<\/p>\n<p>The clubhouse: The ideal place to relax after a day&#8217;s play. Attractive, Andalusian-style and in an enviable location, you can enjoy magnificent views of the countryside, Antequera and the mountains of El Torcal and Pe\u00f1a de los Enamorados Natural Park, now a World Heritage Site.<\/p>\n<p>Our best-kept gastronomic secret: A visit to the golf course restaurant has become a must for our visitors. The rich gastronomic offer, the relaxed atmosphere and the impressive views of Antequera and the golf course make it an obligatory stop on every visit. We look forward to welcoming you here. You will soon see why a day on our golf course is only complete when you have also visited the golf course restaurant.<\/p>\n<p>&nbsp;<\/p>\n","protected":false},"excerpt":{"rendered":"<p>Der perfekte Platz um die Magie von Golf zu f\u00fchlen Im Jahr 2003 wurde die Anlage von Antequera Golf gegr\u00fcndet. Entworfen von dem Golfer Jos\u00e9 Mar\u00eda Ca\u00f1izares (Spieler des Ryder Cup) und in einer privilegierten Lage gelegen, sind bis jetzt tausende von Golfer aus allen Spielklassen gekommen. Mit seinen achtzehn L\u00f6chern, die sich \u00fcber eine [&hellip;]<\/p>\n","protected":false},"author":24,"featured_media":0,"parent":37552,"menu_order":0,"comment_status":"closed","ping_status":"closed","template":"page-partner.php","meta":{"_acf_changed":false,"footnotes":""},"class_list":["post-47814","page","type-page","status-publish","hentry"],"acf":{"partner_infobox":"","partner_logo":null,"partner_gallery":[47816,47818,47820,47822,47824,47826],"partner_lat":37.018903835224144,"partner_long":-4.60018454752597,"partner_type":"golfclub","partner_openings":["1","2","3","4","5","6","7"],"montag_von_bis":"00:00 - 24:00","dienstag_von_bis":"00:00 - 24:00","mittwoch_von_bis":"00:00 - 24:00","donnerstag_von_bis":"00:00 - 24:00","freitag_von_bis":"00:00 - 24:00","samstag_von_bis":"00:00 - 24:00","sonntag_von_bis":"00:00 - 24:00","partner_adresse":"Urb. Antequera Golf, s\/n. 29200 Antequera, M\u00e1laga","partner_land_bundesland":"Spanien\/Andalusien","partner_tel_1":"+34 951 060 354","partner_tel_2":"","partner_web":"https:\/\/www.golfantequera.com\/en\/","partner_mail":"reservas@golfantequera.com","partner_spielbahnen_par":"18\/72","partner_laenge":"","partner_bedingungen":"Greenfee Hochsaison \u20ac60,-- Greenfee Nebensaison \u20ac45,--\r\nGreenfee high season \u20ac60,-- Greenfee low season \u20ac45,--","partner_anfahrt":"","partner_misc":null,"additional_css_classes":""},"yoast_head":"<!-- This site is optimized with the Yoast SEO plugin v26.8 - https:\/\/yoast.com\/product\/yoast-seo-wordpress\/ -->\n<title>GC Antequera Golf - Fairway 2 Hotel<\/title>\n<meta name=\"robots\" content=\"index, follow, max-snippet:-1, max-image-preview:large, max-video-preview:-1\" \/>\n<link rel=\"canonical\" href=\"https:\/\/fairway2hotel.at\/en\/golfclubs\/spanien-festland\/gc-antequera-golf\/\" \/>\n<meta property=\"og:locale\" content=\"en_US\" \/>\n<meta property=\"og:type\" content=\"article\" \/>\n<meta property=\"og:title\" content=\"GC Antequera Golf - Fairway 2 Hotel\" \/>\n<meta property=\"og:description\" content=\"Der perfekte Platz um die Magie von Golf zu f\u00fchlen Im Jahr 2003 wurde die Anlage von Antequera Golf gegr\u00fcndet. Entworfen von dem Golfer Jos\u00e9 Mar\u00eda Ca\u00f1izares (Spieler des Ryder Cup) und in einer privilegierten Lage gelegen, sind bis jetzt tausende von Golfer aus allen Spielklassen gekommen. Mit seinen achtzehn L\u00f6chern, die sich \u00fcber eine [&hellip;]\" \/>\n<meta property=\"og:url\" content=\"https:\/\/fairway2hotel.at\/en\/golfclubs\/spanien-festland\/gc-antequera-golf\/\" \/>\n<meta property=\"og:site_name\" content=\"Fairway 2 Hotel\" \/>\n<meta property=\"article:modified_time\" content=\"2026-01-15T09:52:58+00:00\" \/>\n<meta name=\"twitter:card\" content=\"summary_large_image\" \/>\n<meta name=\"twitter:label1\" content=\"Est. reading time\" \/>\n\t<meta name=\"twitter:data1\" content=\"3 minutes\" \/>\n<script type=\"application\/ld+json\" class=\"yoast-schema-graph\">{\"@context\":\"https:\/\/schema.org\",\"@graph\":[{\"@type\":\"WebPage\",\"@id\":\"https:\/\/fairway2hotel.at\/en\/golfclubs\/spanien-festland\/gc-antequera-golf\/\",\"url\":\"https:\/\/fairway2hotel.at\/en\/golfclubs\/spanien-festland\/gc-antequera-golf\/\",\"name\":\"GC Antequera Golf - Fairway 2 Hotel\",\"isPartOf\":{\"@id\":\"https:\/\/fairway2hotel.at\/en\/#website\"},\"datePublished\":\"2025-04-08T10:56:31+00:00\",\"dateModified\":\"2026-01-15T09:52:58+00:00\",\"breadcrumb\":{\"@id\":\"https:\/\/fairway2hotel.at\/en\/golfclubs\/spanien-festland\/gc-antequera-golf\/#breadcrumb\"},\"inLanguage\":\"en-US\",\"potentialAction\":[{\"@type\":\"ReadAction\",\"target\":[\"https:\/\/fairway2hotel.at\/en\/golfclubs\/spanien-festland\/gc-antequera-golf\/\"]}]},{\"@type\":\"BreadcrumbList\",\"@id\":\"https:\/\/fairway2hotel.at\/en\/golfclubs\/spanien-festland\/gc-antequera-golf\/#breadcrumb\",\"itemListElement\":[{\"@type\":\"ListItem\",\"position\":1,\"name\":\"Home\",\"item\":\"https:\/\/fairway2hotel.at\/en\/\"},{\"@type\":\"ListItem\",\"position\":2,\"name\":\"Golfclubs\",\"item\":\"https:\/\/fairway2hotel.at\/en\/golfclubs\/\"},{\"@type\":\"ListItem\",\"position\":3,\"name\":\"Golfclubs Festland\",\"item\":\"https:\/\/fairway2hotel.at\/en\/golfclubs\/spanien-festland\/\"},{\"@type\":\"ListItem\",\"position\":4,\"name\":\"GC Antequera Golf\"}]},{\"@type\":\"WebSite\",\"@id\":\"https:\/\/fairway2hotel.at\/en\/#website\",\"url\":\"https:\/\/fairway2hotel.at\/en\/\",\"name\":\"Fairway 2 Hotel\",\"description\":\"Golf at half price! 2 play - 1 pays\",\"potentialAction\":[{\"@type\":\"SearchAction\",\"target\":{\"@type\":\"EntryPoint\",\"urlTemplate\":\"https:\/\/fairway2hotel.at\/en\/?s={search_term_string}\"},\"query-input\":{\"@type\":\"PropertyValueSpecification\",\"valueRequired\":true,\"valueName\":\"search_term_string\"}}],\"inLanguage\":\"en-US\"}]}<\/script>\n<!-- \/ Yoast SEO plugin. -->","yoast_head_json":{"title":"GC Antequera Golf - Fairway 2 Hotel","robots":{"index":"index","follow":"follow","max-snippet":"max-snippet:-1","max-image-preview":"max-image-preview:large","max-video-preview":"max-video-preview:-1"},"canonical":"https:\/\/fairway2hotel.at\/en\/golfclubs\/spanien-festland\/gc-antequera-golf\/","og_locale":"en_US","og_type":"article","og_title":"GC Antequera Golf - Fairway 2 Hotel","og_description":"Der perfekte Platz um die Magie von Golf zu f\u00fchlen Im Jahr 2003 wurde die Anlage von Antequera Golf gegr\u00fcndet. Entworfen von dem Golfer Jos\u00e9 Mar\u00eda Ca\u00f1izares (Spieler des Ryder Cup) und in einer privilegierten Lage gelegen, sind bis jetzt tausende von Golfer aus allen Spielklassen gekommen. Mit seinen achtzehn L\u00f6chern, die sich \u00fcber eine [&hellip;]","og_url":"https:\/\/fairway2hotel.at\/en\/golfclubs\/spanien-festland\/gc-antequera-golf\/","og_site_name":"Fairway 2 Hotel","article_modified_time":"2026-01-15T09:52:58+00:00","twitter_card":"summary_large_image","twitter_misc":{"Est. reading time":"3 minutes"},"schema":{"@context":"https:\/\/schema.org","@graph":[{"@type":"WebPage","@id":"https:\/\/fairway2hotel.at\/en\/golfclubs\/spanien-festland\/gc-antequera-golf\/","url":"https:\/\/fairway2hotel.at\/en\/golfclubs\/spanien-festland\/gc-antequera-golf\/","name":"GC Antequera Golf - Fairway 2 Hotel","isPartOf":{"@id":"https:\/\/fairway2hotel.at\/en\/#website"},"datePublished":"2025-04-08T10:56:31+00:00","dateModified":"2026-01-15T09:52:58+00:00","breadcrumb":{"@id":"https:\/\/fairway2hotel.at\/en\/golfclubs\/spanien-festland\/gc-antequera-golf\/#breadcrumb"},"inLanguage":"en-US","potentialAction":[{"@type":"ReadAction","target":["https:\/\/fairway2hotel.at\/en\/golfclubs\/spanien-festland\/gc-antequera-golf\/"]}]},{"@type":"BreadcrumbList","@id":"https:\/\/fairway2hotel.at\/en\/golfclubs\/spanien-festland\/gc-antequera-golf\/#breadcrumb","itemListElement":[{"@type":"ListItem","position":1,"name":"Home","item":"https:\/\/fairway2hotel.at\/en\/"},{"@type":"ListItem","position":2,"name":"Golfclubs","item":"https:\/\/fairway2hotel.at\/en\/golfclubs\/"},{"@type":"ListItem","position":3,"name":"Golfclubs Festland","item":"https:\/\/fairway2hotel.at\/en\/golfclubs\/spanien-festland\/"},{"@type":"ListItem","position":4,"name":"GC Antequera Golf"}]},{"@type":"WebSite","@id":"https:\/\/fairway2hotel.at\/en\/#website","url":"https:\/\/fairway2hotel.at\/en\/","name":"Fairway 2 Hotel","description":"Golf at half price! 2 play - 1 pays","potentialAction":[{"@type":"SearchAction","target":{"@type":"EntryPoint","urlTemplate":"https:\/\/fairway2hotel.at\/en\/?s={search_term_string}"},"query-input":{"@type":"PropertyValueSpecification","valueRequired":true,"valueName":"search_term_string"}}],"inLanguage":"en-US"}]}},"_links":{"self":[{"href":"https:\/\/fairway2hotel.at\/en\/wp-json\/wp\/v2\/pages\/47814","targetHints":{"allow":["GET"]}}],"collection":[{"href":"https:\/\/fairway2hotel.at\/en\/wp-json\/wp\/v2\/pages"}],"about":[{"href":"https:\/\/fairway2hotel.at\/en\/wp-json\/wp\/v2\/types\/page"}],"author":[{"embeddable":true,"href":"https:\/\/fairway2hotel.at\/en\/wp-json\/wp\/v2\/users\/24"}],"replies":[{"embeddable":true,"href":"https:\/\/fairway2hotel.at\/en\/wp-json\/wp\/v2\/comments?post=47814"}],"version-history":[{"count":7,"href":"https:\/\/fairway2hotel.at\/en\/wp-json\/wp\/v2\/pages\/47814\/revisions"}],"predecessor-version":[{"id":47830,"href":"https:\/\/fairway2hotel.at\/en\/wp-json\/wp\/v2\/pages\/47814\/revisions\/47830"}],"up":[{"embeddable":true,"href":"https:\/\/fairway2hotel.at\/en\/wp-json\/wp\/v2\/pages\/37552"}],"acf:attachment":[{"embeddable":true,"href":"https:\/\/fairway2hotel.at\/en\/wp-json\/wp\/v2\/media\/47826"},{"embeddable":true,"href":"https:\/\/fairway2hotel.at\/en\/wp-json\/wp\/v2\/media\/47824"},{"embeddable":true,"href":"https:\/\/fairway2hotel.at\/en\/wp-json\/wp\/v2\/media\/47822"},{"embeddable":true,"href":"https:\/\/fairway2hotel.at\/en\/wp-json\/wp\/v2\/media\/47820"},{"embeddable":true,"href":"https:\/\/fairway2hotel.at\/en\/wp-json\/wp\/v2\/media\/47818"},{"embeddable":true,"href":"https:\/\/fairway2hotel.at\/en\/wp-json\/wp\/v2\/media\/47816"}],"wp:attachment":[{"href":"https:\/\/fairway2hotel.at\/en\/wp-json\/wp\/v2\/media?parent=47814"}],"curies":[{"name":"wp","href":"https:\/\/api.w.org\/{rel}","templated":true}]}}