{"id":47850,"date":"2025-04-09T11:58:54","date_gmt":"2025-04-09T09:58:54","guid":{"rendered":"https:\/\/fairway2hotel.at\/?page_id=47850"},"modified":"2025-04-21T11:36:56","modified_gmt":"2025-04-21T09:36:56","slug":"gc-santa-clara-golf-marbella","status":"publish","type":"page","link":"https:\/\/fairway2hotel.at\/en\/golfclubs\/spanien-festland\/gc-santa-clara-golf-marbella\/","title":{"rendered":"GC Santa Clara Golf Marbella"},"content":{"rendered":"<h2>Einer der besten Clubs an der Costa del Sol<\/h2>\n<p>Santa Clara Golf Marbella, entworfen von Enrique Canales Busquet, wird von vielen als einer der sch\u00f6nsten Golfpl\u00e4tze an der Costa del Sol gesehen. Dieser herrliche Platz liegt nur wenige Minuten vom Stadtzentrum von Marbella entfernt und zeichnet sich durch seine Flora und Fauna, eingebettet in seiner nat\u00fcrlichen Umgebung, aus. Ausgestattet mit feinstem Pemcross Gras, bestimmen hier auf dem Par 71 Platz mit einer L\u00e4nge von 5922 Metern, breite Fairway mit wenigen Roughs und ausladenden Greens das Bild. Anschlie\u00dfend an Ihre Runde k\u00f6nnen Sie im Restaurant Kayena nationale und internationale Gerichte genie\u00dfen. Wir freuen uns auf Ihren Besuch.<\/p>\n<p>&nbsp;<\/p>\n<p>&nbsp;<\/p>\n<h2>One of the best clubs on the Costa del Sol<\/h2>\n<p>Santa Clara Golf Marbella, designed by Enrique Canales Busquet, is considered by many to be one of the most beautiful golf courses on the Costa del Sol. This magnificent course is located just a few minutes from the centre of Marbella and is characterised by its flora and fauna nestled in its natural surroundings. Equipped with the finest pemcross grass, the par 71 course with a length of 5922 metres is characterised by wide fairways with few roughs and expansive greens. After your round of golf, you can savour national and international dishes in the Kayena restaurant. We look forward to your visit<\/p>\n<p>&nbsp;<\/p>\n<p>&nbsp;<\/p>\n","protected":false},"excerpt":{"rendered":"<p>Einer der besten Clubs an der Costa del Sol Santa Clara Golf Marbella, entworfen von Enrique Canales Busquet, wird von vielen als einer der sch\u00f6nsten Golfpl\u00e4tze an der Costa del Sol gesehen. Dieser herrliche Platz liegt nur wenige Minuten vom Stadtzentrum von Marbella entfernt und zeichnet sich durch seine Flora und Fauna, eingebettet in seiner [&hellip;]<\/p>\n","protected":false},"author":24,"featured_media":0,"parent":37552,"menu_order":0,"comment_status":"closed","ping_status":"closed","template":"page-partner.php","meta":{"_acf_changed":false,"footnotes":""},"class_list":["post-47850","page","type-page","status-publish","hentry"],"acf":{"partner_infobox":"","partner_logo":null,"partner_gallery":[47860,47852,47854,47856,47858,47862],"partner_lat":36.508451195616765,"partner_long":-4.816666407057688,"partner_type":"golfclub","partner_openings":["1","2","3","4","5","6","7"],"montag_von_bis":"00:00 - 24:00","dienstag_von_bis":"00:00 - 24:00","mittwoch_von_bis":"00:00 - 24:00","donnerstag_von_bis":"00:00 - 24:00","freitag_von_bis":"00:00 - 24:00","samstag_von_bis":"00:00 - 24:00","sonntag_von_bis":"00:00 - 24:00","partner_adresse":"Ctra. Nacional 340, Km 187,5, E-29603 Marbella, M\u00e1laga","partner_land_bundesland":"Spanien\/Andalusien","partner_tel_1":"+34 952 85 01 11","partner_tel_2":"","partner_web":"https:\/\/santaclaragolfmarbella.com\/","partner_mail":"reservas@santaclaragolfmarbella.com","partner_spielbahnen_par":"18\/71","partner_laenge":"","partner_bedingungen":"","partner_anfahrt":"","partner_misc":null,"additional_css_classes":""},"yoast_head":"<!-- This site is optimized with the Yoast SEO plugin v26.8 - https:\/\/yoast.com\/product\/yoast-seo-wordpress\/ -->\n<title>GC Santa Clara Golf Marbella - Fairway 2 Hotel<\/title>\n<meta name=\"robots\" content=\"index, follow, max-snippet:-1, max-image-preview:large, max-video-preview:-1\" \/>\n<link rel=\"canonical\" href=\"https:\/\/fairway2hotel.at\/en\/golfclubs\/spanien-festland\/gc-santa-clara-golf-marbella\/\" \/>\n<meta property=\"og:locale\" content=\"en_US\" \/>\n<meta property=\"og:type\" content=\"article\" \/>\n<meta property=\"og:title\" content=\"GC Santa Clara Golf Marbella - Fairway 2 Hotel\" \/>\n<meta property=\"og:description\" content=\"Einer der besten Clubs an der Costa del Sol Santa Clara Golf Marbella, entworfen von Enrique Canales Busquet, wird von vielen als einer der sch\u00f6nsten Golfpl\u00e4tze an der Costa del Sol gesehen. Dieser herrliche Platz liegt nur wenige Minuten vom Stadtzentrum von Marbella entfernt und zeichnet sich durch seine Flora und Fauna, eingebettet in seiner [&hellip;]\" \/>\n<meta property=\"og:url\" content=\"https:\/\/fairway2hotel.at\/en\/golfclubs\/spanien-festland\/gc-santa-clara-golf-marbella\/\" \/>\n<meta property=\"og:site_name\" content=\"Fairway 2 Hotel\" \/>\n<meta property=\"article:modified_time\" content=\"2025-04-21T09:36:56+00:00\" \/>\n<meta name=\"twitter:card\" content=\"summary_large_image\" \/>\n<meta name=\"twitter:label1\" content=\"Est. reading time\" \/>\n\t<meta name=\"twitter:data1\" content=\"2 minutes\" \/>\n<script type=\"application\/ld+json\" class=\"yoast-schema-graph\">{\"@context\":\"https:\/\/schema.org\",\"@graph\":[{\"@type\":\"WebPage\",\"@id\":\"https:\/\/fairway2hotel.at\/en\/golfclubs\/spanien-festland\/gc-santa-clara-golf-marbella\/\",\"url\":\"https:\/\/fairway2hotel.at\/en\/golfclubs\/spanien-festland\/gc-santa-clara-golf-marbella\/\",\"name\":\"GC Santa Clara Golf Marbella - Fairway 2 Hotel\",\"isPartOf\":{\"@id\":\"https:\/\/fairway2hotel.at\/en\/#website\"},\"datePublished\":\"2025-04-09T09:58:54+00:00\",\"dateModified\":\"2025-04-21T09:36:56+00:00\",\"breadcrumb\":{\"@id\":\"https:\/\/fairway2hotel.at\/en\/golfclubs\/spanien-festland\/gc-santa-clara-golf-marbella\/#breadcrumb\"},\"inLanguage\":\"en-US\",\"potentialAction\":[{\"@type\":\"ReadAction\",\"target\":[\"https:\/\/fairway2hotel.at\/en\/golfclubs\/spanien-festland\/gc-santa-clara-golf-marbella\/\"]}]},{\"@type\":\"BreadcrumbList\",\"@id\":\"https:\/\/fairway2hotel.at\/en\/golfclubs\/spanien-festland\/gc-santa-clara-golf-marbella\/#breadcrumb\",\"itemListElement\":[{\"@type\":\"ListItem\",\"position\":1,\"name\":\"Home\",\"item\":\"https:\/\/fairway2hotel.at\/en\/\"},{\"@type\":\"ListItem\",\"position\":2,\"name\":\"Golfclubs\",\"item\":\"https:\/\/fairway2hotel.at\/en\/golfclubs\/\"},{\"@type\":\"ListItem\",\"position\":3,\"name\":\"Golfclubs Festland\",\"item\":\"https:\/\/fairway2hotel.at\/en\/golfclubs\/spanien-festland\/\"},{\"@type\":\"ListItem\",\"position\":4,\"name\":\"GC Santa Clara Golf Marbella\"}]},{\"@type\":\"WebSite\",\"@id\":\"https:\/\/fairway2hotel.at\/en\/#website\",\"url\":\"https:\/\/fairway2hotel.at\/en\/\",\"name\":\"Fairway 2 Hotel\",\"description\":\"Golf at half price! 2 play - 1 pays\",\"potentialAction\":[{\"@type\":\"SearchAction\",\"target\":{\"@type\":\"EntryPoint\",\"urlTemplate\":\"https:\/\/fairway2hotel.at\/en\/?s={search_term_string}\"},\"query-input\":{\"@type\":\"PropertyValueSpecification\",\"valueRequired\":true,\"valueName\":\"search_term_string\"}}],\"inLanguage\":\"en-US\"}]}<\/script>\n<!-- \/ Yoast SEO plugin. -->","yoast_head_json":{"title":"GC Santa Clara Golf Marbella - Fairway 2 Hotel","robots":{"index":"index","follow":"follow","max-snippet":"max-snippet:-1","max-image-preview":"max-image-preview:large","max-video-preview":"max-video-preview:-1"},"canonical":"https:\/\/fairway2hotel.at\/en\/golfclubs\/spanien-festland\/gc-santa-clara-golf-marbella\/","og_locale":"en_US","og_type":"article","og_title":"GC Santa Clara Golf Marbella - Fairway 2 Hotel","og_description":"Einer der besten Clubs an der Costa del Sol Santa Clara Golf Marbella, entworfen von Enrique Canales Busquet, wird von vielen als einer der sch\u00f6nsten Golfpl\u00e4tze an der Costa del Sol gesehen. Dieser herrliche Platz liegt nur wenige Minuten vom Stadtzentrum von Marbella entfernt und zeichnet sich durch seine Flora und Fauna, eingebettet in seiner [&hellip;]","og_url":"https:\/\/fairway2hotel.at\/en\/golfclubs\/spanien-festland\/gc-santa-clara-golf-marbella\/","og_site_name":"Fairway 2 Hotel","article_modified_time":"2025-04-21T09:36:56+00:00","twitter_card":"summary_large_image","twitter_misc":{"Est. reading time":"2 minutes"},"schema":{"@context":"https:\/\/schema.org","@graph":[{"@type":"WebPage","@id":"https:\/\/fairway2hotel.at\/en\/golfclubs\/spanien-festland\/gc-santa-clara-golf-marbella\/","url":"https:\/\/fairway2hotel.at\/en\/golfclubs\/spanien-festland\/gc-santa-clara-golf-marbella\/","name":"GC Santa Clara Golf Marbella - Fairway 2 Hotel","isPartOf":{"@id":"https:\/\/fairway2hotel.at\/en\/#website"},"datePublished":"2025-04-09T09:58:54+00:00","dateModified":"2025-04-21T09:36:56+00:00","breadcrumb":{"@id":"https:\/\/fairway2hotel.at\/en\/golfclubs\/spanien-festland\/gc-santa-clara-golf-marbella\/#breadcrumb"},"inLanguage":"en-US","potentialAction":[{"@type":"ReadAction","target":["https:\/\/fairway2hotel.at\/en\/golfclubs\/spanien-festland\/gc-santa-clara-golf-marbella\/"]}]},{"@type":"BreadcrumbList","@id":"https:\/\/fairway2hotel.at\/en\/golfclubs\/spanien-festland\/gc-santa-clara-golf-marbella\/#breadcrumb","itemListElement":[{"@type":"ListItem","position":1,"name":"Home","item":"https:\/\/fairway2hotel.at\/en\/"},{"@type":"ListItem","position":2,"name":"Golfclubs","item":"https:\/\/fairway2hotel.at\/en\/golfclubs\/"},{"@type":"ListItem","position":3,"name":"Golfclubs Festland","item":"https:\/\/fairway2hotel.at\/en\/golfclubs\/spanien-festland\/"},{"@type":"ListItem","position":4,"name":"GC Santa Clara Golf Marbella"}]},{"@type":"WebSite","@id":"https:\/\/fairway2hotel.at\/en\/#website","url":"https:\/\/fairway2hotel.at\/en\/","name":"Fairway 2 Hotel","description":"Golf at half price! 2 play - 1 pays","potentialAction":[{"@type":"SearchAction","target":{"@type":"EntryPoint","urlTemplate":"https:\/\/fairway2hotel.at\/en\/?s={search_term_string}"},"query-input":{"@type":"PropertyValueSpecification","valueRequired":true,"valueName":"search_term_string"}}],"inLanguage":"en-US"}]}},"_links":{"self":[{"href":"https:\/\/fairway2hotel.at\/en\/wp-json\/wp\/v2\/pages\/47850","targetHints":{"allow":["GET"]}}],"collection":[{"href":"https:\/\/fairway2hotel.at\/en\/wp-json\/wp\/v2\/pages"}],"about":[{"href":"https:\/\/fairway2hotel.at\/en\/wp-json\/wp\/v2\/types\/page"}],"author":[{"embeddable":true,"href":"https:\/\/fairway2hotel.at\/en\/wp-json\/wp\/v2\/users\/24"}],"replies":[{"embeddable":true,"href":"https:\/\/fairway2hotel.at\/en\/wp-json\/wp\/v2\/comments?post=47850"}],"version-history":[{"count":1,"href":"https:\/\/fairway2hotel.at\/en\/wp-json\/wp\/v2\/pages\/47850\/revisions"}],"predecessor-version":[{"id":47864,"href":"https:\/\/fairway2hotel.at\/en\/wp-json\/wp\/v2\/pages\/47850\/revisions\/47864"}],"up":[{"embeddable":true,"href":"https:\/\/fairway2hotel.at\/en\/wp-json\/wp\/v2\/pages\/37552"}],"acf:attachment":[{"embeddable":true,"href":"https:\/\/fairway2hotel.at\/en\/wp-json\/wp\/v2\/media\/47862"},{"embeddable":true,"href":"https:\/\/fairway2hotel.at\/en\/wp-json\/wp\/v2\/media\/47858"},{"embeddable":true,"href":"https:\/\/fairway2hotel.at\/en\/wp-json\/wp\/v2\/media\/47856"},{"embeddable":true,"href":"https:\/\/fairway2hotel.at\/en\/wp-json\/wp\/v2\/media\/47854"},{"embeddable":true,"href":"https:\/\/fairway2hotel.at\/en\/wp-json\/wp\/v2\/media\/47852"},{"embeddable":true,"href":"https:\/\/fairway2hotel.at\/en\/wp-json\/wp\/v2\/media\/47860"}],"wp:attachment":[{"href":"https:\/\/fairway2hotel.at\/en\/wp-json\/wp\/v2\/media?parent=47850"}],"curies":[{"name":"wp","href":"https:\/\/api.w.org\/{rel}","templated":true}]}}