{"id":48196,"date":"2025-04-27T17:37:48","date_gmt":"2025-04-27T15:37:48","guid":{"rendered":"https:\/\/fairway2hotel.at\/?page_id=48196"},"modified":"2026-03-15T10:19:39","modified_gmt":"2026-03-15T09:19:39","slug":"gc-daro-mas-nou","status":"publish","type":"page","link":"https:\/\/fairway2hotel.at\/en\/golfclubs\/spanien-festland\/gc-daro-mas-nou\/","title":{"rendered":"GC D&#8217;Aro &#8211; Mas Nou"},"content":{"rendered":"<h2>Willkommen im Club Golf d&#8217;Aro &#8211; Mas Nou<\/h2>\n<p>Sind Sie auf der Suche nach einem Golfplatz inmitten der Natur, um Golf zu spielen? Im Club Golf d&#8217;Aro finden Sie einen der sch\u00f6nsten und sch\u00f6nsten Ausblicke der Costa Brava<\/p>\n<p>Golf d&#8217;Aro befindet sich in einer exklusiven Enklave. Auf der einen Seite die Postkartenstr\u00e4nde von Platja d&#8217;Aro, Sa Conca, S&#8217;Agar\u00f3, Palam\u00f3s und Sant Feliu de Gu\u00edxols. Charmante Ecken, die eine der sch\u00f6nsten und bekanntesten Landschaften des Mittelmeers ausmachen. Und auf der anderen Seite, der Naturpark Les Gavarres. Der Club Golf d&#8217;Aro bietet dem Golfer ein einzigartiges Erlebnis in v\u00f6lliger Abgeschiedenheit, nur 15 Minuten vom Meer entfernt. Der Platz wird von einzigartigen Bergklippen begrenzt, die die herrliche Landschaft kennzeichnen.<\/p>\n<p>&nbsp;<\/p>\n<h2>Welcome to Club Golf d&#8217;Aro &#8211; Mas Nou<\/h2>\n<p>Are you looking for a golf course surrounded by nature to play golf? At Club Golf d\u2019Aro you will discover one of the best and beautiful views of the Costa Brava<\/p>\n<p>Golf d&#8217;Aro is located in an exclusive enclave. On the one hand, the postcard beaches of Platja d&#8217;Aro, Sa Conca, S&#8217;Agar\u00f3, Palam\u00f3s and Sant Feliu de Gu\u00edxols. Charming corners that make up one of the most beautiful and emblematic landscapes of the\u00a0Mediterranean\u00a0. And, on the other hand, the Natural Park of les Gavarres. Club Golf d&#8217;Aro offers a truly unique and totally disconnected experience for golfers, just 15 minutes from the sea. The\u00a0course\u00a0is delimited by unique mountain cliffs that fall into the natural environment.<\/p>\n<p>&nbsp;<\/p>\n","protected":false},"excerpt":{"rendered":"<p>Willkommen im Club Golf d&#8217;Aro &#8211; Mas Nou Sind Sie auf der Suche nach einem Golfplatz inmitten der Natur, um Golf zu spielen? Im Club Golf d&#8217;Aro finden Sie einen der sch\u00f6nsten und sch\u00f6nsten Ausblicke der Costa Brava Golf d&#8217;Aro befindet sich in einer exklusiven Enklave. Auf der einen Seite die Postkartenstr\u00e4nde von Platja d&#8217;Aro, [&hellip;]<\/p>\n","protected":false},"author":24,"featured_media":0,"parent":37552,"menu_order":0,"comment_status":"closed","ping_status":"closed","template":"page-partner.php","meta":{"_acf_changed":false,"footnotes":""},"class_list":["post-48196","page","type-page","status-publish","hentry"],"acf":{"partner_infobox":"","partner_logo":null,"partner_gallery":[48199,48201,48203,48205],"partner_lat":41.83699740360613,"partner_long":3.016088017049827,"partner_type":"golfclub","partner_openings":["1","2","3","4","5","6","7"],"montag_von_bis":"14:00 - 24:00","dienstag_von_bis":"14:00 - 24:00","mittwoch_von_bis":"14:00 - 24:00","donnerstag_von_bis":"14:00 - 24:00","freitag_von_bis":"14:00 - 24:00","samstag_von_bis":"14:00 - 24:00","sonntag_von_bis":"14:00 - 24:00","partner_adresse":"Urb. Mas Nou. s\/n, E-17250 Platja d'Aro, Girona, Spanien","partner_land_bundesland":"Spanien\/Katalonien","partner_tel_1":"+34 972 81 67 27","partner_tel_2":"","partner_web":"https:\/\/www.golfdaro.com\/en\/","partner_mail":"info@golfdaro.com","partner_spielbahnen_par":"18\/72","partner_laenge":"","partner_bedingungen":"GS einl\u00f6sbar vom 16.3.-15.5. ab 14.00 Uhr, vom 16.5.-14.11. ab 16.00 Uhr, sonst ganzt\u00e4gig, Greenfee high season \u20ac112,-- low season \u20ac99,--\r\nVouchers redeemable from 16.3.-15.5. after 2.00 p.m., from 16.5.-14.11. after 4.00 p.m., rest of the year full day redeemable, greenfee high season \u20ac112,-- low season \u20ac99,-","partner_anfahrt":"","partner_misc":null,"additional_css_classes":""},"yoast_head":"<!-- This site is optimized with the Yoast SEO plugin v26.8 - https:\/\/yoast.com\/product\/yoast-seo-wordpress\/ -->\n<title>GC D&#039;Aro - Mas Nou - Fairway 2 Hotel<\/title>\n<meta name=\"robots\" content=\"index, follow, max-snippet:-1, max-image-preview:large, max-video-preview:-1\" \/>\n<link rel=\"canonical\" href=\"https:\/\/fairway2hotel.at\/en\/golfclubs\/spanien-festland\/gc-daro-mas-nou\/\" \/>\n<meta property=\"og:locale\" content=\"en_US\" \/>\n<meta property=\"og:type\" content=\"article\" \/>\n<meta property=\"og:title\" content=\"GC D&#039;Aro - Mas Nou - Fairway 2 Hotel\" \/>\n<meta property=\"og:description\" content=\"Willkommen im Club Golf d&#8217;Aro &#8211; Mas Nou Sind Sie auf der Suche nach einem Golfplatz inmitten der Natur, um Golf zu spielen? Im Club Golf d&#8217;Aro finden Sie einen der sch\u00f6nsten und sch\u00f6nsten Ausblicke der Costa Brava Golf d&#8217;Aro befindet sich in einer exklusiven Enklave. Auf der einen Seite die Postkartenstr\u00e4nde von Platja d&#8217;Aro, [&hellip;]\" \/>\n<meta property=\"og:url\" content=\"https:\/\/fairway2hotel.at\/en\/golfclubs\/spanien-festland\/gc-daro-mas-nou\/\" \/>\n<meta property=\"og:site_name\" content=\"Fairway 2 Hotel\" \/>\n<meta property=\"article:modified_time\" content=\"2026-03-15T09:19:39+00:00\" \/>\n<meta name=\"twitter:card\" content=\"summary_large_image\" \/>\n<meta name=\"twitter:label1\" content=\"Est. reading time\" \/>\n\t<meta name=\"twitter:data1\" content=\"2 minutes\" \/>\n<script type=\"application\/ld+json\" class=\"yoast-schema-graph\">{\"@context\":\"https:\/\/schema.org\",\"@graph\":[{\"@type\":\"WebPage\",\"@id\":\"https:\/\/fairway2hotel.at\/en\/golfclubs\/spanien-festland\/gc-daro-mas-nou\/\",\"url\":\"https:\/\/fairway2hotel.at\/en\/golfclubs\/spanien-festland\/gc-daro-mas-nou\/\",\"name\":\"GC D'Aro - Mas Nou - Fairway 2 Hotel\",\"isPartOf\":{\"@id\":\"https:\/\/fairway2hotel.at\/en\/#website\"},\"datePublished\":\"2025-04-27T15:37:48+00:00\",\"dateModified\":\"2026-03-15T09:19:39+00:00\",\"breadcrumb\":{\"@id\":\"https:\/\/fairway2hotel.at\/en\/golfclubs\/spanien-festland\/gc-daro-mas-nou\/#breadcrumb\"},\"inLanguage\":\"en-US\",\"potentialAction\":[{\"@type\":\"ReadAction\",\"target\":[\"https:\/\/fairway2hotel.at\/en\/golfclubs\/spanien-festland\/gc-daro-mas-nou\/\"]}]},{\"@type\":\"BreadcrumbList\",\"@id\":\"https:\/\/fairway2hotel.at\/en\/golfclubs\/spanien-festland\/gc-daro-mas-nou\/#breadcrumb\",\"itemListElement\":[{\"@type\":\"ListItem\",\"position\":1,\"name\":\"Home\",\"item\":\"https:\/\/fairway2hotel.at\/en\/\"},{\"@type\":\"ListItem\",\"position\":2,\"name\":\"Golfclubs\",\"item\":\"https:\/\/fairway2hotel.at\/en\/golfclubs\/\"},{\"@type\":\"ListItem\",\"position\":3,\"name\":\"Golfclubs Festland\",\"item\":\"https:\/\/fairway2hotel.at\/en\/golfclubs\/spanien-festland\/\"},{\"@type\":\"ListItem\",\"position\":4,\"name\":\"GC D&#8217;Aro &#8211; Mas Nou\"}]},{\"@type\":\"WebSite\",\"@id\":\"https:\/\/fairway2hotel.at\/en\/#website\",\"url\":\"https:\/\/fairway2hotel.at\/en\/\",\"name\":\"Fairway 2 Hotel\",\"description\":\"Golf at half price! 2 play - 1 pays\",\"potentialAction\":[{\"@type\":\"SearchAction\",\"target\":{\"@type\":\"EntryPoint\",\"urlTemplate\":\"https:\/\/fairway2hotel.at\/en\/?s={search_term_string}\"},\"query-input\":{\"@type\":\"PropertyValueSpecification\",\"valueRequired\":true,\"valueName\":\"search_term_string\"}}],\"inLanguage\":\"en-US\"}]}<\/script>\n<!-- \/ Yoast SEO plugin. -->","yoast_head_json":{"title":"GC D'Aro - Mas Nou - Fairway 2 Hotel","robots":{"index":"index","follow":"follow","max-snippet":"max-snippet:-1","max-image-preview":"max-image-preview:large","max-video-preview":"max-video-preview:-1"},"canonical":"https:\/\/fairway2hotel.at\/en\/golfclubs\/spanien-festland\/gc-daro-mas-nou\/","og_locale":"en_US","og_type":"article","og_title":"GC D'Aro - Mas Nou - Fairway 2 Hotel","og_description":"Willkommen im Club Golf d&#8217;Aro &#8211; Mas Nou Sind Sie auf der Suche nach einem Golfplatz inmitten der Natur, um Golf zu spielen? Im Club Golf d&#8217;Aro finden Sie einen der sch\u00f6nsten und sch\u00f6nsten Ausblicke der Costa Brava Golf d&#8217;Aro befindet sich in einer exklusiven Enklave. Auf der einen Seite die Postkartenstr\u00e4nde von Platja d&#8217;Aro, [&hellip;]","og_url":"https:\/\/fairway2hotel.at\/en\/golfclubs\/spanien-festland\/gc-daro-mas-nou\/","og_site_name":"Fairway 2 Hotel","article_modified_time":"2026-03-15T09:19:39+00:00","twitter_card":"summary_large_image","twitter_misc":{"Est. reading time":"2 minutes"},"schema":{"@context":"https:\/\/schema.org","@graph":[{"@type":"WebPage","@id":"https:\/\/fairway2hotel.at\/en\/golfclubs\/spanien-festland\/gc-daro-mas-nou\/","url":"https:\/\/fairway2hotel.at\/en\/golfclubs\/spanien-festland\/gc-daro-mas-nou\/","name":"GC D'Aro - Mas Nou - Fairway 2 Hotel","isPartOf":{"@id":"https:\/\/fairway2hotel.at\/en\/#website"},"datePublished":"2025-04-27T15:37:48+00:00","dateModified":"2026-03-15T09:19:39+00:00","breadcrumb":{"@id":"https:\/\/fairway2hotel.at\/en\/golfclubs\/spanien-festland\/gc-daro-mas-nou\/#breadcrumb"},"inLanguage":"en-US","potentialAction":[{"@type":"ReadAction","target":["https:\/\/fairway2hotel.at\/en\/golfclubs\/spanien-festland\/gc-daro-mas-nou\/"]}]},{"@type":"BreadcrumbList","@id":"https:\/\/fairway2hotel.at\/en\/golfclubs\/spanien-festland\/gc-daro-mas-nou\/#breadcrumb","itemListElement":[{"@type":"ListItem","position":1,"name":"Home","item":"https:\/\/fairway2hotel.at\/en\/"},{"@type":"ListItem","position":2,"name":"Golfclubs","item":"https:\/\/fairway2hotel.at\/en\/golfclubs\/"},{"@type":"ListItem","position":3,"name":"Golfclubs Festland","item":"https:\/\/fairway2hotel.at\/en\/golfclubs\/spanien-festland\/"},{"@type":"ListItem","position":4,"name":"GC D&#8217;Aro &#8211; Mas Nou"}]},{"@type":"WebSite","@id":"https:\/\/fairway2hotel.at\/en\/#website","url":"https:\/\/fairway2hotel.at\/en\/","name":"Fairway 2 Hotel","description":"Golf at half price! 2 play - 1 pays","potentialAction":[{"@type":"SearchAction","target":{"@type":"EntryPoint","urlTemplate":"https:\/\/fairway2hotel.at\/en\/?s={search_term_string}"},"query-input":{"@type":"PropertyValueSpecification","valueRequired":true,"valueName":"search_term_string"}}],"inLanguage":"en-US"}]}},"_links":{"self":[{"href":"https:\/\/fairway2hotel.at\/en\/wp-json\/wp\/v2\/pages\/48196","targetHints":{"allow":["GET"]}}],"collection":[{"href":"https:\/\/fairway2hotel.at\/en\/wp-json\/wp\/v2\/pages"}],"about":[{"href":"https:\/\/fairway2hotel.at\/en\/wp-json\/wp\/v2\/types\/page"}],"author":[{"embeddable":true,"href":"https:\/\/fairway2hotel.at\/en\/wp-json\/wp\/v2\/users\/24"}],"replies":[{"embeddable":true,"href":"https:\/\/fairway2hotel.at\/en\/wp-json\/wp\/v2\/comments?post=48196"}],"version-history":[{"count":9,"href":"https:\/\/fairway2hotel.at\/en\/wp-json\/wp\/v2\/pages\/48196\/revisions"}],"predecessor-version":[{"id":53297,"href":"https:\/\/fairway2hotel.at\/en\/wp-json\/wp\/v2\/pages\/48196\/revisions\/53297"}],"up":[{"embeddable":true,"href":"https:\/\/fairway2hotel.at\/en\/wp-json\/wp\/v2\/pages\/37552"}],"acf:attachment":[{"embeddable":true,"href":"https:\/\/fairway2hotel.at\/en\/wp-json\/wp\/v2\/media\/48205"},{"embeddable":true,"href":"https:\/\/fairway2hotel.at\/en\/wp-json\/wp\/v2\/media\/48203"},{"embeddable":true,"href":"https:\/\/fairway2hotel.at\/en\/wp-json\/wp\/v2\/media\/48201"},{"embeddable":true,"href":"https:\/\/fairway2hotel.at\/en\/wp-json\/wp\/v2\/media\/48199"}],"wp:attachment":[{"href":"https:\/\/fairway2hotel.at\/en\/wp-json\/wp\/v2\/media?parent=48196"}],"curies":[{"name":"wp","href":"https:\/\/api.w.org\/{rel}","templated":true}]}}