{"id":48865,"date":"2025-07-27T13:54:15","date_gmt":"2025-07-27T11:54:15","guid":{"rendered":"https:\/\/fairway2hotel.at\/?page_id=48865"},"modified":"2025-07-28T11:42:14","modified_gmt":"2025-07-28T09:42:14","slug":"gc-greenfield","status":"publish","type":"page","link":"https:\/\/fairway2hotel.at\/en\/golfclubs\/ungarn\/gc-greenfield\/","title":{"rendered":"GC Greenfield"},"content":{"rendered":"<h2>\u00a0Greenfield Golf erwartet Sie<\/h2>\n<p>Das Greenfield Hotel Golf &amp; Spa befindet sich in einer zauberhaften gr\u00fcnen Umgebung an der westlichen Grenze Ungarns in B\u00fckf\u00fcrd\u0151.<\/p>\n<p>Es erwartet Sie ein komplett neu gestalteter und renovierter 18-Loch-\u201eChampionship\u201d-Golfplatz\u00a0 mit folgenden M\u00f6glichkeiten:<\/p>\n<p>100 Hektar gro\u00dfe Landschaft mit k\u00fcnstlichem Seensystem mit 7 Seen \u2022 Driving Range und Putting Green \u2022 Klimatisiertes Clubhaus f\u00fcr bis zu 70 Personen \u2022 Clubmitgliedschaft m\u00f6glich \u2022 Golfunterricht f\u00fcr Einzelpersonen und Gruppen durch professionelle Golfer \u2022 Zugangspr\u00fcfung \u2022 Organisation von Firmenveranstaltungen, begleitet von Golfunterricht \u2022 Junior-Trainingsprogramme f\u00fcr Anf\u00e4nger und Fortgeschrittene \u2022 Umfassende Organisation und Durchf\u00fchrung von Golfwettbewerben f\u00fcr Amateur- und Profigolfer<\/p>\n<p>Beachten Sie auch die Pr\u00e4sentation des Adventor Hotels Greenfield direkt am Golfplatz und nutzen Sie den \u00dcbernachtungsgutschein aus dieser App<\/p>\n<p>&nbsp;<\/p>\n<h2>Greenfied Golf awaits for you<\/h2>\n<p>The Greenfield Hotel Golf &amp; Spa is located in a magical green area, on the western border of Hungary, in B\u00fckf\u00fcrd\u0151.<\/p>\n<p>You can look forward to a completely redesigned and renovated 18-hole championship golf course with the following options:<\/p>\n<p>Completely reborned and renovated 18-hole \u201eChampionship\u201d golf course \u2022 100 hectare landscape with artificial lake system with 7 lake \u2022 Driving Range and Putting Green \u2022 Airconditioned club house for up to 70 people \u2022 Club membership available \u2022 Golf lessons for individuals and groups by professional golfers \u2022 Acces exam \u2022 Organization of company events, accompanied with golf lessons \u2022 Junior training programs for beginners and advanced \u2022 Comprehensive organization and management of golf competitions for amateur and professional golfers<\/p>\n<p>Please also note the presentation of the Adventor Hotel Greenfield directly on the golf course and use the accommodation voucher from this app.<\/p>\n","protected":false},"excerpt":{"rendered":"<p>\u00a0Greenfield Golf erwartet Sie Das Greenfield Hotel Golf &amp; Spa befindet sich in einer zauberhaften gr\u00fcnen Umgebung an der westlichen Grenze Ungarns in B\u00fckf\u00fcrd\u0151. Es erwartet Sie ein komplett neu gestalteter und renovierter 18-Loch-\u201eChampionship\u201d-Golfplatz\u00a0 mit folgenden M\u00f6glichkeiten: 100 Hektar gro\u00dfe Landschaft mit k\u00fcnstlichem Seensystem mit 7 Seen \u2022 Driving Range und Putting Green \u2022 Klimatisiertes [&hellip;]<\/p>\n","protected":false},"author":24,"featured_media":0,"parent":1725,"menu_order":15,"comment_status":"closed","ping_status":"closed","template":"page-partner.php","meta":{"_acf_changed":false,"footnotes":""},"class_list":["post-48865","page","type-page","status-publish","hentry"],"acf":{"partner_infobox":"<strong>Adresse:\u00a0<\/strong>Mariav\u00f6lgy ZRT, 8087 Alcsutdoboz, Mariav\u00f6lgy\r\n\r\n<strong>Tel:\u00a0<\/strong>+36 22 594 200\r\n\r\n<strong>Fax:\u00a0<\/strong>+36 70 978 5687\r\n\r\n<strong>Web: <\/strong><a href=\"http:\/\/www.golfpannonia.hu\" target=\"_blank\" rel=\"nofollow noopener\">www.golfpannonia.hu<\/a>\r\n\r\n<strong>E-Mail:<\/strong> <a href=\"mailto:info@golfpannonia.hu\">info@golfpannonia.hu<\/a>\r\n\r\n<strong>Spielbahnen\/Par: <\/strong>18 - 72\/73\r\n\r\n<strong>La\u0308nge: <\/strong>gelb: 5.969m \/\u00a0rot: 5.406m\r\n\r\n<em><strong>Bedingungen: <\/strong>Mo-So 18-Loch-Greenfee<\/em>\r\n\r\n<strong>Anfahrt:\r\n<\/strong>Autobahn M1 Wien-Budapest bis Ausfahrt Bicske (bei km 39). Nach der Ausfahrt rechts\u00a0\u2192 Tatab\u00e1nya\u00a0\u2192 ca. 3 km links\u00a0\u2192 Sz\u00e9kesfeh\u00e9rv\u00e1r und Felcs\u00fat abbiegen. Durch Felcs\u00fat\u00a0\u2192 Alcs\u00fatdoboz. In Alcs\u00fatdoboz links \u2192 Etyek abbiegen\u00a0\u2192 Platanenallee, f\u00fchrt direkt zum Clubhaus.","partner_logo":48866,"partner_gallery":[48870,48868,48872,48874,48876,48878,48880,48882,48884,48886,48888,48890,48894],"partner_lat":47.38941452485883,"partner_long":16.78106912618703,"partner_type":"golfclub","partner_openings":["1","2","3","4","7"],"montag_von_bis":"00:00 - 24:00","dienstag_von_bis":"00:00 - 24:00","mittwoch_von_bis":"00:00 - 24:00","donnerstag_von_bis":"00:00 - 24:00","freitag_von_bis":"00:00 - 24:00","samstag_von_bis":"00:00 - 24:00","sonntag_von_bis":"00:00 - 24:00","partner_adresse":" B\u00fck Golf ut 4, HU-9740, B\u00fckf\u00fcrd\u00f5","partner_land_bundesland":"Ungarn","partner_tel_1":"+36 94 801 600","partner_tel_2":"","partner_web":"https:\/\/greenfieldgolf.hu\/de","partner_mail":"golf@greenfieldhotel.hu","partner_spielbahnen_par":"18 \/72","partner_laenge":"gelb: 5.969m \/\u00a0rot: 5.406m","partner_bedingungen":"GS einl\u00f6sbar von SO-DO\r\nvoucher redeemable from Sun-Thu","partner_anfahrt":"Autobahn M1 Wien-Budapest bis Ausfahrt Bicske (bei km 39). Nach der Ausfahrt rechts\u00a0\u2192 Tatab\u00e1nya\u00a0\u2192 ca. 3 km links\u00a0\u2192 Sz\u00e9kesfeh\u00e9rv\u00e1r und Felcs\u00fat abbiegen. Durch Felcs\u00fat\u00a0\u2192 Alcs\u00fatdoboz. In Alcs\u00fatdoboz links \u2192 Etyek abbiegen\u00a0\u2192 Platanenallee, f\u00fchrt direkt zum Clubhaus.","partner_misc":null,"additional_css_classes":""},"yoast_head":"<!-- This site is optimized with the Yoast SEO plugin v26.8 - https:\/\/yoast.com\/product\/yoast-seo-wordpress\/ -->\n<title>GC Greenfield - Fairway 2 Hotel<\/title>\n<meta name=\"robots\" content=\"index, follow, max-snippet:-1, max-image-preview:large, max-video-preview:-1\" \/>\n<link rel=\"canonical\" href=\"https:\/\/fairway2hotel.at\/en\/golfclubs\/ungarn\/gc-greenfield\/\" \/>\n<meta property=\"og:locale\" content=\"en_US\" \/>\n<meta property=\"og:type\" content=\"article\" \/>\n<meta property=\"og:title\" content=\"GC Greenfield - Fairway 2 Hotel\" \/>\n<meta property=\"og:description\" content=\"\u00a0Greenfield Golf erwartet Sie Das Greenfield Hotel Golf &amp; Spa befindet sich in einer zauberhaften gr\u00fcnen Umgebung an der westlichen Grenze Ungarns in B\u00fckf\u00fcrd\u0151. Es erwartet Sie ein komplett neu gestalteter und renovierter 18-Loch-\u201eChampionship\u201d-Golfplatz\u00a0 mit folgenden M\u00f6glichkeiten: 100 Hektar gro\u00dfe Landschaft mit k\u00fcnstlichem Seensystem mit 7 Seen \u2022 Driving Range und Putting Green \u2022 Klimatisiertes [&hellip;]\" \/>\n<meta property=\"og:url\" content=\"https:\/\/fairway2hotel.at\/en\/golfclubs\/ungarn\/gc-greenfield\/\" \/>\n<meta property=\"og:site_name\" content=\"Fairway 2 Hotel\" \/>\n<meta property=\"article:modified_time\" content=\"2025-07-28T09:42:14+00:00\" \/>\n<meta name=\"twitter:card\" content=\"summary_large_image\" \/>\n<meta name=\"twitter:label1\" content=\"Est. reading time\" \/>\n\t<meta name=\"twitter:data1\" content=\"2 minutes\" \/>\n<script type=\"application\/ld+json\" class=\"yoast-schema-graph\">{\"@context\":\"https:\/\/schema.org\",\"@graph\":[{\"@type\":\"WebPage\",\"@id\":\"https:\/\/fairway2hotel.at\/en\/golfclubs\/ungarn\/gc-greenfield\/\",\"url\":\"https:\/\/fairway2hotel.at\/en\/golfclubs\/ungarn\/gc-greenfield\/\",\"name\":\"GC Greenfield - Fairway 2 Hotel\",\"isPartOf\":{\"@id\":\"https:\/\/fairway2hotel.at\/en\/#website\"},\"datePublished\":\"2025-07-27T11:54:15+00:00\",\"dateModified\":\"2025-07-28T09:42:14+00:00\",\"breadcrumb\":{\"@id\":\"https:\/\/fairway2hotel.at\/en\/golfclubs\/ungarn\/gc-greenfield\/#breadcrumb\"},\"inLanguage\":\"en-US\",\"potentialAction\":[{\"@type\":\"ReadAction\",\"target\":[\"https:\/\/fairway2hotel.at\/en\/golfclubs\/ungarn\/gc-greenfield\/\"]}]},{\"@type\":\"BreadcrumbList\",\"@id\":\"https:\/\/fairway2hotel.at\/en\/golfclubs\/ungarn\/gc-greenfield\/#breadcrumb\",\"itemListElement\":[{\"@type\":\"ListItem\",\"position\":1,\"name\":\"Home\",\"item\":\"https:\/\/fairway2hotel.at\/en\/\"},{\"@type\":\"ListItem\",\"position\":2,\"name\":\"Golfclubs\",\"item\":\"https:\/\/fairway2hotel.at\/en\/golfclubs\/\"},{\"@type\":\"ListItem\",\"position\":3,\"name\":\"Golfclubs Ungarn\",\"item\":\"https:\/\/fairway2hotel.at\/en\/golfclubs\/ungarn\/\"},{\"@type\":\"ListItem\",\"position\":4,\"name\":\"GC Greenfield\"}]},{\"@type\":\"WebSite\",\"@id\":\"https:\/\/fairway2hotel.at\/en\/#website\",\"url\":\"https:\/\/fairway2hotel.at\/en\/\",\"name\":\"Fairway 2 Hotel\",\"description\":\"Golf at half price! 2 play - 1 pays\",\"potentialAction\":[{\"@type\":\"SearchAction\",\"target\":{\"@type\":\"EntryPoint\",\"urlTemplate\":\"https:\/\/fairway2hotel.at\/en\/?s={search_term_string}\"},\"query-input\":{\"@type\":\"PropertyValueSpecification\",\"valueRequired\":true,\"valueName\":\"search_term_string\"}}],\"inLanguage\":\"en-US\"}]}<\/script>\n<!-- \/ Yoast SEO plugin. -->","yoast_head_json":{"title":"GC Greenfield - Fairway 2 Hotel","robots":{"index":"index","follow":"follow","max-snippet":"max-snippet:-1","max-image-preview":"max-image-preview:large","max-video-preview":"max-video-preview:-1"},"canonical":"https:\/\/fairway2hotel.at\/en\/golfclubs\/ungarn\/gc-greenfield\/","og_locale":"en_US","og_type":"article","og_title":"GC Greenfield - Fairway 2 Hotel","og_description":"\u00a0Greenfield Golf erwartet Sie Das Greenfield Hotel Golf &amp; Spa befindet sich in einer zauberhaften gr\u00fcnen Umgebung an der westlichen Grenze Ungarns in B\u00fckf\u00fcrd\u0151. Es erwartet Sie ein komplett neu gestalteter und renovierter 18-Loch-\u201eChampionship\u201d-Golfplatz\u00a0 mit folgenden M\u00f6glichkeiten: 100 Hektar gro\u00dfe Landschaft mit k\u00fcnstlichem Seensystem mit 7 Seen \u2022 Driving Range und Putting Green \u2022 Klimatisiertes [&hellip;]","og_url":"https:\/\/fairway2hotel.at\/en\/golfclubs\/ungarn\/gc-greenfield\/","og_site_name":"Fairway 2 Hotel","article_modified_time":"2025-07-28T09:42:14+00:00","twitter_card":"summary_large_image","twitter_misc":{"Est. reading time":"2 minutes"},"schema":{"@context":"https:\/\/schema.org","@graph":[{"@type":"WebPage","@id":"https:\/\/fairway2hotel.at\/en\/golfclubs\/ungarn\/gc-greenfield\/","url":"https:\/\/fairway2hotel.at\/en\/golfclubs\/ungarn\/gc-greenfield\/","name":"GC Greenfield - Fairway 2 Hotel","isPartOf":{"@id":"https:\/\/fairway2hotel.at\/en\/#website"},"datePublished":"2025-07-27T11:54:15+00:00","dateModified":"2025-07-28T09:42:14+00:00","breadcrumb":{"@id":"https:\/\/fairway2hotel.at\/en\/golfclubs\/ungarn\/gc-greenfield\/#breadcrumb"},"inLanguage":"en-US","potentialAction":[{"@type":"ReadAction","target":["https:\/\/fairway2hotel.at\/en\/golfclubs\/ungarn\/gc-greenfield\/"]}]},{"@type":"BreadcrumbList","@id":"https:\/\/fairway2hotel.at\/en\/golfclubs\/ungarn\/gc-greenfield\/#breadcrumb","itemListElement":[{"@type":"ListItem","position":1,"name":"Home","item":"https:\/\/fairway2hotel.at\/en\/"},{"@type":"ListItem","position":2,"name":"Golfclubs","item":"https:\/\/fairway2hotel.at\/en\/golfclubs\/"},{"@type":"ListItem","position":3,"name":"Golfclubs Ungarn","item":"https:\/\/fairway2hotel.at\/en\/golfclubs\/ungarn\/"},{"@type":"ListItem","position":4,"name":"GC Greenfield"}]},{"@type":"WebSite","@id":"https:\/\/fairway2hotel.at\/en\/#website","url":"https:\/\/fairway2hotel.at\/en\/","name":"Fairway 2 Hotel","description":"Golf at half price! 2 play - 1 pays","potentialAction":[{"@type":"SearchAction","target":{"@type":"EntryPoint","urlTemplate":"https:\/\/fairway2hotel.at\/en\/?s={search_term_string}"},"query-input":{"@type":"PropertyValueSpecification","valueRequired":true,"valueName":"search_term_string"}}],"inLanguage":"en-US"}]}},"_links":{"self":[{"href":"https:\/\/fairway2hotel.at\/en\/wp-json\/wp\/v2\/pages\/48865","targetHints":{"allow":["GET"]}}],"collection":[{"href":"https:\/\/fairway2hotel.at\/en\/wp-json\/wp\/v2\/pages"}],"about":[{"href":"https:\/\/fairway2hotel.at\/en\/wp-json\/wp\/v2\/types\/page"}],"author":[{"embeddable":true,"href":"https:\/\/fairway2hotel.at\/en\/wp-json\/wp\/v2\/users\/24"}],"replies":[{"embeddable":true,"href":"https:\/\/fairway2hotel.at\/en\/wp-json\/wp\/v2\/comments?post=48865"}],"version-history":[{"count":1,"href":"https:\/\/fairway2hotel.at\/en\/wp-json\/wp\/v2\/pages\/48865\/revisions"}],"predecessor-version":[{"id":48896,"href":"https:\/\/fairway2hotel.at\/en\/wp-json\/wp\/v2\/pages\/48865\/revisions\/48896"}],"up":[{"embeddable":true,"href":"https:\/\/fairway2hotel.at\/en\/wp-json\/wp\/v2\/pages\/1725"}],"acf:attachment":[{"embeddable":true,"href":"https:\/\/fairway2hotel.at\/en\/wp-json\/wp\/v2\/media\/48894"},{"embeddable":true,"href":"https:\/\/fairway2hotel.at\/en\/wp-json\/wp\/v2\/media\/48890"},{"embeddable":true,"href":"https:\/\/fairway2hotel.at\/en\/wp-json\/wp\/v2\/media\/48888"},{"embeddable":true,"href":"https:\/\/fairway2hotel.at\/en\/wp-json\/wp\/v2\/media\/48886"},{"embeddable":true,"href":"https:\/\/fairway2hotel.at\/en\/wp-json\/wp\/v2\/media\/48884"},{"embeddable":true,"href":"https:\/\/fairway2hotel.at\/en\/wp-json\/wp\/v2\/media\/48882"},{"embeddable":true,"href":"https:\/\/fairway2hotel.at\/en\/wp-json\/wp\/v2\/media\/48880"},{"embeddable":true,"href":"https:\/\/fairway2hotel.at\/en\/wp-json\/wp\/v2\/media\/48878"},{"embeddable":true,"href":"https:\/\/fairway2hotel.at\/en\/wp-json\/wp\/v2\/media\/48876"},{"embeddable":true,"href":"https:\/\/fairway2hotel.at\/en\/wp-json\/wp\/v2\/media\/48874"},{"embeddable":true,"href":"https:\/\/fairway2hotel.at\/en\/wp-json\/wp\/v2\/media\/48872"},{"embeddable":true,"href":"https:\/\/fairway2hotel.at\/en\/wp-json\/wp\/v2\/media\/48868"},{"embeddable":true,"href":"https:\/\/fairway2hotel.at\/en\/wp-json\/wp\/v2\/media\/48870"}],"wp:attachment":[{"href":"https:\/\/fairway2hotel.at\/en\/wp-json\/wp\/v2\/media?parent=48865"}],"curies":[{"name":"wp","href":"https:\/\/api.w.org\/{rel}","templated":true}]}}