{"id":48899,"date":"2025-07-27T14:23:56","date_gmt":"2025-07-27T12:23:56","guid":{"rendered":"https:\/\/fairway2hotel.at\/?page_id=48899"},"modified":"2025-07-28T11:35:42","modified_gmt":"2025-07-28T09:35:42","slug":"adventor-hotel-greenfield","status":"publish","type":"page","link":"https:\/\/fairway2hotel.at\/en\/hotels\/ungarn\/adventor-hotel-greenfield\/","title":{"rendered":"Adventor Hotel Greenfield"},"content":{"rendered":"<h2>Das Adventor Hotel Greenfield erwartet Sie<\/h2>\n<p>Das Greenfield Hotel Golf &amp; Spa befindet sich in einer zauberhaften gr\u00fcnen Umgebung an der westlichen Grenze Ungarns in B\u00fckf\u00fcrd\u0151. Das Hotel bietet 207 Zimmer, ein 3500 m\u00b2 gro\u00dfes Wellnesscenter, Verw\u00f6hn- und traditionelle Behandlungen, Sportprogramme, einen 18-Loch-Meisterschaftsgolfplatz, ein Unterhaltungszentrum und gastronomische Spezialit\u00e4ten f\u00fcr alle, die sich nach vollkommender Erholung und Entspannung sehnen.<\/p>\n<p>Das Hotel wird bis zum Herbst 2022 komplett renoviert. W\u00e4hrend der Renovierungsarbeiten wurden bereits viele Bereiche neu gestaltet, darunter die Zimmer, die Lobby, die Bar und das Restaurant, die Konferenzr\u00e4ume, der Poolbereich und die Saunawelt sowie neue Angebote wie das Unterhaltungszentrum Chill &amp; Fun Club und der neue exklusive Wellnessbereich Spa&amp;Harmony. In Zukunft wird der Poolbereich um eine neue Wasserrutsche erweitert, die von einem 10 Meter hohen Rutschenturm aus startet und das ganze Jahr \u00fcber genutzt werden kann.<\/p>\n<p>Beachten Sie auch die Pr\u00e4sentation von Greenfield Golf direkt vor unserer Haust\u00fcr und nutzen Sie die Golf-Gutscheine aus dieser App.<\/p>\n<h2>The Adventor Hotel Greenfield awaits for you<\/h2>\n<p>The Greenfield Hotel Golf &amp; Spa is located in a magical green area, on the western border of Hungary, in B\u00fckf\u00fcrd\u0151. The hotel offers 207 rooms, a 3500 m2 wellness centre, pampering and traditional treatments, sport programmes, an 18-hole championship golf course, an entertainment centre and gastronomic specialities for those who want the fullest rest and relaxation.<\/p>\n<p>The hotel is going to reborn compelety until the autumn of 2022. During the renovation, many parts have already been rebirthed, including the rooms, the lobby, bar and the restaurant, the conference rooms, the pool area and the sauna world, as well as new services such as the Chill &amp; Fun Club entertainment center and the new Spa&amp;Harmony exclusive wellness area. In the future the pool area will expand with a new waterslide, which starting from a 10-meter-high slide tower that can be used every day of the year.<\/p>\n<p>Please also note the presentation of Greenfield Golf right on our doorstep and use the Golf vouchers from this app.<\/p>\n<p>&nbsp;<\/p>\n","protected":false},"excerpt":{"rendered":"<p>Das Adventor Hotel Greenfield erwartet Sie Das Greenfield Hotel Golf &amp; Spa befindet sich in einer zauberhaften gr\u00fcnen Umgebung an der westlichen Grenze Ungarns in B\u00fckf\u00fcrd\u0151. Das Hotel bietet 207 Zimmer, ein 3500 m\u00b2 gro\u00dfes Wellnesscenter, Verw\u00f6hn- und traditionelle Behandlungen, Sportprogramme, einen 18-Loch-Meisterschaftsgolfplatz, ein Unterhaltungszentrum und gastronomische Spezialit\u00e4ten f\u00fcr alle, die sich nach vollkommender Erholung [&hellip;]<\/p>\n","protected":false},"author":24,"featured_media":0,"parent":2969,"menu_order":0,"comment_status":"closed","ping_status":"closed","template":"page-partner.php","meta":{"_acf_changed":false,"footnotes":""},"class_list":["post-48899","page","type-page","status-publish","hentry"],"acf":{"partner_infobox":"<strong>Adresse:\u00a0<\/strong>Skerceva 6, SI-1230 Domzale\r\n\r\n<strong>Tel: <\/strong>+386 51 615 392\r\n\r\n<strong>Web: <\/strong><a href=\"http:\/\/www.ambienthotel.si\" target=\"_blank\" rel=\"nofollow noopener\">www.ambienthotel.si<\/a>\r\n\r\n<strong>E-Mail:<\/strong> <a href=\"mailto:booking@ambienthotel.si\">booking@ambienthotel.si<\/a>\r\n\r\n<em><strong>Bedingungen:\r\n<\/strong>Gutschein gilt bis zu 3 N\u00e4chten im DZ comfort.<\/em>\r\n\r\n<strong>Golfclubs in der N\u00e4he:\r\n<\/strong>GC Arboretum, GC Diners\r\n\r\n<strong>Anfahrt:\r\n<\/strong>Autobahn A1 - Domzale","partner_logo":48866,"partner_gallery":[48878,48876,48894,48890,48888,48886,48884,48882,48880,48874,48872,48870,48868],"partner_lat":47.38941452485883,"partner_long":16.78106912618703,"partner_type":"hotel","partner_openings":["1","2","3","4","7"],"montag_von_bis":"00:00 - 24:00","dienstag_von_bis":"00:00 - 24:00","mittwoch_von_bis":"00:00 - 24:00","donnerstag_von_bis":"00:00 - 24:00","freitag_von_bis":"00:00 - 24:00","samstag_von_bis":"00:00 - 24:00","sonntag_von_bis":"00:00 - 24:00","partner_adresse":"Golf \u00fat 4, H-9740 B\u00fckf\u00fcrd\u00f5","partner_land_bundesland":"","partner_tel_1":"+36 94 801 600","partner_tel_2":"","partner_web":"https:\/\/greenfieldgolf.hu\/de\/unser-hotel","partner_mail":"reservation@greenfieldhotel.hu","partner_spielbahnen_par":"","partner_laenge":"","partner_bedingungen":"Gutschein einl\u00f6sbar mit Fr\u00fchst\u00fcck (\u20ac100,--) f\u00fcr 2 Personen\r\nvoucher redeemable with breakfast (\u20ac 100,--) for both","partner_anfahrt":"","partner_misc":null,"additional_css_classes":""},"yoast_head":"<!-- This site is optimized with the Yoast SEO plugin v26.8 - https:\/\/yoast.com\/product\/yoast-seo-wordpress\/ -->\n<title>Adventor Hotel Greenfield - Fairway 2 Hotel<\/title>\n<meta name=\"robots\" content=\"index, follow, max-snippet:-1, max-image-preview:large, max-video-preview:-1\" \/>\n<link rel=\"canonical\" href=\"https:\/\/fairway2hotel.at\/en\/hotels\/ungarn\/adventor-hotel-greenfield\/\" \/>\n<meta property=\"og:locale\" content=\"en_US\" \/>\n<meta property=\"og:type\" content=\"article\" \/>\n<meta property=\"og:title\" content=\"Adventor Hotel Greenfield - Fairway 2 Hotel\" \/>\n<meta property=\"og:description\" content=\"Das Adventor Hotel Greenfield erwartet Sie Das Greenfield Hotel Golf &amp; Spa befindet sich in einer zauberhaften gr\u00fcnen Umgebung an der westlichen Grenze Ungarns in B\u00fckf\u00fcrd\u0151. Das Hotel bietet 207 Zimmer, ein 3500 m\u00b2 gro\u00dfes Wellnesscenter, Verw\u00f6hn- und traditionelle Behandlungen, Sportprogramme, einen 18-Loch-Meisterschaftsgolfplatz, ein Unterhaltungszentrum und gastronomische Spezialit\u00e4ten f\u00fcr alle, die sich nach vollkommender Erholung [&hellip;]\" \/>\n<meta property=\"og:url\" content=\"https:\/\/fairway2hotel.at\/en\/hotels\/ungarn\/adventor-hotel-greenfield\/\" \/>\n<meta property=\"og:site_name\" content=\"Fairway 2 Hotel\" \/>\n<meta property=\"article:modified_time\" content=\"2025-07-28T09:35:42+00:00\" \/>\n<meta name=\"twitter:card\" content=\"summary_large_image\" \/>\n<meta name=\"twitter:label1\" content=\"Est. reading time\" \/>\n\t<meta name=\"twitter:data1\" content=\"2 minutes\" \/>\n<script type=\"application\/ld+json\" class=\"yoast-schema-graph\">{\"@context\":\"https:\/\/schema.org\",\"@graph\":[{\"@type\":\"WebPage\",\"@id\":\"https:\/\/fairway2hotel.at\/en\/hotels\/ungarn\/adventor-hotel-greenfield\/\",\"url\":\"https:\/\/fairway2hotel.at\/en\/hotels\/ungarn\/adventor-hotel-greenfield\/\",\"name\":\"Adventor Hotel Greenfield - Fairway 2 Hotel\",\"isPartOf\":{\"@id\":\"https:\/\/fairway2hotel.at\/en\/#website\"},\"datePublished\":\"2025-07-27T12:23:56+00:00\",\"dateModified\":\"2025-07-28T09:35:42+00:00\",\"breadcrumb\":{\"@id\":\"https:\/\/fairway2hotel.at\/en\/hotels\/ungarn\/adventor-hotel-greenfield\/#breadcrumb\"},\"inLanguage\":\"en-US\",\"potentialAction\":[{\"@type\":\"ReadAction\",\"target\":[\"https:\/\/fairway2hotel.at\/en\/hotels\/ungarn\/adventor-hotel-greenfield\/\"]}]},{\"@type\":\"BreadcrumbList\",\"@id\":\"https:\/\/fairway2hotel.at\/en\/hotels\/ungarn\/adventor-hotel-greenfield\/#breadcrumb\",\"itemListElement\":[{\"@type\":\"ListItem\",\"position\":1,\"name\":\"Home\",\"item\":\"https:\/\/fairway2hotel.at\/en\/\"},{\"@type\":\"ListItem\",\"position\":2,\"name\":\"Hotels\",\"item\":\"https:\/\/fairway2hotel.at\/en\/hotels\/\"},{\"@type\":\"ListItem\",\"position\":3,\"name\":\"Hotels Ungarn\",\"item\":\"https:\/\/fairway2hotel.at\/en\/hotels\/ungarn\/\"},{\"@type\":\"ListItem\",\"position\":4,\"name\":\"Adventor Hotel Greenfield\"}]},{\"@type\":\"WebSite\",\"@id\":\"https:\/\/fairway2hotel.at\/en\/#website\",\"url\":\"https:\/\/fairway2hotel.at\/en\/\",\"name\":\"Fairway 2 Hotel\",\"description\":\"Golf at half price! 2 play - 1 pays\",\"potentialAction\":[{\"@type\":\"SearchAction\",\"target\":{\"@type\":\"EntryPoint\",\"urlTemplate\":\"https:\/\/fairway2hotel.at\/en\/?s={search_term_string}\"},\"query-input\":{\"@type\":\"PropertyValueSpecification\",\"valueRequired\":true,\"valueName\":\"search_term_string\"}}],\"inLanguage\":\"en-US\"}]}<\/script>\n<!-- \/ Yoast SEO plugin. -->","yoast_head_json":{"title":"Adventor Hotel Greenfield - Fairway 2 Hotel","robots":{"index":"index","follow":"follow","max-snippet":"max-snippet:-1","max-image-preview":"max-image-preview:large","max-video-preview":"max-video-preview:-1"},"canonical":"https:\/\/fairway2hotel.at\/en\/hotels\/ungarn\/adventor-hotel-greenfield\/","og_locale":"en_US","og_type":"article","og_title":"Adventor Hotel Greenfield - Fairway 2 Hotel","og_description":"Das Adventor Hotel Greenfield erwartet Sie Das Greenfield Hotel Golf &amp; Spa befindet sich in einer zauberhaften gr\u00fcnen Umgebung an der westlichen Grenze Ungarns in B\u00fckf\u00fcrd\u0151. Das Hotel bietet 207 Zimmer, ein 3500 m\u00b2 gro\u00dfes Wellnesscenter, Verw\u00f6hn- und traditionelle Behandlungen, Sportprogramme, einen 18-Loch-Meisterschaftsgolfplatz, ein Unterhaltungszentrum und gastronomische Spezialit\u00e4ten f\u00fcr alle, die sich nach vollkommender Erholung [&hellip;]","og_url":"https:\/\/fairway2hotel.at\/en\/hotels\/ungarn\/adventor-hotel-greenfield\/","og_site_name":"Fairway 2 Hotel","article_modified_time":"2025-07-28T09:35:42+00:00","twitter_card":"summary_large_image","twitter_misc":{"Est. reading time":"2 minutes"},"schema":{"@context":"https:\/\/schema.org","@graph":[{"@type":"WebPage","@id":"https:\/\/fairway2hotel.at\/en\/hotels\/ungarn\/adventor-hotel-greenfield\/","url":"https:\/\/fairway2hotel.at\/en\/hotels\/ungarn\/adventor-hotel-greenfield\/","name":"Adventor Hotel Greenfield - Fairway 2 Hotel","isPartOf":{"@id":"https:\/\/fairway2hotel.at\/en\/#website"},"datePublished":"2025-07-27T12:23:56+00:00","dateModified":"2025-07-28T09:35:42+00:00","breadcrumb":{"@id":"https:\/\/fairway2hotel.at\/en\/hotels\/ungarn\/adventor-hotel-greenfield\/#breadcrumb"},"inLanguage":"en-US","potentialAction":[{"@type":"ReadAction","target":["https:\/\/fairway2hotel.at\/en\/hotels\/ungarn\/adventor-hotel-greenfield\/"]}]},{"@type":"BreadcrumbList","@id":"https:\/\/fairway2hotel.at\/en\/hotels\/ungarn\/adventor-hotel-greenfield\/#breadcrumb","itemListElement":[{"@type":"ListItem","position":1,"name":"Home","item":"https:\/\/fairway2hotel.at\/en\/"},{"@type":"ListItem","position":2,"name":"Hotels","item":"https:\/\/fairway2hotel.at\/en\/hotels\/"},{"@type":"ListItem","position":3,"name":"Hotels Ungarn","item":"https:\/\/fairway2hotel.at\/en\/hotels\/ungarn\/"},{"@type":"ListItem","position":4,"name":"Adventor Hotel Greenfield"}]},{"@type":"WebSite","@id":"https:\/\/fairway2hotel.at\/en\/#website","url":"https:\/\/fairway2hotel.at\/en\/","name":"Fairway 2 Hotel","description":"Golf at half price! 2 play - 1 pays","potentialAction":[{"@type":"SearchAction","target":{"@type":"EntryPoint","urlTemplate":"https:\/\/fairway2hotel.at\/en\/?s={search_term_string}"},"query-input":{"@type":"PropertyValueSpecification","valueRequired":true,"valueName":"search_term_string"}}],"inLanguage":"en-US"}]}},"_links":{"self":[{"href":"https:\/\/fairway2hotel.at\/en\/wp-json\/wp\/v2\/pages\/48899","targetHints":{"allow":["GET"]}}],"collection":[{"href":"https:\/\/fairway2hotel.at\/en\/wp-json\/wp\/v2\/pages"}],"about":[{"href":"https:\/\/fairway2hotel.at\/en\/wp-json\/wp\/v2\/types\/page"}],"author":[{"embeddable":true,"href":"https:\/\/fairway2hotel.at\/en\/wp-json\/wp\/v2\/users\/24"}],"replies":[{"embeddable":true,"href":"https:\/\/fairway2hotel.at\/en\/wp-json\/wp\/v2\/comments?post=48899"}],"version-history":[{"count":1,"href":"https:\/\/fairway2hotel.at\/en\/wp-json\/wp\/v2\/pages\/48899\/revisions"}],"predecessor-version":[{"id":48900,"href":"https:\/\/fairway2hotel.at\/en\/wp-json\/wp\/v2\/pages\/48899\/revisions\/48900"}],"up":[{"embeddable":true,"href":"https:\/\/fairway2hotel.at\/en\/wp-json\/wp\/v2\/pages\/2969"}],"acf:attachment":[{"embeddable":true,"href":"https:\/\/fairway2hotel.at\/en\/wp-json\/wp\/v2\/media\/48868"},{"embeddable":true,"href":"https:\/\/fairway2hotel.at\/en\/wp-json\/wp\/v2\/media\/48870"},{"embeddable":true,"href":"https:\/\/fairway2hotel.at\/en\/wp-json\/wp\/v2\/media\/48872"},{"embeddable":true,"href":"https:\/\/fairway2hotel.at\/en\/wp-json\/wp\/v2\/media\/48874"},{"embeddable":true,"href":"https:\/\/fairway2hotel.at\/en\/wp-json\/wp\/v2\/media\/48880"},{"embeddable":true,"href":"https:\/\/fairway2hotel.at\/en\/wp-json\/wp\/v2\/media\/48882"},{"embeddable":true,"href":"https:\/\/fairway2hotel.at\/en\/wp-json\/wp\/v2\/media\/48884"},{"embeddable":true,"href":"https:\/\/fairway2hotel.at\/en\/wp-json\/wp\/v2\/media\/48886"},{"embeddable":true,"href":"https:\/\/fairway2hotel.at\/en\/wp-json\/wp\/v2\/media\/48888"},{"embeddable":true,"href":"https:\/\/fairway2hotel.at\/en\/wp-json\/wp\/v2\/media\/48890"},{"embeddable":true,"href":"https:\/\/fairway2hotel.at\/en\/wp-json\/wp\/v2\/media\/48894"},{"embeddable":true,"href":"https:\/\/fairway2hotel.at\/en\/wp-json\/wp\/v2\/media\/48876"},{"embeddable":true,"href":"https:\/\/fairway2hotel.at\/en\/wp-json\/wp\/v2\/media\/48878"}],"wp:attachment":[{"href":"https:\/\/fairway2hotel.at\/en\/wp-json\/wp\/v2\/media?parent=48899"}],"curies":[{"name":"wp","href":"https:\/\/api.w.org\/{rel}","templated":true}]}}