{"id":49249,"date":"2025-10-18T12:28:28","date_gmt":"2025-10-18T10:28:28","guid":{"rendered":"https:\/\/fairway2hotel.at\/?page_id=49249"},"modified":"2025-11-09T18:20:03","modified_gmt":"2025-11-09T17:20:03","slug":"gc-castelgandolfo","status":"publish","type":"page","link":"https:\/\/fairway2hotel.at\/en\/golfclubs\/italien\/gc-castelgandolfo\/","title":{"rendered":"GC Castelgandolfo"},"content":{"rendered":"<h2>Golfen in einem der faszinierenden Pl\u00e4tzen Italiens<\/h2>\n<p>Das im 17. Jahrhundert erbaute Herrenhaus \u00fcberblickt den Krater eines erloschenen Vulkans. Die Residenz, urspr\u00fcnglich von Kardinal Flavio Chigi in Auftrag gegeben, gilt heute als das charmanteste Clubhaus unter den Golfclubs; der Krater wurde dank der kreativen Ideen von Robert Trent Jones Sr. in einen anspruchsvollen Golfplatz mit vielen interessanten technischen Besonderheiten verwandelt. Das nat\u00fcrlich angelegte Gel\u00e4nde wurde mit einhundertundein Tricks zwischen hundertj\u00e4hrigen Olivenb\u00e4umen, Eichen und Pinien ausgestattet.<\/p>\n<p>Der Balkon des Clubhauses bietet einen faszinierenden und vollst\u00e4ndigen Panoramablick auf den Platz: Die 18 L\u00f6cher k\u00f6nnen mit einem einzigen Blick erfasst werden, was ein Gef\u00fchl von Intimit\u00e4t und Atmosph\u00e4re vermittelt, w\u00e4hrend vier Jahrhunderte Geschichte innerhalb der Mauern des Clubhauses Schutz bieten und die K\u00fcste im Hintergrund gl\u00e4nzt.<\/p>\n<p>In den charmanten S\u00e4len sowie im herrlichen Garten der Terrasse findet die Darbietung unseres Restaurantchefs statt, dessen Rezepte der neu interpretierten regionalen K\u00fcche den Geschmack jedes Gastes treffen.<\/p>\n<h2>Golfing at one of Italy&#8217;s most fascinating courses<\/h2>\n<p>A mansion built in the seventeenth century overlooks the crater of an extinct volcano. The residence, originally commissioned by Cardinal Flavio Chigi, is now considered the most charming club house among golf clubs; the crater, thanks to the creative flair of Robert Trent Jones Sr., has been transformed into a challenging golf course, full of intriguing technical features. The naturally laid ground has been endowed with one hundred and one tricks among centenarian olive trees, oaks and cluster pines.<\/p>\n<p>The balcony of the club house offers a fascinating and complete panorama of the course: the 18 holes can be embraced in a single look, giving the feeling of an intimate and evocative atmosphere, while four centuries of history provide protection within the walls of the club house and the seafront shines in the background.<\/p>\n<p>In the charming halls as well as on the delightful garden of the terrace takes place the performance of our chef of the restaurant, whose recipes of revisited regional cuisine fulfill the gusto of every guest.<\/p>\n","protected":false},"excerpt":{"rendered":"<p>Golfen in einem der faszinierenden Pl\u00e4tzen Italiens Das im 17. Jahrhundert erbaute Herrenhaus \u00fcberblickt den Krater eines erloschenen Vulkans. Die Residenz, urspr\u00fcnglich von Kardinal Flavio Chigi in Auftrag gegeben, gilt heute als das charmanteste Clubhaus unter den Golfclubs; der Krater wurde dank der kreativen Ideen von Robert Trent Jones Sr. in einen anspruchsvollen Golfplatz mit [&hellip;]<\/p>\n","protected":false},"author":24,"featured_media":0,"parent":1657,"menu_order":90,"comment_status":"closed","ping_status":"closed","template":"page-partner.php","meta":{"_acf_changed":false,"footnotes":""},"class_list":["post-49249","page","type-page","status-publish","hentry"],"acf":{"partner_infobox":"<strong>Adresse:\u00a0<\/strong>Via del Casinazzo 1, I-42123 Reggio Emilia, San Bartolomeo\r\n\r\n<strong>Tel:\u00a0<\/strong>+39 0522 371295\r\n\r\n<strong>Fax:\u00a0<\/strong>+39 0522 371204\r\n\r\n<strong>Web: <\/strong><a href=\"http:\/\/www.matildedicanossagolf.it\" target=\"_blank\" rel=\"nofollow noopener noreferrer\">www.matildedicanossagolf.it<\/a>\r\n\r\n<strong>E-Mail:<\/strong> <a href=\"mailto:info@golfmatildedicanossa.it\">info@golfmatildedicanossa.it<\/a>\r\n\r\n<strong>Spielbahnen\/Par: <\/strong>18\/72\r\n\r\n<strong>La\u0308nge: <\/strong>gelb: 5.975 m\/rot: 5.215 m\r\n\r\n<strong>Anfahrt: <\/strong>Zwischen Parma und Reggio Emilia gelegen.","partner_logo":49253,"partner_gallery":[49255,49257,49259,49261,49263],"partner_lat":41.738524869288256,"partner_long":12.62828555449434,"partner_type":"golfclub","partner_openings":["1","2","3","4","5","6","7"],"montag_von_bis":"00:00 - 24:00","dienstag_von_bis":"00:00 - 24:00","mittwoch_von_bis":"00:00 - 24:00","donnerstag_von_bis":"00:00 - 24:00","freitag_von_bis":"00:00 - 24:00","samstag_von_bis":"00:00 - 24:00","sonntag_von_bis":"00:00 - 24:00","partner_adresse":"Via di S. Spirito, 13, I-00073 Castel Gandolfo-Roma","partner_land_bundesland":"Italien","partner_tel_1":"0039 06 93 12 301","partner_tel_2":"","partner_web":"https:\/\/www.countryclubcastelgandolfo.it\/","partner_mail":"info@golfclubcastelgandolfo.it","partner_spielbahnen_par":"18\/72","partner_laenge":"gelb: 5.975 m\/rot: 5.215 m","partner_bedingungen":"","partner_anfahrt":"Zwischen Parma und Reggio Emilia gelegen.","partner_misc":null,"additional_css_classes":""},"yoast_head":"<!-- This site is optimized with the Yoast SEO plugin v26.8 - https:\/\/yoast.com\/product\/yoast-seo-wordpress\/ -->\n<title>GC Castelgandolfo - Fairway 2 Hotel<\/title>\n<meta name=\"robots\" content=\"index, follow, max-snippet:-1, max-image-preview:large, max-video-preview:-1\" \/>\n<link rel=\"canonical\" href=\"https:\/\/fairway2hotel.at\/en\/golfclubs\/italien\/gc-castelgandolfo\/\" \/>\n<meta property=\"og:locale\" content=\"en_US\" \/>\n<meta property=\"og:type\" content=\"article\" \/>\n<meta property=\"og:title\" content=\"GC Castelgandolfo - Fairway 2 Hotel\" \/>\n<meta property=\"og:description\" content=\"Golfen in einem der faszinierenden Pl\u00e4tzen Italiens Das im 17. Jahrhundert erbaute Herrenhaus \u00fcberblickt den Krater eines erloschenen Vulkans. Die Residenz, urspr\u00fcnglich von Kardinal Flavio Chigi in Auftrag gegeben, gilt heute als das charmanteste Clubhaus unter den Golfclubs; der Krater wurde dank der kreativen Ideen von Robert Trent Jones Sr. in einen anspruchsvollen Golfplatz mit [&hellip;]\" \/>\n<meta property=\"og:url\" content=\"https:\/\/fairway2hotel.at\/en\/golfclubs\/italien\/gc-castelgandolfo\/\" \/>\n<meta property=\"og:site_name\" content=\"Fairway 2 Hotel\" \/>\n<meta property=\"article:modified_time\" content=\"2025-11-09T17:20:03+00:00\" \/>\n<meta name=\"twitter:card\" content=\"summary_large_image\" \/>\n<meta name=\"twitter:label1\" content=\"Est. reading time\" \/>\n\t<meta name=\"twitter:data1\" content=\"2 minutes\" \/>\n<script type=\"application\/ld+json\" class=\"yoast-schema-graph\">{\"@context\":\"https:\/\/schema.org\",\"@graph\":[{\"@type\":\"WebPage\",\"@id\":\"https:\/\/fairway2hotel.at\/en\/golfclubs\/italien\/gc-castelgandolfo\/\",\"url\":\"https:\/\/fairway2hotel.at\/en\/golfclubs\/italien\/gc-castelgandolfo\/\",\"name\":\"GC Castelgandolfo - Fairway 2 Hotel\",\"isPartOf\":{\"@id\":\"https:\/\/fairway2hotel.at\/en\/#website\"},\"datePublished\":\"2025-10-18T10:28:28+00:00\",\"dateModified\":\"2025-11-09T17:20:03+00:00\",\"breadcrumb\":{\"@id\":\"https:\/\/fairway2hotel.at\/en\/golfclubs\/italien\/gc-castelgandolfo\/#breadcrumb\"},\"inLanguage\":\"en-US\",\"potentialAction\":[{\"@type\":\"ReadAction\",\"target\":[\"https:\/\/fairway2hotel.at\/en\/golfclubs\/italien\/gc-castelgandolfo\/\"]}]},{\"@type\":\"BreadcrumbList\",\"@id\":\"https:\/\/fairway2hotel.at\/en\/golfclubs\/italien\/gc-castelgandolfo\/#breadcrumb\",\"itemListElement\":[{\"@type\":\"ListItem\",\"position\":1,\"name\":\"Home\",\"item\":\"https:\/\/fairway2hotel.at\/en\/\"},{\"@type\":\"ListItem\",\"position\":2,\"name\":\"Golfclubs\",\"item\":\"https:\/\/fairway2hotel.at\/en\/golfclubs\/\"},{\"@type\":\"ListItem\",\"position\":3,\"name\":\"Golfclubs Italien\",\"item\":\"https:\/\/fairway2hotel.at\/en\/golfclubs\/italien\/\"},{\"@type\":\"ListItem\",\"position\":4,\"name\":\"GC Castelgandolfo\"}]},{\"@type\":\"WebSite\",\"@id\":\"https:\/\/fairway2hotel.at\/en\/#website\",\"url\":\"https:\/\/fairway2hotel.at\/en\/\",\"name\":\"Fairway 2 Hotel\",\"description\":\"Golf at half price! 2 play - 1 pays\",\"potentialAction\":[{\"@type\":\"SearchAction\",\"target\":{\"@type\":\"EntryPoint\",\"urlTemplate\":\"https:\/\/fairway2hotel.at\/en\/?s={search_term_string}\"},\"query-input\":{\"@type\":\"PropertyValueSpecification\",\"valueRequired\":true,\"valueName\":\"search_term_string\"}}],\"inLanguage\":\"en-US\"}]}<\/script>\n<!-- \/ Yoast SEO plugin. -->","yoast_head_json":{"title":"GC Castelgandolfo - Fairway 2 Hotel","robots":{"index":"index","follow":"follow","max-snippet":"max-snippet:-1","max-image-preview":"max-image-preview:large","max-video-preview":"max-video-preview:-1"},"canonical":"https:\/\/fairway2hotel.at\/en\/golfclubs\/italien\/gc-castelgandolfo\/","og_locale":"en_US","og_type":"article","og_title":"GC Castelgandolfo - Fairway 2 Hotel","og_description":"Golfen in einem der faszinierenden Pl\u00e4tzen Italiens Das im 17. Jahrhundert erbaute Herrenhaus \u00fcberblickt den Krater eines erloschenen Vulkans. Die Residenz, urspr\u00fcnglich von Kardinal Flavio Chigi in Auftrag gegeben, gilt heute als das charmanteste Clubhaus unter den Golfclubs; der Krater wurde dank der kreativen Ideen von Robert Trent Jones Sr. in einen anspruchsvollen Golfplatz mit [&hellip;]","og_url":"https:\/\/fairway2hotel.at\/en\/golfclubs\/italien\/gc-castelgandolfo\/","og_site_name":"Fairway 2 Hotel","article_modified_time":"2025-11-09T17:20:03+00:00","twitter_card":"summary_large_image","twitter_misc":{"Est. reading time":"2 minutes"},"schema":{"@context":"https:\/\/schema.org","@graph":[{"@type":"WebPage","@id":"https:\/\/fairway2hotel.at\/en\/golfclubs\/italien\/gc-castelgandolfo\/","url":"https:\/\/fairway2hotel.at\/en\/golfclubs\/italien\/gc-castelgandolfo\/","name":"GC Castelgandolfo - Fairway 2 Hotel","isPartOf":{"@id":"https:\/\/fairway2hotel.at\/en\/#website"},"datePublished":"2025-10-18T10:28:28+00:00","dateModified":"2025-11-09T17:20:03+00:00","breadcrumb":{"@id":"https:\/\/fairway2hotel.at\/en\/golfclubs\/italien\/gc-castelgandolfo\/#breadcrumb"},"inLanguage":"en-US","potentialAction":[{"@type":"ReadAction","target":["https:\/\/fairway2hotel.at\/en\/golfclubs\/italien\/gc-castelgandolfo\/"]}]},{"@type":"BreadcrumbList","@id":"https:\/\/fairway2hotel.at\/en\/golfclubs\/italien\/gc-castelgandolfo\/#breadcrumb","itemListElement":[{"@type":"ListItem","position":1,"name":"Home","item":"https:\/\/fairway2hotel.at\/en\/"},{"@type":"ListItem","position":2,"name":"Golfclubs","item":"https:\/\/fairway2hotel.at\/en\/golfclubs\/"},{"@type":"ListItem","position":3,"name":"Golfclubs Italien","item":"https:\/\/fairway2hotel.at\/en\/golfclubs\/italien\/"},{"@type":"ListItem","position":4,"name":"GC Castelgandolfo"}]},{"@type":"WebSite","@id":"https:\/\/fairway2hotel.at\/en\/#website","url":"https:\/\/fairway2hotel.at\/en\/","name":"Fairway 2 Hotel","description":"Golf at half price! 2 play - 1 pays","potentialAction":[{"@type":"SearchAction","target":{"@type":"EntryPoint","urlTemplate":"https:\/\/fairway2hotel.at\/en\/?s={search_term_string}"},"query-input":{"@type":"PropertyValueSpecification","valueRequired":true,"valueName":"search_term_string"}}],"inLanguage":"en-US"}]}},"_links":{"self":[{"href":"https:\/\/fairway2hotel.at\/en\/wp-json\/wp\/v2\/pages\/49249","targetHints":{"allow":["GET"]}}],"collection":[{"href":"https:\/\/fairway2hotel.at\/en\/wp-json\/wp\/v2\/pages"}],"about":[{"href":"https:\/\/fairway2hotel.at\/en\/wp-json\/wp\/v2\/types\/page"}],"author":[{"embeddable":true,"href":"https:\/\/fairway2hotel.at\/en\/wp-json\/wp\/v2\/users\/24"}],"replies":[{"embeddable":true,"href":"https:\/\/fairway2hotel.at\/en\/wp-json\/wp\/v2\/comments?post=49249"}],"version-history":[{"count":3,"href":"https:\/\/fairway2hotel.at\/en\/wp-json\/wp\/v2\/pages\/49249\/revisions"}],"predecessor-version":[{"id":49266,"href":"https:\/\/fairway2hotel.at\/en\/wp-json\/wp\/v2\/pages\/49249\/revisions\/49266"}],"up":[{"embeddable":true,"href":"https:\/\/fairway2hotel.at\/en\/wp-json\/wp\/v2\/pages\/1657"}],"acf:attachment":[{"embeddable":true,"href":"https:\/\/fairway2hotel.at\/en\/wp-json\/wp\/v2\/media\/49263"},{"embeddable":true,"href":"https:\/\/fairway2hotel.at\/en\/wp-json\/wp\/v2\/media\/49261"},{"embeddable":true,"href":"https:\/\/fairway2hotel.at\/en\/wp-json\/wp\/v2\/media\/49259"},{"embeddable":true,"href":"https:\/\/fairway2hotel.at\/en\/wp-json\/wp\/v2\/media\/49257"},{"embeddable":true,"href":"https:\/\/fairway2hotel.at\/en\/wp-json\/wp\/v2\/media\/49255"}],"wp:attachment":[{"href":"https:\/\/fairway2hotel.at\/en\/wp-json\/wp\/v2\/media?parent=49249"}],"curies":[{"name":"wp","href":"https:\/\/api.w.org\/{rel}","templated":true}]}}