{"id":49275,"date":"2025-10-21T15:04:49","date_gmt":"2025-10-21T13:04:49","guid":{"rendered":"https:\/\/fairway2hotel.at\/?page_id=49275"},"modified":"2025-11-09T18:18:53","modified_gmt":"2025-11-09T17:18:53","slug":"gc-bad-abbach-deutenhof-e-v","status":"publish","type":"page","link":"https:\/\/fairway2hotel.at\/en\/golfclubs\/deutschland\/gc-bad-abbach-deutenhof-e-v\/","title":{"rendered":"GC Bad Abbach Deutenhof e.V."},"content":{"rendered":"<h2>Wir freuen uns auf Sie!<\/h2>\n<p>Alles au\u00dfer Alltag bietet die au\u00dfergew\u00f6hnliche Wohlf\u00fchlatmosph\u00e4re der Golfanlage Bad Abbach-Deutenhof. Hier genie\u00dfen Sie Golf auf 27 Loch in traumhaft sch\u00f6ner Lage Eine Oase der Ruhe in herrlicher Landschaft mit einem grandiosen Blick bis ins Donautal \u2013 dieses besondere Umfeld bietet Ihnen unsere Golfanlage.<\/p>\n<p>Unser Herzst\u00fcck, der 18-Loch-Meisterschaftsplatz, wurde von Rainer Prei\u00dfmann konzipiert und im Jahr 1996 in Betrieb genommen. Die Spielbahnen des Par 72-Kurses, 10 Par 4 sowie jeweils 4 Par 3 und Par 5, sind mit gut platzierten Hindernissen kurzweilig gestaltet und fordern allerh\u00f6chste Konzentration. Weiters punktet die Anlage auch durch gro\u00dffl\u00e4chige Gr\u00fcns, auf denen jeder seine Spielst\u00e4rke nochmals beweisen darf.\u00a0Die Driving Range, das Putting-und Pitchinggreen bieten zudem optimale \u00dcbungs- und Trainings-Bedingungen f\u00fcr anspruchsvolle Golfer und Golfeinsteiger.<\/p>\n<p>Im Restaurant werden Sie mit einer sehr gut b\u00fcrgerlichen K\u00fcche, einer regionalen Vielfalt und eine erlesene Auswahl an Getr\u00e4nken verw\u00f6hnt. Auch die Sonnenterrasse ist hier nicht wegzudenken, bei der Sie sich mit Blick ins Gr\u00fcne entspannen k\u00f6nnen.<\/p>\n<h2>we are looking forward to meet you!<\/h2>\n<p>The extraordinary feel-good atmosphere of the Bad Abbach-Deutenhof golf course offers everything but everyday life. Here you can enjoy golf on 27 holes in a fantastically beautiful location. An oasis of calm in a magnificent landscape with a magnificent view of the Danube Valley \u2013 our golf course offers you this special environment.<\/p>\n<p>Our centrepiece, the 18-hole championship course, was designed by Rainer Prei\u00dfmann and opened in 1996. The fairways of the par 72 course, 10 par 4s and 4 par 3s and par 5s each, are entertainingly designed with well-placed obstacles and demand the utmost concentration. The course also scores points with its large greens, where everyone can prove their playing strength once again. The driving range, putting green and pitching green also offer optimal practice and training conditions for discerning golfers and beginners alike.<\/p>\n<p>In the restaurant, you will be spoiled with excellent home-style cooking, regional variety and an exquisite selection of drinks. The sun terrace is also an integral part of the experience, where you can relax with a view of the greenery<\/p>\n<p>&nbsp;<\/p>\n","protected":false},"excerpt":{"rendered":"<p>Wir freuen uns auf Sie! Alles au\u00dfer Alltag bietet die au\u00dfergew\u00f6hnliche Wohlf\u00fchlatmosph\u00e4re der Golfanlage Bad Abbach-Deutenhof. Hier genie\u00dfen Sie Golf auf 27 Loch in traumhaft sch\u00f6ner Lage Eine Oase der Ruhe in herrlicher Landschaft mit einem grandiosen Blick bis ins Donautal \u2013 dieses besondere Umfeld bietet Ihnen unsere Golfanlage. Unser Herzst\u00fcck, der 18-Loch-Meisterschaftsplatz, wurde von [&hellip;]<\/p>\n","protected":false},"author":24,"featured_media":0,"parent":1607,"menu_order":75,"comment_status":"closed","ping_status":"closed","template":"page-partner.php","meta":{"_acf_changed":false,"footnotes":""},"class_list":["post-49275","page","type-page","status-publish","hentry"],"acf":{"partner_infobox":"<strong>Adresse: <\/strong>Krumenauerstr. 1, D-85049 Ingolstadt\r\n\r\n<strong>Tel:\u00a0<\/strong>+49 841 85778\r\n\r\n<strong>Web: <\/strong><a href=\"https:\/\/www.golf-ingolstadt.de\/\" target=\"_blank\" rel=\"nofollow noopener noreferrer\">www.golf-ingolstadt.de<\/a>\r\n\r\n<strong>E-Mail:<\/strong> <a href=\"mailto:info@golf-ingolstadt.de\">info@golf-ingolstadt.de<\/a>\r\n\r\n<strong>Bedingungen: <\/strong>Gutscheine einl\u00f6sbar von Mo-Fr\r\n\r\n<strong>Spielbahnen\/Par: <\/strong>\r\n\r\n<strong>La\u0308nge: <\/strong>\r\n\r\n<strong>Anfahrt:\r\n<\/strong>","partner_logo":49276,"partner_gallery":[49278,49280,49282,49284,49288,49290,49292,49294,49296],"partner_lat":48.9119735808259,"partner_long":12.000766171982804,"partner_type":"golfclub","partner_openings":["1","2","3","4","5","6","7"],"montag_von_bis":"00:00 - 24:00","dienstag_von_bis":"00:00 - 24:00","mittwoch_von_bis":"00:00 - 24:00","donnerstag_von_bis":"00:00 - 24:00","freitag_von_bis":"00:00 - 24:00","samstag_von_bis":"00:00 - 24:00","sonntag_von_bis":"00:00 - 24:00","partner_adresse":"Deutenhof 2, D-93077 Bad Abbach","partner_land_bundesland":"Deutschland","partner_tel_1":"+49 9405 95320","partner_tel_2":"","partner_web":"https:\/\/www.golf-badabbach.de","partner_mail":"info@golf-badabbach.de","partner_spielbahnen_par":"18\/72","partner_laenge":"","partner_bedingungen":"","partner_anfahrt":"","partner_misc":null,"additional_css_classes":""},"yoast_head":"<!-- This site is optimized with the Yoast SEO plugin v26.8 - https:\/\/yoast.com\/product\/yoast-seo-wordpress\/ -->\n<title>GC Bad Abbach Deutenhof e.V. - Fairway 2 Hotel<\/title>\n<meta name=\"robots\" content=\"index, follow, max-snippet:-1, max-image-preview:large, max-video-preview:-1\" \/>\n<link rel=\"canonical\" href=\"https:\/\/fairway2hotel.at\/en\/golfclubs\/deutschland\/gc-bad-abbach-deutenhof-e-v\/\" \/>\n<meta property=\"og:locale\" content=\"en_US\" \/>\n<meta property=\"og:type\" content=\"article\" \/>\n<meta property=\"og:title\" content=\"GC Bad Abbach Deutenhof e.V. - Fairway 2 Hotel\" \/>\n<meta property=\"og:description\" content=\"Wir freuen uns auf Sie! Alles au\u00dfer Alltag bietet die au\u00dfergew\u00f6hnliche Wohlf\u00fchlatmosph\u00e4re der Golfanlage Bad Abbach-Deutenhof. Hier genie\u00dfen Sie Golf auf 27 Loch in traumhaft sch\u00f6ner Lage Eine Oase der Ruhe in herrlicher Landschaft mit einem grandiosen Blick bis ins Donautal \u2013 dieses besondere Umfeld bietet Ihnen unsere Golfanlage. Unser Herzst\u00fcck, der 18-Loch-Meisterschaftsplatz, wurde von [&hellip;]\" \/>\n<meta property=\"og:url\" content=\"https:\/\/fairway2hotel.at\/en\/golfclubs\/deutschland\/gc-bad-abbach-deutenhof-e-v\/\" \/>\n<meta property=\"og:site_name\" content=\"Fairway 2 Hotel\" \/>\n<meta property=\"article:modified_time\" content=\"2025-11-09T17:18:53+00:00\" \/>\n<meta name=\"twitter:card\" content=\"summary_large_image\" \/>\n<meta name=\"twitter:label1\" content=\"Est. reading time\" \/>\n\t<meta name=\"twitter:data1\" content=\"2 minutes\" \/>\n<script type=\"application\/ld+json\" class=\"yoast-schema-graph\">{\"@context\":\"https:\/\/schema.org\",\"@graph\":[{\"@type\":\"WebPage\",\"@id\":\"https:\/\/fairway2hotel.at\/en\/golfclubs\/deutschland\/gc-bad-abbach-deutenhof-e-v\/\",\"url\":\"https:\/\/fairway2hotel.at\/en\/golfclubs\/deutschland\/gc-bad-abbach-deutenhof-e-v\/\",\"name\":\"GC Bad Abbach Deutenhof e.V. - Fairway 2 Hotel\",\"isPartOf\":{\"@id\":\"https:\/\/fairway2hotel.at\/en\/#website\"},\"datePublished\":\"2025-10-21T13:04:49+00:00\",\"dateModified\":\"2025-11-09T17:18:53+00:00\",\"breadcrumb\":{\"@id\":\"https:\/\/fairway2hotel.at\/en\/golfclubs\/deutschland\/gc-bad-abbach-deutenhof-e-v\/#breadcrumb\"},\"inLanguage\":\"en-US\",\"potentialAction\":[{\"@type\":\"ReadAction\",\"target\":[\"https:\/\/fairway2hotel.at\/en\/golfclubs\/deutschland\/gc-bad-abbach-deutenhof-e-v\/\"]}]},{\"@type\":\"BreadcrumbList\",\"@id\":\"https:\/\/fairway2hotel.at\/en\/golfclubs\/deutschland\/gc-bad-abbach-deutenhof-e-v\/#breadcrumb\",\"itemListElement\":[{\"@type\":\"ListItem\",\"position\":1,\"name\":\"Home\",\"item\":\"https:\/\/fairway2hotel.at\/en\/\"},{\"@type\":\"ListItem\",\"position\":2,\"name\":\"Golfclubs\",\"item\":\"https:\/\/fairway2hotel.at\/en\/golfclubs\/\"},{\"@type\":\"ListItem\",\"position\":3,\"name\":\"Golfclubs Deutschland\",\"item\":\"https:\/\/fairway2hotel.at\/en\/golfclubs\/deutschland\/\"},{\"@type\":\"ListItem\",\"position\":4,\"name\":\"GC Bad Abbach Deutenhof e.V.\"}]},{\"@type\":\"WebSite\",\"@id\":\"https:\/\/fairway2hotel.at\/en\/#website\",\"url\":\"https:\/\/fairway2hotel.at\/en\/\",\"name\":\"Fairway 2 Hotel\",\"description\":\"Golf at half price! 2 play - 1 pays\",\"potentialAction\":[{\"@type\":\"SearchAction\",\"target\":{\"@type\":\"EntryPoint\",\"urlTemplate\":\"https:\/\/fairway2hotel.at\/en\/?s={search_term_string}\"},\"query-input\":{\"@type\":\"PropertyValueSpecification\",\"valueRequired\":true,\"valueName\":\"search_term_string\"}}],\"inLanguage\":\"en-US\"}]}<\/script>\n<!-- \/ Yoast SEO plugin. -->","yoast_head_json":{"title":"GC Bad Abbach Deutenhof e.V. - Fairway 2 Hotel","robots":{"index":"index","follow":"follow","max-snippet":"max-snippet:-1","max-image-preview":"max-image-preview:large","max-video-preview":"max-video-preview:-1"},"canonical":"https:\/\/fairway2hotel.at\/en\/golfclubs\/deutschland\/gc-bad-abbach-deutenhof-e-v\/","og_locale":"en_US","og_type":"article","og_title":"GC Bad Abbach Deutenhof e.V. - Fairway 2 Hotel","og_description":"Wir freuen uns auf Sie! Alles au\u00dfer Alltag bietet die au\u00dfergew\u00f6hnliche Wohlf\u00fchlatmosph\u00e4re der Golfanlage Bad Abbach-Deutenhof. Hier genie\u00dfen Sie Golf auf 27 Loch in traumhaft sch\u00f6ner Lage Eine Oase der Ruhe in herrlicher Landschaft mit einem grandiosen Blick bis ins Donautal \u2013 dieses besondere Umfeld bietet Ihnen unsere Golfanlage. Unser Herzst\u00fcck, der 18-Loch-Meisterschaftsplatz, wurde von [&hellip;]","og_url":"https:\/\/fairway2hotel.at\/en\/golfclubs\/deutschland\/gc-bad-abbach-deutenhof-e-v\/","og_site_name":"Fairway 2 Hotel","article_modified_time":"2025-11-09T17:18:53+00:00","twitter_card":"summary_large_image","twitter_misc":{"Est. reading time":"2 minutes"},"schema":{"@context":"https:\/\/schema.org","@graph":[{"@type":"WebPage","@id":"https:\/\/fairway2hotel.at\/en\/golfclubs\/deutschland\/gc-bad-abbach-deutenhof-e-v\/","url":"https:\/\/fairway2hotel.at\/en\/golfclubs\/deutschland\/gc-bad-abbach-deutenhof-e-v\/","name":"GC Bad Abbach Deutenhof e.V. - Fairway 2 Hotel","isPartOf":{"@id":"https:\/\/fairway2hotel.at\/en\/#website"},"datePublished":"2025-10-21T13:04:49+00:00","dateModified":"2025-11-09T17:18:53+00:00","breadcrumb":{"@id":"https:\/\/fairway2hotel.at\/en\/golfclubs\/deutschland\/gc-bad-abbach-deutenhof-e-v\/#breadcrumb"},"inLanguage":"en-US","potentialAction":[{"@type":"ReadAction","target":["https:\/\/fairway2hotel.at\/en\/golfclubs\/deutschland\/gc-bad-abbach-deutenhof-e-v\/"]}]},{"@type":"BreadcrumbList","@id":"https:\/\/fairway2hotel.at\/en\/golfclubs\/deutschland\/gc-bad-abbach-deutenhof-e-v\/#breadcrumb","itemListElement":[{"@type":"ListItem","position":1,"name":"Home","item":"https:\/\/fairway2hotel.at\/en\/"},{"@type":"ListItem","position":2,"name":"Golfclubs","item":"https:\/\/fairway2hotel.at\/en\/golfclubs\/"},{"@type":"ListItem","position":3,"name":"Golfclubs Deutschland","item":"https:\/\/fairway2hotel.at\/en\/golfclubs\/deutschland\/"},{"@type":"ListItem","position":4,"name":"GC Bad Abbach Deutenhof e.V."}]},{"@type":"WebSite","@id":"https:\/\/fairway2hotel.at\/en\/#website","url":"https:\/\/fairway2hotel.at\/en\/","name":"Fairway 2 Hotel","description":"Golf at half price! 2 play - 1 pays","potentialAction":[{"@type":"SearchAction","target":{"@type":"EntryPoint","urlTemplate":"https:\/\/fairway2hotel.at\/en\/?s={search_term_string}"},"query-input":{"@type":"PropertyValueSpecification","valueRequired":true,"valueName":"search_term_string"}}],"inLanguage":"en-US"}]}},"_links":{"self":[{"href":"https:\/\/fairway2hotel.at\/en\/wp-json\/wp\/v2\/pages\/49275","targetHints":{"allow":["GET"]}}],"collection":[{"href":"https:\/\/fairway2hotel.at\/en\/wp-json\/wp\/v2\/pages"}],"about":[{"href":"https:\/\/fairway2hotel.at\/en\/wp-json\/wp\/v2\/types\/page"}],"author":[{"embeddable":true,"href":"https:\/\/fairway2hotel.at\/en\/wp-json\/wp\/v2\/users\/24"}],"replies":[{"embeddable":true,"href":"https:\/\/fairway2hotel.at\/en\/wp-json\/wp\/v2\/comments?post=49275"}],"version-history":[{"count":3,"href":"https:\/\/fairway2hotel.at\/en\/wp-json\/wp\/v2\/pages\/49275\/revisions"}],"predecessor-version":[{"id":49300,"href":"https:\/\/fairway2hotel.at\/en\/wp-json\/wp\/v2\/pages\/49275\/revisions\/49300"}],"up":[{"embeddable":true,"href":"https:\/\/fairway2hotel.at\/en\/wp-json\/wp\/v2\/pages\/1607"}],"acf:attachment":[{"embeddable":true,"href":"https:\/\/fairway2hotel.at\/en\/wp-json\/wp\/v2\/media\/49296"},{"embeddable":true,"href":"https:\/\/fairway2hotel.at\/en\/wp-json\/wp\/v2\/media\/49294"},{"embeddable":true,"href":"https:\/\/fairway2hotel.at\/en\/wp-json\/wp\/v2\/media\/49292"},{"embeddable":true,"href":"https:\/\/fairway2hotel.at\/en\/wp-json\/wp\/v2\/media\/49290"},{"embeddable":true,"href":"https:\/\/fairway2hotel.at\/en\/wp-json\/wp\/v2\/media\/49288"},{"embeddable":true,"href":"https:\/\/fairway2hotel.at\/en\/wp-json\/wp\/v2\/media\/49284"},{"embeddable":true,"href":"https:\/\/fairway2hotel.at\/en\/wp-json\/wp\/v2\/media\/49282"},{"embeddable":true,"href":"https:\/\/fairway2hotel.at\/en\/wp-json\/wp\/v2\/media\/49280"},{"embeddable":true,"href":"https:\/\/fairway2hotel.at\/en\/wp-json\/wp\/v2\/media\/49278"}],"wp:attachment":[{"href":"https:\/\/fairway2hotel.at\/en\/wp-json\/wp\/v2\/media?parent=49275"}],"curies":[{"name":"wp","href":"https:\/\/api.w.org\/{rel}","templated":true}]}}