{"id":49334,"date":"2025-10-22T17:49:09","date_gmt":"2025-10-22T15:49:09","guid":{"rendered":"https:\/\/fairway2hotel.at\/?page_id=49334"},"modified":"2025-11-09T18:20:17","modified_gmt":"2025-11-09T17:20:17","slug":"gc-golf-nazionale","status":"publish","type":"page","link":"https:\/\/fairway2hotel.at\/en\/golfclubs\/italien\/gc-golf-nazionale\/","title":{"rendered":"GC Golf Nazionale"},"content":{"rendered":"<h2>Das Zuhause des italienischen Golfsports<\/h2>\n<p>Der von George und Jim Fazio sowie David Mezzacane entworfene Golf Nazionale liegt inmitten der malerischen Naturlandschaft des n\u00f6rdlichen Latiums, 40 km von Rom entfernt, und ist ein technischer, spannender und unterhaltsamer Platz. Die Atmosph\u00e4re auf diesem Platz, der vollst\u00e4ndig von dichten W\u00e4ldern mit jahrhundertealten Eichen umgeben ist, ist sehr reizvoll. Er war Austragungsort der Weltmeisterschaft 1991 und kann neben zahlreichen Titeln als \u201eTop Ten Course\u201d in Italien auch mit seiner technischen Qualit\u00e4t und der gro\u00dfen Attraktivit\u00e4t des Platzes, der auch f\u00fcr Amateure geeignet ist, aufwarten, wodurch er zu Recht zu den besten Golfpl\u00e4tzen Europas z\u00e4hlt.<\/p>\n<p>Das Restaurant des Golf Nazionale steht Mitgliedern und ihren G\u00e4sten offen und bietet eine raffinierte K\u00fcche mit typischen regionalen Aromen und einem unvergleichlichen Geschmack. Die Auswahl der besten Weine rundet das Mittag- und Abendessen ab.<\/p>\n<p>Die G\u00e4steunterkunft des Golf Nazionale befindet sich in einem Geb\u00e4ude neben dem Clubhaus, in der N\u00e4he des Abschlags von Loch eins. Die M\u00f6glichkeit, auf einem der sch\u00f6nsten Golfpl\u00e4tze Europas zu spielen, eine Wellnesspause in den Thermen zu genie\u00dfen, die Hauptstadt und wichtige arch\u00e4ologische St\u00e4tten in der N\u00e4he von Sutri zu besuchen, macht den Aufenthalt in der G\u00e4steunterkunft des Golf Nazionale zu einem einzigartigen Erlebnis.<\/p>\n<h2>The home of Italian golf<\/h2>\n<p>Designed by George and Jim Fazio and David Mezzacane, Golf Nazionale is located in the picturesque natural landscape of northern Lazio, 40 km from Rome, and is a technical, exciting and entertaining course. The atmosphere on this course, which is completely surrounded by dense forests with centuries-old oak trees, is very charming. It hosted the 1991 World Cup and, in addition to numerous titles as a \u2018Top Ten Course\u2019 in Italy, it also boasts technical quality and great appeal, making it suitable for amateurs as well, which rightly places it among the best golf courses in Europe.<\/p>\n<p>The Golf Nazionale restaurant is open to members and their guests, offering refined cuisine with typical regional flavours and incomparable taste. A selection of the finest wines rounds off lunch and dinner.<\/p>\n<p>The Golf Nazionale guest accommodation is located in a building next to the clubhouse, near the tee of hole one. The opportunity to play on one of Europe&#8217;s most beautiful golf courses, enjoy a wellness break at the thermal baths, and visit the capital and important archaeological sites near Sutri makes a stay at the Golf Nazionale guest accommodation a unique experience.<\/p>\n","protected":false},"excerpt":{"rendered":"<p>Das Zuhause des italienischen Golfsports Der von George und Jim Fazio sowie David Mezzacane entworfene Golf Nazionale liegt inmitten der malerischen Naturlandschaft des n\u00f6rdlichen Latiums, 40 km von Rom entfernt, und ist ein technischer, spannender und unterhaltsamer Platz. Die Atmosph\u00e4re auf diesem Platz, der vollst\u00e4ndig von dichten W\u00e4ldern mit jahrhundertealten Eichen umgeben ist, ist sehr [&hellip;]<\/p>\n","protected":false},"author":24,"featured_media":0,"parent":1657,"menu_order":0,"comment_status":"closed","ping_status":"closed","template":"page-partner.php","meta":{"_acf_changed":false,"footnotes":""},"class_list":["post-49334","page","type-page","status-publish","hentry"],"acf":{"partner_infobox":"<strong>Adresse:\u00a0<\/strong>Via Jelenia Gora, 6, 48015 Milano Marittima, Cervia (RA)\r\n\r\n<strong>Tel:\u00a0<\/strong>+39 0544\/992786\r\n\r\n<strong>Web: <\/strong><a href=\"http:\/\/www.golfcervia.com\/\" target=\"_blank\" rel=\"nofollow noopener noreferrer\">www.golfcervia.com<\/a>\r\n\r\n<strong>E-Mail:<\/strong> <a href=\"mailto:info@golfcervia.com\">info@golfcervia.com<\/a>\r\n\r\n<strong>Spielbahnen: <\/strong>27\r\n\r\n<strong>La\u0308nge\/Par: <\/strong>\r\nRed Course Par 36 \u2013 gelb: 3.129 m\/rot: 2.684 m\r\nBlue Course Par 36 \u2013 gelb: 2.908 m\/rot: 2.504 m\r\nYellow Course Par 35 \u2013 gelb: 2.915 m\/rot: 2.507 m\r\n<div data-canvas-width=\"71.06344694875257\"><strong>Bedingungen:<\/strong><\/div>\r\n<div data-canvas-width=\"74.93502403157918\">Gutscheine einl\u00f6sbar vom 1. 10. bis 31. 3. von\u00a0MO\u2013FR, ausgenommen Feiertage!<\/div>\r\n<strong>Anfahrt:\r\n<\/strong>20 km su\u0308dlich von Ravenna","partner_logo":49335,"partner_gallery":[49351,49341,49343,49339,49357,49345,49347,49349,49353,49355,49359,49337],"partner_lat":42.20958490028786,"partner_long":12.280570910338662,"partner_type":"golfclub","partner_openings":["1","2","3","4","5","6","7"],"montag_von_bis":"00:00 - 24:00","dienstag_von_bis":"00:00 - 24:00","mittwoch_von_bis":"00:00 - 24:00","donnerstag_von_bis":"00:00 - 24:00","freitag_von_bis":"00:00 - 24:00","samstag_von_bis":"00:00 - 24:00","sonntag_von_bis":"00:00 - 24:00","partner_adresse":"San Martino, Via Cassia, Km 44,5, I-01015 Sutri","partner_land_bundesland":"Italien","partner_tel_1":"+39 0761 609308","partner_tel_2":"","partner_web":"https:\/\/www.golfnazionale.it","partner_mail":"info@golfnazionale.it","partner_spielbahnen_par":"18\/72","partner_laenge":"Red Course Par 36 \u2013 gelb: 3.129 m\/rot: 2.684 m; Blue Course Par 36 \u2013 gelb: 2.908 m\/rot: 2.504 m; Yellow Course Par 35 \u2013 gelb: 2.915 m\/rot: 2.507 m","partner_bedingungen":"","partner_anfahrt":"20 km su\u0308dlich von Ravenna","partner_misc":null,"additional_css_classes":""},"yoast_head":"<!-- This site is optimized with the Yoast SEO plugin v26.8 - https:\/\/yoast.com\/product\/yoast-seo-wordpress\/ -->\n<title>GC Golf Nazionale - Fairway 2 Hotel<\/title>\n<meta name=\"robots\" content=\"index, follow, max-snippet:-1, max-image-preview:large, max-video-preview:-1\" \/>\n<link rel=\"canonical\" href=\"https:\/\/fairway2hotel.at\/en\/golfclubs\/italien\/gc-golf-nazionale\/\" \/>\n<meta property=\"og:locale\" content=\"en_US\" \/>\n<meta property=\"og:type\" content=\"article\" \/>\n<meta property=\"og:title\" content=\"GC Golf Nazionale - Fairway 2 Hotel\" \/>\n<meta property=\"og:description\" content=\"Das Zuhause des italienischen Golfsports Der von George und Jim Fazio sowie David Mezzacane entworfene Golf Nazionale liegt inmitten der malerischen Naturlandschaft des n\u00f6rdlichen Latiums, 40 km von Rom entfernt, und ist ein technischer, spannender und unterhaltsamer Platz. Die Atmosph\u00e4re auf diesem Platz, der vollst\u00e4ndig von dichten W\u00e4ldern mit jahrhundertealten Eichen umgeben ist, ist sehr [&hellip;]\" \/>\n<meta property=\"og:url\" content=\"https:\/\/fairway2hotel.at\/en\/golfclubs\/italien\/gc-golf-nazionale\/\" \/>\n<meta property=\"og:site_name\" content=\"Fairway 2 Hotel\" \/>\n<meta property=\"article:modified_time\" content=\"2025-11-09T17:20:17+00:00\" \/>\n<meta name=\"twitter:card\" content=\"summary_large_image\" \/>\n<meta name=\"twitter:label1\" content=\"Est. reading time\" \/>\n\t<meta name=\"twitter:data1\" content=\"3 minutes\" \/>\n<script type=\"application\/ld+json\" class=\"yoast-schema-graph\">{\"@context\":\"https:\/\/schema.org\",\"@graph\":[{\"@type\":\"WebPage\",\"@id\":\"https:\/\/fairway2hotel.at\/en\/golfclubs\/italien\/gc-golf-nazionale\/\",\"url\":\"https:\/\/fairway2hotel.at\/en\/golfclubs\/italien\/gc-golf-nazionale\/\",\"name\":\"GC Golf Nazionale - Fairway 2 Hotel\",\"isPartOf\":{\"@id\":\"https:\/\/fairway2hotel.at\/en\/#website\"},\"datePublished\":\"2025-10-22T15:49:09+00:00\",\"dateModified\":\"2025-11-09T17:20:17+00:00\",\"breadcrumb\":{\"@id\":\"https:\/\/fairway2hotel.at\/en\/golfclubs\/italien\/gc-golf-nazionale\/#breadcrumb\"},\"inLanguage\":\"en-US\",\"potentialAction\":[{\"@type\":\"ReadAction\",\"target\":[\"https:\/\/fairway2hotel.at\/en\/golfclubs\/italien\/gc-golf-nazionale\/\"]}]},{\"@type\":\"BreadcrumbList\",\"@id\":\"https:\/\/fairway2hotel.at\/en\/golfclubs\/italien\/gc-golf-nazionale\/#breadcrumb\",\"itemListElement\":[{\"@type\":\"ListItem\",\"position\":1,\"name\":\"Home\",\"item\":\"https:\/\/fairway2hotel.at\/en\/\"},{\"@type\":\"ListItem\",\"position\":2,\"name\":\"Golfclubs\",\"item\":\"https:\/\/fairway2hotel.at\/en\/golfclubs\/\"},{\"@type\":\"ListItem\",\"position\":3,\"name\":\"Golfclubs Italien\",\"item\":\"https:\/\/fairway2hotel.at\/en\/golfclubs\/italien\/\"},{\"@type\":\"ListItem\",\"position\":4,\"name\":\"GC Golf Nazionale\"}]},{\"@type\":\"WebSite\",\"@id\":\"https:\/\/fairway2hotel.at\/en\/#website\",\"url\":\"https:\/\/fairway2hotel.at\/en\/\",\"name\":\"Fairway 2 Hotel\",\"description\":\"Golf at half price! 2 play - 1 pays\",\"potentialAction\":[{\"@type\":\"SearchAction\",\"target\":{\"@type\":\"EntryPoint\",\"urlTemplate\":\"https:\/\/fairway2hotel.at\/en\/?s={search_term_string}\"},\"query-input\":{\"@type\":\"PropertyValueSpecification\",\"valueRequired\":true,\"valueName\":\"search_term_string\"}}],\"inLanguage\":\"en-US\"}]}<\/script>\n<!-- \/ Yoast SEO plugin. -->","yoast_head_json":{"title":"GC Golf Nazionale - Fairway 2 Hotel","robots":{"index":"index","follow":"follow","max-snippet":"max-snippet:-1","max-image-preview":"max-image-preview:large","max-video-preview":"max-video-preview:-1"},"canonical":"https:\/\/fairway2hotel.at\/en\/golfclubs\/italien\/gc-golf-nazionale\/","og_locale":"en_US","og_type":"article","og_title":"GC Golf Nazionale - Fairway 2 Hotel","og_description":"Das Zuhause des italienischen Golfsports Der von George und Jim Fazio sowie David Mezzacane entworfene Golf Nazionale liegt inmitten der malerischen Naturlandschaft des n\u00f6rdlichen Latiums, 40 km von Rom entfernt, und ist ein technischer, spannender und unterhaltsamer Platz. Die Atmosph\u00e4re auf diesem Platz, der vollst\u00e4ndig von dichten W\u00e4ldern mit jahrhundertealten Eichen umgeben ist, ist sehr [&hellip;]","og_url":"https:\/\/fairway2hotel.at\/en\/golfclubs\/italien\/gc-golf-nazionale\/","og_site_name":"Fairway 2 Hotel","article_modified_time":"2025-11-09T17:20:17+00:00","twitter_card":"summary_large_image","twitter_misc":{"Est. reading time":"3 minutes"},"schema":{"@context":"https:\/\/schema.org","@graph":[{"@type":"WebPage","@id":"https:\/\/fairway2hotel.at\/en\/golfclubs\/italien\/gc-golf-nazionale\/","url":"https:\/\/fairway2hotel.at\/en\/golfclubs\/italien\/gc-golf-nazionale\/","name":"GC Golf Nazionale - Fairway 2 Hotel","isPartOf":{"@id":"https:\/\/fairway2hotel.at\/en\/#website"},"datePublished":"2025-10-22T15:49:09+00:00","dateModified":"2025-11-09T17:20:17+00:00","breadcrumb":{"@id":"https:\/\/fairway2hotel.at\/en\/golfclubs\/italien\/gc-golf-nazionale\/#breadcrumb"},"inLanguage":"en-US","potentialAction":[{"@type":"ReadAction","target":["https:\/\/fairway2hotel.at\/en\/golfclubs\/italien\/gc-golf-nazionale\/"]}]},{"@type":"BreadcrumbList","@id":"https:\/\/fairway2hotel.at\/en\/golfclubs\/italien\/gc-golf-nazionale\/#breadcrumb","itemListElement":[{"@type":"ListItem","position":1,"name":"Home","item":"https:\/\/fairway2hotel.at\/en\/"},{"@type":"ListItem","position":2,"name":"Golfclubs","item":"https:\/\/fairway2hotel.at\/en\/golfclubs\/"},{"@type":"ListItem","position":3,"name":"Golfclubs Italien","item":"https:\/\/fairway2hotel.at\/en\/golfclubs\/italien\/"},{"@type":"ListItem","position":4,"name":"GC Golf Nazionale"}]},{"@type":"WebSite","@id":"https:\/\/fairway2hotel.at\/en\/#website","url":"https:\/\/fairway2hotel.at\/en\/","name":"Fairway 2 Hotel","description":"Golf at half price! 2 play - 1 pays","potentialAction":[{"@type":"SearchAction","target":{"@type":"EntryPoint","urlTemplate":"https:\/\/fairway2hotel.at\/en\/?s={search_term_string}"},"query-input":{"@type":"PropertyValueSpecification","valueRequired":true,"valueName":"search_term_string"}}],"inLanguage":"en-US"}]}},"_links":{"self":[{"href":"https:\/\/fairway2hotel.at\/en\/wp-json\/wp\/v2\/pages\/49334","targetHints":{"allow":["GET"]}}],"collection":[{"href":"https:\/\/fairway2hotel.at\/en\/wp-json\/wp\/v2\/pages"}],"about":[{"href":"https:\/\/fairway2hotel.at\/en\/wp-json\/wp\/v2\/types\/page"}],"author":[{"embeddable":true,"href":"https:\/\/fairway2hotel.at\/en\/wp-json\/wp\/v2\/users\/24"}],"replies":[{"embeddable":true,"href":"https:\/\/fairway2hotel.at\/en\/wp-json\/wp\/v2\/comments?post=49334"}],"version-history":[{"count":2,"href":"https:\/\/fairway2hotel.at\/en\/wp-json\/wp\/v2\/pages\/49334\/revisions"}],"predecessor-version":[{"id":49572,"href":"https:\/\/fairway2hotel.at\/en\/wp-json\/wp\/v2\/pages\/49334\/revisions\/49572"}],"up":[{"embeddable":true,"href":"https:\/\/fairway2hotel.at\/en\/wp-json\/wp\/v2\/pages\/1657"}],"acf:attachment":[{"embeddable":true,"href":"https:\/\/fairway2hotel.at\/en\/wp-json\/wp\/v2\/media\/49337"},{"embeddable":true,"href":"https:\/\/fairway2hotel.at\/en\/wp-json\/wp\/v2\/media\/49359"},{"embeddable":true,"href":"https:\/\/fairway2hotel.at\/en\/wp-json\/wp\/v2\/media\/49355"},{"embeddable":true,"href":"https:\/\/fairway2hotel.at\/en\/wp-json\/wp\/v2\/media\/49353"},{"embeddable":true,"href":"https:\/\/fairway2hotel.at\/en\/wp-json\/wp\/v2\/media\/49349"},{"embeddable":true,"href":"https:\/\/fairway2hotel.at\/en\/wp-json\/wp\/v2\/media\/49347"},{"embeddable":true,"href":"https:\/\/fairway2hotel.at\/en\/wp-json\/wp\/v2\/media\/49345"},{"embeddable":true,"href":"https:\/\/fairway2hotel.at\/en\/wp-json\/wp\/v2\/media\/49357"},{"embeddable":true,"href":"https:\/\/fairway2hotel.at\/en\/wp-json\/wp\/v2\/media\/49339"},{"embeddable":true,"href":"https:\/\/fairway2hotel.at\/en\/wp-json\/wp\/v2\/media\/49343"},{"embeddable":true,"href":"https:\/\/fairway2hotel.at\/en\/wp-json\/wp\/v2\/media\/49341"},{"embeddable":true,"href":"https:\/\/fairway2hotel.at\/en\/wp-json\/wp\/v2\/media\/49351"}],"wp:attachment":[{"href":"https:\/\/fairway2hotel.at\/en\/wp-json\/wp\/v2\/media?parent=49334"}],"curies":[{"name":"wp","href":"https:\/\/api.w.org\/{rel}","templated":true}]}}