{"id":49376,"date":"2025-10-24T09:41:50","date_gmt":"2025-10-24T07:41:50","guid":{"rendered":"https:\/\/fairway2hotel.at\/?page_id=49376"},"modified":"2025-12-11T09:54:16","modified_gmt":"2025-12-11T08:54:16","slug":"gc-lecco","status":"publish","type":"page","link":"https:\/\/fairway2hotel.at\/en\/golfclubs\/italien\/gc-lecco\/","title":{"rendered":"GC Lecco"},"content":{"rendered":"<h2>ein einzigartiger Ort<\/h2>\n<p>Der Golf Club Lecco wurde 1996 auf Initiative einer Gruppe von Unternehmern und Fachleuten aus der Brianza gegr\u00fcndet, die beschlossen, den bereits bestehenden Golf Club Royal Sant&#8217;Anna zu \u00fcbernehmen, der 1960 gegr\u00fcndet wurde und \u00fcber zwanzig Jahre lang die Wiege des Golfsports f\u00fcr zahlreiche Liebhaber dieses Sports war. Der Club befindet sich in strategisch g\u00fcnstiger Lage und ist weniger als 10 km von Lecco entfernt. Er liegt inmitten eines jahrhundertealten Parks mit einem unvergleichlichen Baumbestand und erstreckt sich \u00fcber eine gr\u00fcne Oase von mehr als einer Million Quadratmetern.<\/p>\n<p>Umrahmt von den ber\u00fchmten Gipfeln der Leccoer Voralpen bereichert der Club das bereits umfangreiche touristische, kulturelle, gastronomische und sportliche Angebot dieser bezaubernden Ecke Italiens, die der weltber\u00fchmte Schriftsteller Alessandro Manzoni in seinem Roman \u201eDie Brautleute\u201d verewigt hat.<\/p>\n<p>Das Projekt unter der Leitung von Architekt Enrico Colombo umfasst 18 L\u00f6cher mit einem vollst\u00e4ndig in Bermuda-Gras umgewandelten Rasen auf einer Fl\u00e4che von 540.000 Quadratmetern: ein technischer Platz, der auf den ersten neun L\u00f6chern Pr\u00e4zision und auf den zweiten neun L\u00f6chern L\u00e4nge erfordert.<\/p>\n<p>St\u00e4ndige und wichtige Verbesserungsma\u00dfnahmen, sowohl struktureller als auch planerischer Art, im technischen Bereich des Spiels haben den Golf Club Lecco zu einem begehrten und attraktiven Ziel f\u00fcr Spieler, Sponsoren und Medienpartner gemacht.<\/p>\n<p>Das elegante und zugleich ungezwungene Ambiente, das qualifizierte und freundliche Personal und die gute Erreichbarkeit mit allen privaten Verkehrsmitteln aus den wichtigsten St\u00e4dten der Lombardei und von den Flugh\u00e4fen Malpensa, Linate und Orio al Serio rechtfertigen die \u00fcberzeugte Entscheidung derjenigen, die sporadisch oder regelm\u00e4\u00dfig ihre Freizeit an diesem Ort der angenehmen Entspannung verbringen m\u00f6chten.<\/p>\n<h2>a unique place<\/h2>\n<p>The Lecco Golf Club was founded in 1996 on the initiative of a group of entrepreneurs and professionals from Brianza who decided to take over the existing Royal Sant&#8217;Anna Golf Club, which was founded in 1960 and had been the cradle of golf for many enthusiasts of the sport for over twenty years. The club is strategically located less than 10 km from Lecco. It is set in a centuries-old park with an incomparable tree population and covers a green oasis of more than one million square metres.<\/p>\n<p>Surrounded by the famous peaks of the Lecco Pre-Alps, the club enriches the already extensive tourist, cultural, gastronomic and sporting offerings of this enchanting corner of Italy, immortalised by the world-famous writer Alessandro Manzoni in his novel \u2018The Betrothed\u2019.<\/p>\n<p>The project, led by architect Enrico Colombo, comprises 18 holes with a lawn completely converted to Bermuda grass covering an area of 540,000 square metres: a technical course that requires precision on the first nine holes and length on the second nine.<br \/>\nConstant and significant improvements, both structural and design-related, in the technical aspects of the game have made the Lecco Golf Club a sought-after and attractive destination for players, sponsors and media partners.<br \/>\nThe elegant yet informal atmosphere, the qualified and friendly staff and the easy accessibility by all private means of transport from the main cities of Lombardy and from Malpensa, Linate and Orio al Serio airports justify the confident choice of those who wish to spend their free time, sporadically or regularly, in this place of pleasant relaxation.<\/p>\n","protected":false},"excerpt":{"rendered":"<p>ein einzigartiger Ort Der Golf Club Lecco wurde 1996 auf Initiative einer Gruppe von Unternehmern und Fachleuten aus der Brianza gegr\u00fcndet, die beschlossen, den bereits bestehenden Golf Club Royal Sant&#8217;Anna zu \u00fcbernehmen, der 1960 gegr\u00fcndet wurde und \u00fcber zwanzig Jahre lang die Wiege des Golfsports f\u00fcr zahlreiche Liebhaber dieses Sports war. Der Club befindet sich [&hellip;]<\/p>\n","protected":false},"author":24,"featured_media":0,"parent":1657,"menu_order":10,"comment_status":"closed","ping_status":"closed","template":"page-partner.php","meta":{"_acf_changed":false,"footnotes":""},"class_list":["post-49376","page","type-page","status-publish","hentry"],"acf":{"partner_infobox":"<strong>Adresse:\u00a0<\/strong>Via Fronzola 6, I-52014 Poppi\r\n\r\n<strong>Tel:\u00a0<\/strong>+39 0575 529810\r\n\r\n<strong>Web: <\/strong><a href=\"https:\/\/www.golfclubcasentino.it\" target=\"_blank\" rel=\"nofollow noopener\">www.golfclubcasentino.it<\/a>\r\n\r\n<strong>E-Mail:<\/strong> <a href=\"mailto:info@golfclubcasentino.it \">info@golfclubcasentino.it<\/a>\r\n\r\n<strong>Bedingungen: <\/strong> Gutscheine gelten MO-FR ausgenommen Feiertage\r\n\r\n<strong>Spielbahnen\/Par: <\/strong>\r\n\r\n<strong>La\u0308nge:\u00a0<\/strong>\r\n\r\n<strong>Anfahrt:\r\n<\/strong>","partner_logo":null,"partner_gallery":[51567,51557,51563,51555,51559,51561,51565,51569],"partner_lat":45.80276822100199,"partner_long":9.317955154661808,"partner_type":"golfclub","partner_openings":["1","2","3","4","5","6","7"],"montag_von_bis":"00:00 - 24:00","dienstag_von_bis":"00:00 - 24:00","mittwoch_von_bis":"00:00 - 24:00","donnerstag_von_bis":"00:00 - 24:00","freitag_von_bis":"00:00 - 24:00","samstag_von_bis":"00:00 - 24:00","sonntag_von_bis":"00:00 - 24:00","partner_adresse":"Frazione Pizzighettone 1, I-23841 Annone Brianza, ","partner_land_bundesland":"Italien","partner_tel_1":"+39 0341 579525","partner_tel_2":"","partner_web":"https:\/\/golfclublecco.it\/","partner_mail":"segreteria@golfclublecco.it","partner_spielbahnen_par":"18\/71","partner_laenge":"","partner_bedingungen":"","partner_anfahrt":"","partner_misc":null,"additional_css_classes":""},"yoast_head":"<!-- This site is optimized with the Yoast SEO plugin v26.8 - https:\/\/yoast.com\/product\/yoast-seo-wordpress\/ -->\n<title>GC Lecco - Fairway 2 Hotel<\/title>\n<meta name=\"robots\" content=\"index, follow, max-snippet:-1, max-image-preview:large, max-video-preview:-1\" \/>\n<link rel=\"canonical\" href=\"https:\/\/fairway2hotel.at\/en\/golfclubs\/italien\/gc-lecco\/\" \/>\n<meta property=\"og:locale\" content=\"en_US\" \/>\n<meta property=\"og:type\" content=\"article\" \/>\n<meta property=\"og:title\" content=\"GC Lecco - Fairway 2 Hotel\" \/>\n<meta property=\"og:description\" content=\"ein einzigartiger Ort Der Golf Club Lecco wurde 1996 auf Initiative einer Gruppe von Unternehmern und Fachleuten aus der Brianza gegr\u00fcndet, die beschlossen, den bereits bestehenden Golf Club Royal Sant&#8217;Anna zu \u00fcbernehmen, der 1960 gegr\u00fcndet wurde und \u00fcber zwanzig Jahre lang die Wiege des Golfsports f\u00fcr zahlreiche Liebhaber dieses Sports war. Der Club befindet sich [&hellip;]\" \/>\n<meta property=\"og:url\" content=\"https:\/\/fairway2hotel.at\/en\/golfclubs\/italien\/gc-lecco\/\" \/>\n<meta property=\"og:site_name\" content=\"Fairway 2 Hotel\" \/>\n<meta property=\"article:modified_time\" content=\"2025-12-11T08:54:16+00:00\" \/>\n<meta name=\"twitter:card\" content=\"summary_large_image\" \/>\n<meta name=\"twitter:label1\" content=\"Est. reading time\" \/>\n\t<meta name=\"twitter:data1\" content=\"3 minutes\" \/>\n<script type=\"application\/ld+json\" class=\"yoast-schema-graph\">{\"@context\":\"https:\/\/schema.org\",\"@graph\":[{\"@type\":\"WebPage\",\"@id\":\"https:\/\/fairway2hotel.at\/en\/golfclubs\/italien\/gc-lecco\/\",\"url\":\"https:\/\/fairway2hotel.at\/en\/golfclubs\/italien\/gc-lecco\/\",\"name\":\"GC Lecco - Fairway 2 Hotel\",\"isPartOf\":{\"@id\":\"https:\/\/fairway2hotel.at\/en\/#website\"},\"datePublished\":\"2025-10-24T07:41:50+00:00\",\"dateModified\":\"2025-12-11T08:54:16+00:00\",\"breadcrumb\":{\"@id\":\"https:\/\/fairway2hotel.at\/en\/golfclubs\/italien\/gc-lecco\/#breadcrumb\"},\"inLanguage\":\"en-US\",\"potentialAction\":[{\"@type\":\"ReadAction\",\"target\":[\"https:\/\/fairway2hotel.at\/en\/golfclubs\/italien\/gc-lecco\/\"]}]},{\"@type\":\"BreadcrumbList\",\"@id\":\"https:\/\/fairway2hotel.at\/en\/golfclubs\/italien\/gc-lecco\/#breadcrumb\",\"itemListElement\":[{\"@type\":\"ListItem\",\"position\":1,\"name\":\"Home\",\"item\":\"https:\/\/fairway2hotel.at\/en\/\"},{\"@type\":\"ListItem\",\"position\":2,\"name\":\"Golfclubs\",\"item\":\"https:\/\/fairway2hotel.at\/en\/golfclubs\/\"},{\"@type\":\"ListItem\",\"position\":3,\"name\":\"Golfclubs Italien\",\"item\":\"https:\/\/fairway2hotel.at\/en\/golfclubs\/italien\/\"},{\"@type\":\"ListItem\",\"position\":4,\"name\":\"GC Lecco\"}]},{\"@type\":\"WebSite\",\"@id\":\"https:\/\/fairway2hotel.at\/en\/#website\",\"url\":\"https:\/\/fairway2hotel.at\/en\/\",\"name\":\"Fairway 2 Hotel\",\"description\":\"Golf at half price! 2 play - 1 pays\",\"potentialAction\":[{\"@type\":\"SearchAction\",\"target\":{\"@type\":\"EntryPoint\",\"urlTemplate\":\"https:\/\/fairway2hotel.at\/en\/?s={search_term_string}\"},\"query-input\":{\"@type\":\"PropertyValueSpecification\",\"valueRequired\":true,\"valueName\":\"search_term_string\"}}],\"inLanguage\":\"en-US\"}]}<\/script>\n<!-- \/ Yoast SEO plugin. -->","yoast_head_json":{"title":"GC Lecco - Fairway 2 Hotel","robots":{"index":"index","follow":"follow","max-snippet":"max-snippet:-1","max-image-preview":"max-image-preview:large","max-video-preview":"max-video-preview:-1"},"canonical":"https:\/\/fairway2hotel.at\/en\/golfclubs\/italien\/gc-lecco\/","og_locale":"en_US","og_type":"article","og_title":"GC Lecco - Fairway 2 Hotel","og_description":"ein einzigartiger Ort Der Golf Club Lecco wurde 1996 auf Initiative einer Gruppe von Unternehmern und Fachleuten aus der Brianza gegr\u00fcndet, die beschlossen, den bereits bestehenden Golf Club Royal Sant&#8217;Anna zu \u00fcbernehmen, der 1960 gegr\u00fcndet wurde und \u00fcber zwanzig Jahre lang die Wiege des Golfsports f\u00fcr zahlreiche Liebhaber dieses Sports war. Der Club befindet sich [&hellip;]","og_url":"https:\/\/fairway2hotel.at\/en\/golfclubs\/italien\/gc-lecco\/","og_site_name":"Fairway 2 Hotel","article_modified_time":"2025-12-11T08:54:16+00:00","twitter_card":"summary_large_image","twitter_misc":{"Est. reading time":"3 minutes"},"schema":{"@context":"https:\/\/schema.org","@graph":[{"@type":"WebPage","@id":"https:\/\/fairway2hotel.at\/en\/golfclubs\/italien\/gc-lecco\/","url":"https:\/\/fairway2hotel.at\/en\/golfclubs\/italien\/gc-lecco\/","name":"GC Lecco - Fairway 2 Hotel","isPartOf":{"@id":"https:\/\/fairway2hotel.at\/en\/#website"},"datePublished":"2025-10-24T07:41:50+00:00","dateModified":"2025-12-11T08:54:16+00:00","breadcrumb":{"@id":"https:\/\/fairway2hotel.at\/en\/golfclubs\/italien\/gc-lecco\/#breadcrumb"},"inLanguage":"en-US","potentialAction":[{"@type":"ReadAction","target":["https:\/\/fairway2hotel.at\/en\/golfclubs\/italien\/gc-lecco\/"]}]},{"@type":"BreadcrumbList","@id":"https:\/\/fairway2hotel.at\/en\/golfclubs\/italien\/gc-lecco\/#breadcrumb","itemListElement":[{"@type":"ListItem","position":1,"name":"Home","item":"https:\/\/fairway2hotel.at\/en\/"},{"@type":"ListItem","position":2,"name":"Golfclubs","item":"https:\/\/fairway2hotel.at\/en\/golfclubs\/"},{"@type":"ListItem","position":3,"name":"Golfclubs Italien","item":"https:\/\/fairway2hotel.at\/en\/golfclubs\/italien\/"},{"@type":"ListItem","position":4,"name":"GC Lecco"}]},{"@type":"WebSite","@id":"https:\/\/fairway2hotel.at\/en\/#website","url":"https:\/\/fairway2hotel.at\/en\/","name":"Fairway 2 Hotel","description":"Golf at half price! 2 play - 1 pays","potentialAction":[{"@type":"SearchAction","target":{"@type":"EntryPoint","urlTemplate":"https:\/\/fairway2hotel.at\/en\/?s={search_term_string}"},"query-input":{"@type":"PropertyValueSpecification","valueRequired":true,"valueName":"search_term_string"}}],"inLanguage":"en-US"}]}},"_links":{"self":[{"href":"https:\/\/fairway2hotel.at\/en\/wp-json\/wp\/v2\/pages\/49376","targetHints":{"allow":["GET"]}}],"collection":[{"href":"https:\/\/fairway2hotel.at\/en\/wp-json\/wp\/v2\/pages"}],"about":[{"href":"https:\/\/fairway2hotel.at\/en\/wp-json\/wp\/v2\/types\/page"}],"author":[{"embeddable":true,"href":"https:\/\/fairway2hotel.at\/en\/wp-json\/wp\/v2\/users\/24"}],"replies":[{"embeddable":true,"href":"https:\/\/fairway2hotel.at\/en\/wp-json\/wp\/v2\/comments?post=49376"}],"version-history":[{"count":3,"href":"https:\/\/fairway2hotel.at\/en\/wp-json\/wp\/v2\/pages\/49376\/revisions"}],"predecessor-version":[{"id":51572,"href":"https:\/\/fairway2hotel.at\/en\/wp-json\/wp\/v2\/pages\/49376\/revisions\/51572"}],"up":[{"embeddable":true,"href":"https:\/\/fairway2hotel.at\/en\/wp-json\/wp\/v2\/pages\/1657"}],"acf:attachment":[{"embeddable":true,"href":"https:\/\/fairway2hotel.at\/en\/wp-json\/wp\/v2\/media\/51569"},{"embeddable":true,"href":"https:\/\/fairway2hotel.at\/en\/wp-json\/wp\/v2\/media\/51565"},{"embeddable":true,"href":"https:\/\/fairway2hotel.at\/en\/wp-json\/wp\/v2\/media\/51561"},{"embeddable":true,"href":"https:\/\/fairway2hotel.at\/en\/wp-json\/wp\/v2\/media\/51559"},{"embeddable":true,"href":"https:\/\/fairway2hotel.at\/en\/wp-json\/wp\/v2\/media\/51555"},{"embeddable":true,"href":"https:\/\/fairway2hotel.at\/en\/wp-json\/wp\/v2\/media\/51563"},{"embeddable":true,"href":"https:\/\/fairway2hotel.at\/en\/wp-json\/wp\/v2\/media\/51557"},{"embeddable":true,"href":"https:\/\/fairway2hotel.at\/en\/wp-json\/wp\/v2\/media\/51567"}],"wp:attachment":[{"href":"https:\/\/fairway2hotel.at\/en\/wp-json\/wp\/v2\/media?parent=49376"}],"curies":[{"name":"wp","href":"https:\/\/api.w.org\/{rel}","templated":true}]}}