{"id":49408,"date":"2025-10-25T15:04:18","date_gmt":"2025-10-25T13:04:18","guid":{"rendered":"https:\/\/fairway2hotel.at\/?page_id=49408"},"modified":"2025-11-09T18:18:43","modified_gmt":"2025-11-09T17:18:43","slug":"hotel-zum-goldenen-anker","status":"publish","type":"page","link":"https:\/\/fairway2hotel.at\/en\/hotels\/niederoesterreich\/hotel-zum-goldenen-anker\/","title":{"rendered":"Hotel Zum goldenen Anker"},"content":{"rendered":"<h2>Ein Boutiquehotel mit Charakter<\/h2>\n<p>Unser Boutique Hotel mit historischen Wurzeln aus dem 16 Jahrhundert liegt eingebettet zwischen der Donau mit dem Nationalpark und der mittelalterlichen Stadtmauer. Drei Gehminuten vom Stadtzentrum entfernt. In 1,5 km erreichen Sie unseren anspruchsvollen 18 Loch Golfplatz am Fu\u00dfe des Braunsberges. Nach einem sch\u00f6nen Spiel bietet unsere Bio-Sauna Entspannung und unser Bio-Naturteich Erfrischung.<\/p>\n<p>Unser \u00e1 la Carte Restaurant l\u00e4dt Sie mittags wie abends zu einem kulinarischen Genuss ein. Unsere K\u00fcche legt besonderen Wert auf Regionalit\u00e4t und Bio- Qualit\u00e4t.\u00a0 Im Weinkeller finden Sie ausschlie\u00dflich Weine aus Carnuntum.\u00a0 Verkosten Sie diese gemeinsam mit schmackhaften Speisen.<\/p>\n<p>Hainburg liegt am Kreuzungspunkt des r\u00f6mischen Limes und der Bernsteinstra\u00dfe. Hier siedelten bereits vor \u00fcber 2000 Jahren die Kelten und die R\u00f6mer. Besuchen Sie an spielfreien Tagen\/Stunden die authentischen Pl\u00e4tze der R\u00f6mer\u00a0 (die R\u00f6merstadt), des Mittelalters\u00a0 ( Hainburg\/D.), der Barockzeit\u00a0 (Schloss Hof), und last but not least\u00a0 der modernen Architektur( COOP Himmelb(l)au evangelische Kirche Hainburg).\u00a0 Kulturinteressierte erfreuen sich an den hochwertigen \u00a0Konzertprogrammen \u00a0der Haydngesellschaft sowie Haydnregion N\u00d6.<\/p>\n<p>Wir freuen uns auf Ihre Reservierung.<\/p>\n<h2>A boutique hotel with character<\/h2>\n<p>Our boutique hotel with historical roots dating back to the 16th century is nestled between the Danube with its national park and the medieval city walls. It is a three-minute walk from the city centre. Our sophisticated 18-hole golf course at the foot of the Braunsberg mountain is 1.5 km away. After a great game, our bio sauna offers relaxation and our natural bio pond offers refreshment.<\/p>\n<p>Our \u00e0 la carte restaurant invites you to enjoy culinary delights at lunchtime and in the evening. Our cuisine places particular emphasis on regionality and organic quality. In the wine cellar, you will find exclusively wines from Carnuntum. Taste them together with delicious dishes.<\/p>\n<p>Hainburg is located at the intersection of the Roman Limes and the Amber Road. The Celts and Romans settled here over 2000 years ago. On days\/hours when there are no performances, visit the authentic sites of the Romans (the Roman town), the Middle Ages (Hainburg\/Germany), the Baroque period (Hof Castle) and, last but not least, modern architecture (COOP Himmelb(l)au Protestant Church in Hainburg). . Culture lovers will enjoy the high-quality concert programmes of the Haydn Society and Haydn Region Lower Austria.<\/p>\n<p>We look forward to your reservation.<\/p>\n","protected":false},"excerpt":{"rendered":"<p>Ein Boutiquehotel mit Charakter Unser Boutique Hotel mit historischen Wurzeln aus dem 16 Jahrhundert liegt eingebettet zwischen der Donau mit dem Nationalpark und der mittelalterlichen Stadtmauer. Drei Gehminuten vom Stadtzentrum entfernt. In 1,5 km erreichen Sie unseren anspruchsvollen 18 Loch Golfplatz am Fu\u00dfe des Braunsberges. Nach einem sch\u00f6nen Spiel bietet unsere Bio-Sauna Entspannung und unser [&hellip;]<\/p>\n","protected":false},"author":24,"featured_media":0,"parent":2097,"menu_order":4,"comment_status":"closed","ping_status":"closed","template":"page-partner.php","meta":{"_acf_changed":false,"footnotes":""},"class_list":["post-49408","page","type-page","status-publish","hentry"],"acf":{"partner_infobox":"<strong>Adresse:\u00a0<\/strong>A-3672, Maria Taferl 20\r\n\r\n<strong>Tel:\u00a0<\/strong>+43 7413\/304\r\n\r\n<strong>Fax:\u00a0<\/strong>+43 7413\/508-45\r\n\r\n<strong>Web: <\/strong><a href=\"http:\/\/www.hotelrose.co.at\" target=\"_blank\" rel=\"nofollow noopener noreferrer\">www.hotelrose.co.at<\/a>\r\n\r\n<strong>E-Mail:<\/strong> <a href=\"mailto:office@hotelrose.co.at\">office@hotelrose.co.at<\/a>\r\n\r\n<em><strong>Bedingungen:\r\n<\/strong>Gutscheine gu\u0308ltig von Sonntag\u2013Donnerstag, Freitag, Samstag und Feiertage auf Anfrage.<\/em>\r\n\r\n<strong>Golfclubs in der N\u00e4he:\r\n<\/strong>Golfclub Mariataferl 500 m\r\n\r\n<strong>Anfahrt:\r\n<\/strong>\u00fcber die Westautobahn A1 \u2192 Abfahrt P\u00f6chlarn \u2192 \u00fcber die Donaubr\u00fccke nach Klein P\u00f6chlarn \u2192 ca. 1,5 km Richtung Persenbeug bis zur Abzweigung nach Maria Taferl","partner_logo":null,"partner_gallery":[49419,49421,49411,49409,49413,49415,49417,49423,49425],"partner_lat":48.14870082037096,"partner_long":16.939443854764747,"partner_type":"hotel","partner_openings":["1","2","3","4","5","6","7"],"montag_von_bis":"00:00 - 24:00","dienstag_von_bis":"00:00 - 24:00","mittwoch_von_bis":"00:00 - 24:00","donnerstag_von_bis":"00:00 - 24:00","freitag_von_bis":"00:00 - 24:00","samstag_von_bis":"00:00 - 24:00","sonntag_von_bis":"00:00 - 24:00","partner_adresse":"Donaul\u00e4nde 27, 2410 Hainburg an der Donau","partner_land_bundesland":"","partner_tel_1":"+43 (0) 2165 64810","partner_tel_2":"","partner_web":"https:\/\/www.goldeneranker.at","partner_mail":"restaurant@goldeneranker.at","partner_spielbahnen_par":"","partner_laenge":"","partner_bedingungen":"","partner_anfahrt":"","partner_misc":null,"additional_css_classes":""},"yoast_head":"<!-- This site is optimized with the Yoast SEO plugin v26.8 - https:\/\/yoast.com\/product\/yoast-seo-wordpress\/ -->\n<title>Hotel Zum goldenen Anker - Fairway 2 Hotel<\/title>\n<meta name=\"robots\" content=\"index, follow, max-snippet:-1, max-image-preview:large, max-video-preview:-1\" \/>\n<link rel=\"canonical\" href=\"https:\/\/fairway2hotel.at\/en\/hotels\/niederoesterreich\/hotel-zum-goldenen-anker\/\" \/>\n<meta property=\"og:locale\" content=\"en_US\" \/>\n<meta property=\"og:type\" content=\"article\" \/>\n<meta property=\"og:title\" content=\"Hotel Zum goldenen Anker - Fairway 2 Hotel\" \/>\n<meta property=\"og:description\" content=\"Ein Boutiquehotel mit Charakter Unser Boutique Hotel mit historischen Wurzeln aus dem 16 Jahrhundert liegt eingebettet zwischen der Donau mit dem Nationalpark und der mittelalterlichen Stadtmauer. Drei Gehminuten vom Stadtzentrum entfernt. In 1,5 km erreichen Sie unseren anspruchsvollen 18 Loch Golfplatz am Fu\u00dfe des Braunsberges. Nach einem sch\u00f6nen Spiel bietet unsere Bio-Sauna Entspannung und unser [&hellip;]\" \/>\n<meta property=\"og:url\" content=\"https:\/\/fairway2hotel.at\/en\/hotels\/niederoesterreich\/hotel-zum-goldenen-anker\/\" \/>\n<meta property=\"og:site_name\" content=\"Fairway 2 Hotel\" \/>\n<meta property=\"article:modified_time\" content=\"2025-11-09T17:18:43+00:00\" \/>\n<meta name=\"twitter:card\" content=\"summary_large_image\" \/>\n<meta name=\"twitter:label1\" content=\"Est. reading time\" \/>\n\t<meta name=\"twitter:data1\" content=\"3 minutes\" \/>\n<script type=\"application\/ld+json\" class=\"yoast-schema-graph\">{\"@context\":\"https:\/\/schema.org\",\"@graph\":[{\"@type\":\"WebPage\",\"@id\":\"https:\/\/fairway2hotel.at\/en\/hotels\/niederoesterreich\/hotel-zum-goldenen-anker\/\",\"url\":\"https:\/\/fairway2hotel.at\/en\/hotels\/niederoesterreich\/hotel-zum-goldenen-anker\/\",\"name\":\"Hotel Zum goldenen Anker - Fairway 2 Hotel\",\"isPartOf\":{\"@id\":\"https:\/\/fairway2hotel.at\/en\/#website\"},\"datePublished\":\"2025-10-25T13:04:18+00:00\",\"dateModified\":\"2025-11-09T17:18:43+00:00\",\"breadcrumb\":{\"@id\":\"https:\/\/fairway2hotel.at\/en\/hotels\/niederoesterreich\/hotel-zum-goldenen-anker\/#breadcrumb\"},\"inLanguage\":\"en-US\",\"potentialAction\":[{\"@type\":\"ReadAction\",\"target\":[\"https:\/\/fairway2hotel.at\/en\/hotels\/niederoesterreich\/hotel-zum-goldenen-anker\/\"]}]},{\"@type\":\"BreadcrumbList\",\"@id\":\"https:\/\/fairway2hotel.at\/en\/hotels\/niederoesterreich\/hotel-zum-goldenen-anker\/#breadcrumb\",\"itemListElement\":[{\"@type\":\"ListItem\",\"position\":1,\"name\":\"Home\",\"item\":\"https:\/\/fairway2hotel.at\/en\/\"},{\"@type\":\"ListItem\",\"position\":2,\"name\":\"Hotels\",\"item\":\"https:\/\/fairway2hotel.at\/en\/hotels\/\"},{\"@type\":\"ListItem\",\"position\":3,\"name\":\"Hotels Nieder\u00f6sterreich\",\"item\":\"https:\/\/fairway2hotel.at\/en\/hotels\/niederoesterreich\/\"},{\"@type\":\"ListItem\",\"position\":4,\"name\":\"Hotel Zum goldenen Anker\"}]},{\"@type\":\"WebSite\",\"@id\":\"https:\/\/fairway2hotel.at\/en\/#website\",\"url\":\"https:\/\/fairway2hotel.at\/en\/\",\"name\":\"Fairway 2 Hotel\",\"description\":\"Golf at half price! 2 play - 1 pays\",\"potentialAction\":[{\"@type\":\"SearchAction\",\"target\":{\"@type\":\"EntryPoint\",\"urlTemplate\":\"https:\/\/fairway2hotel.at\/en\/?s={search_term_string}\"},\"query-input\":{\"@type\":\"PropertyValueSpecification\",\"valueRequired\":true,\"valueName\":\"search_term_string\"}}],\"inLanguage\":\"en-US\"}]}<\/script>\n<!-- \/ Yoast SEO plugin. -->","yoast_head_json":{"title":"Hotel Zum goldenen Anker - Fairway 2 Hotel","robots":{"index":"index","follow":"follow","max-snippet":"max-snippet:-1","max-image-preview":"max-image-preview:large","max-video-preview":"max-video-preview:-1"},"canonical":"https:\/\/fairway2hotel.at\/en\/hotels\/niederoesterreich\/hotel-zum-goldenen-anker\/","og_locale":"en_US","og_type":"article","og_title":"Hotel Zum goldenen Anker - Fairway 2 Hotel","og_description":"Ein Boutiquehotel mit Charakter Unser Boutique Hotel mit historischen Wurzeln aus dem 16 Jahrhundert liegt eingebettet zwischen der Donau mit dem Nationalpark und der mittelalterlichen Stadtmauer. Drei Gehminuten vom Stadtzentrum entfernt. In 1,5 km erreichen Sie unseren anspruchsvollen 18 Loch Golfplatz am Fu\u00dfe des Braunsberges. Nach einem sch\u00f6nen Spiel bietet unsere Bio-Sauna Entspannung und unser [&hellip;]","og_url":"https:\/\/fairway2hotel.at\/en\/hotels\/niederoesterreich\/hotel-zum-goldenen-anker\/","og_site_name":"Fairway 2 Hotel","article_modified_time":"2025-11-09T17:18:43+00:00","twitter_card":"summary_large_image","twitter_misc":{"Est. reading time":"3 minutes"},"schema":{"@context":"https:\/\/schema.org","@graph":[{"@type":"WebPage","@id":"https:\/\/fairway2hotel.at\/en\/hotels\/niederoesterreich\/hotel-zum-goldenen-anker\/","url":"https:\/\/fairway2hotel.at\/en\/hotels\/niederoesterreich\/hotel-zum-goldenen-anker\/","name":"Hotel Zum goldenen Anker - Fairway 2 Hotel","isPartOf":{"@id":"https:\/\/fairway2hotel.at\/en\/#website"},"datePublished":"2025-10-25T13:04:18+00:00","dateModified":"2025-11-09T17:18:43+00:00","breadcrumb":{"@id":"https:\/\/fairway2hotel.at\/en\/hotels\/niederoesterreich\/hotel-zum-goldenen-anker\/#breadcrumb"},"inLanguage":"en-US","potentialAction":[{"@type":"ReadAction","target":["https:\/\/fairway2hotel.at\/en\/hotels\/niederoesterreich\/hotel-zum-goldenen-anker\/"]}]},{"@type":"BreadcrumbList","@id":"https:\/\/fairway2hotel.at\/en\/hotels\/niederoesterreich\/hotel-zum-goldenen-anker\/#breadcrumb","itemListElement":[{"@type":"ListItem","position":1,"name":"Home","item":"https:\/\/fairway2hotel.at\/en\/"},{"@type":"ListItem","position":2,"name":"Hotels","item":"https:\/\/fairway2hotel.at\/en\/hotels\/"},{"@type":"ListItem","position":3,"name":"Hotels Nieder\u00f6sterreich","item":"https:\/\/fairway2hotel.at\/en\/hotels\/niederoesterreich\/"},{"@type":"ListItem","position":4,"name":"Hotel Zum goldenen Anker"}]},{"@type":"WebSite","@id":"https:\/\/fairway2hotel.at\/en\/#website","url":"https:\/\/fairway2hotel.at\/en\/","name":"Fairway 2 Hotel","description":"Golf at half price! 2 play - 1 pays","potentialAction":[{"@type":"SearchAction","target":{"@type":"EntryPoint","urlTemplate":"https:\/\/fairway2hotel.at\/en\/?s={search_term_string}"},"query-input":{"@type":"PropertyValueSpecification","valueRequired":true,"valueName":"search_term_string"}}],"inLanguage":"en-US"}]}},"_links":{"self":[{"href":"https:\/\/fairway2hotel.at\/en\/wp-json\/wp\/v2\/pages\/49408","targetHints":{"allow":["GET"]}}],"collection":[{"href":"https:\/\/fairway2hotel.at\/en\/wp-json\/wp\/v2\/pages"}],"about":[{"href":"https:\/\/fairway2hotel.at\/en\/wp-json\/wp\/v2\/types\/page"}],"author":[{"embeddable":true,"href":"https:\/\/fairway2hotel.at\/en\/wp-json\/wp\/v2\/users\/24"}],"replies":[{"embeddable":true,"href":"https:\/\/fairway2hotel.at\/en\/wp-json\/wp\/v2\/comments?post=49408"}],"version-history":[{"count":1,"href":"https:\/\/fairway2hotel.at\/en\/wp-json\/wp\/v2\/pages\/49408\/revisions"}],"predecessor-version":[{"id":49427,"href":"https:\/\/fairway2hotel.at\/en\/wp-json\/wp\/v2\/pages\/49408\/revisions\/49427"}],"up":[{"embeddable":true,"href":"https:\/\/fairway2hotel.at\/en\/wp-json\/wp\/v2\/pages\/2097"}],"acf:attachment":[{"embeddable":true,"href":"https:\/\/fairway2hotel.at\/en\/wp-json\/wp\/v2\/media\/49425"},{"embeddable":true,"href":"https:\/\/fairway2hotel.at\/en\/wp-json\/wp\/v2\/media\/49423"},{"embeddable":true,"href":"https:\/\/fairway2hotel.at\/en\/wp-json\/wp\/v2\/media\/49417"},{"embeddable":true,"href":"https:\/\/fairway2hotel.at\/en\/wp-json\/wp\/v2\/media\/49415"},{"embeddable":true,"href":"https:\/\/fairway2hotel.at\/en\/wp-json\/wp\/v2\/media\/49413"},{"embeddable":true,"href":"https:\/\/fairway2hotel.at\/en\/wp-json\/wp\/v2\/media\/49409"},{"embeddable":true,"href":"https:\/\/fairway2hotel.at\/en\/wp-json\/wp\/v2\/media\/49411"},{"embeddable":true,"href":"https:\/\/fairway2hotel.at\/en\/wp-json\/wp\/v2\/media\/49421"},{"embeddable":true,"href":"https:\/\/fairway2hotel.at\/en\/wp-json\/wp\/v2\/media\/49419"}],"wp:attachment":[{"href":"https:\/\/fairway2hotel.at\/en\/wp-json\/wp\/v2\/media?parent=49408"}],"curies":[{"name":"wp","href":"https:\/\/api.w.org\/{rel}","templated":true}]}}