{"id":49628,"date":"2025-11-06T09:29:19","date_gmt":"2025-11-06T08:29:19","guid":{"rendered":"https:\/\/fairway2hotel.at\/?page_id=49628"},"modified":"2026-02-19T15:07:38","modified_gmt":"2026-02-19T14:07:38","slug":"gc-atalaya-golf-country-club","status":"publish","type":"page","link":"https:\/\/fairway2hotel.at\/en\/golfclubs\/spanien-festland\/gc-atalaya-golf-country-club\/","title":{"rendered":"GC Atalaya Golf &#038; Country Club"},"content":{"rendered":"<h2>2 Top Golfpl\u00e4tze in einem Resort<\/h2>\n<p>The Old Course<\/p>\n<p>Der 1968 er\u00f6ffnete und vom deutschen Golfplatzarchitekten Bernard von Limburger entworfene Old Course von Atalaya ist einer der sch\u00f6nsten Golfpl\u00e4tze an der Costa del Sol. Die breiten, gro\u00dfz\u00fcgigen Fairways schl\u00e4ngeln sich sanft zwischen altem Baumbestand und bl\u00fchenden Str\u00e4uchern, die Schatten spenden und das ganze Jahr \u00fcber Farbe bieten. Die h\u00e4ufig erh\u00f6hten Gr\u00fcns machen die Schl\u00e4gerwahl interessant, und ihre subtilen Konturen erfordern ein sorgf\u00e4ltiges Urteilsverm\u00f6gen, um die wichtigen Putts zu versenken. Der Old Course bietet einen herrlichen Blick auf La Concha und das Mittelmeer sowie auf Seen und B\u00e4che, die von vielen Wasservogelarten bev\u00f6lkert werden, darunter auch unsere beiden ans\u00e4ssigen Schwanenpaare.<\/p>\n<p>The New Course<\/p>\n<p>Dieser 1990 er\u00f6ffnete, von Paul Krings entworfene Platz stellt eine spannende Herausforderung f\u00fcr Golfer dar. Der New Course liegt in den H\u00fcgeln oberhalb des Atalaya Old Course und belohnt eher Pr\u00e4zision beim Abschlag als reine L\u00e4nge. Eine Reihe von Fairways und Gr\u00fcns weisen Neigungen und H\u00f6henunterschiede auf, die eine sorgf\u00e4ltige Schl\u00e4gerwahl erfordern. Der Platz bietet einen herrlichen Panoramablick auf die umliegende Landschaft, das Mittelmeer und Gibraltar und dank seiner Lage abseits von vielbefahrenen Stra\u00dfen eine ruhige Umgebung, in der Sie Ihre Golfrunde genie\u00dfen k\u00f6nnen. Auf dem gesamten Platz gibt es zahlreiche Wildtiere, einen Wald mit Korkeichen, Oliven- und Johannisbrotb\u00e4umen. Obwohl es einige Steigungen gibt, ist der Platz gut zu Fu\u00df zu bew\u00e4ltigen. Bei sommerlicher Hitze empfiehlt es sich jedoch, einen Buggy zu mieten.<\/p>\n<p>&nbsp;<\/p>\n<h2>2 top golf courses in one resort<\/h2>\n<p>The Old Course<\/p>\n<p>Opened in 1968 and designed by German golf course architect Bernard von Limburger, Atalaya&#8217;s Old Course is one of the most beautiful golf courses on the Costa del Sol. The wide, generous fairways meander gently between mature trees and flowering shrubs, providing shade and color all year round. The often elevated greens make club selection interesting, and their subtle contours require careful judgment to sink those important putts. The Old Course offers magnificent views of La Concha and the Mediterranean Sea, as well as lakes and streams populated by many species of waterfowl, including our two resident pairs of swans.<\/p>\n<p>The New Course<\/p>\n<p>Opened in 1990 and designed by Paul Krings, this course presents an exciting challenge for golfers. The New Course is located in the hills above the Atalaya Old Course and rewards precision over distance. A number of fairways and greens feature slopes and elevation changes that require careful club selection. The course offers magnificent panoramic views of the surrounding countryside, the Mediterranean Sea, and Gibraltar, and thanks to its location away from busy roads, it provides a peaceful environment in which to enjoy your round of golf. There is plenty of wildlife throughout the course, which features a forest of cork oaks, olive trees, and carob trees. Although there are some slopes, the course is easy to walk. However, in the summer heat, it is advisable to hire a buggy.<\/p>\n<p>&nbsp;<\/p>\n<p>&nbsp;<\/p>\n","protected":false},"excerpt":{"rendered":"<p>2 Top Golfpl\u00e4tze in einem Resort The Old Course Der 1968 er\u00f6ffnete und vom deutschen Golfplatzarchitekten Bernard von Limburger entworfene Old Course von Atalaya ist einer der sch\u00f6nsten Golfpl\u00e4tze an der Costa del Sol. Die breiten, gro\u00dfz\u00fcgigen Fairways schl\u00e4ngeln sich sanft zwischen altem Baumbestand und bl\u00fchenden Str\u00e4uchern, die Schatten spenden und das ganze Jahr \u00fcber [&hellip;]<\/p>\n","protected":false},"author":24,"featured_media":0,"parent":37552,"menu_order":0,"comment_status":"closed","ping_status":"closed","template":"page-partner.php","meta":{"_acf_changed":false,"footnotes":""},"class_list":["post-49628","page","type-page","status-publish","hentry"],"acf":{"partner_infobox":"","partner_logo":null,"partner_gallery":[49637,49629,49631,49633,49635,49639,49641],"partner_lat":36.48142282941598,"partner_long":-5.017633619501329,"partner_type":"golfclub","partner_openings":["1","2","3","4","5","6","7"],"montag_von_bis":"00:00 - 24:00","dienstag_von_bis":"00:00 - 24:00","mittwoch_von_bis":"00:00 - 24:00","donnerstag_von_bis":"00:00 - 24:00","freitag_von_bis":"00:00 - 24:00","samstag_von_bis":"00:00 - 24:00","sonntag_von_bis":"00:00 - 24:00","partner_adresse":"Avenida del Coral 42, E-29688 Estepona, M\u00e1laga","partner_land_bundesland":"Spanien\/Andalusien","partner_tel_1":"+34 952 88 28 12","partner_tel_2":"","partner_web":"https:\/\/www.atalaya-golf.com","partner_mail":"info@atalaya-golf.com","partner_spielbahnen_par":"36\/71","partner_laenge":"","partner_bedingungen":"Gutschein einl\u00f6sbar am Old Course von Juni-Mitte September ab 12.00 Uhr, am New Course ganzj\u00e4hrig, Hcp 28\/36. Kein online booking, nur mit email an reservas@atalaya-golf.com oder info@atalaya-golf.com\r\nVoucher redeemable on the Old Course from June to mid-September after 12.00 noon, on the New Course the whole year, Hcp 28\/36. No online-booking, only by email reservas@atalaya-golf.com or info@atalaya-golf.com\r\n","partner_anfahrt":"","partner_misc":null,"additional_css_classes":""},"yoast_head":"<!-- This site is optimized with the Yoast SEO plugin v26.8 - https:\/\/yoast.com\/product\/yoast-seo-wordpress\/ -->\n<title>GC Atalaya Golf &amp; Country Club - Fairway 2 Hotel<\/title>\n<meta name=\"robots\" content=\"index, follow, max-snippet:-1, max-image-preview:large, max-video-preview:-1\" \/>\n<link rel=\"canonical\" href=\"https:\/\/fairway2hotel.at\/en\/golfclubs\/spanien-festland\/gc-atalaya-golf-country-club\/\" \/>\n<meta property=\"og:locale\" content=\"en_US\" \/>\n<meta property=\"og:type\" content=\"article\" \/>\n<meta property=\"og:title\" content=\"GC Atalaya Golf &amp; Country Club - Fairway 2 Hotel\" \/>\n<meta property=\"og:description\" content=\"2 Top Golfpl\u00e4tze in einem Resort The Old Course Der 1968 er\u00f6ffnete und vom deutschen Golfplatzarchitekten Bernard von Limburger entworfene Old Course von Atalaya ist einer der sch\u00f6nsten Golfpl\u00e4tze an der Costa del Sol. Die breiten, gro\u00dfz\u00fcgigen Fairways schl\u00e4ngeln sich sanft zwischen altem Baumbestand und bl\u00fchenden Str\u00e4uchern, die Schatten spenden und das ganze Jahr \u00fcber [&hellip;]\" \/>\n<meta property=\"og:url\" content=\"https:\/\/fairway2hotel.at\/en\/golfclubs\/spanien-festland\/gc-atalaya-golf-country-club\/\" \/>\n<meta property=\"og:site_name\" content=\"Fairway 2 Hotel\" \/>\n<meta property=\"article:modified_time\" content=\"2026-02-19T14:07:38+00:00\" \/>\n<meta name=\"twitter:card\" content=\"summary_large_image\" \/>\n<meta name=\"twitter:label1\" content=\"Est. reading time\" \/>\n\t<meta name=\"twitter:data1\" content=\"3 minutes\" \/>\n<script type=\"application\/ld+json\" class=\"yoast-schema-graph\">{\"@context\":\"https:\/\/schema.org\",\"@graph\":[{\"@type\":\"WebPage\",\"@id\":\"https:\/\/fairway2hotel.at\/en\/golfclubs\/spanien-festland\/gc-atalaya-golf-country-club\/\",\"url\":\"https:\/\/fairway2hotel.at\/en\/golfclubs\/spanien-festland\/gc-atalaya-golf-country-club\/\",\"name\":\"GC Atalaya Golf & Country Club - Fairway 2 Hotel\",\"isPartOf\":{\"@id\":\"https:\/\/fairway2hotel.at\/en\/#website\"},\"datePublished\":\"2025-11-06T08:29:19+00:00\",\"dateModified\":\"2026-02-19T14:07:38+00:00\",\"breadcrumb\":{\"@id\":\"https:\/\/fairway2hotel.at\/en\/golfclubs\/spanien-festland\/gc-atalaya-golf-country-club\/#breadcrumb\"},\"inLanguage\":\"en-US\",\"potentialAction\":[{\"@type\":\"ReadAction\",\"target\":[\"https:\/\/fairway2hotel.at\/en\/golfclubs\/spanien-festland\/gc-atalaya-golf-country-club\/\"]}]},{\"@type\":\"BreadcrumbList\",\"@id\":\"https:\/\/fairway2hotel.at\/en\/golfclubs\/spanien-festland\/gc-atalaya-golf-country-club\/#breadcrumb\",\"itemListElement\":[{\"@type\":\"ListItem\",\"position\":1,\"name\":\"Home\",\"item\":\"https:\/\/fairway2hotel.at\/en\/\"},{\"@type\":\"ListItem\",\"position\":2,\"name\":\"Golfclubs\",\"item\":\"https:\/\/fairway2hotel.at\/en\/golfclubs\/\"},{\"@type\":\"ListItem\",\"position\":3,\"name\":\"Golfclubs Festland\",\"item\":\"https:\/\/fairway2hotel.at\/en\/golfclubs\/spanien-festland\/\"},{\"@type\":\"ListItem\",\"position\":4,\"name\":\"GC Atalaya Golf &#038; Country Club\"}]},{\"@type\":\"WebSite\",\"@id\":\"https:\/\/fairway2hotel.at\/en\/#website\",\"url\":\"https:\/\/fairway2hotel.at\/en\/\",\"name\":\"Fairway 2 Hotel\",\"description\":\"Golf at half price! 2 play - 1 pays\",\"potentialAction\":[{\"@type\":\"SearchAction\",\"target\":{\"@type\":\"EntryPoint\",\"urlTemplate\":\"https:\/\/fairway2hotel.at\/en\/?s={search_term_string}\"},\"query-input\":{\"@type\":\"PropertyValueSpecification\",\"valueRequired\":true,\"valueName\":\"search_term_string\"}}],\"inLanguage\":\"en-US\"}]}<\/script>\n<!-- \/ Yoast SEO plugin. -->","yoast_head_json":{"title":"GC Atalaya Golf & Country Club - Fairway 2 Hotel","robots":{"index":"index","follow":"follow","max-snippet":"max-snippet:-1","max-image-preview":"max-image-preview:large","max-video-preview":"max-video-preview:-1"},"canonical":"https:\/\/fairway2hotel.at\/en\/golfclubs\/spanien-festland\/gc-atalaya-golf-country-club\/","og_locale":"en_US","og_type":"article","og_title":"GC Atalaya Golf & Country Club - Fairway 2 Hotel","og_description":"2 Top Golfpl\u00e4tze in einem Resort The Old Course Der 1968 er\u00f6ffnete und vom deutschen Golfplatzarchitekten Bernard von Limburger entworfene Old Course von Atalaya ist einer der sch\u00f6nsten Golfpl\u00e4tze an der Costa del Sol. Die breiten, gro\u00dfz\u00fcgigen Fairways schl\u00e4ngeln sich sanft zwischen altem Baumbestand und bl\u00fchenden Str\u00e4uchern, die Schatten spenden und das ganze Jahr \u00fcber [&hellip;]","og_url":"https:\/\/fairway2hotel.at\/en\/golfclubs\/spanien-festland\/gc-atalaya-golf-country-club\/","og_site_name":"Fairway 2 Hotel","article_modified_time":"2026-02-19T14:07:38+00:00","twitter_card":"summary_large_image","twitter_misc":{"Est. reading time":"3 minutes"},"schema":{"@context":"https:\/\/schema.org","@graph":[{"@type":"WebPage","@id":"https:\/\/fairway2hotel.at\/en\/golfclubs\/spanien-festland\/gc-atalaya-golf-country-club\/","url":"https:\/\/fairway2hotel.at\/en\/golfclubs\/spanien-festland\/gc-atalaya-golf-country-club\/","name":"GC Atalaya Golf & Country Club - Fairway 2 Hotel","isPartOf":{"@id":"https:\/\/fairway2hotel.at\/en\/#website"},"datePublished":"2025-11-06T08:29:19+00:00","dateModified":"2026-02-19T14:07:38+00:00","breadcrumb":{"@id":"https:\/\/fairway2hotel.at\/en\/golfclubs\/spanien-festland\/gc-atalaya-golf-country-club\/#breadcrumb"},"inLanguage":"en-US","potentialAction":[{"@type":"ReadAction","target":["https:\/\/fairway2hotel.at\/en\/golfclubs\/spanien-festland\/gc-atalaya-golf-country-club\/"]}]},{"@type":"BreadcrumbList","@id":"https:\/\/fairway2hotel.at\/en\/golfclubs\/spanien-festland\/gc-atalaya-golf-country-club\/#breadcrumb","itemListElement":[{"@type":"ListItem","position":1,"name":"Home","item":"https:\/\/fairway2hotel.at\/en\/"},{"@type":"ListItem","position":2,"name":"Golfclubs","item":"https:\/\/fairway2hotel.at\/en\/golfclubs\/"},{"@type":"ListItem","position":3,"name":"Golfclubs Festland","item":"https:\/\/fairway2hotel.at\/en\/golfclubs\/spanien-festland\/"},{"@type":"ListItem","position":4,"name":"GC Atalaya Golf &#038; Country Club"}]},{"@type":"WebSite","@id":"https:\/\/fairway2hotel.at\/en\/#website","url":"https:\/\/fairway2hotel.at\/en\/","name":"Fairway 2 Hotel","description":"Golf at half price! 2 play - 1 pays","potentialAction":[{"@type":"SearchAction","target":{"@type":"EntryPoint","urlTemplate":"https:\/\/fairway2hotel.at\/en\/?s={search_term_string}"},"query-input":{"@type":"PropertyValueSpecification","valueRequired":true,"valueName":"search_term_string"}}],"inLanguage":"en-US"}]}},"_links":{"self":[{"href":"https:\/\/fairway2hotel.at\/en\/wp-json\/wp\/v2\/pages\/49628","targetHints":{"allow":["GET"]}}],"collection":[{"href":"https:\/\/fairway2hotel.at\/en\/wp-json\/wp\/v2\/pages"}],"about":[{"href":"https:\/\/fairway2hotel.at\/en\/wp-json\/wp\/v2\/types\/page"}],"author":[{"embeddable":true,"href":"https:\/\/fairway2hotel.at\/en\/wp-json\/wp\/v2\/users\/24"}],"replies":[{"embeddable":true,"href":"https:\/\/fairway2hotel.at\/en\/wp-json\/wp\/v2\/comments?post=49628"}],"version-history":[{"count":8,"href":"https:\/\/fairway2hotel.at\/en\/wp-json\/wp\/v2\/pages\/49628\/revisions"}],"predecessor-version":[{"id":52733,"href":"https:\/\/fairway2hotel.at\/en\/wp-json\/wp\/v2\/pages\/49628\/revisions\/52733"}],"up":[{"embeddable":true,"href":"https:\/\/fairway2hotel.at\/en\/wp-json\/wp\/v2\/pages\/37552"}],"acf:attachment":[{"embeddable":true,"href":"https:\/\/fairway2hotel.at\/en\/wp-json\/wp\/v2\/media\/49641"},{"embeddable":true,"href":"https:\/\/fairway2hotel.at\/en\/wp-json\/wp\/v2\/media\/49639"},{"embeddable":true,"href":"https:\/\/fairway2hotel.at\/en\/wp-json\/wp\/v2\/media\/49635"},{"embeddable":true,"href":"https:\/\/fairway2hotel.at\/en\/wp-json\/wp\/v2\/media\/49633"},{"embeddable":true,"href":"https:\/\/fairway2hotel.at\/en\/wp-json\/wp\/v2\/media\/49631"},{"embeddable":true,"href":"https:\/\/fairway2hotel.at\/en\/wp-json\/wp\/v2\/media\/49629"},{"embeddable":true,"href":"https:\/\/fairway2hotel.at\/en\/wp-json\/wp\/v2\/media\/49637"}],"wp:attachment":[{"href":"https:\/\/fairway2hotel.at\/en\/wp-json\/wp\/v2\/media?parent=49628"}],"curies":[{"name":"wp","href":"https:\/\/api.w.org\/{rel}","templated":true}]}}