{"id":49646,"date":"2025-11-06T11:58:40","date_gmt":"2025-11-06T10:58:40","guid":{"rendered":"https:\/\/fairway2hotel.at\/?page_id=49646"},"modified":"2026-03-03T13:53:56","modified_gmt":"2026-03-03T12:53:56","slug":"gc-panoramica-golf","status":"publish","type":"page","link":"https:\/\/fairway2hotel.at\/en\/golfclubs\/spanien-festland\/gc-panoramica-golf\/","title":{"rendered":"GC Panoramica Golf"},"content":{"rendered":"<h2>Willkommen im Panoramica Golf Resort<\/h2>\n<p>Panor\u00e1mica Golf, Sport &amp; Resort wurde 1995 er\u00f6ffnet und ist zweifellos einer der besten Golfpl\u00e4tze Spaniens. Es befindet sich in Castell\u00f3n, in der Gemeinde Sant Jordi, in einem sch\u00f6nen Anwesen mit Johannisbrot- und Olivenb\u00e4umen.<\/p>\n<p>Er ist der einzige Golfplatz in unserem Land, der vom deutschen Profi Bernhard Langer designt wurde.<\/p>\n<p>&nbsp;<\/p>\n<h2>Welcome to Panoramica Golf Resort<\/h2>\n<p>Panor\u00e1mica Golf, Sport &amp; Resort opened in 1995 and is undoubtedly one of the best golf courses in Spain. It is located in Castell\u00f3n, in the municipality of Sant Jordi, on a beautiful estate with carob and olive trees.<\/p>\n<p>It is the only golf course in our country designed by German professional Bernhard Langer.<\/p>\n","protected":false},"excerpt":{"rendered":"<p>Willkommen im Panoramica Golf Resort Panor\u00e1mica Golf, Sport &amp; Resort wurde 1995 er\u00f6ffnet und ist zweifellos einer der besten Golfpl\u00e4tze Spaniens. Es befindet sich in Castell\u00f3n, in der Gemeinde Sant Jordi, in einem sch\u00f6nen Anwesen mit Johannisbrot- und Olivenb\u00e4umen. Er ist der einzige Golfplatz in unserem Land, der vom deutschen Profi Bernhard Langer designt wurde. [&hellip;]<\/p>\n","protected":false},"author":24,"featured_media":0,"parent":37552,"menu_order":0,"comment_status":"closed","ping_status":"closed","template":"page-partner.php","meta":{"_acf_changed":false,"footnotes":""},"class_list":["post-49646","page","type-page","status-publish","hentry"],"acf":{"partner_infobox":"","partner_logo":null,"partner_gallery":[52375,52373,52372,49647,49649],"partner_lat":40.55221291773365,"partner_long":0.3700969391086723,"partner_type":"golfclub","partner_openings":["1","2","3","4","5","6","7"],"montag_von_bis":"00:00 - 24:00","dienstag_von_bis":"00:00 - 24:00","mittwoch_von_bis":"00:00 - 24:00","donnerstag_von_bis":"00:00 - 24:00","freitag_von_bis":"00:00 - 24:00","samstag_von_bis":"00:00 - 24:00","sonntag_von_bis":"00:00 - 24:00","partner_adresse":"Urb. Panor\u00e1mica s\/n 12320 Sant Jordi (Castell\u00f3n)","partner_land_bundesland":"Spanien\/Valencia","partner_tel_1":"+34 964 49 30 72,","partner_tel_2":"","partner_web":"https:\/\/www.panoramicaclubdegolf.com","partner_mail":"golf@panoramicagrupo.com","partner_spielbahnen_par":"18\/72","partner_laenge":"","partner_bedingungen":"","partner_anfahrt":"","partner_misc":null,"additional_css_classes":""},"yoast_head":"<!-- This site is optimized with the Yoast SEO plugin v26.8 - https:\/\/yoast.com\/product\/yoast-seo-wordpress\/ -->\n<title>GC Panoramica Golf - Fairway 2 Hotel<\/title>\n<meta name=\"robots\" content=\"index, follow, max-snippet:-1, max-image-preview:large, max-video-preview:-1\" \/>\n<link rel=\"canonical\" href=\"https:\/\/fairway2hotel.at\/en\/golfclubs\/spanien-festland\/gc-panoramica-golf\/\" \/>\n<meta property=\"og:locale\" content=\"en_US\" \/>\n<meta property=\"og:type\" content=\"article\" \/>\n<meta property=\"og:title\" content=\"GC Panoramica Golf - Fairway 2 Hotel\" \/>\n<meta property=\"og:description\" content=\"Willkommen im Panoramica Golf Resort Panor\u00e1mica Golf, Sport &amp; Resort wurde 1995 er\u00f6ffnet und ist zweifellos einer der besten Golfpl\u00e4tze Spaniens. Es befindet sich in Castell\u00f3n, in der Gemeinde Sant Jordi, in einem sch\u00f6nen Anwesen mit Johannisbrot- und Olivenb\u00e4umen. Er ist der einzige Golfplatz in unserem Land, der vom deutschen Profi Bernhard Langer designt wurde. [&hellip;]\" \/>\n<meta property=\"og:url\" content=\"https:\/\/fairway2hotel.at\/en\/golfclubs\/spanien-festland\/gc-panoramica-golf\/\" \/>\n<meta property=\"og:site_name\" content=\"Fairway 2 Hotel\" \/>\n<meta property=\"article:modified_time\" content=\"2026-03-03T12:53:56+00:00\" \/>\n<meta name=\"twitter:card\" content=\"summary_large_image\" \/>\n<meta name=\"twitter:label1\" content=\"Est. reading time\" \/>\n\t<meta name=\"twitter:data1\" content=\"1 minute\" \/>\n<script type=\"application\/ld+json\" class=\"yoast-schema-graph\">{\"@context\":\"https:\/\/schema.org\",\"@graph\":[{\"@type\":\"WebPage\",\"@id\":\"https:\/\/fairway2hotel.at\/en\/golfclubs\/spanien-festland\/gc-panoramica-golf\/\",\"url\":\"https:\/\/fairway2hotel.at\/en\/golfclubs\/spanien-festland\/gc-panoramica-golf\/\",\"name\":\"GC Panoramica Golf - Fairway 2 Hotel\",\"isPartOf\":{\"@id\":\"https:\/\/fairway2hotel.at\/en\/#website\"},\"datePublished\":\"2025-11-06T10:58:40+00:00\",\"dateModified\":\"2026-03-03T12:53:56+00:00\",\"breadcrumb\":{\"@id\":\"https:\/\/fairway2hotel.at\/en\/golfclubs\/spanien-festland\/gc-panoramica-golf\/#breadcrumb\"},\"inLanguage\":\"en-US\",\"potentialAction\":[{\"@type\":\"ReadAction\",\"target\":[\"https:\/\/fairway2hotel.at\/en\/golfclubs\/spanien-festland\/gc-panoramica-golf\/\"]}]},{\"@type\":\"BreadcrumbList\",\"@id\":\"https:\/\/fairway2hotel.at\/en\/golfclubs\/spanien-festland\/gc-panoramica-golf\/#breadcrumb\",\"itemListElement\":[{\"@type\":\"ListItem\",\"position\":1,\"name\":\"Home\",\"item\":\"https:\/\/fairway2hotel.at\/en\/\"},{\"@type\":\"ListItem\",\"position\":2,\"name\":\"Golfclubs\",\"item\":\"https:\/\/fairway2hotel.at\/en\/golfclubs\/\"},{\"@type\":\"ListItem\",\"position\":3,\"name\":\"Golfclubs Festland\",\"item\":\"https:\/\/fairway2hotel.at\/en\/golfclubs\/spanien-festland\/\"},{\"@type\":\"ListItem\",\"position\":4,\"name\":\"GC Panoramica Golf\"}]},{\"@type\":\"WebSite\",\"@id\":\"https:\/\/fairway2hotel.at\/en\/#website\",\"url\":\"https:\/\/fairway2hotel.at\/en\/\",\"name\":\"Fairway 2 Hotel\",\"description\":\"Golf at half price! 2 play - 1 pays\",\"potentialAction\":[{\"@type\":\"SearchAction\",\"target\":{\"@type\":\"EntryPoint\",\"urlTemplate\":\"https:\/\/fairway2hotel.at\/en\/?s={search_term_string}\"},\"query-input\":{\"@type\":\"PropertyValueSpecification\",\"valueRequired\":true,\"valueName\":\"search_term_string\"}}],\"inLanguage\":\"en-US\"}]}<\/script>\n<!-- \/ Yoast SEO plugin. -->","yoast_head_json":{"title":"GC Panoramica Golf - Fairway 2 Hotel","robots":{"index":"index","follow":"follow","max-snippet":"max-snippet:-1","max-image-preview":"max-image-preview:large","max-video-preview":"max-video-preview:-1"},"canonical":"https:\/\/fairway2hotel.at\/en\/golfclubs\/spanien-festland\/gc-panoramica-golf\/","og_locale":"en_US","og_type":"article","og_title":"GC Panoramica Golf - Fairway 2 Hotel","og_description":"Willkommen im Panoramica Golf Resort Panor\u00e1mica Golf, Sport &amp; Resort wurde 1995 er\u00f6ffnet und ist zweifellos einer der besten Golfpl\u00e4tze Spaniens. Es befindet sich in Castell\u00f3n, in der Gemeinde Sant Jordi, in einem sch\u00f6nen Anwesen mit Johannisbrot- und Olivenb\u00e4umen. Er ist der einzige Golfplatz in unserem Land, der vom deutschen Profi Bernhard Langer designt wurde. [&hellip;]","og_url":"https:\/\/fairway2hotel.at\/en\/golfclubs\/spanien-festland\/gc-panoramica-golf\/","og_site_name":"Fairway 2 Hotel","article_modified_time":"2026-03-03T12:53:56+00:00","twitter_card":"summary_large_image","twitter_misc":{"Est. reading time":"1 minute"},"schema":{"@context":"https:\/\/schema.org","@graph":[{"@type":"WebPage","@id":"https:\/\/fairway2hotel.at\/en\/golfclubs\/spanien-festland\/gc-panoramica-golf\/","url":"https:\/\/fairway2hotel.at\/en\/golfclubs\/spanien-festland\/gc-panoramica-golf\/","name":"GC Panoramica Golf - Fairway 2 Hotel","isPartOf":{"@id":"https:\/\/fairway2hotel.at\/en\/#website"},"datePublished":"2025-11-06T10:58:40+00:00","dateModified":"2026-03-03T12:53:56+00:00","breadcrumb":{"@id":"https:\/\/fairway2hotel.at\/en\/golfclubs\/spanien-festland\/gc-panoramica-golf\/#breadcrumb"},"inLanguage":"en-US","potentialAction":[{"@type":"ReadAction","target":["https:\/\/fairway2hotel.at\/en\/golfclubs\/spanien-festland\/gc-panoramica-golf\/"]}]},{"@type":"BreadcrumbList","@id":"https:\/\/fairway2hotel.at\/en\/golfclubs\/spanien-festland\/gc-panoramica-golf\/#breadcrumb","itemListElement":[{"@type":"ListItem","position":1,"name":"Home","item":"https:\/\/fairway2hotel.at\/en\/"},{"@type":"ListItem","position":2,"name":"Golfclubs","item":"https:\/\/fairway2hotel.at\/en\/golfclubs\/"},{"@type":"ListItem","position":3,"name":"Golfclubs Festland","item":"https:\/\/fairway2hotel.at\/en\/golfclubs\/spanien-festland\/"},{"@type":"ListItem","position":4,"name":"GC Panoramica Golf"}]},{"@type":"WebSite","@id":"https:\/\/fairway2hotel.at\/en\/#website","url":"https:\/\/fairway2hotel.at\/en\/","name":"Fairway 2 Hotel","description":"Golf at half price! 2 play - 1 pays","potentialAction":[{"@type":"SearchAction","target":{"@type":"EntryPoint","urlTemplate":"https:\/\/fairway2hotel.at\/en\/?s={search_term_string}"},"query-input":{"@type":"PropertyValueSpecification","valueRequired":true,"valueName":"search_term_string"}}],"inLanguage":"en-US"}]}},"_links":{"self":[{"href":"https:\/\/fairway2hotel.at\/en\/wp-json\/wp\/v2\/pages\/49646","targetHints":{"allow":["GET"]}}],"collection":[{"href":"https:\/\/fairway2hotel.at\/en\/wp-json\/wp\/v2\/pages"}],"about":[{"href":"https:\/\/fairway2hotel.at\/en\/wp-json\/wp\/v2\/types\/page"}],"author":[{"embeddable":true,"href":"https:\/\/fairway2hotel.at\/en\/wp-json\/wp\/v2\/users\/24"}],"replies":[{"embeddable":true,"href":"https:\/\/fairway2hotel.at\/en\/wp-json\/wp\/v2\/comments?post=49646"}],"version-history":[{"count":6,"href":"https:\/\/fairway2hotel.at\/en\/wp-json\/wp\/v2\/pages\/49646\/revisions"}],"predecessor-version":[{"id":53024,"href":"https:\/\/fairway2hotel.at\/en\/wp-json\/wp\/v2\/pages\/49646\/revisions\/53024"}],"up":[{"embeddable":true,"href":"https:\/\/fairway2hotel.at\/en\/wp-json\/wp\/v2\/pages\/37552"}],"acf:attachment":[{"embeddable":true,"href":"https:\/\/fairway2hotel.at\/en\/wp-json\/wp\/v2\/media\/49649"},{"embeddable":true,"href":"https:\/\/fairway2hotel.at\/en\/wp-json\/wp\/v2\/media\/49647"},{"embeddable":true,"href":"https:\/\/fairway2hotel.at\/en\/wp-json\/wp\/v2\/media\/52372"},{"embeddable":true,"href":"https:\/\/fairway2hotel.at\/en\/wp-json\/wp\/v2\/media\/52373"},{"embeddable":true,"href":"https:\/\/fairway2hotel.at\/en\/wp-json\/wp\/v2\/media\/52375"}],"wp:attachment":[{"href":"https:\/\/fairway2hotel.at\/en\/wp-json\/wp\/v2\/media?parent=49646"}],"curies":[{"name":"wp","href":"https:\/\/api.w.org\/{rel}","templated":true}]}}