{"id":49886,"date":"2025-11-15T11:38:20","date_gmt":"2025-11-15T10:38:20","guid":{"rendered":"https:\/\/fairway2hotel.at\/?page_id=49886"},"modified":"2025-12-03T12:21:56","modified_gmt":"2025-12-03T11:21:56","slug":"gc-golf-resort-karlstejn","status":"publish","type":"page","link":"https:\/\/fairway2hotel.at\/en\/golfclubs\/tschechien\/gc-golf-resort-karlstejn\/","title":{"rendered":"GC Golf Resort Karl\u0161tejn"},"content":{"rendered":"<h2>Das Golfresort Karl\u0161tejn erwartet Sie&#8230;<\/h2>\n<p>Das Golf Resort Karl\u0161tejn ist einer der sch\u00f6nsten Golfpl\u00e4tze Europas und geh\u00f6rt zu den meistbesuchten Resorts in der Tschechischen Republik. Im Jahr 2019 spielten mehr als 20.000 Spieler auf dem 27-Loch-Platz. Die ersten 18 L\u00f6cher, die 1993 er\u00f6ffnet wurden, wurden von den bekannten kanadischen Architekten Les Furber und Jim Eremke entworfen. Nach dreij\u00e4hriger Bauzeit konnten die ersten Golfer den neuen 18-Loch-Platz mit einzigartigem Blick auf die mittelalterliche Burg Karl\u0161tejn betreten.<br \/>\nDie bewaldete H\u00fcgellandschaft mit Kalksteinfelsen, reicher Fauna und Flora ist eine Oase der Ruhe und Beschaulichkeit und dennoch nur 40 Autominuten vom Zentrum der tschechischen Hauptstadt entfernt.<br \/>\nGenie\u00dfen Sie nach oder vor dem Spiel unsere regionalen und internationalen Gerichte in unserem Restaurant.<\/p>\n<p>&nbsp;<\/p>\n<h2>Golfresort Karl\u0161tejn awaits for you&#8230;<\/h2>\n<p>Golf Resort Karl\u0161tejn is one of the most beautiful golf courses in Europe and belongs to the most visited resorts in the Czech Republic. In 2019, more than 20,000 players played on the 27-hole course. The first 18 holes, opened in 1993, were designed by well-known Canadian architects\u00a0Les Furber and Jim Eremke. After three years of construction, the first golfers could enter the new 18-hole course with a unique view of the medieval Karl\u0161tejn Castle.<\/p>\n<p>The wooded hilly landscape with limestone rocks, rich fauna and flora is an oasis of peace and quiet, yet only a 40-minute drive from the center of the Czech capital. After or before playing enjoy our enjoy our regional and international dishes in our restaurant<\/p>\n","protected":false},"excerpt":{"rendered":"<p>Das Golfresort Karl\u0161tejn erwartet Sie&#8230; Das Golf Resort Karl\u0161tejn ist einer der sch\u00f6nsten Golfpl\u00e4tze Europas und geh\u00f6rt zu den meistbesuchten Resorts in der Tschechischen Republik. Im Jahr 2019 spielten mehr als 20.000 Spieler auf dem 27-Loch-Platz. Die ersten 18 L\u00f6cher, die 1993 er\u00f6ffnet wurden, wurden von den bekannten kanadischen Architekten Les Furber und Jim Eremke [&hellip;]<\/p>\n","protected":false},"author":24,"featured_media":0,"parent":1707,"menu_order":5,"comment_status":"closed","ping_status":"closed","template":"page-partner.php","meta":{"_acf_changed":false,"footnotes":""},"class_list":["post-49886","page","type-page","status-publish","hentry"],"acf":{"partner_infobox":"<strong>Adresse:\u00a0<\/strong>Alenina Lhota 7, 391 33 Jistebnice\r\n\r\n<strong>Tel:\r\n<\/strong>420\u00a0775 913\u00a0338\r\n\r\n<strong>Web: <\/strong><a href=\"http:\/\/www.cebr.cz\" target=\"_blank\" rel=\"nofollow noopener noreferrer\">www.cebr.cz<\/a>\r\n\r\n<strong>E-Mail:<\/strong> <a href=\"mailto:cebr@cebr.cz\">info@cebr.cz<\/a>\r\n\r\n<strong>Spielbahnen\/Par: <\/strong>18\/70\r\n\r\n<strong>La\u0308nge: <\/strong>wei\u00df: 5.304 m \/gelb: 5.001 m \/rot: 4.702 m\r\n\r\n<em><strong>Bedingungen:\r\n<\/strong>Gutscheine von MO-DO, ausgenommen Feiertage, einl\u00f6sbar.<\/em>\r\n\r\n<strong>Anfahrt:\r\n<\/strong>80 km s\u00fcdlich von Prag, 70 km n\u00f6rdlich von \u010cesk\u00e9 Bud\u011bjovice","partner_logo":50731,"partner_gallery":[49897,49899,49891,49889,49893,49895,49901,49887],"partner_lat":49.91995772059299,"partner_long":14.173971481836183,"partner_type":"golfclub","partner_openings":["1","2","3","4","5","6","7"],"montag_von_bis":"00:00 - 24:00","dienstag_von_bis":"00:00 - 24:00","mittwoch_von_bis":"00:00 - 24:00","donnerstag_von_bis":"00:00 - 24:00","freitag_von_bis":"00:00 - 24:00","samstag_von_bis":"00:00 - 24:00","sonntag_von_bis":"00:00 - 24:00","partner_adresse":"B\u011ble\u010d 272, CZ-26727 Lite\u0148","partner_land_bundesland":"Tschechische Republik","partner_tel_1":"+420 602 248 424","partner_tel_2":"","partner_web":"https:\/\/karlstejn-golf.cz\/en\/home-en","partner_mail":"recepce@karlstejn-golf.cz","partner_spielbahnen_par":"27\/72+36","partner_laenge":"wei\u00df: 5.304 m \/gelb: 5.001 m \/rot: 4.702 m","partner_bedingungen":"","partner_anfahrt":"80 km s\u00fcdlich von Prag, 70 km n\u00f6rdlich von \u010cesk\u00e9 Bud\u011bjovice","partner_misc":null,"additional_css_classes":""},"yoast_head":"<!-- This site is optimized with the Yoast SEO plugin v26.8 - https:\/\/yoast.com\/product\/yoast-seo-wordpress\/ -->\n<title>GC Golf Resort Karl\u0161tejn - Fairway 2 Hotel<\/title>\n<meta name=\"robots\" content=\"index, follow, max-snippet:-1, max-image-preview:large, max-video-preview:-1\" \/>\n<link rel=\"canonical\" href=\"https:\/\/fairway2hotel.at\/en\/golfclubs\/tschechien\/gc-golf-resort-karlstejn\/\" \/>\n<meta property=\"og:locale\" content=\"en_US\" \/>\n<meta property=\"og:type\" content=\"article\" \/>\n<meta property=\"og:title\" content=\"GC Golf Resort Karl\u0161tejn - Fairway 2 Hotel\" \/>\n<meta property=\"og:description\" content=\"Das Golfresort Karl\u0161tejn erwartet Sie&#8230; Das Golf Resort Karl\u0161tejn ist einer der sch\u00f6nsten Golfpl\u00e4tze Europas und geh\u00f6rt zu den meistbesuchten Resorts in der Tschechischen Republik. Im Jahr 2019 spielten mehr als 20.000 Spieler auf dem 27-Loch-Platz. Die ersten 18 L\u00f6cher, die 1993 er\u00f6ffnet wurden, wurden von den bekannten kanadischen Architekten Les Furber und Jim Eremke [&hellip;]\" \/>\n<meta property=\"og:url\" content=\"https:\/\/fairway2hotel.at\/en\/golfclubs\/tschechien\/gc-golf-resort-karlstejn\/\" \/>\n<meta property=\"og:site_name\" content=\"Fairway 2 Hotel\" \/>\n<meta property=\"article:modified_time\" content=\"2025-12-03T11:21:56+00:00\" \/>\n<meta name=\"twitter:card\" content=\"summary_large_image\" \/>\n<meta name=\"twitter:label1\" content=\"Est. reading time\" \/>\n\t<meta name=\"twitter:data1\" content=\"2 minutes\" \/>\n<script type=\"application\/ld+json\" class=\"yoast-schema-graph\">{\"@context\":\"https:\/\/schema.org\",\"@graph\":[{\"@type\":\"WebPage\",\"@id\":\"https:\/\/fairway2hotel.at\/en\/golfclubs\/tschechien\/gc-golf-resort-karlstejn\/\",\"url\":\"https:\/\/fairway2hotel.at\/en\/golfclubs\/tschechien\/gc-golf-resort-karlstejn\/\",\"name\":\"GC Golf Resort Karl\u0161tejn - Fairway 2 Hotel\",\"isPartOf\":{\"@id\":\"https:\/\/fairway2hotel.at\/en\/#website\"},\"datePublished\":\"2025-11-15T10:38:20+00:00\",\"dateModified\":\"2025-12-03T11:21:56+00:00\",\"breadcrumb\":{\"@id\":\"https:\/\/fairway2hotel.at\/en\/golfclubs\/tschechien\/gc-golf-resort-karlstejn\/#breadcrumb\"},\"inLanguage\":\"en-US\",\"potentialAction\":[{\"@type\":\"ReadAction\",\"target\":[\"https:\/\/fairway2hotel.at\/en\/golfclubs\/tschechien\/gc-golf-resort-karlstejn\/\"]}]},{\"@type\":\"BreadcrumbList\",\"@id\":\"https:\/\/fairway2hotel.at\/en\/golfclubs\/tschechien\/gc-golf-resort-karlstejn\/#breadcrumb\",\"itemListElement\":[{\"@type\":\"ListItem\",\"position\":1,\"name\":\"Home\",\"item\":\"https:\/\/fairway2hotel.at\/en\/\"},{\"@type\":\"ListItem\",\"position\":2,\"name\":\"Golfclubs\",\"item\":\"https:\/\/fairway2hotel.at\/en\/golfclubs\/\"},{\"@type\":\"ListItem\",\"position\":3,\"name\":\"Golfclubs Tschechien\",\"item\":\"https:\/\/fairway2hotel.at\/en\/golfclubs\/tschechien\/\"},{\"@type\":\"ListItem\",\"position\":4,\"name\":\"GC Golf Resort Karl\u0161tejn\"}]},{\"@type\":\"WebSite\",\"@id\":\"https:\/\/fairway2hotel.at\/en\/#website\",\"url\":\"https:\/\/fairway2hotel.at\/en\/\",\"name\":\"Fairway 2 Hotel\",\"description\":\"Golf at half price! 2 play - 1 pays\",\"potentialAction\":[{\"@type\":\"SearchAction\",\"target\":{\"@type\":\"EntryPoint\",\"urlTemplate\":\"https:\/\/fairway2hotel.at\/en\/?s={search_term_string}\"},\"query-input\":{\"@type\":\"PropertyValueSpecification\",\"valueRequired\":true,\"valueName\":\"search_term_string\"}}],\"inLanguage\":\"en-US\"}]}<\/script>\n<!-- \/ Yoast SEO plugin. -->","yoast_head_json":{"title":"GC Golf Resort Karl\u0161tejn - Fairway 2 Hotel","robots":{"index":"index","follow":"follow","max-snippet":"max-snippet:-1","max-image-preview":"max-image-preview:large","max-video-preview":"max-video-preview:-1"},"canonical":"https:\/\/fairway2hotel.at\/en\/golfclubs\/tschechien\/gc-golf-resort-karlstejn\/","og_locale":"en_US","og_type":"article","og_title":"GC Golf Resort Karl\u0161tejn - Fairway 2 Hotel","og_description":"Das Golfresort Karl\u0161tejn erwartet Sie&#8230; Das Golf Resort Karl\u0161tejn ist einer der sch\u00f6nsten Golfpl\u00e4tze Europas und geh\u00f6rt zu den meistbesuchten Resorts in der Tschechischen Republik. Im Jahr 2019 spielten mehr als 20.000 Spieler auf dem 27-Loch-Platz. Die ersten 18 L\u00f6cher, die 1993 er\u00f6ffnet wurden, wurden von den bekannten kanadischen Architekten Les Furber und Jim Eremke [&hellip;]","og_url":"https:\/\/fairway2hotel.at\/en\/golfclubs\/tschechien\/gc-golf-resort-karlstejn\/","og_site_name":"Fairway 2 Hotel","article_modified_time":"2025-12-03T11:21:56+00:00","twitter_card":"summary_large_image","twitter_misc":{"Est. reading time":"2 minutes"},"schema":{"@context":"https:\/\/schema.org","@graph":[{"@type":"WebPage","@id":"https:\/\/fairway2hotel.at\/en\/golfclubs\/tschechien\/gc-golf-resort-karlstejn\/","url":"https:\/\/fairway2hotel.at\/en\/golfclubs\/tschechien\/gc-golf-resort-karlstejn\/","name":"GC Golf Resort Karl\u0161tejn - Fairway 2 Hotel","isPartOf":{"@id":"https:\/\/fairway2hotel.at\/en\/#website"},"datePublished":"2025-11-15T10:38:20+00:00","dateModified":"2025-12-03T11:21:56+00:00","breadcrumb":{"@id":"https:\/\/fairway2hotel.at\/en\/golfclubs\/tschechien\/gc-golf-resort-karlstejn\/#breadcrumb"},"inLanguage":"en-US","potentialAction":[{"@type":"ReadAction","target":["https:\/\/fairway2hotel.at\/en\/golfclubs\/tschechien\/gc-golf-resort-karlstejn\/"]}]},{"@type":"BreadcrumbList","@id":"https:\/\/fairway2hotel.at\/en\/golfclubs\/tschechien\/gc-golf-resort-karlstejn\/#breadcrumb","itemListElement":[{"@type":"ListItem","position":1,"name":"Home","item":"https:\/\/fairway2hotel.at\/en\/"},{"@type":"ListItem","position":2,"name":"Golfclubs","item":"https:\/\/fairway2hotel.at\/en\/golfclubs\/"},{"@type":"ListItem","position":3,"name":"Golfclubs Tschechien","item":"https:\/\/fairway2hotel.at\/en\/golfclubs\/tschechien\/"},{"@type":"ListItem","position":4,"name":"GC Golf Resort Karl\u0161tejn"}]},{"@type":"WebSite","@id":"https:\/\/fairway2hotel.at\/en\/#website","url":"https:\/\/fairway2hotel.at\/en\/","name":"Fairway 2 Hotel","description":"Golf at half price! 2 play - 1 pays","potentialAction":[{"@type":"SearchAction","target":{"@type":"EntryPoint","urlTemplate":"https:\/\/fairway2hotel.at\/en\/?s={search_term_string}"},"query-input":{"@type":"PropertyValueSpecification","valueRequired":true,"valueName":"search_term_string"}}],"inLanguage":"en-US"}]}},"_links":{"self":[{"href":"https:\/\/fairway2hotel.at\/en\/wp-json\/wp\/v2\/pages\/49886","targetHints":{"allow":["GET"]}}],"collection":[{"href":"https:\/\/fairway2hotel.at\/en\/wp-json\/wp\/v2\/pages"}],"about":[{"href":"https:\/\/fairway2hotel.at\/en\/wp-json\/wp\/v2\/types\/page"}],"author":[{"embeddable":true,"href":"https:\/\/fairway2hotel.at\/en\/wp-json\/wp\/v2\/users\/24"}],"replies":[{"embeddable":true,"href":"https:\/\/fairway2hotel.at\/en\/wp-json\/wp\/v2\/comments?post=49886"}],"version-history":[{"count":3,"href":"https:\/\/fairway2hotel.at\/en\/wp-json\/wp\/v2\/pages\/49886\/revisions"}],"predecessor-version":[{"id":51126,"href":"https:\/\/fairway2hotel.at\/en\/wp-json\/wp\/v2\/pages\/49886\/revisions\/51126"}],"up":[{"embeddable":true,"href":"https:\/\/fairway2hotel.at\/en\/wp-json\/wp\/v2\/pages\/1707"}],"acf:attachment":[{"embeddable":true,"href":"https:\/\/fairway2hotel.at\/en\/wp-json\/wp\/v2\/media\/49887"},{"embeddable":true,"href":"https:\/\/fairway2hotel.at\/en\/wp-json\/wp\/v2\/media\/49901"},{"embeddable":true,"href":"https:\/\/fairway2hotel.at\/en\/wp-json\/wp\/v2\/media\/49895"},{"embeddable":true,"href":"https:\/\/fairway2hotel.at\/en\/wp-json\/wp\/v2\/media\/49893"},{"embeddable":true,"href":"https:\/\/fairway2hotel.at\/en\/wp-json\/wp\/v2\/media\/49889"},{"embeddable":true,"href":"https:\/\/fairway2hotel.at\/en\/wp-json\/wp\/v2\/media\/49891"},{"embeddable":true,"href":"https:\/\/fairway2hotel.at\/en\/wp-json\/wp\/v2\/media\/49899"},{"embeddable":true,"href":"https:\/\/fairway2hotel.at\/en\/wp-json\/wp\/v2\/media\/49897"}],"wp:attachment":[{"href":"https:\/\/fairway2hotel.at\/en\/wp-json\/wp\/v2\/media?parent=49886"}],"curies":[{"name":"wp","href":"https:\/\/api.w.org\/{rel}","templated":true}]}}