{"id":50420,"date":"2025-11-24T15:52:00","date_gmt":"2025-11-24T14:52:00","guid":{"rendered":"https:\/\/fairway2hotel.at\/?page_id=50420"},"modified":"2026-03-16T16:23:54","modified_gmt":"2026-03-16T15:23:54","slug":"gc-ostravice","status":"publish","type":"page","link":"https:\/\/fairway2hotel.at\/en\/golfclubs\/tschechien\/gc-ostravice\/","title":{"rendered":"GC Ostravice"},"content":{"rendered":"<h2>Der Golf Club Ostravice erwartet Sie&#8230;<\/h2>\n<p>Wir pr\u00e4sentieren Ihnen ein einzigartiges Sport- und Erholungsziel im Herzen eines wundersch\u00f6nen Bergtals. Das Golf &amp; Ski Resort Ostravice ist ein komfortables Ferienresort inmitten der markanten Gipfel des Beskidengebirges.<\/p>\n<p>\u00dcBER DEN GOLFPLATZ<\/p>\n<p>Der Golfplatz liegt zwischen den beiden h\u00f6chsten Gipfeln des Beskidengebirges, Lys\u00e1 hora und Smrk, am Fu\u00dfe des \u017d\u00e1r-Berges in Ostravice. Es handelt sich um einen Par-72-Meistergolfplatz im Parkland-Stil. Der Designer und Bauingenieur des Platzes ist Chris Johnson, der bereits zahlreiche Golfpl\u00e4tze in Europa und Afrika gebaut hat. Seine Erfahrung spiegelt sich in der Auswahl des Standorts, der Form des Platzes, den streng gepr\u00fcften und kontrollierten Baumaterialien, dem Bew\u00e4sserungssystem, den gro\u00dfz\u00fcgigen Gr\u00fcns und drei Hektar Wasserfl\u00e4chen sowie f\u00fcnf Arten von Abschl\u00e4gen an jedem Loch wider.<\/p>\n<p>Kommen Sie auch in unser Restaurant: Eine perfekte Verbindung zur umgebenden Landschaft und ein Speiseraum, in dem es keinen Tisch mit schlechter Aussicht gibt. Saftige Steaks, hausgemachte Desserts, Bier- und Weinspezialit\u00e4ten. Ein Ort mit Blick auf den Golfplatz oder ein gro\u00dfer Kamin mit einem angenehm warmen Feuer.<\/p>\n<p>Sollten Sie auch \u00fcbernachten wollen, genie\u00dfen Sie direkt im Resort unser Hotel.<\/p>\n<h2>The Golf Club Ostravice awaits for you&#8230;<\/h2>\n<p>We present a unique sports and recreational destination in the heart of a beautiful mountain valley. The Golf &amp; Ski Resort Ostravice is a comfortable holiday resort situated among the dominant peaks of the Beskydy Mountains.<\/p>\n<p>ABOUT THE GOLF COURSE<\/p>\n<p>The Golf course is located between the two highest peaks in the Beskydy mountains, Lys\u00e1 hora and Smrk, and at the foot of the \u017d\u00e1r Mountain in Ostravice. This is a par 72 master golf course, in the parkland style. The course\u2019s designer and construction engineer is\u00a0Chris Johnson, who has constructed many golf courses across Europe and Africa. His experience is reflected in the selection of the location, the shape of the course, the strictly tested and controlled building material, the irrigation system, the spacious greens, and three hectares of water features, five types of tees at every hole, and so on.<\/p>\n<p>Please visit also our restaurant.A perfect link to the surrounding landscape, and a dining area where there is no table with a bad view. Juicy steaks, homemade desserts, beer and wine specialities. A spot overlooking the golf course, or a grand fireplace with a pleasantly hot fire.<\/p>\n<p>If you would like to stay overnight, you can enjoy our hotel right here at the resort.<\/p>\n","protected":false},"excerpt":{"rendered":"<p>Der Golf Club Ostravice erwartet Sie&#8230; Wir pr\u00e4sentieren Ihnen ein einzigartiges Sport- und Erholungsziel im Herzen eines wundersch\u00f6nen Bergtals. Das Golf &amp; Ski Resort Ostravice ist ein komfortables Ferienresort inmitten der markanten Gipfel des Beskidengebirges. \u00dcBER DEN GOLFPLATZ Der Golfplatz liegt zwischen den beiden h\u00f6chsten Gipfeln des Beskidengebirges, Lys\u00e1 hora und Smrk, am Fu\u00dfe des [&hellip;]<\/p>\n","protected":false},"author":24,"featured_media":0,"parent":1707,"menu_order":5,"comment_status":"closed","ping_status":"closed","template":"page-partner.php","meta":{"_acf_changed":false,"footnotes":""},"class_list":["post-50420","page","type-page","status-publish","hentry"],"acf":{"partner_infobox":"<strong>Adresse:\u00a0<\/strong>Alenina Lhota 7, 391 33 Jistebnice\r\n\r\n<strong>Tel:\r\n<\/strong>420\u00a0775 913\u00a0338\r\n\r\n<strong>Web: <\/strong><a href=\"http:\/\/www.cebr.cz\" target=\"_blank\" rel=\"nofollow noopener noreferrer\">www.cebr.cz<\/a>\r\n\r\n<strong>E-Mail:<\/strong> <a href=\"mailto:cebr@cebr.cz\">info@cebr.cz<\/a>\r\n\r\n<strong>Spielbahnen\/Par: <\/strong>18\/70\r\n\r\n<strong>La\u0308nge: <\/strong>wei\u00df: 5.304 m \/gelb: 5.001 m \/rot: 4.702 m\r\n\r\n<em><strong>Bedingungen:\r\n<\/strong>Gutscheine von MO-DO, ausgenommen Feiertage, einl\u00f6sbar.<\/em>\r\n\r\n<strong>Anfahrt:\r\n<\/strong>80 km s\u00fcdlich von Prag, 70 km n\u00f6rdlich von \u010cesk\u00e9 Bud\u011bjovice","partner_logo":50964,"partner_gallery":[50443,50437,50429,50435,50433,50439,50431,50421,50423,50425,50427,50441,50445,50447,50449],"partner_lat":49.55022414567342,"partner_long":18.36337826832367,"partner_type":"golfclub","partner_openings":["1","2","3","4","5"],"montag_von_bis":"00:00 - 24:00","dienstag_von_bis":"00:00 - 24:00","mittwoch_von_bis":"00:00 - 24:00","donnerstag_von_bis":"00:00 - 24:00","freitag_von_bis":"00:00 - 24:00","samstag_von_bis":"00:00 - 24:00","sonntag_von_bis":"13:00 - 24:00","partner_adresse":"Ostravice 75, CZ-73914 Ostravice","partner_land_bundesland":"Tschechische Republik","partner_tel_1":" +420 724 907 913 ","partner_tel_2":"","partner_web":"https:\/\/www.ostravice-golf.cz\/en\/golf?referrer=www.ostravice-golf.cz","partner_mail":"info@golf-ostravice.cz","partner_spielbahnen_par":"18\/72","partner_laenge":"wei\u00df: 5.304 m \/gelb: 5.001 m \/rot: 4.702 m","partner_bedingungen":"Gutscheine einl\u00f6sbar von MO-FR (ausgenommen Feiertage) vom 1.4.2026-31.10.2026\r\nvouchers redeemable from Mon-Fri (except public holidays) from 1.4.2026-31.10.2026","partner_anfahrt":"80 km s\u00fcdlich von Prag, 70 km n\u00f6rdlich von \u010cesk\u00e9 Bud\u011bjovice","partner_misc":null,"additional_css_classes":""},"yoast_head":"<!-- This site is optimized with the Yoast SEO plugin v26.8 - https:\/\/yoast.com\/product\/yoast-seo-wordpress\/ -->\n<title>GC Ostravice - Fairway 2 Hotel<\/title>\n<meta name=\"robots\" content=\"index, follow, max-snippet:-1, max-image-preview:large, max-video-preview:-1\" \/>\n<link rel=\"canonical\" href=\"https:\/\/fairway2hotel.at\/en\/golfclubs\/tschechien\/gc-ostravice\/\" \/>\n<meta property=\"og:locale\" content=\"en_US\" \/>\n<meta property=\"og:type\" content=\"article\" \/>\n<meta property=\"og:title\" content=\"GC Ostravice - Fairway 2 Hotel\" \/>\n<meta property=\"og:description\" content=\"Der Golf Club Ostravice erwartet Sie&#8230; Wir pr\u00e4sentieren Ihnen ein einzigartiges Sport- und Erholungsziel im Herzen eines wundersch\u00f6nen Bergtals. Das Golf &amp; Ski Resort Ostravice ist ein komfortables Ferienresort inmitten der markanten Gipfel des Beskidengebirges. \u00dcBER DEN GOLFPLATZ Der Golfplatz liegt zwischen den beiden h\u00f6chsten Gipfeln des Beskidengebirges, Lys\u00e1 hora und Smrk, am Fu\u00dfe des [&hellip;]\" \/>\n<meta property=\"og:url\" content=\"https:\/\/fairway2hotel.at\/en\/golfclubs\/tschechien\/gc-ostravice\/\" \/>\n<meta property=\"og:site_name\" content=\"Fairway 2 Hotel\" \/>\n<meta property=\"article:modified_time\" content=\"2026-03-16T15:23:54+00:00\" \/>\n<meta name=\"twitter:card\" content=\"summary_large_image\" \/>\n<meta name=\"twitter:label1\" content=\"Est. reading time\" \/>\n\t<meta name=\"twitter:data1\" content=\"3 minutes\" \/>\n<script type=\"application\/ld+json\" class=\"yoast-schema-graph\">{\"@context\":\"https:\/\/schema.org\",\"@graph\":[{\"@type\":\"WebPage\",\"@id\":\"https:\/\/fairway2hotel.at\/en\/golfclubs\/tschechien\/gc-ostravice\/\",\"url\":\"https:\/\/fairway2hotel.at\/en\/golfclubs\/tschechien\/gc-ostravice\/\",\"name\":\"GC Ostravice - Fairway 2 Hotel\",\"isPartOf\":{\"@id\":\"https:\/\/fairway2hotel.at\/en\/#website\"},\"datePublished\":\"2025-11-24T14:52:00+00:00\",\"dateModified\":\"2026-03-16T15:23:54+00:00\",\"breadcrumb\":{\"@id\":\"https:\/\/fairway2hotel.at\/en\/golfclubs\/tschechien\/gc-ostravice\/#breadcrumb\"},\"inLanguage\":\"en-US\",\"potentialAction\":[{\"@type\":\"ReadAction\",\"target\":[\"https:\/\/fairway2hotel.at\/en\/golfclubs\/tschechien\/gc-ostravice\/\"]}]},{\"@type\":\"BreadcrumbList\",\"@id\":\"https:\/\/fairway2hotel.at\/en\/golfclubs\/tschechien\/gc-ostravice\/#breadcrumb\",\"itemListElement\":[{\"@type\":\"ListItem\",\"position\":1,\"name\":\"Home\",\"item\":\"https:\/\/fairway2hotel.at\/en\/\"},{\"@type\":\"ListItem\",\"position\":2,\"name\":\"Golfclubs\",\"item\":\"https:\/\/fairway2hotel.at\/en\/golfclubs\/\"},{\"@type\":\"ListItem\",\"position\":3,\"name\":\"Golfclubs Tschechien\",\"item\":\"https:\/\/fairway2hotel.at\/en\/golfclubs\/tschechien\/\"},{\"@type\":\"ListItem\",\"position\":4,\"name\":\"GC Ostravice\"}]},{\"@type\":\"WebSite\",\"@id\":\"https:\/\/fairway2hotel.at\/en\/#website\",\"url\":\"https:\/\/fairway2hotel.at\/en\/\",\"name\":\"Fairway 2 Hotel\",\"description\":\"Golf at half price! 2 play - 1 pays\",\"potentialAction\":[{\"@type\":\"SearchAction\",\"target\":{\"@type\":\"EntryPoint\",\"urlTemplate\":\"https:\/\/fairway2hotel.at\/en\/?s={search_term_string}\"},\"query-input\":{\"@type\":\"PropertyValueSpecification\",\"valueRequired\":true,\"valueName\":\"search_term_string\"}}],\"inLanguage\":\"en-US\"}]}<\/script>\n<!-- \/ Yoast SEO plugin. -->","yoast_head_json":{"title":"GC Ostravice - Fairway 2 Hotel","robots":{"index":"index","follow":"follow","max-snippet":"max-snippet:-1","max-image-preview":"max-image-preview:large","max-video-preview":"max-video-preview:-1"},"canonical":"https:\/\/fairway2hotel.at\/en\/golfclubs\/tschechien\/gc-ostravice\/","og_locale":"en_US","og_type":"article","og_title":"GC Ostravice - Fairway 2 Hotel","og_description":"Der Golf Club Ostravice erwartet Sie&#8230; Wir pr\u00e4sentieren Ihnen ein einzigartiges Sport- und Erholungsziel im Herzen eines wundersch\u00f6nen Bergtals. Das Golf &amp; Ski Resort Ostravice ist ein komfortables Ferienresort inmitten der markanten Gipfel des Beskidengebirges. \u00dcBER DEN GOLFPLATZ Der Golfplatz liegt zwischen den beiden h\u00f6chsten Gipfeln des Beskidengebirges, Lys\u00e1 hora und Smrk, am Fu\u00dfe des [&hellip;]","og_url":"https:\/\/fairway2hotel.at\/en\/golfclubs\/tschechien\/gc-ostravice\/","og_site_name":"Fairway 2 Hotel","article_modified_time":"2026-03-16T15:23:54+00:00","twitter_card":"summary_large_image","twitter_misc":{"Est. reading time":"3 minutes"},"schema":{"@context":"https:\/\/schema.org","@graph":[{"@type":"WebPage","@id":"https:\/\/fairway2hotel.at\/en\/golfclubs\/tschechien\/gc-ostravice\/","url":"https:\/\/fairway2hotel.at\/en\/golfclubs\/tschechien\/gc-ostravice\/","name":"GC Ostravice - Fairway 2 Hotel","isPartOf":{"@id":"https:\/\/fairway2hotel.at\/en\/#website"},"datePublished":"2025-11-24T14:52:00+00:00","dateModified":"2026-03-16T15:23:54+00:00","breadcrumb":{"@id":"https:\/\/fairway2hotel.at\/en\/golfclubs\/tschechien\/gc-ostravice\/#breadcrumb"},"inLanguage":"en-US","potentialAction":[{"@type":"ReadAction","target":["https:\/\/fairway2hotel.at\/en\/golfclubs\/tschechien\/gc-ostravice\/"]}]},{"@type":"BreadcrumbList","@id":"https:\/\/fairway2hotel.at\/en\/golfclubs\/tschechien\/gc-ostravice\/#breadcrumb","itemListElement":[{"@type":"ListItem","position":1,"name":"Home","item":"https:\/\/fairway2hotel.at\/en\/"},{"@type":"ListItem","position":2,"name":"Golfclubs","item":"https:\/\/fairway2hotel.at\/en\/golfclubs\/"},{"@type":"ListItem","position":3,"name":"Golfclubs Tschechien","item":"https:\/\/fairway2hotel.at\/en\/golfclubs\/tschechien\/"},{"@type":"ListItem","position":4,"name":"GC Ostravice"}]},{"@type":"WebSite","@id":"https:\/\/fairway2hotel.at\/en\/#website","url":"https:\/\/fairway2hotel.at\/en\/","name":"Fairway 2 Hotel","description":"Golf at half price! 2 play - 1 pays","potentialAction":[{"@type":"SearchAction","target":{"@type":"EntryPoint","urlTemplate":"https:\/\/fairway2hotel.at\/en\/?s={search_term_string}"},"query-input":{"@type":"PropertyValueSpecification","valueRequired":true,"valueName":"search_term_string"}}],"inLanguage":"en-US"}]}},"_links":{"self":[{"href":"https:\/\/fairway2hotel.at\/en\/wp-json\/wp\/v2\/pages\/50420","targetHints":{"allow":["GET"]}}],"collection":[{"href":"https:\/\/fairway2hotel.at\/en\/wp-json\/wp\/v2\/pages"}],"about":[{"href":"https:\/\/fairway2hotel.at\/en\/wp-json\/wp\/v2\/types\/page"}],"author":[{"embeddable":true,"href":"https:\/\/fairway2hotel.at\/en\/wp-json\/wp\/v2\/users\/24"}],"replies":[{"embeddable":true,"href":"https:\/\/fairway2hotel.at\/en\/wp-json\/wp\/v2\/comments?post=50420"}],"version-history":[{"count":3,"href":"https:\/\/fairway2hotel.at\/en\/wp-json\/wp\/v2\/pages\/50420\/revisions"}],"predecessor-version":[{"id":53330,"href":"https:\/\/fairway2hotel.at\/en\/wp-json\/wp\/v2\/pages\/50420\/revisions\/53330"}],"up":[{"embeddable":true,"href":"https:\/\/fairway2hotel.at\/en\/wp-json\/wp\/v2\/pages\/1707"}],"acf:attachment":[{"embeddable":true,"href":"https:\/\/fairway2hotel.at\/en\/wp-json\/wp\/v2\/media\/50449"},{"embeddable":true,"href":"https:\/\/fairway2hotel.at\/en\/wp-json\/wp\/v2\/media\/50447"},{"embeddable":true,"href":"https:\/\/fairway2hotel.at\/en\/wp-json\/wp\/v2\/media\/50445"},{"embeddable":true,"href":"https:\/\/fairway2hotel.at\/en\/wp-json\/wp\/v2\/media\/50441"},{"embeddable":true,"href":"https:\/\/fairway2hotel.at\/en\/wp-json\/wp\/v2\/media\/50427"},{"embeddable":true,"href":"https:\/\/fairway2hotel.at\/en\/wp-json\/wp\/v2\/media\/50425"},{"embeddable":true,"href":"https:\/\/fairway2hotel.at\/en\/wp-json\/wp\/v2\/media\/50423"},{"embeddable":true,"href":"https:\/\/fairway2hotel.at\/en\/wp-json\/wp\/v2\/media\/50421"},{"embeddable":true,"href":"https:\/\/fairway2hotel.at\/en\/wp-json\/wp\/v2\/media\/50431"},{"embeddable":true,"href":"https:\/\/fairway2hotel.at\/en\/wp-json\/wp\/v2\/media\/50439"},{"embeddable":true,"href":"https:\/\/fairway2hotel.at\/en\/wp-json\/wp\/v2\/media\/50433"},{"embeddable":true,"href":"https:\/\/fairway2hotel.at\/en\/wp-json\/wp\/v2\/media\/50435"},{"embeddable":true,"href":"https:\/\/fairway2hotel.at\/en\/wp-json\/wp\/v2\/media\/50429"},{"embeddable":true,"href":"https:\/\/fairway2hotel.at\/en\/wp-json\/wp\/v2\/media\/50437"},{"embeddable":true,"href":"https:\/\/fairway2hotel.at\/en\/wp-json\/wp\/v2\/media\/50443"}],"wp:attachment":[{"href":"https:\/\/fairway2hotel.at\/en\/wp-json\/wp\/v2\/media?parent=50420"}],"curies":[{"name":"wp","href":"https:\/\/api.w.org\/{rel}","templated":true}]}}