{"id":518,"date":"2010-10-08T20:20:41","date_gmt":"2010-10-08T18:20:41","guid":{"rendered":"https:\/\/f2h.app\/sonnengolf\/"},"modified":"2025-01-16T17:06:51","modified_gmt":"2025-01-16T16:06:51","slug":"sonnengolf","status":"publish","type":"page","link":"https:\/\/fairway2hotel.at\/en\/golfclubs\/burgenland\/sonnengolf\/","title":{"rendered":"GC Sonnengolf"},"content":{"rendered":"<h2>Sonnengolf &#8211; das sonnige Golferlebnis f\u00fcr die ganze Familie<\/h2>\n<p>Der <strong>neue 18 Loch Platz<\/strong> bietet den optimalen Rahmen\u00a0 f\u00fcr ein unvergessliches Golferlebnis auf sanften Fairways, trickreichen Doglegs und saftigen Inselgr\u00fcns. Eingebunden in die pannonische Landschaft, inmitten der herrlichen Weinberge des Blaufr\u00e4nkischlandes an der Sonnentherme Lutzmannsburg, liegt Sonnengolf\u00a0 &#8211; nur 1 Autostunde von Wien und Graz entfernt. Beg\u00fcnstigt durch das milde pannonische Klima und die sanft h\u00fcgelige Landschaft mit 300 Sonnentagen im Jahr ist im GC Sonnengolf\u00a0 so gut wie immer Saison.<\/p>\n<p>Zum 18 Loch Platz geh\u00f6ren eine weitl\u00e4ufige Driving Range mit \u00fcberdachten Abschl\u00e4gen sowie ein \u00dcbungsgel\u00e4nde f\u00fcr Pitching, Putting und Bunkerspiel. Die Driving Range und die umliegenden \u00dcbungsbereiche bieten Ihnen professionelle Bedingungen, um das kurze und lange Spiel zu trainieren. Die Driving Range verf\u00fcgt \u00fcber sechs \u00fcberdachte Abschl\u00e4ge und ca. 30 Rasenabschl\u00e4ge, von denen das ganze Jahr \u00fcber abgeschlagen werden kann.<\/p>\n<h2>Sonnengolf &#8211; the sunny golf experience for the whole family<\/h2>\n<p>The new 18-hole course offers the perfect setting for an unforgettable golfing experience on gentle fairways, tricky doglegs and lush island greens. Sonnengolf is nestled in the Pannonian landscape, amidst the magnificent vineyards of Blaufr\u00e4nkischland at the Sonnentherme Lutzmannsburg, just an hour&#8217;s drive from Vienna and Graz. Favoured by the mild Pannonian climate and the gently undulating landscape with 300 days of sunshine a year, it is almost always golf season at GC Sonnengolf.<\/p>\n<p>The 18-hole course includes a spacious driving range with covered tees and a practice area for pitching, putting and bunker play. The driving range and the surrounding practice areas offer professional conditions for practising the short and long game. The driving range has six covered tees and around 30 grass tees from which you can tee off all year round.<\/p>\n<p>Translated with DeepL.com (free version)<\/p>\n","protected":false},"excerpt":{"rendered":"<p>Sonnengolf &#8211; das sonnige Golferlebnis f\u00fcr die ganze Familie Der neue 18 Loch Platz bietet den optimalen Rahmen\u00a0 f\u00fcr ein unvergessliches Golferlebnis auf sanften Fairways, trickreichen Doglegs und saftigen Inselgr\u00fcns. Eingebunden in die pannonische Landschaft, inmitten der herrlichen Weinberge des Blaufr\u00e4nkischlandes an der Sonnentherme Lutzmannsburg, liegt Sonnengolf\u00a0 &#8211; nur 1 Autostunde von Wien und Graz [&hellip;]<\/p>\n","protected":false},"author":1,"featured_media":0,"parent":1544,"menu_order":20,"comment_status":"closed","ping_status":"closed","template":"page-partner.php","meta":{"_acf_changed":false,"footnotes":""},"class_list":["post-518","page","type-page","status-publish","hentry"],"acf":{"partner_infobox":"<strong>Adresse:\u00a0<\/strong>Golfplatz 1, Lutzmannsburg an der Sonnentherme \/ 9476 Zsira\r\n\r\n<strong>Tel:\u00a0<\/strong>0664 3139540\r\n\r\n<strong>Web: <\/strong><a href=\"http:\/\/www.sonnengolf.com\" target=\"_blank\" rel=\"nofollow noopener noreferrer\">www.sonnengolf.com<\/a>\r\n\r\n<strong>E-Mail:<\/strong> <a href=\"mailto:info@sonnengolf.com\">info@sonnengolf.com<\/a>\r\n\r\n<strong>Spielbahnen\/Par:\r\n<\/strong>9-Loch Par: 36 Championsplatz und 9-Loch Par: 3 Kurzplatz Familycourse (L\u00e4nge 567)\r\n\r\n<strong>La\u0308nge:\r\n<\/strong>Par 36 - gelb: 2.963 m\/rot: 2.500 m\r\n\r\n<em><strong>Bedingungen:\r\n<\/strong>Combi-Tages- Greenfee auf gesamter Anlage (inkl. Rangfee) zum Preis von \u20ac 59,-- fu\u0308r 2 Personen.<\/em>\r\n\r\n<strong>Anfahrt:\r\n<\/strong>von Wien: A2 \u2192 Autobahnknoten Guntramsdorf \u2192 A3 \u2192 Eisenstadt \u2192 S31 \u2192 Mattersburg. Bei \u201eOberpullendorf Su\u0308d\u201c von der S31 ab Schildern folgen.","partner_logo":517,"partner_gallery":[42705,3748],"partner_lat":47.46404,"partner_long":16.63313,"partner_type":"golfclub","partner_openings":["1","2","3","4","5","6","7"],"montag_von_bis":"00:00 - 24:00","dienstag_von_bis":"00:00 - 24:00","mittwoch_von_bis":"00:00 - 24:00","donnerstag_von_bis":"00:00 - 24:00","freitag_von_bis":"00:00 - 24:00","samstag_von_bis":"00:00 - 24:00","sonntag_von_bis":"00:00 - 24:00","partner_adresse":"Golfplatz 1, Lutzmannsburg an der Sonnentherme \/ 9476 Zsira","partner_land_bundesland":"Burgenland","partner_tel_1":"","partner_tel_2":"0043 664 3139540","partner_web":"http:\/\/www.sonnengolf.com","partner_mail":"info@sonnengolf.com","partner_spielbahnen_par":"18\/70","partner_laenge":"Par 36 - gelb: 2.963 m\/rot: 2.500 m","partner_bedingungen":"","partner_anfahrt":"von Wien: A2 \u2192 Autobahnknoten Guntramsdorf \u2192 A3 \u2192 Eisenstadt \u2192 S31 \u2192 Mattersburg. Bei \u201eOberpullendorf Su\u0308d\u201c von der S31 ab Schildern folgen.","partner_misc":null,"additional_css_classes":""},"yoast_head":"<!-- This site is optimized with the Yoast SEO plugin v26.8 - https:\/\/yoast.com\/product\/yoast-seo-wordpress\/ -->\n<title>GC Sonnengolf - Fairway 2 Hotel<\/title>\n<meta name=\"robots\" content=\"index, follow, max-snippet:-1, max-image-preview:large, max-video-preview:-1\" \/>\n<link rel=\"canonical\" href=\"https:\/\/fairway2hotel.at\/en\/golfclubs\/burgenland\/sonnengolf\/\" \/>\n<meta property=\"og:locale\" content=\"en_US\" \/>\n<meta property=\"og:type\" content=\"article\" \/>\n<meta property=\"og:title\" content=\"GC Sonnengolf - Fairway 2 Hotel\" \/>\n<meta property=\"og:description\" content=\"Sonnengolf &#8211; das sonnige Golferlebnis f\u00fcr die ganze Familie Der neue 18 Loch Platz bietet den optimalen Rahmen\u00a0 f\u00fcr ein unvergessliches Golferlebnis auf sanften Fairways, trickreichen Doglegs und saftigen Inselgr\u00fcns. Eingebunden in die pannonische Landschaft, inmitten der herrlichen Weinberge des Blaufr\u00e4nkischlandes an der Sonnentherme Lutzmannsburg, liegt Sonnengolf\u00a0 &#8211; nur 1 Autostunde von Wien und Graz [&hellip;]\" \/>\n<meta property=\"og:url\" content=\"https:\/\/fairway2hotel.at\/en\/golfclubs\/burgenland\/sonnengolf\/\" \/>\n<meta property=\"og:site_name\" content=\"Fairway 2 Hotel\" \/>\n<meta property=\"article:modified_time\" content=\"2025-01-16T16:06:51+00:00\" \/>\n<meta name=\"twitter:card\" content=\"summary_large_image\" \/>\n<meta name=\"twitter:label1\" content=\"Est. reading time\" \/>\n\t<meta name=\"twitter:data1\" content=\"2 minutes\" \/>\n<script type=\"application\/ld+json\" class=\"yoast-schema-graph\">{\"@context\":\"https:\/\/schema.org\",\"@graph\":[{\"@type\":\"WebPage\",\"@id\":\"https:\/\/fairway2hotel.at\/en\/golfclubs\/burgenland\/sonnengolf\/\",\"url\":\"https:\/\/fairway2hotel.at\/en\/golfclubs\/burgenland\/sonnengolf\/\",\"name\":\"GC Sonnengolf - Fairway 2 Hotel\",\"isPartOf\":{\"@id\":\"https:\/\/fairway2hotel.at\/en\/#website\"},\"datePublished\":\"2010-10-08T18:20:41+00:00\",\"dateModified\":\"2025-01-16T16:06:51+00:00\",\"breadcrumb\":{\"@id\":\"https:\/\/fairway2hotel.at\/en\/golfclubs\/burgenland\/sonnengolf\/#breadcrumb\"},\"inLanguage\":\"en-US\",\"potentialAction\":[{\"@type\":\"ReadAction\",\"target\":[\"https:\/\/fairway2hotel.at\/en\/golfclubs\/burgenland\/sonnengolf\/\"]}]},{\"@type\":\"BreadcrumbList\",\"@id\":\"https:\/\/fairway2hotel.at\/en\/golfclubs\/burgenland\/sonnengolf\/#breadcrumb\",\"itemListElement\":[{\"@type\":\"ListItem\",\"position\":1,\"name\":\"Home\",\"item\":\"https:\/\/fairway2hotel.at\/en\/\"},{\"@type\":\"ListItem\",\"position\":2,\"name\":\"Golfclubs\",\"item\":\"https:\/\/fairway2hotel.at\/en\/golfclubs\/\"},{\"@type\":\"ListItem\",\"position\":3,\"name\":\"Golfclubs Burgenland\",\"item\":\"https:\/\/fairway2hotel.at\/en\/golfclubs\/burgenland\/\"},{\"@type\":\"ListItem\",\"position\":4,\"name\":\"GC Sonnengolf\"}]},{\"@type\":\"WebSite\",\"@id\":\"https:\/\/fairway2hotel.at\/en\/#website\",\"url\":\"https:\/\/fairway2hotel.at\/en\/\",\"name\":\"Fairway 2 Hotel\",\"description\":\"Golf at half price! 2 play - 1 pays\",\"potentialAction\":[{\"@type\":\"SearchAction\",\"target\":{\"@type\":\"EntryPoint\",\"urlTemplate\":\"https:\/\/fairway2hotel.at\/en\/?s={search_term_string}\"},\"query-input\":{\"@type\":\"PropertyValueSpecification\",\"valueRequired\":true,\"valueName\":\"search_term_string\"}}],\"inLanguage\":\"en-US\"}]}<\/script>\n<!-- \/ Yoast SEO plugin. -->","yoast_head_json":{"title":"GC Sonnengolf - Fairway 2 Hotel","robots":{"index":"index","follow":"follow","max-snippet":"max-snippet:-1","max-image-preview":"max-image-preview:large","max-video-preview":"max-video-preview:-1"},"canonical":"https:\/\/fairway2hotel.at\/en\/golfclubs\/burgenland\/sonnengolf\/","og_locale":"en_US","og_type":"article","og_title":"GC Sonnengolf - Fairway 2 Hotel","og_description":"Sonnengolf &#8211; das sonnige Golferlebnis f\u00fcr die ganze Familie Der neue 18 Loch Platz bietet den optimalen Rahmen\u00a0 f\u00fcr ein unvergessliches Golferlebnis auf sanften Fairways, trickreichen Doglegs und saftigen Inselgr\u00fcns. Eingebunden in die pannonische Landschaft, inmitten der herrlichen Weinberge des Blaufr\u00e4nkischlandes an der Sonnentherme Lutzmannsburg, liegt Sonnengolf\u00a0 &#8211; nur 1 Autostunde von Wien und Graz [&hellip;]","og_url":"https:\/\/fairway2hotel.at\/en\/golfclubs\/burgenland\/sonnengolf\/","og_site_name":"Fairway 2 Hotel","article_modified_time":"2025-01-16T16:06:51+00:00","twitter_card":"summary_large_image","twitter_misc":{"Est. reading time":"2 minutes"},"schema":{"@context":"https:\/\/schema.org","@graph":[{"@type":"WebPage","@id":"https:\/\/fairway2hotel.at\/en\/golfclubs\/burgenland\/sonnengolf\/","url":"https:\/\/fairway2hotel.at\/en\/golfclubs\/burgenland\/sonnengolf\/","name":"GC Sonnengolf - Fairway 2 Hotel","isPartOf":{"@id":"https:\/\/fairway2hotel.at\/en\/#website"},"datePublished":"2010-10-08T18:20:41+00:00","dateModified":"2025-01-16T16:06:51+00:00","breadcrumb":{"@id":"https:\/\/fairway2hotel.at\/en\/golfclubs\/burgenland\/sonnengolf\/#breadcrumb"},"inLanguage":"en-US","potentialAction":[{"@type":"ReadAction","target":["https:\/\/fairway2hotel.at\/en\/golfclubs\/burgenland\/sonnengolf\/"]}]},{"@type":"BreadcrumbList","@id":"https:\/\/fairway2hotel.at\/en\/golfclubs\/burgenland\/sonnengolf\/#breadcrumb","itemListElement":[{"@type":"ListItem","position":1,"name":"Home","item":"https:\/\/fairway2hotel.at\/en\/"},{"@type":"ListItem","position":2,"name":"Golfclubs","item":"https:\/\/fairway2hotel.at\/en\/golfclubs\/"},{"@type":"ListItem","position":3,"name":"Golfclubs Burgenland","item":"https:\/\/fairway2hotel.at\/en\/golfclubs\/burgenland\/"},{"@type":"ListItem","position":4,"name":"GC Sonnengolf"}]},{"@type":"WebSite","@id":"https:\/\/fairway2hotel.at\/en\/#website","url":"https:\/\/fairway2hotel.at\/en\/","name":"Fairway 2 Hotel","description":"Golf at half price! 2 play - 1 pays","potentialAction":[{"@type":"SearchAction","target":{"@type":"EntryPoint","urlTemplate":"https:\/\/fairway2hotel.at\/en\/?s={search_term_string}"},"query-input":{"@type":"PropertyValueSpecification","valueRequired":true,"valueName":"search_term_string"}}],"inLanguage":"en-US"}]}},"_links":{"self":[{"href":"https:\/\/fairway2hotel.at\/en\/wp-json\/wp\/v2\/pages\/518","targetHints":{"allow":["GET"]}}],"collection":[{"href":"https:\/\/fairway2hotel.at\/en\/wp-json\/wp\/v2\/pages"}],"about":[{"href":"https:\/\/fairway2hotel.at\/en\/wp-json\/wp\/v2\/types\/page"}],"author":[{"embeddable":true,"href":"https:\/\/fairway2hotel.at\/en\/wp-json\/wp\/v2\/users\/1"}],"replies":[{"embeddable":true,"href":"https:\/\/fairway2hotel.at\/en\/wp-json\/wp\/v2\/comments?post=518"}],"version-history":[{"count":12,"href":"https:\/\/fairway2hotel.at\/en\/wp-json\/wp\/v2\/pages\/518\/revisions"}],"predecessor-version":[{"id":45895,"href":"https:\/\/fairway2hotel.at\/en\/wp-json\/wp\/v2\/pages\/518\/revisions\/45895"}],"up":[{"embeddable":true,"href":"https:\/\/fairway2hotel.at\/en\/wp-json\/wp\/v2\/pages\/1544"}],"acf:attachment":[{"embeddable":true,"href":"https:\/\/fairway2hotel.at\/en\/wp-json\/wp\/v2\/media\/3748"},{"embeddable":true,"href":"https:\/\/fairway2hotel.at\/en\/wp-json\/wp\/v2\/media\/42705"}],"wp:attachment":[{"href":"https:\/\/fairway2hotel.at\/en\/wp-json\/wp\/v2\/media?parent=518"}],"curies":[{"name":"wp","href":"https:\/\/api.w.org\/{rel}","templated":true}]}}