{"id":521,"date":"2010-10-08T20:35:50","date_gmt":"2010-10-08T18:35:50","guid":{"rendered":"https:\/\/f2h.app\/reiters-golfschaukel-stegersbach-lafnitztal\/"},"modified":"2025-04-20T12:46:19","modified_gmt":"2025-04-20T10:46:19","slug":"gc-allegria-golfschaukel-stegersbach","status":"publish","type":"page","link":"https:\/\/fairway2hotel.at\/en\/golfclubs\/burgenland\/gc-allegria-golfschaukel-stegersbach\/","title":{"rendered":"GC Allegria Golfschaukel Stegersbach"},"content":{"rendered":"<h2>45-Loch-Golferlebnis in der sonnigsten Region O\u0308sterreichs<\/h2>\n<p>Allegria Golfschaukel ist mit ihren 45 Loch, der pr\u00e4chtigen Hotellerie und viel Gegend \u00d6sterreichs \u00fcppigste Golf-anlage. Vom Clubhaus \u201eEulenwirt\u201c starten der 18-Loch-Panoramakurs und ein 9-Loch-Platz, w\u00e4hrend sich das erste Tee des S\u00fcdburgenlandkurses vor dem Allegria Hotel Stegersbach befindet. Die Spielbahnen s\u00e4mtlicher Pl\u00e4tze des Resorts passen sich den sanften H\u00fcgeln ringsum zart an und sorgen bei Verzicht auf das Cart f\u00fcr konditionsf\u00f6rdernde Runden. Das gesamte Areal erstreckt sich \u00fcber 190 Hektar und f\u00fchrt in einem feinf\u00fchligen Kurs-Layout \u00fcber H\u00fcgel, Bachl\u00e4ufe, durch T\u00e4ler und W\u00e4lder.<\/p>\n<h2>45-hole golf experience in the sunniest region of Austria<\/h2>\n<p>Allegria Golfschaukel is Austria&#8217;s most lavish golf course with its 45 holes, magnificent hotels and plenty of countryside. The 18-hole panoramic course and a 9-hole course start from the \u2018Eulenwirt\u2019 clubhouse, while the first tee of the S\u00fcdburgenland course is located in front of the Allegria Hotel Stegersbach. The fairways of all of the resort&#8217;s courses are gently shaped to fit in with the rolling hills all around and ensure that you can enjoy a fitness-boosting round without a cart. The entire area stretches over 190 hectares and features a delicate course layout over hills, streams, through valleys and forests.<\/p>\n","protected":false},"excerpt":{"rendered":"<p>45-Loch-Golferlebnis in der sonnigsten Region O\u0308sterreichs Allegria Golfschaukel ist mit ihren 45 Loch, der pr\u00e4chtigen Hotellerie und viel Gegend \u00d6sterreichs \u00fcppigste Golf-anlage. Vom Clubhaus \u201eEulenwirt\u201c starten der 18-Loch-Panoramakurs und ein 9-Loch-Platz, w\u00e4hrend sich das erste Tee des S\u00fcdburgenlandkurses vor dem Allegria Hotel Stegersbach befindet. Die Spielbahnen s\u00e4mtlicher Pl\u00e4tze des Resorts passen sich den sanften H\u00fcgeln [&hellip;]<\/p>\n","protected":false},"author":1,"featured_media":0,"parent":1544,"menu_order":10,"comment_status":"closed","ping_status":"closed","template":"page-partner.php","meta":{"_acf_changed":false,"footnotes":""},"class_list":["post-521","page","type-page","status-publish","hentry"],"acf":{"partner_infobox":"<strong>Adresse:\u00a0<\/strong>Zum Golfzentrum 8\u00a07574 Neudauberg\r\n\r\n<strong>Tel:\u00a0<\/strong>03326\/55 000\r\n\r\n<strong>Fax:\u00a0<\/strong>03326\/55 000 - 800\r\n\r\n<strong>Web: <\/strong><a href=\"http:\/\/www.golfschaukel.at\" target=\"_blank\" rel=\"nofollow noopener noreferrer\">www.golfschaukel.at<\/a>\r\n\r\n<strong>E-Mail:<\/strong> <a href=\"mailto:golf@golfschaukel.at\">golf@golfschaukel.at<\/a>\r\n\r\n<strong>Spielbahnen\/Par: <\/strong>2x18-Loch (70\/69), 1x9 Loch\r\n\r\n<strong>La\u0308nge:\r\n<\/strong>gelb: 5.354 m, 5.398 m, 2.794 m \/ rot: 4.707 m, 4.813 m, 2.459 m\r\n\r\n<strong>Anfahrt:\r\n<\/strong>Siehe unsere Website!","partner_logo":520,"partner_gallery":[519,46861],"partner_lat":47.17161,"partner_long":16.11917,"partner_type":"golfclub","partner_openings":["1","2","3","4","5","6","7"],"montag_von_bis":"00:00 - 24:00","dienstag_von_bis":"00:00 - 24:00","mittwoch_von_bis":"00:00 - 24:00","donnerstag_von_bis":"00:00 - 24:00","freitag_von_bis":"00:00 - 24:00","samstag_von_bis":"00:00 - 24:00","sonntag_von_bis":"00:00 - 24:00","partner_adresse":"Zum Golfzentrum 8,\u00a07574 Neudauberg","partner_land_bundesland":"Burgenland","partner_tel_1":"03326 55 000 800","partner_tel_2":"0043 3326 55 000","partner_web":"http:\/\/www.golfschaukel.at","partner_mail":"info@golfschaukel.at","partner_spielbahnen_par":"2x18-Loch (70\/69), 1x9 Loch","partner_laenge":"gelb: 5.354 m, 5.398 m, 2.794 m \/ rot: 4.707 m, 4.813 m, 2.459 m","partner_bedingungen":"","partner_anfahrt":"","partner_misc":null,"additional_css_classes":""},"yoast_head":"<!-- This site is optimized with the Yoast SEO plugin v26.8 - https:\/\/yoast.com\/product\/yoast-seo-wordpress\/ -->\n<title>GC Allegria Golfschaukel Stegersbach - Fairway 2 Hotel<\/title>\n<meta name=\"robots\" content=\"index, follow, max-snippet:-1, max-image-preview:large, max-video-preview:-1\" \/>\n<link rel=\"canonical\" href=\"https:\/\/fairway2hotel.at\/en\/golfclubs\/burgenland\/gc-allegria-golfschaukel-stegersbach\/\" \/>\n<meta property=\"og:locale\" content=\"en_US\" \/>\n<meta property=\"og:type\" content=\"article\" \/>\n<meta property=\"og:title\" content=\"GC Allegria Golfschaukel Stegersbach - Fairway 2 Hotel\" \/>\n<meta property=\"og:description\" content=\"45-Loch-Golferlebnis in der sonnigsten Region O\u0308sterreichs Allegria Golfschaukel ist mit ihren 45 Loch, der pr\u00e4chtigen Hotellerie und viel Gegend \u00d6sterreichs \u00fcppigste Golf-anlage. Vom Clubhaus \u201eEulenwirt\u201c starten der 18-Loch-Panoramakurs und ein 9-Loch-Platz, w\u00e4hrend sich das erste Tee des S\u00fcdburgenlandkurses vor dem Allegria Hotel Stegersbach befindet. Die Spielbahnen s\u00e4mtlicher Pl\u00e4tze des Resorts passen sich den sanften H\u00fcgeln [&hellip;]\" \/>\n<meta property=\"og:url\" content=\"https:\/\/fairway2hotel.at\/en\/golfclubs\/burgenland\/gc-allegria-golfschaukel-stegersbach\/\" \/>\n<meta property=\"og:site_name\" content=\"Fairway 2 Hotel\" \/>\n<meta property=\"article:modified_time\" content=\"2025-04-20T10:46:19+00:00\" \/>\n<meta name=\"twitter:card\" content=\"summary_large_image\" \/>\n<meta name=\"twitter:label1\" content=\"Est. reading time\" \/>\n\t<meta name=\"twitter:data1\" content=\"2 minutes\" \/>\n<script type=\"application\/ld+json\" class=\"yoast-schema-graph\">{\"@context\":\"https:\/\/schema.org\",\"@graph\":[{\"@type\":\"WebPage\",\"@id\":\"https:\/\/fairway2hotel.at\/en\/golfclubs\/burgenland\/gc-allegria-golfschaukel-stegersbach\/\",\"url\":\"https:\/\/fairway2hotel.at\/en\/golfclubs\/burgenland\/gc-allegria-golfschaukel-stegersbach\/\",\"name\":\"GC Allegria Golfschaukel Stegersbach - Fairway 2 Hotel\",\"isPartOf\":{\"@id\":\"https:\/\/fairway2hotel.at\/en\/#website\"},\"datePublished\":\"2010-10-08T18:35:50+00:00\",\"dateModified\":\"2025-04-20T10:46:19+00:00\",\"breadcrumb\":{\"@id\":\"https:\/\/fairway2hotel.at\/en\/golfclubs\/burgenland\/gc-allegria-golfschaukel-stegersbach\/#breadcrumb\"},\"inLanguage\":\"en-US\",\"potentialAction\":[{\"@type\":\"ReadAction\",\"target\":[\"https:\/\/fairway2hotel.at\/en\/golfclubs\/burgenland\/gc-allegria-golfschaukel-stegersbach\/\"]}]},{\"@type\":\"BreadcrumbList\",\"@id\":\"https:\/\/fairway2hotel.at\/en\/golfclubs\/burgenland\/gc-allegria-golfschaukel-stegersbach\/#breadcrumb\",\"itemListElement\":[{\"@type\":\"ListItem\",\"position\":1,\"name\":\"Home\",\"item\":\"https:\/\/fairway2hotel.at\/en\/\"},{\"@type\":\"ListItem\",\"position\":2,\"name\":\"Golfclubs\",\"item\":\"https:\/\/fairway2hotel.at\/en\/golfclubs\/\"},{\"@type\":\"ListItem\",\"position\":3,\"name\":\"Golfclubs Burgenland\",\"item\":\"https:\/\/fairway2hotel.at\/en\/golfclubs\/burgenland\/\"},{\"@type\":\"ListItem\",\"position\":4,\"name\":\"GC Allegria Golfschaukel Stegersbach\"}]},{\"@type\":\"WebSite\",\"@id\":\"https:\/\/fairway2hotel.at\/en\/#website\",\"url\":\"https:\/\/fairway2hotel.at\/en\/\",\"name\":\"Fairway 2 Hotel\",\"description\":\"Golf at half price! 2 play - 1 pays\",\"potentialAction\":[{\"@type\":\"SearchAction\",\"target\":{\"@type\":\"EntryPoint\",\"urlTemplate\":\"https:\/\/fairway2hotel.at\/en\/?s={search_term_string}\"},\"query-input\":{\"@type\":\"PropertyValueSpecification\",\"valueRequired\":true,\"valueName\":\"search_term_string\"}}],\"inLanguage\":\"en-US\"}]}<\/script>\n<!-- \/ Yoast SEO plugin. -->","yoast_head_json":{"title":"GC Allegria Golfschaukel Stegersbach - Fairway 2 Hotel","robots":{"index":"index","follow":"follow","max-snippet":"max-snippet:-1","max-image-preview":"max-image-preview:large","max-video-preview":"max-video-preview:-1"},"canonical":"https:\/\/fairway2hotel.at\/en\/golfclubs\/burgenland\/gc-allegria-golfschaukel-stegersbach\/","og_locale":"en_US","og_type":"article","og_title":"GC Allegria Golfschaukel Stegersbach - Fairway 2 Hotel","og_description":"45-Loch-Golferlebnis in der sonnigsten Region O\u0308sterreichs Allegria Golfschaukel ist mit ihren 45 Loch, der pr\u00e4chtigen Hotellerie und viel Gegend \u00d6sterreichs \u00fcppigste Golf-anlage. Vom Clubhaus \u201eEulenwirt\u201c starten der 18-Loch-Panoramakurs und ein 9-Loch-Platz, w\u00e4hrend sich das erste Tee des S\u00fcdburgenlandkurses vor dem Allegria Hotel Stegersbach befindet. Die Spielbahnen s\u00e4mtlicher Pl\u00e4tze des Resorts passen sich den sanften H\u00fcgeln [&hellip;]","og_url":"https:\/\/fairway2hotel.at\/en\/golfclubs\/burgenland\/gc-allegria-golfschaukel-stegersbach\/","og_site_name":"Fairway 2 Hotel","article_modified_time":"2025-04-20T10:46:19+00:00","twitter_card":"summary_large_image","twitter_misc":{"Est. reading time":"2 minutes"},"schema":{"@context":"https:\/\/schema.org","@graph":[{"@type":"WebPage","@id":"https:\/\/fairway2hotel.at\/en\/golfclubs\/burgenland\/gc-allegria-golfschaukel-stegersbach\/","url":"https:\/\/fairway2hotel.at\/en\/golfclubs\/burgenland\/gc-allegria-golfschaukel-stegersbach\/","name":"GC Allegria Golfschaukel Stegersbach - Fairway 2 Hotel","isPartOf":{"@id":"https:\/\/fairway2hotel.at\/en\/#website"},"datePublished":"2010-10-08T18:35:50+00:00","dateModified":"2025-04-20T10:46:19+00:00","breadcrumb":{"@id":"https:\/\/fairway2hotel.at\/en\/golfclubs\/burgenland\/gc-allegria-golfschaukel-stegersbach\/#breadcrumb"},"inLanguage":"en-US","potentialAction":[{"@type":"ReadAction","target":["https:\/\/fairway2hotel.at\/en\/golfclubs\/burgenland\/gc-allegria-golfschaukel-stegersbach\/"]}]},{"@type":"BreadcrumbList","@id":"https:\/\/fairway2hotel.at\/en\/golfclubs\/burgenland\/gc-allegria-golfschaukel-stegersbach\/#breadcrumb","itemListElement":[{"@type":"ListItem","position":1,"name":"Home","item":"https:\/\/fairway2hotel.at\/en\/"},{"@type":"ListItem","position":2,"name":"Golfclubs","item":"https:\/\/fairway2hotel.at\/en\/golfclubs\/"},{"@type":"ListItem","position":3,"name":"Golfclubs Burgenland","item":"https:\/\/fairway2hotel.at\/en\/golfclubs\/burgenland\/"},{"@type":"ListItem","position":4,"name":"GC Allegria Golfschaukel Stegersbach"}]},{"@type":"WebSite","@id":"https:\/\/fairway2hotel.at\/en\/#website","url":"https:\/\/fairway2hotel.at\/en\/","name":"Fairway 2 Hotel","description":"Golf at half price! 2 play - 1 pays","potentialAction":[{"@type":"SearchAction","target":{"@type":"EntryPoint","urlTemplate":"https:\/\/fairway2hotel.at\/en\/?s={search_term_string}"},"query-input":{"@type":"PropertyValueSpecification","valueRequired":true,"valueName":"search_term_string"}}],"inLanguage":"en-US"}]}},"_links":{"self":[{"href":"https:\/\/fairway2hotel.at\/en\/wp-json\/wp\/v2\/pages\/521","targetHints":{"allow":["GET"]}}],"collection":[{"href":"https:\/\/fairway2hotel.at\/en\/wp-json\/wp\/v2\/pages"}],"about":[{"href":"https:\/\/fairway2hotel.at\/en\/wp-json\/wp\/v2\/types\/page"}],"author":[{"embeddable":true,"href":"https:\/\/fairway2hotel.at\/en\/wp-json\/wp\/v2\/users\/1"}],"replies":[{"embeddable":true,"href":"https:\/\/fairway2hotel.at\/en\/wp-json\/wp\/v2\/comments?post=521"}],"version-history":[{"count":22,"href":"https:\/\/fairway2hotel.at\/en\/wp-json\/wp\/v2\/pages\/521\/revisions"}],"predecessor-version":[{"id":48048,"href":"https:\/\/fairway2hotel.at\/en\/wp-json\/wp\/v2\/pages\/521\/revisions\/48048"}],"up":[{"embeddable":true,"href":"https:\/\/fairway2hotel.at\/en\/wp-json\/wp\/v2\/pages\/1544"}],"acf:attachment":[{"embeddable":true,"href":"https:\/\/fairway2hotel.at\/en\/wp-json\/wp\/v2\/media\/46861"},{"embeddable":true,"href":"https:\/\/fairway2hotel.at\/en\/wp-json\/wp\/v2\/media\/519"}],"wp:attachment":[{"href":"https:\/\/fairway2hotel.at\/en\/wp-json\/wp\/v2\/media?parent=521"}],"curies":[{"name":"wp","href":"https:\/\/api.w.org\/{rel}","templated":true}]}}