{"id":524,"date":"2010-10-10T17:10:11","date_gmt":"2010-10-10T15:10:11","guid":{"rendered":"https:\/\/f2h.app\/reiters-golfacountry-club-bad-tatzmannsdorf\/"},"modified":"2026-04-10T14:55:14","modified_gmt":"2026-04-10T12:55:14","slug":"reiters-golfacountry-club-bad-tatzmannsdorf","status":"publish","type":"page","link":"https:\/\/fairway2hotel.at\/en\/golfclubs\/burgenland\/reiters-golfacountry-club-bad-tatzmannsdorf\/","title":{"rendered":"GC Reiters Golf &#038; Country Club Bad Tatzmannsdorf"},"content":{"rendered":"<h2 data-canvas-width=\"180.60024174546916\">Eine Leidenschaft beginnt im\u00a0Reiters Reserve im S\u00fcdburgenland!<\/h2>\n<p>Golfen auf einem der sch\u00f6nsten Pl\u00e4tze \u00d6sterreichs: Reiters Golf &amp; Country Club Bad Tatzmannsdorf.\u00a0 Eine Leidenschaft, die hier fr\u00fchmorgens beginnt und bis zum Sonnenuntergang gepflegt wird. Vor allem das Herzst\u00fcck der riesigen Golfanlage, der herrliche 18-Loch-Championship-Course, l\u00e4sst keine W\u00fcnsche offen. Erg\u00e4nzt wird das erstklassige Angebot mit dem 9-Loch-Platz. \u00d6sterreichs gr\u00f6\u00dfte Driving Range liegt im Reiters Reserve und bietet die wunderbare Gelegenheit, Schl\u00e4ge auf alle Distanzen zu trainieren. Auch mit gesch\u00fctzten Abschl\u00e4gen, welche das Training mehr oder weniger \u00fcber das gesamte Jahr erlauben und nat\u00fcrlich auch beheizt werden.<\/p>\n<h2>A passion begins at Reiters Reserve in southern Burgenland!<\/h2>\n<p>Golfing on one of the most beautiful courses in Austria: Reiters Golf &amp; Country Club Bad Tatzmannsdorf. A passion that begins here early in the morning and is nurtured until sunset. Above all, the centrepiece of the huge golf course, the magnificent 18-hole championship course, leaves nothing to be desired. The first-class offer is complemented by the 9-hole course. Austria&#8217;s largest driving range is located in Reiters Reserve and offers a wonderful opportunity to practise shots at all distances. Also with sheltered tees, which allow training more or less all year round and are of course heated.<\/p>\n","protected":false},"excerpt":{"rendered":"<p>Eine Leidenschaft beginnt im\u00a0Reiters Reserve im S\u00fcdburgenland! Golfen auf einem der sch\u00f6nsten Pl\u00e4tze \u00d6sterreichs: Reiters Golf &amp; Country Club Bad Tatzmannsdorf.\u00a0 Eine Leidenschaft, die hier fr\u00fchmorgens beginnt und bis zum Sonnenuntergang gepflegt wird. Vor allem das Herzst\u00fcck der riesigen Golfanlage, der herrliche 18-Loch-Championship-Course, l\u00e4sst keine W\u00fcnsche offen. Erg\u00e4nzt wird das erstklassige Angebot mit dem 9-Loch-Platz. [&hellip;]<\/p>\n","protected":false},"author":1,"featured_media":0,"parent":1544,"menu_order":5,"comment_status":"closed","ping_status":"closed","template":"page-partner.php","meta":{"_acf_changed":false,"footnotes":""},"class_list":["post-524","page","type-page","status-publish","hentry"],"acf":{"partner_infobox":"<strong>Adresse:\u00a0<\/strong>Am Golfplatz 2, A-7431 Bad Tatzmannsdorf\r\n\r\n<strong>Tel:<\/strong>03353\/8282 1700\r\n<div data-canvas-width=\"59.78911328430345\"><strong>Homepage:<\/strong>\u00a0<a href=\"http:\/\/www.reiters-golf.at\">www.reiters-golf.at<\/a><\/div>\r\n<strong>E-Mail:<\/strong> <a href=\"mailto:golfclub@reiters-reserve.at\">golfclub@reiters-reserve.at<\/a>\r\n\r\n<strong>Spielbahnen\/Par:\r\n<\/strong>18+9 Loch\r\n73\/60\r\n\r\n<strong>La\u0308nge:\r\n<\/strong>gelb: 5.868 m, 3.546 m\r\nrot: 5.172 m, 3.078 m\r\n\r\n<strong>Bedingungen:\r\n<\/strong>GS einl\u00f6sbar ab 12.00 Uhr SO-DO, nur mit Reservierungsbest\u00e4tigung, nicht an Feiertagen g\u00fcltig.\r\n\r\n<strong>Anfahrt:\r\n<\/strong>Siehe unsere Website!","partner_logo":2743,"partner_gallery":[42171,42173,42176,42178,42180],"partner_lat":47.32174,"partner_long":16.23699,"partner_type":"golfclub","partner_openings":["1","2","3","4","5","6","7"],"montag_von_bis":"00:00 - 24:00","dienstag_von_bis":"00:00 - 24:00","mittwoch_von_bis":"00:00 - 24:00","donnerstag_von_bis":"00:00 - 24:00","freitag_von_bis":"00:00 - 24:00","samstag_von_bis":"00:00 - 24:00","sonntag_von_bis":"00:00 - 24:00","partner_adresse":"Am Golfplatz 2, 7431 Bad Tatzmannsdorf","partner_land_bundesland":"Burgenland","partner_tel_1":"","partner_tel_2":"0043 3353 8282 1700","partner_web":"https:\/\/reitersgolfresort.at","partner_mail":"sport@reitershotels.at","partner_spielbahnen_par":"18+9 Loch 73\/60","partner_laenge":"gelb: 5.868 m, 3.546 m rot: 5.172 m, 3.078 m","partner_bedingungen":"","partner_anfahrt":"","partner_misc":null,"additional_css_classes":""},"yoast_head":"<!-- This site is optimized with the Yoast SEO plugin v26.8 - https:\/\/yoast.com\/product\/yoast-seo-wordpress\/ -->\n<title>GC Reiters Golf &amp; Country Club Bad Tatzmannsdorf - Fairway 2 Hotel<\/title>\n<meta name=\"robots\" content=\"index, follow, max-snippet:-1, max-image-preview:large, max-video-preview:-1\" \/>\n<link rel=\"canonical\" href=\"https:\/\/fairway2hotel.at\/en\/golfclubs\/burgenland\/reiters-golfacountry-club-bad-tatzmannsdorf\/\" \/>\n<meta property=\"og:locale\" content=\"en_US\" \/>\n<meta property=\"og:type\" content=\"article\" \/>\n<meta property=\"og:title\" content=\"GC Reiters Golf &amp; Country Club Bad Tatzmannsdorf - Fairway 2 Hotel\" \/>\n<meta property=\"og:description\" content=\"Eine Leidenschaft beginnt im\u00a0Reiters Reserve im S\u00fcdburgenland! Golfen auf einem der sch\u00f6nsten Pl\u00e4tze \u00d6sterreichs: Reiters Golf &amp; Country Club Bad Tatzmannsdorf.\u00a0 Eine Leidenschaft, die hier fr\u00fchmorgens beginnt und bis zum Sonnenuntergang gepflegt wird. Vor allem das Herzst\u00fcck der riesigen Golfanlage, der herrliche 18-Loch-Championship-Course, l\u00e4sst keine W\u00fcnsche offen. Erg\u00e4nzt wird das erstklassige Angebot mit dem 9-Loch-Platz. [&hellip;]\" \/>\n<meta property=\"og:url\" content=\"https:\/\/fairway2hotel.at\/en\/golfclubs\/burgenland\/reiters-golfacountry-club-bad-tatzmannsdorf\/\" \/>\n<meta property=\"og:site_name\" content=\"Fairway 2 Hotel\" \/>\n<meta property=\"article:modified_time\" content=\"2026-04-10T12:55:14+00:00\" \/>\n<meta name=\"twitter:card\" content=\"summary_large_image\" \/>\n<meta name=\"twitter:label1\" content=\"Est. reading time\" \/>\n\t<meta name=\"twitter:data1\" content=\"2 minutes\" \/>\n<script type=\"application\/ld+json\" class=\"yoast-schema-graph\">{\"@context\":\"https:\/\/schema.org\",\"@graph\":[{\"@type\":\"WebPage\",\"@id\":\"https:\/\/fairway2hotel.at\/en\/golfclubs\/burgenland\/reiters-golfacountry-club-bad-tatzmannsdorf\/\",\"url\":\"https:\/\/fairway2hotel.at\/en\/golfclubs\/burgenland\/reiters-golfacountry-club-bad-tatzmannsdorf\/\",\"name\":\"GC Reiters Golf & Country Club Bad Tatzmannsdorf - Fairway 2 Hotel\",\"isPartOf\":{\"@id\":\"https:\/\/fairway2hotel.at\/en\/#website\"},\"datePublished\":\"2010-10-10T15:10:11+00:00\",\"dateModified\":\"2026-04-10T12:55:14+00:00\",\"breadcrumb\":{\"@id\":\"https:\/\/fairway2hotel.at\/en\/golfclubs\/burgenland\/reiters-golfacountry-club-bad-tatzmannsdorf\/#breadcrumb\"},\"inLanguage\":\"en-US\",\"potentialAction\":[{\"@type\":\"ReadAction\",\"target\":[\"https:\/\/fairway2hotel.at\/en\/golfclubs\/burgenland\/reiters-golfacountry-club-bad-tatzmannsdorf\/\"]}]},{\"@type\":\"BreadcrumbList\",\"@id\":\"https:\/\/fairway2hotel.at\/en\/golfclubs\/burgenland\/reiters-golfacountry-club-bad-tatzmannsdorf\/#breadcrumb\",\"itemListElement\":[{\"@type\":\"ListItem\",\"position\":1,\"name\":\"Home\",\"item\":\"https:\/\/fairway2hotel.at\/en\/\"},{\"@type\":\"ListItem\",\"position\":2,\"name\":\"Golfclubs\",\"item\":\"https:\/\/fairway2hotel.at\/en\/golfclubs\/\"},{\"@type\":\"ListItem\",\"position\":3,\"name\":\"Golfclubs Burgenland\",\"item\":\"https:\/\/fairway2hotel.at\/en\/golfclubs\/burgenland\/\"},{\"@type\":\"ListItem\",\"position\":4,\"name\":\"GC Reiters Golf &#038; Country Club Bad Tatzmannsdorf\"}]},{\"@type\":\"WebSite\",\"@id\":\"https:\/\/fairway2hotel.at\/en\/#website\",\"url\":\"https:\/\/fairway2hotel.at\/en\/\",\"name\":\"Fairway 2 Hotel\",\"description\":\"Golf at half price! 2 play - 1 pays\",\"potentialAction\":[{\"@type\":\"SearchAction\",\"target\":{\"@type\":\"EntryPoint\",\"urlTemplate\":\"https:\/\/fairway2hotel.at\/en\/?s={search_term_string}\"},\"query-input\":{\"@type\":\"PropertyValueSpecification\",\"valueRequired\":true,\"valueName\":\"search_term_string\"}}],\"inLanguage\":\"en-US\"}]}<\/script>\n<!-- \/ Yoast SEO plugin. -->","yoast_head_json":{"title":"GC Reiters Golf & Country Club Bad Tatzmannsdorf - Fairway 2 Hotel","robots":{"index":"index","follow":"follow","max-snippet":"max-snippet:-1","max-image-preview":"max-image-preview:large","max-video-preview":"max-video-preview:-1"},"canonical":"https:\/\/fairway2hotel.at\/en\/golfclubs\/burgenland\/reiters-golfacountry-club-bad-tatzmannsdorf\/","og_locale":"en_US","og_type":"article","og_title":"GC Reiters Golf & Country Club Bad Tatzmannsdorf - Fairway 2 Hotel","og_description":"Eine Leidenschaft beginnt im\u00a0Reiters Reserve im S\u00fcdburgenland! Golfen auf einem der sch\u00f6nsten Pl\u00e4tze \u00d6sterreichs: Reiters Golf &amp; Country Club Bad Tatzmannsdorf.\u00a0 Eine Leidenschaft, die hier fr\u00fchmorgens beginnt und bis zum Sonnenuntergang gepflegt wird. Vor allem das Herzst\u00fcck der riesigen Golfanlage, der herrliche 18-Loch-Championship-Course, l\u00e4sst keine W\u00fcnsche offen. Erg\u00e4nzt wird das erstklassige Angebot mit dem 9-Loch-Platz. [&hellip;]","og_url":"https:\/\/fairway2hotel.at\/en\/golfclubs\/burgenland\/reiters-golfacountry-club-bad-tatzmannsdorf\/","og_site_name":"Fairway 2 Hotel","article_modified_time":"2026-04-10T12:55:14+00:00","twitter_card":"summary_large_image","twitter_misc":{"Est. reading time":"2 minutes"},"schema":{"@context":"https:\/\/schema.org","@graph":[{"@type":"WebPage","@id":"https:\/\/fairway2hotel.at\/en\/golfclubs\/burgenland\/reiters-golfacountry-club-bad-tatzmannsdorf\/","url":"https:\/\/fairway2hotel.at\/en\/golfclubs\/burgenland\/reiters-golfacountry-club-bad-tatzmannsdorf\/","name":"GC Reiters Golf & Country Club Bad Tatzmannsdorf - Fairway 2 Hotel","isPartOf":{"@id":"https:\/\/fairway2hotel.at\/en\/#website"},"datePublished":"2010-10-10T15:10:11+00:00","dateModified":"2026-04-10T12:55:14+00:00","breadcrumb":{"@id":"https:\/\/fairway2hotel.at\/en\/golfclubs\/burgenland\/reiters-golfacountry-club-bad-tatzmannsdorf\/#breadcrumb"},"inLanguage":"en-US","potentialAction":[{"@type":"ReadAction","target":["https:\/\/fairway2hotel.at\/en\/golfclubs\/burgenland\/reiters-golfacountry-club-bad-tatzmannsdorf\/"]}]},{"@type":"BreadcrumbList","@id":"https:\/\/fairway2hotel.at\/en\/golfclubs\/burgenland\/reiters-golfacountry-club-bad-tatzmannsdorf\/#breadcrumb","itemListElement":[{"@type":"ListItem","position":1,"name":"Home","item":"https:\/\/fairway2hotel.at\/en\/"},{"@type":"ListItem","position":2,"name":"Golfclubs","item":"https:\/\/fairway2hotel.at\/en\/golfclubs\/"},{"@type":"ListItem","position":3,"name":"Golfclubs Burgenland","item":"https:\/\/fairway2hotel.at\/en\/golfclubs\/burgenland\/"},{"@type":"ListItem","position":4,"name":"GC Reiters Golf &#038; Country Club Bad Tatzmannsdorf"}]},{"@type":"WebSite","@id":"https:\/\/fairway2hotel.at\/en\/#website","url":"https:\/\/fairway2hotel.at\/en\/","name":"Fairway 2 Hotel","description":"Golf at half price! 2 play - 1 pays","potentialAction":[{"@type":"SearchAction","target":{"@type":"EntryPoint","urlTemplate":"https:\/\/fairway2hotel.at\/en\/?s={search_term_string}"},"query-input":{"@type":"PropertyValueSpecification","valueRequired":true,"valueName":"search_term_string"}}],"inLanguage":"en-US"}]}},"_links":{"self":[{"href":"https:\/\/fairway2hotel.at\/en\/wp-json\/wp\/v2\/pages\/524","targetHints":{"allow":["GET"]}}],"collection":[{"href":"https:\/\/fairway2hotel.at\/en\/wp-json\/wp\/v2\/pages"}],"about":[{"href":"https:\/\/fairway2hotel.at\/en\/wp-json\/wp\/v2\/types\/page"}],"author":[{"embeddable":true,"href":"https:\/\/fairway2hotel.at\/en\/wp-json\/wp\/v2\/users\/1"}],"replies":[{"embeddable":true,"href":"https:\/\/fairway2hotel.at\/en\/wp-json\/wp\/v2\/comments?post=524"}],"version-history":[{"count":24,"href":"https:\/\/fairway2hotel.at\/en\/wp-json\/wp\/v2\/pages\/524\/revisions"}],"predecessor-version":[{"id":53721,"href":"https:\/\/fairway2hotel.at\/en\/wp-json\/wp\/v2\/pages\/524\/revisions\/53721"}],"up":[{"embeddable":true,"href":"https:\/\/fairway2hotel.at\/en\/wp-json\/wp\/v2\/pages\/1544"}],"acf:attachment":[{"embeddable":true,"href":"https:\/\/fairway2hotel.at\/en\/wp-json\/wp\/v2\/media\/42180"},{"embeddable":true,"href":"https:\/\/fairway2hotel.at\/en\/wp-json\/wp\/v2\/media\/42178"},{"embeddable":true,"href":"https:\/\/fairway2hotel.at\/en\/wp-json\/wp\/v2\/media\/42176"},{"embeddable":true,"href":"https:\/\/fairway2hotel.at\/en\/wp-json\/wp\/v2\/media\/42173"},{"embeddable":true,"href":"https:\/\/fairway2hotel.at\/en\/wp-json\/wp\/v2\/media\/42171"}],"wp:attachment":[{"href":"https:\/\/fairway2hotel.at\/en\/wp-json\/wp\/v2\/media?parent=524"}],"curies":[{"name":"wp","href":"https:\/\/api.w.org\/{rel}","templated":true}]}}