{"id":531,"date":"2010-10-13T07:39:55","date_gmt":"2010-10-13T05:39:55","guid":{"rendered":"https:\/\/f2h.app\/golfclub-sterngartl\/"},"modified":"2025-03-24T17:12:11","modified_gmt":"2025-03-24T16:12:11","slug":"golfclub-sterngartl","status":"publish","type":"page","link":"https:\/\/fairway2hotel.at\/en\/golfclubs\/oberoesterreich\/golfclub-sterngartl\/","title":{"rendered":"GC Sterngartl"},"content":{"rendered":"<h2>Golfen in der paradiesischen Sph\u00e4re, die sich SternGartl nennt<\/h2>\n<p>Der Golfclub SternGartl ist ins sanfte H\u00fcgelland n\u00f6rdlich von Linz zwischen den Orten Bad Leonfelden, Zwettl und Oberneukirchen eingebettet. Weit oberhalb der Nebelgrenze \u2013 l\u00e4sst einen die frische H\u00f6henluft tief durchatmen. Dieser Golfkurs ist landschaftlich etwas ganz Besonderes. In seiner urspr\u00fcnglichen Sch\u00f6nheit belassen, hat das Gel\u00e4nde die Golfplatz-Architektur mit den Abschl\u00e4gen und Greens sorgf\u00e4ltig integriert. Auf 600m Seeh\u00f6he wird man hier im Distltal dem Alltag entkommen. Sowohl der Anf\u00e4nger als auch der erfahrene Golfer findet hier ideale Voraussetzungen und alle Schwierigkeitsgrade, um sein Spiel zu verfeinern. Ein Bespielen des Platzes bietet, neben der sportlichen Herausforderung auch die M\u00f6glichkeit Stress in Erholung umzuwandeln.<\/p>\n<h2>Golfing in the paradisiacal sphere called SternGartl<\/h2>\n<p>The SternGartl golf club is nestled in the gently rolling hills north of Linz between the towns of Bad Leonfelden, Zwettl and Oberneukirchen. Far above the fog line &#8211; the fresh mountain air lets you breathe deeply. This golf course has a very special landscape. Left in its original beauty, the terrain has carefully integrated the golf course architecture with the tees and greens. At 600 metres above sea level, you can escape everyday life here in the Distl Valley. Both beginners and experienced golfers will find ideal conditions and all levels of difficulty here to refine their game. Playing the course offers not only a sporting challenge but also the opportunity to turn stress into relaxation.<\/p>\n","protected":false},"excerpt":{"rendered":"<p>Golfen in der paradiesischen Sph\u00e4re, die sich SternGartl nennt Der Golfclub SternGartl ist ins sanfte H\u00fcgelland n\u00f6rdlich von Linz zwischen den Orten Bad Leonfelden, Zwettl und Oberneukirchen eingebettet. Weit oberhalb der Nebelgrenze \u2013 l\u00e4sst einen die frische H\u00f6henluft tief durchatmen. Dieser Golfkurs ist landschaftlich etwas ganz Besonderes. In seiner urspr\u00fcnglichen Sch\u00f6nheit belassen, hat das Gel\u00e4nde [&hellip;]<\/p>\n","protected":false},"author":1,"featured_media":0,"parent":1473,"menu_order":13,"comment_status":"closed","ping_status":"closed","template":"page-partner.php","meta":{"_acf_changed":false,"footnotes":""},"class_list":["post-531","page","type-page","status-publish","hentry"],"acf":{"partner_infobox":"<strong>Adresse:\u00a0<\/strong>Schauerschlag 4, A-4181 Oberneukirchen\r\n\r\n<strong>Tel:\u00a0<\/strong>07212\/21333\r\n\r\n<strong>Web: <\/strong><a href=\"http:\/\/www.golf-sterngartl.at\" target=\"_blank\" rel=\"nofollow noopener\">www.golf-sterngartl.at<\/a>\r\n\r\n<strong>E-Mail:<\/strong> <a href=\"mailto:office@golf-sterngartl.at\">office@golf-sterngartl.at<\/a>\r\n\r\n<strong>Spielbahnen\/Par: <\/strong>18\/70\r\n\r\n<strong>La\u0308nge:\u00a0<\/strong>wei\u00df: 5.735 m\/ gelb: 5.405 m\/ blau: 5.076 m\/\r\nrot: 4.767 m\r\n\r\n<strong>Bedingungen:<\/strong>\r\nGutscheine g\u00fcltig MO-DO, ausgenommen Feiertage\r\n\r\n<strong>Anfahrt:\r\n<\/strong>von Linz kommend: B126 bis Zwettl\/Rodl\u00a0\u2192 links Richtung Oberneukirchen, nach 50 m rechts Richtung Schauerschlag, Stra\u00dfe 4 km folgen","partner_logo":530,"partner_gallery":[3771,46787,46789,46791,46793],"partner_lat":48.48409,"partner_long":14.25193,"partner_type":"golfclub","partner_openings":["1","2","3","4","5","6","7"],"montag_von_bis":"00:00 - 24:00","dienstag_von_bis":"00:00 - 24:00","mittwoch_von_bis":"00:00 - 24:00","donnerstag_von_bis":"00:00 - 24:00","freitag_von_bis":"00:00 - 24:00","samstag_von_bis":"00:00 - 24:00","sonntag_von_bis":"00:00 - 24:00","partner_adresse":"Schauerschlag 4, 4181 Oberneukirchen","partner_land_bundesland":"Ober\u00f6sterreich","partner_tel_1":"","partner_tel_2":"0043 7212 21333","partner_web":"http:\/\/www.golf-sterngartl.at","partner_mail":"office@golf-sterngartl.at","partner_spielbahnen_par":"18\/70","partner_laenge":"wei\u00df: 5.735 m\/ gelb: 5.405 m\/ blau: 5.076 m\/ rot: 4.767 m","partner_bedingungen":"","partner_anfahrt":"von Linz kommend: B126 bis Zwettl\/Rodl\u00a0\u2192 links Richtung Oberneukirchen, nach 50 m rechts Richtung Schauerschlag, Stra\u00dfe 4 km folgen","partner_misc":null,"additional_css_classes":""},"yoast_head":"<!-- This site is optimized with the Yoast SEO plugin v26.8 - https:\/\/yoast.com\/product\/yoast-seo-wordpress\/ -->\n<title>GC Sterngartl - Fairway 2 Hotel<\/title>\n<meta name=\"robots\" content=\"index, follow, max-snippet:-1, max-image-preview:large, max-video-preview:-1\" \/>\n<link rel=\"canonical\" href=\"https:\/\/fairway2hotel.at\/en\/golfclubs\/oberoesterreich\/golfclub-sterngartl\/\" \/>\n<meta property=\"og:locale\" content=\"en_US\" \/>\n<meta property=\"og:type\" content=\"article\" \/>\n<meta property=\"og:title\" content=\"GC Sterngartl - Fairway 2 Hotel\" \/>\n<meta property=\"og:description\" content=\"Golfen in der paradiesischen Sph\u00e4re, die sich SternGartl nennt Der Golfclub SternGartl ist ins sanfte H\u00fcgelland n\u00f6rdlich von Linz zwischen den Orten Bad Leonfelden, Zwettl und Oberneukirchen eingebettet. Weit oberhalb der Nebelgrenze \u2013 l\u00e4sst einen die frische H\u00f6henluft tief durchatmen. Dieser Golfkurs ist landschaftlich etwas ganz Besonderes. In seiner urspr\u00fcnglichen Sch\u00f6nheit belassen, hat das Gel\u00e4nde [&hellip;]\" \/>\n<meta property=\"og:url\" content=\"https:\/\/fairway2hotel.at\/en\/golfclubs\/oberoesterreich\/golfclub-sterngartl\/\" \/>\n<meta property=\"og:site_name\" content=\"Fairway 2 Hotel\" \/>\n<meta property=\"article:modified_time\" content=\"2025-03-24T16:12:11+00:00\" \/>\n<meta name=\"twitter:card\" content=\"summary_large_image\" \/>\n<meta name=\"twitter:label1\" content=\"Est. reading time\" \/>\n\t<meta name=\"twitter:data1\" content=\"2 minutes\" \/>\n<script type=\"application\/ld+json\" class=\"yoast-schema-graph\">{\"@context\":\"https:\/\/schema.org\",\"@graph\":[{\"@type\":\"WebPage\",\"@id\":\"https:\/\/fairway2hotel.at\/en\/golfclubs\/oberoesterreich\/golfclub-sterngartl\/\",\"url\":\"https:\/\/fairway2hotel.at\/en\/golfclubs\/oberoesterreich\/golfclub-sterngartl\/\",\"name\":\"GC Sterngartl - Fairway 2 Hotel\",\"isPartOf\":{\"@id\":\"https:\/\/fairway2hotel.at\/en\/#website\"},\"datePublished\":\"2010-10-13T05:39:55+00:00\",\"dateModified\":\"2025-03-24T16:12:11+00:00\",\"breadcrumb\":{\"@id\":\"https:\/\/fairway2hotel.at\/en\/golfclubs\/oberoesterreich\/golfclub-sterngartl\/#breadcrumb\"},\"inLanguage\":\"en-US\",\"potentialAction\":[{\"@type\":\"ReadAction\",\"target\":[\"https:\/\/fairway2hotel.at\/en\/golfclubs\/oberoesterreich\/golfclub-sterngartl\/\"]}]},{\"@type\":\"BreadcrumbList\",\"@id\":\"https:\/\/fairway2hotel.at\/en\/golfclubs\/oberoesterreich\/golfclub-sterngartl\/#breadcrumb\",\"itemListElement\":[{\"@type\":\"ListItem\",\"position\":1,\"name\":\"Home\",\"item\":\"https:\/\/fairway2hotel.at\/en\/\"},{\"@type\":\"ListItem\",\"position\":2,\"name\":\"Golfclubs\",\"item\":\"https:\/\/fairway2hotel.at\/en\/golfclubs\/\"},{\"@type\":\"ListItem\",\"position\":3,\"name\":\"Golfclubs Ober\u00f6sterreich\",\"item\":\"https:\/\/fairway2hotel.at\/en\/golfclubs\/oberoesterreich\/\"},{\"@type\":\"ListItem\",\"position\":4,\"name\":\"GC Sterngartl\"}]},{\"@type\":\"WebSite\",\"@id\":\"https:\/\/fairway2hotel.at\/en\/#website\",\"url\":\"https:\/\/fairway2hotel.at\/en\/\",\"name\":\"Fairway 2 Hotel\",\"description\":\"Golf at half price! 2 play - 1 pays\",\"potentialAction\":[{\"@type\":\"SearchAction\",\"target\":{\"@type\":\"EntryPoint\",\"urlTemplate\":\"https:\/\/fairway2hotel.at\/en\/?s={search_term_string}\"},\"query-input\":{\"@type\":\"PropertyValueSpecification\",\"valueRequired\":true,\"valueName\":\"search_term_string\"}}],\"inLanguage\":\"en-US\"}]}<\/script>\n<!-- \/ Yoast SEO plugin. -->","yoast_head_json":{"title":"GC Sterngartl - Fairway 2 Hotel","robots":{"index":"index","follow":"follow","max-snippet":"max-snippet:-1","max-image-preview":"max-image-preview:large","max-video-preview":"max-video-preview:-1"},"canonical":"https:\/\/fairway2hotel.at\/en\/golfclubs\/oberoesterreich\/golfclub-sterngartl\/","og_locale":"en_US","og_type":"article","og_title":"GC Sterngartl - Fairway 2 Hotel","og_description":"Golfen in der paradiesischen Sph\u00e4re, die sich SternGartl nennt Der Golfclub SternGartl ist ins sanfte H\u00fcgelland n\u00f6rdlich von Linz zwischen den Orten Bad Leonfelden, Zwettl und Oberneukirchen eingebettet. Weit oberhalb der Nebelgrenze \u2013 l\u00e4sst einen die frische H\u00f6henluft tief durchatmen. Dieser Golfkurs ist landschaftlich etwas ganz Besonderes. In seiner urspr\u00fcnglichen Sch\u00f6nheit belassen, hat das Gel\u00e4nde [&hellip;]","og_url":"https:\/\/fairway2hotel.at\/en\/golfclubs\/oberoesterreich\/golfclub-sterngartl\/","og_site_name":"Fairway 2 Hotel","article_modified_time":"2025-03-24T16:12:11+00:00","twitter_card":"summary_large_image","twitter_misc":{"Est. reading time":"2 minutes"},"schema":{"@context":"https:\/\/schema.org","@graph":[{"@type":"WebPage","@id":"https:\/\/fairway2hotel.at\/en\/golfclubs\/oberoesterreich\/golfclub-sterngartl\/","url":"https:\/\/fairway2hotel.at\/en\/golfclubs\/oberoesterreich\/golfclub-sterngartl\/","name":"GC Sterngartl - Fairway 2 Hotel","isPartOf":{"@id":"https:\/\/fairway2hotel.at\/en\/#website"},"datePublished":"2010-10-13T05:39:55+00:00","dateModified":"2025-03-24T16:12:11+00:00","breadcrumb":{"@id":"https:\/\/fairway2hotel.at\/en\/golfclubs\/oberoesterreich\/golfclub-sterngartl\/#breadcrumb"},"inLanguage":"en-US","potentialAction":[{"@type":"ReadAction","target":["https:\/\/fairway2hotel.at\/en\/golfclubs\/oberoesterreich\/golfclub-sterngartl\/"]}]},{"@type":"BreadcrumbList","@id":"https:\/\/fairway2hotel.at\/en\/golfclubs\/oberoesterreich\/golfclub-sterngartl\/#breadcrumb","itemListElement":[{"@type":"ListItem","position":1,"name":"Home","item":"https:\/\/fairway2hotel.at\/en\/"},{"@type":"ListItem","position":2,"name":"Golfclubs","item":"https:\/\/fairway2hotel.at\/en\/golfclubs\/"},{"@type":"ListItem","position":3,"name":"Golfclubs Ober\u00f6sterreich","item":"https:\/\/fairway2hotel.at\/en\/golfclubs\/oberoesterreich\/"},{"@type":"ListItem","position":4,"name":"GC Sterngartl"}]},{"@type":"WebSite","@id":"https:\/\/fairway2hotel.at\/en\/#website","url":"https:\/\/fairway2hotel.at\/en\/","name":"Fairway 2 Hotel","description":"Golf at half price! 2 play - 1 pays","potentialAction":[{"@type":"SearchAction","target":{"@type":"EntryPoint","urlTemplate":"https:\/\/fairway2hotel.at\/en\/?s={search_term_string}"},"query-input":{"@type":"PropertyValueSpecification","valueRequired":true,"valueName":"search_term_string"}}],"inLanguage":"en-US"}]}},"_links":{"self":[{"href":"https:\/\/fairway2hotel.at\/en\/wp-json\/wp\/v2\/pages\/531","targetHints":{"allow":["GET"]}}],"collection":[{"href":"https:\/\/fairway2hotel.at\/en\/wp-json\/wp\/v2\/pages"}],"about":[{"href":"https:\/\/fairway2hotel.at\/en\/wp-json\/wp\/v2\/types\/page"}],"author":[{"embeddable":true,"href":"https:\/\/fairway2hotel.at\/en\/wp-json\/wp\/v2\/users\/1"}],"replies":[{"embeddable":true,"href":"https:\/\/fairway2hotel.at\/en\/wp-json\/wp\/v2\/comments?post=531"}],"version-history":[{"count":14,"href":"https:\/\/fairway2hotel.at\/en\/wp-json\/wp\/v2\/pages\/531\/revisions"}],"predecessor-version":[{"id":46797,"href":"https:\/\/fairway2hotel.at\/en\/wp-json\/wp\/v2\/pages\/531\/revisions\/46797"}],"up":[{"embeddable":true,"href":"https:\/\/fairway2hotel.at\/en\/wp-json\/wp\/v2\/pages\/1473"}],"acf:attachment":[{"embeddable":true,"href":"https:\/\/fairway2hotel.at\/en\/wp-json\/wp\/v2\/media\/46793"},{"embeddable":true,"href":"https:\/\/fairway2hotel.at\/en\/wp-json\/wp\/v2\/media\/46791"},{"embeddable":true,"href":"https:\/\/fairway2hotel.at\/en\/wp-json\/wp\/v2\/media\/46789"},{"embeddable":true,"href":"https:\/\/fairway2hotel.at\/en\/wp-json\/wp\/v2\/media\/46787"},{"embeddable":true,"href":"https:\/\/fairway2hotel.at\/en\/wp-json\/wp\/v2\/media\/3771"}],"wp:attachment":[{"href":"https:\/\/fairway2hotel.at\/en\/wp-json\/wp\/v2\/media?parent=531"}],"curies":[{"name":"wp","href":"https:\/\/api.w.org\/{rel}","templated":true}]}}