{"id":550,"date":"2010-10-16T14:47:59","date_gmt":"2010-10-16T12:47:59","guid":{"rendered":"https:\/\/f2h.app\/golfclub-waldhof\/"},"modified":"2025-11-13T15:42:48","modified_gmt":"2025-11-13T14:42:48","slug":"golfclub-waldhof","status":"publish","type":"page","link":"https:\/\/fairway2hotel.at\/en\/golfclubs\/salzburg\/golfclub-waldhof\/","title":{"rendered":"GC Waldhof"},"content":{"rendered":"<h2>Golfen am Fuschlsee. Der beste Platz f\u00fcr das sch\u00f6ne Spiel!<\/h2>\n<p>Der Golfclub Waldhof bietet sowohl f\u00fcr Anf\u00e4nger als auch f\u00fcr anspruchsvolle Fortgeschrittene alles, was das Golferherz begehrt \u2013 und das alles bei herrlichem Blick \u00fcber die Fuschlseeregion. Neben den neun idyllischen Golfbahnen gibt es eine eigene Driving-Range, separate Chipping- und Putting-Greens sowie Bunker und Wasserhindernisse. F\u00fcr das Erlangen der Platzreife bzw. Verbessern des Handicaps steht die eigene Golfakademie zur Verf\u00fcgung. Die gem\u00fctliche Waldhof-Alm empfiehlt sich f\u00fcr die wichtigen Pausen zwischendurch. Dort werden typisch \u00f6sterreichische Spezialit\u00e4ten aufgetischt \u2013 nat\u00fcrlich mit Blick auf die Spielbahnen.<\/p>\n<h2>Golfing on Lake Fuschl. The best place for a great game!<\/h2>\n<p>The Waldhof Golf Club offers everything a golfer&#8217;s heart desires for both beginners and demanding advanced players &#8211; and all this with a marvellous view over the Fuschlsee region. In addition to the nine idyllic golf courses, there is a dedicated driving range, separate chipping and putting greens as well as bunkers and water hazards. The golf academy is available for those wishing to obtain their licence to play or improve their handicap. The cosy Waldhof-Alm is recommended for those important breaks in between. Typical Austrian specialities are served there &#8211; with a view of the fairways, of course.<\/p>\n","protected":false},"excerpt":{"rendered":"<p>Golfen am Fuschlsee. Der beste Platz f\u00fcr das sch\u00f6ne Spiel! Der Golfclub Waldhof bietet sowohl f\u00fcr Anf\u00e4nger als auch f\u00fcr anspruchsvolle Fortgeschrittene alles, was das Golferherz begehrt \u2013 und das alles bei herrlichem Blick \u00fcber die Fuschlseeregion. Neben den neun idyllischen Golfbahnen gibt es eine eigene Driving-Range, separate Chipping- und Putting-Greens sowie Bunker und Wasserhindernisse. [&hellip;]<\/p>\n","protected":false},"author":1,"featured_media":0,"parent":1567,"menu_order":35,"comment_status":"closed","ping_status":"closed","template":"page-partner.php","meta":{"_acf_changed":false,"footnotes":""},"class_list":["post-550","page","type-page","status-publish","hentry"],"acf":{"partner_infobox":"<strong>Adresse:\u00a0<\/strong>Schoberstrasse 20, A-5330 Fuschl am See\r\n\r\n<strong>Tel:\u00a0<\/strong>+43 6226 826440\r\n\r\n<strong>Web: <\/strong><a href=\"http:\/\/www.golfclub-waldhof.at\" target=\"_blank\" rel=\"nofollow noopener noreferrer\">www.golfclub-waldhof.at<\/a>\r\n\r\n<strong>E-Mail:<\/strong> <a href=\"mailto:birdie@golfclub-waldhof.at\">birdie@golfclub-waldhof.at<\/a>\r\n\r\n<strong>Spielbahnen\/Par: <\/strong>9\/62\r\n\r\n<strong>La\u0308nge: <\/strong>gelb: 3.150 m\/rot: 2.950 m\r\n\r\n<strong>Anfahrt:\r\n<\/strong>A1 Westautubahn - Abfahrt 274 (Thalgau) - weiter Richtung Hof bei Salzburg - von hier aus immer geradeaus Richtung Fuschl am See","partner_logo":3627,"partner_gallery":[3628,47130,47132],"partner_lat":47.80417,"partner_long":13.30017,"partner_type":"golfclub","partner_openings":["1","2","3","4","5","6","7"],"montag_von_bis":"00:00 - 24:00","dienstag_von_bis":"00:00 - 24:00","mittwoch_von_bis":"00:00 - 24:00","donnerstag_von_bis":"00:00 - 24:00","freitag_von_bis":"00:00 - 24:00","samstag_von_bis":"00:00 - 24:00","sonntag_von_bis":"00:00 - 24:00","partner_adresse":"Schoberstrasse 20, 5330 Fuschl am See","partner_land_bundesland":"Salzburg","partner_tel_1":"","partner_tel_2":"0043 6226 826440","partner_web":"http:\/\/www.golfclub-waldhof.at","partner_mail":"birdie@golfclub-waldhof.at","partner_spielbahnen_par":"9\/62","partner_laenge":"gelb: 3.150 m\/rot: 2.950 m","partner_bedingungen":"","partner_anfahrt":"A1 Westautubahn - Abfahrt 274 (Thalgau) - weiter Richtung Hof bei Salzburg - von hier aus immer geradeaus Richtung Fuschl am See","partner_misc":null,"additional_css_classes":""},"yoast_head":"<!-- This site is optimized with the Yoast SEO plugin v26.8 - https:\/\/yoast.com\/product\/yoast-seo-wordpress\/ -->\n<title>GC Waldhof - Fairway 2 Hotel<\/title>\n<meta name=\"robots\" content=\"index, follow, max-snippet:-1, max-image-preview:large, max-video-preview:-1\" \/>\n<link rel=\"canonical\" href=\"https:\/\/fairway2hotel.at\/en\/golfclubs\/salzburg\/golfclub-waldhof\/\" \/>\n<meta property=\"og:locale\" content=\"en_US\" \/>\n<meta property=\"og:type\" content=\"article\" \/>\n<meta property=\"og:title\" content=\"GC Waldhof - Fairway 2 Hotel\" \/>\n<meta property=\"og:description\" content=\"Golfen am Fuschlsee. Der beste Platz f\u00fcr das sch\u00f6ne Spiel! Der Golfclub Waldhof bietet sowohl f\u00fcr Anf\u00e4nger als auch f\u00fcr anspruchsvolle Fortgeschrittene alles, was das Golferherz begehrt \u2013 und das alles bei herrlichem Blick \u00fcber die Fuschlseeregion. Neben den neun idyllischen Golfbahnen gibt es eine eigene Driving-Range, separate Chipping- und Putting-Greens sowie Bunker und Wasserhindernisse. [&hellip;]\" \/>\n<meta property=\"og:url\" content=\"https:\/\/fairway2hotel.at\/en\/golfclubs\/salzburg\/golfclub-waldhof\/\" \/>\n<meta property=\"og:site_name\" content=\"Fairway 2 Hotel\" \/>\n<meta property=\"article:modified_time\" content=\"2025-11-13T14:42:48+00:00\" \/>\n<meta name=\"twitter:card\" content=\"summary_large_image\" \/>\n<meta name=\"twitter:label1\" content=\"Est. reading time\" \/>\n\t<meta name=\"twitter:data1\" content=\"2 minutes\" \/>\n<script type=\"application\/ld+json\" class=\"yoast-schema-graph\">{\"@context\":\"https:\/\/schema.org\",\"@graph\":[{\"@type\":\"WebPage\",\"@id\":\"https:\/\/fairway2hotel.at\/en\/golfclubs\/salzburg\/golfclub-waldhof\/\",\"url\":\"https:\/\/fairway2hotel.at\/en\/golfclubs\/salzburg\/golfclub-waldhof\/\",\"name\":\"GC Waldhof - Fairway 2 Hotel\",\"isPartOf\":{\"@id\":\"https:\/\/fairway2hotel.at\/en\/#website\"},\"datePublished\":\"2010-10-16T12:47:59+00:00\",\"dateModified\":\"2025-11-13T14:42:48+00:00\",\"breadcrumb\":{\"@id\":\"https:\/\/fairway2hotel.at\/en\/golfclubs\/salzburg\/golfclub-waldhof\/#breadcrumb\"},\"inLanguage\":\"en-US\",\"potentialAction\":[{\"@type\":\"ReadAction\",\"target\":[\"https:\/\/fairway2hotel.at\/en\/golfclubs\/salzburg\/golfclub-waldhof\/\"]}]},{\"@type\":\"BreadcrumbList\",\"@id\":\"https:\/\/fairway2hotel.at\/en\/golfclubs\/salzburg\/golfclub-waldhof\/#breadcrumb\",\"itemListElement\":[{\"@type\":\"ListItem\",\"position\":1,\"name\":\"Home\",\"item\":\"https:\/\/fairway2hotel.at\/en\/\"},{\"@type\":\"ListItem\",\"position\":2,\"name\":\"Golfclubs\",\"item\":\"https:\/\/fairway2hotel.at\/en\/golfclubs\/\"},{\"@type\":\"ListItem\",\"position\":3,\"name\":\"Golfclubs Salzburg\",\"item\":\"https:\/\/fairway2hotel.at\/en\/golfclubs\/salzburg\/\"},{\"@type\":\"ListItem\",\"position\":4,\"name\":\"GC Waldhof\"}]},{\"@type\":\"WebSite\",\"@id\":\"https:\/\/fairway2hotel.at\/en\/#website\",\"url\":\"https:\/\/fairway2hotel.at\/en\/\",\"name\":\"Fairway 2 Hotel\",\"description\":\"Golf at half price! 2 play - 1 pays\",\"potentialAction\":[{\"@type\":\"SearchAction\",\"target\":{\"@type\":\"EntryPoint\",\"urlTemplate\":\"https:\/\/fairway2hotel.at\/en\/?s={search_term_string}\"},\"query-input\":{\"@type\":\"PropertyValueSpecification\",\"valueRequired\":true,\"valueName\":\"search_term_string\"}}],\"inLanguage\":\"en-US\"}]}<\/script>\n<!-- \/ Yoast SEO plugin. -->","yoast_head_json":{"title":"GC Waldhof - Fairway 2 Hotel","robots":{"index":"index","follow":"follow","max-snippet":"max-snippet:-1","max-image-preview":"max-image-preview:large","max-video-preview":"max-video-preview:-1"},"canonical":"https:\/\/fairway2hotel.at\/en\/golfclubs\/salzburg\/golfclub-waldhof\/","og_locale":"en_US","og_type":"article","og_title":"GC Waldhof - Fairway 2 Hotel","og_description":"Golfen am Fuschlsee. Der beste Platz f\u00fcr das sch\u00f6ne Spiel! Der Golfclub Waldhof bietet sowohl f\u00fcr Anf\u00e4nger als auch f\u00fcr anspruchsvolle Fortgeschrittene alles, was das Golferherz begehrt \u2013 und das alles bei herrlichem Blick \u00fcber die Fuschlseeregion. Neben den neun idyllischen Golfbahnen gibt es eine eigene Driving-Range, separate Chipping- und Putting-Greens sowie Bunker und Wasserhindernisse. [&hellip;]","og_url":"https:\/\/fairway2hotel.at\/en\/golfclubs\/salzburg\/golfclub-waldhof\/","og_site_name":"Fairway 2 Hotel","article_modified_time":"2025-11-13T14:42:48+00:00","twitter_card":"summary_large_image","twitter_misc":{"Est. reading time":"2 minutes"},"schema":{"@context":"https:\/\/schema.org","@graph":[{"@type":"WebPage","@id":"https:\/\/fairway2hotel.at\/en\/golfclubs\/salzburg\/golfclub-waldhof\/","url":"https:\/\/fairway2hotel.at\/en\/golfclubs\/salzburg\/golfclub-waldhof\/","name":"GC Waldhof - Fairway 2 Hotel","isPartOf":{"@id":"https:\/\/fairway2hotel.at\/en\/#website"},"datePublished":"2010-10-16T12:47:59+00:00","dateModified":"2025-11-13T14:42:48+00:00","breadcrumb":{"@id":"https:\/\/fairway2hotel.at\/en\/golfclubs\/salzburg\/golfclub-waldhof\/#breadcrumb"},"inLanguage":"en-US","potentialAction":[{"@type":"ReadAction","target":["https:\/\/fairway2hotel.at\/en\/golfclubs\/salzburg\/golfclub-waldhof\/"]}]},{"@type":"BreadcrumbList","@id":"https:\/\/fairway2hotel.at\/en\/golfclubs\/salzburg\/golfclub-waldhof\/#breadcrumb","itemListElement":[{"@type":"ListItem","position":1,"name":"Home","item":"https:\/\/fairway2hotel.at\/en\/"},{"@type":"ListItem","position":2,"name":"Golfclubs","item":"https:\/\/fairway2hotel.at\/en\/golfclubs\/"},{"@type":"ListItem","position":3,"name":"Golfclubs Salzburg","item":"https:\/\/fairway2hotel.at\/en\/golfclubs\/salzburg\/"},{"@type":"ListItem","position":4,"name":"GC Waldhof"}]},{"@type":"WebSite","@id":"https:\/\/fairway2hotel.at\/en\/#website","url":"https:\/\/fairway2hotel.at\/en\/","name":"Fairway 2 Hotel","description":"Golf at half price! 2 play - 1 pays","potentialAction":[{"@type":"SearchAction","target":{"@type":"EntryPoint","urlTemplate":"https:\/\/fairway2hotel.at\/en\/?s={search_term_string}"},"query-input":{"@type":"PropertyValueSpecification","valueRequired":true,"valueName":"search_term_string"}}],"inLanguage":"en-US"}]}},"_links":{"self":[{"href":"https:\/\/fairway2hotel.at\/en\/wp-json\/wp\/v2\/pages\/550","targetHints":{"allow":["GET"]}}],"collection":[{"href":"https:\/\/fairway2hotel.at\/en\/wp-json\/wp\/v2\/pages"}],"about":[{"href":"https:\/\/fairway2hotel.at\/en\/wp-json\/wp\/v2\/types\/page"}],"author":[{"embeddable":true,"href":"https:\/\/fairway2hotel.at\/en\/wp-json\/wp\/v2\/users\/1"}],"replies":[{"embeddable":true,"href":"https:\/\/fairway2hotel.at\/en\/wp-json\/wp\/v2\/comments?post=550"}],"version-history":[{"count":9,"href":"https:\/\/fairway2hotel.at\/en\/wp-json\/wp\/v2\/pages\/550\/revisions"}],"predecessor-version":[{"id":49794,"href":"https:\/\/fairway2hotel.at\/en\/wp-json\/wp\/v2\/pages\/550\/revisions\/49794"}],"up":[{"embeddable":true,"href":"https:\/\/fairway2hotel.at\/en\/wp-json\/wp\/v2\/pages\/1567"}],"acf:attachment":[{"embeddable":true,"href":"https:\/\/fairway2hotel.at\/en\/wp-json\/wp\/v2\/media\/47132"},{"embeddable":true,"href":"https:\/\/fairway2hotel.at\/en\/wp-json\/wp\/v2\/media\/47130"},{"embeddable":true,"href":"https:\/\/fairway2hotel.at\/en\/wp-json\/wp\/v2\/media\/3628"}],"wp:attachment":[{"href":"https:\/\/fairway2hotel.at\/en\/wp-json\/wp\/v2\/media?parent=550"}],"curies":[{"name":"wp","href":"https:\/\/api.w.org\/{rel}","templated":true}]}}