{"id":566,"date":"2010-10-16T19:02:17","date_gmt":"2010-10-16T17:02:17","guid":{"rendered":"https:\/\/f2h.app\/golfclub-seefeld-reith\/"},"modified":"2025-05-14T14:09:21","modified_gmt":"2025-05-14T12:09:21","slug":"golfclub-seefeld-reith","status":"publish","type":"page","link":"https:\/\/fairway2hotel.at\/en\/golfclubs\/tirol\/golfclub-seefeld-reith\/","title":{"rendered":"GC Seefeld Reith"},"content":{"rendered":"<h2>Herzlich Willkommen im GC Seefeld Reith!<\/h2>\n<p>Im Herzen Seefelds, eingebettet in Karwendel-, Wettersteingebirge und Mieminger Kette, liegt einer der anspruchsvollsten 9-Loch-Pl\u00e4tze der Alpen: Der Golfclub Seefeld Reith bietet alles, was den Sport so reizvoll macht. SpielerInnen aller Altersklassen und Spielst\u00e4rken finden hier ein reiches Bet\u00e4tigungsfeld und ebenso mannigfaltige Herausforderungen. Die durchwegs ebenen Spielbahnen sind so angelegt, dass nicht nur f\u00fcrs Auge Spektakul\u00e4res geboten wird, sondern auch der Spa\u00df am Spiel nicht zu kurz kommt. Einzigartig auch die \u00dcbungsm\u00f6glichkeiten: die weithin bekannte und renommierte Golfacademy mit den PGA-Professionals Thomas Knuchel und Andi St\u00f6cklein. Eine Driving Range, beidseitig bespielbar und 12 \u00fcberdachte Abschlagpl\u00e4tze, erg\u00e4nzt durch Chipping-, Pitching- und Putting-Greens, sowie \u00dcbungsbunker vervollst\u00e4ndigen das au\u00dfergew\u00f6hnliche Angebot.<\/p>\n<h2>Welcome to GC Seefeld Reith!<\/h2>\n<p>In the heart of Seefeld, nestled between the Karwendel and Wetterstein mountains and the Mieminger chain, lies one of the most challenging 9-hole courses in the Alps: Seefeld Reith Golf Club offers everything that makes the sport so appealing. Players of all ages and abilities will find a wide range of activities and equally varied challenges here. The consistently level fairways are laid out in such a way that they are not only spectacular to look at, but also fun to play. The practice facilities are also unique: the well-known and renowned golf academy with PGA professionals Thomas Knuchel and Andi St\u00f6cklein. A driving range, playable on both sides and 12 covered teeing grounds, supplemented by chipping, pitching and putting greens, as well as practice bunkers complete the exceptional range of facilities.<\/p>\n<p>&nbsp;<\/p>\n","protected":false},"excerpt":{"rendered":"<p>Herzlich Willkommen im GC Seefeld Reith! Im Herzen Seefelds, eingebettet in Karwendel-, Wettersteingebirge und Mieminger Kette, liegt einer der anspruchsvollsten 9-Loch-Pl\u00e4tze der Alpen: Der Golfclub Seefeld Reith bietet alles, was den Sport so reizvoll macht. SpielerInnen aller Altersklassen und Spielst\u00e4rken finden hier ein reiches Bet\u00e4tigungsfeld und ebenso mannigfaltige Herausforderungen. Die durchwegs ebenen Spielbahnen sind so [&hellip;]<\/p>\n","protected":false},"author":1,"featured_media":0,"parent":1592,"menu_order":30,"comment_status":"closed","ping_status":"closed","template":"page-partner.php","meta":{"_acf_changed":false,"footnotes":""},"class_list":["post-566","page","type-page","status-publish","hentry"],"acf":{"partner_infobox":"<strong>Adresse:\u00a0<\/strong>Reitherspitzstra\u00dfe 632 d, A-6100 Seefeld in Tirol\r\n\r\n<strong>Tel:\u00a0<\/strong>+43 (0) 5212\/3797\r\n\r\n<strong>Fax:\u00a0<\/strong>+43 (0) 5212\/5176\r\n\r\n<strong>Web: <\/strong><a href=\"http:\/\/www.gc-seefeld-reith.at\" target=\"_blank\" rel=\"nofollow noopener\">www.gc-seefeld-reith.at<\/a>\r\n\r\n<strong>E-Mail:<\/strong> <a href=\"mailto:info@gc-seefeld-reith.at\">info@gc-seefeld-reith.at<\/a>\r\n\r\n<strong>Spielbahnen\/Par: <\/strong>9\/70\r\n\r\n<strong>La\u0308nge:\r\n<\/strong>Wei\u00df: 2.775 \/ 5.550 m\r\nGelb: 2.648 \/ 5.296 m\r\nBlau: 2.424 \/ 4.848 m\r\nRot: 2.277 \/ 4.554 m\r\n\r\n<strong>Anfahrt:\r\n<\/strong>Der Luftkurort Seefeld liegt ca. 22 km westlich von Innsbruck in 1200 Meter Seeh\u00f6he, der \u00fcber bequeme Anfahrtsrouten von Deutschland (aus Richtung M\u00fcnchen), Italien und der Schweiz leicht erreichbar ist.","partner_logo":565,"partner_gallery":[2792,47999,48001,48003],"partner_lat":47.32702,"partner_long":11.19071,"partner_type":"golfclub","partner_openings":["1","2","3","4","5","7"],"montag_von_bis":"00:00 - 24:00","dienstag_von_bis":"00:00 - 24:00","mittwoch_von_bis":"00:00 - 24:00","donnerstag_von_bis":"00:00 - 24:00","freitag_von_bis":"00:00 - 13:00","samstag_von_bis":"00:00 - 24:00","sonntag_von_bis":"13:00 - 24:00","partner_adresse":"Reitherspitzstra\u00dfe 632d, 6100 Seefeld in Tirol","partner_land_bundesland":"Tirol","partner_tel_1":"0043 5212 5176","partner_tel_2":"0043 5212 3797","partner_web":"http:\/\/www.gc-seefeld-reith.at","partner_mail":"info@gc-seefeld-reith.at","partner_spielbahnen_par":"9\/70","partner_laenge":"Wei\u00df: 2.775 \/ 5.550 m Gelb: 2.648 \/ 5.296 m Blau: 2.424 \/ 4.848 m Rot: 2.277 \/ 4.554 m","partner_bedingungen":"Gutscheine g\u00fcltig von Sonntag ab 13.00 Uhr bis Freitag 13.00 Uhr, ausgenommen Feiertage\r\nVoucher valid from Sunday 1.00 p.m. to Friday 1.p.m., except public holidays.","partner_anfahrt":"Der Luftkurort Seefeld liegt ca. 22 km westlich von Innsbruck in 1200 Meter Seeh\u00f6he, der \u00fcber bequeme Anfahrtsrouten von Deutschland (aus Richtung M\u00fcnchen), Italien und der Schweiz leicht erreichbar ist.","partner_misc":null,"additional_css_classes":""},"yoast_head":"<!-- This site is optimized with the Yoast SEO plugin v26.8 - https:\/\/yoast.com\/product\/yoast-seo-wordpress\/ -->\n<title>GC Seefeld Reith - Fairway 2 Hotel<\/title>\n<meta name=\"robots\" content=\"index, follow, max-snippet:-1, max-image-preview:large, max-video-preview:-1\" \/>\n<link rel=\"canonical\" href=\"https:\/\/fairway2hotel.at\/en\/golfclubs\/tirol\/golfclub-seefeld-reith\/\" \/>\n<meta property=\"og:locale\" content=\"en_US\" \/>\n<meta property=\"og:type\" content=\"article\" \/>\n<meta property=\"og:title\" content=\"GC Seefeld Reith - Fairway 2 Hotel\" \/>\n<meta property=\"og:description\" content=\"Herzlich Willkommen im GC Seefeld Reith! Im Herzen Seefelds, eingebettet in Karwendel-, Wettersteingebirge und Mieminger Kette, liegt einer der anspruchsvollsten 9-Loch-Pl\u00e4tze der Alpen: Der Golfclub Seefeld Reith bietet alles, was den Sport so reizvoll macht. SpielerInnen aller Altersklassen und Spielst\u00e4rken finden hier ein reiches Bet\u00e4tigungsfeld und ebenso mannigfaltige Herausforderungen. Die durchwegs ebenen Spielbahnen sind so [&hellip;]\" \/>\n<meta property=\"og:url\" content=\"https:\/\/fairway2hotel.at\/en\/golfclubs\/tirol\/golfclub-seefeld-reith\/\" \/>\n<meta property=\"og:site_name\" content=\"Fairway 2 Hotel\" \/>\n<meta property=\"article:modified_time\" content=\"2025-05-14T12:09:21+00:00\" \/>\n<meta name=\"twitter:card\" content=\"summary_large_image\" \/>\n<meta name=\"twitter:label1\" content=\"Est. reading time\" \/>\n\t<meta name=\"twitter:data1\" content=\"2 minutes\" \/>\n<script type=\"application\/ld+json\" class=\"yoast-schema-graph\">{\"@context\":\"https:\/\/schema.org\",\"@graph\":[{\"@type\":\"WebPage\",\"@id\":\"https:\/\/fairway2hotel.at\/en\/golfclubs\/tirol\/golfclub-seefeld-reith\/\",\"url\":\"https:\/\/fairway2hotel.at\/en\/golfclubs\/tirol\/golfclub-seefeld-reith\/\",\"name\":\"GC Seefeld Reith - Fairway 2 Hotel\",\"isPartOf\":{\"@id\":\"https:\/\/fairway2hotel.at\/en\/#website\"},\"datePublished\":\"2010-10-16T17:02:17+00:00\",\"dateModified\":\"2025-05-14T12:09:21+00:00\",\"breadcrumb\":{\"@id\":\"https:\/\/fairway2hotel.at\/en\/golfclubs\/tirol\/golfclub-seefeld-reith\/#breadcrumb\"},\"inLanguage\":\"en-US\",\"potentialAction\":[{\"@type\":\"ReadAction\",\"target\":[\"https:\/\/fairway2hotel.at\/en\/golfclubs\/tirol\/golfclub-seefeld-reith\/\"]}]},{\"@type\":\"BreadcrumbList\",\"@id\":\"https:\/\/fairway2hotel.at\/en\/golfclubs\/tirol\/golfclub-seefeld-reith\/#breadcrumb\",\"itemListElement\":[{\"@type\":\"ListItem\",\"position\":1,\"name\":\"Home\",\"item\":\"https:\/\/fairway2hotel.at\/en\/\"},{\"@type\":\"ListItem\",\"position\":2,\"name\":\"Golfclubs\",\"item\":\"https:\/\/fairway2hotel.at\/en\/golfclubs\/\"},{\"@type\":\"ListItem\",\"position\":3,\"name\":\"Golfclubs Tirol\",\"item\":\"https:\/\/fairway2hotel.at\/en\/golfclubs\/tirol\/\"},{\"@type\":\"ListItem\",\"position\":4,\"name\":\"GC Seefeld Reith\"}]},{\"@type\":\"WebSite\",\"@id\":\"https:\/\/fairway2hotel.at\/en\/#website\",\"url\":\"https:\/\/fairway2hotel.at\/en\/\",\"name\":\"Fairway 2 Hotel\",\"description\":\"Golf at half price! 2 play - 1 pays\",\"potentialAction\":[{\"@type\":\"SearchAction\",\"target\":{\"@type\":\"EntryPoint\",\"urlTemplate\":\"https:\/\/fairway2hotel.at\/en\/?s={search_term_string}\"},\"query-input\":{\"@type\":\"PropertyValueSpecification\",\"valueRequired\":true,\"valueName\":\"search_term_string\"}}],\"inLanguage\":\"en-US\"}]}<\/script>\n<!-- \/ Yoast SEO plugin. -->","yoast_head_json":{"title":"GC Seefeld Reith - Fairway 2 Hotel","robots":{"index":"index","follow":"follow","max-snippet":"max-snippet:-1","max-image-preview":"max-image-preview:large","max-video-preview":"max-video-preview:-1"},"canonical":"https:\/\/fairway2hotel.at\/en\/golfclubs\/tirol\/golfclub-seefeld-reith\/","og_locale":"en_US","og_type":"article","og_title":"GC Seefeld Reith - Fairway 2 Hotel","og_description":"Herzlich Willkommen im GC Seefeld Reith! Im Herzen Seefelds, eingebettet in Karwendel-, Wettersteingebirge und Mieminger Kette, liegt einer der anspruchsvollsten 9-Loch-Pl\u00e4tze der Alpen: Der Golfclub Seefeld Reith bietet alles, was den Sport so reizvoll macht. SpielerInnen aller Altersklassen und Spielst\u00e4rken finden hier ein reiches Bet\u00e4tigungsfeld und ebenso mannigfaltige Herausforderungen. Die durchwegs ebenen Spielbahnen sind so [&hellip;]","og_url":"https:\/\/fairway2hotel.at\/en\/golfclubs\/tirol\/golfclub-seefeld-reith\/","og_site_name":"Fairway 2 Hotel","article_modified_time":"2025-05-14T12:09:21+00:00","twitter_card":"summary_large_image","twitter_misc":{"Est. reading time":"2 minutes"},"schema":{"@context":"https:\/\/schema.org","@graph":[{"@type":"WebPage","@id":"https:\/\/fairway2hotel.at\/en\/golfclubs\/tirol\/golfclub-seefeld-reith\/","url":"https:\/\/fairway2hotel.at\/en\/golfclubs\/tirol\/golfclub-seefeld-reith\/","name":"GC Seefeld Reith - Fairway 2 Hotel","isPartOf":{"@id":"https:\/\/fairway2hotel.at\/en\/#website"},"datePublished":"2010-10-16T17:02:17+00:00","dateModified":"2025-05-14T12:09:21+00:00","breadcrumb":{"@id":"https:\/\/fairway2hotel.at\/en\/golfclubs\/tirol\/golfclub-seefeld-reith\/#breadcrumb"},"inLanguage":"en-US","potentialAction":[{"@type":"ReadAction","target":["https:\/\/fairway2hotel.at\/en\/golfclubs\/tirol\/golfclub-seefeld-reith\/"]}]},{"@type":"BreadcrumbList","@id":"https:\/\/fairway2hotel.at\/en\/golfclubs\/tirol\/golfclub-seefeld-reith\/#breadcrumb","itemListElement":[{"@type":"ListItem","position":1,"name":"Home","item":"https:\/\/fairway2hotel.at\/en\/"},{"@type":"ListItem","position":2,"name":"Golfclubs","item":"https:\/\/fairway2hotel.at\/en\/golfclubs\/"},{"@type":"ListItem","position":3,"name":"Golfclubs Tirol","item":"https:\/\/fairway2hotel.at\/en\/golfclubs\/tirol\/"},{"@type":"ListItem","position":4,"name":"GC Seefeld Reith"}]},{"@type":"WebSite","@id":"https:\/\/fairway2hotel.at\/en\/#website","url":"https:\/\/fairway2hotel.at\/en\/","name":"Fairway 2 Hotel","description":"Golf at half price! 2 play - 1 pays","potentialAction":[{"@type":"SearchAction","target":{"@type":"EntryPoint","urlTemplate":"https:\/\/fairway2hotel.at\/en\/?s={search_term_string}"},"query-input":{"@type":"PropertyValueSpecification","valueRequired":true,"valueName":"search_term_string"}}],"inLanguage":"en-US"}]}},"_links":{"self":[{"href":"https:\/\/fairway2hotel.at\/en\/wp-json\/wp\/v2\/pages\/566","targetHints":{"allow":["GET"]}}],"collection":[{"href":"https:\/\/fairway2hotel.at\/en\/wp-json\/wp\/v2\/pages"}],"about":[{"href":"https:\/\/fairway2hotel.at\/en\/wp-json\/wp\/v2\/types\/page"}],"author":[{"embeddable":true,"href":"https:\/\/fairway2hotel.at\/en\/wp-json\/wp\/v2\/users\/1"}],"replies":[{"embeddable":true,"href":"https:\/\/fairway2hotel.at\/en\/wp-json\/wp\/v2\/comments?post=566"}],"version-history":[{"count":16,"href":"https:\/\/fairway2hotel.at\/en\/wp-json\/wp\/v2\/pages\/566\/revisions"}],"predecessor-version":[{"id":48412,"href":"https:\/\/fairway2hotel.at\/en\/wp-json\/wp\/v2\/pages\/566\/revisions\/48412"}],"up":[{"embeddable":true,"href":"https:\/\/fairway2hotel.at\/en\/wp-json\/wp\/v2\/pages\/1592"}],"acf:attachment":[{"embeddable":true,"href":"https:\/\/fairway2hotel.at\/en\/wp-json\/wp\/v2\/media\/48003"},{"embeddable":true,"href":"https:\/\/fairway2hotel.at\/en\/wp-json\/wp\/v2\/media\/48001"},{"embeddable":true,"href":"https:\/\/fairway2hotel.at\/en\/wp-json\/wp\/v2\/media\/47999"},{"embeddable":true,"href":"https:\/\/fairway2hotel.at\/en\/wp-json\/wp\/v2\/media\/2792"}],"wp:attachment":[{"href":"https:\/\/fairway2hotel.at\/en\/wp-json\/wp\/v2\/media?parent=566"}],"curies":[{"name":"wp","href":"https:\/\/api.w.org\/{rel}","templated":true}]}}