{"id":600,"date":"2010-10-17T17:39:46","date_gmt":"2010-10-17T15:39:46","guid":{"rendered":"https:\/\/f2h.app\/hotel-restaurant-knappenwirt\/"},"modified":"2026-03-31T15:41:20","modified_gmt":"2026-03-31T13:41:20","slug":"hotel-restaurant-knappenwirt","status":"publish","type":"page","link":"https:\/\/fairway2hotel.at\/en\/hotels\/steiermark\/hotel-restaurant-knappenwirt\/","title":{"rendered":"Hotel-Restaurant Knappenwirt"},"content":{"rendered":"<h2>Genussmomente<\/h2>\n<p>Beim Knappenwirt in Mariahof trifft moderne K\u00fcche auf steirische Hausmannskost. Hier erleben Sie in dem lichtdurchfluteten Wintergarten, den urigen Stuben oder dem gem\u00fctlichen Gastgarten Gaumenfreuden der Extraklasse. Bei der Zubereitung seiner Speisen stehen f\u00fcr den K\u00fcchenchef Michael Lohr\u00a0besonders Regionalit\u00e4t und die Verarbeitung\u00a0von saisonalen Produkten im Vordergrund.\u00a0Obendrein hat der Knappenwirt auch noch\u00a0einen gut gef\u00fcllten Weinkeller.<\/p>\n<h2>Moments of pleasure<\/h2>\n<p>At the Knappenwirt in Mariahof, modern cuisine meets Styrian home cooking. Here you can experience first-class culinary delights in the light-flooded conservatory, the rustic parlors or the cozy guest garden. When preparing his dishes, chef Michael Lohr places particular emphasis on regionality and the use of seasonal produce. On top of this, the Knappenwirt also has a well-stocked wine cellar.<\/p>\n<p>&nbsp;<\/p>\n","protected":false},"excerpt":{"rendered":"<p>Genussmomente Beim Knappenwirt in Mariahof trifft moderne K\u00fcche auf steirische Hausmannskost. Hier erleben Sie in dem lichtdurchfluteten Wintergarten, den urigen Stuben oder dem gem\u00fctlichen Gastgarten Gaumenfreuden der Extraklasse. Bei der Zubereitung seiner Speisen stehen f\u00fcr den K\u00fcchenchef Michael Lohr\u00a0besonders Regionalit\u00e4t und die Verarbeitung\u00a0von saisonalen Produkten im Vordergrund.\u00a0Obendrein hat der Knappenwirt auch noch\u00a0einen gut gef\u00fcllten Weinkeller. [&hellip;]<\/p>\n","protected":false},"author":1,"featured_media":0,"parent":2141,"menu_order":15,"comment_status":"closed","ping_status":"closed","template":"page-partner.php","meta":{"_acf_changed":false,"footnotes":""},"class_list":["post-600","page","type-page","status-publish","hentry"],"acf":{"partner_infobox":"<strong>Adresse:\u00a0<\/strong>Hoferdorf 113, A-8812 Mariahof\r\n\r\n<strong>Tel:\u00a0<\/strong>+43 3584\/2542\r\n\r\n<strong>Web: <\/strong><a href=\"http:\/\/www.knappenwirt.at\" target=\"_blank\" rel=\"nofollow noopener noreferrer\">www.knappenwirt.at<\/a>\r\n\r\n<strong>E-Mail:<\/strong> <a href=\"mailto:info@knappenwirt.at\">info@knappenwirt.at<\/a>\r\n\r\n<em><strong>Bedingungen:\r\n<\/strong>buchbar April-Oktober. Nicht g\u00fcltig auf sonstige Packageangebote<\/em>\r\n\r\n<strong>Golfclubs in der N\u00e4he:\r\n<\/strong>GC Mariahof 2,5 km\/GC La\u0308ngsee 27 km\/GC Murau-Kreischberg31 km\/GC Murtal 45 km\/GC Lungau 55 km\r\n\r\n<strong>Anfahrt:\r\n<\/strong>von Wien \u2192 Bruck, Leoben (S 36), Judenburg, Scheif- ling \u2192 Klagenfurt (B 317) \/ von Salzburg \u2192 A10 \u2192 Tamsweg (B 97), Murau (B 96)","partner_logo":599,"partner_gallery":[3657,597],"partner_lat":47.095468,"partner_long":14.403659,"partner_type":"hotel","partner_openings":["1","2","3","4","5","6","7"],"montag_von_bis":"00:00 - 24:00","dienstag_von_bis":"00:00 - 24:00","mittwoch_von_bis":"00:00 - 24:00","donnerstag_von_bis":"00:00 - 24:00","freitag_von_bis":"00:00 - 24:00","samstag_von_bis":"00:00 - 24:00","sonntag_von_bis":"00:00 - 24:00","partner_adresse":"Hoferdorf 113, A-8812 Mariahof","partner_land_bundesland":"","partner_tel_1":"+43 3584\/2542","partner_tel_2":"","partner_web":"http:\/\/www.knappenwirt.at","partner_mail":"info@knappenwirt.at","partner_spielbahnen_par":"","partner_laenge":"","partner_bedingungen":"buchbar April-Oktober. Nicht g\u00fcltig auf sonstige Packageangebote\r\nbookable April-October. Not valid on other package offers","partner_anfahrt":"","partner_misc":null,"additional_css_classes":""},"yoast_head":"<!-- This site is optimized with the Yoast SEO plugin v26.8 - https:\/\/yoast.com\/product\/yoast-seo-wordpress\/ -->\n<title>Hotel-Restaurant Knappenwirt - Fairway 2 Hotel<\/title>\n<meta name=\"robots\" content=\"index, follow, max-snippet:-1, max-image-preview:large, max-video-preview:-1\" \/>\n<link rel=\"canonical\" href=\"https:\/\/fairway2hotel.at\/en\/hotels\/steiermark\/hotel-restaurant-knappenwirt\/\" \/>\n<meta property=\"og:locale\" content=\"en_US\" \/>\n<meta property=\"og:type\" content=\"article\" \/>\n<meta property=\"og:title\" content=\"Hotel-Restaurant Knappenwirt - Fairway 2 Hotel\" \/>\n<meta property=\"og:description\" content=\"Genussmomente Beim Knappenwirt in Mariahof trifft moderne K\u00fcche auf steirische Hausmannskost. Hier erleben Sie in dem lichtdurchfluteten Wintergarten, den urigen Stuben oder dem gem\u00fctlichen Gastgarten Gaumenfreuden der Extraklasse. Bei der Zubereitung seiner Speisen stehen f\u00fcr den K\u00fcchenchef Michael Lohr\u00a0besonders Regionalit\u00e4t und die Verarbeitung\u00a0von saisonalen Produkten im Vordergrund.\u00a0Obendrein hat der Knappenwirt auch noch\u00a0einen gut gef\u00fcllten Weinkeller. [&hellip;]\" \/>\n<meta property=\"og:url\" content=\"https:\/\/fairway2hotel.at\/en\/hotels\/steiermark\/hotel-restaurant-knappenwirt\/\" \/>\n<meta property=\"og:site_name\" content=\"Fairway 2 Hotel\" \/>\n<meta property=\"article:modified_time\" content=\"2026-03-31T13:41:20+00:00\" \/>\n<meta name=\"twitter:card\" content=\"summary_large_image\" \/>\n<meta name=\"twitter:label1\" content=\"Est. reading time\" \/>\n\t<meta name=\"twitter:data1\" content=\"1 minute\" \/>\n<script type=\"application\/ld+json\" class=\"yoast-schema-graph\">{\"@context\":\"https:\/\/schema.org\",\"@graph\":[{\"@type\":\"WebPage\",\"@id\":\"https:\/\/fairway2hotel.at\/en\/hotels\/steiermark\/hotel-restaurant-knappenwirt\/\",\"url\":\"https:\/\/fairway2hotel.at\/en\/hotels\/steiermark\/hotel-restaurant-knappenwirt\/\",\"name\":\"Hotel-Restaurant Knappenwirt - Fairway 2 Hotel\",\"isPartOf\":{\"@id\":\"https:\/\/fairway2hotel.at\/en\/#website\"},\"datePublished\":\"2010-10-17T15:39:46+00:00\",\"dateModified\":\"2026-03-31T13:41:20+00:00\",\"breadcrumb\":{\"@id\":\"https:\/\/fairway2hotel.at\/en\/hotels\/steiermark\/hotel-restaurant-knappenwirt\/#breadcrumb\"},\"inLanguage\":\"en-US\",\"potentialAction\":[{\"@type\":\"ReadAction\",\"target\":[\"https:\/\/fairway2hotel.at\/en\/hotels\/steiermark\/hotel-restaurant-knappenwirt\/\"]}]},{\"@type\":\"BreadcrumbList\",\"@id\":\"https:\/\/fairway2hotel.at\/en\/hotels\/steiermark\/hotel-restaurant-knappenwirt\/#breadcrumb\",\"itemListElement\":[{\"@type\":\"ListItem\",\"position\":1,\"name\":\"Home\",\"item\":\"https:\/\/fairway2hotel.at\/en\/\"},{\"@type\":\"ListItem\",\"position\":2,\"name\":\"Hotels\",\"item\":\"https:\/\/fairway2hotel.at\/en\/hotels\/\"},{\"@type\":\"ListItem\",\"position\":3,\"name\":\"Hotels Steiermark\",\"item\":\"https:\/\/fairway2hotel.at\/en\/hotels\/steiermark\/\"},{\"@type\":\"ListItem\",\"position\":4,\"name\":\"Hotel-Restaurant Knappenwirt\"}]},{\"@type\":\"WebSite\",\"@id\":\"https:\/\/fairway2hotel.at\/en\/#website\",\"url\":\"https:\/\/fairway2hotel.at\/en\/\",\"name\":\"Fairway 2 Hotel\",\"description\":\"Golf at half price! 2 play - 1 pays\",\"potentialAction\":[{\"@type\":\"SearchAction\",\"target\":{\"@type\":\"EntryPoint\",\"urlTemplate\":\"https:\/\/fairway2hotel.at\/en\/?s={search_term_string}\"},\"query-input\":{\"@type\":\"PropertyValueSpecification\",\"valueRequired\":true,\"valueName\":\"search_term_string\"}}],\"inLanguage\":\"en-US\"}]}<\/script>\n<!-- \/ Yoast SEO plugin. -->","yoast_head_json":{"title":"Hotel-Restaurant Knappenwirt - Fairway 2 Hotel","robots":{"index":"index","follow":"follow","max-snippet":"max-snippet:-1","max-image-preview":"max-image-preview:large","max-video-preview":"max-video-preview:-1"},"canonical":"https:\/\/fairway2hotel.at\/en\/hotels\/steiermark\/hotel-restaurant-knappenwirt\/","og_locale":"en_US","og_type":"article","og_title":"Hotel-Restaurant Knappenwirt - Fairway 2 Hotel","og_description":"Genussmomente Beim Knappenwirt in Mariahof trifft moderne K\u00fcche auf steirische Hausmannskost. Hier erleben Sie in dem lichtdurchfluteten Wintergarten, den urigen Stuben oder dem gem\u00fctlichen Gastgarten Gaumenfreuden der Extraklasse. Bei der Zubereitung seiner Speisen stehen f\u00fcr den K\u00fcchenchef Michael Lohr\u00a0besonders Regionalit\u00e4t und die Verarbeitung\u00a0von saisonalen Produkten im Vordergrund.\u00a0Obendrein hat der Knappenwirt auch noch\u00a0einen gut gef\u00fcllten Weinkeller. [&hellip;]","og_url":"https:\/\/fairway2hotel.at\/en\/hotels\/steiermark\/hotel-restaurant-knappenwirt\/","og_site_name":"Fairway 2 Hotel","article_modified_time":"2026-03-31T13:41:20+00:00","twitter_card":"summary_large_image","twitter_misc":{"Est. reading time":"1 minute"},"schema":{"@context":"https:\/\/schema.org","@graph":[{"@type":"WebPage","@id":"https:\/\/fairway2hotel.at\/en\/hotels\/steiermark\/hotel-restaurant-knappenwirt\/","url":"https:\/\/fairway2hotel.at\/en\/hotels\/steiermark\/hotel-restaurant-knappenwirt\/","name":"Hotel-Restaurant Knappenwirt - Fairway 2 Hotel","isPartOf":{"@id":"https:\/\/fairway2hotel.at\/en\/#website"},"datePublished":"2010-10-17T15:39:46+00:00","dateModified":"2026-03-31T13:41:20+00:00","breadcrumb":{"@id":"https:\/\/fairway2hotel.at\/en\/hotels\/steiermark\/hotel-restaurant-knappenwirt\/#breadcrumb"},"inLanguage":"en-US","potentialAction":[{"@type":"ReadAction","target":["https:\/\/fairway2hotel.at\/en\/hotels\/steiermark\/hotel-restaurant-knappenwirt\/"]}]},{"@type":"BreadcrumbList","@id":"https:\/\/fairway2hotel.at\/en\/hotels\/steiermark\/hotel-restaurant-knappenwirt\/#breadcrumb","itemListElement":[{"@type":"ListItem","position":1,"name":"Home","item":"https:\/\/fairway2hotel.at\/en\/"},{"@type":"ListItem","position":2,"name":"Hotels","item":"https:\/\/fairway2hotel.at\/en\/hotels\/"},{"@type":"ListItem","position":3,"name":"Hotels Steiermark","item":"https:\/\/fairway2hotel.at\/en\/hotels\/steiermark\/"},{"@type":"ListItem","position":4,"name":"Hotel-Restaurant Knappenwirt"}]},{"@type":"WebSite","@id":"https:\/\/fairway2hotel.at\/en\/#website","url":"https:\/\/fairway2hotel.at\/en\/","name":"Fairway 2 Hotel","description":"Golf at half price! 2 play - 1 pays","potentialAction":[{"@type":"SearchAction","target":{"@type":"EntryPoint","urlTemplate":"https:\/\/fairway2hotel.at\/en\/?s={search_term_string}"},"query-input":{"@type":"PropertyValueSpecification","valueRequired":true,"valueName":"search_term_string"}}],"inLanguage":"en-US"}]}},"_links":{"self":[{"href":"https:\/\/fairway2hotel.at\/en\/wp-json\/wp\/v2\/pages\/600","targetHints":{"allow":["GET"]}}],"collection":[{"href":"https:\/\/fairway2hotel.at\/en\/wp-json\/wp\/v2\/pages"}],"about":[{"href":"https:\/\/fairway2hotel.at\/en\/wp-json\/wp\/v2\/types\/page"}],"author":[{"embeddable":true,"href":"https:\/\/fairway2hotel.at\/en\/wp-json\/wp\/v2\/users\/1"}],"replies":[{"embeddable":true,"href":"https:\/\/fairway2hotel.at\/en\/wp-json\/wp\/v2\/comments?post=600"}],"version-history":[{"count":22,"href":"https:\/\/fairway2hotel.at\/en\/wp-json\/wp\/v2\/pages\/600\/revisions"}],"predecessor-version":[{"id":53529,"href":"https:\/\/fairway2hotel.at\/en\/wp-json\/wp\/v2\/pages\/600\/revisions\/53529"}],"up":[{"embeddable":true,"href":"https:\/\/fairway2hotel.at\/en\/wp-json\/wp\/v2\/pages\/2141"}],"acf:attachment":[{"embeddable":true,"href":"https:\/\/fairway2hotel.at\/en\/wp-json\/wp\/v2\/media\/597"},{"embeddable":true,"href":"https:\/\/fairway2hotel.at\/en\/wp-json\/wp\/v2\/media\/3657"}],"wp:attachment":[{"href":"https:\/\/fairway2hotel.at\/en\/wp-json\/wp\/v2\/media?parent=600"}],"curies":[{"name":"wp","href":"https:\/\/api.w.org\/{rel}","templated":true}]}}