{"id":615,"date":"2010-10-17T18:20:16","date_gmt":"2010-10-17T16:20:16","guid":{"rendered":"https:\/\/f2h.app\/landhotel-kaserer\/"},"modified":"2025-03-14T10:56:18","modified_gmt":"2025-03-14T09:56:18","slug":"landhotel-kaserer","status":"publish","type":"page","link":"https:\/\/fairway2hotel.at\/en\/hotels\/salzburg\/landhotel-kaserer\/","title":{"rendered":"Landhotel Kaserer"},"content":{"rendered":"<h2>Golfurlaub bei Freunden<\/h2>\n<p>Unser famili\u00e4res ***Landhotel Kaserer mit seiner herzlichen Gastfreundschaft l\u00e4dt zum Verweilen ein. Lassen Sie den Alltag zu Hause und genie\u00dfen Sie die ungezwungene Atmosph\u00e4re in unserem Landhotel. Wir sind Gr\u00fcnderhotel des GC Mittersill und Sie genie\u00dfen attraktive Vorteile, wie Greenfee-Erm\u00e4\u00dfigung bis zu 30%, bevorzugte Startzeitreservierung gleich den Clubmitgliedern und unsere G\u00e4ste mit Platzreife haben Spielberechtigung (auch ohne Clubzugeh\u00f6rigkeit). Unser Haus verf\u00fcgt \u00fcber Sauna, Solarium, Personenlift, Gratis-Internetcorner und W-LAN, eigener Parkplatz, Gastgarten und ein gem\u00fctliches St\u00fcberl. Viele tolle Golfpl\u00e4tze in unserer Umgebung sind ein Garant f\u00fcr ein Golferlebnis pur.<\/p>\n<p>Genie\u00dfen Sie das tolle Bergpanorama der Hohen Tauern.<\/p>\n<h2>Golf holidays with friends<\/h2>\n<p>Our family-run ***Landhotel Kaserer with its warm hospitality invites you to linger. Leave everyday life at home and enjoy the relaxed atmosphere in our country hotel. We are the founding hotel of the GC Mittersill and you enjoy attractive benefits, such as green fee reductions of up to 30%, preferential tee time reservations for club members and our guests with course licence are entitled to play (even without club membership). Our hotel has a sauna, solarium, lift, free internet corner and W-LAN, its own car park, guest garden and a cosy parlour. Many great golf courses in our surroundings are a guarantee for a pure golfing experience.<\/p>\n<p>Enjoy the fantastic mountain panorama of the Hohe Tauern.<\/p>\n","protected":false},"excerpt":{"rendered":"<p>Golfurlaub bei Freunden Unser famili\u00e4res ***Landhotel Kaserer mit seiner herzlichen Gastfreundschaft l\u00e4dt zum Verweilen ein. Lassen Sie den Alltag zu Hause und genie\u00dfen Sie die ungezwungene Atmosph\u00e4re in unserem Landhotel. Wir sind Gr\u00fcnderhotel des GC Mittersill und Sie genie\u00dfen attraktive Vorteile, wie Greenfee-Erm\u00e4\u00dfigung bis zu 30%, bevorzugte Startzeitreservierung gleich den Clubmitgliedern und unsere G\u00e4ste mit [&hellip;]<\/p>\n","protected":false},"author":1,"featured_media":0,"parent":2162,"menu_order":10,"comment_status":"closed","ping_status":"closed","template":"page-partner.php","meta":{"_acf_changed":false,"footnotes":""},"class_list":["post-615","page","type-page","status-publish","hentry"],"acf":{"partner_infobox":"<strong>Adresse:\u00a0<\/strong>Dorfstra\u00dfe 20, A-5733 Bramberg\r\n\r\n<strong>Tel:\u00a0<\/strong>06566\/7248\r\n\r\n<strong>Fax:\u00a0<\/strong>06566 724849\r\n\r\n<strong>Web:\r\n<\/strong><a href=\"http:\/\/www.golferlebnis.at\" target=\"_blank\" rel=\"nofollow noopener\">www.golferlebnis.at<\/a>\r\n<a href=\"http:\/\/www.kaserer.at\" target=\"_blank\" rel=\"nofollow noopener\">www.kaserer.at<\/a>\r\n\r\n<strong>E-Mail:<\/strong> <a href=\"mailto:hotel@kaserer.at\">hotel@kaserer.at<\/a>\r\n\r\n<strong>Golfclubs in der N\u00e4he:\r\n<\/strong>GC Mittersill 12 km\r\nGC Zell am See 35 km\r\n\r\n<strong>Anfahrt:\r\n<\/strong>von S\u00fcden: Felbertauern \u2192 Mittersill \u2192 Bramberg von Westen: Zillertal \u2192 Gerlos \u2192 Krimml \u2192 Brambergvon Norden: Kitz\u00fchel \u2192 Pa\u00df Thurn \u2192 Mittersill \u2192 Brambergvon Osten: Salzburg \u2192 Zell am See \u2192 Mittersill \u2192 Bramberg","partner_logo":614,"partner_gallery":[612,613],"partner_lat":47.272925,"partner_long":12.347967,"partner_type":"hotel","partner_openings":["1","2","3","4","5","6","7"],"montag_von_bis":"00:00 - 24:00","dienstag_von_bis":"00:00 - 24:00","mittwoch_von_bis":"00:00 - 24:00","donnerstag_von_bis":"00:00 - 24:00","freitag_von_bis":"00:00 - 24:00","samstag_von_bis":"00:00 - 24:00","sonntag_von_bis":"00:00 - 24:00","partner_adresse":"Dorfstra\u00dfe 20, A-5733 Bramberg","partner_land_bundesland":"","partner_tel_1":"00436566\/7248","partner_tel_2":"","partner_web":"http:\/\/www.kaserer.at","partner_mail":"hotel@kaserer.at","partner_spielbahnen_par":"","partner_laenge":"","partner_bedingungen":"","partner_anfahrt":"","partner_misc":null,"additional_css_classes":""},"yoast_head":"<!-- This site is optimized with the Yoast SEO plugin v26.8 - https:\/\/yoast.com\/product\/yoast-seo-wordpress\/ -->\n<title>Landhotel Kaserer - Fairway 2 Hotel<\/title>\n<meta name=\"robots\" content=\"index, follow, max-snippet:-1, max-image-preview:large, max-video-preview:-1\" \/>\n<link rel=\"canonical\" href=\"https:\/\/fairway2hotel.at\/en\/hotels\/salzburg\/landhotel-kaserer\/\" \/>\n<meta property=\"og:locale\" content=\"en_US\" \/>\n<meta property=\"og:type\" content=\"article\" \/>\n<meta property=\"og:title\" content=\"Landhotel Kaserer - Fairway 2 Hotel\" \/>\n<meta property=\"og:description\" content=\"Golfurlaub bei Freunden Unser famili\u00e4res ***Landhotel Kaserer mit seiner herzlichen Gastfreundschaft l\u00e4dt zum Verweilen ein. Lassen Sie den Alltag zu Hause und genie\u00dfen Sie die ungezwungene Atmosph\u00e4re in unserem Landhotel. Wir sind Gr\u00fcnderhotel des GC Mittersill und Sie genie\u00dfen attraktive Vorteile, wie Greenfee-Erm\u00e4\u00dfigung bis zu 30%, bevorzugte Startzeitreservierung gleich den Clubmitgliedern und unsere G\u00e4ste mit [&hellip;]\" \/>\n<meta property=\"og:url\" content=\"https:\/\/fairway2hotel.at\/en\/hotels\/salzburg\/landhotel-kaserer\/\" \/>\n<meta property=\"og:site_name\" content=\"Fairway 2 Hotel\" \/>\n<meta property=\"article:modified_time\" content=\"2025-03-14T09:56:18+00:00\" \/>\n<meta name=\"twitter:card\" content=\"summary_large_image\" \/>\n<meta name=\"twitter:label1\" content=\"Est. reading time\" \/>\n\t<meta name=\"twitter:data1\" content=\"2 minutes\" \/>\n<script type=\"application\/ld+json\" class=\"yoast-schema-graph\">{\"@context\":\"https:\/\/schema.org\",\"@graph\":[{\"@type\":\"WebPage\",\"@id\":\"https:\/\/fairway2hotel.at\/en\/hotels\/salzburg\/landhotel-kaserer\/\",\"url\":\"https:\/\/fairway2hotel.at\/en\/hotels\/salzburg\/landhotel-kaserer\/\",\"name\":\"Landhotel Kaserer - Fairway 2 Hotel\",\"isPartOf\":{\"@id\":\"https:\/\/fairway2hotel.at\/en\/#website\"},\"datePublished\":\"2010-10-17T16:20:16+00:00\",\"dateModified\":\"2025-03-14T09:56:18+00:00\",\"breadcrumb\":{\"@id\":\"https:\/\/fairway2hotel.at\/en\/hotels\/salzburg\/landhotel-kaserer\/#breadcrumb\"},\"inLanguage\":\"en-US\",\"potentialAction\":[{\"@type\":\"ReadAction\",\"target\":[\"https:\/\/fairway2hotel.at\/en\/hotels\/salzburg\/landhotel-kaserer\/\"]}]},{\"@type\":\"BreadcrumbList\",\"@id\":\"https:\/\/fairway2hotel.at\/en\/hotels\/salzburg\/landhotel-kaserer\/#breadcrumb\",\"itemListElement\":[{\"@type\":\"ListItem\",\"position\":1,\"name\":\"Home\",\"item\":\"https:\/\/fairway2hotel.at\/en\/\"},{\"@type\":\"ListItem\",\"position\":2,\"name\":\"Hotels\",\"item\":\"https:\/\/fairway2hotel.at\/en\/hotels\/\"},{\"@type\":\"ListItem\",\"position\":3,\"name\":\"Hotels Salzburg\",\"item\":\"https:\/\/fairway2hotel.at\/en\/hotels\/salzburg\/\"},{\"@type\":\"ListItem\",\"position\":4,\"name\":\"Landhotel Kaserer\"}]},{\"@type\":\"WebSite\",\"@id\":\"https:\/\/fairway2hotel.at\/en\/#website\",\"url\":\"https:\/\/fairway2hotel.at\/en\/\",\"name\":\"Fairway 2 Hotel\",\"description\":\"Golf at half price! 2 play - 1 pays\",\"potentialAction\":[{\"@type\":\"SearchAction\",\"target\":{\"@type\":\"EntryPoint\",\"urlTemplate\":\"https:\/\/fairway2hotel.at\/en\/?s={search_term_string}\"},\"query-input\":{\"@type\":\"PropertyValueSpecification\",\"valueRequired\":true,\"valueName\":\"search_term_string\"}}],\"inLanguage\":\"en-US\"}]}<\/script>\n<!-- \/ Yoast SEO plugin. -->","yoast_head_json":{"title":"Landhotel Kaserer - Fairway 2 Hotel","robots":{"index":"index","follow":"follow","max-snippet":"max-snippet:-1","max-image-preview":"max-image-preview:large","max-video-preview":"max-video-preview:-1"},"canonical":"https:\/\/fairway2hotel.at\/en\/hotels\/salzburg\/landhotel-kaserer\/","og_locale":"en_US","og_type":"article","og_title":"Landhotel Kaserer - Fairway 2 Hotel","og_description":"Golfurlaub bei Freunden Unser famili\u00e4res ***Landhotel Kaserer mit seiner herzlichen Gastfreundschaft l\u00e4dt zum Verweilen ein. Lassen Sie den Alltag zu Hause und genie\u00dfen Sie die ungezwungene Atmosph\u00e4re in unserem Landhotel. Wir sind Gr\u00fcnderhotel des GC Mittersill und Sie genie\u00dfen attraktive Vorteile, wie Greenfee-Erm\u00e4\u00dfigung bis zu 30%, bevorzugte Startzeitreservierung gleich den Clubmitgliedern und unsere G\u00e4ste mit [&hellip;]","og_url":"https:\/\/fairway2hotel.at\/en\/hotels\/salzburg\/landhotel-kaserer\/","og_site_name":"Fairway 2 Hotel","article_modified_time":"2025-03-14T09:56:18+00:00","twitter_card":"summary_large_image","twitter_misc":{"Est. reading time":"2 minutes"},"schema":{"@context":"https:\/\/schema.org","@graph":[{"@type":"WebPage","@id":"https:\/\/fairway2hotel.at\/en\/hotels\/salzburg\/landhotel-kaserer\/","url":"https:\/\/fairway2hotel.at\/en\/hotels\/salzburg\/landhotel-kaserer\/","name":"Landhotel Kaserer - Fairway 2 Hotel","isPartOf":{"@id":"https:\/\/fairway2hotel.at\/en\/#website"},"datePublished":"2010-10-17T16:20:16+00:00","dateModified":"2025-03-14T09:56:18+00:00","breadcrumb":{"@id":"https:\/\/fairway2hotel.at\/en\/hotels\/salzburg\/landhotel-kaserer\/#breadcrumb"},"inLanguage":"en-US","potentialAction":[{"@type":"ReadAction","target":["https:\/\/fairway2hotel.at\/en\/hotels\/salzburg\/landhotel-kaserer\/"]}]},{"@type":"BreadcrumbList","@id":"https:\/\/fairway2hotel.at\/en\/hotels\/salzburg\/landhotel-kaserer\/#breadcrumb","itemListElement":[{"@type":"ListItem","position":1,"name":"Home","item":"https:\/\/fairway2hotel.at\/en\/"},{"@type":"ListItem","position":2,"name":"Hotels","item":"https:\/\/fairway2hotel.at\/en\/hotels\/"},{"@type":"ListItem","position":3,"name":"Hotels Salzburg","item":"https:\/\/fairway2hotel.at\/en\/hotels\/salzburg\/"},{"@type":"ListItem","position":4,"name":"Landhotel Kaserer"}]},{"@type":"WebSite","@id":"https:\/\/fairway2hotel.at\/en\/#website","url":"https:\/\/fairway2hotel.at\/en\/","name":"Fairway 2 Hotel","description":"Golf at half price! 2 play - 1 pays","potentialAction":[{"@type":"SearchAction","target":{"@type":"EntryPoint","urlTemplate":"https:\/\/fairway2hotel.at\/en\/?s={search_term_string}"},"query-input":{"@type":"PropertyValueSpecification","valueRequired":true,"valueName":"search_term_string"}}],"inLanguage":"en-US"}]}},"_links":{"self":[{"href":"https:\/\/fairway2hotel.at\/en\/wp-json\/wp\/v2\/pages\/615","targetHints":{"allow":["GET"]}}],"collection":[{"href":"https:\/\/fairway2hotel.at\/en\/wp-json\/wp\/v2\/pages"}],"about":[{"href":"https:\/\/fairway2hotel.at\/en\/wp-json\/wp\/v2\/types\/page"}],"author":[{"embeddable":true,"href":"https:\/\/fairway2hotel.at\/en\/wp-json\/wp\/v2\/users\/1"}],"replies":[{"embeddable":true,"href":"https:\/\/fairway2hotel.at\/en\/wp-json\/wp\/v2\/comments?post=615"}],"version-history":[{"count":6,"href":"https:\/\/fairway2hotel.at\/en\/wp-json\/wp\/v2\/pages\/615\/revisions"}],"predecessor-version":[{"id":46568,"href":"https:\/\/fairway2hotel.at\/en\/wp-json\/wp\/v2\/pages\/615\/revisions\/46568"}],"up":[{"embeddable":true,"href":"https:\/\/fairway2hotel.at\/en\/wp-json\/wp\/v2\/pages\/2162"}],"acf:attachment":[{"embeddable":true,"href":"https:\/\/fairway2hotel.at\/en\/wp-json\/wp\/v2\/media\/613"},{"embeddable":true,"href":"https:\/\/fairway2hotel.at\/en\/wp-json\/wp\/v2\/media\/612"}],"wp:attachment":[{"href":"https:\/\/fairway2hotel.at\/en\/wp-json\/wp\/v2\/media?parent=615"}],"curies":[{"name":"wp","href":"https:\/\/api.w.org\/{rel}","templated":true}]}}