{"id":634,"date":"2010-10-17T19:37:03","date_gmt":"2010-10-17T17:37:03","guid":{"rendered":"https:\/\/f2h.app\/aparthotel-muehlberghof\/"},"modified":"2025-03-14T11:08:12","modified_gmt":"2025-03-14T10:08:12","slug":"aparthotel-muehlberghof","status":"publish","type":"page","link":"https:\/\/fairway2hotel.at\/en\/hotels\/tirol\/aparthotel-muehlberghof\/","title":{"rendered":"Aparthotel M\u00fchlberghof"},"content":{"rendered":"<h2>Golfparadies am Wilden Kaiser<\/h2>\n<p>Der M\u00fchlberghof liegt au\u00dferhalb von Ellmau in ruhiger Aussichtslage zum Wilden Kaiser mit dem hauseigenen 9-Loch-Golfplatz direkt vor der Haust\u00fcr. Sie wohnen in komfortablen Suiten und lassen sich von unserem Service- und K\u00fcchenteam kulinarisch mit Bodenst\u00e4ndigem oder auch internationalen Gerichten verw\u00f6hnen (wahlweise nur Fr\u00fchst\u00fcck oder aber Halbpension). Alle Suiten verf\u00fcgen \u00fcber W-Lan, PC mit Internetzugang, SAT-TV in Wohn- und Schlafr\u00e4umen, DVD-Player, Telefon, Radiowecker, Balkon und in den gr\u00f6\u00dferen Wohnungen 2 Badezimmer. Unsere G\u00e4ste kommen auch in den Genuss einer Erm\u00e4\u00dfigung von 30% am GC Wilder Kaiser (27 Holes) in Ellmau.<\/p>\n<h2>Golf paradise on the Wilder Kaiser<\/h2>\n<p>The M\u00fchlberghof is situated just outside Ellmau in a quiet location with views of the Wilder Kaiser, with the hotel&#8217;s own 9-hole golf course right on the doorstep. Stay in comfortable suites and let our service and kitchen team spoil you with down-to-earth or international dishes (breakfast only or half board). All suites have Wi-Fi, PC with internet access, satellite TV in the living room and bedrooms, DVD player, telephone, clock radio, balcony and 2 bathrooms in the larger flats. Our guests also benefit from a 30% discount at the GC Wilder Kaiser (27 holes) in Ellmau.<\/p>\n","protected":false},"excerpt":{"rendered":"<p>Golfparadies am Wilden Kaiser Der M\u00fchlberghof liegt au\u00dferhalb von Ellmau in ruhiger Aussichtslage zum Wilden Kaiser mit dem hauseigenen 9-Loch-Golfplatz direkt vor der Haust\u00fcr. Sie wohnen in komfortablen Suiten und lassen sich von unserem Service- und K\u00fcchenteam kulinarisch mit Bodenst\u00e4ndigem oder auch internationalen Gerichten verw\u00f6hnen (wahlweise nur Fr\u00fchst\u00fcck oder aber Halbpension). Alle Suiten verf\u00fcgen \u00fcber [&hellip;]<\/p>\n","protected":false},"author":1,"featured_media":0,"parent":2186,"menu_order":15,"comment_status":"closed","ping_status":"closed","template":"page-partner.php","meta":{"_acf_changed":false,"footnotes":""},"class_list":["post-634","page","type-page","status-publish","hentry"],"acf":{"partner_infobox":"<strong>Adresse:\u00a0<\/strong>Steinerner Tisch 17, A-6352 Ellmau\r\n\r\n<strong>Tel:\u00a0<\/strong>0043-(0)5358-2379\r\n\r\n<strong>Web: <\/strong><a href=\"http:\/\/www.muehlberghof.at\" target=\"_blank\" rel=\"nofollow noopener\">www.muehlberghof.at<\/a>\r\n\r\n<strong>E-Mail:<\/strong> <a href=\"mailto:info@muehlberghof.at\">info@muehlberghof.at<\/a>\r\n\r\n<strong>Golfclubs in der N\u00e4he:\r\n<\/strong>GC Wilder Kaiser 0,5 km\r\nGC Kitzb\u00fchel\/Schwarzs. 10 km\r\nGC Rasmushof 15 km\r\n\r\n<strong>Anfahrt:\r\n<\/strong>Autobahnausfahrt Kufstein S\u00fcd-Richtung Felbertauern, kurz vor Ellmau \u2013 ca. 500 m nach dem Gasthof Ellmauer Hof rechts abbiegen (Schild Golfplatz\/Steinerner Tisch) und den Schildern bis ans Ende der Stra\u00dfe folgen!","partner_logo":633,"partner_gallery":[631,632],"partner_lat":47.518539,"partner_long":12.285295,"partner_type":"hotel","partner_openings":["1","2","3","4","5","6","7"],"montag_von_bis":"00:00 - 24:00","dienstag_von_bis":"00:00 - 24:00","mittwoch_von_bis":"00:00 - 24:00","donnerstag_von_bis":"00:00 - 24:00","freitag_von_bis":"00:00 - 24:00","samstag_von_bis":"00:00 - 24:00","sonntag_von_bis":"00:00 - 24:00","partner_adresse":"Steinerner Tisch 17, A-6352 Ellmau","partner_land_bundesland":"","partner_tel_1":"0043-(0)5358-2379","partner_tel_2":"","partner_web":"http:\/\/muehlberghof.at\/","partner_mail":"info@muehlberghof.at","partner_spielbahnen_par":"","partner_laenge":"","partner_bedingungen":"","partner_anfahrt":"","partner_misc":null,"additional_css_classes":""},"yoast_head":"<!-- This site is optimized with the Yoast SEO plugin v26.8 - https:\/\/yoast.com\/product\/yoast-seo-wordpress\/ -->\n<title>Aparthotel M\u00fchlberghof - Fairway 2 Hotel<\/title>\n<meta name=\"robots\" content=\"index, follow, max-snippet:-1, max-image-preview:large, max-video-preview:-1\" \/>\n<link rel=\"canonical\" href=\"https:\/\/fairway2hotel.at\/en\/hotels\/tirol\/aparthotel-muehlberghof\/\" \/>\n<meta property=\"og:locale\" content=\"en_US\" \/>\n<meta property=\"og:type\" content=\"article\" \/>\n<meta property=\"og:title\" content=\"Aparthotel M\u00fchlberghof - Fairway 2 Hotel\" \/>\n<meta property=\"og:description\" content=\"Golfparadies am Wilden Kaiser Der M\u00fchlberghof liegt au\u00dferhalb von Ellmau in ruhiger Aussichtslage zum Wilden Kaiser mit dem hauseigenen 9-Loch-Golfplatz direkt vor der Haust\u00fcr. Sie wohnen in komfortablen Suiten und lassen sich von unserem Service- und K\u00fcchenteam kulinarisch mit Bodenst\u00e4ndigem oder auch internationalen Gerichten verw\u00f6hnen (wahlweise nur Fr\u00fchst\u00fcck oder aber Halbpension). Alle Suiten verf\u00fcgen \u00fcber [&hellip;]\" \/>\n<meta property=\"og:url\" content=\"https:\/\/fairway2hotel.at\/en\/hotels\/tirol\/aparthotel-muehlberghof\/\" \/>\n<meta property=\"og:site_name\" content=\"Fairway 2 Hotel\" \/>\n<meta property=\"article:modified_time\" content=\"2025-03-14T10:08:12+00:00\" \/>\n<meta name=\"twitter:card\" content=\"summary_large_image\" \/>\n<meta name=\"twitter:label1\" content=\"Est. reading time\" \/>\n\t<meta name=\"twitter:data1\" content=\"2 minutes\" \/>\n<script type=\"application\/ld+json\" class=\"yoast-schema-graph\">{\"@context\":\"https:\/\/schema.org\",\"@graph\":[{\"@type\":\"WebPage\",\"@id\":\"https:\/\/fairway2hotel.at\/en\/hotels\/tirol\/aparthotel-muehlberghof\/\",\"url\":\"https:\/\/fairway2hotel.at\/en\/hotels\/tirol\/aparthotel-muehlberghof\/\",\"name\":\"Aparthotel M\u00fchlberghof - Fairway 2 Hotel\",\"isPartOf\":{\"@id\":\"https:\/\/fairway2hotel.at\/en\/#website\"},\"datePublished\":\"2010-10-17T17:37:03+00:00\",\"dateModified\":\"2025-03-14T10:08:12+00:00\",\"breadcrumb\":{\"@id\":\"https:\/\/fairway2hotel.at\/en\/hotels\/tirol\/aparthotel-muehlberghof\/#breadcrumb\"},\"inLanguage\":\"en-US\",\"potentialAction\":[{\"@type\":\"ReadAction\",\"target\":[\"https:\/\/fairway2hotel.at\/en\/hotels\/tirol\/aparthotel-muehlberghof\/\"]}]},{\"@type\":\"BreadcrumbList\",\"@id\":\"https:\/\/fairway2hotel.at\/en\/hotels\/tirol\/aparthotel-muehlberghof\/#breadcrumb\",\"itemListElement\":[{\"@type\":\"ListItem\",\"position\":1,\"name\":\"Home\",\"item\":\"https:\/\/fairway2hotel.at\/en\/\"},{\"@type\":\"ListItem\",\"position\":2,\"name\":\"Hotels\",\"item\":\"https:\/\/fairway2hotel.at\/en\/hotels\/\"},{\"@type\":\"ListItem\",\"position\":3,\"name\":\"Hotels Tirol\",\"item\":\"https:\/\/fairway2hotel.at\/en\/hotels\/tirol\/\"},{\"@type\":\"ListItem\",\"position\":4,\"name\":\"Aparthotel M\u00fchlberghof\"}]},{\"@type\":\"WebSite\",\"@id\":\"https:\/\/fairway2hotel.at\/en\/#website\",\"url\":\"https:\/\/fairway2hotel.at\/en\/\",\"name\":\"Fairway 2 Hotel\",\"description\":\"Golf at half price! 2 play - 1 pays\",\"potentialAction\":[{\"@type\":\"SearchAction\",\"target\":{\"@type\":\"EntryPoint\",\"urlTemplate\":\"https:\/\/fairway2hotel.at\/en\/?s={search_term_string}\"},\"query-input\":{\"@type\":\"PropertyValueSpecification\",\"valueRequired\":true,\"valueName\":\"search_term_string\"}}],\"inLanguage\":\"en-US\"}]}<\/script>\n<!-- \/ Yoast SEO plugin. -->","yoast_head_json":{"title":"Aparthotel M\u00fchlberghof - Fairway 2 Hotel","robots":{"index":"index","follow":"follow","max-snippet":"max-snippet:-1","max-image-preview":"max-image-preview:large","max-video-preview":"max-video-preview:-1"},"canonical":"https:\/\/fairway2hotel.at\/en\/hotels\/tirol\/aparthotel-muehlberghof\/","og_locale":"en_US","og_type":"article","og_title":"Aparthotel M\u00fchlberghof - Fairway 2 Hotel","og_description":"Golfparadies am Wilden Kaiser Der M\u00fchlberghof liegt au\u00dferhalb von Ellmau in ruhiger Aussichtslage zum Wilden Kaiser mit dem hauseigenen 9-Loch-Golfplatz direkt vor der Haust\u00fcr. Sie wohnen in komfortablen Suiten und lassen sich von unserem Service- und K\u00fcchenteam kulinarisch mit Bodenst\u00e4ndigem oder auch internationalen Gerichten verw\u00f6hnen (wahlweise nur Fr\u00fchst\u00fcck oder aber Halbpension). Alle Suiten verf\u00fcgen \u00fcber [&hellip;]","og_url":"https:\/\/fairway2hotel.at\/en\/hotels\/tirol\/aparthotel-muehlberghof\/","og_site_name":"Fairway 2 Hotel","article_modified_time":"2025-03-14T10:08:12+00:00","twitter_card":"summary_large_image","twitter_misc":{"Est. reading time":"2 minutes"},"schema":{"@context":"https:\/\/schema.org","@graph":[{"@type":"WebPage","@id":"https:\/\/fairway2hotel.at\/en\/hotels\/tirol\/aparthotel-muehlberghof\/","url":"https:\/\/fairway2hotel.at\/en\/hotels\/tirol\/aparthotel-muehlberghof\/","name":"Aparthotel M\u00fchlberghof - Fairway 2 Hotel","isPartOf":{"@id":"https:\/\/fairway2hotel.at\/en\/#website"},"datePublished":"2010-10-17T17:37:03+00:00","dateModified":"2025-03-14T10:08:12+00:00","breadcrumb":{"@id":"https:\/\/fairway2hotel.at\/en\/hotels\/tirol\/aparthotel-muehlberghof\/#breadcrumb"},"inLanguage":"en-US","potentialAction":[{"@type":"ReadAction","target":["https:\/\/fairway2hotel.at\/en\/hotels\/tirol\/aparthotel-muehlberghof\/"]}]},{"@type":"BreadcrumbList","@id":"https:\/\/fairway2hotel.at\/en\/hotels\/tirol\/aparthotel-muehlberghof\/#breadcrumb","itemListElement":[{"@type":"ListItem","position":1,"name":"Home","item":"https:\/\/fairway2hotel.at\/en\/"},{"@type":"ListItem","position":2,"name":"Hotels","item":"https:\/\/fairway2hotel.at\/en\/hotels\/"},{"@type":"ListItem","position":3,"name":"Hotels Tirol","item":"https:\/\/fairway2hotel.at\/en\/hotels\/tirol\/"},{"@type":"ListItem","position":4,"name":"Aparthotel M\u00fchlberghof"}]},{"@type":"WebSite","@id":"https:\/\/fairway2hotel.at\/en\/#website","url":"https:\/\/fairway2hotel.at\/en\/","name":"Fairway 2 Hotel","description":"Golf at half price! 2 play - 1 pays","potentialAction":[{"@type":"SearchAction","target":{"@type":"EntryPoint","urlTemplate":"https:\/\/fairway2hotel.at\/en\/?s={search_term_string}"},"query-input":{"@type":"PropertyValueSpecification","valueRequired":true,"valueName":"search_term_string"}}],"inLanguage":"en-US"}]}},"_links":{"self":[{"href":"https:\/\/fairway2hotel.at\/en\/wp-json\/wp\/v2\/pages\/634","targetHints":{"allow":["GET"]}}],"collection":[{"href":"https:\/\/fairway2hotel.at\/en\/wp-json\/wp\/v2\/pages"}],"about":[{"href":"https:\/\/fairway2hotel.at\/en\/wp-json\/wp\/v2\/types\/page"}],"author":[{"embeddable":true,"href":"https:\/\/fairway2hotel.at\/en\/wp-json\/wp\/v2\/users\/1"}],"replies":[{"embeddable":true,"href":"https:\/\/fairway2hotel.at\/en\/wp-json\/wp\/v2\/comments?post=634"}],"version-history":[{"count":4,"href":"https:\/\/fairway2hotel.at\/en\/wp-json\/wp\/v2\/pages\/634\/revisions"}],"predecessor-version":[{"id":46581,"href":"https:\/\/fairway2hotel.at\/en\/wp-json\/wp\/v2\/pages\/634\/revisions\/46581"}],"up":[{"embeddable":true,"href":"https:\/\/fairway2hotel.at\/en\/wp-json\/wp\/v2\/pages\/2186"}],"acf:attachment":[{"embeddable":true,"href":"https:\/\/fairway2hotel.at\/en\/wp-json\/wp\/v2\/media\/632"},{"embeddable":true,"href":"https:\/\/fairway2hotel.at\/en\/wp-json\/wp\/v2\/media\/631"}],"wp:attachment":[{"href":"https:\/\/fairway2hotel.at\/en\/wp-json\/wp\/v2\/media?parent=634"}],"curies":[{"name":"wp","href":"https:\/\/api.w.org\/{rel}","templated":true}]}}