{"id":654,"date":"2010-10-17T21:33:36","date_gmt":"2010-10-17T19:33:36","guid":{"rendered":"https:\/\/f2h.app\/golfclub-gut-brandlhof\/"},"modified":"2025-04-20T14:22:32","modified_gmt":"2025-04-20T12:22:32","slug":"golfclub-gut-brandlhof","status":"publish","type":"page","link":"https:\/\/fairway2hotel.at\/en\/golfclubs\/salzburg\/golfclub-gut-brandlhof\/","title":{"rendered":"GC Gut Brandlhof"},"content":{"rendered":"<h2>Das Golfjuwel an der Saalach<\/h2>\n<p>Eingebettet in die Landschaft des Pinzgauer Saalachtales liegt der 18-Loch-Championship Course. Immer wieder quert der Kurs die Saalach und garantiert so f\u00fcr ausreichend Spannung auf der Runde. Charakteristisch sind trotz alpiner Kulisse die flachen Bahnen sowie die in den Platz eingearbeiteten Flussaufweitungen und D\u00e4mme, welche das Spiel abwechslungsreich gestalten. Als perfekte Erga\u0308nzung bietet die Golfanlage direkt beim 4*S Hotel Gut Brandlhof eine\u00a0Driving Range, verk\u00fcrzte Abschl\u00e4ge\u00a0(\u201eFamily Course\u201c), ein \u00dcbungsgel\u00e4nde f\u00fcr das\u00a0kurze Spiel, einen Pro Shop, eine Golfschule\u00a0sowie ein Golfrestaurant.\u00a0Auch Hunde sind auf dem Platz sowie im Hotel\u00a0willkommen!<\/p>\n<h2>The golf jewel on the Saalach<\/h2>\n<p>The 18-hole championship course is nestled in the landscape of the Pinzgau Saalach Valley. The course repeatedly crosses the Saalach river, guaranteeing plenty of excitement on the round. Despite the alpine backdrop, the course is characterised by its flat fairways and the river widenings and dams incorporated into the course, which add variety to the game. As a perfect addition, the golf course right next to the 4*S Hotel Gut Brandlhof offers a driving range, shortened tees (\u2018Family Course\u2019), a practice area for the short game, a pro shop, a golf school and a golf restaurant. Dogs are also welcome on the course and in the hotel!<\/p>\n","protected":false},"excerpt":{"rendered":"<p>Das Golfjuwel an der Saalach Eingebettet in die Landschaft des Pinzgauer Saalachtales liegt der 18-Loch-Championship Course. Immer wieder quert der Kurs die Saalach und garantiert so f\u00fcr ausreichend Spannung auf der Runde. Charakteristisch sind trotz alpiner Kulisse die flachen Bahnen sowie die in den Platz eingearbeiteten Flussaufweitungen und D\u00e4mme, welche das Spiel abwechslungsreich gestalten. Als [&hellip;]<\/p>\n","protected":false},"author":1,"featured_media":0,"parent":1567,"menu_order":10,"comment_status":"closed","ping_status":"closed","template":"page-partner.php","meta":{"_acf_changed":false,"footnotes":""},"class_list":["post-654","page","type-page","status-publish","hentry"],"acf":{"partner_infobox":"<strong>Adresse:\u00a0<\/strong>Hohlwegen 4, A-5760 Saalfelden, Salzburg Land\r\n\r\n<strong>Tel:\u00a0<\/strong>043 (0)6582\/74875\r\n\r\n<strong>Fax:\u00a0<\/strong>043 (0)6582\/74875-529\r\n\r\n<strong>Web: <\/strong><a href=\"http:\/\/www.brandlhof.com\" target=\"_blank\" rel=\"nofollow noopener noreferrer\">www.brandlhof.com<\/a>\r\n\r\n<strong>E-Mail:<\/strong> <a href=\"mailto:golfclub@brandlhof.com\">golfclub@brandlhof.com<\/a>\r\n\r\n<strong>Spielbahnen\/Par: <\/strong>18\/72\r\n\r\n<strong>La\u0308nge: <\/strong>gelb: 5.710 m \/ rot: 4.987 m\r\n\r\n<em><strong>Bedingungen:\r\n<\/strong>Gutscheine gelten MO\u2013DO jederzeit, FR\u2013SO und an Feiertagen ab 13.00 Uhr.<\/em>\r\n\r\n<strong>Anfahrt:\r\n<\/strong>Von Mu\u0308nchen: A8 Ausfahrt Siegsdorf \u2192 Zell\/See, 5 km vor Saalfelden links. Von Wien, Linz: Ausfahrt Salzburg\/ Wals \u2192 Bad Reichenhall \u2192 Zell\/ See, 5 km vor Saalfelden links. Von Innsbruck: Ausfahrt Wo\u0308rgl-Ost \u2192 St. Johann \u2192 Zell\/See.","partner_logo":653,"partner_gallery":[2764,46942,46944,46946,46948],"partner_lat":47.48121,"partner_long":12.83208,"partner_type":"golfclub","partner_openings":["1","2","3","4","5","6","7"],"montag_von_bis":"00:00 - 24:00","dienstag_von_bis":"00:00 - 24:00","mittwoch_von_bis":"00:00 - 24:00","donnerstag_von_bis":"00:00 - 24:00","freitag_von_bis":"13:00 - 24:00","samstag_von_bis":"13:00 - 24:00","sonntag_von_bis":"13:00 - 24:00","partner_adresse":"Hohlwegen 4, 5760 Saalfelden","partner_land_bundesland":"Salzburg","partner_tel_1":"0043 6582 74875 529","partner_tel_2":"0043 6582 7800-700","partner_web":"http:\/\/www.brandlhof.com","partner_mail":"golfclub@brandlhof.com","partner_spielbahnen_par":"18\/72","partner_laenge":"gelb: 5.710 m \/ rot: 4.987 m","partner_bedingungen":"Gutscheine gelten MO\u2013DO jederzeit, FR\u2013SO und an Feiertagen ab 13.00 Uhr.\r\nVouchers are valid Mon-Thu at any time, Fri-Son and on public holidays after 1.00 p.m.","partner_anfahrt":"Von Mu\u0308nchen: A8 Ausfahrt Siegsdorf \u2192 Zell\/See, 5 km vor Saalfelden links. Von Wien, Linz: Ausfahrt Salzburg\/ Wals \u2192 Bad Reichenhall \u2192 Zell\/ See, 5 km vor Saalfelden links. Von Innsbruck: Ausfahrt Wo\u0308rgl-Ost \u2192 St. Johann \u2192 Zell\/See.","partner_misc":null,"additional_css_classes":""},"yoast_head":"<!-- This site is optimized with the Yoast SEO plugin v26.8 - https:\/\/yoast.com\/product\/yoast-seo-wordpress\/ -->\n<title>GC Gut Brandlhof - Fairway 2 Hotel<\/title>\n<meta name=\"robots\" content=\"index, follow, max-snippet:-1, max-image-preview:large, max-video-preview:-1\" \/>\n<link rel=\"canonical\" href=\"https:\/\/fairway2hotel.at\/en\/golfclubs\/salzburg\/golfclub-gut-brandlhof\/\" \/>\n<meta property=\"og:locale\" content=\"en_US\" \/>\n<meta property=\"og:type\" content=\"article\" \/>\n<meta property=\"og:title\" content=\"GC Gut Brandlhof - Fairway 2 Hotel\" \/>\n<meta property=\"og:description\" content=\"Das Golfjuwel an der Saalach Eingebettet in die Landschaft des Pinzgauer Saalachtales liegt der 18-Loch-Championship Course. Immer wieder quert der Kurs die Saalach und garantiert so f\u00fcr ausreichend Spannung auf der Runde. Charakteristisch sind trotz alpiner Kulisse die flachen Bahnen sowie die in den Platz eingearbeiteten Flussaufweitungen und D\u00e4mme, welche das Spiel abwechslungsreich gestalten. Als [&hellip;]\" \/>\n<meta property=\"og:url\" content=\"https:\/\/fairway2hotel.at\/en\/golfclubs\/salzburg\/golfclub-gut-brandlhof\/\" \/>\n<meta property=\"og:site_name\" content=\"Fairway 2 Hotel\" \/>\n<meta property=\"article:modified_time\" content=\"2025-04-20T12:22:32+00:00\" \/>\n<meta name=\"twitter:card\" content=\"summary_large_image\" \/>\n<meta name=\"twitter:label1\" content=\"Est. reading time\" \/>\n\t<meta name=\"twitter:data1\" content=\"2 minutes\" \/>\n<script type=\"application\/ld+json\" class=\"yoast-schema-graph\">{\"@context\":\"https:\/\/schema.org\",\"@graph\":[{\"@type\":\"WebPage\",\"@id\":\"https:\/\/fairway2hotel.at\/en\/golfclubs\/salzburg\/golfclub-gut-brandlhof\/\",\"url\":\"https:\/\/fairway2hotel.at\/en\/golfclubs\/salzburg\/golfclub-gut-brandlhof\/\",\"name\":\"GC Gut Brandlhof - Fairway 2 Hotel\",\"isPartOf\":{\"@id\":\"https:\/\/fairway2hotel.at\/en\/#website\"},\"datePublished\":\"2010-10-17T19:33:36+00:00\",\"dateModified\":\"2025-04-20T12:22:32+00:00\",\"breadcrumb\":{\"@id\":\"https:\/\/fairway2hotel.at\/en\/golfclubs\/salzburg\/golfclub-gut-brandlhof\/#breadcrumb\"},\"inLanguage\":\"en-US\",\"potentialAction\":[{\"@type\":\"ReadAction\",\"target\":[\"https:\/\/fairway2hotel.at\/en\/golfclubs\/salzburg\/golfclub-gut-brandlhof\/\"]}]},{\"@type\":\"BreadcrumbList\",\"@id\":\"https:\/\/fairway2hotel.at\/en\/golfclubs\/salzburg\/golfclub-gut-brandlhof\/#breadcrumb\",\"itemListElement\":[{\"@type\":\"ListItem\",\"position\":1,\"name\":\"Home\",\"item\":\"https:\/\/fairway2hotel.at\/en\/\"},{\"@type\":\"ListItem\",\"position\":2,\"name\":\"Golfclubs\",\"item\":\"https:\/\/fairway2hotel.at\/en\/golfclubs\/\"},{\"@type\":\"ListItem\",\"position\":3,\"name\":\"Golfclubs Salzburg\",\"item\":\"https:\/\/fairway2hotel.at\/en\/golfclubs\/salzburg\/\"},{\"@type\":\"ListItem\",\"position\":4,\"name\":\"GC Gut Brandlhof\"}]},{\"@type\":\"WebSite\",\"@id\":\"https:\/\/fairway2hotel.at\/en\/#website\",\"url\":\"https:\/\/fairway2hotel.at\/en\/\",\"name\":\"Fairway 2 Hotel\",\"description\":\"Golf at half price! 2 play - 1 pays\",\"potentialAction\":[{\"@type\":\"SearchAction\",\"target\":{\"@type\":\"EntryPoint\",\"urlTemplate\":\"https:\/\/fairway2hotel.at\/en\/?s={search_term_string}\"},\"query-input\":{\"@type\":\"PropertyValueSpecification\",\"valueRequired\":true,\"valueName\":\"search_term_string\"}}],\"inLanguage\":\"en-US\"}]}<\/script>\n<!-- \/ Yoast SEO plugin. -->","yoast_head_json":{"title":"GC Gut Brandlhof - Fairway 2 Hotel","robots":{"index":"index","follow":"follow","max-snippet":"max-snippet:-1","max-image-preview":"max-image-preview:large","max-video-preview":"max-video-preview:-1"},"canonical":"https:\/\/fairway2hotel.at\/en\/golfclubs\/salzburg\/golfclub-gut-brandlhof\/","og_locale":"en_US","og_type":"article","og_title":"GC Gut Brandlhof - Fairway 2 Hotel","og_description":"Das Golfjuwel an der Saalach Eingebettet in die Landschaft des Pinzgauer Saalachtales liegt der 18-Loch-Championship Course. Immer wieder quert der Kurs die Saalach und garantiert so f\u00fcr ausreichend Spannung auf der Runde. Charakteristisch sind trotz alpiner Kulisse die flachen Bahnen sowie die in den Platz eingearbeiteten Flussaufweitungen und D\u00e4mme, welche das Spiel abwechslungsreich gestalten. Als [&hellip;]","og_url":"https:\/\/fairway2hotel.at\/en\/golfclubs\/salzburg\/golfclub-gut-brandlhof\/","og_site_name":"Fairway 2 Hotel","article_modified_time":"2025-04-20T12:22:32+00:00","twitter_card":"summary_large_image","twitter_misc":{"Est. reading time":"2 minutes"},"schema":{"@context":"https:\/\/schema.org","@graph":[{"@type":"WebPage","@id":"https:\/\/fairway2hotel.at\/en\/golfclubs\/salzburg\/golfclub-gut-brandlhof\/","url":"https:\/\/fairway2hotel.at\/en\/golfclubs\/salzburg\/golfclub-gut-brandlhof\/","name":"GC Gut Brandlhof - Fairway 2 Hotel","isPartOf":{"@id":"https:\/\/fairway2hotel.at\/en\/#website"},"datePublished":"2010-10-17T19:33:36+00:00","dateModified":"2025-04-20T12:22:32+00:00","breadcrumb":{"@id":"https:\/\/fairway2hotel.at\/en\/golfclubs\/salzburg\/golfclub-gut-brandlhof\/#breadcrumb"},"inLanguage":"en-US","potentialAction":[{"@type":"ReadAction","target":["https:\/\/fairway2hotel.at\/en\/golfclubs\/salzburg\/golfclub-gut-brandlhof\/"]}]},{"@type":"BreadcrumbList","@id":"https:\/\/fairway2hotel.at\/en\/golfclubs\/salzburg\/golfclub-gut-brandlhof\/#breadcrumb","itemListElement":[{"@type":"ListItem","position":1,"name":"Home","item":"https:\/\/fairway2hotel.at\/en\/"},{"@type":"ListItem","position":2,"name":"Golfclubs","item":"https:\/\/fairway2hotel.at\/en\/golfclubs\/"},{"@type":"ListItem","position":3,"name":"Golfclubs Salzburg","item":"https:\/\/fairway2hotel.at\/en\/golfclubs\/salzburg\/"},{"@type":"ListItem","position":4,"name":"GC Gut Brandlhof"}]},{"@type":"WebSite","@id":"https:\/\/fairway2hotel.at\/en\/#website","url":"https:\/\/fairway2hotel.at\/en\/","name":"Fairway 2 Hotel","description":"Golf at half price! 2 play - 1 pays","potentialAction":[{"@type":"SearchAction","target":{"@type":"EntryPoint","urlTemplate":"https:\/\/fairway2hotel.at\/en\/?s={search_term_string}"},"query-input":{"@type":"PropertyValueSpecification","valueRequired":true,"valueName":"search_term_string"}}],"inLanguage":"en-US"}]}},"_links":{"self":[{"href":"https:\/\/fairway2hotel.at\/en\/wp-json\/wp\/v2\/pages\/654","targetHints":{"allow":["GET"]}}],"collection":[{"href":"https:\/\/fairway2hotel.at\/en\/wp-json\/wp\/v2\/pages"}],"about":[{"href":"https:\/\/fairway2hotel.at\/en\/wp-json\/wp\/v2\/types\/page"}],"author":[{"embeddable":true,"href":"https:\/\/fairway2hotel.at\/en\/wp-json\/wp\/v2\/users\/1"}],"replies":[{"embeddable":true,"href":"https:\/\/fairway2hotel.at\/en\/wp-json\/wp\/v2\/comments?post=654"}],"version-history":[{"count":16,"href":"https:\/\/fairway2hotel.at\/en\/wp-json\/wp\/v2\/pages\/654\/revisions"}],"predecessor-version":[{"id":48053,"href":"https:\/\/fairway2hotel.at\/en\/wp-json\/wp\/v2\/pages\/654\/revisions\/48053"}],"up":[{"embeddable":true,"href":"https:\/\/fairway2hotel.at\/en\/wp-json\/wp\/v2\/pages\/1567"}],"acf:attachment":[{"embeddable":true,"href":"https:\/\/fairway2hotel.at\/en\/wp-json\/wp\/v2\/media\/46948"},{"embeddable":true,"href":"https:\/\/fairway2hotel.at\/en\/wp-json\/wp\/v2\/media\/46946"},{"embeddable":true,"href":"https:\/\/fairway2hotel.at\/en\/wp-json\/wp\/v2\/media\/46944"},{"embeddable":true,"href":"https:\/\/fairway2hotel.at\/en\/wp-json\/wp\/v2\/media\/46942"},{"embeddable":true,"href":"https:\/\/fairway2hotel.at\/en\/wp-json\/wp\/v2\/media\/2764"}],"wp:attachment":[{"href":"https:\/\/fairway2hotel.at\/en\/wp-json\/wp\/v2\/media?parent=654"}],"curies":[{"name":"wp","href":"https:\/\/api.w.org\/{rel}","templated":true}]}}