{"id":660,"date":"2010-10-20T07:00:08","date_gmt":"2010-10-20T05:00:08","guid":{"rendered":"https:\/\/f2h.app\/golfclub-altoetting-burghausen\/"},"modified":"2025-03-30T16:33:00","modified_gmt":"2025-03-30T14:33:00","slug":"golfclub-altoetting-burghausen","status":"publish","type":"page","link":"https:\/\/fairway2hotel.at\/en\/golfclubs\/deutschland\/golfclub-altoetting-burghausen\/","title":{"rendered":"GC Alt\u00f6tting-Burghausen e.V."},"content":{"rendered":"<h2>Golf x 2 in sch\u00f6nster Natur<\/h2>\n<p>Am Zusammenfluss von Inn und Salzach liegt ein Geheimtipp f\u00fcr Golfspieler: der Golfclub Alt\u00f6tting-Burghausen e.V. Grenznah gelegen bietet sich der Golfclub als Ziel f\u00fcr Golfausfl\u00fcge an. Der 18-Loch-Meisterschaftplatz \u201aSchloss Piesing\u2019 in Haiming zeichnet sich durch sanft in die Landschaft eingepasstes Platzdesign aus. Sportlich fair fordert er gleicherma\u00dfen den ambi\u00adtionierten Spieler wie auch den Golf-Neuling. Die \u201eSchlo\u00dfwirtschaft\u201c rundet das Angebot ab. Die 9-Loch-Anlage \u201aFalkenhof\u2019 in Marktl schmiegt sich landschaftlich reizvoll in den Zusammenfluss von Alz und Inn und bietet spannendes Spiel. Hier l\u00e4dt das \u201aFalkenhof-St\u00fcberl\u2019 zum Verweilen nach der Runde ein.<\/p>\n<h2>Golf x 2 in the most beautiful natural surroundings<\/h2>\n<p>At the confluence of the Inn and Salzach rivers lies an insider&#8217;s tip for golfers: the Alt\u00f6tting-Burghausen e.V. golf club. Located close to the border, the golf club is an ideal destination for golf excursions. The 18-hole championship course \u2018Schloss Piesing\u2019 in Haiming is characterised by a course design that blends gently into the landscape. It is a fair sporting challenge for ambitious players and golf novices alike. The \u2018Schlo\u00dfwirtschaft\u2019 rounds off the offer. The 9-hole \u2018Falkenhof\u2019 course in Marktl nestles in a scenic location at the confluence of the Alz and Inn rivers and offers an exciting game. The \u2018Falkenhof-St\u00fcberl\u2019 invites you to linger after your round.<\/p>\n<p>&nbsp;<\/p>\n","protected":false},"excerpt":{"rendered":"<p>Golf x 2 in sch\u00f6nster Natur Am Zusammenfluss von Inn und Salzach liegt ein Geheimtipp f\u00fcr Golfspieler: der Golfclub Alt\u00f6tting-Burghausen e.V. Grenznah gelegen bietet sich der Golfclub als Ziel f\u00fcr Golfausfl\u00fcge an. Der 18-Loch-Meisterschaftplatz \u201aSchloss Piesing\u2019 in Haiming zeichnet sich durch sanft in die Landschaft eingepasstes Platzdesign aus. Sportlich fair fordert er gleicherma\u00dfen den ambi\u00adtionierten [&hellip;]<\/p>\n","protected":false},"author":1,"featured_media":0,"parent":1607,"menu_order":0,"comment_status":"closed","ping_status":"closed","template":"page-partner.php","meta":{"_acf_changed":false,"footnotes":""},"class_list":["post-660","page","type-page","status-publish","hentry"],"acf":{"partner_infobox":"<strong>Adresse:\u00a0<\/strong>Piesing 4, D-84533 Haiming\r\n\r\n<strong>Tel:\u00a0<\/strong>+49 (0 86 78) 98 69 03\r\n\r\n<strong>Fax:\u00a0<\/strong>+49 (0 86 78) 98 69 05\r\n\r\n<strong>Web: <\/strong><a href=\"http:\/\/www.gc-altoetting-burghausen.de\" target=\"_blank\" rel=\"nofollow noopener\">www.gc-altoetting-burghausen.de<\/a>\r\n\r\n<strong>E-Mail:<\/strong> <a href=\"mailto:office@gc-altoetting-burghausen.de\">office@gc-altoetting-burghausen.de<\/a>\r\n\r\n<strong>Spielbahnen\/Par: <\/strong>18 + 9\/72\r\n\r\n<strong>La\u0308nge: <\/strong>gelb 5.995 m \/ rot 5.198 m\r\n\r\n<strong>Anfahrt:\r\n<\/strong>von Passau: A 94 \u2192 Abf. Marktl-Burghausen \u2192 Richtung Marktl \u2192 rechts \u2192 bis 800 m nach Ortsende Haiming \u2192 Golfanlage.von Salzburg: A94 \u2192 Abf. Burghausen rechts \u2192 nach 4 km Golfanlage.","partner_logo":659,"partner_gallery":[658,47242],"partner_lat":48.207146,"partner_long":12.861706,"partner_type":"golfclub","partner_openings":["1","2","3","4","5","6","7"],"montag_von_bis":"00:00 - 24:00","dienstag_von_bis":"00:00 - 24:00","mittwoch_von_bis":"00:00 - 24:00","donnerstag_von_bis":"00:00 - 24:00","freitag_von_bis":"00:00 - 24:00","samstag_von_bis":"00:00 - 24:00","sonntag_von_bis":"00:00 - 24:00","partner_adresse":"Piesing 4, 84533 Haiming","partner_land_bundesland":"Deutschland","partner_tel_1":"0049 8678 98 69 05","partner_tel_2":"0049 86 78 98 69 03","partner_web":"http:\/\/www.gc-altoetting-burghausen.de","partner_mail":"office@gc-altoetting-burghausen.de","partner_spielbahnen_par":"18 + 9\/72","partner_laenge":"gelb 5.995 m \/ rot 5.198 m","partner_bedingungen":"","partner_anfahrt":"von Passau: A 94 \u2192 Abf. Marktl-Burghausen \u2192 Richtung Marktl \u2192 rechts \u2192 bis 800 m nach Ortsende Haiming \u2192 Golfanlage.von Salzburg: A94 \u2192 Abf. Burghausen rechts \u2192 nach 4 km Golfanlage.","partner_misc":null,"additional_css_classes":""},"yoast_head":"<!-- This site is optimized with the Yoast SEO plugin v26.8 - https:\/\/yoast.com\/product\/yoast-seo-wordpress\/ -->\n<title>GC Alt\u00f6tting-Burghausen e.V. - Fairway 2 Hotel<\/title>\n<meta name=\"robots\" content=\"index, follow, max-snippet:-1, max-image-preview:large, max-video-preview:-1\" \/>\n<link rel=\"canonical\" href=\"https:\/\/fairway2hotel.at\/en\/golfclubs\/deutschland\/golfclub-altoetting-burghausen\/\" \/>\n<meta property=\"og:locale\" content=\"en_US\" \/>\n<meta property=\"og:type\" content=\"article\" \/>\n<meta property=\"og:title\" content=\"GC Alt\u00f6tting-Burghausen e.V. - Fairway 2 Hotel\" \/>\n<meta property=\"og:description\" content=\"Golf x 2 in sch\u00f6nster Natur Am Zusammenfluss von Inn und Salzach liegt ein Geheimtipp f\u00fcr Golfspieler: der Golfclub Alt\u00f6tting-Burghausen e.V. Grenznah gelegen bietet sich der Golfclub als Ziel f\u00fcr Golfausfl\u00fcge an. Der 18-Loch-Meisterschaftplatz \u201aSchloss Piesing\u2019 in Haiming zeichnet sich durch sanft in die Landschaft eingepasstes Platzdesign aus. Sportlich fair fordert er gleicherma\u00dfen den ambi\u00adtionierten [&hellip;]\" \/>\n<meta property=\"og:url\" content=\"https:\/\/fairway2hotel.at\/en\/golfclubs\/deutschland\/golfclub-altoetting-burghausen\/\" \/>\n<meta property=\"og:site_name\" content=\"Fairway 2 Hotel\" \/>\n<meta property=\"article:modified_time\" content=\"2025-03-30T14:33:00+00:00\" \/>\n<meta name=\"twitter:card\" content=\"summary_large_image\" \/>\n<meta name=\"twitter:label1\" content=\"Est. reading time\" \/>\n\t<meta name=\"twitter:data1\" content=\"2 minutes\" \/>\n<script type=\"application\/ld+json\" class=\"yoast-schema-graph\">{\"@context\":\"https:\/\/schema.org\",\"@graph\":[{\"@type\":\"WebPage\",\"@id\":\"https:\/\/fairway2hotel.at\/en\/golfclubs\/deutschland\/golfclub-altoetting-burghausen\/\",\"url\":\"https:\/\/fairway2hotel.at\/en\/golfclubs\/deutschland\/golfclub-altoetting-burghausen\/\",\"name\":\"GC Alt\u00f6tting-Burghausen e.V. - Fairway 2 Hotel\",\"isPartOf\":{\"@id\":\"https:\/\/fairway2hotel.at\/en\/#website\"},\"datePublished\":\"2010-10-20T05:00:08+00:00\",\"dateModified\":\"2025-03-30T14:33:00+00:00\",\"breadcrumb\":{\"@id\":\"https:\/\/fairway2hotel.at\/en\/golfclubs\/deutschland\/golfclub-altoetting-burghausen\/#breadcrumb\"},\"inLanguage\":\"en-US\",\"potentialAction\":[{\"@type\":\"ReadAction\",\"target\":[\"https:\/\/fairway2hotel.at\/en\/golfclubs\/deutschland\/golfclub-altoetting-burghausen\/\"]}]},{\"@type\":\"BreadcrumbList\",\"@id\":\"https:\/\/fairway2hotel.at\/en\/golfclubs\/deutschland\/golfclub-altoetting-burghausen\/#breadcrumb\",\"itemListElement\":[{\"@type\":\"ListItem\",\"position\":1,\"name\":\"Home\",\"item\":\"https:\/\/fairway2hotel.at\/en\/\"},{\"@type\":\"ListItem\",\"position\":2,\"name\":\"Golfclubs\",\"item\":\"https:\/\/fairway2hotel.at\/en\/golfclubs\/\"},{\"@type\":\"ListItem\",\"position\":3,\"name\":\"Golfclubs Deutschland\",\"item\":\"https:\/\/fairway2hotel.at\/en\/golfclubs\/deutschland\/\"},{\"@type\":\"ListItem\",\"position\":4,\"name\":\"GC Alt\u00f6tting-Burghausen e.V.\"}]},{\"@type\":\"WebSite\",\"@id\":\"https:\/\/fairway2hotel.at\/en\/#website\",\"url\":\"https:\/\/fairway2hotel.at\/en\/\",\"name\":\"Fairway 2 Hotel\",\"description\":\"Golf at half price! 2 play - 1 pays\",\"potentialAction\":[{\"@type\":\"SearchAction\",\"target\":{\"@type\":\"EntryPoint\",\"urlTemplate\":\"https:\/\/fairway2hotel.at\/en\/?s={search_term_string}\"},\"query-input\":{\"@type\":\"PropertyValueSpecification\",\"valueRequired\":true,\"valueName\":\"search_term_string\"}}],\"inLanguage\":\"en-US\"}]}<\/script>\n<!-- \/ Yoast SEO plugin. -->","yoast_head_json":{"title":"GC Alt\u00f6tting-Burghausen e.V. - Fairway 2 Hotel","robots":{"index":"index","follow":"follow","max-snippet":"max-snippet:-1","max-image-preview":"max-image-preview:large","max-video-preview":"max-video-preview:-1"},"canonical":"https:\/\/fairway2hotel.at\/en\/golfclubs\/deutschland\/golfclub-altoetting-burghausen\/","og_locale":"en_US","og_type":"article","og_title":"GC Alt\u00f6tting-Burghausen e.V. - Fairway 2 Hotel","og_description":"Golf x 2 in sch\u00f6nster Natur Am Zusammenfluss von Inn und Salzach liegt ein Geheimtipp f\u00fcr Golfspieler: der Golfclub Alt\u00f6tting-Burghausen e.V. Grenznah gelegen bietet sich der Golfclub als Ziel f\u00fcr Golfausfl\u00fcge an. Der 18-Loch-Meisterschaftplatz \u201aSchloss Piesing\u2019 in Haiming zeichnet sich durch sanft in die Landschaft eingepasstes Platzdesign aus. Sportlich fair fordert er gleicherma\u00dfen den ambi\u00adtionierten [&hellip;]","og_url":"https:\/\/fairway2hotel.at\/en\/golfclubs\/deutschland\/golfclub-altoetting-burghausen\/","og_site_name":"Fairway 2 Hotel","article_modified_time":"2025-03-30T14:33:00+00:00","twitter_card":"summary_large_image","twitter_misc":{"Est. reading time":"2 minutes"},"schema":{"@context":"https:\/\/schema.org","@graph":[{"@type":"WebPage","@id":"https:\/\/fairway2hotel.at\/en\/golfclubs\/deutschland\/golfclub-altoetting-burghausen\/","url":"https:\/\/fairway2hotel.at\/en\/golfclubs\/deutschland\/golfclub-altoetting-burghausen\/","name":"GC Alt\u00f6tting-Burghausen e.V. - Fairway 2 Hotel","isPartOf":{"@id":"https:\/\/fairway2hotel.at\/en\/#website"},"datePublished":"2010-10-20T05:00:08+00:00","dateModified":"2025-03-30T14:33:00+00:00","breadcrumb":{"@id":"https:\/\/fairway2hotel.at\/en\/golfclubs\/deutschland\/golfclub-altoetting-burghausen\/#breadcrumb"},"inLanguage":"en-US","potentialAction":[{"@type":"ReadAction","target":["https:\/\/fairway2hotel.at\/en\/golfclubs\/deutschland\/golfclub-altoetting-burghausen\/"]}]},{"@type":"BreadcrumbList","@id":"https:\/\/fairway2hotel.at\/en\/golfclubs\/deutschland\/golfclub-altoetting-burghausen\/#breadcrumb","itemListElement":[{"@type":"ListItem","position":1,"name":"Home","item":"https:\/\/fairway2hotel.at\/en\/"},{"@type":"ListItem","position":2,"name":"Golfclubs","item":"https:\/\/fairway2hotel.at\/en\/golfclubs\/"},{"@type":"ListItem","position":3,"name":"Golfclubs Deutschland","item":"https:\/\/fairway2hotel.at\/en\/golfclubs\/deutschland\/"},{"@type":"ListItem","position":4,"name":"GC Alt\u00f6tting-Burghausen e.V."}]},{"@type":"WebSite","@id":"https:\/\/fairway2hotel.at\/en\/#website","url":"https:\/\/fairway2hotel.at\/en\/","name":"Fairway 2 Hotel","description":"Golf at half price! 2 play - 1 pays","potentialAction":[{"@type":"SearchAction","target":{"@type":"EntryPoint","urlTemplate":"https:\/\/fairway2hotel.at\/en\/?s={search_term_string}"},"query-input":{"@type":"PropertyValueSpecification","valueRequired":true,"valueName":"search_term_string"}}],"inLanguage":"en-US"}]}},"_links":{"self":[{"href":"https:\/\/fairway2hotel.at\/en\/wp-json\/wp\/v2\/pages\/660","targetHints":{"allow":["GET"]}}],"collection":[{"href":"https:\/\/fairway2hotel.at\/en\/wp-json\/wp\/v2\/pages"}],"about":[{"href":"https:\/\/fairway2hotel.at\/en\/wp-json\/wp\/v2\/types\/page"}],"author":[{"embeddable":true,"href":"https:\/\/fairway2hotel.at\/en\/wp-json\/wp\/v2\/users\/1"}],"replies":[{"embeddable":true,"href":"https:\/\/fairway2hotel.at\/en\/wp-json\/wp\/v2\/comments?post=660"}],"version-history":[{"count":7,"href":"https:\/\/fairway2hotel.at\/en\/wp-json\/wp\/v2\/pages\/660\/revisions"}],"predecessor-version":[{"id":47244,"href":"https:\/\/fairway2hotel.at\/en\/wp-json\/wp\/v2\/pages\/660\/revisions\/47244"}],"up":[{"embeddable":true,"href":"https:\/\/fairway2hotel.at\/en\/wp-json\/wp\/v2\/pages\/1607"}],"acf:attachment":[{"embeddable":true,"href":"https:\/\/fairway2hotel.at\/en\/wp-json\/wp\/v2\/media\/47242"},{"embeddable":true,"href":"https:\/\/fairway2hotel.at\/en\/wp-json\/wp\/v2\/media\/658"}],"wp:attachment":[{"href":"https:\/\/fairway2hotel.at\/en\/wp-json\/wp\/v2\/media?parent=660"}],"curies":[{"name":"wp","href":"https:\/\/api.w.org\/{rel}","templated":true}]}}