{"id":663,"date":"2010-10-20T07:07:46","date_gmt":"2010-10-20T05:07:46","guid":{"rendered":"https:\/\/f2h.app\/bella-vista-golfpark\/"},"modified":"2025-03-30T16:53:06","modified_gmt":"2025-03-30T14:53:06","slug":"bella-vista-golfpark","status":"publish","type":"page","link":"https:\/\/fairway2hotel.at\/en\/golfclubs\/deutschland\/bella-vista-golfpark\/","title":{"rendered":"GC Bella Vista Golfpark"},"content":{"rendered":"<h2>&#8220;Golfen mit allen Sinnen!&#8221;<\/h2>\n<p>Wenn Sie am Abschlag stehen und hinunterschauen auf Bayerns erholsamstes Urlaubsdorf, dann werden Sie verstehen, warum der Golfpark &#8220;Bella Vista&#8221; hei\u00dft und nicht irgendeinen Allerweltsnamen tr\u00e4gt. Auf den Greens w\u00e4chst das Gras des Old Courses: das Festuca. In Schottland, der Wiege des Golfsports, wird es noch heute z.B. auf St.Andrews und Carnoustie bespielt. Der Golfpark besteht aus einem 18-Loch-Platz , einem 9-Loch-Kurzplatz, der auch ohne Platzreife bespielbar ist (Par 3), einer gro\u00dfz\u00fcgigen Driving Range und einer innovativen spiel!Golf-Anlage. Hier k\u00f6nnen Sie Ihrer Spielfreude freien Lauf lassen und in aller Ruhe Ihre wahre Golferseele entdecken.<\/p>\n<h2>\u2018Golfing with all your senses!\u2019<\/h2>\n<p>When you stand at the tee and look down on Bavaria&#8217;s most relaxing holiday village, you will understand why the golf park is called \u2018Bella Vista\u2019 and not just any old name. The grass of the Old Course grows on the greens: Festuca. In Scotland, the cradle of golf, it is still played today at St Andrews and Carnoustie, for example. The golf park consists of an 18-hole course, a 9-hole short course, which can also be played without a licence (par 3), a spacious driving range and an innovative spiel! golf course. Here you can give free rein to your enjoyment of the game and discover your true golfing spirit in peace and quiet.<\/p>\n","protected":false},"excerpt":{"rendered":"<p>&#8220;Golfen mit allen Sinnen!&#8221; Wenn Sie am Abschlag stehen und hinunterschauen auf Bayerns erholsamstes Urlaubsdorf, dann werden Sie verstehen, warum der Golfpark &#8220;Bella Vista&#8221; hei\u00dft und nicht irgendeinen Allerweltsnamen tr\u00e4gt. Auf den Greens w\u00e4chst das Gras des Old Courses: das Festuca. In Schottland, der Wiege des Golfsports, wird es noch heute z.B. auf St.Andrews und [&hellip;]<\/p>\n","protected":false},"author":1,"featured_media":0,"parent":1607,"menu_order":40,"comment_status":"closed","ping_status":"closed","template":"page-partner.php","meta":{"_acf_changed":false,"footnotes":""},"class_list":["post-663","page","type-page","status-publish","hentry"],"acf":{"partner_infobox":"<strong>Adresse:<\/strong>Bella Vista Allee 1, D-84364 Bad Birnbach\r\n\r\n<strong>Tel:\u00a0<\/strong>+49 (0)8563 977 40-0\r\n\r\n<strong>Fax:<\/strong>+49 (0)8563 977 40-29\r\n\r\n<strong>Web: <\/strong><a href=\"http:\/\/www.badbirnbach.de\" target=\"_blank\" rel=\"nofollow noopener noreferrer\">www.badbirnbach.de<\/a>\r\n\r\n<strong>E-Mail:<\/strong> <a href=\"mailto:info@bellavista-golfpark.de\">info@bellavista-golfpark.de<\/a>\r\n\r\n<strong>Spielbahnen\/Par: <\/strong>18\/72 + 9-Loch Kurzplatz\r\n\r\n<strong>La\u0308nge: <\/strong>gelb: 5.616 m\/rot: 4.769 m\r\n\r\n<strong>Anfahrt:\r\n<\/strong>Von Linz: Autobahn\u2192 Passau, Grenz\u00fcbergang Suben, auf A3\u2192 Abfahrt Pocking, rechts auf die B512\u2192 Abfahrt auf die B388 Richtung Bad Birnbach","partner_logo":662,"partner_gallery":[661,47269,47271,47273],"partner_lat":48.44627,"partner_long":13.07559,"partner_type":"golfclub","partner_openings":["1","2","3","4","5","6","7"],"montag_von_bis":"00:00 - 24:00","dienstag_von_bis":"00:00 - 24:00","mittwoch_von_bis":"00:00 - 24:00","donnerstag_von_bis":"00:00 - 24:00","freitag_von_bis":"00:00 - 24:00","samstag_von_bis":"00:00 - 24:00","sonntag_von_bis":"00:00 - 24:00","partner_adresse":"Bella Vista Allee 1, 84364 Bad Birnbach","partner_land_bundesland":"Deutschland","partner_tel_1":"0049 8563 977 4029","partner_tel_2":"0049 8563 977 400","partner_web":"https:\/\/www.badbirnbach.de\/bella-vista-golfpark ","partner_mail":"info@bellavista-golfpark.de","partner_spielbahnen_par":"18\/72 + 9-Loch Kurzplatz","partner_laenge":"gelb: 5.616 m\/rot: 4.769 m","partner_bedingungen":"","partner_anfahrt":"Von Linz: Autobahn\u2192 Passau, Grenz\u00fcbergang Suben, auf A3\u2192 Abfahrt Pocking, rechts auf die B512\u2192 Abfahrt auf die B388 Richtung Bad Birnbach","partner_misc":null,"additional_css_classes":""},"yoast_head":"<!-- This site is optimized with the Yoast SEO plugin v26.8 - https:\/\/yoast.com\/product\/yoast-seo-wordpress\/ -->\n<title>GC Bella Vista Golfpark - Fairway 2 Hotel<\/title>\n<meta name=\"robots\" content=\"index, follow, max-snippet:-1, max-image-preview:large, max-video-preview:-1\" \/>\n<link rel=\"canonical\" href=\"https:\/\/fairway2hotel.at\/en\/golfclubs\/deutschland\/bella-vista-golfpark\/\" \/>\n<meta property=\"og:locale\" content=\"en_US\" \/>\n<meta property=\"og:type\" content=\"article\" \/>\n<meta property=\"og:title\" content=\"GC Bella Vista Golfpark - Fairway 2 Hotel\" \/>\n<meta property=\"og:description\" content=\"&#8220;Golfen mit allen Sinnen!&#8221; Wenn Sie am Abschlag stehen und hinunterschauen auf Bayerns erholsamstes Urlaubsdorf, dann werden Sie verstehen, warum der Golfpark &#8220;Bella Vista&#8221; hei\u00dft und nicht irgendeinen Allerweltsnamen tr\u00e4gt. Auf den Greens w\u00e4chst das Gras des Old Courses: das Festuca. In Schottland, der Wiege des Golfsports, wird es noch heute z.B. auf St.Andrews und [&hellip;]\" \/>\n<meta property=\"og:url\" content=\"https:\/\/fairway2hotel.at\/en\/golfclubs\/deutschland\/bella-vista-golfpark\/\" \/>\n<meta property=\"og:site_name\" content=\"Fairway 2 Hotel\" \/>\n<meta property=\"article:modified_time\" content=\"2025-03-30T14:53:06+00:00\" \/>\n<meta name=\"twitter:card\" content=\"summary_large_image\" \/>\n<meta name=\"twitter:label1\" content=\"Est. reading time\" \/>\n\t<meta name=\"twitter:data1\" content=\"2 minutes\" \/>\n<script type=\"application\/ld+json\" class=\"yoast-schema-graph\">{\"@context\":\"https:\/\/schema.org\",\"@graph\":[{\"@type\":\"WebPage\",\"@id\":\"https:\/\/fairway2hotel.at\/en\/golfclubs\/deutschland\/bella-vista-golfpark\/\",\"url\":\"https:\/\/fairway2hotel.at\/en\/golfclubs\/deutschland\/bella-vista-golfpark\/\",\"name\":\"GC Bella Vista Golfpark - Fairway 2 Hotel\",\"isPartOf\":{\"@id\":\"https:\/\/fairway2hotel.at\/en\/#website\"},\"datePublished\":\"2010-10-20T05:07:46+00:00\",\"dateModified\":\"2025-03-30T14:53:06+00:00\",\"breadcrumb\":{\"@id\":\"https:\/\/fairway2hotel.at\/en\/golfclubs\/deutschland\/bella-vista-golfpark\/#breadcrumb\"},\"inLanguage\":\"en-US\",\"potentialAction\":[{\"@type\":\"ReadAction\",\"target\":[\"https:\/\/fairway2hotel.at\/en\/golfclubs\/deutschland\/bella-vista-golfpark\/\"]}]},{\"@type\":\"BreadcrumbList\",\"@id\":\"https:\/\/fairway2hotel.at\/en\/golfclubs\/deutschland\/bella-vista-golfpark\/#breadcrumb\",\"itemListElement\":[{\"@type\":\"ListItem\",\"position\":1,\"name\":\"Home\",\"item\":\"https:\/\/fairway2hotel.at\/en\/\"},{\"@type\":\"ListItem\",\"position\":2,\"name\":\"Golfclubs\",\"item\":\"https:\/\/fairway2hotel.at\/en\/golfclubs\/\"},{\"@type\":\"ListItem\",\"position\":3,\"name\":\"Golfclubs Deutschland\",\"item\":\"https:\/\/fairway2hotel.at\/en\/golfclubs\/deutschland\/\"},{\"@type\":\"ListItem\",\"position\":4,\"name\":\"GC Bella Vista Golfpark\"}]},{\"@type\":\"WebSite\",\"@id\":\"https:\/\/fairway2hotel.at\/en\/#website\",\"url\":\"https:\/\/fairway2hotel.at\/en\/\",\"name\":\"Fairway 2 Hotel\",\"description\":\"Golf at half price! 2 play - 1 pays\",\"potentialAction\":[{\"@type\":\"SearchAction\",\"target\":{\"@type\":\"EntryPoint\",\"urlTemplate\":\"https:\/\/fairway2hotel.at\/en\/?s={search_term_string}\"},\"query-input\":{\"@type\":\"PropertyValueSpecification\",\"valueRequired\":true,\"valueName\":\"search_term_string\"}}],\"inLanguage\":\"en-US\"}]}<\/script>\n<!-- \/ Yoast SEO plugin. -->","yoast_head_json":{"title":"GC Bella Vista Golfpark - Fairway 2 Hotel","robots":{"index":"index","follow":"follow","max-snippet":"max-snippet:-1","max-image-preview":"max-image-preview:large","max-video-preview":"max-video-preview:-1"},"canonical":"https:\/\/fairway2hotel.at\/en\/golfclubs\/deutschland\/bella-vista-golfpark\/","og_locale":"en_US","og_type":"article","og_title":"GC Bella Vista Golfpark - Fairway 2 Hotel","og_description":"&#8220;Golfen mit allen Sinnen!&#8221; Wenn Sie am Abschlag stehen und hinunterschauen auf Bayerns erholsamstes Urlaubsdorf, dann werden Sie verstehen, warum der Golfpark &#8220;Bella Vista&#8221; hei\u00dft und nicht irgendeinen Allerweltsnamen tr\u00e4gt. Auf den Greens w\u00e4chst das Gras des Old Courses: das Festuca. In Schottland, der Wiege des Golfsports, wird es noch heute z.B. auf St.Andrews und [&hellip;]","og_url":"https:\/\/fairway2hotel.at\/en\/golfclubs\/deutschland\/bella-vista-golfpark\/","og_site_name":"Fairway 2 Hotel","article_modified_time":"2025-03-30T14:53:06+00:00","twitter_card":"summary_large_image","twitter_misc":{"Est. reading time":"2 minutes"},"schema":{"@context":"https:\/\/schema.org","@graph":[{"@type":"WebPage","@id":"https:\/\/fairway2hotel.at\/en\/golfclubs\/deutschland\/bella-vista-golfpark\/","url":"https:\/\/fairway2hotel.at\/en\/golfclubs\/deutschland\/bella-vista-golfpark\/","name":"GC Bella Vista Golfpark - Fairway 2 Hotel","isPartOf":{"@id":"https:\/\/fairway2hotel.at\/en\/#website"},"datePublished":"2010-10-20T05:07:46+00:00","dateModified":"2025-03-30T14:53:06+00:00","breadcrumb":{"@id":"https:\/\/fairway2hotel.at\/en\/golfclubs\/deutschland\/bella-vista-golfpark\/#breadcrumb"},"inLanguage":"en-US","potentialAction":[{"@type":"ReadAction","target":["https:\/\/fairway2hotel.at\/en\/golfclubs\/deutschland\/bella-vista-golfpark\/"]}]},{"@type":"BreadcrumbList","@id":"https:\/\/fairway2hotel.at\/en\/golfclubs\/deutschland\/bella-vista-golfpark\/#breadcrumb","itemListElement":[{"@type":"ListItem","position":1,"name":"Home","item":"https:\/\/fairway2hotel.at\/en\/"},{"@type":"ListItem","position":2,"name":"Golfclubs","item":"https:\/\/fairway2hotel.at\/en\/golfclubs\/"},{"@type":"ListItem","position":3,"name":"Golfclubs Deutschland","item":"https:\/\/fairway2hotel.at\/en\/golfclubs\/deutschland\/"},{"@type":"ListItem","position":4,"name":"GC Bella Vista Golfpark"}]},{"@type":"WebSite","@id":"https:\/\/fairway2hotel.at\/en\/#website","url":"https:\/\/fairway2hotel.at\/en\/","name":"Fairway 2 Hotel","description":"Golf at half price! 2 play - 1 pays","potentialAction":[{"@type":"SearchAction","target":{"@type":"EntryPoint","urlTemplate":"https:\/\/fairway2hotel.at\/en\/?s={search_term_string}"},"query-input":{"@type":"PropertyValueSpecification","valueRequired":true,"valueName":"search_term_string"}}],"inLanguage":"en-US"}]}},"_links":{"self":[{"href":"https:\/\/fairway2hotel.at\/en\/wp-json\/wp\/v2\/pages\/663","targetHints":{"allow":["GET"]}}],"collection":[{"href":"https:\/\/fairway2hotel.at\/en\/wp-json\/wp\/v2\/pages"}],"about":[{"href":"https:\/\/fairway2hotel.at\/en\/wp-json\/wp\/v2\/types\/page"}],"author":[{"embeddable":true,"href":"https:\/\/fairway2hotel.at\/en\/wp-json\/wp\/v2\/users\/1"}],"replies":[{"embeddable":true,"href":"https:\/\/fairway2hotel.at\/en\/wp-json\/wp\/v2\/comments?post=663"}],"version-history":[{"count":6,"href":"https:\/\/fairway2hotel.at\/en\/wp-json\/wp\/v2\/pages\/663\/revisions"}],"predecessor-version":[{"id":47276,"href":"https:\/\/fairway2hotel.at\/en\/wp-json\/wp\/v2\/pages\/663\/revisions\/47276"}],"up":[{"embeddable":true,"href":"https:\/\/fairway2hotel.at\/en\/wp-json\/wp\/v2\/pages\/1607"}],"acf:attachment":[{"embeddable":true,"href":"https:\/\/fairway2hotel.at\/en\/wp-json\/wp\/v2\/media\/47273"},{"embeddable":true,"href":"https:\/\/fairway2hotel.at\/en\/wp-json\/wp\/v2\/media\/47271"},{"embeddable":true,"href":"https:\/\/fairway2hotel.at\/en\/wp-json\/wp\/v2\/media\/47269"},{"embeddable":true,"href":"https:\/\/fairway2hotel.at\/en\/wp-json\/wp\/v2\/media\/661"}],"wp:attachment":[{"href":"https:\/\/fairway2hotel.at\/en\/wp-json\/wp\/v2\/media?parent=663"}],"curies":[{"name":"wp","href":"https:\/\/api.w.org\/{rel}","templated":true}]}}