{"id":677,"date":"2010-10-20T07:42:48","date_gmt":"2010-10-20T05:42:48","guid":{"rendered":"https:\/\/f2h.app\/golfclub-gaeuboden\/"},"modified":"2025-03-30T17:15:43","modified_gmt":"2025-03-30T15:15:43","slug":"golfclub-gaeuboden","status":"publish","type":"page","link":"https:\/\/fairway2hotel.at\/en\/golfclubs\/deutschland\/golfclub-gaeuboden\/","title":{"rendered":"GC G\u00e4uboden e.V."},"content":{"rendered":"<h2>Gro\u00dfz\u00fcgige Golfanlage am Fu\u00dfe des Bayerischen Waldes<\/h2>\n<p>Im St\u00e4dtedreieck Straubing \u2013 Bogen \u2013 Deggendorf liegt die circa 110 ha gro\u00dfe Anlage. Der Platz ist landschaftlich sehr reizvoll am Fu\u00dfe des Bayerischen Waldes kurz vor Straubing gelegen und bietet den Spielern einen wundersch\u00f6nen Blick auf den Bogenberg mit seiner bekannten Wallfahrtskirche. Das durchwegs flache Gel\u00e4nde ist f\u00fcr Golfer aller Spielst\u00e4rken geeignet und wird gr\u00f6\u00dftenteils durch viele interessante Wasserhindernisse gepr\u00e4gt. Zu unseren weitfl\u00e4chig angelegten \u00dcbungsanlagen darf sich seit 2007 auch eine \u00f6ffentliche 6 Loch Pay &amp; Play Anlage z\u00e4hlen. Die 6 Bahnen mit f\u00fcnf Par 3 sowie einem Par 4 sind f\u00fcr Jedermann bespielbar. Ein Blickfang der Anlage ist das mediterrane Clubhaus, von welchen man im Restaurant einen Rundum-Blick auf den Golfplatz hat.<\/p>\n<h2>Spacious golf course at the foot of the Bavarian Forest<\/h2>\n<p>The 110-hectare course is located in the Straubing &#8211; Bogen &#8211; Deggendorf triangle. The course is situated in a very scenic location at the foot of the Bavarian Forest just before Straubing and offers players a wonderful view of the Bogenberg with its famous pilgrimage church. The consistently flat terrain is suitable for golfers of all levels and is largely characterised by many interesting water hazards. Since 2007, our extensive practice facilities have also included a public 6-hole Pay &amp; Play course. The 6 holes with five par 3s and one par 4 can be played by anyone. An eye-catching feature of the course is the Mediterranean clubhouse, from which you have an all-round view of the golf course from the restaurant.<\/p>\n<p>&nbsp;<\/p>\n","protected":false},"excerpt":{"rendered":"<p>Gro\u00dfz\u00fcgige Golfanlage am Fu\u00dfe des Bayerischen Waldes Im St\u00e4dtedreieck Straubing \u2013 Bogen \u2013 Deggendorf liegt die circa 110 ha gro\u00dfe Anlage. Der Platz ist landschaftlich sehr reizvoll am Fu\u00dfe des Bayerischen Waldes kurz vor Straubing gelegen und bietet den Spielern einen wundersch\u00f6nen Blick auf den Bogenberg mit seiner bekannten Wallfahrtskirche. Das durchwegs flache Gel\u00e4nde ist [&hellip;]<\/p>\n","protected":false},"author":1,"featured_media":0,"parent":1607,"menu_order":65,"comment_status":"closed","ping_status":"closed","template":"page-partner.php","meta":{"_acf_changed":false,"footnotes":""},"class_list":["post-677","page","type-page","status-publish","hentry"],"acf":{"partner_infobox":"<strong>Adresse:\u00a0<\/strong>Fruhstorf 6, 94330 Aiterhofen, Deutschland\r\n\r\n<strong>Tel:\u00a0<\/strong>0049\/(0)9421\/72804\r\n\r\n<strong>Fax:\u00a0<\/strong>0049\/(0)9421\/183873\r\n\r\n<strong>Web: <\/strong><a href=\"http:\/\/www.golfclub-gaeuboden.de\" target=\"_blank\" rel=\"nofollow noopener\">www.golfclub-gaeuboden.de<\/a>\r\n\r\n<strong>E-Mail:<\/strong> <a href=\"mailto:kontakt@golfclub-gaeuboden.de\">kontakt@golfclub-gaeuboden.de<\/a>\r\n\r\n<strong>Spielbahnen\/Par: <\/strong>18 Loch\/72 6-Loch-Kurzplatz (pay &amp; play)\r\n\r\n<strong>La\u0308nge: <\/strong>gelb: 6.173 m \/ rot: 5.486 m\r\n\r\n<strong>Anfahrt:\r\n<\/strong>A3 Richtung Regensburg, Ausfahrt Bogen, Richtung Straubing, nach der Donaubr\u00fccke rechts Richtung Straubing \u2013 Sand, gerade bis Ausfahrt Schambach\/Ittling, ab hier Beschilderung \u201eGut Fruhstorf\u201c folgen","partner_logo":676,"partner_gallery":[675,47291],"partner_lat":48.86911,"partner_long":12.661,"partner_type":"golfclub","partner_openings":["1","2","3","4","5","6","7"],"montag_von_bis":"00:00 - 24:00","dienstag_von_bis":"00:00 - 24:00","mittwoch_von_bis":"00:00 - 24:00","donnerstag_von_bis":"00:00 - 24:00","freitag_von_bis":"00:00 - 24:00","samstag_von_bis":"00:00 - 24:00","sonntag_von_bis":"00:00 - 24:00","partner_adresse":"Fruhstorf 6, 94330 Aiterhofen","partner_land_bundesland":"Deutschland","partner_tel_1":"0049 9421 183873","partner_tel_2":"0049 9421 72804","partner_web":"https:\/\/www.gc-gaeuboden.de\/ ","partner_mail":"kontakt@golfclub-gaeuboden.de","partner_spielbahnen_par":"18 Loch\/72 6-Loch-Kurzplatz (pay &amp; play)","partner_laenge":"gelb: 6.173 m \/ rot: 5.486 m","partner_bedingungen":"","partner_anfahrt":"A3 Richtung Regensburg, Ausfahrt Bogen, Richtung Straubing, nach der Donaubr\u00fccke rechts Richtung Straubing \u2013 Sand, gerade bis Ausfahrt Schambach\/Ittling, ab hier Beschilderung \u201eGut Fruhstorf\u201c folgen","partner_misc":null,"additional_css_classes":""},"yoast_head":"<!-- This site is optimized with the Yoast SEO plugin v26.8 - https:\/\/yoast.com\/product\/yoast-seo-wordpress\/ -->\n<title>GC G\u00e4uboden e.V. - Fairway 2 Hotel<\/title>\n<meta name=\"robots\" content=\"index, follow, max-snippet:-1, max-image-preview:large, max-video-preview:-1\" \/>\n<link rel=\"canonical\" href=\"https:\/\/fairway2hotel.at\/en\/golfclubs\/deutschland\/golfclub-gaeuboden\/\" \/>\n<meta property=\"og:locale\" content=\"en_US\" \/>\n<meta property=\"og:type\" content=\"article\" \/>\n<meta property=\"og:title\" content=\"GC G\u00e4uboden e.V. - Fairway 2 Hotel\" \/>\n<meta property=\"og:description\" content=\"Gro\u00dfz\u00fcgige Golfanlage am Fu\u00dfe des Bayerischen Waldes Im St\u00e4dtedreieck Straubing \u2013 Bogen \u2013 Deggendorf liegt die circa 110 ha gro\u00dfe Anlage. Der Platz ist landschaftlich sehr reizvoll am Fu\u00dfe des Bayerischen Waldes kurz vor Straubing gelegen und bietet den Spielern einen wundersch\u00f6nen Blick auf den Bogenberg mit seiner bekannten Wallfahrtskirche. Das durchwegs flache Gel\u00e4nde ist [&hellip;]\" \/>\n<meta property=\"og:url\" content=\"https:\/\/fairway2hotel.at\/en\/golfclubs\/deutschland\/golfclub-gaeuboden\/\" \/>\n<meta property=\"og:site_name\" content=\"Fairway 2 Hotel\" \/>\n<meta property=\"article:modified_time\" content=\"2025-03-30T15:15:43+00:00\" \/>\n<meta name=\"twitter:card\" content=\"summary_large_image\" \/>\n<meta name=\"twitter:label1\" content=\"Est. reading time\" \/>\n\t<meta name=\"twitter:data1\" content=\"2 minutes\" \/>\n<script type=\"application\/ld+json\" class=\"yoast-schema-graph\">{\"@context\":\"https:\/\/schema.org\",\"@graph\":[{\"@type\":\"WebPage\",\"@id\":\"https:\/\/fairway2hotel.at\/en\/golfclubs\/deutschland\/golfclub-gaeuboden\/\",\"url\":\"https:\/\/fairway2hotel.at\/en\/golfclubs\/deutschland\/golfclub-gaeuboden\/\",\"name\":\"GC G\u00e4uboden e.V. - Fairway 2 Hotel\",\"isPartOf\":{\"@id\":\"https:\/\/fairway2hotel.at\/en\/#website\"},\"datePublished\":\"2010-10-20T05:42:48+00:00\",\"dateModified\":\"2025-03-30T15:15:43+00:00\",\"breadcrumb\":{\"@id\":\"https:\/\/fairway2hotel.at\/en\/golfclubs\/deutschland\/golfclub-gaeuboden\/#breadcrumb\"},\"inLanguage\":\"en-US\",\"potentialAction\":[{\"@type\":\"ReadAction\",\"target\":[\"https:\/\/fairway2hotel.at\/en\/golfclubs\/deutschland\/golfclub-gaeuboden\/\"]}]},{\"@type\":\"BreadcrumbList\",\"@id\":\"https:\/\/fairway2hotel.at\/en\/golfclubs\/deutschland\/golfclub-gaeuboden\/#breadcrumb\",\"itemListElement\":[{\"@type\":\"ListItem\",\"position\":1,\"name\":\"Home\",\"item\":\"https:\/\/fairway2hotel.at\/en\/\"},{\"@type\":\"ListItem\",\"position\":2,\"name\":\"Golfclubs\",\"item\":\"https:\/\/fairway2hotel.at\/en\/golfclubs\/\"},{\"@type\":\"ListItem\",\"position\":3,\"name\":\"Golfclubs Deutschland\",\"item\":\"https:\/\/fairway2hotel.at\/en\/golfclubs\/deutschland\/\"},{\"@type\":\"ListItem\",\"position\":4,\"name\":\"GC G\u00e4uboden e.V.\"}]},{\"@type\":\"WebSite\",\"@id\":\"https:\/\/fairway2hotel.at\/en\/#website\",\"url\":\"https:\/\/fairway2hotel.at\/en\/\",\"name\":\"Fairway 2 Hotel\",\"description\":\"Golf at half price! 2 play - 1 pays\",\"potentialAction\":[{\"@type\":\"SearchAction\",\"target\":{\"@type\":\"EntryPoint\",\"urlTemplate\":\"https:\/\/fairway2hotel.at\/en\/?s={search_term_string}\"},\"query-input\":{\"@type\":\"PropertyValueSpecification\",\"valueRequired\":true,\"valueName\":\"search_term_string\"}}],\"inLanguage\":\"en-US\"}]}<\/script>\n<!-- \/ Yoast SEO plugin. -->","yoast_head_json":{"title":"GC G\u00e4uboden e.V. - Fairway 2 Hotel","robots":{"index":"index","follow":"follow","max-snippet":"max-snippet:-1","max-image-preview":"max-image-preview:large","max-video-preview":"max-video-preview:-1"},"canonical":"https:\/\/fairway2hotel.at\/en\/golfclubs\/deutschland\/golfclub-gaeuboden\/","og_locale":"en_US","og_type":"article","og_title":"GC G\u00e4uboden e.V. - Fairway 2 Hotel","og_description":"Gro\u00dfz\u00fcgige Golfanlage am Fu\u00dfe des Bayerischen Waldes Im St\u00e4dtedreieck Straubing \u2013 Bogen \u2013 Deggendorf liegt die circa 110 ha gro\u00dfe Anlage. Der Platz ist landschaftlich sehr reizvoll am Fu\u00dfe des Bayerischen Waldes kurz vor Straubing gelegen und bietet den Spielern einen wundersch\u00f6nen Blick auf den Bogenberg mit seiner bekannten Wallfahrtskirche. Das durchwegs flache Gel\u00e4nde ist [&hellip;]","og_url":"https:\/\/fairway2hotel.at\/en\/golfclubs\/deutschland\/golfclub-gaeuboden\/","og_site_name":"Fairway 2 Hotel","article_modified_time":"2025-03-30T15:15:43+00:00","twitter_card":"summary_large_image","twitter_misc":{"Est. reading time":"2 minutes"},"schema":{"@context":"https:\/\/schema.org","@graph":[{"@type":"WebPage","@id":"https:\/\/fairway2hotel.at\/en\/golfclubs\/deutschland\/golfclub-gaeuboden\/","url":"https:\/\/fairway2hotel.at\/en\/golfclubs\/deutschland\/golfclub-gaeuboden\/","name":"GC G\u00e4uboden e.V. - Fairway 2 Hotel","isPartOf":{"@id":"https:\/\/fairway2hotel.at\/en\/#website"},"datePublished":"2010-10-20T05:42:48+00:00","dateModified":"2025-03-30T15:15:43+00:00","breadcrumb":{"@id":"https:\/\/fairway2hotel.at\/en\/golfclubs\/deutschland\/golfclub-gaeuboden\/#breadcrumb"},"inLanguage":"en-US","potentialAction":[{"@type":"ReadAction","target":["https:\/\/fairway2hotel.at\/en\/golfclubs\/deutschland\/golfclub-gaeuboden\/"]}]},{"@type":"BreadcrumbList","@id":"https:\/\/fairway2hotel.at\/en\/golfclubs\/deutschland\/golfclub-gaeuboden\/#breadcrumb","itemListElement":[{"@type":"ListItem","position":1,"name":"Home","item":"https:\/\/fairway2hotel.at\/en\/"},{"@type":"ListItem","position":2,"name":"Golfclubs","item":"https:\/\/fairway2hotel.at\/en\/golfclubs\/"},{"@type":"ListItem","position":3,"name":"Golfclubs Deutschland","item":"https:\/\/fairway2hotel.at\/en\/golfclubs\/deutschland\/"},{"@type":"ListItem","position":4,"name":"GC G\u00e4uboden e.V."}]},{"@type":"WebSite","@id":"https:\/\/fairway2hotel.at\/en\/#website","url":"https:\/\/fairway2hotel.at\/en\/","name":"Fairway 2 Hotel","description":"Golf at half price! 2 play - 1 pays","potentialAction":[{"@type":"SearchAction","target":{"@type":"EntryPoint","urlTemplate":"https:\/\/fairway2hotel.at\/en\/?s={search_term_string}"},"query-input":{"@type":"PropertyValueSpecification","valueRequired":true,"valueName":"search_term_string"}}],"inLanguage":"en-US"}]}},"_links":{"self":[{"href":"https:\/\/fairway2hotel.at\/en\/wp-json\/wp\/v2\/pages\/677","targetHints":{"allow":["GET"]}}],"collection":[{"href":"https:\/\/fairway2hotel.at\/en\/wp-json\/wp\/v2\/pages"}],"about":[{"href":"https:\/\/fairway2hotel.at\/en\/wp-json\/wp\/v2\/types\/page"}],"author":[{"embeddable":true,"href":"https:\/\/fairway2hotel.at\/en\/wp-json\/wp\/v2\/users\/1"}],"replies":[{"embeddable":true,"href":"https:\/\/fairway2hotel.at\/en\/wp-json\/wp\/v2\/comments?post=677"}],"version-history":[{"count":6,"href":"https:\/\/fairway2hotel.at\/en\/wp-json\/wp\/v2\/pages\/677\/revisions"}],"predecessor-version":[{"id":47293,"href":"https:\/\/fairway2hotel.at\/en\/wp-json\/wp\/v2\/pages\/677\/revisions\/47293"}],"up":[{"embeddable":true,"href":"https:\/\/fairway2hotel.at\/en\/wp-json\/wp\/v2\/pages\/1607"}],"acf:attachment":[{"embeddable":true,"href":"https:\/\/fairway2hotel.at\/en\/wp-json\/wp\/v2\/media\/47291"},{"embeddable":true,"href":"https:\/\/fairway2hotel.at\/en\/wp-json\/wp\/v2\/media\/675"}],"wp:attachment":[{"href":"https:\/\/fairway2hotel.at\/en\/wp-json\/wp\/v2\/media?parent=677"}],"curies":[{"name":"wp","href":"https:\/\/api.w.org\/{rel}","templated":true}]}}