{"id":685,"date":"2010-10-21T17:57:06","date_gmt":"2010-10-21T15:57:06","guid":{"rendered":"https:\/\/f2h.app\/golfclub-kronach\/"},"modified":"2025-03-31T11:05:13","modified_gmt":"2025-03-31T09:05:13","slug":"golfclub-kronach","status":"publish","type":"page","link":"https:\/\/fairway2hotel.at\/en\/golfclubs\/deutschland\/golfclub-kronach\/","title":{"rendered":"GC Kronach e.V."},"content":{"rendered":"<h2>Golf in Nagel &#8230; hei\u00dft &#8211; Golfen in einer naturbelassen H\u00fcgellandschaft,wie sie f\u00fcr Oberfranken typisch ist.<\/h2>\n<p>Nagel &#8211; ein Ortsteil von K\u00fcps im S\u00fcden des Landkreises Kronach gelegen hat eine ausgesprochen l\u00e4ndlichen Charakter mit relativ mildem Klima. Hier geht das Obermaintal in den Frankenwald \u00fcber. Kennzeichen von Nagel ist neben dem alten Jagdschloss ein Eichenhain mit einer 1000-j\u00e4hrigen Eiche und das Gut Nagel. Der anspruchsvolle 18 Loch-Platz erstreckt sich vom Flusstal auf eine Terrasse, eingerahmt von altem Baumbestand mit Aussicht auf den Frankenwald und das Obermaintal. Der Golfplatz liegt im Rodachtal und erstreckt sich vom Flusstal auf eine Terrasse unterhalb des K\u00fcmmelberges. Die Zufahrt zum Golfplatz \u00fcber die B173 in Oberlangenstadt ist beschildert.<\/p>\n<h2>Golf in Nagel &#8230; means &#8211; golfing in a natural hilly landscape typical of Upper Franconia.<\/h2>\n<p>Nagel &#8211; a district of K\u00fcps in the south of the district of Kronach has a distinctly rural character with a relatively mild climate. Here the Upper Main Valley merges into the Franconian Forest. Nagel is characterised by the old hunting lodge, an oak grove with a 1000-year-old oak tree and the Nagel estate. The challenging 18-hole course extends from the river valley onto a terrace, framed by old trees with views of the Franconian Forest and the Upper Main Valley. The golf course is located in the Rodach Valley and extends from the river valley to a terrace below the K\u00fcmmelberg. Access to the golf course via the B173 in Oberlangenstadt is signposted.<\/p>\n","protected":false},"excerpt":{"rendered":"<p>Golf in Nagel &#8230; hei\u00dft &#8211; Golfen in einer naturbelassen H\u00fcgellandschaft,wie sie f\u00fcr Oberfranken typisch ist. Nagel &#8211; ein Ortsteil von K\u00fcps im S\u00fcden des Landkreises Kronach gelegen hat eine ausgesprochen l\u00e4ndlichen Charakter mit relativ mildem Klima. Hier geht das Obermaintal in den Frankenwald \u00fcber. Kennzeichen von Nagel ist neben dem alten Jagdschloss ein Eichenhain [&hellip;]<\/p>\n","protected":false},"author":1,"featured_media":0,"parent":1607,"menu_order":105,"comment_status":"closed","ping_status":"closed","template":"page-partner.php","meta":{"_acf_changed":false,"footnotes":""},"class_list":["post-685","page","type-page","status-publish","hentry"],"acf":{"partner_infobox":"<strong>Adresse:\u00a0<\/strong>D-96328 K\u00fcps, Oberlangenstadt\r\n\r\n<strong>Tel:\u00a0<\/strong>0049-(0)9264\/915230\r\n\r\n<strong>Fax:\u00a0<\/strong>0049-(0)9264\/915231\r\n\r\n<strong>Web: <\/strong><a href=\"http:\/\/www.gc-kronach.de\" target=\"_blank\" rel=\"nofollow noopener\">www.gc-kronach.de<\/a>\r\n\r\n<strong>E-Mail:<\/strong> <a href=\"mailto:info@gc-kronach.de\">info@gc-kronach.de<\/a>\r\n\r\n<strong>Spielbahnen\/Par: <\/strong>18\/72\r\n\r\n<strong>La\u0308nge: <\/strong>gelb: 6.105 m \/ rot: 5.340 m\r\n\r\n<strong>Anfahrt:\r\n<\/strong>Von Salzburg oder Passau zur A9 \u2192 B85 \u2192 Kronach \u2192 links Richtung K\u00fcps \u2192 Beschilderung folgen (siehe Website).","partner_logo":684,"partner_gallery":[3568,47319,47321,47323],"partner_lat":50.188412,"partner_long":11.243885,"partner_type":"golfclub","partner_openings":["1","2","3","4","5","6","7"],"montag_von_bis":"00:00 - 24:00","dienstag_von_bis":"00:00 - 24:00","mittwoch_von_bis":"00:00 - 24:00","donnerstag_von_bis":"00:00 - 24:00","freitag_von_bis":"00:00 - 24:00","samstag_von_bis":"00:00 - 24:00","sonntag_von_bis":"00:00 - 24:00","partner_adresse":"96328 K\u00fcps, Oberlangenstadt","partner_land_bundesland":"Deutschland","partner_tel_1":"0049 9264 915231","partner_tel_2":"0049 9264 915230","partner_web":"http:\/\/www.gc-kronach.de","partner_mail":"info@gc-kronach.de","partner_spielbahnen_par":"18\/72","partner_laenge":"gelb: 6.105 m \/ rot: 5.340 m","partner_bedingungen":"","partner_anfahrt":"Von Salzburg oder Passau zur A9 \u2192 B85 \u2192 Kronach \u2192 links Richtung K\u00fcps \u2192 Beschilderung folgen (siehe Website).","partner_misc":null,"additional_css_classes":""},"yoast_head":"<!-- This site is optimized with the Yoast SEO plugin v26.8 - https:\/\/yoast.com\/product\/yoast-seo-wordpress\/ -->\n<title>GC Kronach e.V. - Fairway 2 Hotel<\/title>\n<meta name=\"robots\" content=\"index, follow, max-snippet:-1, max-image-preview:large, max-video-preview:-1\" \/>\n<link rel=\"canonical\" href=\"https:\/\/fairway2hotel.at\/en\/golfclubs\/deutschland\/golfclub-kronach\/\" \/>\n<meta property=\"og:locale\" content=\"en_US\" \/>\n<meta property=\"og:type\" content=\"article\" \/>\n<meta property=\"og:title\" content=\"GC Kronach e.V. - Fairway 2 Hotel\" \/>\n<meta property=\"og:description\" content=\"Golf in Nagel &#8230; hei\u00dft &#8211; Golfen in einer naturbelassen H\u00fcgellandschaft,wie sie f\u00fcr Oberfranken typisch ist. Nagel &#8211; ein Ortsteil von K\u00fcps im S\u00fcden des Landkreises Kronach gelegen hat eine ausgesprochen l\u00e4ndlichen Charakter mit relativ mildem Klima. Hier geht das Obermaintal in den Frankenwald \u00fcber. Kennzeichen von Nagel ist neben dem alten Jagdschloss ein Eichenhain [&hellip;]\" \/>\n<meta property=\"og:url\" content=\"https:\/\/fairway2hotel.at\/en\/golfclubs\/deutschland\/golfclub-kronach\/\" \/>\n<meta property=\"og:site_name\" content=\"Fairway 2 Hotel\" \/>\n<meta property=\"article:modified_time\" content=\"2025-03-31T09:05:13+00:00\" \/>\n<meta name=\"twitter:card\" content=\"summary_large_image\" \/>\n<meta name=\"twitter:label1\" content=\"Est. reading time\" \/>\n\t<meta name=\"twitter:data1\" content=\"2 minutes\" \/>\n<script type=\"application\/ld+json\" class=\"yoast-schema-graph\">{\"@context\":\"https:\/\/schema.org\",\"@graph\":[{\"@type\":\"WebPage\",\"@id\":\"https:\/\/fairway2hotel.at\/en\/golfclubs\/deutschland\/golfclub-kronach\/\",\"url\":\"https:\/\/fairway2hotel.at\/en\/golfclubs\/deutschland\/golfclub-kronach\/\",\"name\":\"GC Kronach e.V. - Fairway 2 Hotel\",\"isPartOf\":{\"@id\":\"https:\/\/fairway2hotel.at\/en\/#website\"},\"datePublished\":\"2010-10-21T15:57:06+00:00\",\"dateModified\":\"2025-03-31T09:05:13+00:00\",\"breadcrumb\":{\"@id\":\"https:\/\/fairway2hotel.at\/en\/golfclubs\/deutschland\/golfclub-kronach\/#breadcrumb\"},\"inLanguage\":\"en-US\",\"potentialAction\":[{\"@type\":\"ReadAction\",\"target\":[\"https:\/\/fairway2hotel.at\/en\/golfclubs\/deutschland\/golfclub-kronach\/\"]}]},{\"@type\":\"BreadcrumbList\",\"@id\":\"https:\/\/fairway2hotel.at\/en\/golfclubs\/deutschland\/golfclub-kronach\/#breadcrumb\",\"itemListElement\":[{\"@type\":\"ListItem\",\"position\":1,\"name\":\"Home\",\"item\":\"https:\/\/fairway2hotel.at\/en\/\"},{\"@type\":\"ListItem\",\"position\":2,\"name\":\"Golfclubs\",\"item\":\"https:\/\/fairway2hotel.at\/en\/golfclubs\/\"},{\"@type\":\"ListItem\",\"position\":3,\"name\":\"Golfclubs Deutschland\",\"item\":\"https:\/\/fairway2hotel.at\/en\/golfclubs\/deutschland\/\"},{\"@type\":\"ListItem\",\"position\":4,\"name\":\"GC Kronach e.V.\"}]},{\"@type\":\"WebSite\",\"@id\":\"https:\/\/fairway2hotel.at\/en\/#website\",\"url\":\"https:\/\/fairway2hotel.at\/en\/\",\"name\":\"Fairway 2 Hotel\",\"description\":\"Golf at half price! 2 play - 1 pays\",\"potentialAction\":[{\"@type\":\"SearchAction\",\"target\":{\"@type\":\"EntryPoint\",\"urlTemplate\":\"https:\/\/fairway2hotel.at\/en\/?s={search_term_string}\"},\"query-input\":{\"@type\":\"PropertyValueSpecification\",\"valueRequired\":true,\"valueName\":\"search_term_string\"}}],\"inLanguage\":\"en-US\"}]}<\/script>\n<!-- \/ Yoast SEO plugin. -->","yoast_head_json":{"title":"GC Kronach e.V. - Fairway 2 Hotel","robots":{"index":"index","follow":"follow","max-snippet":"max-snippet:-1","max-image-preview":"max-image-preview:large","max-video-preview":"max-video-preview:-1"},"canonical":"https:\/\/fairway2hotel.at\/en\/golfclubs\/deutschland\/golfclub-kronach\/","og_locale":"en_US","og_type":"article","og_title":"GC Kronach e.V. - Fairway 2 Hotel","og_description":"Golf in Nagel &#8230; hei\u00dft &#8211; Golfen in einer naturbelassen H\u00fcgellandschaft,wie sie f\u00fcr Oberfranken typisch ist. Nagel &#8211; ein Ortsteil von K\u00fcps im S\u00fcden des Landkreises Kronach gelegen hat eine ausgesprochen l\u00e4ndlichen Charakter mit relativ mildem Klima. Hier geht das Obermaintal in den Frankenwald \u00fcber. Kennzeichen von Nagel ist neben dem alten Jagdschloss ein Eichenhain [&hellip;]","og_url":"https:\/\/fairway2hotel.at\/en\/golfclubs\/deutschland\/golfclub-kronach\/","og_site_name":"Fairway 2 Hotel","article_modified_time":"2025-03-31T09:05:13+00:00","twitter_card":"summary_large_image","twitter_misc":{"Est. reading time":"2 minutes"},"schema":{"@context":"https:\/\/schema.org","@graph":[{"@type":"WebPage","@id":"https:\/\/fairway2hotel.at\/en\/golfclubs\/deutschland\/golfclub-kronach\/","url":"https:\/\/fairway2hotel.at\/en\/golfclubs\/deutschland\/golfclub-kronach\/","name":"GC Kronach e.V. - Fairway 2 Hotel","isPartOf":{"@id":"https:\/\/fairway2hotel.at\/en\/#website"},"datePublished":"2010-10-21T15:57:06+00:00","dateModified":"2025-03-31T09:05:13+00:00","breadcrumb":{"@id":"https:\/\/fairway2hotel.at\/en\/golfclubs\/deutschland\/golfclub-kronach\/#breadcrumb"},"inLanguage":"en-US","potentialAction":[{"@type":"ReadAction","target":["https:\/\/fairway2hotel.at\/en\/golfclubs\/deutschland\/golfclub-kronach\/"]}]},{"@type":"BreadcrumbList","@id":"https:\/\/fairway2hotel.at\/en\/golfclubs\/deutschland\/golfclub-kronach\/#breadcrumb","itemListElement":[{"@type":"ListItem","position":1,"name":"Home","item":"https:\/\/fairway2hotel.at\/en\/"},{"@type":"ListItem","position":2,"name":"Golfclubs","item":"https:\/\/fairway2hotel.at\/en\/golfclubs\/"},{"@type":"ListItem","position":3,"name":"Golfclubs Deutschland","item":"https:\/\/fairway2hotel.at\/en\/golfclubs\/deutschland\/"},{"@type":"ListItem","position":4,"name":"GC Kronach e.V."}]},{"@type":"WebSite","@id":"https:\/\/fairway2hotel.at\/en\/#website","url":"https:\/\/fairway2hotel.at\/en\/","name":"Fairway 2 Hotel","description":"Golf at half price! 2 play - 1 pays","potentialAction":[{"@type":"SearchAction","target":{"@type":"EntryPoint","urlTemplate":"https:\/\/fairway2hotel.at\/en\/?s={search_term_string}"},"query-input":{"@type":"PropertyValueSpecification","valueRequired":true,"valueName":"search_term_string"}}],"inLanguage":"en-US"}]}},"_links":{"self":[{"href":"https:\/\/fairway2hotel.at\/en\/wp-json\/wp\/v2\/pages\/685","targetHints":{"allow":["GET"]}}],"collection":[{"href":"https:\/\/fairway2hotel.at\/en\/wp-json\/wp\/v2\/pages"}],"about":[{"href":"https:\/\/fairway2hotel.at\/en\/wp-json\/wp\/v2\/types\/page"}],"author":[{"embeddable":true,"href":"https:\/\/fairway2hotel.at\/en\/wp-json\/wp\/v2\/users\/1"}],"replies":[{"embeddable":true,"href":"https:\/\/fairway2hotel.at\/en\/wp-json\/wp\/v2\/comments?post=685"}],"version-history":[{"count":7,"href":"https:\/\/fairway2hotel.at\/en\/wp-json\/wp\/v2\/pages\/685\/revisions"}],"predecessor-version":[{"id":47325,"href":"https:\/\/fairway2hotel.at\/en\/wp-json\/wp\/v2\/pages\/685\/revisions\/47325"}],"up":[{"embeddable":true,"href":"https:\/\/fairway2hotel.at\/en\/wp-json\/wp\/v2\/pages\/1607"}],"acf:attachment":[{"embeddable":true,"href":"https:\/\/fairway2hotel.at\/en\/wp-json\/wp\/v2\/media\/47323"},{"embeddable":true,"href":"https:\/\/fairway2hotel.at\/en\/wp-json\/wp\/v2\/media\/47321"},{"embeddable":true,"href":"https:\/\/fairway2hotel.at\/en\/wp-json\/wp\/v2\/media\/47319"},{"embeddable":true,"href":"https:\/\/fairway2hotel.at\/en\/wp-json\/wp\/v2\/media\/3568"}],"wp:attachment":[{"href":"https:\/\/fairway2hotel.at\/en\/wp-json\/wp\/v2\/media?parent=685"}],"curies":[{"name":"wp","href":"https:\/\/api.w.org\/{rel}","templated":true}]}}