{"id":689,"date":"2010-10-21T18:58:26","date_gmt":"2010-10-21T16:58:26","guid":{"rendered":"https:\/\/f2h.app\/gut-minoritenhof-golf-und-country-club\/"},"modified":"2025-03-08T16:19:14","modified_gmt":"2025-03-08T15:19:14","slug":"gut-minoritenhof-golf-und-country-club","status":"publish","type":"page","link":"https:\/\/fairway2hotel.at\/en\/golfclubs\/deutschland\/gut-minoritenhof-golf-und-country-club\/","title":{"rendered":"GC Gut Minoritenhof"},"content":{"rendered":"<h2>Komm spielen &#8230;!<\/h2>\n<p>Die Golfanlage, 1988 gebaut, z\u00e4hlt zu den interessantesten Pl\u00e4tzen Bayerns. Das Gut Minoritenhof \u2013 hunderte Jahre alt \u2013 liegt vor den Toren der antiken R\u00f6mer- und UNESCO-Weltkulturerbestadt Regensburg. Die 27-Loch-Anlage liegt im wundersch\u00f6nen Donautal. Die ersten 9 L\u00f6cher sind h\u00fcgelig und bieten einen wundersch\u00f6nen Blick \u00fcber das ganze Tal. Die zweiten 9 L\u00f6cher sind flach und erinnern an eine englische Parklandschaft mit altem Baumbestand. Entlang der Spielbahnen flie\u00dft direkt die Donau \u2013 Idylle und Natur pur und nur 10 Autominuten vom Stadtzentrum Regensburg entfernt. 2015 wurde die Anlage um einen eigenen modernen Yachthafen erweitert. Im Clubhaus, in den Gew\u00f6lben einer ehemaligen Schnapsbrennerei, befindet sich das Restaurant. Hier k\u00f6nnen die G\u00e4ste gutb\u00fcrgerliche K\u00fcche genie\u00dfen und auf der Terrasse im historischen Innenhof den Golftag ausklingen lassen.<\/p>\n<h2>Come and play &#8230;!<\/h2>\n<p>The golf course, built in 1988, is one of the most interesting courses in Bavaria. The Minoritenhof estate &#8211; hundreds of years old &#8211; lies at the gates of the ancient Roman and UNESCO World Heritage city of Regensburg. The 27-hole course is located in the beautiful Danube valley. The first 9 holes are hilly and offer a wonderful view over the entire valley. The second 9 holes are flat and are reminiscent of English parkland with mature trees. The Danube flows directly along the fairways &#8211; pure idyll and nature and only 10 minutes by car from Regensburg city centre. In 2015, the course was extended to include its own modern marina. The restaurant is located in the clubhouse, in the vaults of a former schnapps distillery. Here guests can enjoy home-style cooking and round off the day&#8217;s golfing on the terrace in the historic courtyard.<\/p>\n","protected":false},"excerpt":{"rendered":"<p>Komm spielen &#8230;! Die Golfanlage, 1988 gebaut, z\u00e4hlt zu den interessantesten Pl\u00e4tzen Bayerns. Das Gut Minoritenhof \u2013 hunderte Jahre alt \u2013 liegt vor den Toren der antiken R\u00f6mer- und UNESCO-Weltkulturerbestadt Regensburg. Die 27-Loch-Anlage liegt im wundersch\u00f6nen Donautal. Die ersten 9 L\u00f6cher sind h\u00fcgelig und bieten einen wundersch\u00f6nen Blick \u00fcber das ganze Tal. Die zweiten 9 [&hellip;]<\/p>\n","protected":false},"author":1,"featured_media":0,"parent":1607,"menu_order":80,"comment_status":"closed","ping_status":"closed","template":"page-partner.php","meta":{"_acf_changed":false,"footnotes":""},"class_list":["post-689","page","type-page","status-publish","hentry"],"acf":{"partner_infobox":"<strong>Adresse:\u00a0<\/strong>Minoritenhof 1, D-93161 Sinzing\r\n\r\n<strong>Tel:\u00a0<\/strong>+49-941-3786100\r\n\r\n<strong>Fax:\u00a0<\/strong>+49-941-3786107\r\n\r\n<strong>Web: <\/strong><a href=\"http:\/\/www.golfsinzing.de\" target=\"_blank\" rel=\"nofollow noopener noreferrer\">www.golfsinzing.de<\/a>\r\n\r\n<strong>E-Mail:<\/strong> <a href=\"mailto:welcome@golfsinzing.de\">welcome@golfsinzing.de<\/a>\r\n\r\n<strong>Spielbahnen\/Par: <\/strong>18 + 9\/72\r\n\r\n<strong>La\u0308nge: <\/strong>gelb: 5.724 m, rot: 5.085 m\r\n\r\n<strong>Anfahrt:\r\n<\/strong>A3 Regensburg-N\u00fcrnberg, am Kreuz Regensburg Richtung N\u00fcrnberg, 1. Ausfahrt Sinzing abfahren. Im Ort Sinzing nach der Kirche rechts abbiegen in den Minoritenweg. Stra\u00dfe bis zum Ende fahren (ca. 2 km).","partner_logo":688,"partner_gallery":[687,686],"partner_lat":48.97543,"partner_long":12.028697,"partner_type":"golfclub","partner_openings":["1","2","3","4","5","6","7"],"montag_von_bis":"00:00 - 24:00","dienstag_von_bis":"00:00 - 24:00","mittwoch_von_bis":"00:00 - 24:00","donnerstag_von_bis":"00:00 - 24:00","freitag_von_bis":"00:00 - 24:00","samstag_von_bis":"00:00 - 24:00","sonntag_von_bis":"00:00 - 24:00","partner_adresse":"Minoritenhof 1, 93161 Sinzing","partner_land_bundesland":"Deutschland","partner_tel_1":"0049 941 3786107","partner_tel_2":"0049 941 3786100","partner_web":"http:\/\/www.golfsinzing.de","partner_mail":"welcome@golfsinzing.de","partner_spielbahnen_par":"18 + 9\/72","partner_laenge":"gelb: 5.724 m, rot: 5.085 m","partner_bedingungen":"","partner_anfahrt":"A3 Regensburg-N\u00fcrnberg, am Kreuz Regensburg Richtung N\u00fcrnberg, 1. Ausfahrt Sinzing abfahren. Im Ort Sinzing nach der Kirche rechts abbiegen in den Minoritenweg. Stra\u00dfe bis zum Ende fahren (ca. 2 km).","partner_misc":null,"additional_css_classes":""},"yoast_head":"<!-- This site is optimized with the Yoast SEO plugin v26.8 - https:\/\/yoast.com\/product\/yoast-seo-wordpress\/ -->\n<title>GC Gut Minoritenhof - Fairway 2 Hotel<\/title>\n<meta name=\"robots\" content=\"index, follow, max-snippet:-1, max-image-preview:large, max-video-preview:-1\" \/>\n<link rel=\"canonical\" href=\"https:\/\/fairway2hotel.at\/en\/golfclubs\/deutschland\/gut-minoritenhof-golf-und-country-club\/\" \/>\n<meta property=\"og:locale\" content=\"en_US\" \/>\n<meta property=\"og:type\" content=\"article\" \/>\n<meta property=\"og:title\" content=\"GC Gut Minoritenhof - Fairway 2 Hotel\" \/>\n<meta property=\"og:description\" content=\"Komm spielen &#8230;! Die Golfanlage, 1988 gebaut, z\u00e4hlt zu den interessantesten Pl\u00e4tzen Bayerns. Das Gut Minoritenhof \u2013 hunderte Jahre alt \u2013 liegt vor den Toren der antiken R\u00f6mer- und UNESCO-Weltkulturerbestadt Regensburg. Die 27-Loch-Anlage liegt im wundersch\u00f6nen Donautal. Die ersten 9 L\u00f6cher sind h\u00fcgelig und bieten einen wundersch\u00f6nen Blick \u00fcber das ganze Tal. Die zweiten 9 [&hellip;]\" \/>\n<meta property=\"og:url\" content=\"https:\/\/fairway2hotel.at\/en\/golfclubs\/deutschland\/gut-minoritenhof-golf-und-country-club\/\" \/>\n<meta property=\"og:site_name\" content=\"Fairway 2 Hotel\" \/>\n<meta property=\"article:modified_time\" content=\"2025-03-08T15:19:14+00:00\" \/>\n<meta name=\"twitter:card\" content=\"summary_large_image\" \/>\n<meta name=\"twitter:label1\" content=\"Est. reading time\" \/>\n\t<meta name=\"twitter:data1\" content=\"2 minutes\" \/>\n<script type=\"application\/ld+json\" class=\"yoast-schema-graph\">{\"@context\":\"https:\/\/schema.org\",\"@graph\":[{\"@type\":\"WebPage\",\"@id\":\"https:\/\/fairway2hotel.at\/en\/golfclubs\/deutschland\/gut-minoritenhof-golf-und-country-club\/\",\"url\":\"https:\/\/fairway2hotel.at\/en\/golfclubs\/deutschland\/gut-minoritenhof-golf-und-country-club\/\",\"name\":\"GC Gut Minoritenhof - Fairway 2 Hotel\",\"isPartOf\":{\"@id\":\"https:\/\/fairway2hotel.at\/en\/#website\"},\"datePublished\":\"2010-10-21T16:58:26+00:00\",\"dateModified\":\"2025-03-08T15:19:14+00:00\",\"breadcrumb\":{\"@id\":\"https:\/\/fairway2hotel.at\/en\/golfclubs\/deutschland\/gut-minoritenhof-golf-und-country-club\/#breadcrumb\"},\"inLanguage\":\"en-US\",\"potentialAction\":[{\"@type\":\"ReadAction\",\"target\":[\"https:\/\/fairway2hotel.at\/en\/golfclubs\/deutschland\/gut-minoritenhof-golf-und-country-club\/\"]}]},{\"@type\":\"BreadcrumbList\",\"@id\":\"https:\/\/fairway2hotel.at\/en\/golfclubs\/deutschland\/gut-minoritenhof-golf-und-country-club\/#breadcrumb\",\"itemListElement\":[{\"@type\":\"ListItem\",\"position\":1,\"name\":\"Home\",\"item\":\"https:\/\/fairway2hotel.at\/en\/\"},{\"@type\":\"ListItem\",\"position\":2,\"name\":\"Golfclubs\",\"item\":\"https:\/\/fairway2hotel.at\/en\/golfclubs\/\"},{\"@type\":\"ListItem\",\"position\":3,\"name\":\"Golfclubs Deutschland\",\"item\":\"https:\/\/fairway2hotel.at\/en\/golfclubs\/deutschland\/\"},{\"@type\":\"ListItem\",\"position\":4,\"name\":\"GC Gut Minoritenhof\"}]},{\"@type\":\"WebSite\",\"@id\":\"https:\/\/fairway2hotel.at\/en\/#website\",\"url\":\"https:\/\/fairway2hotel.at\/en\/\",\"name\":\"Fairway 2 Hotel\",\"description\":\"Golf at half price! 2 play - 1 pays\",\"potentialAction\":[{\"@type\":\"SearchAction\",\"target\":{\"@type\":\"EntryPoint\",\"urlTemplate\":\"https:\/\/fairway2hotel.at\/en\/?s={search_term_string}\"},\"query-input\":{\"@type\":\"PropertyValueSpecification\",\"valueRequired\":true,\"valueName\":\"search_term_string\"}}],\"inLanguage\":\"en-US\"}]}<\/script>\n<!-- \/ Yoast SEO plugin. -->","yoast_head_json":{"title":"GC Gut Minoritenhof - Fairway 2 Hotel","robots":{"index":"index","follow":"follow","max-snippet":"max-snippet:-1","max-image-preview":"max-image-preview:large","max-video-preview":"max-video-preview:-1"},"canonical":"https:\/\/fairway2hotel.at\/en\/golfclubs\/deutschland\/gut-minoritenhof-golf-und-country-club\/","og_locale":"en_US","og_type":"article","og_title":"GC Gut Minoritenhof - Fairway 2 Hotel","og_description":"Komm spielen &#8230;! Die Golfanlage, 1988 gebaut, z\u00e4hlt zu den interessantesten Pl\u00e4tzen Bayerns. Das Gut Minoritenhof \u2013 hunderte Jahre alt \u2013 liegt vor den Toren der antiken R\u00f6mer- und UNESCO-Weltkulturerbestadt Regensburg. Die 27-Loch-Anlage liegt im wundersch\u00f6nen Donautal. Die ersten 9 L\u00f6cher sind h\u00fcgelig und bieten einen wundersch\u00f6nen Blick \u00fcber das ganze Tal. Die zweiten 9 [&hellip;]","og_url":"https:\/\/fairway2hotel.at\/en\/golfclubs\/deutschland\/gut-minoritenhof-golf-und-country-club\/","og_site_name":"Fairway 2 Hotel","article_modified_time":"2025-03-08T15:19:14+00:00","twitter_card":"summary_large_image","twitter_misc":{"Est. reading time":"2 minutes"},"schema":{"@context":"https:\/\/schema.org","@graph":[{"@type":"WebPage","@id":"https:\/\/fairway2hotel.at\/en\/golfclubs\/deutschland\/gut-minoritenhof-golf-und-country-club\/","url":"https:\/\/fairway2hotel.at\/en\/golfclubs\/deutschland\/gut-minoritenhof-golf-und-country-club\/","name":"GC Gut Minoritenhof - Fairway 2 Hotel","isPartOf":{"@id":"https:\/\/fairway2hotel.at\/en\/#website"},"datePublished":"2010-10-21T16:58:26+00:00","dateModified":"2025-03-08T15:19:14+00:00","breadcrumb":{"@id":"https:\/\/fairway2hotel.at\/en\/golfclubs\/deutschland\/gut-minoritenhof-golf-und-country-club\/#breadcrumb"},"inLanguage":"en-US","potentialAction":[{"@type":"ReadAction","target":["https:\/\/fairway2hotel.at\/en\/golfclubs\/deutschland\/gut-minoritenhof-golf-und-country-club\/"]}]},{"@type":"BreadcrumbList","@id":"https:\/\/fairway2hotel.at\/en\/golfclubs\/deutschland\/gut-minoritenhof-golf-und-country-club\/#breadcrumb","itemListElement":[{"@type":"ListItem","position":1,"name":"Home","item":"https:\/\/fairway2hotel.at\/en\/"},{"@type":"ListItem","position":2,"name":"Golfclubs","item":"https:\/\/fairway2hotel.at\/en\/golfclubs\/"},{"@type":"ListItem","position":3,"name":"Golfclubs Deutschland","item":"https:\/\/fairway2hotel.at\/en\/golfclubs\/deutschland\/"},{"@type":"ListItem","position":4,"name":"GC Gut Minoritenhof"}]},{"@type":"WebSite","@id":"https:\/\/fairway2hotel.at\/en\/#website","url":"https:\/\/fairway2hotel.at\/en\/","name":"Fairway 2 Hotel","description":"Golf at half price! 2 play - 1 pays","potentialAction":[{"@type":"SearchAction","target":{"@type":"EntryPoint","urlTemplate":"https:\/\/fairway2hotel.at\/en\/?s={search_term_string}"},"query-input":{"@type":"PropertyValueSpecification","valueRequired":true,"valueName":"search_term_string"}}],"inLanguage":"en-US"}]}},"_links":{"self":[{"href":"https:\/\/fairway2hotel.at\/en\/wp-json\/wp\/v2\/pages\/689","targetHints":{"allow":["GET"]}}],"collection":[{"href":"https:\/\/fairway2hotel.at\/en\/wp-json\/wp\/v2\/pages"}],"about":[{"href":"https:\/\/fairway2hotel.at\/en\/wp-json\/wp\/v2\/types\/page"}],"author":[{"embeddable":true,"href":"https:\/\/fairway2hotel.at\/en\/wp-json\/wp\/v2\/users\/1"}],"replies":[{"embeddable":true,"href":"https:\/\/fairway2hotel.at\/en\/wp-json\/wp\/v2\/comments?post=689"}],"version-history":[{"count":5,"href":"https:\/\/fairway2hotel.at\/en\/wp-json\/wp\/v2\/pages\/689\/revisions"}],"predecessor-version":[{"id":46341,"href":"https:\/\/fairway2hotel.at\/en\/wp-json\/wp\/v2\/pages\/689\/revisions\/46341"}],"up":[{"embeddable":true,"href":"https:\/\/fairway2hotel.at\/en\/wp-json\/wp\/v2\/pages\/1607"}],"acf:attachment":[{"embeddable":true,"href":"https:\/\/fairway2hotel.at\/en\/wp-json\/wp\/v2\/media\/686"},{"embeddable":true,"href":"https:\/\/fairway2hotel.at\/en\/wp-json\/wp\/v2\/media\/687"}],"wp:attachment":[{"href":"https:\/\/fairway2hotel.at\/en\/wp-json\/wp\/v2\/media?parent=689"}],"curies":[{"name":"wp","href":"https:\/\/api.w.org\/{rel}","templated":true}]}}