{"id":699,"date":"2010-10-21T19:22:17","date_gmt":"2010-10-21T17:22:17","guid":{"rendered":"https:\/\/f2h.app\/golfclub-am-obinger-see\/"},"modified":"2025-03-30T16:39:02","modified_gmt":"2025-03-30T14:39:02","slug":"golfclub-am-obinger-see","status":"publish","type":"page","link":"https:\/\/fairway2hotel.at\/en\/golfclubs\/deutschland\/golfclub-am-obinger-see\/","title":{"rendered":"GC Am Obinger See"},"content":{"rendered":"<h2>Der Golf Club am Obinger See \/ Ratcliffe GmbH<\/h2>\n<p>Der im Juni 2002 er\u00f6ffnete 9 Loch Meisterschaftsplatz ist ein Juwel geworden, ein Platz im Stil amerikanischer Golfpl\u00e4tze der Jahrhundertwende. Die 42 Sandbunker mit absichtlich ausgefransten R\u00e4ndern, rugged look genannt, breite Fairways und die riesigen, stark ondulierten Gr\u00fcns machen den Platz zu einem einmaligen Golferlebnis. Der offene Platz wurde mit seinen naturwelligen Bahnen wunderbar in die Landschaft eingebettet. Ein echter Geheimtipp! Fair zu Spielen f\u00fcr den Hobbygolfer und eine Herausforderung f\u00fcr den Profi. Der Golf Club am Obinger See ist bekannt f\u00fcr seine au\u00dferordentlich freundliche und sportliche Atmosph\u00e4re.<br \/>\nHerzlich willkommen bei uns in Obing.<\/p>\n<h2>The Golf Club am Obinger See \/ Ratcliffe GmbH<\/h2>\n<p>Opened in June 2002, the 9-hole championship course has become a jewel, a course in the style of American golf courses at the turn of the century. The 42 sand bunkers with deliberately frayed edges, known as the rugged look, wide fairways and the huge, heavily undulating greens make the course a unique golfing experience. The open course with its naturally undulating fairways is wonderfully embedded in the landscape. A real insider tip! Fair to play for the amateur golfer and a challenge for the professional. The Golf Club am Obinger See is known for its exceptionally friendly and sporty atmosphere.<br \/>\nWelcome to Obing.<\/p>\n","protected":false},"excerpt":{"rendered":"<p>Der Golf Club am Obinger See \/ Ratcliffe GmbH Der im Juni 2002 er\u00f6ffnete 9 Loch Meisterschaftsplatz ist ein Juwel geworden, ein Platz im Stil amerikanischer Golfpl\u00e4tze der Jahrhundertwende. Die 42 Sandbunker mit absichtlich ausgefransten R\u00e4ndern, rugged look genannt, breite Fairways und die riesigen, stark ondulierten Gr\u00fcns machen den Platz zu einem einmaligen Golferlebnis. Der [&hellip;]<\/p>\n","protected":false},"author":1,"featured_media":0,"parent":1607,"menu_order":15,"comment_status":"closed","ping_status":"closed","template":"page-partner.php","meta":{"_acf_changed":false,"footnotes":""},"class_list":["post-699","page","type-page","status-publish","hentry"],"acf":{"partner_infobox":"<strong>Adresse:\u00a0<\/strong>Kirchreitbergstra\u00dfe 2, D-83119 Obing-Kleinornach\r\n\r\n<strong>Tel:\u00a0<\/strong>+49-08624-875623\r\n\r\n<strong>Fax:\u00a0<\/strong>+49-08624-875624\r\n\r\n<strong>Web: <\/strong><a href=\"http:\/\/www.dergolfclub.de\" target=\"_blank\" rel=\"nofollow noopener noreferrer\">www.dergolfclub.de<\/a>\r\n\r\n<strong>E-Mail:<\/strong> <a href=\"mailto:dergolfclub@t-online.de\">dergolfclub@t-online.de<\/a>\r\n\r\n<strong>Spielbahnen\/Par: <\/strong>9\/72\r\n\r\n<strong>La\u0308nge: <\/strong>gelb: 6.014 m \/ rot: 5.320 m\r\n\r\n<strong>Anfahrt:\r\n<\/strong>B304 Traunstein Richtung M\u00fcnchen vor dem Obinger See Rechts abbiegen, sie fahren direkt auf den Golfplatz zu.","partner_logo":698,"partner_gallery":[697,47253,47255],"partner_lat":48.00558,"partner_long":12.43648,"partner_type":"golfclub","partner_openings":["1","2","3","4","5","6","7"],"montag_von_bis":"00:00 - 24:00","dienstag_von_bis":"00:00 - 24:00","mittwoch_von_bis":"00:00 - 24:00","donnerstag_von_bis":"00:00 - 24:00","freitag_von_bis":"00:00 - 24:00","samstag_von_bis":"00:00 - 24:00","sonntag_von_bis":"00:00 - 24:00","partner_adresse":"Kirchreitbergstra\u00dfe 2, 83119 Obing-Kleinornach","partner_land_bundesland":"Deutschland","partner_tel_1":"0049 08624 875624","partner_tel_2":"0049 08624 875623","partner_web":"http:\/\/www.dergolfclub.de","partner_mail":"dergolfclub@t-online.de","partner_spielbahnen_par":"9\/72","partner_laenge":"gelb: 6.014 m \/ rot: 5.320 m","partner_bedingungen":"","partner_anfahrt":"B304 Traunstein Richtung M\u00fcnchen vor dem Obinger See Rechts abbiegen, sie fahren direkt auf den Golfplatz zu.","partner_misc":null,"additional_css_classes":""},"yoast_head":"<!-- This site is optimized with the Yoast SEO plugin v26.8 - https:\/\/yoast.com\/product\/yoast-seo-wordpress\/ -->\n<title>GC Am Obinger See - Fairway 2 Hotel<\/title>\n<meta name=\"robots\" content=\"index, follow, max-snippet:-1, max-image-preview:large, max-video-preview:-1\" \/>\n<link rel=\"canonical\" href=\"https:\/\/fairway2hotel.at\/en\/golfclubs\/deutschland\/golfclub-am-obinger-see\/\" \/>\n<meta property=\"og:locale\" content=\"en_US\" \/>\n<meta property=\"og:type\" content=\"article\" \/>\n<meta property=\"og:title\" content=\"GC Am Obinger See - Fairway 2 Hotel\" \/>\n<meta property=\"og:description\" content=\"Der Golf Club am Obinger See \/ Ratcliffe GmbH Der im Juni 2002 er\u00f6ffnete 9 Loch Meisterschaftsplatz ist ein Juwel geworden, ein Platz im Stil amerikanischer Golfpl\u00e4tze der Jahrhundertwende. Die 42 Sandbunker mit absichtlich ausgefransten R\u00e4ndern, rugged look genannt, breite Fairways und die riesigen, stark ondulierten Gr\u00fcns machen den Platz zu einem einmaligen Golferlebnis. Der [&hellip;]\" \/>\n<meta property=\"og:url\" content=\"https:\/\/fairway2hotel.at\/en\/golfclubs\/deutschland\/golfclub-am-obinger-see\/\" \/>\n<meta property=\"og:site_name\" content=\"Fairway 2 Hotel\" \/>\n<meta property=\"article:modified_time\" content=\"2025-03-30T14:39:02+00:00\" \/>\n<meta name=\"twitter:card\" content=\"summary_large_image\" \/>\n<meta name=\"twitter:label1\" content=\"Est. reading time\" \/>\n\t<meta name=\"twitter:data1\" content=\"2 minutes\" \/>\n<script type=\"application\/ld+json\" class=\"yoast-schema-graph\">{\"@context\":\"https:\/\/schema.org\",\"@graph\":[{\"@type\":\"WebPage\",\"@id\":\"https:\/\/fairway2hotel.at\/en\/golfclubs\/deutschland\/golfclub-am-obinger-see\/\",\"url\":\"https:\/\/fairway2hotel.at\/en\/golfclubs\/deutschland\/golfclub-am-obinger-see\/\",\"name\":\"GC Am Obinger See - Fairway 2 Hotel\",\"isPartOf\":{\"@id\":\"https:\/\/fairway2hotel.at\/en\/#website\"},\"datePublished\":\"2010-10-21T17:22:17+00:00\",\"dateModified\":\"2025-03-30T14:39:02+00:00\",\"breadcrumb\":{\"@id\":\"https:\/\/fairway2hotel.at\/en\/golfclubs\/deutschland\/golfclub-am-obinger-see\/#breadcrumb\"},\"inLanguage\":\"en-US\",\"potentialAction\":[{\"@type\":\"ReadAction\",\"target\":[\"https:\/\/fairway2hotel.at\/en\/golfclubs\/deutschland\/golfclub-am-obinger-see\/\"]}]},{\"@type\":\"BreadcrumbList\",\"@id\":\"https:\/\/fairway2hotel.at\/en\/golfclubs\/deutschland\/golfclub-am-obinger-see\/#breadcrumb\",\"itemListElement\":[{\"@type\":\"ListItem\",\"position\":1,\"name\":\"Home\",\"item\":\"https:\/\/fairway2hotel.at\/en\/\"},{\"@type\":\"ListItem\",\"position\":2,\"name\":\"Golfclubs\",\"item\":\"https:\/\/fairway2hotel.at\/en\/golfclubs\/\"},{\"@type\":\"ListItem\",\"position\":3,\"name\":\"Golfclubs Deutschland\",\"item\":\"https:\/\/fairway2hotel.at\/en\/golfclubs\/deutschland\/\"},{\"@type\":\"ListItem\",\"position\":4,\"name\":\"GC Am Obinger See\"}]},{\"@type\":\"WebSite\",\"@id\":\"https:\/\/fairway2hotel.at\/en\/#website\",\"url\":\"https:\/\/fairway2hotel.at\/en\/\",\"name\":\"Fairway 2 Hotel\",\"description\":\"Golf at half price! 2 play - 1 pays\",\"potentialAction\":[{\"@type\":\"SearchAction\",\"target\":{\"@type\":\"EntryPoint\",\"urlTemplate\":\"https:\/\/fairway2hotel.at\/en\/?s={search_term_string}\"},\"query-input\":{\"@type\":\"PropertyValueSpecification\",\"valueRequired\":true,\"valueName\":\"search_term_string\"}}],\"inLanguage\":\"en-US\"}]}<\/script>\n<!-- \/ Yoast SEO plugin. -->","yoast_head_json":{"title":"GC Am Obinger See - Fairway 2 Hotel","robots":{"index":"index","follow":"follow","max-snippet":"max-snippet:-1","max-image-preview":"max-image-preview:large","max-video-preview":"max-video-preview:-1"},"canonical":"https:\/\/fairway2hotel.at\/en\/golfclubs\/deutschland\/golfclub-am-obinger-see\/","og_locale":"en_US","og_type":"article","og_title":"GC Am Obinger See - Fairway 2 Hotel","og_description":"Der Golf Club am Obinger See \/ Ratcliffe GmbH Der im Juni 2002 er\u00f6ffnete 9 Loch Meisterschaftsplatz ist ein Juwel geworden, ein Platz im Stil amerikanischer Golfpl\u00e4tze der Jahrhundertwende. Die 42 Sandbunker mit absichtlich ausgefransten R\u00e4ndern, rugged look genannt, breite Fairways und die riesigen, stark ondulierten Gr\u00fcns machen den Platz zu einem einmaligen Golferlebnis. Der [&hellip;]","og_url":"https:\/\/fairway2hotel.at\/en\/golfclubs\/deutschland\/golfclub-am-obinger-see\/","og_site_name":"Fairway 2 Hotel","article_modified_time":"2025-03-30T14:39:02+00:00","twitter_card":"summary_large_image","twitter_misc":{"Est. reading time":"2 minutes"},"schema":{"@context":"https:\/\/schema.org","@graph":[{"@type":"WebPage","@id":"https:\/\/fairway2hotel.at\/en\/golfclubs\/deutschland\/golfclub-am-obinger-see\/","url":"https:\/\/fairway2hotel.at\/en\/golfclubs\/deutschland\/golfclub-am-obinger-see\/","name":"GC Am Obinger See - Fairway 2 Hotel","isPartOf":{"@id":"https:\/\/fairway2hotel.at\/en\/#website"},"datePublished":"2010-10-21T17:22:17+00:00","dateModified":"2025-03-30T14:39:02+00:00","breadcrumb":{"@id":"https:\/\/fairway2hotel.at\/en\/golfclubs\/deutschland\/golfclub-am-obinger-see\/#breadcrumb"},"inLanguage":"en-US","potentialAction":[{"@type":"ReadAction","target":["https:\/\/fairway2hotel.at\/en\/golfclubs\/deutschland\/golfclub-am-obinger-see\/"]}]},{"@type":"BreadcrumbList","@id":"https:\/\/fairway2hotel.at\/en\/golfclubs\/deutschland\/golfclub-am-obinger-see\/#breadcrumb","itemListElement":[{"@type":"ListItem","position":1,"name":"Home","item":"https:\/\/fairway2hotel.at\/en\/"},{"@type":"ListItem","position":2,"name":"Golfclubs","item":"https:\/\/fairway2hotel.at\/en\/golfclubs\/"},{"@type":"ListItem","position":3,"name":"Golfclubs Deutschland","item":"https:\/\/fairway2hotel.at\/en\/golfclubs\/deutschland\/"},{"@type":"ListItem","position":4,"name":"GC Am Obinger See"}]},{"@type":"WebSite","@id":"https:\/\/fairway2hotel.at\/en\/#website","url":"https:\/\/fairway2hotel.at\/en\/","name":"Fairway 2 Hotel","description":"Golf at half price! 2 play - 1 pays","potentialAction":[{"@type":"SearchAction","target":{"@type":"EntryPoint","urlTemplate":"https:\/\/fairway2hotel.at\/en\/?s={search_term_string}"},"query-input":{"@type":"PropertyValueSpecification","valueRequired":true,"valueName":"search_term_string"}}],"inLanguage":"en-US"}]}},"_links":{"self":[{"href":"https:\/\/fairway2hotel.at\/en\/wp-json\/wp\/v2\/pages\/699","targetHints":{"allow":["GET"]}}],"collection":[{"href":"https:\/\/fairway2hotel.at\/en\/wp-json\/wp\/v2\/pages"}],"about":[{"href":"https:\/\/fairway2hotel.at\/en\/wp-json\/wp\/v2\/types\/page"}],"author":[{"embeddable":true,"href":"https:\/\/fairway2hotel.at\/en\/wp-json\/wp\/v2\/users\/1"}],"replies":[{"embeddable":true,"href":"https:\/\/fairway2hotel.at\/en\/wp-json\/wp\/v2\/comments?post=699"}],"version-history":[{"count":7,"href":"https:\/\/fairway2hotel.at\/en\/wp-json\/wp\/v2\/pages\/699\/revisions"}],"predecessor-version":[{"id":47257,"href":"https:\/\/fairway2hotel.at\/en\/wp-json\/wp\/v2\/pages\/699\/revisions\/47257"}],"up":[{"embeddable":true,"href":"https:\/\/fairway2hotel.at\/en\/wp-json\/wp\/v2\/pages\/1607"}],"acf:attachment":[{"embeddable":true,"href":"https:\/\/fairway2hotel.at\/en\/wp-json\/wp\/v2\/media\/47255"},{"embeddable":true,"href":"https:\/\/fairway2hotel.at\/en\/wp-json\/wp\/v2\/media\/47253"},{"embeddable":true,"href":"https:\/\/fairway2hotel.at\/en\/wp-json\/wp\/v2\/media\/697"}],"wp:attachment":[{"href":"https:\/\/fairway2hotel.at\/en\/wp-json\/wp\/v2\/media?parent=699"}],"curies":[{"name":"wp","href":"https:\/\/api.w.org\/{rel}","templated":true}]}}