{"id":702,"date":"2010-10-21T19:35:02","date_gmt":"2010-10-21T17:35:02","guid":{"rendered":"https:\/\/f2h.app\/panorama-golfanlage-passau-fuerstenzell\/"},"modified":"2026-01-06T17:01:18","modified_gmt":"2026-01-06T16:01:18","slug":"panorama-golfanlage-passau-fuerstenzell","status":"publish","type":"page","link":"https:\/\/fairway2hotel.at\/en\/golfclubs\/deutschland\/panorama-golfanlage-passau-fuerstenzell\/","title":{"rendered":"GC Panorama Golfanlage Passau\/F\u00fcrstenzell"},"content":{"rendered":"<h2>Golfen in Yin und Yang-Der 1. Feng-Shui-Golfplatz Deutschlands vor den Toren der 3-Fl\u00fcsse-Stadt Passau<\/h2>\n<p>Hier wurde in Einklang mit der Natur und der Umgebung eine Oase gebaut. Die 18-Loch-Anlage, der 6-Loch-Kurzplatz und die Driving Range sind gro\u00dfz\u00fcgig angelegt. Bei den Kraft- und Ruhepl\u00e4tzen sowie den vielen sichtbaren und unsichtbaren Elementen aus dem Feng Shui und der Geomantie k\u00f6nnen Sie w\u00e4hrend der Runde neue Energie tanken. Die Abschl\u00e4ge sind an besonders kraftvollen Stellen angelegt, und dort &#8211; wie auch auf der Driving Range &#8211; sind Bergkristalle in den Boden eingelassen. Die gro\u00dfe Sonnenterrasse mit dem herrlichen Panorama-Ausblick auf die Alpenkette l\u00e4dt zum Verweilen ein.<\/p>\n<h2>Golfing in Yin and Yang-Germany&#8217;s 1st feng shui golf course at the gates of the 3-river city of Passau<\/h2>\n<p>An oasis has been built here in harmony with nature and the surroundings. The 18-hole course, the 6-hole short course and the driving range are generously laid out. You can recharge your batteries during your round in the power and rest areas as well as the many visible and invisible elements from Feng Shui and geomancy. The tees are located in particularly powerful places, and there &#8211; as on the driving range &#8211; rock crystals are embedded in the ground. The large sun terrace with its marvellous panoramic view of the Alps invites you to linger.<\/p>\n<p>&nbsp;<\/p>\n","protected":false},"excerpt":{"rendered":"<p>Golfen in Yin und Yang-Der 1. Feng-Shui-Golfplatz Deutschlands vor den Toren der 3-Fl\u00fcsse-Stadt Passau Hier wurde in Einklang mit der Natur und der Umgebung eine Oase gebaut. Die 18-Loch-Anlage, der 6-Loch-Kurzplatz und die Driving Range sind gro\u00dfz\u00fcgig angelegt. Bei den Kraft- und Ruhepl\u00e4tzen sowie den vielen sichtbaren und unsichtbaren Elementen aus dem Feng Shui und [&hellip;]<\/p>\n","protected":false},"author":1,"featured_media":0,"parent":1607,"menu_order":135,"comment_status":"closed","ping_status":"closed","template":"page-partner.php","meta":{"_acf_changed":false,"footnotes":""},"class_list":["post-702","page","type-page","status-publish","hentry"],"acf":{"partner_infobox":"<strong>Adresse:<\/strong>Bromberg 1, D-94081 F\u00fcrstenzell\r\n\r\n<strong>Tel:\u00a0<\/strong>+49-(0)8502\/917160\r\n\r\n<strong>Fax:\u00a0<\/strong>+49-(0)8502\/917162\r\n\r\n<strong>Web: <\/strong><a href=\"http:\/\/www.panorama-golf.info\" target=\"_blank\" rel=\"nofollow noopener\">www.panorama-golf.info<\/a>\r\n\r\n<strong>E-Mail:<\/strong> <a href=\"mailto:office@panorama-golf.info\">office@panorama-golf.info<\/a>\r\n\r\n<strong>Spielbahnen\/Par: <\/strong>18\/73 u. 6-Loch-Kurzplatz\r\n\r\n<strong>La\u0308nge: <\/strong>gelb: 6.176 m \/ rot: 5.098 m\r\n\r\n<strong>Anfahrt:\r\n<\/strong>A3 Linz - Regensburg bei Passau-S\u00fcd abfahren, links abbiegen Ri. F\u00fcrstenzell, nach 3 km rechts abbiegen Ri. Rehschaln\/Gef\u00f6hret und nach 2 km links abbiegen zur Anage.","partner_logo":701,"partner_gallery":[52277,3969,52274,52275,52276],"partner_lat":48.54223315851209,"partner_long":13.34812423944286,"partner_type":"golfclub","partner_openings":["1","2","3","4","5","6","7"],"montag_von_bis":"00:00 - 24:00","dienstag_von_bis":"00:00 - 24:00","mittwoch_von_bis":"00:00 - 24:00","donnerstag_von_bis":"00:00 - 24:00","freitag_von_bis":"00:00 - 24:00","samstag_von_bis":"00:00 - 24:00","sonntag_von_bis":"00:00 - 24:00","partner_adresse":"Bromberg 1, 94081 F\u00fcrstenzell","partner_land_bundesland":"Deutschland","partner_tel_1":"0049 8502 917162","partner_tel_2":"0049 8502 917160","partner_web":"http:\/\/www.panorama-golf.info","partner_mail":"office@panorama-golf.info","partner_spielbahnen_par":"18\/73 u. 6-Loch-Kurzplatz","partner_laenge":"gelb: 6.176 m \/ rot: 5.098 m","partner_bedingungen":"","partner_anfahrt":"A3 Linz - Regensburg bei Passau-S\u00fcd abfahren, links abbiegen Ri. F\u00fcrstenzell, nach 3 km rechts abbiegen Ri. Rehschaln\/Gef\u00f6hret und nach 2 km links abbiegen zur Anage.","partner_misc":null,"additional_css_classes":""},"yoast_head":"<!-- This site is optimized with the Yoast SEO plugin v26.8 - https:\/\/yoast.com\/product\/yoast-seo-wordpress\/ -->\n<title>GC Panorama Golfanlage Passau\/F\u00fcrstenzell - Fairway 2 Hotel<\/title>\n<meta name=\"robots\" content=\"index, follow, max-snippet:-1, max-image-preview:large, max-video-preview:-1\" \/>\n<link rel=\"canonical\" href=\"https:\/\/fairway2hotel.at\/en\/golfclubs\/deutschland\/panorama-golfanlage-passau-fuerstenzell\/\" \/>\n<meta property=\"og:locale\" content=\"en_US\" \/>\n<meta property=\"og:type\" content=\"article\" \/>\n<meta property=\"og:title\" content=\"GC Panorama Golfanlage Passau\/F\u00fcrstenzell - Fairway 2 Hotel\" \/>\n<meta property=\"og:description\" content=\"Golfen in Yin und Yang-Der 1. Feng-Shui-Golfplatz Deutschlands vor den Toren der 3-Fl\u00fcsse-Stadt Passau Hier wurde in Einklang mit der Natur und der Umgebung eine Oase gebaut. Die 18-Loch-Anlage, der 6-Loch-Kurzplatz und die Driving Range sind gro\u00dfz\u00fcgig angelegt. Bei den Kraft- und Ruhepl\u00e4tzen sowie den vielen sichtbaren und unsichtbaren Elementen aus dem Feng Shui und [&hellip;]\" \/>\n<meta property=\"og:url\" content=\"https:\/\/fairway2hotel.at\/en\/golfclubs\/deutschland\/panorama-golfanlage-passau-fuerstenzell\/\" \/>\n<meta property=\"og:site_name\" content=\"Fairway 2 Hotel\" \/>\n<meta property=\"article:modified_time\" content=\"2026-01-06T16:01:18+00:00\" \/>\n<meta name=\"twitter:card\" content=\"summary_large_image\" \/>\n<meta name=\"twitter:label1\" content=\"Est. reading time\" \/>\n\t<meta name=\"twitter:data1\" content=\"2 minutes\" \/>\n<script type=\"application\/ld+json\" class=\"yoast-schema-graph\">{\"@context\":\"https:\/\/schema.org\",\"@graph\":[{\"@type\":\"WebPage\",\"@id\":\"https:\/\/fairway2hotel.at\/en\/golfclubs\/deutschland\/panorama-golfanlage-passau-fuerstenzell\/\",\"url\":\"https:\/\/fairway2hotel.at\/en\/golfclubs\/deutschland\/panorama-golfanlage-passau-fuerstenzell\/\",\"name\":\"GC Panorama Golfanlage Passau\/F\u00fcrstenzell - Fairway 2 Hotel\",\"isPartOf\":{\"@id\":\"https:\/\/fairway2hotel.at\/en\/#website\"},\"datePublished\":\"2010-10-21T17:35:02+00:00\",\"dateModified\":\"2026-01-06T16:01:18+00:00\",\"breadcrumb\":{\"@id\":\"https:\/\/fairway2hotel.at\/en\/golfclubs\/deutschland\/panorama-golfanlage-passau-fuerstenzell\/#breadcrumb\"},\"inLanguage\":\"en-US\",\"potentialAction\":[{\"@type\":\"ReadAction\",\"target\":[\"https:\/\/fairway2hotel.at\/en\/golfclubs\/deutschland\/panorama-golfanlage-passau-fuerstenzell\/\"]}]},{\"@type\":\"BreadcrumbList\",\"@id\":\"https:\/\/fairway2hotel.at\/en\/golfclubs\/deutschland\/panorama-golfanlage-passau-fuerstenzell\/#breadcrumb\",\"itemListElement\":[{\"@type\":\"ListItem\",\"position\":1,\"name\":\"Home\",\"item\":\"https:\/\/fairway2hotel.at\/en\/\"},{\"@type\":\"ListItem\",\"position\":2,\"name\":\"Golfclubs\",\"item\":\"https:\/\/fairway2hotel.at\/en\/golfclubs\/\"},{\"@type\":\"ListItem\",\"position\":3,\"name\":\"Golfclubs Deutschland\",\"item\":\"https:\/\/fairway2hotel.at\/en\/golfclubs\/deutschland\/\"},{\"@type\":\"ListItem\",\"position\":4,\"name\":\"GC Panorama Golfanlage Passau\/F\u00fcrstenzell\"}]},{\"@type\":\"WebSite\",\"@id\":\"https:\/\/fairway2hotel.at\/en\/#website\",\"url\":\"https:\/\/fairway2hotel.at\/en\/\",\"name\":\"Fairway 2 Hotel\",\"description\":\"Golf at half price! 2 play - 1 pays\",\"potentialAction\":[{\"@type\":\"SearchAction\",\"target\":{\"@type\":\"EntryPoint\",\"urlTemplate\":\"https:\/\/fairway2hotel.at\/en\/?s={search_term_string}\"},\"query-input\":{\"@type\":\"PropertyValueSpecification\",\"valueRequired\":true,\"valueName\":\"search_term_string\"}}],\"inLanguage\":\"en-US\"}]}<\/script>\n<!-- \/ Yoast SEO plugin. -->","yoast_head_json":{"title":"GC Panorama Golfanlage Passau\/F\u00fcrstenzell - Fairway 2 Hotel","robots":{"index":"index","follow":"follow","max-snippet":"max-snippet:-1","max-image-preview":"max-image-preview:large","max-video-preview":"max-video-preview:-1"},"canonical":"https:\/\/fairway2hotel.at\/en\/golfclubs\/deutschland\/panorama-golfanlage-passau-fuerstenzell\/","og_locale":"en_US","og_type":"article","og_title":"GC Panorama Golfanlage Passau\/F\u00fcrstenzell - Fairway 2 Hotel","og_description":"Golfen in Yin und Yang-Der 1. Feng-Shui-Golfplatz Deutschlands vor den Toren der 3-Fl\u00fcsse-Stadt Passau Hier wurde in Einklang mit der Natur und der Umgebung eine Oase gebaut. Die 18-Loch-Anlage, der 6-Loch-Kurzplatz und die Driving Range sind gro\u00dfz\u00fcgig angelegt. Bei den Kraft- und Ruhepl\u00e4tzen sowie den vielen sichtbaren und unsichtbaren Elementen aus dem Feng Shui und [&hellip;]","og_url":"https:\/\/fairway2hotel.at\/en\/golfclubs\/deutschland\/panorama-golfanlage-passau-fuerstenzell\/","og_site_name":"Fairway 2 Hotel","article_modified_time":"2026-01-06T16:01:18+00:00","twitter_card":"summary_large_image","twitter_misc":{"Est. reading time":"2 minutes"},"schema":{"@context":"https:\/\/schema.org","@graph":[{"@type":"WebPage","@id":"https:\/\/fairway2hotel.at\/en\/golfclubs\/deutschland\/panorama-golfanlage-passau-fuerstenzell\/","url":"https:\/\/fairway2hotel.at\/en\/golfclubs\/deutschland\/panorama-golfanlage-passau-fuerstenzell\/","name":"GC Panorama Golfanlage Passau\/F\u00fcrstenzell - Fairway 2 Hotel","isPartOf":{"@id":"https:\/\/fairway2hotel.at\/en\/#website"},"datePublished":"2010-10-21T17:35:02+00:00","dateModified":"2026-01-06T16:01:18+00:00","breadcrumb":{"@id":"https:\/\/fairway2hotel.at\/en\/golfclubs\/deutschland\/panorama-golfanlage-passau-fuerstenzell\/#breadcrumb"},"inLanguage":"en-US","potentialAction":[{"@type":"ReadAction","target":["https:\/\/fairway2hotel.at\/en\/golfclubs\/deutschland\/panorama-golfanlage-passau-fuerstenzell\/"]}]},{"@type":"BreadcrumbList","@id":"https:\/\/fairway2hotel.at\/en\/golfclubs\/deutschland\/panorama-golfanlage-passau-fuerstenzell\/#breadcrumb","itemListElement":[{"@type":"ListItem","position":1,"name":"Home","item":"https:\/\/fairway2hotel.at\/en\/"},{"@type":"ListItem","position":2,"name":"Golfclubs","item":"https:\/\/fairway2hotel.at\/en\/golfclubs\/"},{"@type":"ListItem","position":3,"name":"Golfclubs Deutschland","item":"https:\/\/fairway2hotel.at\/en\/golfclubs\/deutschland\/"},{"@type":"ListItem","position":4,"name":"GC Panorama Golfanlage Passau\/F\u00fcrstenzell"}]},{"@type":"WebSite","@id":"https:\/\/fairway2hotel.at\/en\/#website","url":"https:\/\/fairway2hotel.at\/en\/","name":"Fairway 2 Hotel","description":"Golf at half price! 2 play - 1 pays","potentialAction":[{"@type":"SearchAction","target":{"@type":"EntryPoint","urlTemplate":"https:\/\/fairway2hotel.at\/en\/?s={search_term_string}"},"query-input":{"@type":"PropertyValueSpecification","valueRequired":true,"valueName":"search_term_string"}}],"inLanguage":"en-US"}]}},"_links":{"self":[{"href":"https:\/\/fairway2hotel.at\/en\/wp-json\/wp\/v2\/pages\/702","targetHints":{"allow":["GET"]}}],"collection":[{"href":"https:\/\/fairway2hotel.at\/en\/wp-json\/wp\/v2\/pages"}],"about":[{"href":"https:\/\/fairway2hotel.at\/en\/wp-json\/wp\/v2\/types\/page"}],"author":[{"embeddable":true,"href":"https:\/\/fairway2hotel.at\/en\/wp-json\/wp\/v2\/users\/1"}],"replies":[{"embeddable":true,"href":"https:\/\/fairway2hotel.at\/en\/wp-json\/wp\/v2\/comments?post=702"}],"version-history":[{"count":14,"href":"https:\/\/fairway2hotel.at\/en\/wp-json\/wp\/v2\/pages\/702\/revisions"}],"predecessor-version":[{"id":52279,"href":"https:\/\/fairway2hotel.at\/en\/wp-json\/wp\/v2\/pages\/702\/revisions\/52279"}],"up":[{"embeddable":true,"href":"https:\/\/fairway2hotel.at\/en\/wp-json\/wp\/v2\/pages\/1607"}],"acf:attachment":[{"embeddable":true,"href":"https:\/\/fairway2hotel.at\/en\/wp-json\/wp\/v2\/media\/52276"},{"embeddable":true,"href":"https:\/\/fairway2hotel.at\/en\/wp-json\/wp\/v2\/media\/52275"},{"embeddable":true,"href":"https:\/\/fairway2hotel.at\/en\/wp-json\/wp\/v2\/media\/52274"},{"embeddable":true,"href":"https:\/\/fairway2hotel.at\/en\/wp-json\/wp\/v2\/media\/3969"},{"embeddable":true,"href":"https:\/\/fairway2hotel.at\/en\/wp-json\/wp\/v2\/media\/52277"}],"wp:attachment":[{"href":"https:\/\/fairway2hotel.at\/en\/wp-json\/wp\/v2\/media?parent=702"}],"curies":[{"name":"wp","href":"https:\/\/api.w.org\/{rel}","templated":true}]}}