{"id":705,"date":"2010-10-21T19:48:16","date_gmt":"2010-10-21T17:48:16","guid":{"rendered":"https:\/\/f2h.app\/golfclub-passau-rassbach\/"},"modified":"2025-03-31T11:34:09","modified_gmt":"2025-03-31T09:34:09","slug":"golfclub-passau-rassbach","status":"publish","type":"page","link":"https:\/\/fairway2hotel.at\/en\/golfclubs\/deutschland\/golfclub-passau-rassbach\/","title":{"rendered":"GC Passau-Rassbach"},"content":{"rendered":"<h2>4-Sterne-Golf im Bayerischen Wald<\/h2>\n<p>4-Sterne-Golf vor den Toren der Dreiflu\u0308sse- und Universita\u0308tsstadt Passau. Allein, zu zweit, mit Familie oder Freunden, ob Anfa\u0308nger oder \u201eProfi\u201c: Fu\u0308r alle Altersgruppen ist es immer wieder reizvoll, diese anspruchsvolle 18- + 6-Loch-Anlage zu erleben. Sie wurde nach internationalem Standardma\u00df gebaut und liegt auf einer nach Su\u0308den hin offenen Hochfla\u0308che. Umsa\u0308umt wird der Platz von kleinen und gro\u00dfen bewaldeten Fla\u0308chen, Biotopen und Ba\u0308chen. Ein breit gefa\u0308chertes Turnierangebot bietet ganz nach Geschmack die Mo\u0308glichkeit, sein Handicap zu verbessern oder einfach nur Golf zu genie\u00dfen.<\/p>\n<p>U\u0308bernachtungsmo\u0308glichkeit oder Campingstellplatz direkt am Golfplatz im ***Golf- und Landhotel Anetseder mit erma\u0308\u00dfigtem Greenfee.<\/p>\n<h2>4-star golf in the Bavarian Forest<\/h2>\n<p>4-star golf at the gates of the three-river and university town of Passau. Alone, as a couple, with family or friends, whether beginner or \u2018pro\u2019: it is always attractive for all age groups to experience this challenging 18 + 6-hole course. It was built to international standards and is situated on a south-facing plateau. The course is surrounded by small and large wooded areas, biotopes and streams. A wide range of tournaments offers the opportunity to improve your handicap or simply enjoy golf.<\/p>\n<p>Overnight accommodation or camping pitches directly on the golf course at the ***Golf- und Landhotel Anetseder with reduced green fee.<\/p>\n","protected":false},"excerpt":{"rendered":"<p>4-Sterne-Golf im Bayerischen Wald 4-Sterne-Golf vor den Toren der Dreiflu\u0308sse- und Universita\u0308tsstadt Passau. Allein, zu zweit, mit Familie oder Freunden, ob Anfa\u0308nger oder \u201eProfi\u201c: Fu\u0308r alle Altersgruppen ist es immer wieder reizvoll, diese anspruchsvolle 18- + 6-Loch-Anlage zu erleben. Sie wurde nach internationalem Standardma\u00df gebaut und liegt auf einer nach Su\u0308den hin offenen Hochfla\u0308che. Umsa\u0308umt [&hellip;]<\/p>\n","protected":false},"author":1,"featured_media":0,"parent":1607,"menu_order":140,"comment_status":"closed","ping_status":"closed","template":"page-partner.php","meta":{"_acf_changed":false,"footnotes":""},"class_list":["post-705","page","type-page","status-publish","hentry"],"acf":{"partner_infobox":"<strong>Adresse:\u00a0<\/strong>Ra\u00dfbach 8, D-94136 Thyrnau\r\n\r\n<strong>Tel:\u00a0<\/strong>+49\/(0) 8501\/91313\r\n\r\n<strong>Fax:\u00a0<\/strong>+49\/(0) 8501\/91314\r\n\r\n<strong>Web: <\/strong><a href=\"http:\/\/www.golf-passau.de\" target=\"_blank\" rel=\"nofollow noopener noreferrer\">www.golf-passau.de<\/a>\r\n\r\n<strong>E-Mail:<\/strong> <a href=\"mailto:info@golf-passau.de\">info@golf-passau.de<\/a>\r\n\r\n<strong>Spielbahnen\/Par: <\/strong>18 +6\/72\r\n\r\n<strong>La\u0308nge: <\/strong>gelb: 5.568 m \/ rot: 4.871 m\r\n\r\n<strong>Bedingungen:\r\n<\/strong>Anmeldung erforderlich, nur Barzahlung m\u00f6glich, Hunde sind an der Leine erlaubt.\r\n\r\n<strong>Anfahrt:\r\n<\/strong>A3 Abfahrt Passau-Nord \u2013&gt; Richtung Hauzenberg \u2013&gt; vor Hundsdorf Schild \u201eGolf-Hotel\u201c beachten!","partner_logo":704,"partner_gallery":[703,47355,47357],"partner_lat":48.608523,"partner_long":13.552445,"partner_type":"golfclub","partner_openings":["1","2","3","4","5","6","7"],"montag_von_bis":"00:00 - 24:00","dienstag_von_bis":"00:00 - 24:00","mittwoch_von_bis":"00:00 - 24:00","donnerstag_von_bis":"00:00 - 24:00","freitag_von_bis":"00:00 - 24:00","samstag_von_bis":"00:00 - 24:00","sonntag_von_bis":"00:00 - 24:00","partner_adresse":"Ra\u00dfbach 8, 94136 Thyrnau","partner_land_bundesland":"Deutschland","partner_tel_1":"0049 8501 91314","partner_tel_2":"0049 8501 91313","partner_web":"http:\/\/www.golf-passau.de","partner_mail":"info@golf-passau.de","partner_spielbahnen_par":"18 +6\/72","partner_laenge":"gelb: 5.568 m \/ rot: 4.871 m","partner_bedingungen":"GS t\u00e4glich einl\u00f6sbar, nur Barzahlung m\u00f6glich, Hunde sind an der Leine erlaubt.\r\nvouchers redeemable daily, only cash payment possible, dogs are allowed on a lead.","partner_anfahrt":"A3 Abfahrt Passau-Nord \u2013&gt; Richtung Hauzenberg \u2013&gt; vor Hundsdorf Schild \u201eGolf-Hotel\u201c beachten!","partner_misc":null,"additional_css_classes":""},"yoast_head":"<!-- This site is optimized with the Yoast SEO plugin v26.8 - https:\/\/yoast.com\/product\/yoast-seo-wordpress\/ -->\n<title>GC Passau-Rassbach - Fairway 2 Hotel<\/title>\n<meta name=\"robots\" content=\"index, follow, max-snippet:-1, max-image-preview:large, max-video-preview:-1\" \/>\n<link rel=\"canonical\" href=\"https:\/\/fairway2hotel.at\/en\/golfclubs\/deutschland\/golfclub-passau-rassbach\/\" \/>\n<meta property=\"og:locale\" content=\"en_US\" \/>\n<meta property=\"og:type\" content=\"article\" \/>\n<meta property=\"og:title\" content=\"GC Passau-Rassbach - Fairway 2 Hotel\" \/>\n<meta property=\"og:description\" content=\"4-Sterne-Golf im Bayerischen Wald 4-Sterne-Golf vor den Toren der Dreiflu\u0308sse- und Universita\u0308tsstadt Passau. Allein, zu zweit, mit Familie oder Freunden, ob Anfa\u0308nger oder \u201eProfi\u201c: Fu\u0308r alle Altersgruppen ist es immer wieder reizvoll, diese anspruchsvolle 18- + 6-Loch-Anlage zu erleben. Sie wurde nach internationalem Standardma\u00df gebaut und liegt auf einer nach Su\u0308den hin offenen Hochfla\u0308che. Umsa\u0308umt [&hellip;]\" \/>\n<meta property=\"og:url\" content=\"https:\/\/fairway2hotel.at\/en\/golfclubs\/deutschland\/golfclub-passau-rassbach\/\" \/>\n<meta property=\"og:site_name\" content=\"Fairway 2 Hotel\" \/>\n<meta property=\"article:modified_time\" content=\"2025-03-31T09:34:09+00:00\" \/>\n<meta name=\"twitter:card\" content=\"summary_large_image\" \/>\n<meta name=\"twitter:label1\" content=\"Est. reading time\" \/>\n\t<meta name=\"twitter:data1\" content=\"2 minutes\" \/>\n<script type=\"application\/ld+json\" class=\"yoast-schema-graph\">{\"@context\":\"https:\/\/schema.org\",\"@graph\":[{\"@type\":\"WebPage\",\"@id\":\"https:\/\/fairway2hotel.at\/en\/golfclubs\/deutschland\/golfclub-passau-rassbach\/\",\"url\":\"https:\/\/fairway2hotel.at\/en\/golfclubs\/deutschland\/golfclub-passau-rassbach\/\",\"name\":\"GC Passau-Rassbach - Fairway 2 Hotel\",\"isPartOf\":{\"@id\":\"https:\/\/fairway2hotel.at\/en\/#website\"},\"datePublished\":\"2010-10-21T17:48:16+00:00\",\"dateModified\":\"2025-03-31T09:34:09+00:00\",\"breadcrumb\":{\"@id\":\"https:\/\/fairway2hotel.at\/en\/golfclubs\/deutschland\/golfclub-passau-rassbach\/#breadcrumb\"},\"inLanguage\":\"en-US\",\"potentialAction\":[{\"@type\":\"ReadAction\",\"target\":[\"https:\/\/fairway2hotel.at\/en\/golfclubs\/deutschland\/golfclub-passau-rassbach\/\"]}]},{\"@type\":\"BreadcrumbList\",\"@id\":\"https:\/\/fairway2hotel.at\/en\/golfclubs\/deutschland\/golfclub-passau-rassbach\/#breadcrumb\",\"itemListElement\":[{\"@type\":\"ListItem\",\"position\":1,\"name\":\"Home\",\"item\":\"https:\/\/fairway2hotel.at\/en\/\"},{\"@type\":\"ListItem\",\"position\":2,\"name\":\"Golfclubs\",\"item\":\"https:\/\/fairway2hotel.at\/en\/golfclubs\/\"},{\"@type\":\"ListItem\",\"position\":3,\"name\":\"Golfclubs Deutschland\",\"item\":\"https:\/\/fairway2hotel.at\/en\/golfclubs\/deutschland\/\"},{\"@type\":\"ListItem\",\"position\":4,\"name\":\"GC Passau-Rassbach\"}]},{\"@type\":\"WebSite\",\"@id\":\"https:\/\/fairway2hotel.at\/en\/#website\",\"url\":\"https:\/\/fairway2hotel.at\/en\/\",\"name\":\"Fairway 2 Hotel\",\"description\":\"Golf at half price! 2 play - 1 pays\",\"potentialAction\":[{\"@type\":\"SearchAction\",\"target\":{\"@type\":\"EntryPoint\",\"urlTemplate\":\"https:\/\/fairway2hotel.at\/en\/?s={search_term_string}\"},\"query-input\":{\"@type\":\"PropertyValueSpecification\",\"valueRequired\":true,\"valueName\":\"search_term_string\"}}],\"inLanguage\":\"en-US\"}]}<\/script>\n<!-- \/ Yoast SEO plugin. -->","yoast_head_json":{"title":"GC Passau-Rassbach - Fairway 2 Hotel","robots":{"index":"index","follow":"follow","max-snippet":"max-snippet:-1","max-image-preview":"max-image-preview:large","max-video-preview":"max-video-preview:-1"},"canonical":"https:\/\/fairway2hotel.at\/en\/golfclubs\/deutschland\/golfclub-passau-rassbach\/","og_locale":"en_US","og_type":"article","og_title":"GC Passau-Rassbach - Fairway 2 Hotel","og_description":"4-Sterne-Golf im Bayerischen Wald 4-Sterne-Golf vor den Toren der Dreiflu\u0308sse- und Universita\u0308tsstadt Passau. Allein, zu zweit, mit Familie oder Freunden, ob Anfa\u0308nger oder \u201eProfi\u201c: Fu\u0308r alle Altersgruppen ist es immer wieder reizvoll, diese anspruchsvolle 18- + 6-Loch-Anlage zu erleben. Sie wurde nach internationalem Standardma\u00df gebaut und liegt auf einer nach Su\u0308den hin offenen Hochfla\u0308che. Umsa\u0308umt [&hellip;]","og_url":"https:\/\/fairway2hotel.at\/en\/golfclubs\/deutschland\/golfclub-passau-rassbach\/","og_site_name":"Fairway 2 Hotel","article_modified_time":"2025-03-31T09:34:09+00:00","twitter_card":"summary_large_image","twitter_misc":{"Est. reading time":"2 minutes"},"schema":{"@context":"https:\/\/schema.org","@graph":[{"@type":"WebPage","@id":"https:\/\/fairway2hotel.at\/en\/golfclubs\/deutschland\/golfclub-passau-rassbach\/","url":"https:\/\/fairway2hotel.at\/en\/golfclubs\/deutschland\/golfclub-passau-rassbach\/","name":"GC Passau-Rassbach - Fairway 2 Hotel","isPartOf":{"@id":"https:\/\/fairway2hotel.at\/en\/#website"},"datePublished":"2010-10-21T17:48:16+00:00","dateModified":"2025-03-31T09:34:09+00:00","breadcrumb":{"@id":"https:\/\/fairway2hotel.at\/en\/golfclubs\/deutschland\/golfclub-passau-rassbach\/#breadcrumb"},"inLanguage":"en-US","potentialAction":[{"@type":"ReadAction","target":["https:\/\/fairway2hotel.at\/en\/golfclubs\/deutschland\/golfclub-passau-rassbach\/"]}]},{"@type":"BreadcrumbList","@id":"https:\/\/fairway2hotel.at\/en\/golfclubs\/deutschland\/golfclub-passau-rassbach\/#breadcrumb","itemListElement":[{"@type":"ListItem","position":1,"name":"Home","item":"https:\/\/fairway2hotel.at\/en\/"},{"@type":"ListItem","position":2,"name":"Golfclubs","item":"https:\/\/fairway2hotel.at\/en\/golfclubs\/"},{"@type":"ListItem","position":3,"name":"Golfclubs Deutschland","item":"https:\/\/fairway2hotel.at\/en\/golfclubs\/deutschland\/"},{"@type":"ListItem","position":4,"name":"GC Passau-Rassbach"}]},{"@type":"WebSite","@id":"https:\/\/fairway2hotel.at\/en\/#website","url":"https:\/\/fairway2hotel.at\/en\/","name":"Fairway 2 Hotel","description":"Golf at half price! 2 play - 1 pays","potentialAction":[{"@type":"SearchAction","target":{"@type":"EntryPoint","urlTemplate":"https:\/\/fairway2hotel.at\/en\/?s={search_term_string}"},"query-input":{"@type":"PropertyValueSpecification","valueRequired":true,"valueName":"search_term_string"}}],"inLanguage":"en-US"}]}},"_links":{"self":[{"href":"https:\/\/fairway2hotel.at\/en\/wp-json\/wp\/v2\/pages\/705","targetHints":{"allow":["GET"]}}],"collection":[{"href":"https:\/\/fairway2hotel.at\/en\/wp-json\/wp\/v2\/pages"}],"about":[{"href":"https:\/\/fairway2hotel.at\/en\/wp-json\/wp\/v2\/types\/page"}],"author":[{"embeddable":true,"href":"https:\/\/fairway2hotel.at\/en\/wp-json\/wp\/v2\/users\/1"}],"replies":[{"embeddable":true,"href":"https:\/\/fairway2hotel.at\/en\/wp-json\/wp\/v2\/comments?post=705"}],"version-history":[{"count":12,"href":"https:\/\/fairway2hotel.at\/en\/wp-json\/wp\/v2\/pages\/705\/revisions"}],"predecessor-version":[{"id":47359,"href":"https:\/\/fairway2hotel.at\/en\/wp-json\/wp\/v2\/pages\/705\/revisions\/47359"}],"up":[{"embeddable":true,"href":"https:\/\/fairway2hotel.at\/en\/wp-json\/wp\/v2\/pages\/1607"}],"acf:attachment":[{"embeddable":true,"href":"https:\/\/fairway2hotel.at\/en\/wp-json\/wp\/v2\/media\/47357"},{"embeddable":true,"href":"https:\/\/fairway2hotel.at\/en\/wp-json\/wp\/v2\/media\/47355"},{"embeddable":true,"href":"https:\/\/fairway2hotel.at\/en\/wp-json\/wp\/v2\/media\/703"}],"wp:attachment":[{"href":"https:\/\/fairway2hotel.at\/en\/wp-json\/wp\/v2\/media?parent=705"}],"curies":[{"name":"wp","href":"https:\/\/api.w.org\/{rel}","templated":true}]}}