{"id":754,"date":"2010-10-25T17:55:06","date_gmt":"2010-10-25T15:55:06","guid":{"rendered":"https:\/\/f2h.app\/golfplatz-livada\/"},"modified":"2025-03-13T14:43:07","modified_gmt":"2025-03-13T13:43:07","slug":"golfplatz-livada","status":"publish","type":"page","link":"https:\/\/fairway2hotel.at\/en\/golfclubs\/slowenien\/golfplatz-livada\/","title":{"rendered":"GC Livada"},"content":{"rendered":"<h2>Ein Golfplatz direkt am 5*-Hotel<\/h2>\n<p>Die weiten gr\u00fcnen Wiesen, die als ein Naturpark das Resort TERME 3000 in Moravske Toplice umgeben, gehen auf in die schier endlosen Gr\u00fcnfl\u00e4chen des Golfplatzes, der sich mit 18 Spielfeldern auf mehr als 50 ha erstreckt und nur wenige Schritte entfernt von Hotels und der Badelandschaft in f\u00fcr einen unverge\u00dflichen Urlaub sorgt. Sowohl den Anf\u00e4ngern als auch erfahreneren Golfern bietet der Golfplatz Livada viel Spielfreude. Nach Loch 1, dem leichtesten und f\u00fcr Anf\u00e4nger geeigneten Loch, treffen die Golfer auf eine Reihe von Wasserhindernissen, breiten Lichtungen und interessant gestalteten Gr\u00fcnfl\u00e4chen. Eine Besonderheit des Golfplatzes ist das Spielfeld Nr. 9. Mit fast 600 Metern L\u00e4nge ist es das l\u00e4ngste Spielfeld Sloweniens und bietet deshalb den Golfspielern eine besondere Herausforderung an.<\/p>\n<h2>A golf course right next to the 5* hotel<\/h2>\n<p>The vast green meadows that surround the TERME 3000 resort in Moravske Toplice as a nature park merge into the almost endless green areas of the golf course, which extends over more than 50 hectares with 18 playing fields and ensures an unforgettable holiday just a few steps away from the hotel and the spa area. The Livada golf course offers both beginners and more experienced golfers plenty of fun. After hole 1, the easiest hole suitable for beginners, golfers encounter a series of water hazards, wide clearings and interestingly designed green areas. A special feature of the golf course is hole no. 9: at almost 600 metres long, it is the longest hole in Slovenia and therefore offers golfers a special challenge.<\/p>\n","protected":false},"excerpt":{"rendered":"<p>Ein Golfplatz direkt am 5*-Hotel Die weiten gr\u00fcnen Wiesen, die als ein Naturpark das Resort TERME 3000 in Moravske Toplice umgeben, gehen auf in die schier endlosen Gr\u00fcnfl\u00e4chen des Golfplatzes, der sich mit 18 Spielfeldern auf mehr als 50 ha erstreckt und nur wenige Schritte entfernt von Hotels und der Badelandschaft in f\u00fcr einen unverge\u00dflichen [&hellip;]<\/p>\n","protected":false},"author":1,"featured_media":0,"parent":1692,"menu_order":20,"comment_status":"closed","ping_status":"closed","template":"page-partner.php","meta":{"_acf_changed":false,"footnotes":""},"class_list":["post-754","page","type-page","status-publish","hentry"],"acf":{"partner_infobox":"<strong>Adresse:\r\n<\/strong>Sava Turizem d.d., Dunajska 152\r\n1000 Lubljana, Terme 3000 Golf Livada\r\nKranjceva ulica 12, SI-9226 Moravske Toplice\r\n\r\n<strong>Tel:\u00a0<\/strong>+386 (0)2 512 5066\r\n\r\n<strong>Fax:\u00a0<\/strong>+386 (0)2\u00a0512 5085\r\n\r\n<strong>Web: <\/strong><a href=\"http:\/\/www.golf-livada.si\" target=\"_blank\" rel=\"nofollow noopener noreferrer\">www.golf-livada.si<\/a>\r\n\r\n<strong>E-Mail:<\/strong>\u00a0<a href=\"mailto:info@therme3000.si\" rel=\"alternate\">info@terme3000.si<\/a> <a href=\"mailto:golfshop@terme3000.si\" rel=\"alternate\">golfshop@terme3000.si<\/a>\r\n\r\n<strong>Spielbahnen\/Par: <\/strong>18\/72\r\n\r\n<strong>La\u0308nge: <\/strong>gelb: 5.934 m \/ rot: 5.297 m\r\n\r\n<em><strong>Bedingungen:\r\n<\/strong>Gutscheine einl\u00f6sbar MO-SO, ausgenommen Turniere.<\/em>\r\n\r\n<strong>Anfahrt:\r\n<\/strong>von Graz: A 9, Ausfahrt Vogau\/Stra\u00df \u2192 Bad Radkersburg \u2192 Grenz\u00fcbergang Sicheldorf \/ Gederovci \u2192 Murska Sobota \u2192 Moravske Toplice","partner_logo":753,"partner_gallery":[4007,4006,4005],"partner_lat":46.6778,"partner_long":16.222972,"partner_type":"golfclub","partner_openings":["1","2","3","4","5","6","7"],"montag_von_bis":"00:00 - 24:00","dienstag_von_bis":"00:00 - 24:00","mittwoch_von_bis":"00:00 - 24:00","donnerstag_von_bis":"00:00 - 24:00","freitag_von_bis":"00:00 - 24:00","samstag_von_bis":"00:00 - 24:00","sonntag_von_bis":"00:00 - 24:00","partner_adresse":"Sava Turizem d.d., Dunajska 152 1000 Lubljana, Terme 3000 Golf Livada Kranjceva ulica 12, 9226 Moravske Toplice","partner_land_bundesland":"Slowenien","partner_tel_1":"00386 2\u00a0512 5085","partner_tel_2":"00386 2 512 5066","partner_web":"http:\/\/www.golf-livada.si","partner_mail":"golfshop@terme3000.si","partner_spielbahnen_par":"18\/72","partner_laenge":"gelb: 5.934 m \/ rot: 5.297 m","partner_bedingungen":"","partner_anfahrt":"von Graz: A 9, Ausfahrt Vogau\/Stra\u00df \u2192 Bad Radkersburg \u2192 Grenz\u00fcbergang Sicheldorf \/ Gederovci \u2192 Murska Sobota \u2192 Moravske Toplice","partner_misc":null,"additional_css_classes":""},"yoast_head":"<!-- This site is optimized with the Yoast SEO plugin v26.8 - https:\/\/yoast.com\/product\/yoast-seo-wordpress\/ -->\n<title>GC Livada - Fairway 2 Hotel<\/title>\n<meta name=\"robots\" content=\"index, follow, max-snippet:-1, max-image-preview:large, max-video-preview:-1\" \/>\n<link rel=\"canonical\" href=\"https:\/\/fairway2hotel.at\/en\/golfclubs\/slowenien\/golfplatz-livada\/\" \/>\n<meta property=\"og:locale\" content=\"en_US\" \/>\n<meta property=\"og:type\" content=\"article\" \/>\n<meta property=\"og:title\" content=\"GC Livada - Fairway 2 Hotel\" \/>\n<meta property=\"og:description\" content=\"Ein Golfplatz direkt am 5*-Hotel Die weiten gr\u00fcnen Wiesen, die als ein Naturpark das Resort TERME 3000 in Moravske Toplice umgeben, gehen auf in die schier endlosen Gr\u00fcnfl\u00e4chen des Golfplatzes, der sich mit 18 Spielfeldern auf mehr als 50 ha erstreckt und nur wenige Schritte entfernt von Hotels und der Badelandschaft in f\u00fcr einen unverge\u00dflichen [&hellip;]\" \/>\n<meta property=\"og:url\" content=\"https:\/\/fairway2hotel.at\/en\/golfclubs\/slowenien\/golfplatz-livada\/\" \/>\n<meta property=\"og:site_name\" content=\"Fairway 2 Hotel\" \/>\n<meta property=\"article:modified_time\" content=\"2025-03-13T13:43:07+00:00\" \/>\n<meta name=\"twitter:card\" content=\"summary_large_image\" \/>\n<meta name=\"twitter:label1\" content=\"Est. reading time\" \/>\n\t<meta name=\"twitter:data1\" content=\"2 minutes\" \/>\n<script type=\"application\/ld+json\" class=\"yoast-schema-graph\">{\"@context\":\"https:\/\/schema.org\",\"@graph\":[{\"@type\":\"WebPage\",\"@id\":\"https:\/\/fairway2hotel.at\/en\/golfclubs\/slowenien\/golfplatz-livada\/\",\"url\":\"https:\/\/fairway2hotel.at\/en\/golfclubs\/slowenien\/golfplatz-livada\/\",\"name\":\"GC Livada - Fairway 2 Hotel\",\"isPartOf\":{\"@id\":\"https:\/\/fairway2hotel.at\/en\/#website\"},\"datePublished\":\"2010-10-25T15:55:06+00:00\",\"dateModified\":\"2025-03-13T13:43:07+00:00\",\"breadcrumb\":{\"@id\":\"https:\/\/fairway2hotel.at\/en\/golfclubs\/slowenien\/golfplatz-livada\/#breadcrumb\"},\"inLanguage\":\"en-US\",\"potentialAction\":[{\"@type\":\"ReadAction\",\"target\":[\"https:\/\/fairway2hotel.at\/en\/golfclubs\/slowenien\/golfplatz-livada\/\"]}]},{\"@type\":\"BreadcrumbList\",\"@id\":\"https:\/\/fairway2hotel.at\/en\/golfclubs\/slowenien\/golfplatz-livada\/#breadcrumb\",\"itemListElement\":[{\"@type\":\"ListItem\",\"position\":1,\"name\":\"Home\",\"item\":\"https:\/\/fairway2hotel.at\/en\/\"},{\"@type\":\"ListItem\",\"position\":2,\"name\":\"Golfclubs\",\"item\":\"https:\/\/fairway2hotel.at\/en\/golfclubs\/\"},{\"@type\":\"ListItem\",\"position\":3,\"name\":\"Golfclubs Slowenien\",\"item\":\"https:\/\/fairway2hotel.at\/en\/golfclubs\/slowenien\/\"},{\"@type\":\"ListItem\",\"position\":4,\"name\":\"GC Livada\"}]},{\"@type\":\"WebSite\",\"@id\":\"https:\/\/fairway2hotel.at\/en\/#website\",\"url\":\"https:\/\/fairway2hotel.at\/en\/\",\"name\":\"Fairway 2 Hotel\",\"description\":\"Golf at half price! 2 play - 1 pays\",\"potentialAction\":[{\"@type\":\"SearchAction\",\"target\":{\"@type\":\"EntryPoint\",\"urlTemplate\":\"https:\/\/fairway2hotel.at\/en\/?s={search_term_string}\"},\"query-input\":{\"@type\":\"PropertyValueSpecification\",\"valueRequired\":true,\"valueName\":\"search_term_string\"}}],\"inLanguage\":\"en-US\"}]}<\/script>\n<!-- \/ Yoast SEO plugin. -->","yoast_head_json":{"title":"GC Livada - Fairway 2 Hotel","robots":{"index":"index","follow":"follow","max-snippet":"max-snippet:-1","max-image-preview":"max-image-preview:large","max-video-preview":"max-video-preview:-1"},"canonical":"https:\/\/fairway2hotel.at\/en\/golfclubs\/slowenien\/golfplatz-livada\/","og_locale":"en_US","og_type":"article","og_title":"GC Livada - Fairway 2 Hotel","og_description":"Ein Golfplatz direkt am 5*-Hotel Die weiten gr\u00fcnen Wiesen, die als ein Naturpark das Resort TERME 3000 in Moravske Toplice umgeben, gehen auf in die schier endlosen Gr\u00fcnfl\u00e4chen des Golfplatzes, der sich mit 18 Spielfeldern auf mehr als 50 ha erstreckt und nur wenige Schritte entfernt von Hotels und der Badelandschaft in f\u00fcr einen unverge\u00dflichen [&hellip;]","og_url":"https:\/\/fairway2hotel.at\/en\/golfclubs\/slowenien\/golfplatz-livada\/","og_site_name":"Fairway 2 Hotel","article_modified_time":"2025-03-13T13:43:07+00:00","twitter_card":"summary_large_image","twitter_misc":{"Est. reading time":"2 minutes"},"schema":{"@context":"https:\/\/schema.org","@graph":[{"@type":"WebPage","@id":"https:\/\/fairway2hotel.at\/en\/golfclubs\/slowenien\/golfplatz-livada\/","url":"https:\/\/fairway2hotel.at\/en\/golfclubs\/slowenien\/golfplatz-livada\/","name":"GC Livada - Fairway 2 Hotel","isPartOf":{"@id":"https:\/\/fairway2hotel.at\/en\/#website"},"datePublished":"2010-10-25T15:55:06+00:00","dateModified":"2025-03-13T13:43:07+00:00","breadcrumb":{"@id":"https:\/\/fairway2hotel.at\/en\/golfclubs\/slowenien\/golfplatz-livada\/#breadcrumb"},"inLanguage":"en-US","potentialAction":[{"@type":"ReadAction","target":["https:\/\/fairway2hotel.at\/en\/golfclubs\/slowenien\/golfplatz-livada\/"]}]},{"@type":"BreadcrumbList","@id":"https:\/\/fairway2hotel.at\/en\/golfclubs\/slowenien\/golfplatz-livada\/#breadcrumb","itemListElement":[{"@type":"ListItem","position":1,"name":"Home","item":"https:\/\/fairway2hotel.at\/en\/"},{"@type":"ListItem","position":2,"name":"Golfclubs","item":"https:\/\/fairway2hotel.at\/en\/golfclubs\/"},{"@type":"ListItem","position":3,"name":"Golfclubs Slowenien","item":"https:\/\/fairway2hotel.at\/en\/golfclubs\/slowenien\/"},{"@type":"ListItem","position":4,"name":"GC Livada"}]},{"@type":"WebSite","@id":"https:\/\/fairway2hotel.at\/en\/#website","url":"https:\/\/fairway2hotel.at\/en\/","name":"Fairway 2 Hotel","description":"Golf at half price! 2 play - 1 pays","potentialAction":[{"@type":"SearchAction","target":{"@type":"EntryPoint","urlTemplate":"https:\/\/fairway2hotel.at\/en\/?s={search_term_string}"},"query-input":{"@type":"PropertyValueSpecification","valueRequired":true,"valueName":"search_term_string"}}],"inLanguage":"en-US"}]}},"_links":{"self":[{"href":"https:\/\/fairway2hotel.at\/en\/wp-json\/wp\/v2\/pages\/754","targetHints":{"allow":["GET"]}}],"collection":[{"href":"https:\/\/fairway2hotel.at\/en\/wp-json\/wp\/v2\/pages"}],"about":[{"href":"https:\/\/fairway2hotel.at\/en\/wp-json\/wp\/v2\/types\/page"}],"author":[{"embeddable":true,"href":"https:\/\/fairway2hotel.at\/en\/wp-json\/wp\/v2\/users\/1"}],"replies":[{"embeddable":true,"href":"https:\/\/fairway2hotel.at\/en\/wp-json\/wp\/v2\/comments?post=754"}],"version-history":[{"count":7,"href":"https:\/\/fairway2hotel.at\/en\/wp-json\/wp\/v2\/pages\/754\/revisions"}],"predecessor-version":[{"id":46492,"href":"https:\/\/fairway2hotel.at\/en\/wp-json\/wp\/v2\/pages\/754\/revisions\/46492"}],"up":[{"embeddable":true,"href":"https:\/\/fairway2hotel.at\/en\/wp-json\/wp\/v2\/pages\/1692"}],"acf:attachment":[{"embeddable":true,"href":"https:\/\/fairway2hotel.at\/en\/wp-json\/wp\/v2\/media\/4005"},{"embeddable":true,"href":"https:\/\/fairway2hotel.at\/en\/wp-json\/wp\/v2\/media\/4006"},{"embeddable":true,"href":"https:\/\/fairway2hotel.at\/en\/wp-json\/wp\/v2\/media\/4007"}],"wp:attachment":[{"href":"https:\/\/fairway2hotel.at\/en\/wp-json\/wp\/v2\/media?parent=754"}],"curies":[{"name":"wp","href":"https:\/\/api.w.org\/{rel}","templated":true}]}}