{"id":803,"date":"2012-10-21T13:51:14","date_gmt":"2012-10-21T11:51:14","guid":{"rendered":"https:\/\/f2h.app\/landhotelmader\/"},"modified":"2025-11-20T16:47:42","modified_gmt":"2025-11-20T15:47:42","slug":"landhotelmader","status":"publish","type":"page","link":"https:\/\/fairway2hotel.at\/en\/hotels\/oberoesterreich\/landhotelmader\/","title":{"rendered":"Landhotel Mader"},"content":{"rendered":"<h2>Golfurlaub in der Romantikstadt Steyr<\/h2>\n<p>in harmonischer Symbiose zwischen traditionsreicher Vergangenheit und pulsierender GegegwartDem Zauber unseres Viersternehotels in zwei verbundenen B\u00fcrgerh\u00e4usern aus der Renaissance, im Zentrum der Altstadt, kann sich wohl niemand wirklich entziehen. Unsere 60 G\u00e4stezimmer sind in den verschiedenen Geb\u00e4udeteilen reizvoll untergebracht. Alle Zimmer sind im historischen Ambiente des Hauses, jedoch zeitgem\u00e4\u00df eingerichtet.Besondere Atmosph\u00e4re und Gem\u00fctlichkeit finden Sie in unseren Gastr\u00e4umen. Ob in der rustikalen Altwirth Stube, im eleganten Schubertst\u00fcberl oder im Weinkeller. Unter freiem Himmel diniert man im Arkadenhof oder im Schanigarten am Stadtplatz, umrahmt von historischen B\u00fcrgerh\u00e4usern.<\/p>\n<h2>Golf holidays in the romantic town of Steyr<\/h2>\n<p>in a harmonious symbiosis between traditional past and pulsating presentNobody can really escape the magic of our four-star hotel in two connected Renaissance town houses in the centre of the old town. Our 60 guest rooms are attractively located in the different parts of the building. All rooms are furnished in the historical ambience of the house, but in a contemporary style and you will find a special atmosphere and cosiness in our guest rooms. Whether in the rustic Altwirth Stube, in the elegant Schubertst\u00fcberl or in the wine cellar. You can dine in the open air in the arcaded courtyard or in the Schanigarten on the town square, surrounded by historic town houses.<\/p>\n","protected":false},"excerpt":{"rendered":"<p>Golfurlaub in der Romantikstadt Steyr in harmonischer Symbiose zwischen traditionsreicher Vergangenheit und pulsierender GegegwartDem Zauber unseres Viersternehotels in zwei verbundenen B\u00fcrgerh\u00e4usern aus der Renaissance, im Zentrum der Altstadt, kann sich wohl niemand wirklich entziehen. Unsere 60 G\u00e4stezimmer sind in den verschiedenen Geb\u00e4udeteilen reizvoll untergebracht. Alle Zimmer sind im historischen Ambiente des Hauses, jedoch zeitgem\u00e4\u00df eingerichtet.Besondere [&hellip;]<\/p>\n","protected":false},"author":1,"featured_media":0,"parent":2113,"menu_order":25,"comment_status":"closed","ping_status":"closed","template":"page-partner.php","meta":{"_acf_changed":false,"footnotes":""},"class_list":["post-803","page","type-page","status-publish","hentry"],"acf":{"partner_infobox":"<strong>Adresse:\u00a0<\/strong>Stadtplatz 36, 4400 Steyr\r\n\r\n<strong>Tel:\u00a0<\/strong>+43 7252\/53 3 58-0\r\n\r\n<strong>Fax:\u00a0<\/strong>+43 7253\/53 3 58-6\r\n\r\n<strong>Web: <\/strong><a href=\"http:\/\/www.mader.at\" target=\"_blank\" rel=\"nofollow noopener noreferrer\">www.mader.at<\/a>\r\n\r\n<strong>E-Mail:<\/strong> <a href=\"mailto:mader@mader.at\">mader@mader.at<\/a>\r\n\r\n<strong>Bedingungen: <\/strong>2 \u00dcN - 1 \u00dcN bezahlen\r\n1 \u00dcN - 2 Personen zum Einzelzimmerpreis\r\n\r\n<strong>Golfclubs in der N\u00e4he:\r\n<\/strong>Golfpark Metzenhof (15 Automin.)\r\nGolfclub Linz (20 Automin.)\r\nGolfclub Herzog Tassilo (25 Automin.) - unser Heimatgolfclub\r\nGolfclub Staerk (30 Automin.)\r\nGolfclub Wels (40 Automin.)\r\n\r\n<strong>Anfahrt:\r\n<\/strong>siehe <a href=\"https:\/\/www.mader.at\/anreise-info\/\" target=\"_blank\" rel=\"noopener\">www.mader.at\/de\/anreise<\/a>","partner_logo":802,"partner_gallery":[3374,3375,3376],"partner_lat":48.038794,"partner_long":14.418637,"partner_type":"hotel","partner_openings":["1","2","3","4","5","6","7"],"montag_von_bis":"00:00 - 24:00","dienstag_von_bis":"00:00 - 24:00","mittwoch_von_bis":"00:00 - 24:00","donnerstag_von_bis":"00:00 - 24:00","freitag_von_bis":"00:00 - 24:00","samstag_von_bis":"00:00 - 24:00","sonntag_von_bis":"00:00 - 24:00","partner_adresse":"Stadtplatz 36, 4400 Steyr","partner_land_bundesland":"","partner_tel_1":"+43 7252\/53 3 58-0","partner_tel_2":"","partner_web":"http:\/\/www.mader.at","partner_mail":"mader@mader.at","partner_spielbahnen_par":"","partner_laenge":"","partner_bedingungen":"2 \u00dcN - 1 \u00dcN bezahlen, 1 \u00dcN - 2 Personen zum Einzelzimmerpreis\r\n2 nights - pay for 1 night, 1 night - 2 people at the single room rate\r\n\r\n","partner_anfahrt":"","partner_misc":null,"additional_css_classes":""},"yoast_head":"<!-- This site is optimized with the Yoast SEO plugin v26.8 - https:\/\/yoast.com\/product\/yoast-seo-wordpress\/ -->\n<title>Landhotel Mader - Fairway 2 Hotel<\/title>\n<meta name=\"robots\" content=\"index, follow, max-snippet:-1, max-image-preview:large, max-video-preview:-1\" \/>\n<link rel=\"canonical\" href=\"https:\/\/fairway2hotel.at\/en\/hotels\/oberoesterreich\/landhotelmader\/\" \/>\n<meta property=\"og:locale\" content=\"en_US\" \/>\n<meta property=\"og:type\" content=\"article\" \/>\n<meta property=\"og:title\" content=\"Landhotel Mader - Fairway 2 Hotel\" \/>\n<meta property=\"og:description\" content=\"Golfurlaub in der Romantikstadt Steyr in harmonischer Symbiose zwischen traditionsreicher Vergangenheit und pulsierender GegegwartDem Zauber unseres Viersternehotels in zwei verbundenen B\u00fcrgerh\u00e4usern aus der Renaissance, im Zentrum der Altstadt, kann sich wohl niemand wirklich entziehen. Unsere 60 G\u00e4stezimmer sind in den verschiedenen Geb\u00e4udeteilen reizvoll untergebracht. Alle Zimmer sind im historischen Ambiente des Hauses, jedoch zeitgem\u00e4\u00df eingerichtet.Besondere [&hellip;]\" \/>\n<meta property=\"og:url\" content=\"https:\/\/fairway2hotel.at\/en\/hotels\/oberoesterreich\/landhotelmader\/\" \/>\n<meta property=\"og:site_name\" content=\"Fairway 2 Hotel\" \/>\n<meta property=\"article:modified_time\" content=\"2025-11-20T15:47:42+00:00\" \/>\n<meta name=\"twitter:card\" content=\"summary_large_image\" \/>\n<meta name=\"twitter:label1\" content=\"Est. reading time\" \/>\n\t<meta name=\"twitter:data1\" content=\"2 minutes\" \/>\n<script type=\"application\/ld+json\" class=\"yoast-schema-graph\">{\"@context\":\"https:\/\/schema.org\",\"@graph\":[{\"@type\":\"WebPage\",\"@id\":\"https:\/\/fairway2hotel.at\/en\/hotels\/oberoesterreich\/landhotelmader\/\",\"url\":\"https:\/\/fairway2hotel.at\/en\/hotels\/oberoesterreich\/landhotelmader\/\",\"name\":\"Landhotel Mader - Fairway 2 Hotel\",\"isPartOf\":{\"@id\":\"https:\/\/fairway2hotel.at\/en\/#website\"},\"datePublished\":\"2012-10-21T11:51:14+00:00\",\"dateModified\":\"2025-11-20T15:47:42+00:00\",\"breadcrumb\":{\"@id\":\"https:\/\/fairway2hotel.at\/en\/hotels\/oberoesterreich\/landhotelmader\/#breadcrumb\"},\"inLanguage\":\"en-US\",\"potentialAction\":[{\"@type\":\"ReadAction\",\"target\":[\"https:\/\/fairway2hotel.at\/en\/hotels\/oberoesterreich\/landhotelmader\/\"]}]},{\"@type\":\"BreadcrumbList\",\"@id\":\"https:\/\/fairway2hotel.at\/en\/hotels\/oberoesterreich\/landhotelmader\/#breadcrumb\",\"itemListElement\":[{\"@type\":\"ListItem\",\"position\":1,\"name\":\"Home\",\"item\":\"https:\/\/fairway2hotel.at\/en\/\"},{\"@type\":\"ListItem\",\"position\":2,\"name\":\"Hotels\",\"item\":\"https:\/\/fairway2hotel.at\/en\/hotels\/\"},{\"@type\":\"ListItem\",\"position\":3,\"name\":\"Hotels Ober\u00f6sterreich\",\"item\":\"https:\/\/fairway2hotel.at\/en\/hotels\/oberoesterreich\/\"},{\"@type\":\"ListItem\",\"position\":4,\"name\":\"Landhotel Mader\"}]},{\"@type\":\"WebSite\",\"@id\":\"https:\/\/fairway2hotel.at\/en\/#website\",\"url\":\"https:\/\/fairway2hotel.at\/en\/\",\"name\":\"Fairway 2 Hotel\",\"description\":\"Golf at half price! 2 play - 1 pays\",\"potentialAction\":[{\"@type\":\"SearchAction\",\"target\":{\"@type\":\"EntryPoint\",\"urlTemplate\":\"https:\/\/fairway2hotel.at\/en\/?s={search_term_string}\"},\"query-input\":{\"@type\":\"PropertyValueSpecification\",\"valueRequired\":true,\"valueName\":\"search_term_string\"}}],\"inLanguage\":\"en-US\"}]}<\/script>\n<!-- \/ Yoast SEO plugin. -->","yoast_head_json":{"title":"Landhotel Mader - Fairway 2 Hotel","robots":{"index":"index","follow":"follow","max-snippet":"max-snippet:-1","max-image-preview":"max-image-preview:large","max-video-preview":"max-video-preview:-1"},"canonical":"https:\/\/fairway2hotel.at\/en\/hotels\/oberoesterreich\/landhotelmader\/","og_locale":"en_US","og_type":"article","og_title":"Landhotel Mader - Fairway 2 Hotel","og_description":"Golfurlaub in der Romantikstadt Steyr in harmonischer Symbiose zwischen traditionsreicher Vergangenheit und pulsierender GegegwartDem Zauber unseres Viersternehotels in zwei verbundenen B\u00fcrgerh\u00e4usern aus der Renaissance, im Zentrum der Altstadt, kann sich wohl niemand wirklich entziehen. Unsere 60 G\u00e4stezimmer sind in den verschiedenen Geb\u00e4udeteilen reizvoll untergebracht. Alle Zimmer sind im historischen Ambiente des Hauses, jedoch zeitgem\u00e4\u00df eingerichtet.Besondere [&hellip;]","og_url":"https:\/\/fairway2hotel.at\/en\/hotels\/oberoesterreich\/landhotelmader\/","og_site_name":"Fairway 2 Hotel","article_modified_time":"2025-11-20T15:47:42+00:00","twitter_card":"summary_large_image","twitter_misc":{"Est. reading time":"2 minutes"},"schema":{"@context":"https:\/\/schema.org","@graph":[{"@type":"WebPage","@id":"https:\/\/fairway2hotel.at\/en\/hotels\/oberoesterreich\/landhotelmader\/","url":"https:\/\/fairway2hotel.at\/en\/hotels\/oberoesterreich\/landhotelmader\/","name":"Landhotel Mader - Fairway 2 Hotel","isPartOf":{"@id":"https:\/\/fairway2hotel.at\/en\/#website"},"datePublished":"2012-10-21T11:51:14+00:00","dateModified":"2025-11-20T15:47:42+00:00","breadcrumb":{"@id":"https:\/\/fairway2hotel.at\/en\/hotels\/oberoesterreich\/landhotelmader\/#breadcrumb"},"inLanguage":"en-US","potentialAction":[{"@type":"ReadAction","target":["https:\/\/fairway2hotel.at\/en\/hotels\/oberoesterreich\/landhotelmader\/"]}]},{"@type":"BreadcrumbList","@id":"https:\/\/fairway2hotel.at\/en\/hotels\/oberoesterreich\/landhotelmader\/#breadcrumb","itemListElement":[{"@type":"ListItem","position":1,"name":"Home","item":"https:\/\/fairway2hotel.at\/en\/"},{"@type":"ListItem","position":2,"name":"Hotels","item":"https:\/\/fairway2hotel.at\/en\/hotels\/"},{"@type":"ListItem","position":3,"name":"Hotels Ober\u00f6sterreich","item":"https:\/\/fairway2hotel.at\/en\/hotels\/oberoesterreich\/"},{"@type":"ListItem","position":4,"name":"Landhotel Mader"}]},{"@type":"WebSite","@id":"https:\/\/fairway2hotel.at\/en\/#website","url":"https:\/\/fairway2hotel.at\/en\/","name":"Fairway 2 Hotel","description":"Golf at half price! 2 play - 1 pays","potentialAction":[{"@type":"SearchAction","target":{"@type":"EntryPoint","urlTemplate":"https:\/\/fairway2hotel.at\/en\/?s={search_term_string}"},"query-input":{"@type":"PropertyValueSpecification","valueRequired":true,"valueName":"search_term_string"}}],"inLanguage":"en-US"}]}},"_links":{"self":[{"href":"https:\/\/fairway2hotel.at\/en\/wp-json\/wp\/v2\/pages\/803","targetHints":{"allow":["GET"]}}],"collection":[{"href":"https:\/\/fairway2hotel.at\/en\/wp-json\/wp\/v2\/pages"}],"about":[{"href":"https:\/\/fairway2hotel.at\/en\/wp-json\/wp\/v2\/types\/page"}],"author":[{"embeddable":true,"href":"https:\/\/fairway2hotel.at\/en\/wp-json\/wp\/v2\/users\/1"}],"replies":[{"embeddable":true,"href":"https:\/\/fairway2hotel.at\/en\/wp-json\/wp\/v2\/comments?post=803"}],"version-history":[{"count":8,"href":"https:\/\/fairway2hotel.at\/en\/wp-json\/wp\/v2\/pages\/803\/revisions"}],"predecessor-version":[{"id":50274,"href":"https:\/\/fairway2hotel.at\/en\/wp-json\/wp\/v2\/pages\/803\/revisions\/50274"}],"up":[{"embeddable":true,"href":"https:\/\/fairway2hotel.at\/en\/wp-json\/wp\/v2\/pages\/2113"}],"acf:attachment":[{"embeddable":true,"href":"https:\/\/fairway2hotel.at\/en\/wp-json\/wp\/v2\/media\/3376"},{"embeddable":true,"href":"https:\/\/fairway2hotel.at\/en\/wp-json\/wp\/v2\/media\/3375"},{"embeddable":true,"href":"https:\/\/fairway2hotel.at\/en\/wp-json\/wp\/v2\/media\/3374"}],"wp:attachment":[{"href":"https:\/\/fairway2hotel.at\/en\/wp-json\/wp\/v2\/media?parent=803"}],"curies":[{"name":"wp","href":"https:\/\/api.w.org\/{rel}","templated":true}]}}