{"id":806,"date":"2012-10-21T14:48:00","date_gmt":"2012-10-21T12:48:00","guid":{"rendered":"https:\/\/f2h.app\/gctraminergolf\/"},"modified":"2025-11-13T15:40:40","modified_gmt":"2025-11-13T14:40:40","slug":"gctraminergolf","status":"publish","type":"page","link":"https:\/\/fairway2hotel.at\/en\/golfclubs\/steiermark\/gctraminergolf\/","title":{"rendered":"GC Traminergolf Kl\u00f6ch"},"content":{"rendered":"<h2>Mit Schwung zum Genuss! Golf &#8211; Wohlf\u00fchlen &#8211; Wein &amp; Kulinarik<\/h2>\n<p>Eingebettet in die wundersch\u00f6ne Landschaft des s\u00fcdoststeirischen Thermenlandes, liegt die naturbelassene 18 Loch Golfanlage \u201eTraminer Golf Kl\u00f6ch\u201c. Die herrliche Lage und auch der k\u00f6stliche Kl\u00f6cher Wein, vor allem der Kl\u00f6cher Traminer \u2013 &#8220;der Wein mit dem Duft der Rose\u201c &#8211; lassen das Herz von Golfern gleicherma\u00dfen wie von Weinliebhabern h\u00f6her schlagen. Die einladende Clubterrasse begeistert durch ein au\u00dfergew\u00f6hnliches Ambiente. Dort kann man entspannen, den Ausblick auf die Kl\u00f6cher Weinberge genie\u00dfen und insgesamt sechs Spielbahnen einsehen. Wer am liebsten gleich hier bleiben m\u00f6chte (oder wer nach der Runde das eine oder andere Glas Wein probiert), der kann eines der Golfpakete inklusive \u00dcbernachtung\u00a0im HOTEL\u00a0TRAMINERGOLF oder den neuen CHALETS\u00a0TRAMINER\u00a0direkt bei der Golfanlage buchen. Zur Auswahl stehen verschiedene attraktive Angebote. In Kl\u00f6ch dauert die Golfsaison \u00fcbrigens von Anfang M\u00e4rz bis Ende November &#8211; so lange, wie sonst in ganz \u00d6sterreich kaum wo.<\/p>\n<h2>With swing to enjoyment! Golf &#8211; Well-being &#8211; Wine &amp; Cuisine<\/h2>\n<p>The natural 18-hole golf course \u2018Traminer Golf Kl\u00f6ch\u2019 is nestled in the beautiful landscape of south-east Styria&#8217;s Thermenland. The marvellous location and the delicious Kl\u00f6cher wine, especially the Kl\u00f6cher Traminer &#8211; \u2018the wine with the scent of the rose\u2019 &#8211; make the hearts of golfers and wine lovers alike beat faster. The inviting club terrace has an exceptional ambience. Here you can relax, enjoy the view of the Kl\u00f6ch vineyards and take in a total of six fairways. If you would prefer to stay here (or enjoy a glass of wine or two after your round), you can book one of the golf packages including overnight accommodation at the HOTEL TRAMINERGOLF or the new CHALETS TRAMINER directly at the golf course. There are various attractive offers to choose from. Incidentally, the golf season in Kl\u00f6ch lasts from the beginning of March to the end of November &#8211; longer than almost anywhere else in Austria.<\/p>\n","protected":false},"excerpt":{"rendered":"<p>Mit Schwung zum Genuss! Golf &#8211; Wohlf\u00fchlen &#8211; Wein &amp; Kulinarik Eingebettet in die wundersch\u00f6ne Landschaft des s\u00fcdoststeirischen Thermenlandes, liegt die naturbelassene 18 Loch Golfanlage \u201eTraminer Golf Kl\u00f6ch\u201c. Die herrliche Lage und auch der k\u00f6stliche Kl\u00f6cher Wein, vor allem der Kl\u00f6cher Traminer \u2013 &#8220;der Wein mit dem Duft der Rose\u201c &#8211; lassen das Herz von [&hellip;]<\/p>\n","protected":false},"author":1,"featured_media":0,"parent":1552,"menu_order":45,"comment_status":"closed","ping_status":"closed","template":"page-partner.php","meta":{"_acf_changed":false,"footnotes":""},"class_list":["post-806","page","type-page","status-publish","hentry"],"acf":{"partner_infobox":"<strong>Adresse:\u00a0<\/strong>Kl\u00f6ch 192, 8493 Kl\u00f6ch\r\n\r\n<strong>Tel:\u00a0<\/strong>03475\/30033\r\n\r\n<strong>Web: <\/strong><a href=\"http:\/\/www.traminergolf.at\" target=\"_blank\" rel=\"nofollow noopener\">www.traminergolf.at<\/a>\r\n\r\n<strong>E-Mail:<\/strong> <a href=\"mailto:info@traminergolf.at\">info@traminergolf.at<\/a>\r\n\r\n<strong>Spielbahnen\/Par: <\/strong>18\/72\r\n\r\n<strong>La\u0308nge: <\/strong>gelb: 5.657 m rot: 4.867 m\r\n\r\n<em><strong>Bedingungen:\r\n<\/strong>GS von SO - FR (ausgenommen Ftg.) einl\u00f6sbar.<\/em>\r\n\r\n<strong>Anfahrt:\r\n<\/strong>Wien: \u00fcber A2 - Ausf. 138\u00a0\u2192 B65\u00a0\u2192 E66\/ILZ; links\u00a0\u2192 B66 --&gt; Feldbach\u00a0\u2192 in P\u00f6lten rechts abbiegen \/\/ \u00fcber A9\u00a0\u2192 Slowenien; Ausf. Vogau-Stra\u00df; bei Gabelung links\u00a0\u2192 Bad Radkersburg, nach 17 km\u00a0\u2192 B69\/Gosdorf links; in Halbenrain links\u00a0\u2192 Kl\u00f6ch; bei Gabelung rechts; in Kl\u00f6ch rechts\u00a0\u2192 nach 1 km liegt unser Golfplatz!","partner_logo":805,"partner_gallery":[3773,46930,46932],"partner_lat":46.75023,"partner_long":15.97131,"partner_type":"golfclub","partner_openings":["1","2","3","4","5","7"],"montag_von_bis":"00:00 - 24:00","dienstag_von_bis":"00:00 - 24:00","mittwoch_von_bis":"00:00 - 24:00","donnerstag_von_bis":"00:00 - 24:00","freitag_von_bis":"00:00 - 24:00","samstag_von_bis":"00:00 - 24:00","sonntag_von_bis":"00:00 - 24:00","partner_adresse":"Kl\u00f6ch 192, 8493 Kl\u00f6ch","partner_land_bundesland":"Steiermark","partner_tel_1":"","partner_tel_2":"0043 3475 30033","partner_web":"http:\/\/www.traminergolf.at","partner_mail":"info@traminergolf.at","partner_spielbahnen_par":"18\/72","partner_laenge":"gelb: 5.657 m rot: 4.867 m","partner_bedingungen":"Gutschein von SO - FR (ausgenommen Ftg.) einl\u00f6sbar.\r\nVoucher redeemable from Sun-Fri (except public holidays).","partner_anfahrt":"Wien: \u00fcber A2 - Ausf. 138\u00a0\u2192 B65\u00a0\u2192 E66\/ILZ; links\u00a0\u2192 B66 --&gt; Feldbach\u00a0\u2192 in P\u00f6lten rechts abbiegen \/\/ \u00fcber A9\u00a0\u2192 Slowenien; Ausf. Vogau-Stra\u00df; bei Gabelung links\u00a0\u2192 Bad Radkersburg, nach 17 km\u00a0\u2192 B69\/Gosdorf links; in Halbenrain links\u00a0\u2192 Kl\u00f6ch; bei Gabelung rechts; in Kl\u00f6ch rechts\u00a0\u2192 nach 1 km liegt unser Golfplatz!","partner_misc":null,"additional_css_classes":""},"yoast_head":"<!-- This site is optimized with the Yoast SEO plugin v26.8 - https:\/\/yoast.com\/product\/yoast-seo-wordpress\/ -->\n<title>GC Traminergolf Kl\u00f6ch - Fairway 2 Hotel<\/title>\n<meta name=\"robots\" content=\"index, follow, max-snippet:-1, max-image-preview:large, max-video-preview:-1\" \/>\n<link rel=\"canonical\" href=\"https:\/\/fairway2hotel.at\/en\/golfclubs\/steiermark\/gctraminergolf\/\" \/>\n<meta property=\"og:locale\" content=\"en_US\" \/>\n<meta property=\"og:type\" content=\"article\" \/>\n<meta property=\"og:title\" content=\"GC Traminergolf Kl\u00f6ch - Fairway 2 Hotel\" \/>\n<meta property=\"og:description\" content=\"Mit Schwung zum Genuss! Golf &#8211; Wohlf\u00fchlen &#8211; Wein &amp; Kulinarik Eingebettet in die wundersch\u00f6ne Landschaft des s\u00fcdoststeirischen Thermenlandes, liegt die naturbelassene 18 Loch Golfanlage \u201eTraminer Golf Kl\u00f6ch\u201c. Die herrliche Lage und auch der k\u00f6stliche Kl\u00f6cher Wein, vor allem der Kl\u00f6cher Traminer \u2013 &#8220;der Wein mit dem Duft der Rose\u201c &#8211; lassen das Herz von [&hellip;]\" \/>\n<meta property=\"og:url\" content=\"https:\/\/fairway2hotel.at\/en\/golfclubs\/steiermark\/gctraminergolf\/\" \/>\n<meta property=\"og:site_name\" content=\"Fairway 2 Hotel\" \/>\n<meta property=\"article:modified_time\" content=\"2025-11-13T14:40:40+00:00\" \/>\n<meta name=\"twitter:card\" content=\"summary_large_image\" \/>\n<meta name=\"twitter:label1\" content=\"Est. reading time\" \/>\n\t<meta name=\"twitter:data1\" content=\"2 minutes\" \/>\n<script type=\"application\/ld+json\" class=\"yoast-schema-graph\">{\"@context\":\"https:\/\/schema.org\",\"@graph\":[{\"@type\":\"WebPage\",\"@id\":\"https:\/\/fairway2hotel.at\/en\/golfclubs\/steiermark\/gctraminergolf\/\",\"url\":\"https:\/\/fairway2hotel.at\/en\/golfclubs\/steiermark\/gctraminergolf\/\",\"name\":\"GC Traminergolf Kl\u00f6ch - Fairway 2 Hotel\",\"isPartOf\":{\"@id\":\"https:\/\/fairway2hotel.at\/en\/#website\"},\"datePublished\":\"2012-10-21T12:48:00+00:00\",\"dateModified\":\"2025-11-13T14:40:40+00:00\",\"breadcrumb\":{\"@id\":\"https:\/\/fairway2hotel.at\/en\/golfclubs\/steiermark\/gctraminergolf\/#breadcrumb\"},\"inLanguage\":\"en-US\",\"potentialAction\":[{\"@type\":\"ReadAction\",\"target\":[\"https:\/\/fairway2hotel.at\/en\/golfclubs\/steiermark\/gctraminergolf\/\"]}]},{\"@type\":\"BreadcrumbList\",\"@id\":\"https:\/\/fairway2hotel.at\/en\/golfclubs\/steiermark\/gctraminergolf\/#breadcrumb\",\"itemListElement\":[{\"@type\":\"ListItem\",\"position\":1,\"name\":\"Home\",\"item\":\"https:\/\/fairway2hotel.at\/en\/\"},{\"@type\":\"ListItem\",\"position\":2,\"name\":\"Golfclubs\",\"item\":\"https:\/\/fairway2hotel.at\/en\/golfclubs\/\"},{\"@type\":\"ListItem\",\"position\":3,\"name\":\"Golfclubs Steiermark\",\"item\":\"https:\/\/fairway2hotel.at\/en\/golfclubs\/steiermark\/\"},{\"@type\":\"ListItem\",\"position\":4,\"name\":\"GC Traminergolf Kl\u00f6ch\"}]},{\"@type\":\"WebSite\",\"@id\":\"https:\/\/fairway2hotel.at\/en\/#website\",\"url\":\"https:\/\/fairway2hotel.at\/en\/\",\"name\":\"Fairway 2 Hotel\",\"description\":\"Golf at half price! 2 play - 1 pays\",\"potentialAction\":[{\"@type\":\"SearchAction\",\"target\":{\"@type\":\"EntryPoint\",\"urlTemplate\":\"https:\/\/fairway2hotel.at\/en\/?s={search_term_string}\"},\"query-input\":{\"@type\":\"PropertyValueSpecification\",\"valueRequired\":true,\"valueName\":\"search_term_string\"}}],\"inLanguage\":\"en-US\"}]}<\/script>\n<!-- \/ Yoast SEO plugin. -->","yoast_head_json":{"title":"GC Traminergolf Kl\u00f6ch - Fairway 2 Hotel","robots":{"index":"index","follow":"follow","max-snippet":"max-snippet:-1","max-image-preview":"max-image-preview:large","max-video-preview":"max-video-preview:-1"},"canonical":"https:\/\/fairway2hotel.at\/en\/golfclubs\/steiermark\/gctraminergolf\/","og_locale":"en_US","og_type":"article","og_title":"GC Traminergolf Kl\u00f6ch - Fairway 2 Hotel","og_description":"Mit Schwung zum Genuss! Golf &#8211; Wohlf\u00fchlen &#8211; Wein &amp; Kulinarik Eingebettet in die wundersch\u00f6ne Landschaft des s\u00fcdoststeirischen Thermenlandes, liegt die naturbelassene 18 Loch Golfanlage \u201eTraminer Golf Kl\u00f6ch\u201c. Die herrliche Lage und auch der k\u00f6stliche Kl\u00f6cher Wein, vor allem der Kl\u00f6cher Traminer \u2013 &#8220;der Wein mit dem Duft der Rose\u201c &#8211; lassen das Herz von [&hellip;]","og_url":"https:\/\/fairway2hotel.at\/en\/golfclubs\/steiermark\/gctraminergolf\/","og_site_name":"Fairway 2 Hotel","article_modified_time":"2025-11-13T14:40:40+00:00","twitter_card":"summary_large_image","twitter_misc":{"Est. reading time":"2 minutes"},"schema":{"@context":"https:\/\/schema.org","@graph":[{"@type":"WebPage","@id":"https:\/\/fairway2hotel.at\/en\/golfclubs\/steiermark\/gctraminergolf\/","url":"https:\/\/fairway2hotel.at\/en\/golfclubs\/steiermark\/gctraminergolf\/","name":"GC Traminergolf Kl\u00f6ch - Fairway 2 Hotel","isPartOf":{"@id":"https:\/\/fairway2hotel.at\/en\/#website"},"datePublished":"2012-10-21T12:48:00+00:00","dateModified":"2025-11-13T14:40:40+00:00","breadcrumb":{"@id":"https:\/\/fairway2hotel.at\/en\/golfclubs\/steiermark\/gctraminergolf\/#breadcrumb"},"inLanguage":"en-US","potentialAction":[{"@type":"ReadAction","target":["https:\/\/fairway2hotel.at\/en\/golfclubs\/steiermark\/gctraminergolf\/"]}]},{"@type":"BreadcrumbList","@id":"https:\/\/fairway2hotel.at\/en\/golfclubs\/steiermark\/gctraminergolf\/#breadcrumb","itemListElement":[{"@type":"ListItem","position":1,"name":"Home","item":"https:\/\/fairway2hotel.at\/en\/"},{"@type":"ListItem","position":2,"name":"Golfclubs","item":"https:\/\/fairway2hotel.at\/en\/golfclubs\/"},{"@type":"ListItem","position":3,"name":"Golfclubs Steiermark","item":"https:\/\/fairway2hotel.at\/en\/golfclubs\/steiermark\/"},{"@type":"ListItem","position":4,"name":"GC Traminergolf Kl\u00f6ch"}]},{"@type":"WebSite","@id":"https:\/\/fairway2hotel.at\/en\/#website","url":"https:\/\/fairway2hotel.at\/en\/","name":"Fairway 2 Hotel","description":"Golf at half price! 2 play - 1 pays","potentialAction":[{"@type":"SearchAction","target":{"@type":"EntryPoint","urlTemplate":"https:\/\/fairway2hotel.at\/en\/?s={search_term_string}"},"query-input":{"@type":"PropertyValueSpecification","valueRequired":true,"valueName":"search_term_string"}}],"inLanguage":"en-US"}]}},"_links":{"self":[{"href":"https:\/\/fairway2hotel.at\/en\/wp-json\/wp\/v2\/pages\/806","targetHints":{"allow":["GET"]}}],"collection":[{"href":"https:\/\/fairway2hotel.at\/en\/wp-json\/wp\/v2\/pages"}],"about":[{"href":"https:\/\/fairway2hotel.at\/en\/wp-json\/wp\/v2\/types\/page"}],"author":[{"embeddable":true,"href":"https:\/\/fairway2hotel.at\/en\/wp-json\/wp\/v2\/users\/1"}],"replies":[{"embeddable":true,"href":"https:\/\/fairway2hotel.at\/en\/wp-json\/wp\/v2\/comments?post=806"}],"version-history":[{"count":10,"href":"https:\/\/fairway2hotel.at\/en\/wp-json\/wp\/v2\/pages\/806\/revisions"}],"predecessor-version":[{"id":49793,"href":"https:\/\/fairway2hotel.at\/en\/wp-json\/wp\/v2\/pages\/806\/revisions\/49793"}],"up":[{"embeddable":true,"href":"https:\/\/fairway2hotel.at\/en\/wp-json\/wp\/v2\/pages\/1552"}],"acf:attachment":[{"embeddable":true,"href":"https:\/\/fairway2hotel.at\/en\/wp-json\/wp\/v2\/media\/46932"},{"embeddable":true,"href":"https:\/\/fairway2hotel.at\/en\/wp-json\/wp\/v2\/media\/46930"},{"embeddable":true,"href":"https:\/\/fairway2hotel.at\/en\/wp-json\/wp\/v2\/media\/3773"}],"wp:attachment":[{"href":"https:\/\/fairway2hotel.at\/en\/wp-json\/wp\/v2\/media?parent=806"}],"curies":[{"name":"wp","href":"https:\/\/api.w.org\/{rel}","templated":true}]}}