{"id":821,"date":"2012-10-23T20:52:21","date_gmt":"2012-10-23T18:52:21","guid":{"rendered":"https:\/\/f2h.app\/golfclub-roemergolf\/"},"modified":"2025-03-29T16:32:31","modified_gmt":"2025-03-29T15:32:31","slug":"golfclub-roemergolf","status":"publish","type":"page","link":"https:\/\/fairway2hotel.at\/en\/golfclubs\/salzburg\/golfclub-roemergolf\/","title":{"rendered":"GC R\u00f6mergolf"},"content":{"rendered":"<h2>Einfach unkompliziert, besonders vielf\u00e4ltig und erfrischend anders.<\/h2>\n<p>Mitten im Salzburger Seengebiet liegt die zauberhafte Heimat des GC R\u00f6mergolf. Der 18-Loch Panoramakurs beeindruckt durch seine nat\u00fcrliche Struktur mit Ausblick auf die umliegenden Gebirge. Der 9-Loch Kornbichlkurs ist angenehm zu spielen und bietet Gelegenheit f\u00fcr eine inspirierende Runde. Speziell hervorzuheben ist die gro\u00dfz\u00fcgige Trainingsanlage mit 70 Abschlagpl\u00e4tzen, 22 davon \u00fcberdacht, sowie Putting- und Chippinggreen und \u00dcbungsbunker. Im Clubrestaurant erwartet Sie eine ausgezeichnete K\u00fcche und auf der Terrasse l\u00e4sst es sich herrlich entspannen. Im \u00fcppig ausgestatteten Golfshop finden Sie Top-Marken und pers\u00f6nliches Service. Wer gerne l\u00e4nger verweilen m\u00f6chte, der \u00fcbernachtet direkt neben dem Clubhaus in der charmanten \u201eLodge\u201c.<\/p>\n<h2>Simply uncomplicated, particularly varied and refreshingly different.<\/h2>\n<p>The magical home of GC R\u00f6mergolf lies in the centre of Salzburg&#8217;s lake district. The 18-hole panoramic course impresses with its natural structure and views of the surrounding mountains. The 9-hole Kornbichl course is pleasant to play and offers the opportunity for an inspiring round. A special highlight is the spacious training facility with 70 teeing grounds, 22 of which are covered, as well as putting and chipping greens and a practice bunker. Excellent cuisine awaits you in the club restaurant and the terrace is a wonderful place to relax. In the well-stocked golf shop you will find top brands and personalised service. If you would like to stay longer, you can spend the night in the charming \u2018Lodge\u2019 right next to the clubhouse.<\/p>\n","protected":false},"excerpt":{"rendered":"<p>Einfach unkompliziert, besonders vielf\u00e4ltig und erfrischend anders. Mitten im Salzburger Seengebiet liegt die zauberhafte Heimat des GC R\u00f6mergolf. Der 18-Loch Panoramakurs beeindruckt durch seine nat\u00fcrliche Struktur mit Ausblick auf die umliegenden Gebirge. Der 9-Loch Kornbichlkurs ist angenehm zu spielen und bietet Gelegenheit f\u00fcr eine inspirierende Runde. Speziell hervorzuheben ist die gro\u00dfz\u00fcgige Trainingsanlage mit 70 Abschlagpl\u00e4tzen, [&hellip;]<\/p>\n","protected":false},"author":1,"featured_media":0,"parent":1567,"menu_order":25,"comment_status":"closed","ping_status":"closed","template":"page-partner.php","meta":{"_acf_changed":false,"footnotes":""},"class_list":["post-821","page","type-page","status-publish","hentry"],"acf":{"partner_infobox":"<strong>Adresse:\u00a0<\/strong>Kraimoosweg 5a, A-5301 Eugendorf\r\n\r\n<strong>Tel:\u00a0<\/strong>065225\/28300\r\n\r\n<strong>Web: <\/strong><a href=\"http:\/\/www.roemergolf.at\" target=\"_blank\" rel=\"nofollow noopener noreferrer\">www.roemergolf.at<\/a>\r\n\r\n<strong>E-Mail:<\/strong> <a href=\"mailto:office@roemergolf.at\">office@roemergolf.at<\/a>\r\n\r\n<strong>Panoramakurs:\r\n<\/strong>Spielbahnen\/Par: 18\/69\r\nL\u00e4nge: gelb: 1.572m\/rot: 4.237m\r\n\r\n<strong>Kornbichlkurs:\r\n<\/strong>Spielbahnen\/Par: 9\/30<strong>\r\n<\/strong>L\u00e4nge: gelb: 1.572 m \/ rot: 1.447 m\r\n\r\n<strong>Bedingungen:<\/strong>\r\nGutscheine g\u00fcltig\u00a0MO\u2013SO auf das 18-Loch-Greenfee des Panoramakurses\r\n\r\n<strong>Anfahrt:\r\n<\/strong>A1 Abfahrt Thalgau, rechts abbiegen Richtung Eugendorf, nach ca. 2 km direkt nach der Autobahnunterf\u00fchrung rechts einbiegen.","partner_logo":820,"partner_gallery":[3563,47116,47118],"partner_lat":47.85849,"partner_long":13.19339,"partner_type":"golfclub","partner_openings":["1","2","3","4","5","6","7"],"montag_von_bis":"00:00 - 24:00","dienstag_von_bis":"00:00 - 24:00","mittwoch_von_bis":"00:00 - 24:00","donnerstag_von_bis":"00:00 - 24:00","freitag_von_bis":"00:00 - 24:00","samstag_von_bis":"00:00 - 24:00","sonntag_von_bis":"00:00 - 24:00","partner_adresse":"Kraimoosweg 5a, 5301 Eugendorf","partner_land_bundesland":"Salzburg","partner_tel_1":"","partner_tel_2":"0043 6225 28300","partner_web":"http:\/\/www.roemergolf.at","partner_mail":"office@roemergolf.at","partner_spielbahnen_par":"18+9\/69+60","partner_laenge":"","partner_bedingungen":"Gutscheine g\u00fcltig\u00a0MO\u2013SO auf das 18-Loch-Greenfee des Panoramakurses\r\nVouchers valid Mon-Son on the 18-hole green fee of the Panorama Course","partner_anfahrt":"A1 Abfahrt Thalgau, rechts abbiegen Richtung Eugendorf, nach ca. 2 km direkt nach der Autobahnunterf\u00fchrung rechts einbiegen.","partner_misc":[{"text_label":"Panoramakurs","text_value":"Spielbahnen\/Par: 18\/69\r\nL\u00e4nge: gelb: 1.572m\/rot: 4.237m"},{"text_label":"Kornbichlkurs","text_value":"Spielbahnen\/Par: 9\/30\r\nL\u00e4nge: gelb: 1.572 m \/ rot: 1.447 m"}],"additional_css_classes":""},"yoast_head":"<!-- This site is optimized with the Yoast SEO plugin v26.8 - https:\/\/yoast.com\/product\/yoast-seo-wordpress\/ -->\n<title>GC R\u00f6mergolf - Fairway 2 Hotel<\/title>\n<meta name=\"robots\" content=\"index, follow, max-snippet:-1, max-image-preview:large, max-video-preview:-1\" \/>\n<link rel=\"canonical\" href=\"https:\/\/fairway2hotel.at\/en\/golfclubs\/salzburg\/golfclub-roemergolf\/\" \/>\n<meta property=\"og:locale\" content=\"en_US\" \/>\n<meta property=\"og:type\" content=\"article\" \/>\n<meta property=\"og:title\" content=\"GC R\u00f6mergolf - Fairway 2 Hotel\" \/>\n<meta property=\"og:description\" content=\"Einfach unkompliziert, besonders vielf\u00e4ltig und erfrischend anders. Mitten im Salzburger Seengebiet liegt die zauberhafte Heimat des GC R\u00f6mergolf. Der 18-Loch Panoramakurs beeindruckt durch seine nat\u00fcrliche Struktur mit Ausblick auf die umliegenden Gebirge. Der 9-Loch Kornbichlkurs ist angenehm zu spielen und bietet Gelegenheit f\u00fcr eine inspirierende Runde. Speziell hervorzuheben ist die gro\u00dfz\u00fcgige Trainingsanlage mit 70 Abschlagpl\u00e4tzen, [&hellip;]\" \/>\n<meta property=\"og:url\" content=\"https:\/\/fairway2hotel.at\/en\/golfclubs\/salzburg\/golfclub-roemergolf\/\" \/>\n<meta property=\"og:site_name\" content=\"Fairway 2 Hotel\" \/>\n<meta property=\"article:modified_time\" content=\"2025-03-29T15:32:31+00:00\" \/>\n<meta name=\"twitter:card\" content=\"summary_large_image\" \/>\n<meta name=\"twitter:label1\" content=\"Est. reading time\" \/>\n\t<meta name=\"twitter:data1\" content=\"2 minutes\" \/>\n<script type=\"application\/ld+json\" class=\"yoast-schema-graph\">{\"@context\":\"https:\/\/schema.org\",\"@graph\":[{\"@type\":\"WebPage\",\"@id\":\"https:\/\/fairway2hotel.at\/en\/golfclubs\/salzburg\/golfclub-roemergolf\/\",\"url\":\"https:\/\/fairway2hotel.at\/en\/golfclubs\/salzburg\/golfclub-roemergolf\/\",\"name\":\"GC R\u00f6mergolf - Fairway 2 Hotel\",\"isPartOf\":{\"@id\":\"https:\/\/fairway2hotel.at\/en\/#website\"},\"datePublished\":\"2012-10-23T18:52:21+00:00\",\"dateModified\":\"2025-03-29T15:32:31+00:00\",\"breadcrumb\":{\"@id\":\"https:\/\/fairway2hotel.at\/en\/golfclubs\/salzburg\/golfclub-roemergolf\/#breadcrumb\"},\"inLanguage\":\"en-US\",\"potentialAction\":[{\"@type\":\"ReadAction\",\"target\":[\"https:\/\/fairway2hotel.at\/en\/golfclubs\/salzburg\/golfclub-roemergolf\/\"]}]},{\"@type\":\"BreadcrumbList\",\"@id\":\"https:\/\/fairway2hotel.at\/en\/golfclubs\/salzburg\/golfclub-roemergolf\/#breadcrumb\",\"itemListElement\":[{\"@type\":\"ListItem\",\"position\":1,\"name\":\"Home\",\"item\":\"https:\/\/fairway2hotel.at\/en\/\"},{\"@type\":\"ListItem\",\"position\":2,\"name\":\"Golfclubs\",\"item\":\"https:\/\/fairway2hotel.at\/en\/golfclubs\/\"},{\"@type\":\"ListItem\",\"position\":3,\"name\":\"Golfclubs Salzburg\",\"item\":\"https:\/\/fairway2hotel.at\/en\/golfclubs\/salzburg\/\"},{\"@type\":\"ListItem\",\"position\":4,\"name\":\"GC R\u00f6mergolf\"}]},{\"@type\":\"WebSite\",\"@id\":\"https:\/\/fairway2hotel.at\/en\/#website\",\"url\":\"https:\/\/fairway2hotel.at\/en\/\",\"name\":\"Fairway 2 Hotel\",\"description\":\"Golf at half price! 2 play - 1 pays\",\"potentialAction\":[{\"@type\":\"SearchAction\",\"target\":{\"@type\":\"EntryPoint\",\"urlTemplate\":\"https:\/\/fairway2hotel.at\/en\/?s={search_term_string}\"},\"query-input\":{\"@type\":\"PropertyValueSpecification\",\"valueRequired\":true,\"valueName\":\"search_term_string\"}}],\"inLanguage\":\"en-US\"}]}<\/script>\n<!-- \/ Yoast SEO plugin. -->","yoast_head_json":{"title":"GC R\u00f6mergolf - Fairway 2 Hotel","robots":{"index":"index","follow":"follow","max-snippet":"max-snippet:-1","max-image-preview":"max-image-preview:large","max-video-preview":"max-video-preview:-1"},"canonical":"https:\/\/fairway2hotel.at\/en\/golfclubs\/salzburg\/golfclub-roemergolf\/","og_locale":"en_US","og_type":"article","og_title":"GC R\u00f6mergolf - Fairway 2 Hotel","og_description":"Einfach unkompliziert, besonders vielf\u00e4ltig und erfrischend anders. Mitten im Salzburger Seengebiet liegt die zauberhafte Heimat des GC R\u00f6mergolf. Der 18-Loch Panoramakurs beeindruckt durch seine nat\u00fcrliche Struktur mit Ausblick auf die umliegenden Gebirge. Der 9-Loch Kornbichlkurs ist angenehm zu spielen und bietet Gelegenheit f\u00fcr eine inspirierende Runde. Speziell hervorzuheben ist die gro\u00dfz\u00fcgige Trainingsanlage mit 70 Abschlagpl\u00e4tzen, [&hellip;]","og_url":"https:\/\/fairway2hotel.at\/en\/golfclubs\/salzburg\/golfclub-roemergolf\/","og_site_name":"Fairway 2 Hotel","article_modified_time":"2025-03-29T15:32:31+00:00","twitter_card":"summary_large_image","twitter_misc":{"Est. reading time":"2 minutes"},"schema":{"@context":"https:\/\/schema.org","@graph":[{"@type":"WebPage","@id":"https:\/\/fairway2hotel.at\/en\/golfclubs\/salzburg\/golfclub-roemergolf\/","url":"https:\/\/fairway2hotel.at\/en\/golfclubs\/salzburg\/golfclub-roemergolf\/","name":"GC R\u00f6mergolf - Fairway 2 Hotel","isPartOf":{"@id":"https:\/\/fairway2hotel.at\/en\/#website"},"datePublished":"2012-10-23T18:52:21+00:00","dateModified":"2025-03-29T15:32:31+00:00","breadcrumb":{"@id":"https:\/\/fairway2hotel.at\/en\/golfclubs\/salzburg\/golfclub-roemergolf\/#breadcrumb"},"inLanguage":"en-US","potentialAction":[{"@type":"ReadAction","target":["https:\/\/fairway2hotel.at\/en\/golfclubs\/salzburg\/golfclub-roemergolf\/"]}]},{"@type":"BreadcrumbList","@id":"https:\/\/fairway2hotel.at\/en\/golfclubs\/salzburg\/golfclub-roemergolf\/#breadcrumb","itemListElement":[{"@type":"ListItem","position":1,"name":"Home","item":"https:\/\/fairway2hotel.at\/en\/"},{"@type":"ListItem","position":2,"name":"Golfclubs","item":"https:\/\/fairway2hotel.at\/en\/golfclubs\/"},{"@type":"ListItem","position":3,"name":"Golfclubs Salzburg","item":"https:\/\/fairway2hotel.at\/en\/golfclubs\/salzburg\/"},{"@type":"ListItem","position":4,"name":"GC R\u00f6mergolf"}]},{"@type":"WebSite","@id":"https:\/\/fairway2hotel.at\/en\/#website","url":"https:\/\/fairway2hotel.at\/en\/","name":"Fairway 2 Hotel","description":"Golf at half price! 2 play - 1 pays","potentialAction":[{"@type":"SearchAction","target":{"@type":"EntryPoint","urlTemplate":"https:\/\/fairway2hotel.at\/en\/?s={search_term_string}"},"query-input":{"@type":"PropertyValueSpecification","valueRequired":true,"valueName":"search_term_string"}}],"inLanguage":"en-US"}]}},"_links":{"self":[{"href":"https:\/\/fairway2hotel.at\/en\/wp-json\/wp\/v2\/pages\/821","targetHints":{"allow":["GET"]}}],"collection":[{"href":"https:\/\/fairway2hotel.at\/en\/wp-json\/wp\/v2\/pages"}],"about":[{"href":"https:\/\/fairway2hotel.at\/en\/wp-json\/wp\/v2\/types\/page"}],"author":[{"embeddable":true,"href":"https:\/\/fairway2hotel.at\/en\/wp-json\/wp\/v2\/users\/1"}],"replies":[{"embeddable":true,"href":"https:\/\/fairway2hotel.at\/en\/wp-json\/wp\/v2\/comments?post=821"}],"version-history":[{"count":14,"href":"https:\/\/fairway2hotel.at\/en\/wp-json\/wp\/v2\/pages\/821\/revisions"}],"predecessor-version":[{"id":47120,"href":"https:\/\/fairway2hotel.at\/en\/wp-json\/wp\/v2\/pages\/821\/revisions\/47120"}],"up":[{"embeddable":true,"href":"https:\/\/fairway2hotel.at\/en\/wp-json\/wp\/v2\/pages\/1567"}],"acf:attachment":[{"embeddable":true,"href":"https:\/\/fairway2hotel.at\/en\/wp-json\/wp\/v2\/media\/47118"},{"embeddable":true,"href":"https:\/\/fairway2hotel.at\/en\/wp-json\/wp\/v2\/media\/47116"},{"embeddable":true,"href":"https:\/\/fairway2hotel.at\/en\/wp-json\/wp\/v2\/media\/3563"}],"wp:attachment":[{"href":"https:\/\/fairway2hotel.at\/en\/wp-json\/wp\/v2\/media?parent=821"}],"curies":[{"name":"wp","href":"https:\/\/api.w.org\/{rel}","templated":true}]}}