{"id":824,"date":"2012-10-23T21:11:40","date_gmt":"2012-10-23T19:11:40","guid":{"rendered":"https:\/\/f2h.app\/golfanlage-moosburg-poertschach\/"},"modified":"2025-04-22T12:33:45","modified_gmt":"2025-04-22T10:33:45","slug":"golfanlage-moosburg-poertschach","status":"publish","type":"page","link":"https:\/\/fairway2hotel.at\/en\/golfclubs\/kaernten\/golfanlage-moosburg-poertschach\/","title":{"rendered":"GC Moosburg-P\u00f6rtschach"},"content":{"rendered":"<h2>Golf und etwas mehr<\/h2>\n<p>Nur 4 km vom W\u00f6rthersee entfernt, von der European Society of Golf Course Architects mit dem h\u00f6chsten Preis, dem Premier European Golf Course, ausgezeichnet und mit **** &#8220;superior&#8221; klassifiziert, befinden sich auf einem malerischen Plateau im Naturgebiet &#8220;Schwarzes Moos&#8221; die Golfanlagen Moosburg-P\u00f6rtschach, mit einem 18 Lo-Par-72-, einem 9 Lo-Par-35-Platz und einer Golfakademie. Unser Highlight: der europaweit einzigartige Fotopoint. Hier kann man vollautomatisch und kostenlos eim Foto schie\u00dfen und via Internet in die ganze Welt versenden. In die Natur eingef\u00fcgte Pl\u00e4tze vermitteln den Spielern\/innen das wohltuende Erlebnis eines Parkspaziergangs. Nach dem brandneuen 18. Hole, gelangen die Golfer zum wohlverdienten &#8220;19.&#8221;, zum Golfrestaurant im Clubhaus, wo sie mit K\u00e4rntner K\u00f6stlichkeiten auf hohem Niveau, aber mit moderaten Preisen verw\u00f6hnt werden.<br \/>\n&#8211; Golferherz, was will man mehr!<\/p>\n<h2>Golf and a little more<\/h2>\n<p>Just 4 km from Lake W\u00f6rthersee, awarded the highest prize, the Premier European Golf Course, by the European Society of Golf Course Architects and classified as **** \u201csuperior\u201d, the Moosburg-P\u00f6rtschach golf facilities are located on a picturesque plateau in the \u201cSchwarzes Moos\u201d nature reserve, with an 18-lo-par-72 course, a 9-lo-par-35 course and a golf academy. Our highlight: the photo point, which is unique in Europe. Here you can take a photo fully automatically and free of charge and send it all over the world via the Internet. Courses integrated into the natural surroundings give players the pleasant experience of a walk in the park. After the brand new 18th hole, golfers arrive at the well-deserved \u201c19th\u201d, the golf restaurant in the clubhouse, where they are spoiled with Carinthian delicacies at a high level but at moderate prices.<br \/>\n&#8211; Golfers&#8217; hearts, what more could you want!<\/p>\n","protected":false},"excerpt":{"rendered":"<p>Golf und etwas mehr Nur 4 km vom W\u00f6rthersee entfernt, von der European Society of Golf Course Architects mit dem h\u00f6chsten Preis, dem Premier European Golf Course, ausgezeichnet und mit **** &#8220;superior&#8221; klassifiziert, befinden sich auf einem malerischen Plateau im Naturgebiet &#8220;Schwarzes Moos&#8221; die Golfanlagen Moosburg-P\u00f6rtschach, mit einem 18 Lo-Par-72-, einem 9 Lo-Par-35-Platz und einer [&hellip;]<\/p>\n","protected":false},"author":1,"featured_media":0,"parent":1579,"menu_order":30,"comment_status":"closed","ping_status":"closed","template":"page-partner.php","meta":{"_acf_changed":false,"footnotes":""},"class_list":["post-824","page","type-page","status-publish","hentry"],"acf":{"partner_infobox":"<strong>Adresse:\u00a0<\/strong>Golfstra\u00dfe 2, 9062 Moosburg\r\n\r\n<strong>Tel:\u00a0<\/strong>043 4272 83486-0\r\n\r\n<strong>Fax:\u00a0<\/strong>043 4272 83486-20\r\n\r\n<strong>Web: <\/strong><a href=\"http:\/\/www.golfmoosburg.at\" target=\"_blank\" rel=\"nofollow noopener\">www.golfmoosburg.at<\/a>\r\n\r\n<strong>E-Mail:<\/strong> <a href=\"mailto:office@golfmoosburg.at\">office@golfmoosburg.at<\/a>\r\n\r\n<strong>Spielbahnen\/Par: <\/strong>18\/72 + 9\/35\r\n\r\n<strong>La\u0308nge:\r\n<\/strong>gelb: 5.862m\/2.341m rot: 5.137m\/2.129m\r\n\r\n<em><strong>Bedingungen:\r\n<\/strong>jederzeit einl\u00f6sbar<\/em>\r\n\r\n<strong>Anfahrt:\r\n<\/strong>von Graz\/Wien: A2\u00a0\u2192 Abfahrt P\u00f6rschach. Im Ort\u00a0\u2192 Fischskulptur bzw. Tankstelle abbiegen\u00a0\u2192 Moosburg\u00a0\u2192 ca. 4 km\u00a0\u2192 am Ziel","partner_logo":823,"partner_gallery":[48072,822,47157],"partner_lat":46.66394,"partner_long":14.14906,"partner_type":"golfclub","partner_openings":["1","2","3","4","5","6","7"],"montag_von_bis":"00:00 - 24:00","dienstag_von_bis":"00:00 - 24:00","mittwoch_von_bis":"00:00 - 24:00","donnerstag_von_bis":"00:00 - 24:00","freitag_von_bis":"00:00 - 24:00","samstag_von_bis":"00:00 - 24:00","sonntag_von_bis":"00:00 - 24:00","partner_adresse":"Golfstra\u00dfe 2, 9062 Moosburg","partner_land_bundesland":"K\u00e4rnten","partner_tel_1":"0043 4272 83486 20","partner_tel_2":"0043 4272 834860","partner_web":"http:\/\/www.golfmoosburg.at","partner_mail":"office@golfmoosburg.at","partner_spielbahnen_par":"18\/72 + 9\/35","partner_laenge":"gelb: 5.862m\/2.341m rot: 5.137m\/2.129m","partner_bedingungen":"","partner_anfahrt":"von Graz\/Wien: A2\u00a0\u2192 Abfahrt P\u00f6rschach. Im Ort\u00a0\u2192 Fischskulptur bzw. Tankstelle abbiegen\u00a0\u2192 Moosburg\u00a0\u2192 ca. 4 km\u00a0\u2192 am Ziel","partner_misc":null,"additional_css_classes":""},"yoast_head":"<!-- This site is optimized with the Yoast SEO plugin v26.8 - https:\/\/yoast.com\/product\/yoast-seo-wordpress\/ -->\n<title>GC Moosburg-P\u00f6rtschach - Fairway 2 Hotel<\/title>\n<meta name=\"robots\" content=\"index, follow, max-snippet:-1, max-image-preview:large, max-video-preview:-1\" \/>\n<link rel=\"canonical\" href=\"https:\/\/fairway2hotel.at\/en\/golfclubs\/kaernten\/golfanlage-moosburg-poertschach\/\" \/>\n<meta property=\"og:locale\" content=\"en_US\" \/>\n<meta property=\"og:type\" content=\"article\" \/>\n<meta property=\"og:title\" content=\"GC Moosburg-P\u00f6rtschach - Fairway 2 Hotel\" \/>\n<meta property=\"og:description\" content=\"Golf und etwas mehr Nur 4 km vom W\u00f6rthersee entfernt, von der European Society of Golf Course Architects mit dem h\u00f6chsten Preis, dem Premier European Golf Course, ausgezeichnet und mit **** &#8220;superior&#8221; klassifiziert, befinden sich auf einem malerischen Plateau im Naturgebiet &#8220;Schwarzes Moos&#8221; die Golfanlagen Moosburg-P\u00f6rtschach, mit einem 18 Lo-Par-72-, einem 9 Lo-Par-35-Platz und einer [&hellip;]\" \/>\n<meta property=\"og:url\" content=\"https:\/\/fairway2hotel.at\/en\/golfclubs\/kaernten\/golfanlage-moosburg-poertschach\/\" \/>\n<meta property=\"og:site_name\" content=\"Fairway 2 Hotel\" \/>\n<meta property=\"article:modified_time\" content=\"2025-04-22T10:33:45+00:00\" \/>\n<meta name=\"twitter:card\" content=\"summary_large_image\" \/>\n<meta name=\"twitter:label1\" content=\"Est. reading time\" \/>\n\t<meta name=\"twitter:data1\" content=\"2 minutes\" \/>\n<script type=\"application\/ld+json\" class=\"yoast-schema-graph\">{\"@context\":\"https:\/\/schema.org\",\"@graph\":[{\"@type\":\"WebPage\",\"@id\":\"https:\/\/fairway2hotel.at\/en\/golfclubs\/kaernten\/golfanlage-moosburg-poertschach\/\",\"url\":\"https:\/\/fairway2hotel.at\/en\/golfclubs\/kaernten\/golfanlage-moosburg-poertschach\/\",\"name\":\"GC Moosburg-P\u00f6rtschach - Fairway 2 Hotel\",\"isPartOf\":{\"@id\":\"https:\/\/fairway2hotel.at\/en\/#website\"},\"datePublished\":\"2012-10-23T19:11:40+00:00\",\"dateModified\":\"2025-04-22T10:33:45+00:00\",\"breadcrumb\":{\"@id\":\"https:\/\/fairway2hotel.at\/en\/golfclubs\/kaernten\/golfanlage-moosburg-poertschach\/#breadcrumb\"},\"inLanguage\":\"en-US\",\"potentialAction\":[{\"@type\":\"ReadAction\",\"target\":[\"https:\/\/fairway2hotel.at\/en\/golfclubs\/kaernten\/golfanlage-moosburg-poertschach\/\"]}]},{\"@type\":\"BreadcrumbList\",\"@id\":\"https:\/\/fairway2hotel.at\/en\/golfclubs\/kaernten\/golfanlage-moosburg-poertschach\/#breadcrumb\",\"itemListElement\":[{\"@type\":\"ListItem\",\"position\":1,\"name\":\"Home\",\"item\":\"https:\/\/fairway2hotel.at\/en\/\"},{\"@type\":\"ListItem\",\"position\":2,\"name\":\"Golfclubs\",\"item\":\"https:\/\/fairway2hotel.at\/en\/golfclubs\/\"},{\"@type\":\"ListItem\",\"position\":3,\"name\":\"Golfclubs K\u00e4rnten\",\"item\":\"https:\/\/fairway2hotel.at\/en\/golfclubs\/kaernten\/\"},{\"@type\":\"ListItem\",\"position\":4,\"name\":\"GC Moosburg-P\u00f6rtschach\"}]},{\"@type\":\"WebSite\",\"@id\":\"https:\/\/fairway2hotel.at\/en\/#website\",\"url\":\"https:\/\/fairway2hotel.at\/en\/\",\"name\":\"Fairway 2 Hotel\",\"description\":\"Golf at half price! 2 play - 1 pays\",\"potentialAction\":[{\"@type\":\"SearchAction\",\"target\":{\"@type\":\"EntryPoint\",\"urlTemplate\":\"https:\/\/fairway2hotel.at\/en\/?s={search_term_string}\"},\"query-input\":{\"@type\":\"PropertyValueSpecification\",\"valueRequired\":true,\"valueName\":\"search_term_string\"}}],\"inLanguage\":\"en-US\"}]}<\/script>\n<!-- \/ Yoast SEO plugin. -->","yoast_head_json":{"title":"GC Moosburg-P\u00f6rtschach - Fairway 2 Hotel","robots":{"index":"index","follow":"follow","max-snippet":"max-snippet:-1","max-image-preview":"max-image-preview:large","max-video-preview":"max-video-preview:-1"},"canonical":"https:\/\/fairway2hotel.at\/en\/golfclubs\/kaernten\/golfanlage-moosburg-poertschach\/","og_locale":"en_US","og_type":"article","og_title":"GC Moosburg-P\u00f6rtschach - Fairway 2 Hotel","og_description":"Golf und etwas mehr Nur 4 km vom W\u00f6rthersee entfernt, von der European Society of Golf Course Architects mit dem h\u00f6chsten Preis, dem Premier European Golf Course, ausgezeichnet und mit **** &#8220;superior&#8221; klassifiziert, befinden sich auf einem malerischen Plateau im Naturgebiet &#8220;Schwarzes Moos&#8221; die Golfanlagen Moosburg-P\u00f6rtschach, mit einem 18 Lo-Par-72-, einem 9 Lo-Par-35-Platz und einer [&hellip;]","og_url":"https:\/\/fairway2hotel.at\/en\/golfclubs\/kaernten\/golfanlage-moosburg-poertschach\/","og_site_name":"Fairway 2 Hotel","article_modified_time":"2025-04-22T10:33:45+00:00","twitter_card":"summary_large_image","twitter_misc":{"Est. reading time":"2 minutes"},"schema":{"@context":"https:\/\/schema.org","@graph":[{"@type":"WebPage","@id":"https:\/\/fairway2hotel.at\/en\/golfclubs\/kaernten\/golfanlage-moosburg-poertschach\/","url":"https:\/\/fairway2hotel.at\/en\/golfclubs\/kaernten\/golfanlage-moosburg-poertschach\/","name":"GC Moosburg-P\u00f6rtschach - Fairway 2 Hotel","isPartOf":{"@id":"https:\/\/fairway2hotel.at\/en\/#website"},"datePublished":"2012-10-23T19:11:40+00:00","dateModified":"2025-04-22T10:33:45+00:00","breadcrumb":{"@id":"https:\/\/fairway2hotel.at\/en\/golfclubs\/kaernten\/golfanlage-moosburg-poertschach\/#breadcrumb"},"inLanguage":"en-US","potentialAction":[{"@type":"ReadAction","target":["https:\/\/fairway2hotel.at\/en\/golfclubs\/kaernten\/golfanlage-moosburg-poertschach\/"]}]},{"@type":"BreadcrumbList","@id":"https:\/\/fairway2hotel.at\/en\/golfclubs\/kaernten\/golfanlage-moosburg-poertschach\/#breadcrumb","itemListElement":[{"@type":"ListItem","position":1,"name":"Home","item":"https:\/\/fairway2hotel.at\/en\/"},{"@type":"ListItem","position":2,"name":"Golfclubs","item":"https:\/\/fairway2hotel.at\/en\/golfclubs\/"},{"@type":"ListItem","position":3,"name":"Golfclubs K\u00e4rnten","item":"https:\/\/fairway2hotel.at\/en\/golfclubs\/kaernten\/"},{"@type":"ListItem","position":4,"name":"GC Moosburg-P\u00f6rtschach"}]},{"@type":"WebSite","@id":"https:\/\/fairway2hotel.at\/en\/#website","url":"https:\/\/fairway2hotel.at\/en\/","name":"Fairway 2 Hotel","description":"Golf at half price! 2 play - 1 pays","potentialAction":[{"@type":"SearchAction","target":{"@type":"EntryPoint","urlTemplate":"https:\/\/fairway2hotel.at\/en\/?s={search_term_string}"},"query-input":{"@type":"PropertyValueSpecification","valueRequired":true,"valueName":"search_term_string"}}],"inLanguage":"en-US"}]}},"_links":{"self":[{"href":"https:\/\/fairway2hotel.at\/en\/wp-json\/wp\/v2\/pages\/824","targetHints":{"allow":["GET"]}}],"collection":[{"href":"https:\/\/fairway2hotel.at\/en\/wp-json\/wp\/v2\/pages"}],"about":[{"href":"https:\/\/fairway2hotel.at\/en\/wp-json\/wp\/v2\/types\/page"}],"author":[{"embeddable":true,"href":"https:\/\/fairway2hotel.at\/en\/wp-json\/wp\/v2\/users\/1"}],"replies":[{"embeddable":true,"href":"https:\/\/fairway2hotel.at\/en\/wp-json\/wp\/v2\/comments?post=824"}],"version-history":[{"count":10,"href":"https:\/\/fairway2hotel.at\/en\/wp-json\/wp\/v2\/pages\/824\/revisions"}],"predecessor-version":[{"id":48075,"href":"https:\/\/fairway2hotel.at\/en\/wp-json\/wp\/v2\/pages\/824\/revisions\/48075"}],"up":[{"embeddable":true,"href":"https:\/\/fairway2hotel.at\/en\/wp-json\/wp\/v2\/pages\/1579"}],"acf:attachment":[{"embeddable":true,"href":"https:\/\/fairway2hotel.at\/en\/wp-json\/wp\/v2\/media\/47157"},{"embeddable":true,"href":"https:\/\/fairway2hotel.at\/en\/wp-json\/wp\/v2\/media\/822"},{"embeddable":true,"href":"https:\/\/fairway2hotel.at\/en\/wp-json\/wp\/v2\/media\/48072"}],"wp:attachment":[{"href":"https:\/\/fairway2hotel.at\/en\/wp-json\/wp\/v2\/media?parent=824"}],"curies":[{"name":"wp","href":"https:\/\/api.w.org\/{rel}","templated":true}]}}