{"id":876,"date":"2012-10-24T05:51:40","date_gmt":"2012-10-24T03:51:40","guid":{"rendered":"https:\/\/f2h.app\/golfclub-berchtesgadener-land\/"},"modified":"2025-03-30T17:00:42","modified_gmt":"2025-03-30T15:00:42","slug":"golfclub-berchtesgadener-land","status":"publish","type":"page","link":"https:\/\/fairway2hotel.at\/en\/golfclubs\/deutschland\/golfclub-berchtesgadener-land\/","title":{"rendered":"GC Berchtesgadener Land"},"content":{"rendered":"<h2>Der am n\u00e4chsten gelegene 18-Loch-Golfplatz zur Mitte Salzburgs<\/h2>\n<p>Wenige Autominuten von der Festspielstadt Salzburg entfernt, im leicht h\u00fcgeligen Gel\u00e4nde des oberbayerischen Dorfes Weng, liegt in herrlich ruhiger Lage eine Golfherausforderung der besonderen Art: die Golfanlage Berchtesgadener Land mit seinem anspruchsvollen Par 72, 18-Loch Meisterschaftsplatz. Auch f\u00fcr Senioren bestens geeignet. Direkt am Golfplatz befinden sich die zehn gro\u00dfz\u00fcgig und komfortabel eingerichteten Zimmer des Wengerhofs. Das Restaurant serviert regionale K\u00fcche der Landhausgastronomie und l\u00e4dt bei jeder Witterung zum Verweilen ein.<\/p>\n<h2>The closest 18-hole golf course to the centre of Salzburg<\/h2>\n<p>A few minutes by car from the festival city of Salzburg, in the slightly hilly terrain of the Upper Bavarian village of Weng, lies a golfing challenge of a special kind in a wonderfully peaceful location: the Berchtesgadener Land golf course with its challenging par 72, 18-hole championship course. Also ideal for senior citizens. The Wengerhof&#8217;s ten spacious and comfortably furnished rooms are located directly on the golf course. The restaurant serves regional country-style cuisine and invites you to linger whatever the weather.<\/p>\n","protected":false},"excerpt":{"rendered":"<p>Der am n\u00e4chsten gelegene 18-Loch-Golfplatz zur Mitte Salzburgs Wenige Autominuten von der Festspielstadt Salzburg entfernt, im leicht h\u00fcgeligen Gel\u00e4nde des oberbayerischen Dorfes Weng, liegt in herrlich ruhiger Lage eine Golfherausforderung der besonderen Art: die Golfanlage Berchtesgadener Land mit seinem anspruchsvollen Par 72, 18-Loch Meisterschaftsplatz. Auch f\u00fcr Senioren bestens geeignet. Direkt am Golfplatz befinden sich die [&hellip;]<\/p>\n","protected":false},"author":1,"featured_media":0,"parent":1607,"menu_order":50,"comment_status":"closed","ping_status":"closed","template":"page-partner.php","meta":{"_acf_changed":false,"footnotes":""},"class_list":["post-876","page","type-page","status-publish","hentry"],"acf":{"partner_infobox":"<strong>Adresse:\u00a0<\/strong>Weng 12, 83404 Ainring\r\n\r\n<strong>Tel:\u00a0<\/strong>+49 8654 69020\r\n\r\n<strong>Fax:\u00a0<\/strong>+49 8654 690211\r\n\r\n<strong>Web: <\/strong><a href=\"http:\/\/www.gcbgl.de\" target=\"_blank\" rel=\"nofollow noopener\">www.gcbgl.de<\/a>\r\n\r\n<strong>E-Mail:<\/strong> <a href=\"mailto:info@gcbgl.de\">info@gcbgl.de<\/a>\r\n\r\n<strong>Spielbahnen\/Par: <\/strong>18\/72\r\n\r\n<strong>La\u0308nge: <\/strong>gelb: 5.943m \/ rot: 5.215m\r\n\r\n<em><strong>Bedingungen:\r\n<\/strong>GS von DI-SO ab 13.00 Uhr einl\u00f6sbar<\/em>\r\n\r\n<strong>Anfahrt:\r\n<\/strong>von M\u00fcnchen: A8, Ausf. Neukirchen \u2192 Achtal \u2192 Teisendorf \u2192 B304 \u2192 Freilassing. Nach Stra\u00df links \u2192 Weng. Schild \u201eGolfplatz\u201c 1 km. \/ von Salzburg: Grenz\u00fcbg. Freilassing \u2192 B20 \u2192 B. Reichenhall \u2192 Freilassing S\u00fcd \u2192 Traunstein\/ Teisendorf \u2192 B304\u2192 Ainring \u2192 700 m n. Bahn\u00fcberg. Abzw. rechts \u2192 Weng. Schild \u201eGolfplatz\u201c 1 km.","partner_logo":875,"partner_gallery":[874,47281,47277,47279],"partner_lat":47.845261,"partner_long":12.907676,"partner_type":"golfclub","partner_openings":["2","3","4","5","6","7"],"montag_von_bis":"00:00 - 24:00","dienstag_von_bis":"13:00 - 24:00","mittwoch_von_bis":"13:00 - 24:00","donnerstag_von_bis":"13:00 - 24:00","freitag_von_bis":"13:00 - 24:00","samstag_von_bis":"13:00 - 24:00","sonntag_von_bis":"13:00 - 24:00","partner_adresse":"Weng 12, 83404 Ainring","partner_land_bundesland":"Deutschland","partner_tel_1":"0049 8654 690211","partner_tel_2":"0049 8654 69020","partner_web":"http:\/\/www.gcbgl.de","partner_mail":"info@gcbgl.de","partner_spielbahnen_par":"18\/72","partner_laenge":"gelb: 5.943m \/ rot: 5.215m","partner_bedingungen":"GS von DI-SO ab 13.00 Uhr einl\u00f6sbar\r\nvouchers redeemable from Tue-Sun after 1.00 p.m.","partner_anfahrt":"von M\u00fcnchen: A8, Ausf. Neukirchen \u2192 Achtal \u2192 Teisendorf \u2192 B304 \u2192 Freilassing. Nach Stra\u00df links \u2192 Weng. Schild \u201eGolfplatz\u201c 1 km. \/ von Salzburg: Grenz\u00fcbg. Freilassing \u2192 B20 \u2192 B. Reichenhall \u2192 Freilassing S\u00fcd \u2192 Traunstein\/ Teisendorf \u2192 B304\u2192 Ainring \u2192 700 m n. Bahn\u00fcberg. Abzw. rechts \u2192 Weng. Schild \u201eGolfplatz\u201c 1 km.","partner_misc":null,"additional_css_classes":""},"yoast_head":"<!-- This site is optimized with the Yoast SEO plugin v26.8 - https:\/\/yoast.com\/product\/yoast-seo-wordpress\/ -->\n<title>GC Berchtesgadener Land - Fairway 2 Hotel<\/title>\n<meta name=\"robots\" content=\"index, follow, max-snippet:-1, max-image-preview:large, max-video-preview:-1\" \/>\n<link rel=\"canonical\" href=\"https:\/\/fairway2hotel.at\/en\/golfclubs\/deutschland\/golfclub-berchtesgadener-land\/\" \/>\n<meta property=\"og:locale\" content=\"en_US\" \/>\n<meta property=\"og:type\" content=\"article\" \/>\n<meta property=\"og:title\" content=\"GC Berchtesgadener Land - Fairway 2 Hotel\" \/>\n<meta property=\"og:description\" content=\"Der am n\u00e4chsten gelegene 18-Loch-Golfplatz zur Mitte Salzburgs Wenige Autominuten von der Festspielstadt Salzburg entfernt, im leicht h\u00fcgeligen Gel\u00e4nde des oberbayerischen Dorfes Weng, liegt in herrlich ruhiger Lage eine Golfherausforderung der besonderen Art: die Golfanlage Berchtesgadener Land mit seinem anspruchsvollen Par 72, 18-Loch Meisterschaftsplatz. Auch f\u00fcr Senioren bestens geeignet. Direkt am Golfplatz befinden sich die [&hellip;]\" \/>\n<meta property=\"og:url\" content=\"https:\/\/fairway2hotel.at\/en\/golfclubs\/deutschland\/golfclub-berchtesgadener-land\/\" \/>\n<meta property=\"og:site_name\" content=\"Fairway 2 Hotel\" \/>\n<meta property=\"article:modified_time\" content=\"2025-03-30T15:00:42+00:00\" \/>\n<meta name=\"twitter:card\" content=\"summary_large_image\" \/>\n<meta name=\"twitter:label1\" content=\"Est. reading time\" \/>\n\t<meta name=\"twitter:data1\" content=\"1 minute\" \/>\n<script type=\"application\/ld+json\" class=\"yoast-schema-graph\">{\"@context\":\"https:\/\/schema.org\",\"@graph\":[{\"@type\":\"WebPage\",\"@id\":\"https:\/\/fairway2hotel.at\/en\/golfclubs\/deutschland\/golfclub-berchtesgadener-land\/\",\"url\":\"https:\/\/fairway2hotel.at\/en\/golfclubs\/deutschland\/golfclub-berchtesgadener-land\/\",\"name\":\"GC Berchtesgadener Land - Fairway 2 Hotel\",\"isPartOf\":{\"@id\":\"https:\/\/fairway2hotel.at\/en\/#website\"},\"datePublished\":\"2012-10-24T03:51:40+00:00\",\"dateModified\":\"2025-03-30T15:00:42+00:00\",\"breadcrumb\":{\"@id\":\"https:\/\/fairway2hotel.at\/en\/golfclubs\/deutschland\/golfclub-berchtesgadener-land\/#breadcrumb\"},\"inLanguage\":\"en-US\",\"potentialAction\":[{\"@type\":\"ReadAction\",\"target\":[\"https:\/\/fairway2hotel.at\/en\/golfclubs\/deutschland\/golfclub-berchtesgadener-land\/\"]}]},{\"@type\":\"BreadcrumbList\",\"@id\":\"https:\/\/fairway2hotel.at\/en\/golfclubs\/deutschland\/golfclub-berchtesgadener-land\/#breadcrumb\",\"itemListElement\":[{\"@type\":\"ListItem\",\"position\":1,\"name\":\"Home\",\"item\":\"https:\/\/fairway2hotel.at\/en\/\"},{\"@type\":\"ListItem\",\"position\":2,\"name\":\"Golfclubs\",\"item\":\"https:\/\/fairway2hotel.at\/en\/golfclubs\/\"},{\"@type\":\"ListItem\",\"position\":3,\"name\":\"Golfclubs Deutschland\",\"item\":\"https:\/\/fairway2hotel.at\/en\/golfclubs\/deutschland\/\"},{\"@type\":\"ListItem\",\"position\":4,\"name\":\"GC Berchtesgadener Land\"}]},{\"@type\":\"WebSite\",\"@id\":\"https:\/\/fairway2hotel.at\/en\/#website\",\"url\":\"https:\/\/fairway2hotel.at\/en\/\",\"name\":\"Fairway 2 Hotel\",\"description\":\"Golf at half price! 2 play - 1 pays\",\"potentialAction\":[{\"@type\":\"SearchAction\",\"target\":{\"@type\":\"EntryPoint\",\"urlTemplate\":\"https:\/\/fairway2hotel.at\/en\/?s={search_term_string}\"},\"query-input\":{\"@type\":\"PropertyValueSpecification\",\"valueRequired\":true,\"valueName\":\"search_term_string\"}}],\"inLanguage\":\"en-US\"}]}<\/script>\n<!-- \/ Yoast SEO plugin. -->","yoast_head_json":{"title":"GC Berchtesgadener Land - Fairway 2 Hotel","robots":{"index":"index","follow":"follow","max-snippet":"max-snippet:-1","max-image-preview":"max-image-preview:large","max-video-preview":"max-video-preview:-1"},"canonical":"https:\/\/fairway2hotel.at\/en\/golfclubs\/deutschland\/golfclub-berchtesgadener-land\/","og_locale":"en_US","og_type":"article","og_title":"GC Berchtesgadener Land - Fairway 2 Hotel","og_description":"Der am n\u00e4chsten gelegene 18-Loch-Golfplatz zur Mitte Salzburgs Wenige Autominuten von der Festspielstadt Salzburg entfernt, im leicht h\u00fcgeligen Gel\u00e4nde des oberbayerischen Dorfes Weng, liegt in herrlich ruhiger Lage eine Golfherausforderung der besonderen Art: die Golfanlage Berchtesgadener Land mit seinem anspruchsvollen Par 72, 18-Loch Meisterschaftsplatz. Auch f\u00fcr Senioren bestens geeignet. Direkt am Golfplatz befinden sich die [&hellip;]","og_url":"https:\/\/fairway2hotel.at\/en\/golfclubs\/deutschland\/golfclub-berchtesgadener-land\/","og_site_name":"Fairway 2 Hotel","article_modified_time":"2025-03-30T15:00:42+00:00","twitter_card":"summary_large_image","twitter_misc":{"Est. reading time":"1 minute"},"schema":{"@context":"https:\/\/schema.org","@graph":[{"@type":"WebPage","@id":"https:\/\/fairway2hotel.at\/en\/golfclubs\/deutschland\/golfclub-berchtesgadener-land\/","url":"https:\/\/fairway2hotel.at\/en\/golfclubs\/deutschland\/golfclub-berchtesgadener-land\/","name":"GC Berchtesgadener Land - Fairway 2 Hotel","isPartOf":{"@id":"https:\/\/fairway2hotel.at\/en\/#website"},"datePublished":"2012-10-24T03:51:40+00:00","dateModified":"2025-03-30T15:00:42+00:00","breadcrumb":{"@id":"https:\/\/fairway2hotel.at\/en\/golfclubs\/deutschland\/golfclub-berchtesgadener-land\/#breadcrumb"},"inLanguage":"en-US","potentialAction":[{"@type":"ReadAction","target":["https:\/\/fairway2hotel.at\/en\/golfclubs\/deutschland\/golfclub-berchtesgadener-land\/"]}]},{"@type":"BreadcrumbList","@id":"https:\/\/fairway2hotel.at\/en\/golfclubs\/deutschland\/golfclub-berchtesgadener-land\/#breadcrumb","itemListElement":[{"@type":"ListItem","position":1,"name":"Home","item":"https:\/\/fairway2hotel.at\/en\/"},{"@type":"ListItem","position":2,"name":"Golfclubs","item":"https:\/\/fairway2hotel.at\/en\/golfclubs\/"},{"@type":"ListItem","position":3,"name":"Golfclubs Deutschland","item":"https:\/\/fairway2hotel.at\/en\/golfclubs\/deutschland\/"},{"@type":"ListItem","position":4,"name":"GC Berchtesgadener Land"}]},{"@type":"WebSite","@id":"https:\/\/fairway2hotel.at\/en\/#website","url":"https:\/\/fairway2hotel.at\/en\/","name":"Fairway 2 Hotel","description":"Golf at half price! 2 play - 1 pays","potentialAction":[{"@type":"SearchAction","target":{"@type":"EntryPoint","urlTemplate":"https:\/\/fairway2hotel.at\/en\/?s={search_term_string}"},"query-input":{"@type":"PropertyValueSpecification","valueRequired":true,"valueName":"search_term_string"}}],"inLanguage":"en-US"}]}},"_links":{"self":[{"href":"https:\/\/fairway2hotel.at\/en\/wp-json\/wp\/v2\/pages\/876","targetHints":{"allow":["GET"]}}],"collection":[{"href":"https:\/\/fairway2hotel.at\/en\/wp-json\/wp\/v2\/pages"}],"about":[{"href":"https:\/\/fairway2hotel.at\/en\/wp-json\/wp\/v2\/types\/page"}],"author":[{"embeddable":true,"href":"https:\/\/fairway2hotel.at\/en\/wp-json\/wp\/v2\/users\/1"}],"replies":[{"embeddable":true,"href":"https:\/\/fairway2hotel.at\/en\/wp-json\/wp\/v2\/comments?post=876"}],"version-history":[{"count":9,"href":"https:\/\/fairway2hotel.at\/en\/wp-json\/wp\/v2\/pages\/876\/revisions"}],"predecessor-version":[{"id":47283,"href":"https:\/\/fairway2hotel.at\/en\/wp-json\/wp\/v2\/pages\/876\/revisions\/47283"}],"up":[{"embeddable":true,"href":"https:\/\/fairway2hotel.at\/en\/wp-json\/wp\/v2\/pages\/1607"}],"acf:attachment":[{"embeddable":true,"href":"https:\/\/fairway2hotel.at\/en\/wp-json\/wp\/v2\/media\/47279"},{"embeddable":true,"href":"https:\/\/fairway2hotel.at\/en\/wp-json\/wp\/v2\/media\/47277"},{"embeddable":true,"href":"https:\/\/fairway2hotel.at\/en\/wp-json\/wp\/v2\/media\/47281"},{"embeddable":true,"href":"https:\/\/fairway2hotel.at\/en\/wp-json\/wp\/v2\/media\/874"}],"wp:attachment":[{"href":"https:\/\/fairway2hotel.at\/en\/wp-json\/wp\/v2\/media?parent=876"}],"curies":[{"name":"wp","href":"https:\/\/api.w.org\/{rel}","templated":true}]}}