{"id":888,"date":"2012-10-24T05:55:28","date_gmt":"2012-10-24T03:55:28","guid":{"rendered":"https:\/\/f2h.app\/golfclub-groebernhof\/"},"modified":"2025-03-30T17:21:37","modified_gmt":"2025-03-30T15:21:37","slug":"golfclub-groebernhof","status":"publish","type":"page","link":"https:\/\/fairway2hotel.at\/en\/golfclubs\/deutschland\/golfclub-groebernhof\/","title":{"rendered":"GC Gr\u00f6bernhof e.V."},"content":{"rendered":"<h2>Golferlebnis im Schwarzwald<\/h2>\n<p>Ein sportlicher Anspruch an den Platz und die Integration zahlreicher Biotope, auf der sich die Natur in ihrer Vielfalt und Urspr\u00fcnglichkeit ausbreiten kann sind die Grundausrichtung des Golfclub Gr\u00f6bernhof. Durch die variantenreiche Gel\u00e4ndestruktur mit ebenen und h\u00fcgeligen Bahnen, mit Doglegs, Wasserhindernissen, gro\u00dfz\u00fcgigen Fairways und ondulierten Gr\u00fcns entstand ein abwechslungsreicher Course, der sportliche Golfer herausfordert, aber auch Einsteigern faire Bedingungen bietet. Nach einer ereignisreichen Golfrunde bietet die Panoramaterrasse des Golfrestaurants einen wundersch\u00f6nen Blick auf die Bahn 18. Die Lage des Golfclub Gr\u00f6bernhof in der Ortenau, einer der sonnenreichsten Gegenden Deutschlands, erm\u00f6glicht es, nahezu ganzj\u00e4hrig den Platz zu bespielen.<\/p>\n<h2>Golfing experience in the Black Forest<\/h2>\n<p>A sporting approach to the course and the integration of numerous biotopes, where nature can spread out in all its diversity and naturalness, are the basic orientation of the Gr\u00f6bernhof Golf Club. The varied terrain structure with flat and hilly holes, doglegs, water hazards, generous fairways and undulating greens has created a varied course that challenges sporty golfers but also offers fair conditions for beginners. After an eventful round of golf, the panoramic terrace of the golf restaurant offers a wonderful view of the 18th fairway. The location of the Gr\u00f6bernhof Golf Club in the Ortenau region, one of the sunniest areas in Germany, means that the course can be played almost all year round.<\/p>\n","protected":false},"excerpt":{"rendered":"<p>Golferlebnis im Schwarzwald Ein sportlicher Anspruch an den Platz und die Integration zahlreicher Biotope, auf der sich die Natur in ihrer Vielfalt und Urspr\u00fcnglichkeit ausbreiten kann sind die Grundausrichtung des Golfclub Gr\u00f6bernhof. Durch die variantenreiche Gel\u00e4ndestruktur mit ebenen und h\u00fcgeligen Bahnen, mit Doglegs, Wasserhindernissen, gro\u00dfz\u00fcgigen Fairways und ondulierten Gr\u00fcns entstand ein abwechslungsreicher Course, der sportliche [&hellip;]<\/p>\n","protected":false},"author":1,"featured_media":0,"parent":1607,"menu_order":75,"comment_status":"closed","ping_status":"closed","template":"page-partner.php","meta":{"_acf_changed":false,"footnotes":""},"class_list":["post-888","page","type-page","status-publish","hentry"],"acf":{"partner_infobox":"<strong>Adresse:<\/strong>Im Gr\u00f6bern 1, 77736 Zell am Harmersbach, Deutschland\r\n\r\n<strong>Tel:\u00a0<\/strong>0049(0)-7835\/634909\r\n\r\n<strong>Fax:\u00a0<\/strong>0049(0)-7835\/5479899\r\n\r\n<strong>Web: <\/strong><a href=\"http:\/\/www.golfclub-groebernhof.de\" target=\"_blank\" rel=\"nofollow noopener noreferrer\">www.golfclub-groebernhof.de<\/a>\r\n\r\n<strong>E-Mail:<\/strong> <a href=\"mailto:info@gc-groebernhof.de\">info@gc-groebernhof.de<\/a>\r\n\r\n<strong>Spielbahnen\/Par: <\/strong>18\/72\r\n\r\n<strong>La\u0308nge: <\/strong>gelb: 5.836 m\/rot: 5.238 m\r\n\r\n<strong>Anfahrt:\r\n<\/strong>A5 Ausfahrt Offenburg B33 Richtung Villingen\/Schwenningen, Ausfahrt Zell am Harmersbach \u2192 A5 Ausfahrt Lahr, B415 Richtung Biberach-Zell am Harmersbach","partner_logo":3023,"partner_gallery":[3675,3676],"partner_lat":48.337838,"partner_long":8.057088,"partner_type":"golfclub","partner_openings":["1","2","3","4","5","6","7"],"montag_von_bis":"00:00 - 24:00","dienstag_von_bis":"00:00 - 24:00","mittwoch_von_bis":"00:00 - 24:00","donnerstag_von_bis":"00:00 - 24:00","freitag_von_bis":"00:00 - 24:00","samstag_von_bis":"00:00 - 24:00","sonntag_von_bis":"00:00 - 24:00","partner_adresse":"Im Gr\u00f6bern 1, 77736 Zell am Harmersbach","partner_land_bundesland":"Deutschland","partner_tel_1":"0049 7835 5479899","partner_tel_2":"0049 7835 634909","partner_web":"https:\/\/www.gc-groebernhof.de\/","partner_mail":"info@gc-groebernhof.de","partner_spielbahnen_par":"18\/72","partner_laenge":"gelb: 5.836 m\/rot: 5.238 m","partner_bedingungen":"","partner_anfahrt":"A5 Ausfahrt Offenburg B33 Richtung Villingen\/Schwenningen, Ausfahrt Zell am Harmersbach \u2192 A5 Ausfahrt Lahr, B415 Richtung Biberach-Zell am Harmersbach","partner_misc":null,"additional_css_classes":""},"yoast_head":"<!-- This site is optimized with the Yoast SEO plugin v26.8 - https:\/\/yoast.com\/product\/yoast-seo-wordpress\/ -->\n<title>GC Gr\u00f6bernhof e.V. - Fairway 2 Hotel<\/title>\n<meta name=\"robots\" content=\"index, follow, max-snippet:-1, max-image-preview:large, max-video-preview:-1\" \/>\n<link rel=\"canonical\" href=\"https:\/\/fairway2hotel.at\/en\/golfclubs\/deutschland\/golfclub-groebernhof\/\" \/>\n<meta property=\"og:locale\" content=\"en_US\" \/>\n<meta property=\"og:type\" content=\"article\" \/>\n<meta property=\"og:title\" content=\"GC Gr\u00f6bernhof e.V. - Fairway 2 Hotel\" \/>\n<meta property=\"og:description\" content=\"Golferlebnis im Schwarzwald Ein sportlicher Anspruch an den Platz und die Integration zahlreicher Biotope, auf der sich die Natur in ihrer Vielfalt und Urspr\u00fcnglichkeit ausbreiten kann sind die Grundausrichtung des Golfclub Gr\u00f6bernhof. Durch die variantenreiche Gel\u00e4ndestruktur mit ebenen und h\u00fcgeligen Bahnen, mit Doglegs, Wasserhindernissen, gro\u00dfz\u00fcgigen Fairways und ondulierten Gr\u00fcns entstand ein abwechslungsreicher Course, der sportliche [&hellip;]\" \/>\n<meta property=\"og:url\" content=\"https:\/\/fairway2hotel.at\/en\/golfclubs\/deutschland\/golfclub-groebernhof\/\" \/>\n<meta property=\"og:site_name\" content=\"Fairway 2 Hotel\" \/>\n<meta property=\"article:modified_time\" content=\"2025-03-30T15:21:37+00:00\" \/>\n<meta name=\"twitter:card\" content=\"summary_large_image\" \/>\n<meta name=\"twitter:label1\" content=\"Est. reading time\" \/>\n\t<meta name=\"twitter:data1\" content=\"2 minutes\" \/>\n<script type=\"application\/ld+json\" class=\"yoast-schema-graph\">{\"@context\":\"https:\/\/schema.org\",\"@graph\":[{\"@type\":\"WebPage\",\"@id\":\"https:\/\/fairway2hotel.at\/en\/golfclubs\/deutschland\/golfclub-groebernhof\/\",\"url\":\"https:\/\/fairway2hotel.at\/en\/golfclubs\/deutschland\/golfclub-groebernhof\/\",\"name\":\"GC Gr\u00f6bernhof e.V. - Fairway 2 Hotel\",\"isPartOf\":{\"@id\":\"https:\/\/fairway2hotel.at\/en\/#website\"},\"datePublished\":\"2012-10-24T03:55:28+00:00\",\"dateModified\":\"2025-03-30T15:21:37+00:00\",\"breadcrumb\":{\"@id\":\"https:\/\/fairway2hotel.at\/en\/golfclubs\/deutschland\/golfclub-groebernhof\/#breadcrumb\"},\"inLanguage\":\"en-US\",\"potentialAction\":[{\"@type\":\"ReadAction\",\"target\":[\"https:\/\/fairway2hotel.at\/en\/golfclubs\/deutschland\/golfclub-groebernhof\/\"]}]},{\"@type\":\"BreadcrumbList\",\"@id\":\"https:\/\/fairway2hotel.at\/en\/golfclubs\/deutschland\/golfclub-groebernhof\/#breadcrumb\",\"itemListElement\":[{\"@type\":\"ListItem\",\"position\":1,\"name\":\"Home\",\"item\":\"https:\/\/fairway2hotel.at\/en\/\"},{\"@type\":\"ListItem\",\"position\":2,\"name\":\"Golfclubs\",\"item\":\"https:\/\/fairway2hotel.at\/en\/golfclubs\/\"},{\"@type\":\"ListItem\",\"position\":3,\"name\":\"Golfclubs Deutschland\",\"item\":\"https:\/\/fairway2hotel.at\/en\/golfclubs\/deutschland\/\"},{\"@type\":\"ListItem\",\"position\":4,\"name\":\"GC Gr\u00f6bernhof e.V.\"}]},{\"@type\":\"WebSite\",\"@id\":\"https:\/\/fairway2hotel.at\/en\/#website\",\"url\":\"https:\/\/fairway2hotel.at\/en\/\",\"name\":\"Fairway 2 Hotel\",\"description\":\"Golf at half price! 2 play - 1 pays\",\"potentialAction\":[{\"@type\":\"SearchAction\",\"target\":{\"@type\":\"EntryPoint\",\"urlTemplate\":\"https:\/\/fairway2hotel.at\/en\/?s={search_term_string}\"},\"query-input\":{\"@type\":\"PropertyValueSpecification\",\"valueRequired\":true,\"valueName\":\"search_term_string\"}}],\"inLanguage\":\"en-US\"}]}<\/script>\n<!-- \/ Yoast SEO plugin. -->","yoast_head_json":{"title":"GC Gr\u00f6bernhof e.V. - Fairway 2 Hotel","robots":{"index":"index","follow":"follow","max-snippet":"max-snippet:-1","max-image-preview":"max-image-preview:large","max-video-preview":"max-video-preview:-1"},"canonical":"https:\/\/fairway2hotel.at\/en\/golfclubs\/deutschland\/golfclub-groebernhof\/","og_locale":"en_US","og_type":"article","og_title":"GC Gr\u00f6bernhof e.V. - Fairway 2 Hotel","og_description":"Golferlebnis im Schwarzwald Ein sportlicher Anspruch an den Platz und die Integration zahlreicher Biotope, auf der sich die Natur in ihrer Vielfalt und Urspr\u00fcnglichkeit ausbreiten kann sind die Grundausrichtung des Golfclub Gr\u00f6bernhof. Durch die variantenreiche Gel\u00e4ndestruktur mit ebenen und h\u00fcgeligen Bahnen, mit Doglegs, Wasserhindernissen, gro\u00dfz\u00fcgigen Fairways und ondulierten Gr\u00fcns entstand ein abwechslungsreicher Course, der sportliche [&hellip;]","og_url":"https:\/\/fairway2hotel.at\/en\/golfclubs\/deutschland\/golfclub-groebernhof\/","og_site_name":"Fairway 2 Hotel","article_modified_time":"2025-03-30T15:21:37+00:00","twitter_card":"summary_large_image","twitter_misc":{"Est. reading time":"2 minutes"},"schema":{"@context":"https:\/\/schema.org","@graph":[{"@type":"WebPage","@id":"https:\/\/fairway2hotel.at\/en\/golfclubs\/deutschland\/golfclub-groebernhof\/","url":"https:\/\/fairway2hotel.at\/en\/golfclubs\/deutschland\/golfclub-groebernhof\/","name":"GC Gr\u00f6bernhof e.V. - Fairway 2 Hotel","isPartOf":{"@id":"https:\/\/fairway2hotel.at\/en\/#website"},"datePublished":"2012-10-24T03:55:28+00:00","dateModified":"2025-03-30T15:21:37+00:00","breadcrumb":{"@id":"https:\/\/fairway2hotel.at\/en\/golfclubs\/deutschland\/golfclub-groebernhof\/#breadcrumb"},"inLanguage":"en-US","potentialAction":[{"@type":"ReadAction","target":["https:\/\/fairway2hotel.at\/en\/golfclubs\/deutschland\/golfclub-groebernhof\/"]}]},{"@type":"BreadcrumbList","@id":"https:\/\/fairway2hotel.at\/en\/golfclubs\/deutschland\/golfclub-groebernhof\/#breadcrumb","itemListElement":[{"@type":"ListItem","position":1,"name":"Home","item":"https:\/\/fairway2hotel.at\/en\/"},{"@type":"ListItem","position":2,"name":"Golfclubs","item":"https:\/\/fairway2hotel.at\/en\/golfclubs\/"},{"@type":"ListItem","position":3,"name":"Golfclubs Deutschland","item":"https:\/\/fairway2hotel.at\/en\/golfclubs\/deutschland\/"},{"@type":"ListItem","position":4,"name":"GC Gr\u00f6bernhof e.V."}]},{"@type":"WebSite","@id":"https:\/\/fairway2hotel.at\/en\/#website","url":"https:\/\/fairway2hotel.at\/en\/","name":"Fairway 2 Hotel","description":"Golf at half price! 2 play - 1 pays","potentialAction":[{"@type":"SearchAction","target":{"@type":"EntryPoint","urlTemplate":"https:\/\/fairway2hotel.at\/en\/?s={search_term_string}"},"query-input":{"@type":"PropertyValueSpecification","valueRequired":true,"valueName":"search_term_string"}}],"inLanguage":"en-US"}]}},"_links":{"self":[{"href":"https:\/\/fairway2hotel.at\/en\/wp-json\/wp\/v2\/pages\/888","targetHints":{"allow":["GET"]}}],"collection":[{"href":"https:\/\/fairway2hotel.at\/en\/wp-json\/wp\/v2\/pages"}],"about":[{"href":"https:\/\/fairway2hotel.at\/en\/wp-json\/wp\/v2\/types\/page"}],"author":[{"embeddable":true,"href":"https:\/\/fairway2hotel.at\/en\/wp-json\/wp\/v2\/users\/1"}],"replies":[{"embeddable":true,"href":"https:\/\/fairway2hotel.at\/en\/wp-json\/wp\/v2\/comments?post=888"}],"version-history":[{"count":19,"href":"https:\/\/fairway2hotel.at\/en\/wp-json\/wp\/v2\/pages\/888\/revisions"}],"predecessor-version":[{"id":47299,"href":"https:\/\/fairway2hotel.at\/en\/wp-json\/wp\/v2\/pages\/888\/revisions\/47299"}],"up":[{"embeddable":true,"href":"https:\/\/fairway2hotel.at\/en\/wp-json\/wp\/v2\/pages\/1607"}],"acf:attachment":[{"embeddable":true,"href":"https:\/\/fairway2hotel.at\/en\/wp-json\/wp\/v2\/media\/3676"},{"embeddable":true,"href":"https:\/\/fairway2hotel.at\/en\/wp-json\/wp\/v2\/media\/3675"}],"wp:attachment":[{"href":"https:\/\/fairway2hotel.at\/en\/wp-json\/wp\/v2\/media?parent=888"}],"curies":[{"name":"wp","href":"https:\/\/api.w.org\/{rel}","templated":true}]}}