{"id":894,"date":"2012-10-24T05:57:29","date_gmt":"2012-10-24T03:57:29","guid":{"rendered":"https:\/\/f2h.app\/golfclub-landau\/"},"modified":"2025-03-31T11:06:57","modified_gmt":"2025-03-31T09:06:57","slug":"golfclub-landau","status":"publish","type":"page","link":"https:\/\/fairway2hotel.at\/en\/golfclubs\/deutschland\/golfclub-landau\/","title":{"rendered":"GC Landau\/Isar e.V."},"content":{"rendered":"<h2>Das besondere Natur- und Sporterlebnis in Niederbayern<\/h2>\n<p>Die Anlage f\u00fcr Spieler aller Klassen liegt in einem kleinen Tal, das Gel\u00e4nde ist etwas h\u00fcgelig und landschaftlich ein Naturerlebnis. Alle Bahnen sind sehr abwechslungsreich aber fair, die Drive-Zonen einsehbar und relativ eben. Durch die mit Wasserhindernissen versehenen, langen Par 5, wird er f\u00fcr h\u00f6here Hcp-Sieler etwas schwieriger. F\u00fcr Beginner steht ein sch\u00f6ner Kurzplatz mit einigen Par 3 zur Verf\u00fcgung.<\/p>\n<p>Vom gem\u00fctlichen Golfst\u00fcberl mit Kaminofen und Wintergarten oder bei sch\u00f6nem Wetter von der Terrasse aus haben Sie einen wunderbaren Blick \u00fcber die gesamte Golfanlage bis in den Bayerischen Wald, landschaftlich ein Naturerlebnis.<\/p>\n<h2>The special nature and sports experience in Lower Bavaria<\/h2>\n<p>The course for players of all levels is located in a small valley, the terrain is somewhat hilly and the landscape is a natural experience. All holes are very varied but fair, the drive zones are visible and relatively flat. The long par 5s with water hazards make it a little more difficult for higher handicap players. There is a nice short course with a few par 3s for beginners.<\/p>\n<p>From the cosy golf parlour with its wood-burning stove and conservatory or, in fine weather, from the terrace, you have a wonderful view over the entire golf course as far as the Bavarian Forest, a scenic natural experience.<\/p>\n","protected":false},"excerpt":{"rendered":"<p>Das besondere Natur- und Sporterlebnis in Niederbayern Die Anlage f\u00fcr Spieler aller Klassen liegt in einem kleinen Tal, das Gel\u00e4nde ist etwas h\u00fcgelig und landschaftlich ein Naturerlebnis. Alle Bahnen sind sehr abwechslungsreich aber fair, die Drive-Zonen einsehbar und relativ eben. Durch die mit Wasserhindernissen versehenen, langen Par 5, wird er f\u00fcr h\u00f6here Hcp-Sieler etwas schwieriger. [&hellip;]<\/p>\n","protected":false},"author":1,"featured_media":0,"parent":1607,"menu_order":110,"comment_status":"closed","ping_status":"closed","template":"page-partner.php","meta":{"_acf_changed":false,"footnotes":""},"class_list":["post-894","page","type-page","status-publish","hentry"],"acf":{"partner_infobox":"<strong>Adresse:<\/strong>Rappach 8, D-94405 Landau\/Isar\r\n\r\n<strong>Tel:\u00a0<\/strong>+49-(0)9951\/599111\r\n\r\n<strong>Fax:\u00a0<\/strong>+49-(0)9951\/599112\r\n\r\n<strong>Web: <\/strong><a href=\"http:\/\/www.golfpark-landau.de\" target=\"_blank\" rel=\"nofollow noopener\">www.golfpark-landau.de<\/a>\r\n\r\n<strong>E-Mail:<\/strong> <a href=\"mailto:info@golfpark-landau.de\">info@golfpark-landau.de<\/a>\r\n\r\n<strong>Spielbahnen\/Par: <\/strong>9\/70\r\n\r\n<strong>La\u0308nge: <\/strong>gelb: 5800m, rot: 5420m\r\n\r\n<strong>Bedingungen:\r\n<\/strong>Erforderliches Hcp: 54, Softspikes Pflicht\r\n\r\n<strong>Anfahrt:\r\n<\/strong>A92 \u2192 Ausf. Landau \u2192 B20 \u2192 Landau, Abf. Industrie-geb. Landau \u2192 Kreisel, nach 2 km re. \u2192 Oberframmering (Schild) \u2192 S\u00fcden (Schild) \u2192 Kreuzung (Schild) li. \u2192 Kam-mern \u2192 nach 1 km re. \u2192 Rap-pach \u2192 Beschilderung zum Golfplatz folgen.","partner_logo":893,"partner_gallery":[892,47326],"partner_lat":48.658526,"partner_long":12.731668,"partner_type":"golfclub","partner_openings":["1","2","3","4","5","6","7"],"montag_von_bis":"00:00 - 24:00","dienstag_von_bis":"00:00 - 24:00","mittwoch_von_bis":"00:00 - 24:00","donnerstag_von_bis":"00:00 - 24:00","freitag_von_bis":"00:00 - 24:00","samstag_von_bis":"00:00 - 24:00","sonntag_von_bis":"00:00 - 24:00","partner_adresse":"Rappach 8, 94405 Landau\/Isar","partner_land_bundesland":"Deutschland","partner_tel_1":"0049-(0)9951\/599112","partner_tel_2":"0049 9951 599111","partner_web":"http:\/\/www.golfpark-landau.de","partner_mail":"info@golfpark-landau.de","partner_spielbahnen_par":"9\/70","partner_laenge":"gelb: 5800m, rot: 5420m","partner_bedingungen":"","partner_anfahrt":"A92 \u2192 Ausf. Landau \u2192 B20 \u2192 Landau, Abf. Industrie-geb. Landau \u2192 Kreisel, nach 2 km re. \u2192 Oberframmering (Schild) \u2192 S\u00fcden (Schild) \u2192 Kreuzung (Schild) li. \u2192 Kam-mern \u2192 nach 1 km re. \u2192 Rap-pach \u2192 Beschilderung zum Golfplatz folgen.","partner_misc":null,"additional_css_classes":""},"yoast_head":"<!-- This site is optimized with the Yoast SEO plugin v26.8 - https:\/\/yoast.com\/product\/yoast-seo-wordpress\/ -->\n<title>GC Landau\/Isar e.V. - Fairway 2 Hotel<\/title>\n<meta name=\"robots\" content=\"index, follow, max-snippet:-1, max-image-preview:large, max-video-preview:-1\" \/>\n<link rel=\"canonical\" href=\"https:\/\/fairway2hotel.at\/en\/golfclubs\/deutschland\/golfclub-landau\/\" \/>\n<meta property=\"og:locale\" content=\"en_US\" \/>\n<meta property=\"og:type\" content=\"article\" \/>\n<meta property=\"og:title\" content=\"GC Landau\/Isar e.V. - Fairway 2 Hotel\" \/>\n<meta property=\"og:description\" content=\"Das besondere Natur- und Sporterlebnis in Niederbayern Die Anlage f\u00fcr Spieler aller Klassen liegt in einem kleinen Tal, das Gel\u00e4nde ist etwas h\u00fcgelig und landschaftlich ein Naturerlebnis. Alle Bahnen sind sehr abwechslungsreich aber fair, die Drive-Zonen einsehbar und relativ eben. Durch die mit Wasserhindernissen versehenen, langen Par 5, wird er f\u00fcr h\u00f6here Hcp-Sieler etwas schwieriger. [&hellip;]\" \/>\n<meta property=\"og:url\" content=\"https:\/\/fairway2hotel.at\/en\/golfclubs\/deutschland\/golfclub-landau\/\" \/>\n<meta property=\"og:site_name\" content=\"Fairway 2 Hotel\" \/>\n<meta property=\"article:modified_time\" content=\"2025-03-31T09:06:57+00:00\" \/>\n<meta name=\"twitter:card\" content=\"summary_large_image\" \/>\n<meta name=\"twitter:label1\" content=\"Est. reading time\" \/>\n\t<meta name=\"twitter:data1\" content=\"2 minutes\" \/>\n<script type=\"application\/ld+json\" class=\"yoast-schema-graph\">{\"@context\":\"https:\/\/schema.org\",\"@graph\":[{\"@type\":\"WebPage\",\"@id\":\"https:\/\/fairway2hotel.at\/en\/golfclubs\/deutschland\/golfclub-landau\/\",\"url\":\"https:\/\/fairway2hotel.at\/en\/golfclubs\/deutschland\/golfclub-landau\/\",\"name\":\"GC Landau\/Isar e.V. - Fairway 2 Hotel\",\"isPartOf\":{\"@id\":\"https:\/\/fairway2hotel.at\/en\/#website\"},\"datePublished\":\"2012-10-24T03:57:29+00:00\",\"dateModified\":\"2025-03-31T09:06:57+00:00\",\"breadcrumb\":{\"@id\":\"https:\/\/fairway2hotel.at\/en\/golfclubs\/deutschland\/golfclub-landau\/#breadcrumb\"},\"inLanguage\":\"en-US\",\"potentialAction\":[{\"@type\":\"ReadAction\",\"target\":[\"https:\/\/fairway2hotel.at\/en\/golfclubs\/deutschland\/golfclub-landau\/\"]}]},{\"@type\":\"BreadcrumbList\",\"@id\":\"https:\/\/fairway2hotel.at\/en\/golfclubs\/deutschland\/golfclub-landau\/#breadcrumb\",\"itemListElement\":[{\"@type\":\"ListItem\",\"position\":1,\"name\":\"Home\",\"item\":\"https:\/\/fairway2hotel.at\/en\/\"},{\"@type\":\"ListItem\",\"position\":2,\"name\":\"Golfclubs\",\"item\":\"https:\/\/fairway2hotel.at\/en\/golfclubs\/\"},{\"@type\":\"ListItem\",\"position\":3,\"name\":\"Golfclubs Deutschland\",\"item\":\"https:\/\/fairway2hotel.at\/en\/golfclubs\/deutschland\/\"},{\"@type\":\"ListItem\",\"position\":4,\"name\":\"GC Landau\/Isar e.V.\"}]},{\"@type\":\"WebSite\",\"@id\":\"https:\/\/fairway2hotel.at\/en\/#website\",\"url\":\"https:\/\/fairway2hotel.at\/en\/\",\"name\":\"Fairway 2 Hotel\",\"description\":\"Golf at half price! 2 play - 1 pays\",\"potentialAction\":[{\"@type\":\"SearchAction\",\"target\":{\"@type\":\"EntryPoint\",\"urlTemplate\":\"https:\/\/fairway2hotel.at\/en\/?s={search_term_string}\"},\"query-input\":{\"@type\":\"PropertyValueSpecification\",\"valueRequired\":true,\"valueName\":\"search_term_string\"}}],\"inLanguage\":\"en-US\"}]}<\/script>\n<!-- \/ Yoast SEO plugin. -->","yoast_head_json":{"title":"GC Landau\/Isar e.V. - Fairway 2 Hotel","robots":{"index":"index","follow":"follow","max-snippet":"max-snippet:-1","max-image-preview":"max-image-preview:large","max-video-preview":"max-video-preview:-1"},"canonical":"https:\/\/fairway2hotel.at\/en\/golfclubs\/deutschland\/golfclub-landau\/","og_locale":"en_US","og_type":"article","og_title":"GC Landau\/Isar e.V. - Fairway 2 Hotel","og_description":"Das besondere Natur- und Sporterlebnis in Niederbayern Die Anlage f\u00fcr Spieler aller Klassen liegt in einem kleinen Tal, das Gel\u00e4nde ist etwas h\u00fcgelig und landschaftlich ein Naturerlebnis. Alle Bahnen sind sehr abwechslungsreich aber fair, die Drive-Zonen einsehbar und relativ eben. Durch die mit Wasserhindernissen versehenen, langen Par 5, wird er f\u00fcr h\u00f6here Hcp-Sieler etwas schwieriger. [&hellip;]","og_url":"https:\/\/fairway2hotel.at\/en\/golfclubs\/deutschland\/golfclub-landau\/","og_site_name":"Fairway 2 Hotel","article_modified_time":"2025-03-31T09:06:57+00:00","twitter_card":"summary_large_image","twitter_misc":{"Est. reading time":"2 minutes"},"schema":{"@context":"https:\/\/schema.org","@graph":[{"@type":"WebPage","@id":"https:\/\/fairway2hotel.at\/en\/golfclubs\/deutschland\/golfclub-landau\/","url":"https:\/\/fairway2hotel.at\/en\/golfclubs\/deutschland\/golfclub-landau\/","name":"GC Landau\/Isar e.V. - Fairway 2 Hotel","isPartOf":{"@id":"https:\/\/fairway2hotel.at\/en\/#website"},"datePublished":"2012-10-24T03:57:29+00:00","dateModified":"2025-03-31T09:06:57+00:00","breadcrumb":{"@id":"https:\/\/fairway2hotel.at\/en\/golfclubs\/deutschland\/golfclub-landau\/#breadcrumb"},"inLanguage":"en-US","potentialAction":[{"@type":"ReadAction","target":["https:\/\/fairway2hotel.at\/en\/golfclubs\/deutschland\/golfclub-landau\/"]}]},{"@type":"BreadcrumbList","@id":"https:\/\/fairway2hotel.at\/en\/golfclubs\/deutschland\/golfclub-landau\/#breadcrumb","itemListElement":[{"@type":"ListItem","position":1,"name":"Home","item":"https:\/\/fairway2hotel.at\/en\/"},{"@type":"ListItem","position":2,"name":"Golfclubs","item":"https:\/\/fairway2hotel.at\/en\/golfclubs\/"},{"@type":"ListItem","position":3,"name":"Golfclubs Deutschland","item":"https:\/\/fairway2hotel.at\/en\/golfclubs\/deutschland\/"},{"@type":"ListItem","position":4,"name":"GC Landau\/Isar e.V."}]},{"@type":"WebSite","@id":"https:\/\/fairway2hotel.at\/en\/#website","url":"https:\/\/fairway2hotel.at\/en\/","name":"Fairway 2 Hotel","description":"Golf at half price! 2 play - 1 pays","potentialAction":[{"@type":"SearchAction","target":{"@type":"EntryPoint","urlTemplate":"https:\/\/fairway2hotel.at\/en\/?s={search_term_string}"},"query-input":{"@type":"PropertyValueSpecification","valueRequired":true,"valueName":"search_term_string"}}],"inLanguage":"en-US"}]}},"_links":{"self":[{"href":"https:\/\/fairway2hotel.at\/en\/wp-json\/wp\/v2\/pages\/894","targetHints":{"allow":["GET"]}}],"collection":[{"href":"https:\/\/fairway2hotel.at\/en\/wp-json\/wp\/v2\/pages"}],"about":[{"href":"https:\/\/fairway2hotel.at\/en\/wp-json\/wp\/v2\/types\/page"}],"author":[{"embeddable":true,"href":"https:\/\/fairway2hotel.at\/en\/wp-json\/wp\/v2\/users\/1"}],"replies":[{"embeddable":true,"href":"https:\/\/fairway2hotel.at\/en\/wp-json\/wp\/v2\/comments?post=894"}],"version-history":[{"count":8,"href":"https:\/\/fairway2hotel.at\/en\/wp-json\/wp\/v2\/pages\/894\/revisions"}],"predecessor-version":[{"id":47328,"href":"https:\/\/fairway2hotel.at\/en\/wp-json\/wp\/v2\/pages\/894\/revisions\/47328"}],"up":[{"embeddable":true,"href":"https:\/\/fairway2hotel.at\/en\/wp-json\/wp\/v2\/pages\/1607"}],"acf:attachment":[{"embeddable":true,"href":"https:\/\/fairway2hotel.at\/en\/wp-json\/wp\/v2\/media\/47326"},{"embeddable":true,"href":"https:\/\/fairway2hotel.at\/en\/wp-json\/wp\/v2\/media\/892"}],"wp:attachment":[{"href":"https:\/\/fairway2hotel.at\/en\/wp-json\/wp\/v2\/media?parent=894"}],"curies":[{"name":"wp","href":"https:\/\/api.w.org\/{rel}","templated":true}]}}